{"id":82744,"date":"2023-02-28T02:05:26","date_gmt":"2023-02-28T01:05:26","guid":{"rendered":"http:\/\/shop.bantam.ch\/produit\/teleaffichage-solaire-mt-iqsolar-pro\/"},"modified":"2026-04-20T21:24:37","modified_gmt":"2026-04-20T19:24:37","slug":"teleaffichage-solaire-mt-iqsolar-pro","status":"publish","type":"product","link":"https:\/\/shop.bantam.ch\/fr\/produit\/teleaffichage-solaire-mt-iqsolar-pro\/","title":{"rendered":"Afficheur solaire B\u00fcttner MT IQ Solar Pro pour R\u00e9gulateur solaire gris clair"},"content":{"rendered":"<p>T\u00e9l\u00e9affichage universel pour tous les syst\u00e8mes solaires. Affichage multi-\u00e9cran LCD du courant de charge (A), de la tension (V), du rendement solaire (%) &#8211; \u00e9galement sous forme de diagramme en barres et d&rsquo;une fonction compteur de courant r\u00e9initialisable (Ah). Vous pouvez lire ici combien de capacit\u00e9 a \u00e9t\u00e9 transf\u00e9r\u00e9e \u00e0 la batterie. Cet affichage peut \u00eatre universellement remis \u00e0 z\u00e9ro. Gr\u00e2ce \u00e0 une mesure pr\u00e9cise de l&rsquo;induction, la puissance peut \u00e9galement \u00eatre calcul\u00e9e si plusieurs r\u00e9gulateurs solaires (jusqu&rsquo;\u00e0 200 A) sont utilis\u00e9s.<br \/>Profondeur de montage : 20 mm<\/p>\n<p>Contenu de la livraison :<br \/>Capteur inductif inclus<br \/>Bo\u00eetier de montage (montage encastr\u00e9 ou en saillie possible)<\/p>\n","protected":false},"excerpt":{"rendered":"<p>T\u00e9l\u00e9affichage universel pour tous les syst\u00e8mes solaires. Affichage multi-\u00e9cran LCD du courant de charge (A), de la tension (V), du rendement solaire (%) &#8211; \u00e9galement sous forme de diagramme en barres et d&rsquo;une fonction compteur de courant r\u00e9initialisable (Ah). Vous pouvez lire ici combien de capacit\u00e9 a \u00e9t\u00e9 transf\u00e9r\u00e9e \u00e0 la batterie. Cet affichage peut [&hellip;]<\/p>\n","protected":false},"featured_media":82742,"template":"","meta":{"_acf_changed":false},"product_featured_cat":[],"product_brand":[3068],"product_cat":[4881],"product_tag":[],"class_list":{"0":"post-82744","1":"product","2":"type-product","3":"status-publish","4":"has-post-thumbnail","6":"product_brand-buttner-elektronik","7":"product_cat-indicateurs-solaires","9":"first","10":"instock","11":"taxable","12":"shipping-taxable","13":"purchasable","14":"product-type-simple"},"acf":[],"yoast_head":"<!-- This site is optimized with the Yoast SEO plugin v27.4 - https:\/\/yoast.com\/product\/yoast-seo-wordpress\/ -->\n<title>Afficheur solaire B\u00fcttner MT IQ Solar Pro pour R\u00e9gulateur solaire gris clair - Bantam Wankm\u00fcller SA<\/title>\n<meta name=\"robots\" content=\"index, follow, max-snippet:-1, max-image-preview:large, max-video-preview:-1\" \/>\n<link rel=\"canonical\" href=\"https:\/\/shop.bantam.ch\/fr\/produit\/teleaffichage-solaire-mt-iqsolar-pro\/\" \/>\n<meta property=\"og:locale\" content=\"fr_FR\" \/>\n<meta property=\"og:type\" content=\"article\" \/>\n<meta property=\"og:title\" content=\"Afficheur solaire B\u00fcttner MT IQ Solar Pro pour R\u00e9gulateur solaire gris clair - Bantam Wankm\u00fcller SA\" \/>\n<meta property=\"og:description\" content=\"T\u00e9l\u00e9affichage universel pour tous les syst\u00e8mes solaires. Affichage multi-\u00e9cran LCD du courant de charge (A), de la tension (V), du rendement solaire (%) &#8211; \u00e9galement sous forme de diagramme en barres et d&rsquo;une fonction compteur de courant r\u00e9initialisable (Ah). Vous pouvez lire ici combien de capacit\u00e9 a \u00e9t\u00e9 transf\u00e9r\u00e9e \u00e0 la batterie. Cet affichage peut [&hellip;]\" \/>\n<meta property=\"og:url\" content=\"https:\/\/shop.bantam.ch\/fr\/produit\/teleaffichage-solaire-mt-iqsolar-pro\/\" \/>\n<meta property=\"og:site_name\" content=\"Bantam Wankm\u00fcller SA\" \/>\n<meta property=\"article:modified_time\" content=\"2026-04-20T19:24:37+00:00\" \/>\n<meta property=\"og:image\" content=\"https:\/\/shop.bantam.ch\/wp-content\/uploads\/2023\/02\/993213811.jpg\" \/>\n\t<meta property=\"og:image:width\" content=\"1000\" \/>\n\t<meta property=\"og:image:height\" content=\"787\" \/>\n\t<meta property=\"og:image:type\" content=\"image\/jpeg\" \/>\n<meta name=\"twitter:card\" content=\"summary_large_image\" \/>\n<meta name=\"twitter:label1\" content=\"Dur\u00e9e de lecture estim\u00e9e\" \/>\n\t<meta name=\"twitter:data1\" content=\"1 minute\" \/>\n<script type=\"application\/ld+json\" class=\"yoast-schema-graph\">{\"@context\":\"https:\\\/\\\/schema.org\",\"@graph\":[{\"@type\":\"WebPage\",\"@id\":\"https:\\\/\\\/shop.bantam.ch\\\/fr\\\/produit\\\/teleaffichage-solaire-mt-iqsolar-pro\\\/\",\"url\":\"https:\\\/\\\/shop.bantam.ch\\\/fr\\\/produit\\\/teleaffichage-solaire-mt-iqsolar-pro\\\/\",\"name\":\"Afficheur solaire B\u00fcttner MT IQ Solar Pro pour R\u00e9gulateur solaire gris clair - Bantam Wankm\u00fcller SA\",\"isPartOf\":{\"@id\":\"https:\\\/\\\/shop.bantam.ch\\\/fr\\\/#website\"},\"primaryImageOfPage\":{\"@id\":\"https:\\\/\\\/shop.bantam.ch\\\/fr\\\/produit\\\/teleaffichage-solaire-mt-iqsolar-pro\\\/#primaryimage\"},\"image\":{\"@id\":\"https:\\\/\\\/shop.bantam.ch\\\/fr\\\/produit\\\/teleaffichage-solaire-mt-iqsolar-pro\\\/#primaryimage\"},\"thumbnailUrl\":\"https:\\\/\\\/shop.bantam.ch\\\/wp-content\\\/uploads\\\/2023\\\/02\\\/993213811.jpg\",\"datePublished\":\"2023-02-28T01:05:26+00:00\",\"dateModified\":\"2026-04-20T19:24:37+00:00\",\"breadcrumb\":{\"@id\":\"https:\\\/\\\/shop.bantam.ch\\\/fr\\\/produit\\\/teleaffichage-solaire-mt-iqsolar-pro\\\/#breadcrumb\"},\"inLanguage\":\"fr-FR\",\"potentialAction\":[{\"@type\":\"ReadAction\",\"target\":[\"https:\\\/\\\/shop.bantam.ch\\\/fr\\\/produit\\\/teleaffichage-solaire-mt-iqsolar-pro\\\/\"]}]},{\"@type\":\"ImageObject\",\"inLanguage\":\"fr-FR\",\"@id\":\"https:\\\/\\\/shop.bantam.ch\\\/fr\\\/produit\\\/teleaffichage-solaire-mt-iqsolar-pro\\\/#primaryimage\",\"url\":\"https:\\\/\\\/shop.bantam.ch\\\/wp-content\\\/uploads\\\/2023\\\/02\\\/993213811.jpg\",\"contentUrl\":\"https:\\\/\\\/shop.bantam.ch\\\/wp-content\\\/uploads\\\/2023\\\/02\\\/993213811.jpg\",\"width\":1000,\"height\":787},{\"@type\":\"BreadcrumbList\",\"@id\":\"https:\\\/\\\/shop.bantam.ch\\\/fr\\\/produit\\\/teleaffichage-solaire-mt-iqsolar-pro\\\/#breadcrumb\",\"itemListElement\":[{\"@type\":\"ListItem\",\"position\":1,\"name\":\"Accueil\",\"item\":\"https:\\\/\\\/shop.bantam.ch\\\/fr\\\/\"},{\"@type\":\"ListItem\",\"position\":2,\"name\":\"Boutique\",\"item\":\"https:\\\/\\\/shop.bantam.ch\\\/fr\\\/boutique\\\/\"},{\"@type\":\"ListItem\",\"position\":3,\"name\":\"Afficheur solaire B\u00fcttner MT IQ Solar Pro pour R\u00e9gulateur solaire gris clair\"}]},{\"@type\":\"WebSite\",\"@id\":\"https:\\\/\\\/shop.bantam.ch\\\/fr\\\/#website\",\"url\":\"https:\\\/\\\/shop.bantam.ch\\\/fr\\\/\",\"name\":\"Bantam Wankm\u00fcller SA\",\"description\":\"\",\"publisher\":{\"@id\":\"https:\\\/\\\/shop.bantam.ch\\\/fr\\\/#organization\"},\"inLanguage\":\"fr-FR\"},{\"@type\":\"Organization\",\"@id\":\"https:\\\/\\\/shop.bantam.ch\\\/fr\\\/#organization\",\"name\":\"Bantam Wankm\u00fcller SA\",\"url\":\"https:\\\/\\\/shop.bantam.ch\\\/fr\\\/\",\"logo\":{\"@type\":\"ImageObject\",\"inLanguage\":\"fr-FR\",\"@id\":\"https:\\\/\\\/shop.bantam.ch\\\/fr\\\/#\\\/schema\\\/logo\\\/image\\\/\",\"url\":\"https:\\\/\\\/shop.bantam.ch\\\/wp-content\\\/uploads\\\/2022\\\/12\\\/bantam-logo.png\",\"contentUrl\":\"https:\\\/\\\/shop.bantam.ch\\\/wp-content\\\/uploads\\\/2022\\\/12\\\/bantam-logo.png\",\"width\":320,\"height\":71,\"caption\":\"Bantam Wankm\u00fcller SA\"},\"image\":{\"@id\":\"https:\\\/\\\/shop.bantam.ch\\\/fr\\\/#\\\/schema\\\/logo\\\/image\\\/\"}}]}<\/script>\n<!-- \/ Yoast SEO plugin. -->","yoast_head_json":{"title":"Afficheur solaire B\u00fcttner MT IQ Solar Pro pour R\u00e9gulateur solaire gris clair - Bantam Wankm\u00fcller SA","robots":{"index":"index","follow":"follow","max-snippet":"max-snippet:-1","max-image-preview":"max-image-preview:large","max-video-preview":"max-video-preview:-1"},"canonical":"https:\/\/shop.bantam.ch\/fr\/produit\/teleaffichage-solaire-mt-iqsolar-pro\/","og_locale":"fr_FR","og_type":"article","og_title":"Afficheur solaire B\u00fcttner MT IQ Solar Pro pour R\u00e9gulateur solaire gris clair - Bantam Wankm\u00fcller SA","og_description":"T\u00e9l\u00e9affichage universel pour tous les syst\u00e8mes solaires. Affichage multi-\u00e9cran LCD du courant de charge (A), de la tension (V), du rendement solaire (%) &#8211; \u00e9galement sous forme de diagramme en barres et d&rsquo;une fonction compteur de courant r\u00e9initialisable (Ah). Vous pouvez lire ici combien de capacit\u00e9 a \u00e9t\u00e9 transf\u00e9r\u00e9e \u00e0 la batterie. Cet affichage peut [&hellip;]","og_url":"https:\/\/shop.bantam.ch\/fr\/produit\/teleaffichage-solaire-mt-iqsolar-pro\/","og_site_name":"Bantam Wankm\u00fcller SA","article_modified_time":"2026-04-20T19:24:37+00:00","og_image":[{"width":1000,"height":787,"url":"https:\/\/shop.bantam.ch\/wp-content\/uploads\/2023\/02\/993213811.jpg","type":"image\/jpeg"}],"twitter_card":"summary_large_image","twitter_misc":{"Dur\u00e9e de lecture estim\u00e9e":"1 minute"},"schema":{"@context":"https:\/\/schema.org","@graph":[{"@type":"WebPage","@id":"https:\/\/shop.bantam.ch\/fr\/produit\/teleaffichage-solaire-mt-iqsolar-pro\/","url":"https:\/\/shop.bantam.ch\/fr\/produit\/teleaffichage-solaire-mt-iqsolar-pro\/","name":"Afficheur solaire B\u00fcttner MT IQ Solar Pro pour R\u00e9gulateur solaire gris clair - Bantam Wankm\u00fcller SA","isPartOf":{"@id":"https:\/\/shop.bantam.ch\/fr\/#website"},"primaryImageOfPage":{"@id":"https:\/\/shop.bantam.ch\/fr\/produit\/teleaffichage-solaire-mt-iqsolar-pro\/#primaryimage"},"image":{"@id":"https:\/\/shop.bantam.ch\/fr\/produit\/teleaffichage-solaire-mt-iqsolar-pro\/#primaryimage"},"thumbnailUrl":"https:\/\/shop.bantam.ch\/wp-content\/uploads\/2023\/02\/993213811.jpg","datePublished":"2023-02-28T01:05:26+00:00","dateModified":"2026-04-20T19:24:37+00:00","breadcrumb":{"@id":"https:\/\/shop.bantam.ch\/fr\/produit\/teleaffichage-solaire-mt-iqsolar-pro\/#breadcrumb"},"inLanguage":"fr-FR","potentialAction":[{"@type":"ReadAction","target":["https:\/\/shop.bantam.ch\/fr\/produit\/teleaffichage-solaire-mt-iqsolar-pro\/"]}]},{"@type":"ImageObject","inLanguage":"fr-FR","@id":"https:\/\/shop.bantam.ch\/fr\/produit\/teleaffichage-solaire-mt-iqsolar-pro\/#primaryimage","url":"https:\/\/shop.bantam.ch\/wp-content\/uploads\/2023\/02\/993213811.jpg","contentUrl":"https:\/\/shop.bantam.ch\/wp-content\/uploads\/2023\/02\/993213811.jpg","width":1000,"height":787},{"@type":"BreadcrumbList","@id":"https:\/\/shop.bantam.ch\/fr\/produit\/teleaffichage-solaire-mt-iqsolar-pro\/#breadcrumb","itemListElement":[{"@type":"ListItem","position":1,"name":"Accueil","item":"https:\/\/shop.bantam.ch\/fr\/"},{"@type":"ListItem","position":2,"name":"Boutique","item":"https:\/\/shop.bantam.ch\/fr\/boutique\/"},{"@type":"ListItem","position":3,"name":"Afficheur solaire B\u00fcttner MT IQ Solar Pro pour R\u00e9gulateur solaire gris clair"}]},{"@type":"WebSite","@id":"https:\/\/shop.bantam.ch\/fr\/#website","url":"https:\/\/shop.bantam.ch\/fr\/","name":"Bantam Wankm\u00fcller SA","description":"","publisher":{"@id":"https:\/\/shop.bantam.ch\/fr\/#organization"},"inLanguage":"fr-FR"},{"@type":"Organization","@id":"https:\/\/shop.bantam.ch\/fr\/#organization","name":"Bantam Wankm\u00fcller SA","url":"https:\/\/shop.bantam.ch\/fr\/","logo":{"@type":"ImageObject","inLanguage":"fr-FR","@id":"https:\/\/shop.bantam.ch\/fr\/#\/schema\/logo\/image\/","url":"https:\/\/shop.bantam.ch\/wp-content\/uploads\/2022\/12\/bantam-logo.png","contentUrl":"https:\/\/shop.bantam.ch\/wp-content\/uploads\/2022\/12\/bantam-logo.png","width":320,"height":71,"caption":"Bantam Wankm\u00fcller SA"},"image":{"@id":"https:\/\/shop.bantam.ch\/fr\/#\/schema\/logo\/image\/"}}]}},"_links":{"self":[{"href":"https:\/\/shop.bantam.ch\/fr\/wp-json\/wp\/v2\/product\/82744","targetHints":{"allow":["GET"]}}],"collection":[{"href":"https:\/\/shop.bantam.ch\/fr\/wp-json\/wp\/v2\/product"}],"about":[{"href":"https:\/\/shop.bantam.ch\/fr\/wp-json\/wp\/v2\/types\/product"}],"wp:featuredmedia":[{"embeddable":true,"href":"https:\/\/shop.bantam.ch\/fr\/wp-json\/wp\/v2\/media\/82742"}],"wp:attachment":[{"href":"https:\/\/shop.bantam.ch\/fr\/wp-json\/wp\/v2\/media?parent=82744"}],"wp:term":[{"taxonomy":"product_featured_cat","embeddable":true,"href":"https:\/\/shop.bantam.ch\/fr\/wp-json\/wp\/v2\/product_featured_cat?post=82744"},{"taxonomy":"product_brand","embeddable":true,"href":"https:\/\/shop.bantam.ch\/fr\/wp-json\/wp\/v2\/product_brand?post=82744"},{"taxonomy":"product_cat","embeddable":true,"href":"https:\/\/shop.bantam.ch\/fr\/wp-json\/wp\/v2\/product_cat?post=82744"},{"taxonomy":"product_tag","embeddable":true,"href":"https:\/\/shop.bantam.ch\/fr\/wp-json\/wp\/v2\/product_tag?post=82744"}],"curies":[{"name":"wp","href":"https:\/\/api.w.org\/{rel}","templated":true}]}}