{"id":82620,"date":"2023-02-28T02:02:36","date_gmt":"2023-02-28T01:02:36","guid":{"rendered":"http:\/\/shop.bantam.ch\/produit\/antenne-satellite-automatique-as4-80-ultrawhite-skew-gps-avec-module-de-commande-hd\/"},"modified":"2026-04-18T21:24:37","modified_gmt":"2026-04-18T19:24:37","slug":"antenne-satellite-automatique-as4-80-ultrawhite-skew-gps-avec-module-de-commande-hd","status":"publish","type":"product","link":"https:\/\/shop.bantam.ch\/fr\/produit\/antenne-satellite-automatique-as4-80-ultrawhite-skew-gps-avec-module-de-commande-hd\/","title":{"rendered":"Antenne sat. automatique Alden AS 4 80 Platinium Skew\/GPS avec module de commande S.S.C r\u00e9cepteur ind\u00e9pendant"},"content":{"rendered":"<p><strong>Antenne satellite \u00e0 pointage automatique haut de gamme AS4 HD SKEW Platinium<\/strong><br \/>Avec la s\u00e9rie AS HD, Alden pr\u00e9sente des syst\u00e8mes satellite enti\u00e8rement automatiques avec une garantie \u00e0 vie sur les composants rotatifs. Avec une garantie \u00e0 vie, la s\u00e9rie d&rsquo;antennes AS r\u00e9pond aux normes les plus exigeantes et les plus critiques. Ce syst\u00e8me satellite haut de gamme allie inconditionnellement qualit\u00e9 et simplicit\u00e9 d&rsquo;utilisation. L\u2019AS4 est probablement l\u2018antenne la plus rapide, la plus silencieuse et la plus \u00e9conome en \u00e9nergie du march\u00e9. En substance, les diff\u00e9rents types d\u2018antennes AS (AS2 et AS4) ne diff\u00e8rent que par leur vitesse de rotation. Le design moderne est mis en valeur par l\u2019utilisation de paraboles Platinium \u00e0 l\u2019architecture discr\u00e8te. L&rsquo;AS4 HD 60 est \u00e9quip\u00e9 de s\u00e9rie du nouveau syst\u00e8me Alden Auto Skew\/GPS pour une port\u00e9e de r\u00e9ception encore plus grande.<\/p>\n<p>Caract\u00e9ristiques :<\/p>\n<ul>\n<li>Parabole satellite ext\u00e9rieure AS4 80 avec t\u00eate de r\u00e9ception LNB simple<\/li>\n<li>\u00ab Garantie \u00e0 vie \u00bb sur le dispositif rotatif <\/li>\n<li>Orientation enti\u00e8rement automatique <\/li>\n<li>Parabole en nid d\u2019abeille Platinium SKEW 80 cm \/ parabole GPS (blanc) pour r\u00e9duire la sensibilit\u00e9 au vent <\/li>\n<li>Grande port\u00e9e de r\u00e9ception gr\u00e2ce \u00e0 la forme ovale <\/li>\n<li>Parabole Platinium \u00e0 l\u2019esth\u00e9tique \u00e9l\u00e9gante et discr\u00e8te <\/li>\n<li>de la pi\u00e8ce de s\u00e9curit\u00e9 S.D.P. Protection contre les surcharges m\u00e9caniques <\/li>\n<li>Technologie d\u2019avant-garde avec un syst\u00e8me \u00e9lectronique de commande enti\u00e8rement int\u00e9gr\u00e9 dans le v\u00e9hicule. <\/li>\n<li>Poids : env. 11,5 kg<\/li>\n<li>Dimensions (L x l x p) env. 71 x 77 x 21 cm<\/li>\n<li>Egalement disponible en module Twin (regarder diff\u00e9rentes \u00e9missions sur deux t\u00e9l\u00e9viseurs)<\/li>\n<\/ul>\n<p><strong>Module de recherche S.S.C. Module de commande HD<\/strong><br \/>Le module de commande est conseill\u00e9 lorsqu\u2018un r\u00e9cepteur ou le t\u00e9l\u00e9viseur triple-tuner sont d\u00e9j\u00e0 pr\u00e9sents.  Le S.C.C.C. est un module de recherche facile \u00e0 utiliser. Le module de commande HD est tr\u00e8s attractif. Le positionnement se fait automatiquement (r\u00e9cepteur ind\u00e9pendant). Vous pouvez effectuer vous-m\u00eame les mises \u00e0 jour.<\/p>\n<p>Caract\u00e9ristiques :<\/p>\n<ul>\n<li>ind\u00e9pendant de tout r\u00e9cepteur<\/li>\n<li>Recherche enti\u00e8rement automatique de satellites en standard HDTV<\/li>\n<li>8 satellites pr\u00e9-programm\u00e9s : Astra 19, Astra 23, Eurobird 9, Hotbird 13, AB3, Thor 0.8, Astra 4, etc.<\/li>\n<li>Interrupteur d&rsquo;alimentation (Marche\/Arr\u00eat)<\/li>\n<li>Mise en marche autonome au d\u00e9marrage du v\u00e9hicule<\/li>\n<li>Mises \u00e0 jour \u00e0 r\u00e9aliser vous-m\u00eame en toute simplicit\u00e9<\/li>\n<li>Consommation d\u2019env. 4 watts \/ veille <\/li>\n<li>Dimensions: l x h x p 17 x 4,5 x 12 cm \/ 0,4 kg<\/li>\n<\/ul>\n","protected":false},"excerpt":{"rendered":"<p>Antenne satellite \u00e0 pointage automatique haut de gamme AS4 HD SKEW PlatiniumAvec la s\u00e9rie AS HD, Alden pr\u00e9sente des syst\u00e8mes satellite enti\u00e8rement automatiques avec une garantie \u00e0 vie sur les composants rotatifs. Avec une garantie \u00e0 vie, la s\u00e9rie d&rsquo;antennes AS r\u00e9pond aux normes les plus exigeantes et les plus critiques. Ce syst\u00e8me satellite haut [&hellip;]<\/p>\n","protected":false},"featured_media":82616,"template":"","meta":{"_acf_changed":false},"product_featured_cat":[],"product_brand":[3076],"product_cat":[4523],"product_tag":[],"class_list":{"0":"post-82620","1":"product","2":"type-product","3":"status-publish","4":"has-post-thumbnail","6":"product_brand-alden","7":"product_cat-systemes-satellitaires","9":"first","10":"instock","11":"taxable","12":"shipping-taxable","13":"purchasable","14":"product-type-simple"},"acf":[],"yoast_head":"<!-- This site is optimized with the Yoast SEO plugin v27.4 - https:\/\/yoast.com\/product\/yoast-seo-wordpress\/ -->\n<title>Antenne sat. automatique Alden AS 4 80 Platinium Skew\/GPS avec module de commande S.S.C r\u00e9cepteur ind\u00e9pendant - Bantam Wankm\u00fcller SA<\/title>\n<meta name=\"robots\" content=\"index, follow, max-snippet:-1, max-image-preview:large, max-video-preview:-1\" \/>\n<link rel=\"canonical\" href=\"https:\/\/shop.bantam.ch\/fr\/produit\/antenne-satellite-automatique-as4-80-ultrawhite-skew-gps-avec-module-de-commande-hd\/\" \/>\n<meta property=\"og:locale\" content=\"fr_FR\" \/>\n<meta property=\"og:type\" content=\"article\" \/>\n<meta property=\"og:title\" content=\"Antenne sat. automatique Alden AS 4 80 Platinium Skew\/GPS avec module de commande S.S.C r\u00e9cepteur ind\u00e9pendant - Bantam Wankm\u00fcller SA\" \/>\n<meta property=\"og:description\" content=\"Antenne satellite \u00e0 pointage automatique haut de gamme AS4 HD SKEW PlatiniumAvec la s\u00e9rie AS HD, Alden pr\u00e9sente des syst\u00e8mes satellite enti\u00e8rement automatiques avec une garantie \u00e0 vie sur les composants rotatifs. Avec une garantie \u00e0 vie, la s\u00e9rie d&rsquo;antennes AS r\u00e9pond aux normes les plus exigeantes et les plus critiques. Ce syst\u00e8me satellite haut [&hellip;]\" \/>\n<meta property=\"og:url\" content=\"https:\/\/shop.bantam.ch\/fr\/produit\/antenne-satellite-automatique-as4-80-ultrawhite-skew-gps-avec-module-de-commande-hd\/\" \/>\n<meta property=\"og:site_name\" content=\"Bantam Wankm\u00fcller SA\" \/>\n<meta property=\"article:modified_time\" content=\"2026-04-18T19:24:37+00:00\" \/>\n<meta property=\"og:image\" content=\"https:\/\/shop.bantam.ch\/wp-content\/uploads\/2023\/02\/9954983-411.jpg\" \/>\n\t<meta property=\"og:image:width\" content=\"450\" \/>\n\t<meta property=\"og:image:height\" content=\"500\" \/>\n\t<meta property=\"og:image:type\" content=\"image\/jpeg\" \/>\n<meta name=\"twitter:card\" content=\"summary_large_image\" \/>\n<meta name=\"twitter:label1\" content=\"Dur\u00e9e de lecture estim\u00e9e\" \/>\n\t<meta name=\"twitter:data1\" content=\"2 minutes\" \/>\n<script type=\"application\/ld+json\" class=\"yoast-schema-graph\">{\"@context\":\"https:\\\/\\\/schema.org\",\"@graph\":[{\"@type\":\"WebPage\",\"@id\":\"https:\\\/\\\/shop.bantam.ch\\\/fr\\\/produit\\\/antenne-satellite-automatique-as4-80-ultrawhite-skew-gps-avec-module-de-commande-hd\\\/\",\"url\":\"https:\\\/\\\/shop.bantam.ch\\\/fr\\\/produit\\\/antenne-satellite-automatique-as4-80-ultrawhite-skew-gps-avec-module-de-commande-hd\\\/\",\"name\":\"Antenne sat. automatique Alden AS 4 80 Platinium Skew\\\/GPS avec module de commande S.S.C r\u00e9cepteur ind\u00e9pendant - Bantam Wankm\u00fcller SA\",\"isPartOf\":{\"@id\":\"https:\\\/\\\/shop.bantam.ch\\\/fr\\\/#website\"},\"primaryImageOfPage\":{\"@id\":\"https:\\\/\\\/shop.bantam.ch\\\/fr\\\/produit\\\/antenne-satellite-automatique-as4-80-ultrawhite-skew-gps-avec-module-de-commande-hd\\\/#primaryimage\"},\"image\":{\"@id\":\"https:\\\/\\\/shop.bantam.ch\\\/fr\\\/produit\\\/antenne-satellite-automatique-as4-80-ultrawhite-skew-gps-avec-module-de-commande-hd\\\/#primaryimage\"},\"thumbnailUrl\":\"https:\\\/\\\/shop.bantam.ch\\\/wp-content\\\/uploads\\\/2023\\\/02\\\/9954983-411.jpg\",\"datePublished\":\"2023-02-28T01:02:36+00:00\",\"dateModified\":\"2026-04-18T19:24:37+00:00\",\"breadcrumb\":{\"@id\":\"https:\\\/\\\/shop.bantam.ch\\\/fr\\\/produit\\\/antenne-satellite-automatique-as4-80-ultrawhite-skew-gps-avec-module-de-commande-hd\\\/#breadcrumb\"},\"inLanguage\":\"fr-FR\",\"potentialAction\":[{\"@type\":\"ReadAction\",\"target\":[\"https:\\\/\\\/shop.bantam.ch\\\/fr\\\/produit\\\/antenne-satellite-automatique-as4-80-ultrawhite-skew-gps-avec-module-de-commande-hd\\\/\"]}]},{\"@type\":\"ImageObject\",\"inLanguage\":\"fr-FR\",\"@id\":\"https:\\\/\\\/shop.bantam.ch\\\/fr\\\/produit\\\/antenne-satellite-automatique-as4-80-ultrawhite-skew-gps-avec-module-de-commande-hd\\\/#primaryimage\",\"url\":\"https:\\\/\\\/shop.bantam.ch\\\/wp-content\\\/uploads\\\/2023\\\/02\\\/9954983-411.jpg\",\"contentUrl\":\"https:\\\/\\\/shop.bantam.ch\\\/wp-content\\\/uploads\\\/2023\\\/02\\\/9954983-411.jpg\",\"width\":450,\"height\":500},{\"@type\":\"BreadcrumbList\",\"@id\":\"https:\\\/\\\/shop.bantam.ch\\\/fr\\\/produit\\\/antenne-satellite-automatique-as4-80-ultrawhite-skew-gps-avec-module-de-commande-hd\\\/#breadcrumb\",\"itemListElement\":[{\"@type\":\"ListItem\",\"position\":1,\"name\":\"Accueil\",\"item\":\"https:\\\/\\\/shop.bantam.ch\\\/fr\\\/\"},{\"@type\":\"ListItem\",\"position\":2,\"name\":\"Boutique\",\"item\":\"https:\\\/\\\/shop.bantam.ch\\\/fr\\\/boutique\\\/\"},{\"@type\":\"ListItem\",\"position\":3,\"name\":\"Antenne sat. automatique Alden AS 4 80 Platinium Skew\\\/GPS avec module de commande S.S.C r\u00e9cepteur ind\u00e9pendant\"}]},{\"@type\":\"WebSite\",\"@id\":\"https:\\\/\\\/shop.bantam.ch\\\/fr\\\/#website\",\"url\":\"https:\\\/\\\/shop.bantam.ch\\\/fr\\\/\",\"name\":\"Bantam Wankm\u00fcller SA\",\"description\":\"\",\"publisher\":{\"@id\":\"https:\\\/\\\/shop.bantam.ch\\\/fr\\\/#organization\"},\"inLanguage\":\"fr-FR\"},{\"@type\":\"Organization\",\"@id\":\"https:\\\/\\\/shop.bantam.ch\\\/fr\\\/#organization\",\"name\":\"Bantam Wankm\u00fcller SA\",\"url\":\"https:\\\/\\\/shop.bantam.ch\\\/fr\\\/\",\"logo\":{\"@type\":\"ImageObject\",\"inLanguage\":\"fr-FR\",\"@id\":\"https:\\\/\\\/shop.bantam.ch\\\/fr\\\/#\\\/schema\\\/logo\\\/image\\\/\",\"url\":\"https:\\\/\\\/shop.bantam.ch\\\/wp-content\\\/uploads\\\/2022\\\/12\\\/bantam-logo.png\",\"contentUrl\":\"https:\\\/\\\/shop.bantam.ch\\\/wp-content\\\/uploads\\\/2022\\\/12\\\/bantam-logo.png\",\"width\":320,\"height\":71,\"caption\":\"Bantam Wankm\u00fcller SA\"},\"image\":{\"@id\":\"https:\\\/\\\/shop.bantam.ch\\\/fr\\\/#\\\/schema\\\/logo\\\/image\\\/\"}}]}<\/script>\n<!-- \/ Yoast SEO plugin. -->","yoast_head_json":{"title":"Antenne sat. automatique Alden AS 4 80 Platinium Skew\/GPS avec module de commande S.S.C r\u00e9cepteur ind\u00e9pendant - Bantam Wankm\u00fcller SA","robots":{"index":"index","follow":"follow","max-snippet":"max-snippet:-1","max-image-preview":"max-image-preview:large","max-video-preview":"max-video-preview:-1"},"canonical":"https:\/\/shop.bantam.ch\/fr\/produit\/antenne-satellite-automatique-as4-80-ultrawhite-skew-gps-avec-module-de-commande-hd\/","og_locale":"fr_FR","og_type":"article","og_title":"Antenne sat. automatique Alden AS 4 80 Platinium Skew\/GPS avec module de commande S.S.C r\u00e9cepteur ind\u00e9pendant - Bantam Wankm\u00fcller SA","og_description":"Antenne satellite \u00e0 pointage automatique haut de gamme AS4 HD SKEW PlatiniumAvec la s\u00e9rie AS HD, Alden pr\u00e9sente des syst\u00e8mes satellite enti\u00e8rement automatiques avec une garantie \u00e0 vie sur les composants rotatifs. Avec une garantie \u00e0 vie, la s\u00e9rie d&rsquo;antennes AS r\u00e9pond aux normes les plus exigeantes et les plus critiques. Ce syst\u00e8me satellite haut [&hellip;]","og_url":"https:\/\/shop.bantam.ch\/fr\/produit\/antenne-satellite-automatique-as4-80-ultrawhite-skew-gps-avec-module-de-commande-hd\/","og_site_name":"Bantam Wankm\u00fcller SA","article_modified_time":"2026-04-18T19:24:37+00:00","og_image":[{"width":450,"height":500,"url":"https:\/\/shop.bantam.ch\/wp-content\/uploads\/2023\/02\/9954983-411.jpg","type":"image\/jpeg"}],"twitter_card":"summary_large_image","twitter_misc":{"Dur\u00e9e de lecture estim\u00e9e":"2 minutes"},"schema":{"@context":"https:\/\/schema.org","@graph":[{"@type":"WebPage","@id":"https:\/\/shop.bantam.ch\/fr\/produit\/antenne-satellite-automatique-as4-80-ultrawhite-skew-gps-avec-module-de-commande-hd\/","url":"https:\/\/shop.bantam.ch\/fr\/produit\/antenne-satellite-automatique-as4-80-ultrawhite-skew-gps-avec-module-de-commande-hd\/","name":"Antenne sat. automatique Alden AS 4 80 Platinium Skew\/GPS avec module de commande S.S.C r\u00e9cepteur ind\u00e9pendant - Bantam Wankm\u00fcller SA","isPartOf":{"@id":"https:\/\/shop.bantam.ch\/fr\/#website"},"primaryImageOfPage":{"@id":"https:\/\/shop.bantam.ch\/fr\/produit\/antenne-satellite-automatique-as4-80-ultrawhite-skew-gps-avec-module-de-commande-hd\/#primaryimage"},"image":{"@id":"https:\/\/shop.bantam.ch\/fr\/produit\/antenne-satellite-automatique-as4-80-ultrawhite-skew-gps-avec-module-de-commande-hd\/#primaryimage"},"thumbnailUrl":"https:\/\/shop.bantam.ch\/wp-content\/uploads\/2023\/02\/9954983-411.jpg","datePublished":"2023-02-28T01:02:36+00:00","dateModified":"2026-04-18T19:24:37+00:00","breadcrumb":{"@id":"https:\/\/shop.bantam.ch\/fr\/produit\/antenne-satellite-automatique-as4-80-ultrawhite-skew-gps-avec-module-de-commande-hd\/#breadcrumb"},"inLanguage":"fr-FR","potentialAction":[{"@type":"ReadAction","target":["https:\/\/shop.bantam.ch\/fr\/produit\/antenne-satellite-automatique-as4-80-ultrawhite-skew-gps-avec-module-de-commande-hd\/"]}]},{"@type":"ImageObject","inLanguage":"fr-FR","@id":"https:\/\/shop.bantam.ch\/fr\/produit\/antenne-satellite-automatique-as4-80-ultrawhite-skew-gps-avec-module-de-commande-hd\/#primaryimage","url":"https:\/\/shop.bantam.ch\/wp-content\/uploads\/2023\/02\/9954983-411.jpg","contentUrl":"https:\/\/shop.bantam.ch\/wp-content\/uploads\/2023\/02\/9954983-411.jpg","width":450,"height":500},{"@type":"BreadcrumbList","@id":"https:\/\/shop.bantam.ch\/fr\/produit\/antenne-satellite-automatique-as4-80-ultrawhite-skew-gps-avec-module-de-commande-hd\/#breadcrumb","itemListElement":[{"@type":"ListItem","position":1,"name":"Accueil","item":"https:\/\/shop.bantam.ch\/fr\/"},{"@type":"ListItem","position":2,"name":"Boutique","item":"https:\/\/shop.bantam.ch\/fr\/boutique\/"},{"@type":"ListItem","position":3,"name":"Antenne sat. automatique Alden AS 4 80 Platinium Skew\/GPS avec module de commande S.S.C r\u00e9cepteur ind\u00e9pendant"}]},{"@type":"WebSite","@id":"https:\/\/shop.bantam.ch\/fr\/#website","url":"https:\/\/shop.bantam.ch\/fr\/","name":"Bantam Wankm\u00fcller SA","description":"","publisher":{"@id":"https:\/\/shop.bantam.ch\/fr\/#organization"},"inLanguage":"fr-FR"},{"@type":"Organization","@id":"https:\/\/shop.bantam.ch\/fr\/#organization","name":"Bantam Wankm\u00fcller SA","url":"https:\/\/shop.bantam.ch\/fr\/","logo":{"@type":"ImageObject","inLanguage":"fr-FR","@id":"https:\/\/shop.bantam.ch\/fr\/#\/schema\/logo\/image\/","url":"https:\/\/shop.bantam.ch\/wp-content\/uploads\/2022\/12\/bantam-logo.png","contentUrl":"https:\/\/shop.bantam.ch\/wp-content\/uploads\/2022\/12\/bantam-logo.png","width":320,"height":71,"caption":"Bantam Wankm\u00fcller SA"},"image":{"@id":"https:\/\/shop.bantam.ch\/fr\/#\/schema\/logo\/image\/"}}]}},"_links":{"self":[{"href":"https:\/\/shop.bantam.ch\/fr\/wp-json\/wp\/v2\/product\/82620","targetHints":{"allow":["GET"]}}],"collection":[{"href":"https:\/\/shop.bantam.ch\/fr\/wp-json\/wp\/v2\/product"}],"about":[{"href":"https:\/\/shop.bantam.ch\/fr\/wp-json\/wp\/v2\/types\/product"}],"wp:featuredmedia":[{"embeddable":true,"href":"https:\/\/shop.bantam.ch\/fr\/wp-json\/wp\/v2\/media\/82616"}],"wp:attachment":[{"href":"https:\/\/shop.bantam.ch\/fr\/wp-json\/wp\/v2\/media?parent=82620"}],"wp:term":[{"taxonomy":"product_featured_cat","embeddable":true,"href":"https:\/\/shop.bantam.ch\/fr\/wp-json\/wp\/v2\/product_featured_cat?post=82620"},{"taxonomy":"product_brand","embeddable":true,"href":"https:\/\/shop.bantam.ch\/fr\/wp-json\/wp\/v2\/product_brand?post=82620"},{"taxonomy":"product_cat","embeddable":true,"href":"https:\/\/shop.bantam.ch\/fr\/wp-json\/wp\/v2\/product_cat?post=82620"},{"taxonomy":"product_tag","embeddable":true,"href":"https:\/\/shop.bantam.ch\/fr\/wp-json\/wp\/v2\/product_tag?post=82620"}],"curies":[{"name":"wp","href":"https:\/\/api.w.org\/{rel}","templated":true}]}}