{"id":82452,"date":"2023-02-28T01:58:53","date_gmt":"2023-02-28T00:58:53","guid":{"rendered":"http:\/\/shop.bantam.ch\/produit\/tapis-interieur-thermique-marco-polo-mj-2014\/"},"modified":"2026-04-18T21:24:36","modified_gmt":"2026-04-18T19:24:36","slug":"tapis-interieur-thermique-marco-polo-mj-2014","status":"publish","type":"product","link":"https:\/\/shop.bantam.ch\/fr\/produit\/tapis-interieur-thermique-marco-polo-mj-2014\/","title":{"rendered":"Tapis thermique d\u2019int. Tecon Isotherm de luxe Marco Polo MJ 2014"},"content":{"rendered":"<p>Tapis thermique Isotherm De Luxe pour les vitres de la cabine de conduite. Une protection id\u00e9ale contre la chaleur et le froid, mais aussi contre les regards indiscrets. Gr\u00e2ce au mat\u00e9riau isolant multicouche, vous profitez d\u2019une excellente isolation thermique en hiver. Le rev\u00eatement externe argent\u00e9 assure un taux de r\u00e9flexion \u00e9lev\u00e9 des rayons de soleil et \u00e9vite une chaleur excessive dans le v\u00e9hicule.<\/p>\n<p>\u00a8Fixation avec aimants et tiges de tension. 8 couches<\/p>\n","protected":false},"excerpt":{"rendered":"<p>Tapis thermique Isotherm De Luxe pour les vitres de la cabine de conduite. Une protection id\u00e9ale contre la chaleur et le froid, mais aussi contre les regards indiscrets. Gr\u00e2ce au mat\u00e9riau isolant multicouche, vous profitez d\u2019une excellente isolation thermique en hiver. Le rev\u00eatement externe argent\u00e9 assure un taux de r\u00e9flexion \u00e9lev\u00e9 des rayons de soleil [&hellip;]<\/p>\n","protected":false},"featured_media":82450,"template":"","meta":{"_acf_changed":false},"product_featured_cat":[],"product_brand":[3030],"product_cat":[4641],"product_tag":[],"class_list":{"0":"post-82452","1":"product","2":"type-product","3":"status-publish","4":"has-post-thumbnail","6":"product_brand-tecon-covercraft","7":"product_cat-matelas-et-rideaux-thermiques","9":"first","10":"instock","11":"taxable","12":"shipping-taxable","13":"purchasable","14":"product-type-simple"},"acf":[],"yoast_head":"<!-- This site is optimized with the Yoast SEO plugin v27.4 - https:\/\/yoast.com\/product\/yoast-seo-wordpress\/ -->\n<title>Tapis thermique d\u2019int. Tecon Isotherm de luxe Marco Polo MJ 2014 - Bantam Wankm\u00fcller SA<\/title>\n<meta name=\"robots\" content=\"index, follow, max-snippet:-1, max-image-preview:large, max-video-preview:-1\" \/>\n<link rel=\"canonical\" href=\"https:\/\/shop.bantam.ch\/fr\/produit\/tapis-interieur-thermique-marco-polo-mj-2014\/\" \/>\n<meta property=\"og:locale\" content=\"fr_FR\" \/>\n<meta property=\"og:type\" content=\"article\" \/>\n<meta property=\"og:title\" content=\"Tapis thermique d\u2019int. Tecon Isotherm de luxe Marco Polo MJ 2014 - Bantam Wankm\u00fcller SA\" \/>\n<meta property=\"og:description\" content=\"Tapis thermique Isotherm De Luxe pour les vitres de la cabine de conduite. Une protection id\u00e9ale contre la chaleur et le froid, mais aussi contre les regards indiscrets. Gr\u00e2ce au mat\u00e9riau isolant multicouche, vous profitez d\u2019une excellente isolation thermique en hiver. Le rev\u00eatement externe argent\u00e9 assure un taux de r\u00e9flexion \u00e9lev\u00e9 des rayons de soleil [&hellip;]\" \/>\n<meta property=\"og:url\" content=\"https:\/\/shop.bantam.ch\/fr\/produit\/tapis-interieur-thermique-marco-polo-mj-2014\/\" \/>\n<meta property=\"og:site_name\" content=\"Bantam Wankm\u00fcller SA\" \/>\n<meta property=\"article:modified_time\" content=\"2026-04-18T19:24:36+00:00\" \/>\n<meta property=\"og:image\" content=\"https:\/\/shop.bantam.ch\/wp-content\/uploads\/2023\/02\/994283211.jpg\" \/>\n\t<meta property=\"og:image:width\" content=\"500\" \/>\n\t<meta property=\"og:image:height\" content=\"326\" \/>\n\t<meta property=\"og:image:type\" content=\"image\/jpeg\" \/>\n<meta name=\"twitter:card\" content=\"summary_large_image\" \/>\n<script type=\"application\/ld+json\" class=\"yoast-schema-graph\">{\"@context\":\"https:\\\/\\\/schema.org\",\"@graph\":[{\"@type\":\"WebPage\",\"@id\":\"https:\\\/\\\/shop.bantam.ch\\\/fr\\\/produit\\\/tapis-interieur-thermique-marco-polo-mj-2014\\\/\",\"url\":\"https:\\\/\\\/shop.bantam.ch\\\/fr\\\/produit\\\/tapis-interieur-thermique-marco-polo-mj-2014\\\/\",\"name\":\"Tapis thermique d\u2019int. Tecon Isotherm de luxe Marco Polo MJ 2014 - Bantam Wankm\u00fcller SA\",\"isPartOf\":{\"@id\":\"https:\\\/\\\/shop.bantam.ch\\\/fr\\\/#website\"},\"primaryImageOfPage\":{\"@id\":\"https:\\\/\\\/shop.bantam.ch\\\/fr\\\/produit\\\/tapis-interieur-thermique-marco-polo-mj-2014\\\/#primaryimage\"},\"image\":{\"@id\":\"https:\\\/\\\/shop.bantam.ch\\\/fr\\\/produit\\\/tapis-interieur-thermique-marco-polo-mj-2014\\\/#primaryimage\"},\"thumbnailUrl\":\"https:\\\/\\\/shop.bantam.ch\\\/wp-content\\\/uploads\\\/2023\\\/02\\\/994283211.jpg\",\"datePublished\":\"2023-02-28T00:58:53+00:00\",\"dateModified\":\"2026-04-18T19:24:36+00:00\",\"breadcrumb\":{\"@id\":\"https:\\\/\\\/shop.bantam.ch\\\/fr\\\/produit\\\/tapis-interieur-thermique-marco-polo-mj-2014\\\/#breadcrumb\"},\"inLanguage\":\"fr-FR\",\"potentialAction\":[{\"@type\":\"ReadAction\",\"target\":[\"https:\\\/\\\/shop.bantam.ch\\\/fr\\\/produit\\\/tapis-interieur-thermique-marco-polo-mj-2014\\\/\"]}]},{\"@type\":\"ImageObject\",\"inLanguage\":\"fr-FR\",\"@id\":\"https:\\\/\\\/shop.bantam.ch\\\/fr\\\/produit\\\/tapis-interieur-thermique-marco-polo-mj-2014\\\/#primaryimage\",\"url\":\"https:\\\/\\\/shop.bantam.ch\\\/wp-content\\\/uploads\\\/2023\\\/02\\\/994283211.jpg\",\"contentUrl\":\"https:\\\/\\\/shop.bantam.ch\\\/wp-content\\\/uploads\\\/2023\\\/02\\\/994283211.jpg\",\"width\":500,\"height\":326},{\"@type\":\"BreadcrumbList\",\"@id\":\"https:\\\/\\\/shop.bantam.ch\\\/fr\\\/produit\\\/tapis-interieur-thermique-marco-polo-mj-2014\\\/#breadcrumb\",\"itemListElement\":[{\"@type\":\"ListItem\",\"position\":1,\"name\":\"Accueil\",\"item\":\"https:\\\/\\\/shop.bantam.ch\\\/fr\\\/\"},{\"@type\":\"ListItem\",\"position\":2,\"name\":\"Boutique\",\"item\":\"https:\\\/\\\/shop.bantam.ch\\\/fr\\\/boutique\\\/\"},{\"@type\":\"ListItem\",\"position\":3,\"name\":\"Tapis thermique d\u2019int. Tecon Isotherm de luxe Marco Polo MJ 2014\"}]},{\"@type\":\"WebSite\",\"@id\":\"https:\\\/\\\/shop.bantam.ch\\\/fr\\\/#website\",\"url\":\"https:\\\/\\\/shop.bantam.ch\\\/fr\\\/\",\"name\":\"Bantam Wankm\u00fcller SA\",\"description\":\"\",\"publisher\":{\"@id\":\"https:\\\/\\\/shop.bantam.ch\\\/fr\\\/#organization\"},\"inLanguage\":\"fr-FR\"},{\"@type\":\"Organization\",\"@id\":\"https:\\\/\\\/shop.bantam.ch\\\/fr\\\/#organization\",\"name\":\"Bantam Wankm\u00fcller SA\",\"url\":\"https:\\\/\\\/shop.bantam.ch\\\/fr\\\/\",\"logo\":{\"@type\":\"ImageObject\",\"inLanguage\":\"fr-FR\",\"@id\":\"https:\\\/\\\/shop.bantam.ch\\\/fr\\\/#\\\/schema\\\/logo\\\/image\\\/\",\"url\":\"https:\\\/\\\/shop.bantam.ch\\\/wp-content\\\/uploads\\\/2022\\\/12\\\/bantam-logo.png\",\"contentUrl\":\"https:\\\/\\\/shop.bantam.ch\\\/wp-content\\\/uploads\\\/2022\\\/12\\\/bantam-logo.png\",\"width\":320,\"height\":71,\"caption\":\"Bantam Wankm\u00fcller SA\"},\"image\":{\"@id\":\"https:\\\/\\\/shop.bantam.ch\\\/fr\\\/#\\\/schema\\\/logo\\\/image\\\/\"}}]}<\/script>\n<!-- \/ Yoast SEO plugin. -->","yoast_head_json":{"title":"Tapis thermique d\u2019int. Tecon Isotherm de luxe Marco Polo MJ 2014 - Bantam Wankm\u00fcller SA","robots":{"index":"index","follow":"follow","max-snippet":"max-snippet:-1","max-image-preview":"max-image-preview:large","max-video-preview":"max-video-preview:-1"},"canonical":"https:\/\/shop.bantam.ch\/fr\/produit\/tapis-interieur-thermique-marco-polo-mj-2014\/","og_locale":"fr_FR","og_type":"article","og_title":"Tapis thermique d\u2019int. Tecon Isotherm de luxe Marco Polo MJ 2014 - Bantam Wankm\u00fcller SA","og_description":"Tapis thermique Isotherm De Luxe pour les vitres de la cabine de conduite. Une protection id\u00e9ale contre la chaleur et le froid, mais aussi contre les regards indiscrets. Gr\u00e2ce au mat\u00e9riau isolant multicouche, vous profitez d\u2019une excellente isolation thermique en hiver. Le rev\u00eatement externe argent\u00e9 assure un taux de r\u00e9flexion \u00e9lev\u00e9 des rayons de soleil [&hellip;]","og_url":"https:\/\/shop.bantam.ch\/fr\/produit\/tapis-interieur-thermique-marco-polo-mj-2014\/","og_site_name":"Bantam Wankm\u00fcller SA","article_modified_time":"2026-04-18T19:24:36+00:00","og_image":[{"width":500,"height":326,"url":"https:\/\/shop.bantam.ch\/wp-content\/uploads\/2023\/02\/994283211.jpg","type":"image\/jpeg"}],"twitter_card":"summary_large_image","schema":{"@context":"https:\/\/schema.org","@graph":[{"@type":"WebPage","@id":"https:\/\/shop.bantam.ch\/fr\/produit\/tapis-interieur-thermique-marco-polo-mj-2014\/","url":"https:\/\/shop.bantam.ch\/fr\/produit\/tapis-interieur-thermique-marco-polo-mj-2014\/","name":"Tapis thermique d\u2019int. Tecon Isotherm de luxe Marco Polo MJ 2014 - Bantam Wankm\u00fcller SA","isPartOf":{"@id":"https:\/\/shop.bantam.ch\/fr\/#website"},"primaryImageOfPage":{"@id":"https:\/\/shop.bantam.ch\/fr\/produit\/tapis-interieur-thermique-marco-polo-mj-2014\/#primaryimage"},"image":{"@id":"https:\/\/shop.bantam.ch\/fr\/produit\/tapis-interieur-thermique-marco-polo-mj-2014\/#primaryimage"},"thumbnailUrl":"https:\/\/shop.bantam.ch\/wp-content\/uploads\/2023\/02\/994283211.jpg","datePublished":"2023-02-28T00:58:53+00:00","dateModified":"2026-04-18T19:24:36+00:00","breadcrumb":{"@id":"https:\/\/shop.bantam.ch\/fr\/produit\/tapis-interieur-thermique-marco-polo-mj-2014\/#breadcrumb"},"inLanguage":"fr-FR","potentialAction":[{"@type":"ReadAction","target":["https:\/\/shop.bantam.ch\/fr\/produit\/tapis-interieur-thermique-marco-polo-mj-2014\/"]}]},{"@type":"ImageObject","inLanguage":"fr-FR","@id":"https:\/\/shop.bantam.ch\/fr\/produit\/tapis-interieur-thermique-marco-polo-mj-2014\/#primaryimage","url":"https:\/\/shop.bantam.ch\/wp-content\/uploads\/2023\/02\/994283211.jpg","contentUrl":"https:\/\/shop.bantam.ch\/wp-content\/uploads\/2023\/02\/994283211.jpg","width":500,"height":326},{"@type":"BreadcrumbList","@id":"https:\/\/shop.bantam.ch\/fr\/produit\/tapis-interieur-thermique-marco-polo-mj-2014\/#breadcrumb","itemListElement":[{"@type":"ListItem","position":1,"name":"Accueil","item":"https:\/\/shop.bantam.ch\/fr\/"},{"@type":"ListItem","position":2,"name":"Boutique","item":"https:\/\/shop.bantam.ch\/fr\/boutique\/"},{"@type":"ListItem","position":3,"name":"Tapis thermique d\u2019int. Tecon Isotherm de luxe Marco Polo MJ 2014"}]},{"@type":"WebSite","@id":"https:\/\/shop.bantam.ch\/fr\/#website","url":"https:\/\/shop.bantam.ch\/fr\/","name":"Bantam Wankm\u00fcller SA","description":"","publisher":{"@id":"https:\/\/shop.bantam.ch\/fr\/#organization"},"inLanguage":"fr-FR"},{"@type":"Organization","@id":"https:\/\/shop.bantam.ch\/fr\/#organization","name":"Bantam Wankm\u00fcller SA","url":"https:\/\/shop.bantam.ch\/fr\/","logo":{"@type":"ImageObject","inLanguage":"fr-FR","@id":"https:\/\/shop.bantam.ch\/fr\/#\/schema\/logo\/image\/","url":"https:\/\/shop.bantam.ch\/wp-content\/uploads\/2022\/12\/bantam-logo.png","contentUrl":"https:\/\/shop.bantam.ch\/wp-content\/uploads\/2022\/12\/bantam-logo.png","width":320,"height":71,"caption":"Bantam Wankm\u00fcller SA"},"image":{"@id":"https:\/\/shop.bantam.ch\/fr\/#\/schema\/logo\/image\/"}}]}},"_links":{"self":[{"href":"https:\/\/shop.bantam.ch\/fr\/wp-json\/wp\/v2\/product\/82452","targetHints":{"allow":["GET"]}}],"collection":[{"href":"https:\/\/shop.bantam.ch\/fr\/wp-json\/wp\/v2\/product"}],"about":[{"href":"https:\/\/shop.bantam.ch\/fr\/wp-json\/wp\/v2\/types\/product"}],"wp:featuredmedia":[{"embeddable":true,"href":"https:\/\/shop.bantam.ch\/fr\/wp-json\/wp\/v2\/media\/82450"}],"wp:attachment":[{"href":"https:\/\/shop.bantam.ch\/fr\/wp-json\/wp\/v2\/media?parent=82452"}],"wp:term":[{"taxonomy":"product_featured_cat","embeddable":true,"href":"https:\/\/shop.bantam.ch\/fr\/wp-json\/wp\/v2\/product_featured_cat?post=82452"},{"taxonomy":"product_brand","embeddable":true,"href":"https:\/\/shop.bantam.ch\/fr\/wp-json\/wp\/v2\/product_brand?post=82452"},{"taxonomy":"product_cat","embeddable":true,"href":"https:\/\/shop.bantam.ch\/fr\/wp-json\/wp\/v2\/product_cat?post=82452"},{"taxonomy":"product_tag","embeddable":true,"href":"https:\/\/shop.bantam.ch\/fr\/wp-json\/wp\/v2\/product_tag?post=82452"}],"curies":[{"name":"wp","href":"https:\/\/api.w.org\/{rel}","templated":true}]}}