{"id":82440,"date":"2023-02-28T01:58:34","date_gmt":"2023-02-28T00:58:34","guid":{"rendered":"http:\/\/shop.bantam.ch\/produit\/tapis-interieur-thermique-fiat-ducato-x290-a-partir-de-2014-avec-fixation-magnetique\/"},"modified":"2026-04-18T22:29:22","modified_gmt":"2026-04-18T20:29:22","slug":"tapis-interieur-thermique-fiat-ducato-x290-a-partir-de-2014-avec-fixation-magnetique","status":"publish","type":"product","link":"https:\/\/shop.bantam.ch\/fr\/produit\/tapis-interieur-thermique-fiat-ducato-x290-a-partir-de-2014-avec-fixation-magnetique\/","title":{"rendered":"Tapis int\u00e9rieur thermique Fiat Ducato X290 \u00e0 partir de 2014, avec fixation magn\u00e9tique"},"content":{"rendered":"<p>Une protection parfaite pour les vitres de la cabine de conduite contre la chaleur et le froid, mais aussi contre les regards indiscrets. Gr\u00e2ce au mat\u00e9riau isolant multicouche, vous profitez d\u2019une excellente isolation thermique en hiver. Le rev\u00eatement externe argent\u00e9 assure un taux de r\u00e9flexion \u00e9lev\u00e9 des rayons de soleil et \u00e9vite une chaleur excessive dans le v\u00e9hicule.<\/p>\n<p>Avec fixation magn\u00e9tique et tiges de tension, 8 couches<\/p>\n","protected":false},"excerpt":{"rendered":"<p>Une protection parfaite pour les vitres de la cabine de conduite contre la chaleur et le froid, mais aussi contre les regards indiscrets. Gr\u00e2ce au mat\u00e9riau isolant multicouche, vous profitez d\u2019une excellente isolation thermique en hiver. Le rev\u00eatement externe argent\u00e9 assure un taux de r\u00e9flexion \u00e9lev\u00e9 des rayons de soleil et \u00e9vite une chaleur excessive [&hellip;]<\/p>\n","protected":false},"featured_media":82432,"template":"","meta":{"_acf_changed":false},"product_featured_cat":[],"product_brand":[3030],"product_cat":[4641],"product_tag":[],"class_list":{"0":"post-82440","1":"product","2":"type-product","3":"status-publish","4":"has-post-thumbnail","6":"product_brand-tecon-covercraft","7":"product_cat-matelas-et-rideaux-thermiques","9":"first","10":"instock","11":"taxable","12":"shipping-taxable","13":"purchasable","14":"product-type-variable"},"acf":[],"yoast_head":"<!-- This site is optimized with the Yoast SEO plugin v27.4 - https:\/\/yoast.com\/product\/yoast-seo-wordpress\/ -->\n<title>Tapis int\u00e9rieur thermique Fiat Ducato X290 \u00e0 partir de 2014, avec fixation magn\u00e9tique - Bantam Wankm\u00fcller SA<\/title>\n<meta name=\"robots\" content=\"index, follow, max-snippet:-1, max-image-preview:large, max-video-preview:-1\" \/>\n<link rel=\"canonical\" href=\"https:\/\/shop.bantam.ch\/fr\/produit\/tapis-interieur-thermique-fiat-ducato-x290-a-partir-de-2014-avec-fixation-magnetique\/\" \/>\n<meta property=\"og:locale\" content=\"fr_FR\" \/>\n<meta property=\"og:type\" content=\"article\" \/>\n<meta property=\"og:title\" content=\"Tapis int\u00e9rieur thermique Fiat Ducato X290 \u00e0 partir de 2014, avec fixation magn\u00e9tique - Bantam Wankm\u00fcller SA\" \/>\n<meta property=\"og:description\" content=\"Une protection parfaite pour les vitres de la cabine de conduite contre la chaleur et le froid, mais aussi contre les regards indiscrets. Gr\u00e2ce au mat\u00e9riau isolant multicouche, vous profitez d\u2019une excellente isolation thermique en hiver. Le rev\u00eatement externe argent\u00e9 assure un taux de r\u00e9flexion \u00e9lev\u00e9 des rayons de soleil et \u00e9vite une chaleur excessive [&hellip;]\" \/>\n<meta property=\"og:url\" content=\"https:\/\/shop.bantam.ch\/fr\/produit\/tapis-interieur-thermique-fiat-ducato-x290-a-partir-de-2014-avec-fixation-magnetique\/\" \/>\n<meta property=\"og:site_name\" content=\"Bantam Wankm\u00fcller SA\" \/>\n<meta property=\"article:modified_time\" content=\"2026-04-18T20:29:22+00:00\" \/>\n<meta property=\"og:image\" content=\"https:\/\/shop.bantam.ch\/wp-content\/uploads\/2023\/02\/9967833-Thermovorhang_B_ab98_B-SL_01_mit_FHT_mit_Faltver-Standard-03.jpg\" \/>\n\t<meta property=\"og:image:width\" content=\"1000\" \/>\n\t<meta property=\"og:image:height\" content=\"431\" \/>\n\t<meta property=\"og:image:type\" content=\"image\/jpeg\" \/>\n<meta name=\"twitter:card\" content=\"summary_large_image\" \/>\n<script type=\"application\/ld+json\" class=\"yoast-schema-graph\">{\"@context\":\"https:\\\/\\\/schema.org\",\"@graph\":[{\"@type\":\"WebPage\",\"@id\":\"https:\\\/\\\/shop.bantam.ch\\\/fr\\\/produit\\\/tapis-interieur-thermique-fiat-ducato-x290-a-partir-de-2014-avec-fixation-magnetique\\\/\",\"url\":\"https:\\\/\\\/shop.bantam.ch\\\/fr\\\/produit\\\/tapis-interieur-thermique-fiat-ducato-x290-a-partir-de-2014-avec-fixation-magnetique\\\/\",\"name\":\"Tapis int\u00e9rieur thermique Fiat Ducato X290 \u00e0 partir de 2014, avec fixation magn\u00e9tique - Bantam Wankm\u00fcller SA\",\"isPartOf\":{\"@id\":\"https:\\\/\\\/shop.bantam.ch\\\/fr\\\/#website\"},\"primaryImageOfPage\":{\"@id\":\"https:\\\/\\\/shop.bantam.ch\\\/fr\\\/produit\\\/tapis-interieur-thermique-fiat-ducato-x290-a-partir-de-2014-avec-fixation-magnetique\\\/#primaryimage\"},\"image\":{\"@id\":\"https:\\\/\\\/shop.bantam.ch\\\/fr\\\/produit\\\/tapis-interieur-thermique-fiat-ducato-x290-a-partir-de-2014-avec-fixation-magnetique\\\/#primaryimage\"},\"thumbnailUrl\":\"https:\\\/\\\/shop.bantam.ch\\\/wp-content\\\/uploads\\\/2023\\\/02\\\/9967833-Thermovorhang_B_ab98_B-SL_01_mit_FHT_mit_Faltver-Standard-03.jpg\",\"datePublished\":\"2023-02-28T00:58:34+00:00\",\"dateModified\":\"2026-04-18T20:29:22+00:00\",\"breadcrumb\":{\"@id\":\"https:\\\/\\\/shop.bantam.ch\\\/fr\\\/produit\\\/tapis-interieur-thermique-fiat-ducato-x290-a-partir-de-2014-avec-fixation-magnetique\\\/#breadcrumb\"},\"inLanguage\":\"fr-FR\",\"potentialAction\":[{\"@type\":\"ReadAction\",\"target\":[\"https:\\\/\\\/shop.bantam.ch\\\/fr\\\/produit\\\/tapis-interieur-thermique-fiat-ducato-x290-a-partir-de-2014-avec-fixation-magnetique\\\/\"]}]},{\"@type\":\"ImageObject\",\"inLanguage\":\"fr-FR\",\"@id\":\"https:\\\/\\\/shop.bantam.ch\\\/fr\\\/produit\\\/tapis-interieur-thermique-fiat-ducato-x290-a-partir-de-2014-avec-fixation-magnetique\\\/#primaryimage\",\"url\":\"https:\\\/\\\/shop.bantam.ch\\\/wp-content\\\/uploads\\\/2023\\\/02\\\/9967833-Thermovorhang_B_ab98_B-SL_01_mit_FHT_mit_Faltver-Standard-03.jpg\",\"contentUrl\":\"https:\\\/\\\/shop.bantam.ch\\\/wp-content\\\/uploads\\\/2023\\\/02\\\/9967833-Thermovorhang_B_ab98_B-SL_01_mit_FHT_mit_Faltver-Standard-03.jpg\",\"width\":1000,\"height\":431},{\"@type\":\"BreadcrumbList\",\"@id\":\"https:\\\/\\\/shop.bantam.ch\\\/fr\\\/produit\\\/tapis-interieur-thermique-fiat-ducato-x290-a-partir-de-2014-avec-fixation-magnetique\\\/#breadcrumb\",\"itemListElement\":[{\"@type\":\"ListItem\",\"position\":1,\"name\":\"Accueil\",\"item\":\"https:\\\/\\\/shop.bantam.ch\\\/fr\\\/\"},{\"@type\":\"ListItem\",\"position\":2,\"name\":\"Boutique\",\"item\":\"https:\\\/\\\/shop.bantam.ch\\\/fr\\\/boutique\\\/\"},{\"@type\":\"ListItem\",\"position\":3,\"name\":\"Tapis int\u00e9rieur thermique Fiat Ducato X290 \u00e0 partir de 2014, avec fixation magn\u00e9tique\"}]},{\"@type\":\"WebSite\",\"@id\":\"https:\\\/\\\/shop.bantam.ch\\\/fr\\\/#website\",\"url\":\"https:\\\/\\\/shop.bantam.ch\\\/fr\\\/\",\"name\":\"Bantam Wankm\u00fcller SA\",\"description\":\"\",\"publisher\":{\"@id\":\"https:\\\/\\\/shop.bantam.ch\\\/fr\\\/#organization\"},\"inLanguage\":\"fr-FR\"},{\"@type\":\"Organization\",\"@id\":\"https:\\\/\\\/shop.bantam.ch\\\/fr\\\/#organization\",\"name\":\"Bantam Wankm\u00fcller SA\",\"url\":\"https:\\\/\\\/shop.bantam.ch\\\/fr\\\/\",\"logo\":{\"@type\":\"ImageObject\",\"inLanguage\":\"fr-FR\",\"@id\":\"https:\\\/\\\/shop.bantam.ch\\\/fr\\\/#\\\/schema\\\/logo\\\/image\\\/\",\"url\":\"https:\\\/\\\/shop.bantam.ch\\\/wp-content\\\/uploads\\\/2022\\\/12\\\/bantam-logo.png\",\"contentUrl\":\"https:\\\/\\\/shop.bantam.ch\\\/wp-content\\\/uploads\\\/2022\\\/12\\\/bantam-logo.png\",\"width\":320,\"height\":71,\"caption\":\"Bantam Wankm\u00fcller SA\"},\"image\":{\"@id\":\"https:\\\/\\\/shop.bantam.ch\\\/fr\\\/#\\\/schema\\\/logo\\\/image\\\/\"}}]}<\/script>\n<!-- \/ Yoast SEO plugin. -->","yoast_head_json":{"title":"Tapis int\u00e9rieur thermique Fiat Ducato X290 \u00e0 partir de 2014, avec fixation magn\u00e9tique - Bantam Wankm\u00fcller SA","robots":{"index":"index","follow":"follow","max-snippet":"max-snippet:-1","max-image-preview":"max-image-preview:large","max-video-preview":"max-video-preview:-1"},"canonical":"https:\/\/shop.bantam.ch\/fr\/produit\/tapis-interieur-thermique-fiat-ducato-x290-a-partir-de-2014-avec-fixation-magnetique\/","og_locale":"fr_FR","og_type":"article","og_title":"Tapis int\u00e9rieur thermique Fiat Ducato X290 \u00e0 partir de 2014, avec fixation magn\u00e9tique - Bantam Wankm\u00fcller SA","og_description":"Une protection parfaite pour les vitres de la cabine de conduite contre la chaleur et le froid, mais aussi contre les regards indiscrets. Gr\u00e2ce au mat\u00e9riau isolant multicouche, vous profitez d\u2019une excellente isolation thermique en hiver. Le rev\u00eatement externe argent\u00e9 assure un taux de r\u00e9flexion \u00e9lev\u00e9 des rayons de soleil et \u00e9vite une chaleur excessive [&hellip;]","og_url":"https:\/\/shop.bantam.ch\/fr\/produit\/tapis-interieur-thermique-fiat-ducato-x290-a-partir-de-2014-avec-fixation-magnetique\/","og_site_name":"Bantam Wankm\u00fcller SA","article_modified_time":"2026-04-18T20:29:22+00:00","og_image":[{"width":1000,"height":431,"url":"https:\/\/shop.bantam.ch\/wp-content\/uploads\/2023\/02\/9967833-Thermovorhang_B_ab98_B-SL_01_mit_FHT_mit_Faltver-Standard-03.jpg","type":"image\/jpeg"}],"twitter_card":"summary_large_image","schema":{"@context":"https:\/\/schema.org","@graph":[{"@type":"WebPage","@id":"https:\/\/shop.bantam.ch\/fr\/produit\/tapis-interieur-thermique-fiat-ducato-x290-a-partir-de-2014-avec-fixation-magnetique\/","url":"https:\/\/shop.bantam.ch\/fr\/produit\/tapis-interieur-thermique-fiat-ducato-x290-a-partir-de-2014-avec-fixation-magnetique\/","name":"Tapis int\u00e9rieur thermique Fiat Ducato X290 \u00e0 partir de 2014, avec fixation magn\u00e9tique - Bantam Wankm\u00fcller SA","isPartOf":{"@id":"https:\/\/shop.bantam.ch\/fr\/#website"},"primaryImageOfPage":{"@id":"https:\/\/shop.bantam.ch\/fr\/produit\/tapis-interieur-thermique-fiat-ducato-x290-a-partir-de-2014-avec-fixation-magnetique\/#primaryimage"},"image":{"@id":"https:\/\/shop.bantam.ch\/fr\/produit\/tapis-interieur-thermique-fiat-ducato-x290-a-partir-de-2014-avec-fixation-magnetique\/#primaryimage"},"thumbnailUrl":"https:\/\/shop.bantam.ch\/wp-content\/uploads\/2023\/02\/9967833-Thermovorhang_B_ab98_B-SL_01_mit_FHT_mit_Faltver-Standard-03.jpg","datePublished":"2023-02-28T00:58:34+00:00","dateModified":"2026-04-18T20:29:22+00:00","breadcrumb":{"@id":"https:\/\/shop.bantam.ch\/fr\/produit\/tapis-interieur-thermique-fiat-ducato-x290-a-partir-de-2014-avec-fixation-magnetique\/#breadcrumb"},"inLanguage":"fr-FR","potentialAction":[{"@type":"ReadAction","target":["https:\/\/shop.bantam.ch\/fr\/produit\/tapis-interieur-thermique-fiat-ducato-x290-a-partir-de-2014-avec-fixation-magnetique\/"]}]},{"@type":"ImageObject","inLanguage":"fr-FR","@id":"https:\/\/shop.bantam.ch\/fr\/produit\/tapis-interieur-thermique-fiat-ducato-x290-a-partir-de-2014-avec-fixation-magnetique\/#primaryimage","url":"https:\/\/shop.bantam.ch\/wp-content\/uploads\/2023\/02\/9967833-Thermovorhang_B_ab98_B-SL_01_mit_FHT_mit_Faltver-Standard-03.jpg","contentUrl":"https:\/\/shop.bantam.ch\/wp-content\/uploads\/2023\/02\/9967833-Thermovorhang_B_ab98_B-SL_01_mit_FHT_mit_Faltver-Standard-03.jpg","width":1000,"height":431},{"@type":"BreadcrumbList","@id":"https:\/\/shop.bantam.ch\/fr\/produit\/tapis-interieur-thermique-fiat-ducato-x290-a-partir-de-2014-avec-fixation-magnetique\/#breadcrumb","itemListElement":[{"@type":"ListItem","position":1,"name":"Accueil","item":"https:\/\/shop.bantam.ch\/fr\/"},{"@type":"ListItem","position":2,"name":"Boutique","item":"https:\/\/shop.bantam.ch\/fr\/boutique\/"},{"@type":"ListItem","position":3,"name":"Tapis int\u00e9rieur thermique Fiat Ducato X290 \u00e0 partir de 2014, avec fixation magn\u00e9tique"}]},{"@type":"WebSite","@id":"https:\/\/shop.bantam.ch\/fr\/#website","url":"https:\/\/shop.bantam.ch\/fr\/","name":"Bantam Wankm\u00fcller SA","description":"","publisher":{"@id":"https:\/\/shop.bantam.ch\/fr\/#organization"},"inLanguage":"fr-FR"},{"@type":"Organization","@id":"https:\/\/shop.bantam.ch\/fr\/#organization","name":"Bantam Wankm\u00fcller SA","url":"https:\/\/shop.bantam.ch\/fr\/","logo":{"@type":"ImageObject","inLanguage":"fr-FR","@id":"https:\/\/shop.bantam.ch\/fr\/#\/schema\/logo\/image\/","url":"https:\/\/shop.bantam.ch\/wp-content\/uploads\/2022\/12\/bantam-logo.png","contentUrl":"https:\/\/shop.bantam.ch\/wp-content\/uploads\/2022\/12\/bantam-logo.png","width":320,"height":71,"caption":"Bantam Wankm\u00fcller SA"},"image":{"@id":"https:\/\/shop.bantam.ch\/fr\/#\/schema\/logo\/image\/"}}]}},"_links":{"self":[{"href":"https:\/\/shop.bantam.ch\/fr\/wp-json\/wp\/v2\/product\/82440","targetHints":{"allow":["GET"]}}],"collection":[{"href":"https:\/\/shop.bantam.ch\/fr\/wp-json\/wp\/v2\/product"}],"about":[{"href":"https:\/\/shop.bantam.ch\/fr\/wp-json\/wp\/v2\/types\/product"}],"wp:featuredmedia":[{"embeddable":true,"href":"https:\/\/shop.bantam.ch\/fr\/wp-json\/wp\/v2\/media\/82432"}],"wp:attachment":[{"href":"https:\/\/shop.bantam.ch\/fr\/wp-json\/wp\/v2\/media?parent=82440"}],"wp:term":[{"taxonomy":"product_featured_cat","embeddable":true,"href":"https:\/\/shop.bantam.ch\/fr\/wp-json\/wp\/v2\/product_featured_cat?post=82440"},{"taxonomy":"product_brand","embeddable":true,"href":"https:\/\/shop.bantam.ch\/fr\/wp-json\/wp\/v2\/product_brand?post=82440"},{"taxonomy":"product_cat","embeddable":true,"href":"https:\/\/shop.bantam.ch\/fr\/wp-json\/wp\/v2\/product_cat?post=82440"},{"taxonomy":"product_tag","embeddable":true,"href":"https:\/\/shop.bantam.ch\/fr\/wp-json\/wp\/v2\/product_tag?post=82440"}],"curies":[{"name":"wp","href":"https:\/\/api.w.org\/{rel}","templated":true}]}}