{"id":81964,"date":"2023-02-28T01:49:36","date_gmt":"2023-02-28T00:49:36","guid":{"rendered":"http:\/\/shop.bantam.ch\/produit\/sangle-darrimage-a-cliquet-25-cm-de-large-orange\/"},"modified":"2026-04-18T22:28:24","modified_gmt":"2026-04-18T20:28:24","slug":"sangle-darrimage-a-cliquet-25-cm-de-large-orange","status":"publish","type":"product","link":"https:\/\/shop.bantam.ch\/fr\/produit\/sangle-darrimage-a-cliquet-25-cm-de-large-orange\/","title":{"rendered":"Sangle d\u2019arrimage \u00e0 cliquet, 2,5\u00a0cm de large, orange"},"content":{"rendered":"<p>Sangle d&rsquo;amarrage deux pi\u00e8ces avec cliquet. Crochet en S recouvert de PVC<\/p>\n<ul>\n<li>Charge de traction admise : 400 daN en traction droite<\/li>\n<li>Capacit\u00e9 de charge\u00a0: 680 kg<\/li>\n<\/ul>\n<p>Contenu de la livraison :<br \/>1 pi\u00e8ce<\/p>\n<p>Mat\u00e9riau :<br \/>Sangle : 100 % polyester<\/p>\n","protected":false},"excerpt":{"rendered":"<p>Sangle d&rsquo;amarrage deux pi\u00e8ces avec cliquet. Crochet en S recouvert de PVC Charge de traction admise : 400 daN en traction droite Capacit\u00e9 de charge\u00a0: 680 kg Contenu de la livraison :1 pi\u00e8ce Mat\u00e9riau :Sangle : 100 % polyester<\/p>\n","protected":false},"featured_media":81960,"template":"","meta":{"_acf_changed":false},"product_featured_cat":[],"product_brand":[3118],"product_cat":[4837],"product_tag":[],"class_list":{"0":"post-81964","1":"product","2":"type-product","3":"status-publish","4":"has-post-thumbnail","6":"product_brand-heusser-products","7":"product_cat-sangles-de-tension","9":"first","10":"instock","11":"taxable","12":"shipping-taxable","13":"purchasable","14":"product-type-variable"},"acf":[],"yoast_head":"<!-- This site is optimized with the Yoast SEO plugin v27.4 - https:\/\/yoast.com\/product\/yoast-seo-wordpress\/ -->\n<title>Sangle d\u2019arrimage \u00e0 cliquet, 2,5\u00a0cm de large, orange - Bantam Wankm\u00fcller SA<\/title>\n<meta name=\"robots\" content=\"index, follow, max-snippet:-1, max-image-preview:large, max-video-preview:-1\" \/>\n<link rel=\"canonical\" href=\"https:\/\/shop.bantam.ch\/fr\/produit\/sangle-darrimage-a-cliquet-25-cm-de-large-orange\/\" \/>\n<meta property=\"og:locale\" content=\"fr_FR\" \/>\n<meta property=\"og:type\" content=\"article\" \/>\n<meta property=\"og:title\" content=\"Sangle d\u2019arrimage \u00e0 cliquet, 2,5\u00a0cm de large, orange - Bantam Wankm\u00fcller SA\" \/>\n<meta property=\"og:description\" content=\"Sangle d&rsquo;amarrage deux pi\u00e8ces avec cliquet. Crochet en S recouvert de PVC Charge de traction admise : 400 daN en traction droite Capacit\u00e9 de charge\u00a0: 680 kg Contenu de la livraison :1 pi\u00e8ce Mat\u00e9riau :Sangle : 100 % polyester\" \/>\n<meta property=\"og:url\" content=\"https:\/\/shop.bantam.ch\/fr\/produit\/sangle-darrimage-a-cliquet-25-cm-de-large-orange\/\" \/>\n<meta property=\"og:site_name\" content=\"Bantam Wankm\u00fcller SA\" \/>\n<meta property=\"article:modified_time\" content=\"2026-04-18T20:28:24+00:00\" \/>\n<meta property=\"og:image\" content=\"https:\/\/shop.bantam.ch\/wp-content\/uploads\/2023\/02\/998088011.jpg\" \/>\n\t<meta property=\"og:image:width\" content=\"1000\" \/>\n\t<meta property=\"og:image:height\" content=\"892\" \/>\n\t<meta property=\"og:image:type\" content=\"image\/jpeg\" \/>\n<meta name=\"twitter:card\" content=\"summary_large_image\" \/>\n<script type=\"application\/ld+json\" class=\"yoast-schema-graph\">{\"@context\":\"https:\\\/\\\/schema.org\",\"@graph\":[{\"@type\":\"WebPage\",\"@id\":\"https:\\\/\\\/shop.bantam.ch\\\/fr\\\/produit\\\/sangle-darrimage-a-cliquet-25-cm-de-large-orange\\\/\",\"url\":\"https:\\\/\\\/shop.bantam.ch\\\/fr\\\/produit\\\/sangle-darrimage-a-cliquet-25-cm-de-large-orange\\\/\",\"name\":\"Sangle d\u2019arrimage \u00e0 cliquet, 2,5\u00a0cm de large, orange - Bantam Wankm\u00fcller SA\",\"isPartOf\":{\"@id\":\"https:\\\/\\\/shop.bantam.ch\\\/fr\\\/#website\"},\"primaryImageOfPage\":{\"@id\":\"https:\\\/\\\/shop.bantam.ch\\\/fr\\\/produit\\\/sangle-darrimage-a-cliquet-25-cm-de-large-orange\\\/#primaryimage\"},\"image\":{\"@id\":\"https:\\\/\\\/shop.bantam.ch\\\/fr\\\/produit\\\/sangle-darrimage-a-cliquet-25-cm-de-large-orange\\\/#primaryimage\"},\"thumbnailUrl\":\"https:\\\/\\\/shop.bantam.ch\\\/wp-content\\\/uploads\\\/2023\\\/02\\\/998088011.jpg\",\"datePublished\":\"2023-02-28T00:49:36+00:00\",\"dateModified\":\"2026-04-18T20:28:24+00:00\",\"breadcrumb\":{\"@id\":\"https:\\\/\\\/shop.bantam.ch\\\/fr\\\/produit\\\/sangle-darrimage-a-cliquet-25-cm-de-large-orange\\\/#breadcrumb\"},\"inLanguage\":\"fr-FR\",\"potentialAction\":[{\"@type\":\"ReadAction\",\"target\":[\"https:\\\/\\\/shop.bantam.ch\\\/fr\\\/produit\\\/sangle-darrimage-a-cliquet-25-cm-de-large-orange\\\/\"]}]},{\"@type\":\"ImageObject\",\"inLanguage\":\"fr-FR\",\"@id\":\"https:\\\/\\\/shop.bantam.ch\\\/fr\\\/produit\\\/sangle-darrimage-a-cliquet-25-cm-de-large-orange\\\/#primaryimage\",\"url\":\"https:\\\/\\\/shop.bantam.ch\\\/wp-content\\\/uploads\\\/2023\\\/02\\\/998088011.jpg\",\"contentUrl\":\"https:\\\/\\\/shop.bantam.ch\\\/wp-content\\\/uploads\\\/2023\\\/02\\\/998088011.jpg\",\"width\":1000,\"height\":892},{\"@type\":\"BreadcrumbList\",\"@id\":\"https:\\\/\\\/shop.bantam.ch\\\/fr\\\/produit\\\/sangle-darrimage-a-cliquet-25-cm-de-large-orange\\\/#breadcrumb\",\"itemListElement\":[{\"@type\":\"ListItem\",\"position\":1,\"name\":\"Accueil\",\"item\":\"https:\\\/\\\/shop.bantam.ch\\\/fr\\\/\"},{\"@type\":\"ListItem\",\"position\":2,\"name\":\"Boutique\",\"item\":\"https:\\\/\\\/shop.bantam.ch\\\/fr\\\/boutique\\\/\"},{\"@type\":\"ListItem\",\"position\":3,\"name\":\"Sangle d\u2019arrimage \u00e0 cliquet, 2,5\u00a0cm de large, orange\"}]},{\"@type\":\"WebSite\",\"@id\":\"https:\\\/\\\/shop.bantam.ch\\\/fr\\\/#website\",\"url\":\"https:\\\/\\\/shop.bantam.ch\\\/fr\\\/\",\"name\":\"Bantam Wankm\u00fcller SA\",\"description\":\"\",\"publisher\":{\"@id\":\"https:\\\/\\\/shop.bantam.ch\\\/fr\\\/#organization\"},\"inLanguage\":\"fr-FR\"},{\"@type\":\"Organization\",\"@id\":\"https:\\\/\\\/shop.bantam.ch\\\/fr\\\/#organization\",\"name\":\"Bantam Wankm\u00fcller SA\",\"url\":\"https:\\\/\\\/shop.bantam.ch\\\/fr\\\/\",\"logo\":{\"@type\":\"ImageObject\",\"inLanguage\":\"fr-FR\",\"@id\":\"https:\\\/\\\/shop.bantam.ch\\\/fr\\\/#\\\/schema\\\/logo\\\/image\\\/\",\"url\":\"https:\\\/\\\/shop.bantam.ch\\\/wp-content\\\/uploads\\\/2022\\\/12\\\/bantam-logo.png\",\"contentUrl\":\"https:\\\/\\\/shop.bantam.ch\\\/wp-content\\\/uploads\\\/2022\\\/12\\\/bantam-logo.png\",\"width\":320,\"height\":71,\"caption\":\"Bantam Wankm\u00fcller SA\"},\"image\":{\"@id\":\"https:\\\/\\\/shop.bantam.ch\\\/fr\\\/#\\\/schema\\\/logo\\\/image\\\/\"}}]}<\/script>\n<!-- \/ Yoast SEO plugin. -->","yoast_head_json":{"title":"Sangle d\u2019arrimage \u00e0 cliquet, 2,5\u00a0cm de large, orange - Bantam Wankm\u00fcller SA","robots":{"index":"index","follow":"follow","max-snippet":"max-snippet:-1","max-image-preview":"max-image-preview:large","max-video-preview":"max-video-preview:-1"},"canonical":"https:\/\/shop.bantam.ch\/fr\/produit\/sangle-darrimage-a-cliquet-25-cm-de-large-orange\/","og_locale":"fr_FR","og_type":"article","og_title":"Sangle d\u2019arrimage \u00e0 cliquet, 2,5\u00a0cm de large, orange - Bantam Wankm\u00fcller SA","og_description":"Sangle d&rsquo;amarrage deux pi\u00e8ces avec cliquet. Crochet en S recouvert de PVC Charge de traction admise : 400 daN en traction droite Capacit\u00e9 de charge\u00a0: 680 kg Contenu de la livraison :1 pi\u00e8ce Mat\u00e9riau :Sangle : 100 % polyester","og_url":"https:\/\/shop.bantam.ch\/fr\/produit\/sangle-darrimage-a-cliquet-25-cm-de-large-orange\/","og_site_name":"Bantam Wankm\u00fcller SA","article_modified_time":"2026-04-18T20:28:24+00:00","og_image":[{"width":1000,"height":892,"url":"https:\/\/shop.bantam.ch\/wp-content\/uploads\/2023\/02\/998088011.jpg","type":"image\/jpeg"}],"twitter_card":"summary_large_image","schema":{"@context":"https:\/\/schema.org","@graph":[{"@type":"WebPage","@id":"https:\/\/shop.bantam.ch\/fr\/produit\/sangle-darrimage-a-cliquet-25-cm-de-large-orange\/","url":"https:\/\/shop.bantam.ch\/fr\/produit\/sangle-darrimage-a-cliquet-25-cm-de-large-orange\/","name":"Sangle d\u2019arrimage \u00e0 cliquet, 2,5\u00a0cm de large, orange - Bantam Wankm\u00fcller SA","isPartOf":{"@id":"https:\/\/shop.bantam.ch\/fr\/#website"},"primaryImageOfPage":{"@id":"https:\/\/shop.bantam.ch\/fr\/produit\/sangle-darrimage-a-cliquet-25-cm-de-large-orange\/#primaryimage"},"image":{"@id":"https:\/\/shop.bantam.ch\/fr\/produit\/sangle-darrimage-a-cliquet-25-cm-de-large-orange\/#primaryimage"},"thumbnailUrl":"https:\/\/shop.bantam.ch\/wp-content\/uploads\/2023\/02\/998088011.jpg","datePublished":"2023-02-28T00:49:36+00:00","dateModified":"2026-04-18T20:28:24+00:00","breadcrumb":{"@id":"https:\/\/shop.bantam.ch\/fr\/produit\/sangle-darrimage-a-cliquet-25-cm-de-large-orange\/#breadcrumb"},"inLanguage":"fr-FR","potentialAction":[{"@type":"ReadAction","target":["https:\/\/shop.bantam.ch\/fr\/produit\/sangle-darrimage-a-cliquet-25-cm-de-large-orange\/"]}]},{"@type":"ImageObject","inLanguage":"fr-FR","@id":"https:\/\/shop.bantam.ch\/fr\/produit\/sangle-darrimage-a-cliquet-25-cm-de-large-orange\/#primaryimage","url":"https:\/\/shop.bantam.ch\/wp-content\/uploads\/2023\/02\/998088011.jpg","contentUrl":"https:\/\/shop.bantam.ch\/wp-content\/uploads\/2023\/02\/998088011.jpg","width":1000,"height":892},{"@type":"BreadcrumbList","@id":"https:\/\/shop.bantam.ch\/fr\/produit\/sangle-darrimage-a-cliquet-25-cm-de-large-orange\/#breadcrumb","itemListElement":[{"@type":"ListItem","position":1,"name":"Accueil","item":"https:\/\/shop.bantam.ch\/fr\/"},{"@type":"ListItem","position":2,"name":"Boutique","item":"https:\/\/shop.bantam.ch\/fr\/boutique\/"},{"@type":"ListItem","position":3,"name":"Sangle d\u2019arrimage \u00e0 cliquet, 2,5\u00a0cm de large, orange"}]},{"@type":"WebSite","@id":"https:\/\/shop.bantam.ch\/fr\/#website","url":"https:\/\/shop.bantam.ch\/fr\/","name":"Bantam Wankm\u00fcller SA","description":"","publisher":{"@id":"https:\/\/shop.bantam.ch\/fr\/#organization"},"inLanguage":"fr-FR"},{"@type":"Organization","@id":"https:\/\/shop.bantam.ch\/fr\/#organization","name":"Bantam Wankm\u00fcller SA","url":"https:\/\/shop.bantam.ch\/fr\/","logo":{"@type":"ImageObject","inLanguage":"fr-FR","@id":"https:\/\/shop.bantam.ch\/fr\/#\/schema\/logo\/image\/","url":"https:\/\/shop.bantam.ch\/wp-content\/uploads\/2022\/12\/bantam-logo.png","contentUrl":"https:\/\/shop.bantam.ch\/wp-content\/uploads\/2022\/12\/bantam-logo.png","width":320,"height":71,"caption":"Bantam Wankm\u00fcller SA"},"image":{"@id":"https:\/\/shop.bantam.ch\/fr\/#\/schema\/logo\/image\/"}}]}},"_links":{"self":[{"href":"https:\/\/shop.bantam.ch\/fr\/wp-json\/wp\/v2\/product\/81964","targetHints":{"allow":["GET"]}}],"collection":[{"href":"https:\/\/shop.bantam.ch\/fr\/wp-json\/wp\/v2\/product"}],"about":[{"href":"https:\/\/shop.bantam.ch\/fr\/wp-json\/wp\/v2\/types\/product"}],"wp:featuredmedia":[{"embeddable":true,"href":"https:\/\/shop.bantam.ch\/fr\/wp-json\/wp\/v2\/media\/81960"}],"wp:attachment":[{"href":"https:\/\/shop.bantam.ch\/fr\/wp-json\/wp\/v2\/media?parent=81964"}],"wp:term":[{"taxonomy":"product_featured_cat","embeddable":true,"href":"https:\/\/shop.bantam.ch\/fr\/wp-json\/wp\/v2\/product_featured_cat?post=81964"},{"taxonomy":"product_brand","embeddable":true,"href":"https:\/\/shop.bantam.ch\/fr\/wp-json\/wp\/v2\/product_brand?post=81964"},{"taxonomy":"product_cat","embeddable":true,"href":"https:\/\/shop.bantam.ch\/fr\/wp-json\/wp\/v2\/product_cat?post=81964"},{"taxonomy":"product_tag","embeddable":true,"href":"https:\/\/shop.bantam.ch\/fr\/wp-json\/wp\/v2\/product_tag?post=81964"}],"curies":[{"name":"wp","href":"https:\/\/api.w.org\/{rel}","templated":true}]}}