{"id":80732,"date":"2023-02-28T01:37:39","date_gmt":"2023-02-28T00:37:39","guid":{"rendered":"http:\/\/shop.bantam.ch\/produit\/reservoir-de-compensation-de-pression-2\/"},"modified":"2026-04-17T21:23:27","modified_gmt":"2026-04-17T19:23:27","slug":"reservoir-de-compensation-de-pression-2","status":"publish","type":"product","link":"https:\/\/shop.bantam.ch\/fr\/produit\/reservoir-de-compensation-de-pression-2\/","title":{"rendered":"R\u00e9servoir compens. Pression Lilie"},"content":{"rendered":"<p>Pour un pr\u00e9l\u00e8vement d&rsquo;eau tout confort. Une bulle d&rsquo;air \u00e0 pression constante est entour\u00e9e d&rsquo;une membrane souple. La pression de la bulle d&rsquo;air est pr\u00e9r\u00e9gl\u00e9e \u00e0 1,4 bar et peut \u00eatre modifi\u00e9e avec une pompe \u00e0 v\u00e9lo. Fonctionnement optimal si cette valeur est proche de la pression de red\u00e9marrage de la pompe. <\/p>\n<ul>\n<li>Doux et silencieux, sans \u00e9claboussures ni pulsations<\/li>\n<li>Dur\u00e9e de vie prolong\u00e9e de la pompe \u00e0 membrane \u00e0 eau sous pression<\/li>\n<li>Temps de mise en marche et d&rsquo;arr\u00eat r\u00e9duits<\/li>\n<li>Peut \u00eatre mont\u00e9 dans n&rsquo;importe quelle position<\/li>\n<li>Forme extr\u00eamement compacte<\/li>\n<li>Entreposage amorti sur pieds en caoutchouc<\/li>\n<li>Ne n\u00e9cessite aucune alimentation \u00e9lectrique<\/li>\n<li>Pr\u00e9servation de la batterie<\/li>\n<li>Poids faible<\/li>\n<li>Certifi\u00e9 selon KTW\/W270, donc apte au pompage d&rsquo;eau potable<\/li>\n<\/ul>\n","protected":false},"excerpt":{"rendered":"<p>Pour un pr\u00e9l\u00e8vement d&rsquo;eau tout confort. Une bulle d&rsquo;air \u00e0 pression constante est entour\u00e9e d&rsquo;une membrane souple. La pression de la bulle d&rsquo;air est pr\u00e9r\u00e9gl\u00e9e \u00e0 1,4 bar et peut \u00eatre modifi\u00e9e avec une pompe \u00e0 v\u00e9lo. Fonctionnement optimal si cette valeur est proche de la pression de red\u00e9marrage de la pompe. Doux et silencieux, [&hellip;]<\/p>\n","protected":false},"featured_media":80730,"template":"","meta":{"_acf_changed":false},"product_featured_cat":[],"product_brand":[3108],"product_cat":[4623],"product_tag":[],"class_list":{"0":"post-80732","1":"product","2":"type-product","3":"status-publish","4":"has-post-thumbnail","6":"product_brand-lilie","7":"product_cat-accessoires-de-reservoir","9":"first","10":"instock","11":"taxable","12":"shipping-taxable","13":"purchasable","14":"product-type-simple"},"acf":[],"yoast_head":"<!-- This site is optimized with the Yoast SEO plugin v27.4 - https:\/\/yoast.com\/product\/yoast-seo-wordpress\/ -->\n<title>R\u00e9servoir compens. Pression Lilie - Bantam Wankm\u00fcller SA<\/title>\n<meta name=\"robots\" content=\"index, follow, max-snippet:-1, max-image-preview:large, max-video-preview:-1\" \/>\n<link rel=\"canonical\" href=\"https:\/\/shop.bantam.ch\/fr\/produit\/reservoir-de-compensation-de-pression-2\/\" \/>\n<meta property=\"og:locale\" content=\"fr_FR\" \/>\n<meta property=\"og:type\" content=\"article\" \/>\n<meta property=\"og:title\" content=\"R\u00e9servoir compens. Pression Lilie - Bantam Wankm\u00fcller SA\" \/>\n<meta property=\"og:description\" content=\"Pour un pr\u00e9l\u00e8vement d&rsquo;eau tout confort. Une bulle d&rsquo;air \u00e0 pression constante est entour\u00e9e d&rsquo;une membrane souple. La pression de la bulle d&rsquo;air est pr\u00e9r\u00e9gl\u00e9e \u00e0 1,4 bar et peut \u00eatre modifi\u00e9e avec une pompe \u00e0 v\u00e9lo. Fonctionnement optimal si cette valeur est proche de la pression de red\u00e9marrage de la pompe. Doux et silencieux, [&hellip;]\" \/>\n<meta property=\"og:url\" content=\"https:\/\/shop.bantam.ch\/fr\/produit\/reservoir-de-compensation-de-pression-2\/\" \/>\n<meta property=\"og:site_name\" content=\"Bantam Wankm\u00fcller SA\" \/>\n<meta property=\"article:modified_time\" content=\"2026-04-17T19:23:27+00:00\" \/>\n<meta property=\"og:image\" content=\"https:\/\/shop.bantam.ch\/wp-content\/uploads\/2023\/02\/993206711.jpg\" \/>\n\t<meta property=\"og:image:width\" content=\"1000\" \/>\n\t<meta property=\"og:image:height\" content=\"683\" \/>\n\t<meta property=\"og:image:type\" content=\"image\/jpeg\" \/>\n<meta name=\"twitter:card\" content=\"summary_large_image\" \/>\n<meta name=\"twitter:label1\" content=\"Dur\u00e9e de lecture estim\u00e9e\" \/>\n\t<meta name=\"twitter:data1\" content=\"1 minute\" \/>\n<script type=\"application\/ld+json\" class=\"yoast-schema-graph\">{\"@context\":\"https:\\\/\\\/schema.org\",\"@graph\":[{\"@type\":\"WebPage\",\"@id\":\"https:\\\/\\\/shop.bantam.ch\\\/fr\\\/produit\\\/reservoir-de-compensation-de-pression-2\\\/\",\"url\":\"https:\\\/\\\/shop.bantam.ch\\\/fr\\\/produit\\\/reservoir-de-compensation-de-pression-2\\\/\",\"name\":\"R\u00e9servoir compens. Pression Lilie - Bantam Wankm\u00fcller SA\",\"isPartOf\":{\"@id\":\"https:\\\/\\\/shop.bantam.ch\\\/fr\\\/#website\"},\"primaryImageOfPage\":{\"@id\":\"https:\\\/\\\/shop.bantam.ch\\\/fr\\\/produit\\\/reservoir-de-compensation-de-pression-2\\\/#primaryimage\"},\"image\":{\"@id\":\"https:\\\/\\\/shop.bantam.ch\\\/fr\\\/produit\\\/reservoir-de-compensation-de-pression-2\\\/#primaryimage\"},\"thumbnailUrl\":\"https:\\\/\\\/shop.bantam.ch\\\/wp-content\\\/uploads\\\/2023\\\/02\\\/993206711.jpg\",\"datePublished\":\"2023-02-28T00:37:39+00:00\",\"dateModified\":\"2026-04-17T19:23:27+00:00\",\"breadcrumb\":{\"@id\":\"https:\\\/\\\/shop.bantam.ch\\\/fr\\\/produit\\\/reservoir-de-compensation-de-pression-2\\\/#breadcrumb\"},\"inLanguage\":\"fr-FR\",\"potentialAction\":[{\"@type\":\"ReadAction\",\"target\":[\"https:\\\/\\\/shop.bantam.ch\\\/fr\\\/produit\\\/reservoir-de-compensation-de-pression-2\\\/\"]}]},{\"@type\":\"ImageObject\",\"inLanguage\":\"fr-FR\",\"@id\":\"https:\\\/\\\/shop.bantam.ch\\\/fr\\\/produit\\\/reservoir-de-compensation-de-pression-2\\\/#primaryimage\",\"url\":\"https:\\\/\\\/shop.bantam.ch\\\/wp-content\\\/uploads\\\/2023\\\/02\\\/993206711.jpg\",\"contentUrl\":\"https:\\\/\\\/shop.bantam.ch\\\/wp-content\\\/uploads\\\/2023\\\/02\\\/993206711.jpg\",\"width\":1000,\"height\":683},{\"@type\":\"BreadcrumbList\",\"@id\":\"https:\\\/\\\/shop.bantam.ch\\\/fr\\\/produit\\\/reservoir-de-compensation-de-pression-2\\\/#breadcrumb\",\"itemListElement\":[{\"@type\":\"ListItem\",\"position\":1,\"name\":\"Accueil\",\"item\":\"https:\\\/\\\/shop.bantam.ch\\\/fr\\\/\"},{\"@type\":\"ListItem\",\"position\":2,\"name\":\"Boutique\",\"item\":\"https:\\\/\\\/shop.bantam.ch\\\/fr\\\/boutique\\\/\"},{\"@type\":\"ListItem\",\"position\":3,\"name\":\"R\u00e9servoir compens. Pression Lilie\"}]},{\"@type\":\"WebSite\",\"@id\":\"https:\\\/\\\/shop.bantam.ch\\\/fr\\\/#website\",\"url\":\"https:\\\/\\\/shop.bantam.ch\\\/fr\\\/\",\"name\":\"Bantam Wankm\u00fcller SA\",\"description\":\"\",\"publisher\":{\"@id\":\"https:\\\/\\\/shop.bantam.ch\\\/fr\\\/#organization\"},\"inLanguage\":\"fr-FR\"},{\"@type\":\"Organization\",\"@id\":\"https:\\\/\\\/shop.bantam.ch\\\/fr\\\/#organization\",\"name\":\"Bantam Wankm\u00fcller SA\",\"url\":\"https:\\\/\\\/shop.bantam.ch\\\/fr\\\/\",\"logo\":{\"@type\":\"ImageObject\",\"inLanguage\":\"fr-FR\",\"@id\":\"https:\\\/\\\/shop.bantam.ch\\\/fr\\\/#\\\/schema\\\/logo\\\/image\\\/\",\"url\":\"https:\\\/\\\/shop.bantam.ch\\\/wp-content\\\/uploads\\\/2022\\\/12\\\/bantam-logo.png\",\"contentUrl\":\"https:\\\/\\\/shop.bantam.ch\\\/wp-content\\\/uploads\\\/2022\\\/12\\\/bantam-logo.png\",\"width\":320,\"height\":71,\"caption\":\"Bantam Wankm\u00fcller SA\"},\"image\":{\"@id\":\"https:\\\/\\\/shop.bantam.ch\\\/fr\\\/#\\\/schema\\\/logo\\\/image\\\/\"}}]}<\/script>\n<!-- \/ Yoast SEO plugin. -->","yoast_head_json":{"title":"R\u00e9servoir compens. Pression Lilie - Bantam Wankm\u00fcller SA","robots":{"index":"index","follow":"follow","max-snippet":"max-snippet:-1","max-image-preview":"max-image-preview:large","max-video-preview":"max-video-preview:-1"},"canonical":"https:\/\/shop.bantam.ch\/fr\/produit\/reservoir-de-compensation-de-pression-2\/","og_locale":"fr_FR","og_type":"article","og_title":"R\u00e9servoir compens. Pression Lilie - Bantam Wankm\u00fcller SA","og_description":"Pour un pr\u00e9l\u00e8vement d&rsquo;eau tout confort. Une bulle d&rsquo;air \u00e0 pression constante est entour\u00e9e d&rsquo;une membrane souple. La pression de la bulle d&rsquo;air est pr\u00e9r\u00e9gl\u00e9e \u00e0 1,4 bar et peut \u00eatre modifi\u00e9e avec une pompe \u00e0 v\u00e9lo. Fonctionnement optimal si cette valeur est proche de la pression de red\u00e9marrage de la pompe. Doux et silencieux, [&hellip;]","og_url":"https:\/\/shop.bantam.ch\/fr\/produit\/reservoir-de-compensation-de-pression-2\/","og_site_name":"Bantam Wankm\u00fcller SA","article_modified_time":"2026-04-17T19:23:27+00:00","og_image":[{"width":1000,"height":683,"url":"https:\/\/shop.bantam.ch\/wp-content\/uploads\/2023\/02\/993206711.jpg","type":"image\/jpeg"}],"twitter_card":"summary_large_image","twitter_misc":{"Dur\u00e9e de lecture estim\u00e9e":"1 minute"},"schema":{"@context":"https:\/\/schema.org","@graph":[{"@type":"WebPage","@id":"https:\/\/shop.bantam.ch\/fr\/produit\/reservoir-de-compensation-de-pression-2\/","url":"https:\/\/shop.bantam.ch\/fr\/produit\/reservoir-de-compensation-de-pression-2\/","name":"R\u00e9servoir compens. Pression Lilie - Bantam Wankm\u00fcller SA","isPartOf":{"@id":"https:\/\/shop.bantam.ch\/fr\/#website"},"primaryImageOfPage":{"@id":"https:\/\/shop.bantam.ch\/fr\/produit\/reservoir-de-compensation-de-pression-2\/#primaryimage"},"image":{"@id":"https:\/\/shop.bantam.ch\/fr\/produit\/reservoir-de-compensation-de-pression-2\/#primaryimage"},"thumbnailUrl":"https:\/\/shop.bantam.ch\/wp-content\/uploads\/2023\/02\/993206711.jpg","datePublished":"2023-02-28T00:37:39+00:00","dateModified":"2026-04-17T19:23:27+00:00","breadcrumb":{"@id":"https:\/\/shop.bantam.ch\/fr\/produit\/reservoir-de-compensation-de-pression-2\/#breadcrumb"},"inLanguage":"fr-FR","potentialAction":[{"@type":"ReadAction","target":["https:\/\/shop.bantam.ch\/fr\/produit\/reservoir-de-compensation-de-pression-2\/"]}]},{"@type":"ImageObject","inLanguage":"fr-FR","@id":"https:\/\/shop.bantam.ch\/fr\/produit\/reservoir-de-compensation-de-pression-2\/#primaryimage","url":"https:\/\/shop.bantam.ch\/wp-content\/uploads\/2023\/02\/993206711.jpg","contentUrl":"https:\/\/shop.bantam.ch\/wp-content\/uploads\/2023\/02\/993206711.jpg","width":1000,"height":683},{"@type":"BreadcrumbList","@id":"https:\/\/shop.bantam.ch\/fr\/produit\/reservoir-de-compensation-de-pression-2\/#breadcrumb","itemListElement":[{"@type":"ListItem","position":1,"name":"Accueil","item":"https:\/\/shop.bantam.ch\/fr\/"},{"@type":"ListItem","position":2,"name":"Boutique","item":"https:\/\/shop.bantam.ch\/fr\/boutique\/"},{"@type":"ListItem","position":3,"name":"R\u00e9servoir compens. Pression Lilie"}]},{"@type":"WebSite","@id":"https:\/\/shop.bantam.ch\/fr\/#website","url":"https:\/\/shop.bantam.ch\/fr\/","name":"Bantam Wankm\u00fcller SA","description":"","publisher":{"@id":"https:\/\/shop.bantam.ch\/fr\/#organization"},"inLanguage":"fr-FR"},{"@type":"Organization","@id":"https:\/\/shop.bantam.ch\/fr\/#organization","name":"Bantam Wankm\u00fcller SA","url":"https:\/\/shop.bantam.ch\/fr\/","logo":{"@type":"ImageObject","inLanguage":"fr-FR","@id":"https:\/\/shop.bantam.ch\/fr\/#\/schema\/logo\/image\/","url":"https:\/\/shop.bantam.ch\/wp-content\/uploads\/2022\/12\/bantam-logo.png","contentUrl":"https:\/\/shop.bantam.ch\/wp-content\/uploads\/2022\/12\/bantam-logo.png","width":320,"height":71,"caption":"Bantam Wankm\u00fcller SA"},"image":{"@id":"https:\/\/shop.bantam.ch\/fr\/#\/schema\/logo\/image\/"}}]}},"_links":{"self":[{"href":"https:\/\/shop.bantam.ch\/fr\/wp-json\/wp\/v2\/product\/80732","targetHints":{"allow":["GET"]}}],"collection":[{"href":"https:\/\/shop.bantam.ch\/fr\/wp-json\/wp\/v2\/product"}],"about":[{"href":"https:\/\/shop.bantam.ch\/fr\/wp-json\/wp\/v2\/types\/product"}],"wp:featuredmedia":[{"embeddable":true,"href":"https:\/\/shop.bantam.ch\/fr\/wp-json\/wp\/v2\/media\/80730"}],"wp:attachment":[{"href":"https:\/\/shop.bantam.ch\/fr\/wp-json\/wp\/v2\/media?parent=80732"}],"wp:term":[{"taxonomy":"product_featured_cat","embeddable":true,"href":"https:\/\/shop.bantam.ch\/fr\/wp-json\/wp\/v2\/product_featured_cat?post=80732"},{"taxonomy":"product_brand","embeddable":true,"href":"https:\/\/shop.bantam.ch\/fr\/wp-json\/wp\/v2\/product_brand?post=80732"},{"taxonomy":"product_cat","embeddable":true,"href":"https:\/\/shop.bantam.ch\/fr\/wp-json\/wp\/v2\/product_cat?post=80732"},{"taxonomy":"product_tag","embeddable":true,"href":"https:\/\/shop.bantam.ch\/fr\/wp-json\/wp\/v2\/product_tag?post=80732"}],"curies":[{"name":"wp","href":"https:\/\/api.w.org\/{rel}","templated":true}]}}