{"id":80708,"date":"2023-02-28T01:37:06","date_gmt":"2023-02-28T00:37:06","guid":{"rendered":"http:\/\/shop.bantam.ch\/produit\/lot-de-clips-pour-fermeture-hermetique-de-sachets-easyfresh-10-pieces\/"},"modified":"2026-04-17T21:23:26","modified_gmt":"2026-04-17T19:23:26","slug":"lot-de-clips-pour-fermeture-hermetique-de-sachets-easyfresh-10-pieces","status":"publish","type":"product","link":"https:\/\/shop.bantam.ch\/fr\/produit\/lot-de-clips-pour-fermeture-hermetique-de-sachets-easyfresh-10-pieces\/","title":{"rendered":"Lot de fermetures de sachets Gimex EasyFresh 10 pcs"},"content":{"rendered":"<p>Les clips pour fermeture herm\u00e9tique de sachets EasyFresh sont les accessoires parfaits au nombreuses possibilit\u00e9s d\u2019utilisation. De plus, ils se font tr\u00e8s discrets ! Ils garantissent une fermeture herm\u00e9tique des sachets et pr\u00e9servent ainsi tous les ar\u00f4mes et la saveur des aliments. Le contenu reste frais, aucune odeur ne s&rsquo;\u00e9chappe, le go\u00fbt et la saveur des aliments restent pr\u00e9serv\u00e9s. Gr\u00e2ce aux clips de fermeture, les sachets entam\u00e9s peuvent \u00eatre rang\u00e9s pour un maximum de gain de place. La cong\u00e9lation est \u00e9galement possible avec EasyFresh et m\u00eame les liquides tels que les soupes ou les sauces b\u00e9n\u00e9ficient d\u2019une fermeture herm\u00e9tique. Les clips de fermeture EasyFresh offrent un rangement gain de place et se glissent dans le tiroir \u00e0 couverts.<\/p>\n","protected":false},"excerpt":{"rendered":"<p>Les clips pour fermeture herm\u00e9tique de sachets EasyFresh sont les accessoires parfaits au nombreuses possibilit\u00e9s d\u2019utilisation. De plus, ils se font tr\u00e8s discrets ! Ils garantissent une fermeture herm\u00e9tique des sachets et pr\u00e9servent ainsi tous les ar\u00f4mes et la saveur des aliments. Le contenu reste frais, aucune odeur ne s&rsquo;\u00e9chappe, le go\u00fbt et la saveur [&hellip;]<\/p>\n","protected":false},"featured_media":80704,"template":"","meta":{"_acf_changed":false},"product_featured_cat":[],"product_brand":[3276],"product_cat":[4285],"product_tag":[],"class_list":{"0":"post-80708","1":"product","2":"type-product","3":"status-publish","4":"has-post-thumbnail","6":"product_brand-gimex","7":"product_cat-ustensiles-de-cuisine","9":"first","10":"instock","11":"taxable","12":"shipping-taxable","13":"purchasable","14":"product-type-simple"},"acf":[],"yoast_head":"<!-- This site is optimized with the Yoast SEO plugin v27.4 - https:\/\/yoast.com\/product\/yoast-seo-wordpress\/ -->\n<title>Lot de fermetures de sachets Gimex EasyFresh 10 pcs - Bantam Wankm\u00fcller SA<\/title>\n<meta name=\"robots\" content=\"index, follow, max-snippet:-1, max-image-preview:large, max-video-preview:-1\" \/>\n<link rel=\"canonical\" href=\"https:\/\/shop.bantam.ch\/fr\/produit\/lot-de-clips-pour-fermeture-hermetique-de-sachets-easyfresh-10-pieces\/\" \/>\n<meta property=\"og:locale\" content=\"fr_FR\" \/>\n<meta property=\"og:type\" content=\"article\" \/>\n<meta property=\"og:title\" content=\"Lot de fermetures de sachets Gimex EasyFresh 10 pcs - Bantam Wankm\u00fcller SA\" \/>\n<meta property=\"og:description\" content=\"Les clips pour fermeture herm\u00e9tique de sachets EasyFresh sont les accessoires parfaits au nombreuses possibilit\u00e9s d\u2019utilisation. De plus, ils se font tr\u00e8s discrets ! Ils garantissent une fermeture herm\u00e9tique des sachets et pr\u00e9servent ainsi tous les ar\u00f4mes et la saveur des aliments. Le contenu reste frais, aucune odeur ne s&rsquo;\u00e9chappe, le go\u00fbt et la saveur [&hellip;]\" \/>\n<meta property=\"og:url\" content=\"https:\/\/shop.bantam.ch\/fr\/produit\/lot-de-clips-pour-fermeture-hermetique-de-sachets-easyfresh-10-pieces\/\" \/>\n<meta property=\"og:site_name\" content=\"Bantam Wankm\u00fcller SA\" \/>\n<meta property=\"article:modified_time\" content=\"2026-04-17T19:23:26+00:00\" \/>\n<meta property=\"og:image\" content=\"https:\/\/shop.bantam.ch\/wp-content\/uploads\/2023\/02\/995475811.jpg\" \/>\n\t<meta property=\"og:image:width\" content=\"600\" \/>\n\t<meta property=\"og:image:height\" content=\"1115\" \/>\n\t<meta property=\"og:image:type\" content=\"image\/jpeg\" \/>\n<meta name=\"twitter:card\" content=\"summary_large_image\" \/>\n<meta name=\"twitter:label1\" content=\"Dur\u00e9e de lecture estim\u00e9e\" \/>\n\t<meta name=\"twitter:data1\" content=\"1 minute\" \/>\n<script type=\"application\/ld+json\" class=\"yoast-schema-graph\">{\"@context\":\"https:\\\/\\\/schema.org\",\"@graph\":[{\"@type\":\"WebPage\",\"@id\":\"https:\\\/\\\/shop.bantam.ch\\\/fr\\\/produit\\\/lot-de-clips-pour-fermeture-hermetique-de-sachets-easyfresh-10-pieces\\\/\",\"url\":\"https:\\\/\\\/shop.bantam.ch\\\/fr\\\/produit\\\/lot-de-clips-pour-fermeture-hermetique-de-sachets-easyfresh-10-pieces\\\/\",\"name\":\"Lot de fermetures de sachets Gimex EasyFresh 10 pcs - Bantam Wankm\u00fcller SA\",\"isPartOf\":{\"@id\":\"https:\\\/\\\/shop.bantam.ch\\\/fr\\\/#website\"},\"primaryImageOfPage\":{\"@id\":\"https:\\\/\\\/shop.bantam.ch\\\/fr\\\/produit\\\/lot-de-clips-pour-fermeture-hermetique-de-sachets-easyfresh-10-pieces\\\/#primaryimage\"},\"image\":{\"@id\":\"https:\\\/\\\/shop.bantam.ch\\\/fr\\\/produit\\\/lot-de-clips-pour-fermeture-hermetique-de-sachets-easyfresh-10-pieces\\\/#primaryimage\"},\"thumbnailUrl\":\"https:\\\/\\\/shop.bantam.ch\\\/wp-content\\\/uploads\\\/2023\\\/02\\\/995475811.jpg\",\"datePublished\":\"2023-02-28T00:37:06+00:00\",\"dateModified\":\"2026-04-17T19:23:26+00:00\",\"breadcrumb\":{\"@id\":\"https:\\\/\\\/shop.bantam.ch\\\/fr\\\/produit\\\/lot-de-clips-pour-fermeture-hermetique-de-sachets-easyfresh-10-pieces\\\/#breadcrumb\"},\"inLanguage\":\"fr-FR\",\"potentialAction\":[{\"@type\":\"ReadAction\",\"target\":[\"https:\\\/\\\/shop.bantam.ch\\\/fr\\\/produit\\\/lot-de-clips-pour-fermeture-hermetique-de-sachets-easyfresh-10-pieces\\\/\"]}]},{\"@type\":\"ImageObject\",\"inLanguage\":\"fr-FR\",\"@id\":\"https:\\\/\\\/shop.bantam.ch\\\/fr\\\/produit\\\/lot-de-clips-pour-fermeture-hermetique-de-sachets-easyfresh-10-pieces\\\/#primaryimage\",\"url\":\"https:\\\/\\\/shop.bantam.ch\\\/wp-content\\\/uploads\\\/2023\\\/02\\\/995475811.jpg\",\"contentUrl\":\"https:\\\/\\\/shop.bantam.ch\\\/wp-content\\\/uploads\\\/2023\\\/02\\\/995475811.jpg\",\"width\":600,\"height\":1115},{\"@type\":\"BreadcrumbList\",\"@id\":\"https:\\\/\\\/shop.bantam.ch\\\/fr\\\/produit\\\/lot-de-clips-pour-fermeture-hermetique-de-sachets-easyfresh-10-pieces\\\/#breadcrumb\",\"itemListElement\":[{\"@type\":\"ListItem\",\"position\":1,\"name\":\"Accueil\",\"item\":\"https:\\\/\\\/shop.bantam.ch\\\/fr\\\/\"},{\"@type\":\"ListItem\",\"position\":2,\"name\":\"Boutique\",\"item\":\"https:\\\/\\\/shop.bantam.ch\\\/fr\\\/boutique\\\/\"},{\"@type\":\"ListItem\",\"position\":3,\"name\":\"Lot de fermetures de sachets Gimex EasyFresh 10 pcs\"}]},{\"@type\":\"WebSite\",\"@id\":\"https:\\\/\\\/shop.bantam.ch\\\/fr\\\/#website\",\"url\":\"https:\\\/\\\/shop.bantam.ch\\\/fr\\\/\",\"name\":\"Bantam Wankm\u00fcller SA\",\"description\":\"\",\"publisher\":{\"@id\":\"https:\\\/\\\/shop.bantam.ch\\\/fr\\\/#organization\"},\"inLanguage\":\"fr-FR\"},{\"@type\":\"Organization\",\"@id\":\"https:\\\/\\\/shop.bantam.ch\\\/fr\\\/#organization\",\"name\":\"Bantam Wankm\u00fcller SA\",\"url\":\"https:\\\/\\\/shop.bantam.ch\\\/fr\\\/\",\"logo\":{\"@type\":\"ImageObject\",\"inLanguage\":\"fr-FR\",\"@id\":\"https:\\\/\\\/shop.bantam.ch\\\/fr\\\/#\\\/schema\\\/logo\\\/image\\\/\",\"url\":\"https:\\\/\\\/shop.bantam.ch\\\/wp-content\\\/uploads\\\/2022\\\/12\\\/bantam-logo.png\",\"contentUrl\":\"https:\\\/\\\/shop.bantam.ch\\\/wp-content\\\/uploads\\\/2022\\\/12\\\/bantam-logo.png\",\"width\":320,\"height\":71,\"caption\":\"Bantam Wankm\u00fcller SA\"},\"image\":{\"@id\":\"https:\\\/\\\/shop.bantam.ch\\\/fr\\\/#\\\/schema\\\/logo\\\/image\\\/\"}}]}<\/script>\n<!-- \/ Yoast SEO plugin. -->","yoast_head_json":{"title":"Lot de fermetures de sachets Gimex EasyFresh 10 pcs - Bantam Wankm\u00fcller SA","robots":{"index":"index","follow":"follow","max-snippet":"max-snippet:-1","max-image-preview":"max-image-preview:large","max-video-preview":"max-video-preview:-1"},"canonical":"https:\/\/shop.bantam.ch\/fr\/produit\/lot-de-clips-pour-fermeture-hermetique-de-sachets-easyfresh-10-pieces\/","og_locale":"fr_FR","og_type":"article","og_title":"Lot de fermetures de sachets Gimex EasyFresh 10 pcs - Bantam Wankm\u00fcller SA","og_description":"Les clips pour fermeture herm\u00e9tique de sachets EasyFresh sont les accessoires parfaits au nombreuses possibilit\u00e9s d\u2019utilisation. De plus, ils se font tr\u00e8s discrets ! Ils garantissent une fermeture herm\u00e9tique des sachets et pr\u00e9servent ainsi tous les ar\u00f4mes et la saveur des aliments. Le contenu reste frais, aucune odeur ne s&rsquo;\u00e9chappe, le go\u00fbt et la saveur [&hellip;]","og_url":"https:\/\/shop.bantam.ch\/fr\/produit\/lot-de-clips-pour-fermeture-hermetique-de-sachets-easyfresh-10-pieces\/","og_site_name":"Bantam Wankm\u00fcller SA","article_modified_time":"2026-04-17T19:23:26+00:00","og_image":[{"width":600,"height":1115,"url":"https:\/\/shop.bantam.ch\/wp-content\/uploads\/2023\/02\/995475811.jpg","type":"image\/jpeg"}],"twitter_card":"summary_large_image","twitter_misc":{"Dur\u00e9e de lecture estim\u00e9e":"1 minute"},"schema":{"@context":"https:\/\/schema.org","@graph":[{"@type":"WebPage","@id":"https:\/\/shop.bantam.ch\/fr\/produit\/lot-de-clips-pour-fermeture-hermetique-de-sachets-easyfresh-10-pieces\/","url":"https:\/\/shop.bantam.ch\/fr\/produit\/lot-de-clips-pour-fermeture-hermetique-de-sachets-easyfresh-10-pieces\/","name":"Lot de fermetures de sachets Gimex EasyFresh 10 pcs - Bantam Wankm\u00fcller SA","isPartOf":{"@id":"https:\/\/shop.bantam.ch\/fr\/#website"},"primaryImageOfPage":{"@id":"https:\/\/shop.bantam.ch\/fr\/produit\/lot-de-clips-pour-fermeture-hermetique-de-sachets-easyfresh-10-pieces\/#primaryimage"},"image":{"@id":"https:\/\/shop.bantam.ch\/fr\/produit\/lot-de-clips-pour-fermeture-hermetique-de-sachets-easyfresh-10-pieces\/#primaryimage"},"thumbnailUrl":"https:\/\/shop.bantam.ch\/wp-content\/uploads\/2023\/02\/995475811.jpg","datePublished":"2023-02-28T00:37:06+00:00","dateModified":"2026-04-17T19:23:26+00:00","breadcrumb":{"@id":"https:\/\/shop.bantam.ch\/fr\/produit\/lot-de-clips-pour-fermeture-hermetique-de-sachets-easyfresh-10-pieces\/#breadcrumb"},"inLanguage":"fr-FR","potentialAction":[{"@type":"ReadAction","target":["https:\/\/shop.bantam.ch\/fr\/produit\/lot-de-clips-pour-fermeture-hermetique-de-sachets-easyfresh-10-pieces\/"]}]},{"@type":"ImageObject","inLanguage":"fr-FR","@id":"https:\/\/shop.bantam.ch\/fr\/produit\/lot-de-clips-pour-fermeture-hermetique-de-sachets-easyfresh-10-pieces\/#primaryimage","url":"https:\/\/shop.bantam.ch\/wp-content\/uploads\/2023\/02\/995475811.jpg","contentUrl":"https:\/\/shop.bantam.ch\/wp-content\/uploads\/2023\/02\/995475811.jpg","width":600,"height":1115},{"@type":"BreadcrumbList","@id":"https:\/\/shop.bantam.ch\/fr\/produit\/lot-de-clips-pour-fermeture-hermetique-de-sachets-easyfresh-10-pieces\/#breadcrumb","itemListElement":[{"@type":"ListItem","position":1,"name":"Accueil","item":"https:\/\/shop.bantam.ch\/fr\/"},{"@type":"ListItem","position":2,"name":"Boutique","item":"https:\/\/shop.bantam.ch\/fr\/boutique\/"},{"@type":"ListItem","position":3,"name":"Lot de fermetures de sachets Gimex EasyFresh 10 pcs"}]},{"@type":"WebSite","@id":"https:\/\/shop.bantam.ch\/fr\/#website","url":"https:\/\/shop.bantam.ch\/fr\/","name":"Bantam Wankm\u00fcller SA","description":"","publisher":{"@id":"https:\/\/shop.bantam.ch\/fr\/#organization"},"inLanguage":"fr-FR"},{"@type":"Organization","@id":"https:\/\/shop.bantam.ch\/fr\/#organization","name":"Bantam Wankm\u00fcller SA","url":"https:\/\/shop.bantam.ch\/fr\/","logo":{"@type":"ImageObject","inLanguage":"fr-FR","@id":"https:\/\/shop.bantam.ch\/fr\/#\/schema\/logo\/image\/","url":"https:\/\/shop.bantam.ch\/wp-content\/uploads\/2022\/12\/bantam-logo.png","contentUrl":"https:\/\/shop.bantam.ch\/wp-content\/uploads\/2022\/12\/bantam-logo.png","width":320,"height":71,"caption":"Bantam Wankm\u00fcller SA"},"image":{"@id":"https:\/\/shop.bantam.ch\/fr\/#\/schema\/logo\/image\/"}}]}},"_links":{"self":[{"href":"https:\/\/shop.bantam.ch\/fr\/wp-json\/wp\/v2\/product\/80708","targetHints":{"allow":["GET"]}}],"collection":[{"href":"https:\/\/shop.bantam.ch\/fr\/wp-json\/wp\/v2\/product"}],"about":[{"href":"https:\/\/shop.bantam.ch\/fr\/wp-json\/wp\/v2\/types\/product"}],"wp:featuredmedia":[{"embeddable":true,"href":"https:\/\/shop.bantam.ch\/fr\/wp-json\/wp\/v2\/media\/80704"}],"wp:attachment":[{"href":"https:\/\/shop.bantam.ch\/fr\/wp-json\/wp\/v2\/media?parent=80708"}],"wp:term":[{"taxonomy":"product_featured_cat","embeddable":true,"href":"https:\/\/shop.bantam.ch\/fr\/wp-json\/wp\/v2\/product_featured_cat?post=80708"},{"taxonomy":"product_brand","embeddable":true,"href":"https:\/\/shop.bantam.ch\/fr\/wp-json\/wp\/v2\/product_brand?post=80708"},{"taxonomy":"product_cat","embeddable":true,"href":"https:\/\/shop.bantam.ch\/fr\/wp-json\/wp\/v2\/product_cat?post=80708"},{"taxonomy":"product_tag","embeddable":true,"href":"https:\/\/shop.bantam.ch\/fr\/wp-json\/wp\/v2\/product_tag?post=80708"}],"curies":[{"name":"wp","href":"https:\/\/api.w.org\/{rel}","templated":true}]}}