{"id":80702,"date":"2023-02-28T01:37:00","date_gmt":"2023-02-28T00:37:00","guid":{"rendered":"http:\/\/shop.bantam.ch\/produit\/set-de-4-couvercles-en-silicone-fish-rainbow\/"},"modified":"2026-04-17T21:23:21","modified_gmt":"2026-04-17T19:23:21","slug":"set-de-4-couvercles-en-silicone-fish-rainbow","status":"publish","type":"product","link":"https:\/\/shop.bantam.ch\/fr\/produit\/set-de-4-couvercles-en-silicone-fish-rainbow\/","title":{"rendered":"Set de 4 couvercles en silicone Fish Rainbow"},"content":{"rendered":"<p>Couvercles en silicone forme poisson. Il suffit de le poser sur un verre ou une tasse et le couvercle adh\u00e8re. Plus de mouches, de gu\u00eapes ou de feuilles qui volent dans vos boissons. Si vous souhaitez laisser infuser votre th\u00e9 en laissant le couvercle, aucun probl\u00e8me. Au niveau de l\u2019abdomen du poisson, il y a un petite fixation pour accrocher le sachet de th\u00e9. Il est tr\u00e8s facile de dire \u00e0 qui appartient le verre gr\u00e2ce aux diff\u00e9rentes couleurs.<\/p>\n","protected":false},"excerpt":{"rendered":"<p>Couvercles en silicone forme poisson. Il suffit de le poser sur un verre ou une tasse et le couvercle adh\u00e8re. Plus de mouches, de gu\u00eapes ou de feuilles qui volent dans vos boissons. Si vous souhaitez laisser infuser votre th\u00e9 en laissant le couvercle, aucun probl\u00e8me. Au niveau de l\u2019abdomen du poisson, il y a [&hellip;]<\/p>\n","protected":false},"featured_media":80694,"template":"","meta":{"_acf_changed":false},"product_featured_cat":[],"product_brand":[3276],"product_cat":[4285],"product_tag":[],"class_list":{"0":"post-80702","1":"product","2":"type-product","3":"status-publish","4":"has-post-thumbnail","6":"product_brand-gimex","7":"product_cat-ustensiles-de-cuisine","9":"first","10":"instock","11":"taxable","12":"shipping-taxable","13":"purchasable","14":"product-type-simple"},"acf":[],"yoast_head":"<!-- This site is optimized with the Yoast SEO plugin v27.4 - https:\/\/yoast.com\/product\/yoast-seo-wordpress\/ -->\n<title>Set de 4 couvercles en silicone Fish Rainbow - Bantam Wankm\u00fcller SA<\/title>\n<meta name=\"robots\" content=\"index, follow, max-snippet:-1, max-image-preview:large, max-video-preview:-1\" \/>\n<link rel=\"canonical\" href=\"https:\/\/shop.bantam.ch\/fr\/produit\/set-de-4-couvercles-en-silicone-fish-rainbow\/\" \/>\n<meta property=\"og:locale\" content=\"fr_FR\" \/>\n<meta property=\"og:type\" content=\"article\" \/>\n<meta property=\"og:title\" content=\"Set de 4 couvercles en silicone Fish Rainbow - Bantam Wankm\u00fcller SA\" \/>\n<meta property=\"og:description\" content=\"Couvercles en silicone forme poisson. Il suffit de le poser sur un verre ou une tasse et le couvercle adh\u00e8re. Plus de mouches, de gu\u00eapes ou de feuilles qui volent dans vos boissons. Si vous souhaitez laisser infuser votre th\u00e9 en laissant le couvercle, aucun probl\u00e8me. Au niveau de l\u2019abdomen du poisson, il y a [&hellip;]\" \/>\n<meta property=\"og:url\" content=\"https:\/\/shop.bantam.ch\/fr\/produit\/set-de-4-couvercles-en-silicone-fish-rainbow\/\" \/>\n<meta property=\"og:site_name\" content=\"Bantam Wankm\u00fcller SA\" \/>\n<meta property=\"article:modified_time\" content=\"2026-04-17T19:23:21+00:00\" \/>\n<meta property=\"og:image\" content=\"https:\/\/shop.bantam.ch\/wp-content\/uploads\/2023\/02\/995475711.jpg\" \/>\n\t<meta property=\"og:image:width\" content=\"1000\" \/>\n\t<meta property=\"og:image:height\" content=\"1000\" \/>\n\t<meta property=\"og:image:type\" content=\"image\/jpeg\" \/>\n<meta name=\"twitter:card\" content=\"summary_large_image\" \/>\n<script type=\"application\/ld+json\" class=\"yoast-schema-graph\">{\"@context\":\"https:\\\/\\\/schema.org\",\"@graph\":[{\"@type\":\"WebPage\",\"@id\":\"https:\\\/\\\/shop.bantam.ch\\\/fr\\\/produit\\\/set-de-4-couvercles-en-silicone-fish-rainbow\\\/\",\"url\":\"https:\\\/\\\/shop.bantam.ch\\\/fr\\\/produit\\\/set-de-4-couvercles-en-silicone-fish-rainbow\\\/\",\"name\":\"Set de 4 couvercles en silicone Fish Rainbow - Bantam Wankm\u00fcller SA\",\"isPartOf\":{\"@id\":\"https:\\\/\\\/shop.bantam.ch\\\/fr\\\/#website\"},\"primaryImageOfPage\":{\"@id\":\"https:\\\/\\\/shop.bantam.ch\\\/fr\\\/produit\\\/set-de-4-couvercles-en-silicone-fish-rainbow\\\/#primaryimage\"},\"image\":{\"@id\":\"https:\\\/\\\/shop.bantam.ch\\\/fr\\\/produit\\\/set-de-4-couvercles-en-silicone-fish-rainbow\\\/#primaryimage\"},\"thumbnailUrl\":\"https:\\\/\\\/shop.bantam.ch\\\/wp-content\\\/uploads\\\/2023\\\/02\\\/995475711.jpg\",\"datePublished\":\"2023-02-28T00:37:00+00:00\",\"dateModified\":\"2026-04-17T19:23:21+00:00\",\"breadcrumb\":{\"@id\":\"https:\\\/\\\/shop.bantam.ch\\\/fr\\\/produit\\\/set-de-4-couvercles-en-silicone-fish-rainbow\\\/#breadcrumb\"},\"inLanguage\":\"fr-FR\",\"potentialAction\":[{\"@type\":\"ReadAction\",\"target\":[\"https:\\\/\\\/shop.bantam.ch\\\/fr\\\/produit\\\/set-de-4-couvercles-en-silicone-fish-rainbow\\\/\"]}]},{\"@type\":\"ImageObject\",\"inLanguage\":\"fr-FR\",\"@id\":\"https:\\\/\\\/shop.bantam.ch\\\/fr\\\/produit\\\/set-de-4-couvercles-en-silicone-fish-rainbow\\\/#primaryimage\",\"url\":\"https:\\\/\\\/shop.bantam.ch\\\/wp-content\\\/uploads\\\/2023\\\/02\\\/995475711.jpg\",\"contentUrl\":\"https:\\\/\\\/shop.bantam.ch\\\/wp-content\\\/uploads\\\/2023\\\/02\\\/995475711.jpg\",\"width\":1000,\"height\":1000},{\"@type\":\"BreadcrumbList\",\"@id\":\"https:\\\/\\\/shop.bantam.ch\\\/fr\\\/produit\\\/set-de-4-couvercles-en-silicone-fish-rainbow\\\/#breadcrumb\",\"itemListElement\":[{\"@type\":\"ListItem\",\"position\":1,\"name\":\"Accueil\",\"item\":\"https:\\\/\\\/shop.bantam.ch\\\/fr\\\/\"},{\"@type\":\"ListItem\",\"position\":2,\"name\":\"Boutique\",\"item\":\"https:\\\/\\\/shop.bantam.ch\\\/fr\\\/boutique\\\/\"},{\"@type\":\"ListItem\",\"position\":3,\"name\":\"Set de 4 couvercles en silicone Fish Rainbow\"}]},{\"@type\":\"WebSite\",\"@id\":\"https:\\\/\\\/shop.bantam.ch\\\/fr\\\/#website\",\"url\":\"https:\\\/\\\/shop.bantam.ch\\\/fr\\\/\",\"name\":\"Bantam Wankm\u00fcller SA\",\"description\":\"\",\"publisher\":{\"@id\":\"https:\\\/\\\/shop.bantam.ch\\\/fr\\\/#organization\"},\"inLanguage\":\"fr-FR\"},{\"@type\":\"Organization\",\"@id\":\"https:\\\/\\\/shop.bantam.ch\\\/fr\\\/#organization\",\"name\":\"Bantam Wankm\u00fcller SA\",\"url\":\"https:\\\/\\\/shop.bantam.ch\\\/fr\\\/\",\"logo\":{\"@type\":\"ImageObject\",\"inLanguage\":\"fr-FR\",\"@id\":\"https:\\\/\\\/shop.bantam.ch\\\/fr\\\/#\\\/schema\\\/logo\\\/image\\\/\",\"url\":\"https:\\\/\\\/shop.bantam.ch\\\/wp-content\\\/uploads\\\/2022\\\/12\\\/bantam-logo.png\",\"contentUrl\":\"https:\\\/\\\/shop.bantam.ch\\\/wp-content\\\/uploads\\\/2022\\\/12\\\/bantam-logo.png\",\"width\":320,\"height\":71,\"caption\":\"Bantam Wankm\u00fcller SA\"},\"image\":{\"@id\":\"https:\\\/\\\/shop.bantam.ch\\\/fr\\\/#\\\/schema\\\/logo\\\/image\\\/\"}}]}<\/script>\n<!-- \/ Yoast SEO plugin. -->","yoast_head_json":{"title":"Set de 4 couvercles en silicone Fish Rainbow - Bantam Wankm\u00fcller SA","robots":{"index":"index","follow":"follow","max-snippet":"max-snippet:-1","max-image-preview":"max-image-preview:large","max-video-preview":"max-video-preview:-1"},"canonical":"https:\/\/shop.bantam.ch\/fr\/produit\/set-de-4-couvercles-en-silicone-fish-rainbow\/","og_locale":"fr_FR","og_type":"article","og_title":"Set de 4 couvercles en silicone Fish Rainbow - Bantam Wankm\u00fcller SA","og_description":"Couvercles en silicone forme poisson. Il suffit de le poser sur un verre ou une tasse et le couvercle adh\u00e8re. Plus de mouches, de gu\u00eapes ou de feuilles qui volent dans vos boissons. Si vous souhaitez laisser infuser votre th\u00e9 en laissant le couvercle, aucun probl\u00e8me. Au niveau de l\u2019abdomen du poisson, il y a [&hellip;]","og_url":"https:\/\/shop.bantam.ch\/fr\/produit\/set-de-4-couvercles-en-silicone-fish-rainbow\/","og_site_name":"Bantam Wankm\u00fcller SA","article_modified_time":"2026-04-17T19:23:21+00:00","og_image":[{"width":1000,"height":1000,"url":"https:\/\/shop.bantam.ch\/wp-content\/uploads\/2023\/02\/995475711.jpg","type":"image\/jpeg"}],"twitter_card":"summary_large_image","schema":{"@context":"https:\/\/schema.org","@graph":[{"@type":"WebPage","@id":"https:\/\/shop.bantam.ch\/fr\/produit\/set-de-4-couvercles-en-silicone-fish-rainbow\/","url":"https:\/\/shop.bantam.ch\/fr\/produit\/set-de-4-couvercles-en-silicone-fish-rainbow\/","name":"Set de 4 couvercles en silicone Fish Rainbow - Bantam Wankm\u00fcller SA","isPartOf":{"@id":"https:\/\/shop.bantam.ch\/fr\/#website"},"primaryImageOfPage":{"@id":"https:\/\/shop.bantam.ch\/fr\/produit\/set-de-4-couvercles-en-silicone-fish-rainbow\/#primaryimage"},"image":{"@id":"https:\/\/shop.bantam.ch\/fr\/produit\/set-de-4-couvercles-en-silicone-fish-rainbow\/#primaryimage"},"thumbnailUrl":"https:\/\/shop.bantam.ch\/wp-content\/uploads\/2023\/02\/995475711.jpg","datePublished":"2023-02-28T00:37:00+00:00","dateModified":"2026-04-17T19:23:21+00:00","breadcrumb":{"@id":"https:\/\/shop.bantam.ch\/fr\/produit\/set-de-4-couvercles-en-silicone-fish-rainbow\/#breadcrumb"},"inLanguage":"fr-FR","potentialAction":[{"@type":"ReadAction","target":["https:\/\/shop.bantam.ch\/fr\/produit\/set-de-4-couvercles-en-silicone-fish-rainbow\/"]}]},{"@type":"ImageObject","inLanguage":"fr-FR","@id":"https:\/\/shop.bantam.ch\/fr\/produit\/set-de-4-couvercles-en-silicone-fish-rainbow\/#primaryimage","url":"https:\/\/shop.bantam.ch\/wp-content\/uploads\/2023\/02\/995475711.jpg","contentUrl":"https:\/\/shop.bantam.ch\/wp-content\/uploads\/2023\/02\/995475711.jpg","width":1000,"height":1000},{"@type":"BreadcrumbList","@id":"https:\/\/shop.bantam.ch\/fr\/produit\/set-de-4-couvercles-en-silicone-fish-rainbow\/#breadcrumb","itemListElement":[{"@type":"ListItem","position":1,"name":"Accueil","item":"https:\/\/shop.bantam.ch\/fr\/"},{"@type":"ListItem","position":2,"name":"Boutique","item":"https:\/\/shop.bantam.ch\/fr\/boutique\/"},{"@type":"ListItem","position":3,"name":"Set de 4 couvercles en silicone Fish Rainbow"}]},{"@type":"WebSite","@id":"https:\/\/shop.bantam.ch\/fr\/#website","url":"https:\/\/shop.bantam.ch\/fr\/","name":"Bantam Wankm\u00fcller SA","description":"","publisher":{"@id":"https:\/\/shop.bantam.ch\/fr\/#organization"},"inLanguage":"fr-FR"},{"@type":"Organization","@id":"https:\/\/shop.bantam.ch\/fr\/#organization","name":"Bantam Wankm\u00fcller SA","url":"https:\/\/shop.bantam.ch\/fr\/","logo":{"@type":"ImageObject","inLanguage":"fr-FR","@id":"https:\/\/shop.bantam.ch\/fr\/#\/schema\/logo\/image\/","url":"https:\/\/shop.bantam.ch\/wp-content\/uploads\/2022\/12\/bantam-logo.png","contentUrl":"https:\/\/shop.bantam.ch\/wp-content\/uploads\/2022\/12\/bantam-logo.png","width":320,"height":71,"caption":"Bantam Wankm\u00fcller SA"},"image":{"@id":"https:\/\/shop.bantam.ch\/fr\/#\/schema\/logo\/image\/"}}]}},"_links":{"self":[{"href":"https:\/\/shop.bantam.ch\/fr\/wp-json\/wp\/v2\/product\/80702","targetHints":{"allow":["GET"]}}],"collection":[{"href":"https:\/\/shop.bantam.ch\/fr\/wp-json\/wp\/v2\/product"}],"about":[{"href":"https:\/\/shop.bantam.ch\/fr\/wp-json\/wp\/v2\/types\/product"}],"wp:featuredmedia":[{"embeddable":true,"href":"https:\/\/shop.bantam.ch\/fr\/wp-json\/wp\/v2\/media\/80694"}],"wp:attachment":[{"href":"https:\/\/shop.bantam.ch\/fr\/wp-json\/wp\/v2\/media?parent=80702"}],"wp:term":[{"taxonomy":"product_featured_cat","embeddable":true,"href":"https:\/\/shop.bantam.ch\/fr\/wp-json\/wp\/v2\/product_featured_cat?post=80702"},{"taxonomy":"product_brand","embeddable":true,"href":"https:\/\/shop.bantam.ch\/fr\/wp-json\/wp\/v2\/product_brand?post=80702"},{"taxonomy":"product_cat","embeddable":true,"href":"https:\/\/shop.bantam.ch\/fr\/wp-json\/wp\/v2\/product_cat?post=80702"},{"taxonomy":"product_tag","embeddable":true,"href":"https:\/\/shop.bantam.ch\/fr\/wp-json\/wp\/v2\/product_tag?post=80702"}],"curies":[{"name":"wp","href":"https:\/\/api.w.org\/{rel}","templated":true}]}}