{"id":80590,"date":"2023-02-28T01:35:23","date_gmt":"2023-02-28T00:35:23","guid":{"rendered":"http:\/\/shop.bantam.ch\/produit\/service-de-table-linea-blue-16-pieces-blanc-bleu\/"},"modified":"2026-05-03T21:23:26","modified_gmt":"2026-05-03T19:23:26","slug":"service-de-table-linea-blue-16-pieces-blanc-bleu","status":"publish","type":"product","link":"https:\/\/shop.bantam.ch\/fr\/produit\/service-de-table-linea-blue-16-pieces-blanc-bleu\/","title":{"rendered":"Service de table Linea Blue 16 pi\u00e8ces blanc\/bleu"},"content":{"rendered":"<p>La vaisselle haut de gamme s\u00e9duit par son \u00e9l\u00e9gance et son caract\u00e8re intemporel.<\/p>\n<p>Contenu de la livraison :<br \/>4 assiettes plates, \u00d8 25,5 cm<br \/>4 x assiettes \u00e0 dessert \u00d8 21 cm<br \/>4 assiettes creuses, \u00d8 23 cm<br \/>4 tasses \u00e0 anse, 300 ml<\/p>\n<p>1 sac \u00e0 dos<br \/>Mat\u00e9riau : 100 % nylon<\/p>\n","protected":false},"excerpt":{"rendered":"<p>La vaisselle haut de gamme s\u00e9duit par son \u00e9l\u00e9gance et son caract\u00e8re intemporel. Contenu de la livraison :4 assiettes plates, \u00d8 25,5 cm4 x assiettes \u00e0 dessert \u00d8 21 cm4 assiettes creuses, \u00d8 23 cm4 tasses \u00e0 anse, 300 ml 1 sac \u00e0 dosMat\u00e9riau : 100 % nylon<\/p>\n","protected":false},"featured_media":80582,"template":"","meta":{"_acf_changed":false},"product_featured_cat":[],"product_brand":[3276],"product_cat":[4273],"product_tag":[],"class_list":{"0":"post-80590","1":"product","2":"type-product","3":"status-publish","4":"has-post-thumbnail","6":"product_brand-gimex","7":"product_cat-services-de-table","9":"first","10":"instock","11":"taxable","12":"shipping-taxable","13":"purchasable","14":"product-type-simple"},"acf":[],"yoast_head":"<!-- This site is optimized with the Yoast SEO plugin v27.5 - https:\/\/yoast.com\/product\/yoast-seo-wordpress\/ -->\n<title>Service de table Linea Blue 16 pi\u00e8ces blanc\/bleu - Bantam<\/title>\n<meta name=\"robots\" content=\"index, follow, max-snippet:-1, max-image-preview:large, max-video-preview:-1\" \/>\n<link rel=\"canonical\" href=\"https:\/\/shop.bantam.ch\/fr\/produit\/service-de-table-linea-blue-16-pieces-blanc-bleu\/\" \/>\n<meta property=\"og:locale\" content=\"fr_FR\" \/>\n<meta property=\"og:type\" content=\"article\" \/>\n<meta property=\"og:title\" content=\"Service de table Linea Blue 16 pi\u00e8ces blanc\/bleu - Bantam\" \/>\n<meta property=\"og:description\" content=\"La vaisselle haut de gamme s\u00e9duit par son \u00e9l\u00e9gance et son caract\u00e8re intemporel. Contenu de la livraison :4 assiettes plates, \u00d8 25,5 cm4 x assiettes \u00e0 dessert \u00d8 21 cm4 assiettes creuses, \u00d8 23 cm4 tasses \u00e0 anse, 300 ml 1 sac \u00e0 dosMat\u00e9riau : 100 % nylon\" \/>\n<meta property=\"og:url\" content=\"https:\/\/shop.bantam.ch\/fr\/produit\/service-de-table-linea-blue-16-pieces-blanc-bleu\/\" \/>\n<meta property=\"og:site_name\" content=\"Bantam\" \/>\n<meta property=\"article:modified_time\" content=\"2026-05-03T19:23:26+00:00\" \/>\n<meta property=\"og:image\" content=\"https:\/\/shop.bantam.ch\/wp-content\/uploads\/2023\/02\/995474911.jpg\" \/>\n\t<meta property=\"og:image:width\" content=\"1000\" \/>\n\t<meta property=\"og:image:height\" content=\"461\" \/>\n\t<meta property=\"og:image:type\" content=\"image\/jpeg\" \/>\n<meta name=\"twitter:card\" content=\"summary_large_image\" \/>\n<script type=\"application\/ld+json\" class=\"yoast-schema-graph\">{\"@context\":\"https:\\\/\\\/schema.org\",\"@graph\":[{\"@type\":\"WebPage\",\"@id\":\"https:\\\/\\\/shop.bantam.ch\\\/fr\\\/produit\\\/service-de-table-linea-blue-16-pieces-blanc-bleu\\\/\",\"url\":\"https:\\\/\\\/shop.bantam.ch\\\/fr\\\/produit\\\/service-de-table-linea-blue-16-pieces-blanc-bleu\\\/\",\"name\":\"Service de table Linea Blue 16 pi\u00e8ces blanc\\\/bleu - Bantam\",\"isPartOf\":{\"@id\":\"https:\\\/\\\/shop.bantam.ch\\\/fr\\\/#website\"},\"primaryImageOfPage\":{\"@id\":\"https:\\\/\\\/shop.bantam.ch\\\/fr\\\/produit\\\/service-de-table-linea-blue-16-pieces-blanc-bleu\\\/#primaryimage\"},\"image\":{\"@id\":\"https:\\\/\\\/shop.bantam.ch\\\/fr\\\/produit\\\/service-de-table-linea-blue-16-pieces-blanc-bleu\\\/#primaryimage\"},\"thumbnailUrl\":\"https:\\\/\\\/shop.bantam.ch\\\/wp-content\\\/uploads\\\/2023\\\/02\\\/995474911.jpg\",\"datePublished\":\"2023-02-28T00:35:23+00:00\",\"dateModified\":\"2026-05-03T19:23:26+00:00\",\"breadcrumb\":{\"@id\":\"https:\\\/\\\/shop.bantam.ch\\\/fr\\\/produit\\\/service-de-table-linea-blue-16-pieces-blanc-bleu\\\/#breadcrumb\"},\"inLanguage\":\"fr-FR\",\"potentialAction\":[{\"@type\":\"ReadAction\",\"target\":[\"https:\\\/\\\/shop.bantam.ch\\\/fr\\\/produit\\\/service-de-table-linea-blue-16-pieces-blanc-bleu\\\/\"]}]},{\"@type\":\"ImageObject\",\"inLanguage\":\"fr-FR\",\"@id\":\"https:\\\/\\\/shop.bantam.ch\\\/fr\\\/produit\\\/service-de-table-linea-blue-16-pieces-blanc-bleu\\\/#primaryimage\",\"url\":\"https:\\\/\\\/shop.bantam.ch\\\/wp-content\\\/uploads\\\/2023\\\/02\\\/995474911.jpg\",\"contentUrl\":\"https:\\\/\\\/shop.bantam.ch\\\/wp-content\\\/uploads\\\/2023\\\/02\\\/995474911.jpg\",\"width\":1000,\"height\":461},{\"@type\":\"BreadcrumbList\",\"@id\":\"https:\\\/\\\/shop.bantam.ch\\\/fr\\\/produit\\\/service-de-table-linea-blue-16-pieces-blanc-bleu\\\/#breadcrumb\",\"itemListElement\":[{\"@type\":\"ListItem\",\"position\":1,\"name\":\"Accueil\",\"item\":\"https:\\\/\\\/shop.bantam.ch\\\/fr\\\/\"},{\"@type\":\"ListItem\",\"position\":2,\"name\":\"Boutique\",\"item\":\"https:\\\/\\\/shop.bantam.ch\\\/fr\\\/boutique\\\/\"},{\"@type\":\"ListItem\",\"position\":3,\"name\":\"Service de table Linea Blue 16 pi\u00e8ces blanc\\\/bleu\"}]},{\"@type\":\"WebSite\",\"@id\":\"https:\\\/\\\/shop.bantam.ch\\\/fr\\\/#website\",\"url\":\"https:\\\/\\\/shop.bantam.ch\\\/fr\\\/\",\"name\":\"Bantam\",\"description\":\"\",\"publisher\":{\"@id\":\"https:\\\/\\\/shop.bantam.ch\\\/fr\\\/#organization\"},\"inLanguage\":\"fr-FR\"},{\"@type\":\"Organization\",\"@id\":\"https:\\\/\\\/shop.bantam.ch\\\/fr\\\/#organization\",\"name\":\"Bantam\",\"url\":\"https:\\\/\\\/shop.bantam.ch\\\/fr\\\/\",\"logo\":{\"@type\":\"ImageObject\",\"inLanguage\":\"fr-FR\",\"@id\":\"https:\\\/\\\/shop.bantam.ch\\\/fr\\\/#\\\/schema\\\/logo\\\/image\\\/\",\"url\":\"https:\\\/\\\/shop.bantam.ch\\\/wp-content\\\/uploads\\\/2022\\\/12\\\/bantam-logo.png\",\"contentUrl\":\"https:\\\/\\\/shop.bantam.ch\\\/wp-content\\\/uploads\\\/2022\\\/12\\\/bantam-logo.png\",\"width\":320,\"height\":71,\"caption\":\"Bantam\"},\"image\":{\"@id\":\"https:\\\/\\\/shop.bantam.ch\\\/fr\\\/#\\\/schema\\\/logo\\\/image\\\/\"}}]}<\/script>\n<!-- \/ Yoast SEO plugin. -->","yoast_head_json":{"title":"Service de table Linea Blue 16 pi\u00e8ces blanc\/bleu - Bantam","robots":{"index":"index","follow":"follow","max-snippet":"max-snippet:-1","max-image-preview":"max-image-preview:large","max-video-preview":"max-video-preview:-1"},"canonical":"https:\/\/shop.bantam.ch\/fr\/produit\/service-de-table-linea-blue-16-pieces-blanc-bleu\/","og_locale":"fr_FR","og_type":"article","og_title":"Service de table Linea Blue 16 pi\u00e8ces blanc\/bleu - Bantam","og_description":"La vaisselle haut de gamme s\u00e9duit par son \u00e9l\u00e9gance et son caract\u00e8re intemporel. Contenu de la livraison :4 assiettes plates, \u00d8 25,5 cm4 x assiettes \u00e0 dessert \u00d8 21 cm4 assiettes creuses, \u00d8 23 cm4 tasses \u00e0 anse, 300 ml 1 sac \u00e0 dosMat\u00e9riau : 100 % nylon","og_url":"https:\/\/shop.bantam.ch\/fr\/produit\/service-de-table-linea-blue-16-pieces-blanc-bleu\/","og_site_name":"Bantam","article_modified_time":"2026-05-03T19:23:26+00:00","og_image":[{"width":1000,"height":461,"url":"https:\/\/shop.bantam.ch\/wp-content\/uploads\/2023\/02\/995474911.jpg","type":"image\/jpeg"}],"twitter_card":"summary_large_image","schema":{"@context":"https:\/\/schema.org","@graph":[{"@type":"WebPage","@id":"https:\/\/shop.bantam.ch\/fr\/produit\/service-de-table-linea-blue-16-pieces-blanc-bleu\/","url":"https:\/\/shop.bantam.ch\/fr\/produit\/service-de-table-linea-blue-16-pieces-blanc-bleu\/","name":"Service de table Linea Blue 16 pi\u00e8ces blanc\/bleu - Bantam","isPartOf":{"@id":"https:\/\/shop.bantam.ch\/fr\/#website"},"primaryImageOfPage":{"@id":"https:\/\/shop.bantam.ch\/fr\/produit\/service-de-table-linea-blue-16-pieces-blanc-bleu\/#primaryimage"},"image":{"@id":"https:\/\/shop.bantam.ch\/fr\/produit\/service-de-table-linea-blue-16-pieces-blanc-bleu\/#primaryimage"},"thumbnailUrl":"https:\/\/shop.bantam.ch\/wp-content\/uploads\/2023\/02\/995474911.jpg","datePublished":"2023-02-28T00:35:23+00:00","dateModified":"2026-05-03T19:23:26+00:00","breadcrumb":{"@id":"https:\/\/shop.bantam.ch\/fr\/produit\/service-de-table-linea-blue-16-pieces-blanc-bleu\/#breadcrumb"},"inLanguage":"fr-FR","potentialAction":[{"@type":"ReadAction","target":["https:\/\/shop.bantam.ch\/fr\/produit\/service-de-table-linea-blue-16-pieces-blanc-bleu\/"]}]},{"@type":"ImageObject","inLanguage":"fr-FR","@id":"https:\/\/shop.bantam.ch\/fr\/produit\/service-de-table-linea-blue-16-pieces-blanc-bleu\/#primaryimage","url":"https:\/\/shop.bantam.ch\/wp-content\/uploads\/2023\/02\/995474911.jpg","contentUrl":"https:\/\/shop.bantam.ch\/wp-content\/uploads\/2023\/02\/995474911.jpg","width":1000,"height":461},{"@type":"BreadcrumbList","@id":"https:\/\/shop.bantam.ch\/fr\/produit\/service-de-table-linea-blue-16-pieces-blanc-bleu\/#breadcrumb","itemListElement":[{"@type":"ListItem","position":1,"name":"Accueil","item":"https:\/\/shop.bantam.ch\/fr\/"},{"@type":"ListItem","position":2,"name":"Boutique","item":"https:\/\/shop.bantam.ch\/fr\/boutique\/"},{"@type":"ListItem","position":3,"name":"Service de table Linea Blue 16 pi\u00e8ces blanc\/bleu"}]},{"@type":"WebSite","@id":"https:\/\/shop.bantam.ch\/fr\/#website","url":"https:\/\/shop.bantam.ch\/fr\/","name":"Bantam","description":"","publisher":{"@id":"https:\/\/shop.bantam.ch\/fr\/#organization"},"inLanguage":"fr-FR"},{"@type":"Organization","@id":"https:\/\/shop.bantam.ch\/fr\/#organization","name":"Bantam","url":"https:\/\/shop.bantam.ch\/fr\/","logo":{"@type":"ImageObject","inLanguage":"fr-FR","@id":"https:\/\/shop.bantam.ch\/fr\/#\/schema\/logo\/image\/","url":"https:\/\/shop.bantam.ch\/wp-content\/uploads\/2022\/12\/bantam-logo.png","contentUrl":"https:\/\/shop.bantam.ch\/wp-content\/uploads\/2022\/12\/bantam-logo.png","width":320,"height":71,"caption":"Bantam"},"image":{"@id":"https:\/\/shop.bantam.ch\/fr\/#\/schema\/logo\/image\/"}}]}},"_links":{"self":[{"href":"https:\/\/shop.bantam.ch\/fr\/wp-json\/wp\/v2\/product\/80590","targetHints":{"allow":["GET"]}}],"collection":[{"href":"https:\/\/shop.bantam.ch\/fr\/wp-json\/wp\/v2\/product"}],"about":[{"href":"https:\/\/shop.bantam.ch\/fr\/wp-json\/wp\/v2\/types\/product"}],"wp:featuredmedia":[{"embeddable":true,"href":"https:\/\/shop.bantam.ch\/fr\/wp-json\/wp\/v2\/media\/80582"}],"wp:attachment":[{"href":"https:\/\/shop.bantam.ch\/fr\/wp-json\/wp\/v2\/media?parent=80590"}],"wp:term":[{"taxonomy":"product_featured_cat","embeddable":true,"href":"https:\/\/shop.bantam.ch\/fr\/wp-json\/wp\/v2\/product_featured_cat?post=80590"},{"taxonomy":"product_brand","embeddable":true,"href":"https:\/\/shop.bantam.ch\/fr\/wp-json\/wp\/v2\/product_brand?post=80590"},{"taxonomy":"product_cat","embeddable":true,"href":"https:\/\/shop.bantam.ch\/fr\/wp-json\/wp\/v2\/product_cat?post=80590"},{"taxonomy":"product_tag","embeddable":true,"href":"https:\/\/shop.bantam.ch\/fr\/wp-json\/wp\/v2\/product_tag?post=80590"}],"curies":[{"name":"wp","href":"https:\/\/api.w.org\/{rel}","templated":true}]}}