{"id":80056,"date":"2023-02-28T01:26:48","date_gmt":"2023-02-28T00:26:48","guid":{"rendered":"http:\/\/shop.bantam.ch\/produit\/regulateur-de-charge-solaire-mppt-smartsolar-150-35\/"},"modified":"2026-04-21T21:23:47","modified_gmt":"2026-04-21T19:23:47","slug":"regulateur-de-charge-solaire-mppt-smartsolar-150-35","status":"publish","type":"product","link":"https:\/\/shop.bantam.ch\/fr\/produit\/regulateur-de-charge-solaire-mppt-smartsolar-150-35\/","title":{"rendered":"R\u00e9gul. charge solaire Victron MPPT SmartSolar 150 \/ 35"},"content":{"rendered":"<p>Un chargeur solaire est aliment\u00e9 en \u00e9nergie par des modules solaires, puis stock\u00e9 dans des batteries. En utilisant la technologie la plus r\u00e9cente et la plus rapide, SmartSolar maximise cette production d&rsquo;\u00e9nergie et l&rsquo;oriente intelligemment pour charger compl\u00e8tement les batteries en un temps aussi court que possible. SmartSolar maintient la fonctionnalit\u00e9 de la batterie et prolonge ainsi sa dur\u00e9e de vie.<br \/><strong>MPPT : Maximum Power Point Tracking ultra rapide :<\/strong><br \/>En surveillant en permanence la tension et le courant de sortie de vos modules solaires (PV), la technologie du MPPT garantit que toute l&rsquo;\u00e9nergie disponible est r\u00e9ellement pr\u00e9lev\u00e9e sur les modules et stock\u00e9e. L&rsquo;avantage de cette m\u00e9thode est plus perceptible lorsque le ciel est partiellement couvert et que l&rsquo;intensit\u00e9 lumineuse change constamment.<br \/><strong>Surveillance et commande \u00e0 distance :<\/strong><br \/>Vous pouvez contr\u00f4ler et surveiller \u00e0 distance les fonctions \u00e9tendues de votre chargeur SmartSolar MMPT en couplant le dongle Bluetooth \u00e0 votre smartphone ou \u00e0 un autre appareil via VictronConnect. Si votre installation est connect\u00e9e au portail Internet de t\u00e9l\u00e9gestion Victron (VRM), vous avez acc\u00e8s \u00e0 votre MPPT \u00e0 tout moment et en tout lieu. Les deux services sont disponibles gratuitement Pour les installations \u00e0 distance &#8211; m\u00eame s&rsquo;il n&rsquo;y a pas de connexion Internet et pas de r\u00e9seau t\u00e9l\u00e9phonique \u00e0 proximit\u00e9 &#8211; vous pouvez surveiller votre MPPT via le couplage Bluetooth. Utilisez pour cela un dispositif LoRaWAN (Long-Range Wide Area Network). Celui-ci est disponible en option.<\/p>\n<ul>\n<li>Courant de charge : 35 A<\/li>\n<li>150 Voc<\/li>\n<li>Avec fonction Bluetooth<\/li>\n<li>Pas d\u2019affichage suppl\u00e9mentaire n\u00e9cessaire<\/li>\n<\/ul>\n","protected":false},"excerpt":{"rendered":"<p>Un chargeur solaire est aliment\u00e9 en \u00e9nergie par des modules solaires, puis stock\u00e9 dans des batteries. En utilisant la technologie la plus r\u00e9cente et la plus rapide, SmartSolar maximise cette production d&rsquo;\u00e9nergie et l&rsquo;oriente intelligemment pour charger compl\u00e8tement les batteries en un temps aussi court que possible. SmartSolar maintient la fonctionnalit\u00e9 de la batterie et [&hellip;]<\/p>\n","protected":false},"featured_media":80054,"template":"","meta":{"_acf_changed":false},"product_featured_cat":[],"product_brand":[3320],"product_cat":[4877],"product_tag":[],"class_list":{"0":"post-80056","1":"product","2":"type-product","3":"status-publish","4":"has-post-thumbnail","6":"product_brand-phaesun","7":"product_cat-regulateurs-de-charge-solaire","9":"first","10":"instock","11":"taxable","12":"shipping-taxable","13":"purchasable","14":"product-type-simple"},"acf":[],"yoast_head":"<!-- This site is optimized with the Yoast SEO plugin v27.4 - https:\/\/yoast.com\/product\/yoast-seo-wordpress\/ -->\n<title>R\u00e9gul. charge solaire Victron MPPT SmartSolar 150 \/ 35 - Bantam Wankm\u00fcller SA<\/title>\n<meta name=\"robots\" content=\"index, follow, max-snippet:-1, max-image-preview:large, max-video-preview:-1\" \/>\n<link rel=\"canonical\" href=\"https:\/\/shop.bantam.ch\/fr\/produit\/regulateur-de-charge-solaire-mppt-smartsolar-150-35\/\" \/>\n<meta property=\"og:locale\" content=\"fr_FR\" \/>\n<meta property=\"og:type\" content=\"article\" \/>\n<meta property=\"og:title\" content=\"R\u00e9gul. charge solaire Victron MPPT SmartSolar 150 \/ 35 - Bantam Wankm\u00fcller SA\" \/>\n<meta property=\"og:description\" content=\"Un chargeur solaire est aliment\u00e9 en \u00e9nergie par des modules solaires, puis stock\u00e9 dans des batteries. En utilisant la technologie la plus r\u00e9cente et la plus rapide, SmartSolar maximise cette production d&rsquo;\u00e9nergie et l&rsquo;oriente intelligemment pour charger compl\u00e8tement les batteries en un temps aussi court que possible. SmartSolar maintient la fonctionnalit\u00e9 de la batterie et [&hellip;]\" \/>\n<meta property=\"og:url\" content=\"https:\/\/shop.bantam.ch\/fr\/produit\/regulateur-de-charge-solaire-mppt-smartsolar-150-35\/\" \/>\n<meta property=\"og:site_name\" content=\"Bantam Wankm\u00fcller SA\" \/>\n<meta property=\"article:modified_time\" content=\"2026-04-21T19:23:47+00:00\" \/>\n<meta property=\"og:image\" content=\"https:\/\/shop.bantam.ch\/wp-content\/uploads\/2023\/02\/993204411.jpg\" \/>\n\t<meta property=\"og:image:width\" content=\"1000\" \/>\n\t<meta property=\"og:image:height\" content=\"796\" \/>\n\t<meta property=\"og:image:type\" content=\"image\/jpeg\" \/>\n<meta name=\"twitter:card\" content=\"summary_large_image\" \/>\n<meta name=\"twitter:label1\" content=\"Dur\u00e9e de lecture estim\u00e9e\" \/>\n\t<meta name=\"twitter:data1\" content=\"1 minute\" \/>\n<script type=\"application\/ld+json\" class=\"yoast-schema-graph\">{\"@context\":\"https:\\\/\\\/schema.org\",\"@graph\":[{\"@type\":\"WebPage\",\"@id\":\"https:\\\/\\\/shop.bantam.ch\\\/fr\\\/produit\\\/regulateur-de-charge-solaire-mppt-smartsolar-150-35\\\/\",\"url\":\"https:\\\/\\\/shop.bantam.ch\\\/fr\\\/produit\\\/regulateur-de-charge-solaire-mppt-smartsolar-150-35\\\/\",\"name\":\"R\u00e9gul. charge solaire Victron MPPT SmartSolar 150 \\\/ 35 - Bantam Wankm\u00fcller SA\",\"isPartOf\":{\"@id\":\"https:\\\/\\\/shop.bantam.ch\\\/fr\\\/#website\"},\"primaryImageOfPage\":{\"@id\":\"https:\\\/\\\/shop.bantam.ch\\\/fr\\\/produit\\\/regulateur-de-charge-solaire-mppt-smartsolar-150-35\\\/#primaryimage\"},\"image\":{\"@id\":\"https:\\\/\\\/shop.bantam.ch\\\/fr\\\/produit\\\/regulateur-de-charge-solaire-mppt-smartsolar-150-35\\\/#primaryimage\"},\"thumbnailUrl\":\"https:\\\/\\\/shop.bantam.ch\\\/wp-content\\\/uploads\\\/2023\\\/02\\\/993204411.jpg\",\"datePublished\":\"2023-02-28T00:26:48+00:00\",\"dateModified\":\"2026-04-21T19:23:47+00:00\",\"breadcrumb\":{\"@id\":\"https:\\\/\\\/shop.bantam.ch\\\/fr\\\/produit\\\/regulateur-de-charge-solaire-mppt-smartsolar-150-35\\\/#breadcrumb\"},\"inLanguage\":\"fr-FR\",\"potentialAction\":[{\"@type\":\"ReadAction\",\"target\":[\"https:\\\/\\\/shop.bantam.ch\\\/fr\\\/produit\\\/regulateur-de-charge-solaire-mppt-smartsolar-150-35\\\/\"]}]},{\"@type\":\"ImageObject\",\"inLanguage\":\"fr-FR\",\"@id\":\"https:\\\/\\\/shop.bantam.ch\\\/fr\\\/produit\\\/regulateur-de-charge-solaire-mppt-smartsolar-150-35\\\/#primaryimage\",\"url\":\"https:\\\/\\\/shop.bantam.ch\\\/wp-content\\\/uploads\\\/2023\\\/02\\\/993204411.jpg\",\"contentUrl\":\"https:\\\/\\\/shop.bantam.ch\\\/wp-content\\\/uploads\\\/2023\\\/02\\\/993204411.jpg\",\"width\":1000,\"height\":796},{\"@type\":\"BreadcrumbList\",\"@id\":\"https:\\\/\\\/shop.bantam.ch\\\/fr\\\/produit\\\/regulateur-de-charge-solaire-mppt-smartsolar-150-35\\\/#breadcrumb\",\"itemListElement\":[{\"@type\":\"ListItem\",\"position\":1,\"name\":\"Accueil\",\"item\":\"https:\\\/\\\/shop.bantam.ch\\\/fr\\\/\"},{\"@type\":\"ListItem\",\"position\":2,\"name\":\"Boutique\",\"item\":\"https:\\\/\\\/shop.bantam.ch\\\/fr\\\/boutique\\\/\"},{\"@type\":\"ListItem\",\"position\":3,\"name\":\"R\u00e9gul. charge solaire Victron MPPT SmartSolar 150 \\\/ 35\"}]},{\"@type\":\"WebSite\",\"@id\":\"https:\\\/\\\/shop.bantam.ch\\\/fr\\\/#website\",\"url\":\"https:\\\/\\\/shop.bantam.ch\\\/fr\\\/\",\"name\":\"Bantam Wankm\u00fcller SA\",\"description\":\"\",\"publisher\":{\"@id\":\"https:\\\/\\\/shop.bantam.ch\\\/fr\\\/#organization\"},\"inLanguage\":\"fr-FR\"},{\"@type\":\"Organization\",\"@id\":\"https:\\\/\\\/shop.bantam.ch\\\/fr\\\/#organization\",\"name\":\"Bantam Wankm\u00fcller SA\",\"url\":\"https:\\\/\\\/shop.bantam.ch\\\/fr\\\/\",\"logo\":{\"@type\":\"ImageObject\",\"inLanguage\":\"fr-FR\",\"@id\":\"https:\\\/\\\/shop.bantam.ch\\\/fr\\\/#\\\/schema\\\/logo\\\/image\\\/\",\"url\":\"https:\\\/\\\/shop.bantam.ch\\\/wp-content\\\/uploads\\\/2022\\\/12\\\/bantam-logo.png\",\"contentUrl\":\"https:\\\/\\\/shop.bantam.ch\\\/wp-content\\\/uploads\\\/2022\\\/12\\\/bantam-logo.png\",\"width\":320,\"height\":71,\"caption\":\"Bantam Wankm\u00fcller SA\"},\"image\":{\"@id\":\"https:\\\/\\\/shop.bantam.ch\\\/fr\\\/#\\\/schema\\\/logo\\\/image\\\/\"}}]}<\/script>\n<!-- \/ Yoast SEO plugin. -->","yoast_head_json":{"title":"R\u00e9gul. charge solaire Victron MPPT SmartSolar 150 \/ 35 - Bantam Wankm\u00fcller SA","robots":{"index":"index","follow":"follow","max-snippet":"max-snippet:-1","max-image-preview":"max-image-preview:large","max-video-preview":"max-video-preview:-1"},"canonical":"https:\/\/shop.bantam.ch\/fr\/produit\/regulateur-de-charge-solaire-mppt-smartsolar-150-35\/","og_locale":"fr_FR","og_type":"article","og_title":"R\u00e9gul. charge solaire Victron MPPT SmartSolar 150 \/ 35 - Bantam Wankm\u00fcller SA","og_description":"Un chargeur solaire est aliment\u00e9 en \u00e9nergie par des modules solaires, puis stock\u00e9 dans des batteries. En utilisant la technologie la plus r\u00e9cente et la plus rapide, SmartSolar maximise cette production d&rsquo;\u00e9nergie et l&rsquo;oriente intelligemment pour charger compl\u00e8tement les batteries en un temps aussi court que possible. SmartSolar maintient la fonctionnalit\u00e9 de la batterie et [&hellip;]","og_url":"https:\/\/shop.bantam.ch\/fr\/produit\/regulateur-de-charge-solaire-mppt-smartsolar-150-35\/","og_site_name":"Bantam Wankm\u00fcller SA","article_modified_time":"2026-04-21T19:23:47+00:00","og_image":[{"width":1000,"height":796,"url":"https:\/\/shop.bantam.ch\/wp-content\/uploads\/2023\/02\/993204411.jpg","type":"image\/jpeg"}],"twitter_card":"summary_large_image","twitter_misc":{"Dur\u00e9e de lecture estim\u00e9e":"1 minute"},"schema":{"@context":"https:\/\/schema.org","@graph":[{"@type":"WebPage","@id":"https:\/\/shop.bantam.ch\/fr\/produit\/regulateur-de-charge-solaire-mppt-smartsolar-150-35\/","url":"https:\/\/shop.bantam.ch\/fr\/produit\/regulateur-de-charge-solaire-mppt-smartsolar-150-35\/","name":"R\u00e9gul. charge solaire Victron MPPT SmartSolar 150 \/ 35 - Bantam Wankm\u00fcller SA","isPartOf":{"@id":"https:\/\/shop.bantam.ch\/fr\/#website"},"primaryImageOfPage":{"@id":"https:\/\/shop.bantam.ch\/fr\/produit\/regulateur-de-charge-solaire-mppt-smartsolar-150-35\/#primaryimage"},"image":{"@id":"https:\/\/shop.bantam.ch\/fr\/produit\/regulateur-de-charge-solaire-mppt-smartsolar-150-35\/#primaryimage"},"thumbnailUrl":"https:\/\/shop.bantam.ch\/wp-content\/uploads\/2023\/02\/993204411.jpg","datePublished":"2023-02-28T00:26:48+00:00","dateModified":"2026-04-21T19:23:47+00:00","breadcrumb":{"@id":"https:\/\/shop.bantam.ch\/fr\/produit\/regulateur-de-charge-solaire-mppt-smartsolar-150-35\/#breadcrumb"},"inLanguage":"fr-FR","potentialAction":[{"@type":"ReadAction","target":["https:\/\/shop.bantam.ch\/fr\/produit\/regulateur-de-charge-solaire-mppt-smartsolar-150-35\/"]}]},{"@type":"ImageObject","inLanguage":"fr-FR","@id":"https:\/\/shop.bantam.ch\/fr\/produit\/regulateur-de-charge-solaire-mppt-smartsolar-150-35\/#primaryimage","url":"https:\/\/shop.bantam.ch\/wp-content\/uploads\/2023\/02\/993204411.jpg","contentUrl":"https:\/\/shop.bantam.ch\/wp-content\/uploads\/2023\/02\/993204411.jpg","width":1000,"height":796},{"@type":"BreadcrumbList","@id":"https:\/\/shop.bantam.ch\/fr\/produit\/regulateur-de-charge-solaire-mppt-smartsolar-150-35\/#breadcrumb","itemListElement":[{"@type":"ListItem","position":1,"name":"Accueil","item":"https:\/\/shop.bantam.ch\/fr\/"},{"@type":"ListItem","position":2,"name":"Boutique","item":"https:\/\/shop.bantam.ch\/fr\/boutique\/"},{"@type":"ListItem","position":3,"name":"R\u00e9gul. charge solaire Victron MPPT SmartSolar 150 \/ 35"}]},{"@type":"WebSite","@id":"https:\/\/shop.bantam.ch\/fr\/#website","url":"https:\/\/shop.bantam.ch\/fr\/","name":"Bantam Wankm\u00fcller SA","description":"","publisher":{"@id":"https:\/\/shop.bantam.ch\/fr\/#organization"},"inLanguage":"fr-FR"},{"@type":"Organization","@id":"https:\/\/shop.bantam.ch\/fr\/#organization","name":"Bantam Wankm\u00fcller SA","url":"https:\/\/shop.bantam.ch\/fr\/","logo":{"@type":"ImageObject","inLanguage":"fr-FR","@id":"https:\/\/shop.bantam.ch\/fr\/#\/schema\/logo\/image\/","url":"https:\/\/shop.bantam.ch\/wp-content\/uploads\/2022\/12\/bantam-logo.png","contentUrl":"https:\/\/shop.bantam.ch\/wp-content\/uploads\/2022\/12\/bantam-logo.png","width":320,"height":71,"caption":"Bantam Wankm\u00fcller SA"},"image":{"@id":"https:\/\/shop.bantam.ch\/fr\/#\/schema\/logo\/image\/"}}]}},"_links":{"self":[{"href":"https:\/\/shop.bantam.ch\/fr\/wp-json\/wp\/v2\/product\/80056","targetHints":{"allow":["GET"]}}],"collection":[{"href":"https:\/\/shop.bantam.ch\/fr\/wp-json\/wp\/v2\/product"}],"about":[{"href":"https:\/\/shop.bantam.ch\/fr\/wp-json\/wp\/v2\/types\/product"}],"wp:featuredmedia":[{"embeddable":true,"href":"https:\/\/shop.bantam.ch\/fr\/wp-json\/wp\/v2\/media\/80054"}],"wp:attachment":[{"href":"https:\/\/shop.bantam.ch\/fr\/wp-json\/wp\/v2\/media?parent=80056"}],"wp:term":[{"taxonomy":"product_featured_cat","embeddable":true,"href":"https:\/\/shop.bantam.ch\/fr\/wp-json\/wp\/v2\/product_featured_cat?post=80056"},{"taxonomy":"product_brand","embeddable":true,"href":"https:\/\/shop.bantam.ch\/fr\/wp-json\/wp\/v2\/product_brand?post=80056"},{"taxonomy":"product_cat","embeddable":true,"href":"https:\/\/shop.bantam.ch\/fr\/wp-json\/wp\/v2\/product_cat?post=80056"},{"taxonomy":"product_tag","embeddable":true,"href":"https:\/\/shop.bantam.ch\/fr\/wp-json\/wp\/v2\/product_tag?post=80056"}],"curies":[{"name":"wp","href":"https:\/\/api.w.org\/{rel}","templated":true}]}}