{"id":79972,"date":"2023-02-28T01:25:07","date_gmt":"2023-02-28T00:25:07","guid":{"rendered":"http:\/\/shop.bantam.ch\/produit\/systeme-doccultation-fp-300-pare-brise-sans-retroviseur-interieur-ducato-x250\/"},"modified":"2026-04-21T21:23:33","modified_gmt":"2026-04-21T19:23:33","slug":"systeme-doccultation-fp-300-pare-brise-sans-retroviseur-interieur-ducato-x250","status":"publish","type":"product","link":"https:\/\/shop.bantam.ch\/fr\/produit\/systeme-doccultation-fp-300-pare-brise-sans-retroviseur-interieur-ducato-x250\/","title":{"rendered":"Syst\u00e8me d\u2019occultation FP 300, pare-brise, sans r\u00e9troviseur int\u00e9rieur, Ducato X250"},"content":{"rendered":"<p>Parfaitement adapt\u00e9 aux mod\u00e8les Fiat Ducato X250 et X290 ainsi qu&rsquo;aux mod\u00e8les similaires Peugeot Boxer et Citro\u00ebn Jumper. Ne convient pas aux v\u00e9hicules \u00e9quip\u00e9s d&rsquo;un r\u00e9troviseur ou d&rsquo;un airbag lat\u00e9ral.<\/p>\n<ul>\n<li>Mat\u00e9riau alv\u00e9olaire Duette \u00e0 double pliss\u00e9 pour une isolation efficace contre la chaleur et le froid<\/li>\n<li>Fonctionnement de bas en haut, pour une protection optimale de l\u2019intimit\u00e9<\/li>\n<li>Montage ultra-rapide\u00a0: aucun d\u00e9montage des \u00e9l\u00e9ments existants n\u2019est n\u00e9cessaire\u00a0!<\/li>\n<li>Panneau sup\u00e9rieur fin qui laisse de la place pour un lit rabattable<\/li>\n<li>R\u00e9glable en continu\u00a0: laisse entrer la lumi\u00e8re dans le v\u00e9hicule ou assombrit compl\u00e8tement l&rsquo;habitacle<\/li>\n<li>Sp\u00e9cialement con\u00e7u pour les v\u00e9hicules sans r\u00e9troviseurs et sans airbags lat\u00e9raux<\/li>\n<li>Convient \u00e9galement aux v\u00e9hicules \u00e9quip\u00e9s d&rsquo;un bo\u00eetier de d\u00e9tection de pluie<\/li>\n<\/ul>\n<p>\u00a0<\/p>\n","protected":false},"excerpt":{"rendered":"<p>Parfaitement adapt\u00e9 aux mod\u00e8les Fiat Ducato X250 et X290 ainsi qu&rsquo;aux mod\u00e8les similaires Peugeot Boxer et Citro\u00ebn Jumper. Ne convient pas aux v\u00e9hicules \u00e9quip\u00e9s d&rsquo;un r\u00e9troviseur ou d&rsquo;un airbag lat\u00e9ral. Mat\u00e9riau alv\u00e9olaire Duette \u00e0 double pliss\u00e9 pour une isolation efficace contre la chaleur et le froid Fonctionnement de bas en haut, pour une protection optimale [&hellip;]<\/p>\n","protected":false},"featured_media":79962,"template":"","meta":{"_acf_changed":false},"product_featured_cat":[],"product_brand":[3028],"product_cat":[4713],"product_tag":[],"class_list":{"0":"post-79972","1":"product","2":"type-product","3":"status-publish","4":"has-post-thumbnail","6":"product_brand-dometic","7":"product_cat-systeme-doccultation-de-la-cabine-de-conduite","9":"first","10":"instock","11":"taxable","12":"shipping-taxable","13":"purchasable","14":"product-type-simple"},"acf":[],"yoast_head":"<!-- This site is optimized with the Yoast SEO plugin v27.4 - https:\/\/yoast.com\/product\/yoast-seo-wordpress\/ -->\n<title>Syst\u00e8me d\u2019occultation FP 300, pare-brise, sans r\u00e9troviseur int\u00e9rieur, Ducato X250 - Bantam Wankm\u00fcller SA<\/title>\n<meta name=\"robots\" content=\"index, follow, max-snippet:-1, max-image-preview:large, max-video-preview:-1\" \/>\n<link rel=\"canonical\" href=\"https:\/\/shop.bantam.ch\/fr\/produit\/systeme-doccultation-fp-300-pare-brise-sans-retroviseur-interieur-ducato-x250\/\" \/>\n<meta property=\"og:locale\" content=\"fr_FR\" \/>\n<meta property=\"og:type\" content=\"article\" \/>\n<meta property=\"og:title\" content=\"Syst\u00e8me d\u2019occultation FP 300, pare-brise, sans r\u00e9troviseur int\u00e9rieur, Ducato X250 - Bantam Wankm\u00fcller SA\" \/>\n<meta property=\"og:description\" content=\"Parfaitement adapt\u00e9 aux mod\u00e8les Fiat Ducato X250 et X290 ainsi qu&rsquo;aux mod\u00e8les similaires Peugeot Boxer et Citro\u00ebn Jumper. Ne convient pas aux v\u00e9hicules \u00e9quip\u00e9s d&rsquo;un r\u00e9troviseur ou d&rsquo;un airbag lat\u00e9ral. Mat\u00e9riau alv\u00e9olaire Duette \u00e0 double pliss\u00e9 pour une isolation efficace contre la chaleur et le froid Fonctionnement de bas en haut, pour une protection optimale [&hellip;]\" \/>\n<meta property=\"og:url\" content=\"https:\/\/shop.bantam.ch\/fr\/produit\/systeme-doccultation-fp-300-pare-brise-sans-retroviseur-interieur-ducato-x250\/\" \/>\n<meta property=\"og:site_name\" content=\"Bantam Wankm\u00fcller SA\" \/>\n<meta property=\"article:modified_time\" content=\"2026-04-21T19:23:33+00:00\" \/>\n<meta property=\"og:image\" content=\"https:\/\/shop.bantam.ch\/wp-content\/uploads\/2023\/02\/994277111.jpg\" \/>\n\t<meta property=\"og:image:width\" content=\"500\" \/>\n\t<meta property=\"og:image:height\" content=\"500\" \/>\n\t<meta property=\"og:image:type\" content=\"image\/jpeg\" \/>\n<meta name=\"twitter:card\" content=\"summary_large_image\" \/>\n<meta name=\"twitter:label1\" content=\"Dur\u00e9e de lecture estim\u00e9e\" \/>\n\t<meta name=\"twitter:data1\" content=\"1 minute\" \/>\n<script type=\"application\/ld+json\" class=\"yoast-schema-graph\">{\"@context\":\"https:\\\/\\\/schema.org\",\"@graph\":[{\"@type\":\"WebPage\",\"@id\":\"https:\\\/\\\/shop.bantam.ch\\\/fr\\\/produit\\\/systeme-doccultation-fp-300-pare-brise-sans-retroviseur-interieur-ducato-x250\\\/\",\"url\":\"https:\\\/\\\/shop.bantam.ch\\\/fr\\\/produit\\\/systeme-doccultation-fp-300-pare-brise-sans-retroviseur-interieur-ducato-x250\\\/\",\"name\":\"Syst\u00e8me d\u2019occultation FP 300, pare-brise, sans r\u00e9troviseur int\u00e9rieur, Ducato X250 - Bantam Wankm\u00fcller SA\",\"isPartOf\":{\"@id\":\"https:\\\/\\\/shop.bantam.ch\\\/fr\\\/#website\"},\"primaryImageOfPage\":{\"@id\":\"https:\\\/\\\/shop.bantam.ch\\\/fr\\\/produit\\\/systeme-doccultation-fp-300-pare-brise-sans-retroviseur-interieur-ducato-x250\\\/#primaryimage\"},\"image\":{\"@id\":\"https:\\\/\\\/shop.bantam.ch\\\/fr\\\/produit\\\/systeme-doccultation-fp-300-pare-brise-sans-retroviseur-interieur-ducato-x250\\\/#primaryimage\"},\"thumbnailUrl\":\"https:\\\/\\\/shop.bantam.ch\\\/wp-content\\\/uploads\\\/2023\\\/02\\\/994277111.jpg\",\"datePublished\":\"2023-02-28T00:25:07+00:00\",\"dateModified\":\"2026-04-21T19:23:33+00:00\",\"breadcrumb\":{\"@id\":\"https:\\\/\\\/shop.bantam.ch\\\/fr\\\/produit\\\/systeme-doccultation-fp-300-pare-brise-sans-retroviseur-interieur-ducato-x250\\\/#breadcrumb\"},\"inLanguage\":\"fr-FR\",\"potentialAction\":[{\"@type\":\"ReadAction\",\"target\":[\"https:\\\/\\\/shop.bantam.ch\\\/fr\\\/produit\\\/systeme-doccultation-fp-300-pare-brise-sans-retroviseur-interieur-ducato-x250\\\/\"]}]},{\"@type\":\"ImageObject\",\"inLanguage\":\"fr-FR\",\"@id\":\"https:\\\/\\\/shop.bantam.ch\\\/fr\\\/produit\\\/systeme-doccultation-fp-300-pare-brise-sans-retroviseur-interieur-ducato-x250\\\/#primaryimage\",\"url\":\"https:\\\/\\\/shop.bantam.ch\\\/wp-content\\\/uploads\\\/2023\\\/02\\\/994277111.jpg\",\"contentUrl\":\"https:\\\/\\\/shop.bantam.ch\\\/wp-content\\\/uploads\\\/2023\\\/02\\\/994277111.jpg\",\"width\":500,\"height\":500},{\"@type\":\"BreadcrumbList\",\"@id\":\"https:\\\/\\\/shop.bantam.ch\\\/fr\\\/produit\\\/systeme-doccultation-fp-300-pare-brise-sans-retroviseur-interieur-ducato-x250\\\/#breadcrumb\",\"itemListElement\":[{\"@type\":\"ListItem\",\"position\":1,\"name\":\"Accueil\",\"item\":\"https:\\\/\\\/shop.bantam.ch\\\/fr\\\/\"},{\"@type\":\"ListItem\",\"position\":2,\"name\":\"Boutique\",\"item\":\"https:\\\/\\\/shop.bantam.ch\\\/fr\\\/boutique\\\/\"},{\"@type\":\"ListItem\",\"position\":3,\"name\":\"Syst\u00e8me d\u2019occultation FP 300, pare-brise, sans r\u00e9troviseur int\u00e9rieur, Ducato X250\"}]},{\"@type\":\"WebSite\",\"@id\":\"https:\\\/\\\/shop.bantam.ch\\\/fr\\\/#website\",\"url\":\"https:\\\/\\\/shop.bantam.ch\\\/fr\\\/\",\"name\":\"Bantam Wankm\u00fcller SA\",\"description\":\"\",\"publisher\":{\"@id\":\"https:\\\/\\\/shop.bantam.ch\\\/fr\\\/#organization\"},\"inLanguage\":\"fr-FR\"},{\"@type\":\"Organization\",\"@id\":\"https:\\\/\\\/shop.bantam.ch\\\/fr\\\/#organization\",\"name\":\"Bantam Wankm\u00fcller SA\",\"url\":\"https:\\\/\\\/shop.bantam.ch\\\/fr\\\/\",\"logo\":{\"@type\":\"ImageObject\",\"inLanguage\":\"fr-FR\",\"@id\":\"https:\\\/\\\/shop.bantam.ch\\\/fr\\\/#\\\/schema\\\/logo\\\/image\\\/\",\"url\":\"https:\\\/\\\/shop.bantam.ch\\\/wp-content\\\/uploads\\\/2022\\\/12\\\/bantam-logo.png\",\"contentUrl\":\"https:\\\/\\\/shop.bantam.ch\\\/wp-content\\\/uploads\\\/2022\\\/12\\\/bantam-logo.png\",\"width\":320,\"height\":71,\"caption\":\"Bantam Wankm\u00fcller SA\"},\"image\":{\"@id\":\"https:\\\/\\\/shop.bantam.ch\\\/fr\\\/#\\\/schema\\\/logo\\\/image\\\/\"}}]}<\/script>\n<!-- \/ Yoast SEO plugin. -->","yoast_head_json":{"title":"Syst\u00e8me d\u2019occultation FP 300, pare-brise, sans r\u00e9troviseur int\u00e9rieur, Ducato X250 - Bantam Wankm\u00fcller SA","robots":{"index":"index","follow":"follow","max-snippet":"max-snippet:-1","max-image-preview":"max-image-preview:large","max-video-preview":"max-video-preview:-1"},"canonical":"https:\/\/shop.bantam.ch\/fr\/produit\/systeme-doccultation-fp-300-pare-brise-sans-retroviseur-interieur-ducato-x250\/","og_locale":"fr_FR","og_type":"article","og_title":"Syst\u00e8me d\u2019occultation FP 300, pare-brise, sans r\u00e9troviseur int\u00e9rieur, Ducato X250 - Bantam Wankm\u00fcller SA","og_description":"Parfaitement adapt\u00e9 aux mod\u00e8les Fiat Ducato X250 et X290 ainsi qu&rsquo;aux mod\u00e8les similaires Peugeot Boxer et Citro\u00ebn Jumper. Ne convient pas aux v\u00e9hicules \u00e9quip\u00e9s d&rsquo;un r\u00e9troviseur ou d&rsquo;un airbag lat\u00e9ral. Mat\u00e9riau alv\u00e9olaire Duette \u00e0 double pliss\u00e9 pour une isolation efficace contre la chaleur et le froid Fonctionnement de bas en haut, pour une protection optimale [&hellip;]","og_url":"https:\/\/shop.bantam.ch\/fr\/produit\/systeme-doccultation-fp-300-pare-brise-sans-retroviseur-interieur-ducato-x250\/","og_site_name":"Bantam Wankm\u00fcller SA","article_modified_time":"2026-04-21T19:23:33+00:00","og_image":[{"width":500,"height":500,"url":"https:\/\/shop.bantam.ch\/wp-content\/uploads\/2023\/02\/994277111.jpg","type":"image\/jpeg"}],"twitter_card":"summary_large_image","twitter_misc":{"Dur\u00e9e de lecture estim\u00e9e":"1 minute"},"schema":{"@context":"https:\/\/schema.org","@graph":[{"@type":"WebPage","@id":"https:\/\/shop.bantam.ch\/fr\/produit\/systeme-doccultation-fp-300-pare-brise-sans-retroviseur-interieur-ducato-x250\/","url":"https:\/\/shop.bantam.ch\/fr\/produit\/systeme-doccultation-fp-300-pare-brise-sans-retroviseur-interieur-ducato-x250\/","name":"Syst\u00e8me d\u2019occultation FP 300, pare-brise, sans r\u00e9troviseur int\u00e9rieur, Ducato X250 - Bantam Wankm\u00fcller SA","isPartOf":{"@id":"https:\/\/shop.bantam.ch\/fr\/#website"},"primaryImageOfPage":{"@id":"https:\/\/shop.bantam.ch\/fr\/produit\/systeme-doccultation-fp-300-pare-brise-sans-retroviseur-interieur-ducato-x250\/#primaryimage"},"image":{"@id":"https:\/\/shop.bantam.ch\/fr\/produit\/systeme-doccultation-fp-300-pare-brise-sans-retroviseur-interieur-ducato-x250\/#primaryimage"},"thumbnailUrl":"https:\/\/shop.bantam.ch\/wp-content\/uploads\/2023\/02\/994277111.jpg","datePublished":"2023-02-28T00:25:07+00:00","dateModified":"2026-04-21T19:23:33+00:00","breadcrumb":{"@id":"https:\/\/shop.bantam.ch\/fr\/produit\/systeme-doccultation-fp-300-pare-brise-sans-retroviseur-interieur-ducato-x250\/#breadcrumb"},"inLanguage":"fr-FR","potentialAction":[{"@type":"ReadAction","target":["https:\/\/shop.bantam.ch\/fr\/produit\/systeme-doccultation-fp-300-pare-brise-sans-retroviseur-interieur-ducato-x250\/"]}]},{"@type":"ImageObject","inLanguage":"fr-FR","@id":"https:\/\/shop.bantam.ch\/fr\/produit\/systeme-doccultation-fp-300-pare-brise-sans-retroviseur-interieur-ducato-x250\/#primaryimage","url":"https:\/\/shop.bantam.ch\/wp-content\/uploads\/2023\/02\/994277111.jpg","contentUrl":"https:\/\/shop.bantam.ch\/wp-content\/uploads\/2023\/02\/994277111.jpg","width":500,"height":500},{"@type":"BreadcrumbList","@id":"https:\/\/shop.bantam.ch\/fr\/produit\/systeme-doccultation-fp-300-pare-brise-sans-retroviseur-interieur-ducato-x250\/#breadcrumb","itemListElement":[{"@type":"ListItem","position":1,"name":"Accueil","item":"https:\/\/shop.bantam.ch\/fr\/"},{"@type":"ListItem","position":2,"name":"Boutique","item":"https:\/\/shop.bantam.ch\/fr\/boutique\/"},{"@type":"ListItem","position":3,"name":"Syst\u00e8me d\u2019occultation FP 300, pare-brise, sans r\u00e9troviseur int\u00e9rieur, Ducato X250"}]},{"@type":"WebSite","@id":"https:\/\/shop.bantam.ch\/fr\/#website","url":"https:\/\/shop.bantam.ch\/fr\/","name":"Bantam Wankm\u00fcller SA","description":"","publisher":{"@id":"https:\/\/shop.bantam.ch\/fr\/#organization"},"inLanguage":"fr-FR"},{"@type":"Organization","@id":"https:\/\/shop.bantam.ch\/fr\/#organization","name":"Bantam Wankm\u00fcller SA","url":"https:\/\/shop.bantam.ch\/fr\/","logo":{"@type":"ImageObject","inLanguage":"fr-FR","@id":"https:\/\/shop.bantam.ch\/fr\/#\/schema\/logo\/image\/","url":"https:\/\/shop.bantam.ch\/wp-content\/uploads\/2022\/12\/bantam-logo.png","contentUrl":"https:\/\/shop.bantam.ch\/wp-content\/uploads\/2022\/12\/bantam-logo.png","width":320,"height":71,"caption":"Bantam Wankm\u00fcller SA"},"image":{"@id":"https:\/\/shop.bantam.ch\/fr\/#\/schema\/logo\/image\/"}}]}},"_links":{"self":[{"href":"https:\/\/shop.bantam.ch\/fr\/wp-json\/wp\/v2\/product\/79972","targetHints":{"allow":["GET"]}}],"collection":[{"href":"https:\/\/shop.bantam.ch\/fr\/wp-json\/wp\/v2\/product"}],"about":[{"href":"https:\/\/shop.bantam.ch\/fr\/wp-json\/wp\/v2\/types\/product"}],"wp:featuredmedia":[{"embeddable":true,"href":"https:\/\/shop.bantam.ch\/fr\/wp-json\/wp\/v2\/media\/79962"}],"wp:attachment":[{"href":"https:\/\/shop.bantam.ch\/fr\/wp-json\/wp\/v2\/media?parent=79972"}],"wp:term":[{"taxonomy":"product_featured_cat","embeddable":true,"href":"https:\/\/shop.bantam.ch\/fr\/wp-json\/wp\/v2\/product_featured_cat?post=79972"},{"taxonomy":"product_brand","embeddable":true,"href":"https:\/\/shop.bantam.ch\/fr\/wp-json\/wp\/v2\/product_brand?post=79972"},{"taxonomy":"product_cat","embeddable":true,"href":"https:\/\/shop.bantam.ch\/fr\/wp-json\/wp\/v2\/product_cat?post=79972"},{"taxonomy":"product_tag","embeddable":true,"href":"https:\/\/shop.bantam.ch\/fr\/wp-json\/wp\/v2\/product_tag?post=79972"}],"curies":[{"name":"wp","href":"https:\/\/api.w.org\/{rel}","templated":true}]}}