{"id":78926,"date":"2023-02-28T01:17:31","date_gmt":"2023-02-28T00:17:31","guid":{"rendered":"http:\/\/shop.bantam.ch\/produit\/detendeur-basse-pression-type-en61-ds-ps-16-bars-50-mbars\/"},"modified":"2026-04-22T21:23:07","modified_gmt":"2026-04-22T19:23:07","slug":"detendeur-basse-pression-type-en61-ds-ps-16-bars-50-mbars","status":"publish","type":"product","link":"https:\/\/shop.bantam.ch\/fr\/produit\/detendeur-basse-pression-type-en61-ds-ps-16-bars-50-mbars\/","title":{"rendered":"D\u00e9tendeur basse pression GOK type EN61-DS PS 16 bars 50 mbar, 1,5 kg\/h KLF x G 1\/4 LH-KN"},"content":{"rendered":"<p>Pour le raccordement aux bouteilles de gaz, en particulier pour le fonctionnement des grils \u00e0 gaz. Sortie droite, avec manom\u00e8tre. KLF x G 1\/4 LH-KN 50 mbars 1,5 kg\/h.<br \/>S\u00e9curit\u00e9 anti-surcharge S2SR (\u00dcDS) pour la protection des appareils de consommation contre des pressions \u00e9lev\u00e9es non autoris\u00e9es<br \/>Indicateur visuel (vert\/rouge) avec signal optique (rouge) pour des pressions de sortie sup\u00e9rieures \u00e0 80 mbars<br \/>Raccord d&rsquo;entr\u00e9e \u00e9tendu. Pour montage facile sur des bouteilles de gaz de barbecue avec collier, par exemple.<br \/>Manom\u00e8tre pour le contr\u00f4le d&rsquo;\u00e9tanch\u00e9it\u00e9, par ex. lors du changement de bouteilles<br \/>Convient pour toutes les installations \u00e0 petite bouteille de gaz (par ex. radiateurs, barbecues \u00e0 gaz, etc.) en int\u00e9rieur ainsi que les installations professionnelles avec petite bouteille de gaz \u00e0 l\u2018ext\u00e9rieur (par ex. march\u00e9s de No\u00ebl)\u00a0!<\/p>\n","protected":false},"excerpt":{"rendered":"<p>Pour le raccordement aux bouteilles de gaz, en particulier pour le fonctionnement des grils \u00e0 gaz. Sortie droite, avec manom\u00e8tre. KLF x G 1\/4 LH-KN 50 mbars 1,5 kg\/h.S\u00e9curit\u00e9 anti-surcharge S2SR (\u00dcDS) pour la protection des appareils de consommation contre des pressions \u00e9lev\u00e9es non autoris\u00e9esIndicateur visuel (vert\/rouge) avec signal optique (rouge) pour des pressions de [&hellip;]<\/p>\n","protected":false},"featured_media":78924,"template":"","meta":{"_acf_changed":false},"product_featured_cat":[],"product_brand":[3254],"product_cat":[4491],"product_tag":[],"class_list":{"0":"post-78926","1":"product","2":"type-product","3":"status-publish","4":"has-post-thumbnail","6":"product_brand-gok","7":"product_cat-detendeurs-gaz","9":"first","10":"instock","11":"taxable","12":"shipping-taxable","13":"purchasable","14":"product-type-simple"},"acf":[],"yoast_head":"<!-- This site is optimized with the Yoast SEO plugin v27.4 - https:\/\/yoast.com\/product\/yoast-seo-wordpress\/ -->\n<title>D\u00e9tendeur basse pression GOK type EN61-DS PS 16 bars 50 mbar, 1,5 kg\/h KLF x G 1\/4 LH-KN - Bantam Wankm\u00fcller SA<\/title>\n<meta name=\"robots\" content=\"index, follow, max-snippet:-1, max-image-preview:large, max-video-preview:-1\" \/>\n<link rel=\"canonical\" href=\"https:\/\/shop.bantam.ch\/fr\/produit\/detendeur-basse-pression-type-en61-ds-ps-16-bars-50-mbars\/\" \/>\n<meta property=\"og:locale\" content=\"fr_FR\" \/>\n<meta property=\"og:type\" content=\"article\" \/>\n<meta property=\"og:title\" content=\"D\u00e9tendeur basse pression GOK type EN61-DS PS 16 bars 50 mbar, 1,5 kg\/h KLF x G 1\/4 LH-KN - Bantam Wankm\u00fcller SA\" \/>\n<meta property=\"og:description\" content=\"Pour le raccordement aux bouteilles de gaz, en particulier pour le fonctionnement des grils \u00e0 gaz. Sortie droite, avec manom\u00e8tre. KLF x G 1\/4 LH-KN 50 mbars 1,5 kg\/h.S\u00e9curit\u00e9 anti-surcharge S2SR (\u00dcDS) pour la protection des appareils de consommation contre des pressions \u00e9lev\u00e9es non autoris\u00e9esIndicateur visuel (vert\/rouge) avec signal optique (rouge) pour des pressions de [&hellip;]\" \/>\n<meta property=\"og:url\" content=\"https:\/\/shop.bantam.ch\/fr\/produit\/detendeur-basse-pression-type-en61-ds-ps-16-bars-50-mbars\/\" \/>\n<meta property=\"og:site_name\" content=\"Bantam Wankm\u00fcller SA\" \/>\n<meta property=\"article:modified_time\" content=\"2026-04-22T19:23:07+00:00\" \/>\n<meta property=\"og:image\" content=\"https:\/\/shop.bantam.ch\/wp-content\/uploads\/2023\/02\/995456711.jpg\" \/>\n\t<meta property=\"og:image:width\" content=\"1000\" \/>\n\t<meta property=\"og:image:height\" content=\"827\" \/>\n\t<meta property=\"og:image:type\" content=\"image\/jpeg\" \/>\n<meta name=\"twitter:card\" content=\"summary_large_image\" \/>\n<meta name=\"twitter:label1\" content=\"Dur\u00e9e de lecture estim\u00e9e\" \/>\n\t<meta name=\"twitter:data1\" content=\"1 minute\" \/>\n<script type=\"application\/ld+json\" class=\"yoast-schema-graph\">{\"@context\":\"https:\\\/\\\/schema.org\",\"@graph\":[{\"@type\":\"WebPage\",\"@id\":\"https:\\\/\\\/shop.bantam.ch\\\/fr\\\/produit\\\/detendeur-basse-pression-type-en61-ds-ps-16-bars-50-mbars\\\/\",\"url\":\"https:\\\/\\\/shop.bantam.ch\\\/fr\\\/produit\\\/detendeur-basse-pression-type-en61-ds-ps-16-bars-50-mbars\\\/\",\"name\":\"D\u00e9tendeur basse pression GOK type EN61-DS PS 16 bars 50 mbar, 1,5 kg\\\/h KLF x G 1\\\/4 LH-KN - Bantam Wankm\u00fcller SA\",\"isPartOf\":{\"@id\":\"https:\\\/\\\/shop.bantam.ch\\\/fr\\\/#website\"},\"primaryImageOfPage\":{\"@id\":\"https:\\\/\\\/shop.bantam.ch\\\/fr\\\/produit\\\/detendeur-basse-pression-type-en61-ds-ps-16-bars-50-mbars\\\/#primaryimage\"},\"image\":{\"@id\":\"https:\\\/\\\/shop.bantam.ch\\\/fr\\\/produit\\\/detendeur-basse-pression-type-en61-ds-ps-16-bars-50-mbars\\\/#primaryimage\"},\"thumbnailUrl\":\"https:\\\/\\\/shop.bantam.ch\\\/wp-content\\\/uploads\\\/2023\\\/02\\\/995456711.jpg\",\"datePublished\":\"2023-02-28T00:17:31+00:00\",\"dateModified\":\"2026-04-22T19:23:07+00:00\",\"breadcrumb\":{\"@id\":\"https:\\\/\\\/shop.bantam.ch\\\/fr\\\/produit\\\/detendeur-basse-pression-type-en61-ds-ps-16-bars-50-mbars\\\/#breadcrumb\"},\"inLanguage\":\"fr-FR\",\"potentialAction\":[{\"@type\":\"ReadAction\",\"target\":[\"https:\\\/\\\/shop.bantam.ch\\\/fr\\\/produit\\\/detendeur-basse-pression-type-en61-ds-ps-16-bars-50-mbars\\\/\"]}]},{\"@type\":\"ImageObject\",\"inLanguage\":\"fr-FR\",\"@id\":\"https:\\\/\\\/shop.bantam.ch\\\/fr\\\/produit\\\/detendeur-basse-pression-type-en61-ds-ps-16-bars-50-mbars\\\/#primaryimage\",\"url\":\"https:\\\/\\\/shop.bantam.ch\\\/wp-content\\\/uploads\\\/2023\\\/02\\\/995456711.jpg\",\"contentUrl\":\"https:\\\/\\\/shop.bantam.ch\\\/wp-content\\\/uploads\\\/2023\\\/02\\\/995456711.jpg\",\"width\":1000,\"height\":827},{\"@type\":\"BreadcrumbList\",\"@id\":\"https:\\\/\\\/shop.bantam.ch\\\/fr\\\/produit\\\/detendeur-basse-pression-type-en61-ds-ps-16-bars-50-mbars\\\/#breadcrumb\",\"itemListElement\":[{\"@type\":\"ListItem\",\"position\":1,\"name\":\"Accueil\",\"item\":\"https:\\\/\\\/shop.bantam.ch\\\/fr\\\/\"},{\"@type\":\"ListItem\",\"position\":2,\"name\":\"Boutique\",\"item\":\"https:\\\/\\\/shop.bantam.ch\\\/fr\\\/boutique\\\/\"},{\"@type\":\"ListItem\",\"position\":3,\"name\":\"D\u00e9tendeur basse pression GOK type EN61-DS PS 16 bars 50 mbar, 1,5 kg\\\/h KLF x G 1\\\/4 LH-KN\"}]},{\"@type\":\"WebSite\",\"@id\":\"https:\\\/\\\/shop.bantam.ch\\\/fr\\\/#website\",\"url\":\"https:\\\/\\\/shop.bantam.ch\\\/fr\\\/\",\"name\":\"Bantam Wankm\u00fcller SA\",\"description\":\"\",\"publisher\":{\"@id\":\"https:\\\/\\\/shop.bantam.ch\\\/fr\\\/#organization\"},\"inLanguage\":\"fr-FR\"},{\"@type\":\"Organization\",\"@id\":\"https:\\\/\\\/shop.bantam.ch\\\/fr\\\/#organization\",\"name\":\"Bantam Wankm\u00fcller SA\",\"url\":\"https:\\\/\\\/shop.bantam.ch\\\/fr\\\/\",\"logo\":{\"@type\":\"ImageObject\",\"inLanguage\":\"fr-FR\",\"@id\":\"https:\\\/\\\/shop.bantam.ch\\\/fr\\\/#\\\/schema\\\/logo\\\/image\\\/\",\"url\":\"https:\\\/\\\/shop.bantam.ch\\\/wp-content\\\/uploads\\\/2022\\\/12\\\/bantam-logo.png\",\"contentUrl\":\"https:\\\/\\\/shop.bantam.ch\\\/wp-content\\\/uploads\\\/2022\\\/12\\\/bantam-logo.png\",\"width\":320,\"height\":71,\"caption\":\"Bantam Wankm\u00fcller SA\"},\"image\":{\"@id\":\"https:\\\/\\\/shop.bantam.ch\\\/fr\\\/#\\\/schema\\\/logo\\\/image\\\/\"}}]}<\/script>\n<!-- \/ Yoast SEO plugin. -->","yoast_head_json":{"title":"D\u00e9tendeur basse pression GOK type EN61-DS PS 16 bars 50 mbar, 1,5 kg\/h KLF x G 1\/4 LH-KN - Bantam Wankm\u00fcller SA","robots":{"index":"index","follow":"follow","max-snippet":"max-snippet:-1","max-image-preview":"max-image-preview:large","max-video-preview":"max-video-preview:-1"},"canonical":"https:\/\/shop.bantam.ch\/fr\/produit\/detendeur-basse-pression-type-en61-ds-ps-16-bars-50-mbars\/","og_locale":"fr_FR","og_type":"article","og_title":"D\u00e9tendeur basse pression GOK type EN61-DS PS 16 bars 50 mbar, 1,5 kg\/h KLF x G 1\/4 LH-KN - Bantam Wankm\u00fcller SA","og_description":"Pour le raccordement aux bouteilles de gaz, en particulier pour le fonctionnement des grils \u00e0 gaz. Sortie droite, avec manom\u00e8tre. KLF x G 1\/4 LH-KN 50 mbars 1,5 kg\/h.S\u00e9curit\u00e9 anti-surcharge S2SR (\u00dcDS) pour la protection des appareils de consommation contre des pressions \u00e9lev\u00e9es non autoris\u00e9esIndicateur visuel (vert\/rouge) avec signal optique (rouge) pour des pressions de [&hellip;]","og_url":"https:\/\/shop.bantam.ch\/fr\/produit\/detendeur-basse-pression-type-en61-ds-ps-16-bars-50-mbars\/","og_site_name":"Bantam Wankm\u00fcller SA","article_modified_time":"2026-04-22T19:23:07+00:00","og_image":[{"width":1000,"height":827,"url":"https:\/\/shop.bantam.ch\/wp-content\/uploads\/2023\/02\/995456711.jpg","type":"image\/jpeg"}],"twitter_card":"summary_large_image","twitter_misc":{"Dur\u00e9e de lecture estim\u00e9e":"1 minute"},"schema":{"@context":"https:\/\/schema.org","@graph":[{"@type":"WebPage","@id":"https:\/\/shop.bantam.ch\/fr\/produit\/detendeur-basse-pression-type-en61-ds-ps-16-bars-50-mbars\/","url":"https:\/\/shop.bantam.ch\/fr\/produit\/detendeur-basse-pression-type-en61-ds-ps-16-bars-50-mbars\/","name":"D\u00e9tendeur basse pression GOK type EN61-DS PS 16 bars 50 mbar, 1,5 kg\/h KLF x G 1\/4 LH-KN - Bantam Wankm\u00fcller SA","isPartOf":{"@id":"https:\/\/shop.bantam.ch\/fr\/#website"},"primaryImageOfPage":{"@id":"https:\/\/shop.bantam.ch\/fr\/produit\/detendeur-basse-pression-type-en61-ds-ps-16-bars-50-mbars\/#primaryimage"},"image":{"@id":"https:\/\/shop.bantam.ch\/fr\/produit\/detendeur-basse-pression-type-en61-ds-ps-16-bars-50-mbars\/#primaryimage"},"thumbnailUrl":"https:\/\/shop.bantam.ch\/wp-content\/uploads\/2023\/02\/995456711.jpg","datePublished":"2023-02-28T00:17:31+00:00","dateModified":"2026-04-22T19:23:07+00:00","breadcrumb":{"@id":"https:\/\/shop.bantam.ch\/fr\/produit\/detendeur-basse-pression-type-en61-ds-ps-16-bars-50-mbars\/#breadcrumb"},"inLanguage":"fr-FR","potentialAction":[{"@type":"ReadAction","target":["https:\/\/shop.bantam.ch\/fr\/produit\/detendeur-basse-pression-type-en61-ds-ps-16-bars-50-mbars\/"]}]},{"@type":"ImageObject","inLanguage":"fr-FR","@id":"https:\/\/shop.bantam.ch\/fr\/produit\/detendeur-basse-pression-type-en61-ds-ps-16-bars-50-mbars\/#primaryimage","url":"https:\/\/shop.bantam.ch\/wp-content\/uploads\/2023\/02\/995456711.jpg","contentUrl":"https:\/\/shop.bantam.ch\/wp-content\/uploads\/2023\/02\/995456711.jpg","width":1000,"height":827},{"@type":"BreadcrumbList","@id":"https:\/\/shop.bantam.ch\/fr\/produit\/detendeur-basse-pression-type-en61-ds-ps-16-bars-50-mbars\/#breadcrumb","itemListElement":[{"@type":"ListItem","position":1,"name":"Accueil","item":"https:\/\/shop.bantam.ch\/fr\/"},{"@type":"ListItem","position":2,"name":"Boutique","item":"https:\/\/shop.bantam.ch\/fr\/boutique\/"},{"@type":"ListItem","position":3,"name":"D\u00e9tendeur basse pression GOK type EN61-DS PS 16 bars 50 mbar, 1,5 kg\/h KLF x G 1\/4 LH-KN"}]},{"@type":"WebSite","@id":"https:\/\/shop.bantam.ch\/fr\/#website","url":"https:\/\/shop.bantam.ch\/fr\/","name":"Bantam Wankm\u00fcller SA","description":"","publisher":{"@id":"https:\/\/shop.bantam.ch\/fr\/#organization"},"inLanguage":"fr-FR"},{"@type":"Organization","@id":"https:\/\/shop.bantam.ch\/fr\/#organization","name":"Bantam Wankm\u00fcller SA","url":"https:\/\/shop.bantam.ch\/fr\/","logo":{"@type":"ImageObject","inLanguage":"fr-FR","@id":"https:\/\/shop.bantam.ch\/fr\/#\/schema\/logo\/image\/","url":"https:\/\/shop.bantam.ch\/wp-content\/uploads\/2022\/12\/bantam-logo.png","contentUrl":"https:\/\/shop.bantam.ch\/wp-content\/uploads\/2022\/12\/bantam-logo.png","width":320,"height":71,"caption":"Bantam Wankm\u00fcller SA"},"image":{"@id":"https:\/\/shop.bantam.ch\/fr\/#\/schema\/logo\/image\/"}}]}},"_links":{"self":[{"href":"https:\/\/shop.bantam.ch\/fr\/wp-json\/wp\/v2\/product\/78926","targetHints":{"allow":["GET"]}}],"collection":[{"href":"https:\/\/shop.bantam.ch\/fr\/wp-json\/wp\/v2\/product"}],"about":[{"href":"https:\/\/shop.bantam.ch\/fr\/wp-json\/wp\/v2\/types\/product"}],"wp:featuredmedia":[{"embeddable":true,"href":"https:\/\/shop.bantam.ch\/fr\/wp-json\/wp\/v2\/media\/78924"}],"wp:attachment":[{"href":"https:\/\/shop.bantam.ch\/fr\/wp-json\/wp\/v2\/media?parent=78926"}],"wp:term":[{"taxonomy":"product_featured_cat","embeddable":true,"href":"https:\/\/shop.bantam.ch\/fr\/wp-json\/wp\/v2\/product_featured_cat?post=78926"},{"taxonomy":"product_brand","embeddable":true,"href":"https:\/\/shop.bantam.ch\/fr\/wp-json\/wp\/v2\/product_brand?post=78926"},{"taxonomy":"product_cat","embeddable":true,"href":"https:\/\/shop.bantam.ch\/fr\/wp-json\/wp\/v2\/product_cat?post=78926"},{"taxonomy":"product_tag","embeddable":true,"href":"https:\/\/shop.bantam.ch\/fr\/wp-json\/wp\/v2\/product_tag?post=78926"}],"curies":[{"name":"wp","href":"https:\/\/api.w.org\/{rel}","templated":true}]}}