{"id":78702,"date":"2023-02-28T01:13:25","date_gmt":"2023-02-28T00:13:25","guid":{"rendered":"http:\/\/shop.bantam.ch\/produit\/coffre-fort-sous-siege-fiat-ducato-x250-x290-easy-fix-laptop\/"},"modified":"2026-04-18T21:22:51","modified_gmt":"2026-04-18T19:22:51","slug":"coffre-fort-sous-siege-fiat-ducato-x250-x290-easy-fix-laptop","status":"publish","type":"product","link":"https:\/\/shop.bantam.ch\/fr\/produit\/coffre-fort-sous-siege-fiat-ducato-x250-x290-easy-fix-laptop\/","title":{"rendered":"Coffre-fort \u00e0 socle Mobil-Safe Fiat Ducato X250\/X290 Easy Fix Laptop 17 pouces"},"content":{"rendered":"<p>Convient aux mod\u00e8les Fiat Ducato, Citro\u00ebn Jumper et Peugeot Boxer \u00e0pd 2006. Fixation au moyen des vis existantes de la console de si\u00e8ge. La garniture reste en place, sans modification.<\/p>\n<ul>\n<li>Dimensions ext\u00e9rieures 28 x 18 x 45 cm (lxhxp)<\/li>\n<li>Dimension de passage de porte 25 x 15 cm (lxh)<\/li>\n<\/ul>\n<p>\u00a0<\/p>\n","protected":false},"excerpt":{"rendered":"<p>Convient aux mod\u00e8les Fiat Ducato, Citro\u00ebn Jumper et Peugeot Boxer \u00e0pd 2006. Fixation au moyen des vis existantes de la console de si\u00e8ge. La garniture reste en place, sans modification. Dimensions ext\u00e9rieures 28 x 18 x 45 cm (lxhxp) Dimension de passage de porte 25 x 15 cm (lxh) \u00a0<\/p>\n","protected":false},"featured_media":78700,"template":"","meta":{"_acf_changed":false},"product_featured_cat":[],"product_brand":[3136],"product_cat":[4669],"product_tag":[],"class_list":{"0":"post-78702","1":"product","2":"type-product","3":"status-publish","4":"has-post-thumbnail","6":"product_brand-mobil-safe","7":"product_cat-coffres-forts-et-chambres-fortes","9":"first","10":"instock","11":"taxable","12":"shipping-taxable","13":"purchasable","14":"product-type-simple"},"acf":[],"yoast_head":"<!-- This site is optimized with the Yoast SEO plugin v27.4 - https:\/\/yoast.com\/product\/yoast-seo-wordpress\/ -->\n<title>Coffre-fort \u00e0 socle Mobil-Safe Fiat Ducato X250\/X290 Easy Fix Laptop 17 pouces - Bantam Wankm\u00fcller SA<\/title>\n<meta name=\"robots\" content=\"index, follow, max-snippet:-1, max-image-preview:large, max-video-preview:-1\" \/>\n<link rel=\"canonical\" href=\"https:\/\/shop.bantam.ch\/fr\/produit\/coffre-fort-sous-siege-fiat-ducato-x250-x290-easy-fix-laptop\/\" \/>\n<meta property=\"og:locale\" content=\"fr_FR\" \/>\n<meta property=\"og:type\" content=\"article\" \/>\n<meta property=\"og:title\" content=\"Coffre-fort \u00e0 socle Mobil-Safe Fiat Ducato X250\/X290 Easy Fix Laptop 17 pouces - Bantam Wankm\u00fcller SA\" \/>\n<meta property=\"og:description\" content=\"Convient aux mod\u00e8les Fiat Ducato, Citro\u00ebn Jumper et Peugeot Boxer \u00e0pd 2006. Fixation au moyen des vis existantes de la console de si\u00e8ge. La garniture reste en place, sans modification. Dimensions ext\u00e9rieures 28 x 18 x 45 cm (lxhxp) Dimension de passage de porte 25 x 15 cm (lxh) \u00a0\" \/>\n<meta property=\"og:url\" content=\"https:\/\/shop.bantam.ch\/fr\/produit\/coffre-fort-sous-siege-fiat-ducato-x250-x290-easy-fix-laptop\/\" \/>\n<meta property=\"og:site_name\" content=\"Bantam Wankm\u00fcller SA\" \/>\n<meta property=\"article:modified_time\" content=\"2026-04-18T19:22:51+00:00\" \/>\n<meta property=\"og:image\" content=\"https:\/\/shop.bantam.ch\/wp-content\/uploads\/2023\/02\/9942646100.jpg\" \/>\n\t<meta property=\"og:image:width\" content=\"787\" \/>\n\t<meta property=\"og:image:height\" content=\"568\" \/>\n\t<meta property=\"og:image:type\" content=\"image\/jpeg\" \/>\n<meta name=\"twitter:card\" content=\"summary_large_image\" \/>\n<script type=\"application\/ld+json\" class=\"yoast-schema-graph\">{\"@context\":\"https:\\\/\\\/schema.org\",\"@graph\":[{\"@type\":\"WebPage\",\"@id\":\"https:\\\/\\\/shop.bantam.ch\\\/fr\\\/produit\\\/coffre-fort-sous-siege-fiat-ducato-x250-x290-easy-fix-laptop\\\/\",\"url\":\"https:\\\/\\\/shop.bantam.ch\\\/fr\\\/produit\\\/coffre-fort-sous-siege-fiat-ducato-x250-x290-easy-fix-laptop\\\/\",\"name\":\"Coffre-fort \u00e0 socle Mobil-Safe Fiat Ducato X250\\\/X290 Easy Fix Laptop 17 pouces - Bantam Wankm\u00fcller SA\",\"isPartOf\":{\"@id\":\"https:\\\/\\\/shop.bantam.ch\\\/fr\\\/#website\"},\"primaryImageOfPage\":{\"@id\":\"https:\\\/\\\/shop.bantam.ch\\\/fr\\\/produit\\\/coffre-fort-sous-siege-fiat-ducato-x250-x290-easy-fix-laptop\\\/#primaryimage\"},\"image\":{\"@id\":\"https:\\\/\\\/shop.bantam.ch\\\/fr\\\/produit\\\/coffre-fort-sous-siege-fiat-ducato-x250-x290-easy-fix-laptop\\\/#primaryimage\"},\"thumbnailUrl\":\"https:\\\/\\\/shop.bantam.ch\\\/wp-content\\\/uploads\\\/2023\\\/02\\\/9942646100.jpg\",\"datePublished\":\"2023-02-28T00:13:25+00:00\",\"dateModified\":\"2026-04-18T19:22:51+00:00\",\"breadcrumb\":{\"@id\":\"https:\\\/\\\/shop.bantam.ch\\\/fr\\\/produit\\\/coffre-fort-sous-siege-fiat-ducato-x250-x290-easy-fix-laptop\\\/#breadcrumb\"},\"inLanguage\":\"fr-FR\",\"potentialAction\":[{\"@type\":\"ReadAction\",\"target\":[\"https:\\\/\\\/shop.bantam.ch\\\/fr\\\/produit\\\/coffre-fort-sous-siege-fiat-ducato-x250-x290-easy-fix-laptop\\\/\"]}]},{\"@type\":\"ImageObject\",\"inLanguage\":\"fr-FR\",\"@id\":\"https:\\\/\\\/shop.bantam.ch\\\/fr\\\/produit\\\/coffre-fort-sous-siege-fiat-ducato-x250-x290-easy-fix-laptop\\\/#primaryimage\",\"url\":\"https:\\\/\\\/shop.bantam.ch\\\/wp-content\\\/uploads\\\/2023\\\/02\\\/9942646100.jpg\",\"contentUrl\":\"https:\\\/\\\/shop.bantam.ch\\\/wp-content\\\/uploads\\\/2023\\\/02\\\/9942646100.jpg\",\"width\":787,\"height\":568},{\"@type\":\"BreadcrumbList\",\"@id\":\"https:\\\/\\\/shop.bantam.ch\\\/fr\\\/produit\\\/coffre-fort-sous-siege-fiat-ducato-x250-x290-easy-fix-laptop\\\/#breadcrumb\",\"itemListElement\":[{\"@type\":\"ListItem\",\"position\":1,\"name\":\"Accueil\",\"item\":\"https:\\\/\\\/shop.bantam.ch\\\/fr\\\/\"},{\"@type\":\"ListItem\",\"position\":2,\"name\":\"Boutique\",\"item\":\"https:\\\/\\\/shop.bantam.ch\\\/fr\\\/boutique\\\/\"},{\"@type\":\"ListItem\",\"position\":3,\"name\":\"Coffre-fort \u00e0 socle Mobil-Safe Fiat Ducato X250\\\/X290 Easy Fix Laptop 17 pouces\"}]},{\"@type\":\"WebSite\",\"@id\":\"https:\\\/\\\/shop.bantam.ch\\\/fr\\\/#website\",\"url\":\"https:\\\/\\\/shop.bantam.ch\\\/fr\\\/\",\"name\":\"Bantam Wankm\u00fcller SA\",\"description\":\"\",\"publisher\":{\"@id\":\"https:\\\/\\\/shop.bantam.ch\\\/fr\\\/#organization\"},\"inLanguage\":\"fr-FR\"},{\"@type\":\"Organization\",\"@id\":\"https:\\\/\\\/shop.bantam.ch\\\/fr\\\/#organization\",\"name\":\"Bantam Wankm\u00fcller SA\",\"url\":\"https:\\\/\\\/shop.bantam.ch\\\/fr\\\/\",\"logo\":{\"@type\":\"ImageObject\",\"inLanguage\":\"fr-FR\",\"@id\":\"https:\\\/\\\/shop.bantam.ch\\\/fr\\\/#\\\/schema\\\/logo\\\/image\\\/\",\"url\":\"https:\\\/\\\/shop.bantam.ch\\\/wp-content\\\/uploads\\\/2022\\\/12\\\/bantam-logo.png\",\"contentUrl\":\"https:\\\/\\\/shop.bantam.ch\\\/wp-content\\\/uploads\\\/2022\\\/12\\\/bantam-logo.png\",\"width\":320,\"height\":71,\"caption\":\"Bantam Wankm\u00fcller SA\"},\"image\":{\"@id\":\"https:\\\/\\\/shop.bantam.ch\\\/fr\\\/#\\\/schema\\\/logo\\\/image\\\/\"}}]}<\/script>\n<!-- \/ Yoast SEO plugin. -->","yoast_head_json":{"title":"Coffre-fort \u00e0 socle Mobil-Safe Fiat Ducato X250\/X290 Easy Fix Laptop 17 pouces - Bantam Wankm\u00fcller SA","robots":{"index":"index","follow":"follow","max-snippet":"max-snippet:-1","max-image-preview":"max-image-preview:large","max-video-preview":"max-video-preview:-1"},"canonical":"https:\/\/shop.bantam.ch\/fr\/produit\/coffre-fort-sous-siege-fiat-ducato-x250-x290-easy-fix-laptop\/","og_locale":"fr_FR","og_type":"article","og_title":"Coffre-fort \u00e0 socle Mobil-Safe Fiat Ducato X250\/X290 Easy Fix Laptop 17 pouces - Bantam Wankm\u00fcller SA","og_description":"Convient aux mod\u00e8les Fiat Ducato, Citro\u00ebn Jumper et Peugeot Boxer \u00e0pd 2006. Fixation au moyen des vis existantes de la console de si\u00e8ge. La garniture reste en place, sans modification. Dimensions ext\u00e9rieures 28 x 18 x 45 cm (lxhxp) Dimension de passage de porte 25 x 15 cm (lxh) \u00a0","og_url":"https:\/\/shop.bantam.ch\/fr\/produit\/coffre-fort-sous-siege-fiat-ducato-x250-x290-easy-fix-laptop\/","og_site_name":"Bantam Wankm\u00fcller SA","article_modified_time":"2026-04-18T19:22:51+00:00","og_image":[{"width":787,"height":568,"url":"https:\/\/shop.bantam.ch\/wp-content\/uploads\/2023\/02\/9942646100.jpg","type":"image\/jpeg"}],"twitter_card":"summary_large_image","schema":{"@context":"https:\/\/schema.org","@graph":[{"@type":"WebPage","@id":"https:\/\/shop.bantam.ch\/fr\/produit\/coffre-fort-sous-siege-fiat-ducato-x250-x290-easy-fix-laptop\/","url":"https:\/\/shop.bantam.ch\/fr\/produit\/coffre-fort-sous-siege-fiat-ducato-x250-x290-easy-fix-laptop\/","name":"Coffre-fort \u00e0 socle Mobil-Safe Fiat Ducato X250\/X290 Easy Fix Laptop 17 pouces - Bantam Wankm\u00fcller SA","isPartOf":{"@id":"https:\/\/shop.bantam.ch\/fr\/#website"},"primaryImageOfPage":{"@id":"https:\/\/shop.bantam.ch\/fr\/produit\/coffre-fort-sous-siege-fiat-ducato-x250-x290-easy-fix-laptop\/#primaryimage"},"image":{"@id":"https:\/\/shop.bantam.ch\/fr\/produit\/coffre-fort-sous-siege-fiat-ducato-x250-x290-easy-fix-laptop\/#primaryimage"},"thumbnailUrl":"https:\/\/shop.bantam.ch\/wp-content\/uploads\/2023\/02\/9942646100.jpg","datePublished":"2023-02-28T00:13:25+00:00","dateModified":"2026-04-18T19:22:51+00:00","breadcrumb":{"@id":"https:\/\/shop.bantam.ch\/fr\/produit\/coffre-fort-sous-siege-fiat-ducato-x250-x290-easy-fix-laptop\/#breadcrumb"},"inLanguage":"fr-FR","potentialAction":[{"@type":"ReadAction","target":["https:\/\/shop.bantam.ch\/fr\/produit\/coffre-fort-sous-siege-fiat-ducato-x250-x290-easy-fix-laptop\/"]}]},{"@type":"ImageObject","inLanguage":"fr-FR","@id":"https:\/\/shop.bantam.ch\/fr\/produit\/coffre-fort-sous-siege-fiat-ducato-x250-x290-easy-fix-laptop\/#primaryimage","url":"https:\/\/shop.bantam.ch\/wp-content\/uploads\/2023\/02\/9942646100.jpg","contentUrl":"https:\/\/shop.bantam.ch\/wp-content\/uploads\/2023\/02\/9942646100.jpg","width":787,"height":568},{"@type":"BreadcrumbList","@id":"https:\/\/shop.bantam.ch\/fr\/produit\/coffre-fort-sous-siege-fiat-ducato-x250-x290-easy-fix-laptop\/#breadcrumb","itemListElement":[{"@type":"ListItem","position":1,"name":"Accueil","item":"https:\/\/shop.bantam.ch\/fr\/"},{"@type":"ListItem","position":2,"name":"Boutique","item":"https:\/\/shop.bantam.ch\/fr\/boutique\/"},{"@type":"ListItem","position":3,"name":"Coffre-fort \u00e0 socle Mobil-Safe Fiat Ducato X250\/X290 Easy Fix Laptop 17 pouces"}]},{"@type":"WebSite","@id":"https:\/\/shop.bantam.ch\/fr\/#website","url":"https:\/\/shop.bantam.ch\/fr\/","name":"Bantam Wankm\u00fcller SA","description":"","publisher":{"@id":"https:\/\/shop.bantam.ch\/fr\/#organization"},"inLanguage":"fr-FR"},{"@type":"Organization","@id":"https:\/\/shop.bantam.ch\/fr\/#organization","name":"Bantam Wankm\u00fcller SA","url":"https:\/\/shop.bantam.ch\/fr\/","logo":{"@type":"ImageObject","inLanguage":"fr-FR","@id":"https:\/\/shop.bantam.ch\/fr\/#\/schema\/logo\/image\/","url":"https:\/\/shop.bantam.ch\/wp-content\/uploads\/2022\/12\/bantam-logo.png","contentUrl":"https:\/\/shop.bantam.ch\/wp-content\/uploads\/2022\/12\/bantam-logo.png","width":320,"height":71,"caption":"Bantam Wankm\u00fcller SA"},"image":{"@id":"https:\/\/shop.bantam.ch\/fr\/#\/schema\/logo\/image\/"}}]}},"_links":{"self":[{"href":"https:\/\/shop.bantam.ch\/fr\/wp-json\/wp\/v2\/product\/78702","targetHints":{"allow":["GET"]}}],"collection":[{"href":"https:\/\/shop.bantam.ch\/fr\/wp-json\/wp\/v2\/product"}],"about":[{"href":"https:\/\/shop.bantam.ch\/fr\/wp-json\/wp\/v2\/types\/product"}],"wp:featuredmedia":[{"embeddable":true,"href":"https:\/\/shop.bantam.ch\/fr\/wp-json\/wp\/v2\/media\/78700"}],"wp:attachment":[{"href":"https:\/\/shop.bantam.ch\/fr\/wp-json\/wp\/v2\/media?parent=78702"}],"wp:term":[{"taxonomy":"product_featured_cat","embeddable":true,"href":"https:\/\/shop.bantam.ch\/fr\/wp-json\/wp\/v2\/product_featured_cat?post=78702"},{"taxonomy":"product_brand","embeddable":true,"href":"https:\/\/shop.bantam.ch\/fr\/wp-json\/wp\/v2\/product_brand?post=78702"},{"taxonomy":"product_cat","embeddable":true,"href":"https:\/\/shop.bantam.ch\/fr\/wp-json\/wp\/v2\/product_cat?post=78702"},{"taxonomy":"product_tag","embeddable":true,"href":"https:\/\/shop.bantam.ch\/fr\/wp-json\/wp\/v2\/product_tag?post=78702"}],"curies":[{"name":"wp","href":"https:\/\/api.w.org\/{rel}","templated":true}]}}