{"id":78668,"date":"2023-02-28T01:12:51","date_gmt":"2023-02-28T00:12:51","guid":{"rendered":"http:\/\/shop.bantam.ch\/produit\/fenetre-de-toit-heki-3-sans-eclairage\/"},"modified":"2026-04-19T21:23:52","modified_gmt":"2026-04-19T19:23:52","slug":"fenetre-de-toit-heki-3-sans-eclairage","status":"publish","type":"product","link":"https:\/\/shop.bantam.ch\/fr\/produit\/fenetre-de-toit-heki-3-sans-eclairage\/","title":{"rendered":"Lucarne Dometic Heki 3 manivelle, dim. de d\u00e9coupe 96,0 x 65,5 cm sans ventil. forc\u00e9e, sans \u00e9clairage"},"content":{"rendered":"<p>La fen\u00eatre de toit Dometic Heki 3 plus conf\u00e8rent \u00e0 votre caravane ou camping-car un certain confort suppl\u00e9mentaire. La moustiquaire en gaze noire permet \u00e0 la fra\u00eecheur de p\u00e9n\u00e9trer et d&rsquo;\u00e9loigner les insectes. Le cadre est en plastique solide et r\u00e9sistant aux intemp\u00e9ries. Le store alv\u00e9olaire double pliss\u00e9 Duette est mont\u00e9 sur le c\u00f4t\u00e9 pour vous prot\u00e9ger du soleil. Avec syst\u00e8me de verrouillage s\u00e9curis\u00e9 pour une s\u00e9r\u00e9nit\u00e9 absolue.<\/p>\n<p>Si vous attachez beaucoup d&rsquo;importance \u00e0 la lumi\u00e8re du jour et \u00e0 l&rsquo;air frais dans votre camping-car ou votre caravane, cette fen\u00eatre de toit basculante stable vous conviendra parfaitement. Parmi de nombreux autres avantages, le store alv\u00e9olaire double pliss\u00e9 Duette vous prot\u00e8ge de mani\u00e8re optimale du soleil.<\/p>\n<ul>\n<li>Sans \u00e9clairage<\/li>\n<li>Cache \u00e0 la structure alv\u00e9olaire doublement pliss\u00e9e.<\/li>\n<li>Moustiquaire en gaze noire pliss\u00e9e<\/li>\n<li>Double vitrage acrylique<\/li>\n<\/ul>\n<ul>\n<li>Pour camping-cars et caravanes<\/li>\n<li>Maniement : Manivelle<\/li>\n<li>Crans d\u2019ouverture\u00a0: en continu<\/li>\n<li>Charge max. d\u2019ouverture\u00a0: 70\u00b0<\/li>\n<li>Double vitrage<\/li>\n<li>Occultation\u00a0: Duette<\/li>\n<li>Moustiquaire\u00a0: pliss\u00e9e simple<\/li>\n<li>Mati\u00e8re du cadre : ASA<\/li>\n<li>D\u00e9coupe\u00a0: 96 x 65,5 cm<\/li>\n<li>\u00c9paisseur standard du toit\u00a0: 2,5- 3,2\u00a0cm<\/li>\n<li>\u00c9paisseur de toit possible\u00a0: 3,3 &#8211; 6 cm<\/li>\n<li>Sans ventilation forc\u00e9e<\/li>\n<\/ul>\n","protected":false},"excerpt":{"rendered":"<p>La fen\u00eatre de toit Dometic Heki 3 plus conf\u00e8rent \u00e0 votre caravane ou camping-car un certain confort suppl\u00e9mentaire. La moustiquaire en gaze noire permet \u00e0 la fra\u00eecheur de p\u00e9n\u00e9trer et d&rsquo;\u00e9loigner les insectes. Le cadre est en plastique solide et r\u00e9sistant aux intemp\u00e9ries. Le store alv\u00e9olaire double pliss\u00e9 Duette est mont\u00e9 sur le c\u00f4t\u00e9 pour [&hellip;]<\/p>\n","protected":false},"featured_media":78664,"template":"","meta":{"_acf_changed":false},"product_featured_cat":[],"product_brand":[3028],"product_cat":[4647],"product_tag":[],"class_list":{"0":"post-78668","1":"product","2":"type-product","3":"status-publish","4":"has-post-thumbnail","6":"product_brand-dometic","7":"product_cat-fenetres-de-toit","9":"first","10":"instock","11":"taxable","12":"shipping-taxable","13":"purchasable","14":"product-type-simple"},"acf":[],"yoast_head":"<!-- This site is optimized with the Yoast SEO plugin v27.4 - https:\/\/yoast.com\/product\/yoast-seo-wordpress\/ -->\n<title>Lucarne Dometic Heki 3 manivelle, dim. de d\u00e9coupe 96,0 x 65,5 cm sans ventil. forc\u00e9e, sans \u00e9clairage - Bantam Wankm\u00fcller SA<\/title>\n<meta name=\"robots\" content=\"index, follow, max-snippet:-1, max-image-preview:large, max-video-preview:-1\" \/>\n<link rel=\"canonical\" href=\"https:\/\/shop.bantam.ch\/fr\/produit\/fenetre-de-toit-heki-3-sans-eclairage\/\" \/>\n<meta property=\"og:locale\" content=\"fr_FR\" \/>\n<meta property=\"og:type\" content=\"article\" \/>\n<meta property=\"og:title\" content=\"Lucarne Dometic Heki 3 manivelle, dim. de d\u00e9coupe 96,0 x 65,5 cm sans ventil. forc\u00e9e, sans \u00e9clairage - Bantam Wankm\u00fcller SA\" \/>\n<meta property=\"og:description\" content=\"La fen\u00eatre de toit Dometic Heki 3 plus conf\u00e8rent \u00e0 votre caravane ou camping-car un certain confort suppl\u00e9mentaire. La moustiquaire en gaze noire permet \u00e0 la fra\u00eecheur de p\u00e9n\u00e9trer et d&rsquo;\u00e9loigner les insectes. Le cadre est en plastique solide et r\u00e9sistant aux intemp\u00e9ries. Le store alv\u00e9olaire double pliss\u00e9 Duette est mont\u00e9 sur le c\u00f4t\u00e9 pour [&hellip;]\" \/>\n<meta property=\"og:url\" content=\"https:\/\/shop.bantam.ch\/fr\/produit\/fenetre-de-toit-heki-3-sans-eclairage\/\" \/>\n<meta property=\"og:site_name\" content=\"Bantam Wankm\u00fcller SA\" \/>\n<meta property=\"article:modified_time\" content=\"2026-04-19T19:23:52+00:00\" \/>\n<meta property=\"og:image\" content=\"https:\/\/shop.bantam.ch\/wp-content\/uploads\/2023\/02\/9942642-100-1-3.jpg\" \/>\n\t<meta property=\"og:image:width\" content=\"500\" \/>\n\t<meta property=\"og:image:height\" content=\"500\" \/>\n\t<meta property=\"og:image:type\" content=\"image\/jpeg\" \/>\n<meta name=\"twitter:card\" content=\"summary_large_image\" \/>\n<meta name=\"twitter:label1\" content=\"Dur\u00e9e de lecture estim\u00e9e\" \/>\n\t<meta name=\"twitter:data1\" content=\"1 minute\" \/>\n<script type=\"application\/ld+json\" class=\"yoast-schema-graph\">{\"@context\":\"https:\\\/\\\/schema.org\",\"@graph\":[{\"@type\":\"WebPage\",\"@id\":\"https:\\\/\\\/shop.bantam.ch\\\/fr\\\/produit\\\/fenetre-de-toit-heki-3-sans-eclairage\\\/\",\"url\":\"https:\\\/\\\/shop.bantam.ch\\\/fr\\\/produit\\\/fenetre-de-toit-heki-3-sans-eclairage\\\/\",\"name\":\"Lucarne Dometic Heki 3 manivelle, dim. de d\u00e9coupe 96,0 x 65,5 cm sans ventil. forc\u00e9e, sans \u00e9clairage - Bantam Wankm\u00fcller SA\",\"isPartOf\":{\"@id\":\"https:\\\/\\\/shop.bantam.ch\\\/fr\\\/#website\"},\"primaryImageOfPage\":{\"@id\":\"https:\\\/\\\/shop.bantam.ch\\\/fr\\\/produit\\\/fenetre-de-toit-heki-3-sans-eclairage\\\/#primaryimage\"},\"image\":{\"@id\":\"https:\\\/\\\/shop.bantam.ch\\\/fr\\\/produit\\\/fenetre-de-toit-heki-3-sans-eclairage\\\/#primaryimage\"},\"thumbnailUrl\":\"https:\\\/\\\/shop.bantam.ch\\\/wp-content\\\/uploads\\\/2023\\\/02\\\/9942642-100-1-3.jpg\",\"datePublished\":\"2023-02-28T00:12:51+00:00\",\"dateModified\":\"2026-04-19T19:23:52+00:00\",\"breadcrumb\":{\"@id\":\"https:\\\/\\\/shop.bantam.ch\\\/fr\\\/produit\\\/fenetre-de-toit-heki-3-sans-eclairage\\\/#breadcrumb\"},\"inLanguage\":\"fr-FR\",\"potentialAction\":[{\"@type\":\"ReadAction\",\"target\":[\"https:\\\/\\\/shop.bantam.ch\\\/fr\\\/produit\\\/fenetre-de-toit-heki-3-sans-eclairage\\\/\"]}]},{\"@type\":\"ImageObject\",\"inLanguage\":\"fr-FR\",\"@id\":\"https:\\\/\\\/shop.bantam.ch\\\/fr\\\/produit\\\/fenetre-de-toit-heki-3-sans-eclairage\\\/#primaryimage\",\"url\":\"https:\\\/\\\/shop.bantam.ch\\\/wp-content\\\/uploads\\\/2023\\\/02\\\/9942642-100-1-3.jpg\",\"contentUrl\":\"https:\\\/\\\/shop.bantam.ch\\\/wp-content\\\/uploads\\\/2023\\\/02\\\/9942642-100-1-3.jpg\",\"width\":500,\"height\":500},{\"@type\":\"BreadcrumbList\",\"@id\":\"https:\\\/\\\/shop.bantam.ch\\\/fr\\\/produit\\\/fenetre-de-toit-heki-3-sans-eclairage\\\/#breadcrumb\",\"itemListElement\":[{\"@type\":\"ListItem\",\"position\":1,\"name\":\"Accueil\",\"item\":\"https:\\\/\\\/shop.bantam.ch\\\/fr\\\/\"},{\"@type\":\"ListItem\",\"position\":2,\"name\":\"Boutique\",\"item\":\"https:\\\/\\\/shop.bantam.ch\\\/fr\\\/boutique\\\/\"},{\"@type\":\"ListItem\",\"position\":3,\"name\":\"Lucarne Dometic Heki 3 manivelle, dim. de d\u00e9coupe 96,0 x 65,5 cm sans ventil. forc\u00e9e, sans \u00e9clairage\"}]},{\"@type\":\"WebSite\",\"@id\":\"https:\\\/\\\/shop.bantam.ch\\\/fr\\\/#website\",\"url\":\"https:\\\/\\\/shop.bantam.ch\\\/fr\\\/\",\"name\":\"Bantam Wankm\u00fcller SA\",\"description\":\"\",\"publisher\":{\"@id\":\"https:\\\/\\\/shop.bantam.ch\\\/fr\\\/#organization\"},\"inLanguage\":\"fr-FR\"},{\"@type\":\"Organization\",\"@id\":\"https:\\\/\\\/shop.bantam.ch\\\/fr\\\/#organization\",\"name\":\"Bantam Wankm\u00fcller SA\",\"url\":\"https:\\\/\\\/shop.bantam.ch\\\/fr\\\/\",\"logo\":{\"@type\":\"ImageObject\",\"inLanguage\":\"fr-FR\",\"@id\":\"https:\\\/\\\/shop.bantam.ch\\\/fr\\\/#\\\/schema\\\/logo\\\/image\\\/\",\"url\":\"https:\\\/\\\/shop.bantam.ch\\\/wp-content\\\/uploads\\\/2022\\\/12\\\/bantam-logo.png\",\"contentUrl\":\"https:\\\/\\\/shop.bantam.ch\\\/wp-content\\\/uploads\\\/2022\\\/12\\\/bantam-logo.png\",\"width\":320,\"height\":71,\"caption\":\"Bantam Wankm\u00fcller SA\"},\"image\":{\"@id\":\"https:\\\/\\\/shop.bantam.ch\\\/fr\\\/#\\\/schema\\\/logo\\\/image\\\/\"}}]}<\/script>\n<!-- \/ Yoast SEO plugin. -->","yoast_head_json":{"title":"Lucarne Dometic Heki 3 manivelle, dim. de d\u00e9coupe 96,0 x 65,5 cm sans ventil. forc\u00e9e, sans \u00e9clairage - Bantam Wankm\u00fcller SA","robots":{"index":"index","follow":"follow","max-snippet":"max-snippet:-1","max-image-preview":"max-image-preview:large","max-video-preview":"max-video-preview:-1"},"canonical":"https:\/\/shop.bantam.ch\/fr\/produit\/fenetre-de-toit-heki-3-sans-eclairage\/","og_locale":"fr_FR","og_type":"article","og_title":"Lucarne Dometic Heki 3 manivelle, dim. de d\u00e9coupe 96,0 x 65,5 cm sans ventil. forc\u00e9e, sans \u00e9clairage - Bantam Wankm\u00fcller SA","og_description":"La fen\u00eatre de toit Dometic Heki 3 plus conf\u00e8rent \u00e0 votre caravane ou camping-car un certain confort suppl\u00e9mentaire. La moustiquaire en gaze noire permet \u00e0 la fra\u00eecheur de p\u00e9n\u00e9trer et d&rsquo;\u00e9loigner les insectes. Le cadre est en plastique solide et r\u00e9sistant aux intemp\u00e9ries. Le store alv\u00e9olaire double pliss\u00e9 Duette est mont\u00e9 sur le c\u00f4t\u00e9 pour [&hellip;]","og_url":"https:\/\/shop.bantam.ch\/fr\/produit\/fenetre-de-toit-heki-3-sans-eclairage\/","og_site_name":"Bantam Wankm\u00fcller SA","article_modified_time":"2026-04-19T19:23:52+00:00","og_image":[{"width":500,"height":500,"url":"https:\/\/shop.bantam.ch\/wp-content\/uploads\/2023\/02\/9942642-100-1-3.jpg","type":"image\/jpeg"}],"twitter_card":"summary_large_image","twitter_misc":{"Dur\u00e9e de lecture estim\u00e9e":"1 minute"},"schema":{"@context":"https:\/\/schema.org","@graph":[{"@type":"WebPage","@id":"https:\/\/shop.bantam.ch\/fr\/produit\/fenetre-de-toit-heki-3-sans-eclairage\/","url":"https:\/\/shop.bantam.ch\/fr\/produit\/fenetre-de-toit-heki-3-sans-eclairage\/","name":"Lucarne Dometic Heki 3 manivelle, dim. de d\u00e9coupe 96,0 x 65,5 cm sans ventil. forc\u00e9e, sans \u00e9clairage - Bantam Wankm\u00fcller SA","isPartOf":{"@id":"https:\/\/shop.bantam.ch\/fr\/#website"},"primaryImageOfPage":{"@id":"https:\/\/shop.bantam.ch\/fr\/produit\/fenetre-de-toit-heki-3-sans-eclairage\/#primaryimage"},"image":{"@id":"https:\/\/shop.bantam.ch\/fr\/produit\/fenetre-de-toit-heki-3-sans-eclairage\/#primaryimage"},"thumbnailUrl":"https:\/\/shop.bantam.ch\/wp-content\/uploads\/2023\/02\/9942642-100-1-3.jpg","datePublished":"2023-02-28T00:12:51+00:00","dateModified":"2026-04-19T19:23:52+00:00","breadcrumb":{"@id":"https:\/\/shop.bantam.ch\/fr\/produit\/fenetre-de-toit-heki-3-sans-eclairage\/#breadcrumb"},"inLanguage":"fr-FR","potentialAction":[{"@type":"ReadAction","target":["https:\/\/shop.bantam.ch\/fr\/produit\/fenetre-de-toit-heki-3-sans-eclairage\/"]}]},{"@type":"ImageObject","inLanguage":"fr-FR","@id":"https:\/\/shop.bantam.ch\/fr\/produit\/fenetre-de-toit-heki-3-sans-eclairage\/#primaryimage","url":"https:\/\/shop.bantam.ch\/wp-content\/uploads\/2023\/02\/9942642-100-1-3.jpg","contentUrl":"https:\/\/shop.bantam.ch\/wp-content\/uploads\/2023\/02\/9942642-100-1-3.jpg","width":500,"height":500},{"@type":"BreadcrumbList","@id":"https:\/\/shop.bantam.ch\/fr\/produit\/fenetre-de-toit-heki-3-sans-eclairage\/#breadcrumb","itemListElement":[{"@type":"ListItem","position":1,"name":"Accueil","item":"https:\/\/shop.bantam.ch\/fr\/"},{"@type":"ListItem","position":2,"name":"Boutique","item":"https:\/\/shop.bantam.ch\/fr\/boutique\/"},{"@type":"ListItem","position":3,"name":"Lucarne Dometic Heki 3 manivelle, dim. de d\u00e9coupe 96,0 x 65,5 cm sans ventil. forc\u00e9e, sans \u00e9clairage"}]},{"@type":"WebSite","@id":"https:\/\/shop.bantam.ch\/fr\/#website","url":"https:\/\/shop.bantam.ch\/fr\/","name":"Bantam Wankm\u00fcller SA","description":"","publisher":{"@id":"https:\/\/shop.bantam.ch\/fr\/#organization"},"inLanguage":"fr-FR"},{"@type":"Organization","@id":"https:\/\/shop.bantam.ch\/fr\/#organization","name":"Bantam Wankm\u00fcller SA","url":"https:\/\/shop.bantam.ch\/fr\/","logo":{"@type":"ImageObject","inLanguage":"fr-FR","@id":"https:\/\/shop.bantam.ch\/fr\/#\/schema\/logo\/image\/","url":"https:\/\/shop.bantam.ch\/wp-content\/uploads\/2022\/12\/bantam-logo.png","contentUrl":"https:\/\/shop.bantam.ch\/wp-content\/uploads\/2022\/12\/bantam-logo.png","width":320,"height":71,"caption":"Bantam Wankm\u00fcller SA"},"image":{"@id":"https:\/\/shop.bantam.ch\/fr\/#\/schema\/logo\/image\/"}}]}},"_links":{"self":[{"href":"https:\/\/shop.bantam.ch\/fr\/wp-json\/wp\/v2\/product\/78668","targetHints":{"allow":["GET"]}}],"collection":[{"href":"https:\/\/shop.bantam.ch\/fr\/wp-json\/wp\/v2\/product"}],"about":[{"href":"https:\/\/shop.bantam.ch\/fr\/wp-json\/wp\/v2\/types\/product"}],"wp:featuredmedia":[{"embeddable":true,"href":"https:\/\/shop.bantam.ch\/fr\/wp-json\/wp\/v2\/media\/78664"}],"wp:attachment":[{"href":"https:\/\/shop.bantam.ch\/fr\/wp-json\/wp\/v2\/media?parent=78668"}],"wp:term":[{"taxonomy":"product_featured_cat","embeddable":true,"href":"https:\/\/shop.bantam.ch\/fr\/wp-json\/wp\/v2\/product_featured_cat?post=78668"},{"taxonomy":"product_brand","embeddable":true,"href":"https:\/\/shop.bantam.ch\/fr\/wp-json\/wp\/v2\/product_brand?post=78668"},{"taxonomy":"product_cat","embeddable":true,"href":"https:\/\/shop.bantam.ch\/fr\/wp-json\/wp\/v2\/product_cat?post=78668"},{"taxonomy":"product_tag","embeddable":true,"href":"https:\/\/shop.bantam.ch\/fr\/wp-json\/wp\/v2\/product_tag?post=78668"}],"curies":[{"name":"wp","href":"https:\/\/api.w.org\/{rel}","templated":true}]}}