{"id":78614,"date":"2023-02-28T01:11:51","date_gmt":"2023-02-28T00:11:51","guid":{"rendered":"http:\/\/shop.bantam.ch\/produit\/sac-de-protection-pour-cassettes-de-toilette-c200-c250-gris-clair-anthracite\/"},"modified":"2026-04-20T21:22:18","modified_gmt":"2026-04-20T19:22:18","slug":"sac-de-protection-pour-cassettes-de-toilette-c200-c250-gris-clair-anthracite","status":"publish","type":"product","link":"https:\/\/shop.bantam.ch\/fr\/produit\/sac-de-protection-pour-cassettes-de-toilette-c200-c250-gris-clair-anthracite\/","title":{"rendered":"Sac de protection Hindermann pour Toilettencassette C200 C250 Couleur gris clair \/ anthraci"},"content":{"rendered":"<p>Ce sac de transport ne s\u2019utilise pas seulement pour la manipulation discr\u00e8te des cassettes de toilette sur le camping et pour le stockage et le transport des deuxi\u00e8mes cassettes. Gr\u00e2ce \u00e0 sa nouvelle conception presque imperm\u00e9able, le sac peut \u00e9galement \u00eatre utilis\u00e9 comme sac de plage pour les objets humides comme les serviettes.<br \/>L\u2018ouverture s\u2018effectue avec une fermeture \u00e9clair bidirectionnelle.<\/p>\n<p>Contenu de la livraison :<br \/>avec sangles de transport sur le pourtour<\/p>\n<p>Mat\u00e9riau\u00a0:<br \/>toile l\u00e9g\u00e8re en PVC<\/p>\n","protected":false},"excerpt":{"rendered":"<p>Ce sac de transport ne s\u2019utilise pas seulement pour la manipulation discr\u00e8te des cassettes de toilette sur le camping et pour le stockage et le transport des deuxi\u00e8mes cassettes. Gr\u00e2ce \u00e0 sa nouvelle conception presque imperm\u00e9able, le sac peut \u00e9galement \u00eatre utilis\u00e9 comme sac de plage pour les objets humides comme les serviettes.L\u2018ouverture s\u2018effectue avec [&hellip;]<\/p>\n","protected":false},"featured_media":78608,"template":"","meta":{"_acf_changed":false},"product_featured_cat":[],"product_brand":[3040],"product_cat":[5155],"product_tag":[],"class_list":{"0":"post-78614","1":"product","2":"type-product","3":"status-publish","4":"has-post-thumbnail","6":"product_brand-hindermann","7":"product_cat-autres-accessoires-pour-les-toilettes-de-camping","9":"first","10":"instock","11":"taxable","12":"shipping-taxable","13":"purchasable","14":"product-type-simple"},"acf":[],"yoast_head":"<!-- This site is optimized with the Yoast SEO plugin v27.4 - https:\/\/yoast.com\/product\/yoast-seo-wordpress\/ -->\n<title>Sac de protection Hindermann pour Toilettencassette C200 C250 Couleur gris clair \/ anthraci - Bantam Wankm\u00fcller SA<\/title>\n<meta name=\"robots\" content=\"index, follow, max-snippet:-1, max-image-preview:large, max-video-preview:-1\" \/>\n<link rel=\"canonical\" href=\"https:\/\/shop.bantam.ch\/fr\/produit\/sac-de-protection-pour-cassettes-de-toilette-c200-c250-gris-clair-anthracite\/\" \/>\n<meta property=\"og:locale\" content=\"fr_FR\" \/>\n<meta property=\"og:type\" content=\"article\" \/>\n<meta property=\"og:title\" content=\"Sac de protection Hindermann pour Toilettencassette C200 C250 Couleur gris clair \/ anthraci - Bantam Wankm\u00fcller SA\" \/>\n<meta property=\"og:description\" content=\"Ce sac de transport ne s\u2019utilise pas seulement pour la manipulation discr\u00e8te des cassettes de toilette sur le camping et pour le stockage et le transport des deuxi\u00e8mes cassettes. Gr\u00e2ce \u00e0 sa nouvelle conception presque imperm\u00e9able, le sac peut \u00e9galement \u00eatre utilis\u00e9 comme sac de plage pour les objets humides comme les serviettes.L\u2018ouverture s\u2018effectue avec [&hellip;]\" \/>\n<meta property=\"og:url\" content=\"https:\/\/shop.bantam.ch\/fr\/produit\/sac-de-protection-pour-cassettes-de-toilette-c200-c250-gris-clair-anthracite\/\" \/>\n<meta property=\"og:site_name\" content=\"Bantam Wankm\u00fcller SA\" \/>\n<meta property=\"article:modified_time\" content=\"2026-04-20T19:22:18+00:00\" \/>\n<meta property=\"og:image\" content=\"https:\/\/shop.bantam.ch\/wp-content\/uploads\/2023\/02\/993183911.jpg\" \/>\n\t<meta property=\"og:image:width\" content=\"1000\" \/>\n\t<meta property=\"og:image:height\" content=\"667\" \/>\n\t<meta property=\"og:image:type\" content=\"image\/jpeg\" \/>\n<meta name=\"twitter:card\" content=\"summary_large_image\" \/>\n<script type=\"application\/ld+json\" class=\"yoast-schema-graph\">{\"@context\":\"https:\\\/\\\/schema.org\",\"@graph\":[{\"@type\":\"WebPage\",\"@id\":\"https:\\\/\\\/shop.bantam.ch\\\/fr\\\/produit\\\/sac-de-protection-pour-cassettes-de-toilette-c200-c250-gris-clair-anthracite\\\/\",\"url\":\"https:\\\/\\\/shop.bantam.ch\\\/fr\\\/produit\\\/sac-de-protection-pour-cassettes-de-toilette-c200-c250-gris-clair-anthracite\\\/\",\"name\":\"Sac de protection Hindermann pour Toilettencassette C200 C250 Couleur gris clair \\\/ anthraci - Bantam Wankm\u00fcller SA\",\"isPartOf\":{\"@id\":\"https:\\\/\\\/shop.bantam.ch\\\/fr\\\/#website\"},\"primaryImageOfPage\":{\"@id\":\"https:\\\/\\\/shop.bantam.ch\\\/fr\\\/produit\\\/sac-de-protection-pour-cassettes-de-toilette-c200-c250-gris-clair-anthracite\\\/#primaryimage\"},\"image\":{\"@id\":\"https:\\\/\\\/shop.bantam.ch\\\/fr\\\/produit\\\/sac-de-protection-pour-cassettes-de-toilette-c200-c250-gris-clair-anthracite\\\/#primaryimage\"},\"thumbnailUrl\":\"https:\\\/\\\/shop.bantam.ch\\\/wp-content\\\/uploads\\\/2023\\\/02\\\/993183911.jpg\",\"datePublished\":\"2023-02-28T00:11:51+00:00\",\"dateModified\":\"2026-04-20T19:22:18+00:00\",\"breadcrumb\":{\"@id\":\"https:\\\/\\\/shop.bantam.ch\\\/fr\\\/produit\\\/sac-de-protection-pour-cassettes-de-toilette-c200-c250-gris-clair-anthracite\\\/#breadcrumb\"},\"inLanguage\":\"fr-FR\",\"potentialAction\":[{\"@type\":\"ReadAction\",\"target\":[\"https:\\\/\\\/shop.bantam.ch\\\/fr\\\/produit\\\/sac-de-protection-pour-cassettes-de-toilette-c200-c250-gris-clair-anthracite\\\/\"]}]},{\"@type\":\"ImageObject\",\"inLanguage\":\"fr-FR\",\"@id\":\"https:\\\/\\\/shop.bantam.ch\\\/fr\\\/produit\\\/sac-de-protection-pour-cassettes-de-toilette-c200-c250-gris-clair-anthracite\\\/#primaryimage\",\"url\":\"https:\\\/\\\/shop.bantam.ch\\\/wp-content\\\/uploads\\\/2023\\\/02\\\/993183911.jpg\",\"contentUrl\":\"https:\\\/\\\/shop.bantam.ch\\\/wp-content\\\/uploads\\\/2023\\\/02\\\/993183911.jpg\",\"width\":1000,\"height\":667},{\"@type\":\"BreadcrumbList\",\"@id\":\"https:\\\/\\\/shop.bantam.ch\\\/fr\\\/produit\\\/sac-de-protection-pour-cassettes-de-toilette-c200-c250-gris-clair-anthracite\\\/#breadcrumb\",\"itemListElement\":[{\"@type\":\"ListItem\",\"position\":1,\"name\":\"Accueil\",\"item\":\"https:\\\/\\\/shop.bantam.ch\\\/fr\\\/\"},{\"@type\":\"ListItem\",\"position\":2,\"name\":\"Boutique\",\"item\":\"https:\\\/\\\/shop.bantam.ch\\\/fr\\\/boutique\\\/\"},{\"@type\":\"ListItem\",\"position\":3,\"name\":\"Sac de protection Hindermann pour Toilettencassette C200 C250 Couleur gris clair \\\/ anthraci\"}]},{\"@type\":\"WebSite\",\"@id\":\"https:\\\/\\\/shop.bantam.ch\\\/fr\\\/#website\",\"url\":\"https:\\\/\\\/shop.bantam.ch\\\/fr\\\/\",\"name\":\"Bantam Wankm\u00fcller SA\",\"description\":\"\",\"publisher\":{\"@id\":\"https:\\\/\\\/shop.bantam.ch\\\/fr\\\/#organization\"},\"inLanguage\":\"fr-FR\"},{\"@type\":\"Organization\",\"@id\":\"https:\\\/\\\/shop.bantam.ch\\\/fr\\\/#organization\",\"name\":\"Bantam Wankm\u00fcller SA\",\"url\":\"https:\\\/\\\/shop.bantam.ch\\\/fr\\\/\",\"logo\":{\"@type\":\"ImageObject\",\"inLanguage\":\"fr-FR\",\"@id\":\"https:\\\/\\\/shop.bantam.ch\\\/fr\\\/#\\\/schema\\\/logo\\\/image\\\/\",\"url\":\"https:\\\/\\\/shop.bantam.ch\\\/wp-content\\\/uploads\\\/2022\\\/12\\\/bantam-logo.png\",\"contentUrl\":\"https:\\\/\\\/shop.bantam.ch\\\/wp-content\\\/uploads\\\/2022\\\/12\\\/bantam-logo.png\",\"width\":320,\"height\":71,\"caption\":\"Bantam Wankm\u00fcller SA\"},\"image\":{\"@id\":\"https:\\\/\\\/shop.bantam.ch\\\/fr\\\/#\\\/schema\\\/logo\\\/image\\\/\"}}]}<\/script>\n<!-- \/ Yoast SEO plugin. -->","yoast_head_json":{"title":"Sac de protection Hindermann pour Toilettencassette C200 C250 Couleur gris clair \/ anthraci - Bantam Wankm\u00fcller SA","robots":{"index":"index","follow":"follow","max-snippet":"max-snippet:-1","max-image-preview":"max-image-preview:large","max-video-preview":"max-video-preview:-1"},"canonical":"https:\/\/shop.bantam.ch\/fr\/produit\/sac-de-protection-pour-cassettes-de-toilette-c200-c250-gris-clair-anthracite\/","og_locale":"fr_FR","og_type":"article","og_title":"Sac de protection Hindermann pour Toilettencassette C200 C250 Couleur gris clair \/ anthraci - Bantam Wankm\u00fcller SA","og_description":"Ce sac de transport ne s\u2019utilise pas seulement pour la manipulation discr\u00e8te des cassettes de toilette sur le camping et pour le stockage et le transport des deuxi\u00e8mes cassettes. Gr\u00e2ce \u00e0 sa nouvelle conception presque imperm\u00e9able, le sac peut \u00e9galement \u00eatre utilis\u00e9 comme sac de plage pour les objets humides comme les serviettes.L\u2018ouverture s\u2018effectue avec [&hellip;]","og_url":"https:\/\/shop.bantam.ch\/fr\/produit\/sac-de-protection-pour-cassettes-de-toilette-c200-c250-gris-clair-anthracite\/","og_site_name":"Bantam Wankm\u00fcller SA","article_modified_time":"2026-04-20T19:22:18+00:00","og_image":[{"width":1000,"height":667,"url":"https:\/\/shop.bantam.ch\/wp-content\/uploads\/2023\/02\/993183911.jpg","type":"image\/jpeg"}],"twitter_card":"summary_large_image","schema":{"@context":"https:\/\/schema.org","@graph":[{"@type":"WebPage","@id":"https:\/\/shop.bantam.ch\/fr\/produit\/sac-de-protection-pour-cassettes-de-toilette-c200-c250-gris-clair-anthracite\/","url":"https:\/\/shop.bantam.ch\/fr\/produit\/sac-de-protection-pour-cassettes-de-toilette-c200-c250-gris-clair-anthracite\/","name":"Sac de protection Hindermann pour Toilettencassette C200 C250 Couleur gris clair \/ anthraci - Bantam Wankm\u00fcller SA","isPartOf":{"@id":"https:\/\/shop.bantam.ch\/fr\/#website"},"primaryImageOfPage":{"@id":"https:\/\/shop.bantam.ch\/fr\/produit\/sac-de-protection-pour-cassettes-de-toilette-c200-c250-gris-clair-anthracite\/#primaryimage"},"image":{"@id":"https:\/\/shop.bantam.ch\/fr\/produit\/sac-de-protection-pour-cassettes-de-toilette-c200-c250-gris-clair-anthracite\/#primaryimage"},"thumbnailUrl":"https:\/\/shop.bantam.ch\/wp-content\/uploads\/2023\/02\/993183911.jpg","datePublished":"2023-02-28T00:11:51+00:00","dateModified":"2026-04-20T19:22:18+00:00","breadcrumb":{"@id":"https:\/\/shop.bantam.ch\/fr\/produit\/sac-de-protection-pour-cassettes-de-toilette-c200-c250-gris-clair-anthracite\/#breadcrumb"},"inLanguage":"fr-FR","potentialAction":[{"@type":"ReadAction","target":["https:\/\/shop.bantam.ch\/fr\/produit\/sac-de-protection-pour-cassettes-de-toilette-c200-c250-gris-clair-anthracite\/"]}]},{"@type":"ImageObject","inLanguage":"fr-FR","@id":"https:\/\/shop.bantam.ch\/fr\/produit\/sac-de-protection-pour-cassettes-de-toilette-c200-c250-gris-clair-anthracite\/#primaryimage","url":"https:\/\/shop.bantam.ch\/wp-content\/uploads\/2023\/02\/993183911.jpg","contentUrl":"https:\/\/shop.bantam.ch\/wp-content\/uploads\/2023\/02\/993183911.jpg","width":1000,"height":667},{"@type":"BreadcrumbList","@id":"https:\/\/shop.bantam.ch\/fr\/produit\/sac-de-protection-pour-cassettes-de-toilette-c200-c250-gris-clair-anthracite\/#breadcrumb","itemListElement":[{"@type":"ListItem","position":1,"name":"Accueil","item":"https:\/\/shop.bantam.ch\/fr\/"},{"@type":"ListItem","position":2,"name":"Boutique","item":"https:\/\/shop.bantam.ch\/fr\/boutique\/"},{"@type":"ListItem","position":3,"name":"Sac de protection Hindermann pour Toilettencassette C200 C250 Couleur gris clair \/ anthraci"}]},{"@type":"WebSite","@id":"https:\/\/shop.bantam.ch\/fr\/#website","url":"https:\/\/shop.bantam.ch\/fr\/","name":"Bantam Wankm\u00fcller SA","description":"","publisher":{"@id":"https:\/\/shop.bantam.ch\/fr\/#organization"},"inLanguage":"fr-FR"},{"@type":"Organization","@id":"https:\/\/shop.bantam.ch\/fr\/#organization","name":"Bantam Wankm\u00fcller SA","url":"https:\/\/shop.bantam.ch\/fr\/","logo":{"@type":"ImageObject","inLanguage":"fr-FR","@id":"https:\/\/shop.bantam.ch\/fr\/#\/schema\/logo\/image\/","url":"https:\/\/shop.bantam.ch\/wp-content\/uploads\/2022\/12\/bantam-logo.png","contentUrl":"https:\/\/shop.bantam.ch\/wp-content\/uploads\/2022\/12\/bantam-logo.png","width":320,"height":71,"caption":"Bantam Wankm\u00fcller SA"},"image":{"@id":"https:\/\/shop.bantam.ch\/fr\/#\/schema\/logo\/image\/"}}]}},"_links":{"self":[{"href":"https:\/\/shop.bantam.ch\/fr\/wp-json\/wp\/v2\/product\/78614","targetHints":{"allow":["GET"]}}],"collection":[{"href":"https:\/\/shop.bantam.ch\/fr\/wp-json\/wp\/v2\/product"}],"about":[{"href":"https:\/\/shop.bantam.ch\/fr\/wp-json\/wp\/v2\/types\/product"}],"wp:featuredmedia":[{"embeddable":true,"href":"https:\/\/shop.bantam.ch\/fr\/wp-json\/wp\/v2\/media\/78608"}],"wp:attachment":[{"href":"https:\/\/shop.bantam.ch\/fr\/wp-json\/wp\/v2\/media?parent=78614"}],"wp:term":[{"taxonomy":"product_featured_cat","embeddable":true,"href":"https:\/\/shop.bantam.ch\/fr\/wp-json\/wp\/v2\/product_featured_cat?post=78614"},{"taxonomy":"product_brand","embeddable":true,"href":"https:\/\/shop.bantam.ch\/fr\/wp-json\/wp\/v2\/product_brand?post=78614"},{"taxonomy":"product_cat","embeddable":true,"href":"https:\/\/shop.bantam.ch\/fr\/wp-json\/wp\/v2\/product_cat?post=78614"},{"taxonomy":"product_tag","embeddable":true,"href":"https:\/\/shop.bantam.ch\/fr\/wp-json\/wp\/v2\/product_tag?post=78614"}],"curies":[{"name":"wp","href":"https:\/\/api.w.org\/{rel}","templated":true}]}}