{"id":78576,"date":"2023-02-28T01:11:23","date_gmt":"2023-02-28T00:11:23","guid":{"rendered":"http:\/\/shop.bantam.ch\/produit\/cale-ronde-pro-2-pieces\/"},"modified":"2026-04-18T21:22:34","modified_gmt":"2026-04-18T19:22:34","slug":"cale-ronde-pro-2-pieces","status":"publish","type":"product","link":"https:\/\/shop.bantam.ch\/fr\/produit\/cale-ronde-pro-2-pieces\/","title":{"rendered":"Cale ronde Froli Pro Lot de 2 pi\u00e8ces"},"content":{"rendered":"<p>Cale ronde innovante. Pour un usage intensif : Compensation de hauteur en continu et stationnement sans danger pour les pneus ! Par sa forme, la cale ronde Froli est parfaitement adapt\u00e9e \u00e0 la rondeur du pneu du v\u00e9hicule. D\u00e9part homog\u00e8ne. Parking s\u00e9curis\u00e9.<\/p>\n<ul>\n<li>D\u00e9part facile en continu (jusqu\u2019\u00e0 10 cm) et protection optimale des pneus<\/li>\n<li>R\u00e9partition parfaite de la charge (toujours par le haut), ce qui emp\u00eache la cale ronde de glisser. Pas besoin d\u2019aide au d\u00e9marrage.<\/li>\n<li>Assure la stabilit\u00e9 du v\u00e9hicule<\/li>\n<li>Compatible jusqu&rsquo;\u00e0 un diam\u00e8tre de pneu d&rsquo;environ 70 cm.<\/li>\n<li>Attention hauteur de tablier de 28 cm minimum !<\/li>\n<\/ul>\n<p>Contenu\u00a0: <br \/>2\u00a0pi\u00e8ces<\/p>\n","protected":false},"excerpt":{"rendered":"<p>Cale ronde innovante. Pour un usage intensif : Compensation de hauteur en continu et stationnement sans danger pour les pneus ! Par sa forme, la cale ronde Froli est parfaitement adapt\u00e9e \u00e0 la rondeur du pneu du v\u00e9hicule. D\u00e9part homog\u00e8ne. Parking s\u00e9curis\u00e9. D\u00e9part facile en continu (jusqu\u2019\u00e0 10 cm) et protection optimale des pneus R\u00e9partition [&hellip;]<\/p>\n","protected":false},"featured_media":78572,"template":"","meta":{"_acf_changed":false},"product_featured_cat":[],"product_brand":[3058],"product_cat":[4769],"product_tag":[],"class_list":{"0":"post-78576","1":"product","2":"type-product","3":"status-publish","4":"has-post-thumbnail","6":"product_brand-froli","7":"product_cat-cales-dacces","9":"first","10":"instock","11":"taxable","12":"shipping-taxable","13":"purchasable","14":"product-type-simple"},"acf":[],"yoast_head":"<!-- This site is optimized with the Yoast SEO plugin v27.4 - https:\/\/yoast.com\/product\/yoast-seo-wordpress\/ -->\n<title>Cale ronde Froli Pro Lot de 2 pi\u00e8ces - Bantam Wankm\u00fcller SA<\/title>\n<meta name=\"robots\" content=\"index, follow, max-snippet:-1, max-image-preview:large, max-video-preview:-1\" \/>\n<link rel=\"canonical\" href=\"https:\/\/shop.bantam.ch\/fr\/produit\/cale-ronde-pro-2-pieces\/\" \/>\n<meta property=\"og:locale\" content=\"fr_FR\" \/>\n<meta property=\"og:type\" content=\"article\" \/>\n<meta property=\"og:title\" content=\"Cale ronde Froli Pro Lot de 2 pi\u00e8ces - Bantam Wankm\u00fcller SA\" \/>\n<meta property=\"og:description\" content=\"Cale ronde innovante. Pour un usage intensif : Compensation de hauteur en continu et stationnement sans danger pour les pneus ! Par sa forme, la cale ronde Froli est parfaitement adapt\u00e9e \u00e0 la rondeur du pneu du v\u00e9hicule. D\u00e9part homog\u00e8ne. Parking s\u00e9curis\u00e9. D\u00e9part facile en continu (jusqu\u2019\u00e0 10 cm) et protection optimale des pneus R\u00e9partition [&hellip;]\" \/>\n<meta property=\"og:url\" content=\"https:\/\/shop.bantam.ch\/fr\/produit\/cale-ronde-pro-2-pieces\/\" \/>\n<meta property=\"og:site_name\" content=\"Bantam Wankm\u00fcller SA\" \/>\n<meta property=\"article:modified_time\" content=\"2026-04-18T19:22:34+00:00\" \/>\n<meta property=\"og:image\" content=\"https:\/\/shop.bantam.ch\/wp-content\/uploads\/2023\/02\/9942619.jpg\" \/>\n\t<meta property=\"og:image:width\" content=\"1000\" \/>\n\t<meta property=\"og:image:height\" content=\"755\" \/>\n\t<meta property=\"og:image:type\" content=\"image\/jpeg\" \/>\n<meta name=\"twitter:card\" content=\"summary_large_image\" \/>\n<meta name=\"twitter:label1\" content=\"Dur\u00e9e de lecture estim\u00e9e\" \/>\n\t<meta name=\"twitter:data1\" content=\"1 minute\" \/>\n<script type=\"application\/ld+json\" class=\"yoast-schema-graph\">{\"@context\":\"https:\\\/\\\/schema.org\",\"@graph\":[{\"@type\":\"WebPage\",\"@id\":\"https:\\\/\\\/shop.bantam.ch\\\/fr\\\/produit\\\/cale-ronde-pro-2-pieces\\\/\",\"url\":\"https:\\\/\\\/shop.bantam.ch\\\/fr\\\/produit\\\/cale-ronde-pro-2-pieces\\\/\",\"name\":\"Cale ronde Froli Pro Lot de 2 pi\u00e8ces - Bantam Wankm\u00fcller SA\",\"isPartOf\":{\"@id\":\"https:\\\/\\\/shop.bantam.ch\\\/fr\\\/#website\"},\"primaryImageOfPage\":{\"@id\":\"https:\\\/\\\/shop.bantam.ch\\\/fr\\\/produit\\\/cale-ronde-pro-2-pieces\\\/#primaryimage\"},\"image\":{\"@id\":\"https:\\\/\\\/shop.bantam.ch\\\/fr\\\/produit\\\/cale-ronde-pro-2-pieces\\\/#primaryimage\"},\"thumbnailUrl\":\"https:\\\/\\\/shop.bantam.ch\\\/wp-content\\\/uploads\\\/2023\\\/02\\\/9942619.jpg\",\"datePublished\":\"2023-02-28T00:11:23+00:00\",\"dateModified\":\"2026-04-18T19:22:34+00:00\",\"breadcrumb\":{\"@id\":\"https:\\\/\\\/shop.bantam.ch\\\/fr\\\/produit\\\/cale-ronde-pro-2-pieces\\\/#breadcrumb\"},\"inLanguage\":\"fr-FR\",\"potentialAction\":[{\"@type\":\"ReadAction\",\"target\":[\"https:\\\/\\\/shop.bantam.ch\\\/fr\\\/produit\\\/cale-ronde-pro-2-pieces\\\/\"]}]},{\"@type\":\"ImageObject\",\"inLanguage\":\"fr-FR\",\"@id\":\"https:\\\/\\\/shop.bantam.ch\\\/fr\\\/produit\\\/cale-ronde-pro-2-pieces\\\/#primaryimage\",\"url\":\"https:\\\/\\\/shop.bantam.ch\\\/wp-content\\\/uploads\\\/2023\\\/02\\\/9942619.jpg\",\"contentUrl\":\"https:\\\/\\\/shop.bantam.ch\\\/wp-content\\\/uploads\\\/2023\\\/02\\\/9942619.jpg\",\"width\":1000,\"height\":755},{\"@type\":\"BreadcrumbList\",\"@id\":\"https:\\\/\\\/shop.bantam.ch\\\/fr\\\/produit\\\/cale-ronde-pro-2-pieces\\\/#breadcrumb\",\"itemListElement\":[{\"@type\":\"ListItem\",\"position\":1,\"name\":\"Accueil\",\"item\":\"https:\\\/\\\/shop.bantam.ch\\\/fr\\\/\"},{\"@type\":\"ListItem\",\"position\":2,\"name\":\"Boutique\",\"item\":\"https:\\\/\\\/shop.bantam.ch\\\/fr\\\/boutique\\\/\"},{\"@type\":\"ListItem\",\"position\":3,\"name\":\"Cale ronde Froli Pro Lot de 2 pi\u00e8ces\"}]},{\"@type\":\"WebSite\",\"@id\":\"https:\\\/\\\/shop.bantam.ch\\\/fr\\\/#website\",\"url\":\"https:\\\/\\\/shop.bantam.ch\\\/fr\\\/\",\"name\":\"Bantam Wankm\u00fcller SA\",\"description\":\"\",\"publisher\":{\"@id\":\"https:\\\/\\\/shop.bantam.ch\\\/fr\\\/#organization\"},\"inLanguage\":\"fr-FR\"},{\"@type\":\"Organization\",\"@id\":\"https:\\\/\\\/shop.bantam.ch\\\/fr\\\/#organization\",\"name\":\"Bantam Wankm\u00fcller SA\",\"url\":\"https:\\\/\\\/shop.bantam.ch\\\/fr\\\/\",\"logo\":{\"@type\":\"ImageObject\",\"inLanguage\":\"fr-FR\",\"@id\":\"https:\\\/\\\/shop.bantam.ch\\\/fr\\\/#\\\/schema\\\/logo\\\/image\\\/\",\"url\":\"https:\\\/\\\/shop.bantam.ch\\\/wp-content\\\/uploads\\\/2022\\\/12\\\/bantam-logo.png\",\"contentUrl\":\"https:\\\/\\\/shop.bantam.ch\\\/wp-content\\\/uploads\\\/2022\\\/12\\\/bantam-logo.png\",\"width\":320,\"height\":71,\"caption\":\"Bantam Wankm\u00fcller SA\"},\"image\":{\"@id\":\"https:\\\/\\\/shop.bantam.ch\\\/fr\\\/#\\\/schema\\\/logo\\\/image\\\/\"}}]}<\/script>\n<!-- \/ Yoast SEO plugin. -->","yoast_head_json":{"title":"Cale ronde Froli Pro Lot de 2 pi\u00e8ces - Bantam Wankm\u00fcller SA","robots":{"index":"index","follow":"follow","max-snippet":"max-snippet:-1","max-image-preview":"max-image-preview:large","max-video-preview":"max-video-preview:-1"},"canonical":"https:\/\/shop.bantam.ch\/fr\/produit\/cale-ronde-pro-2-pieces\/","og_locale":"fr_FR","og_type":"article","og_title":"Cale ronde Froli Pro Lot de 2 pi\u00e8ces - Bantam Wankm\u00fcller SA","og_description":"Cale ronde innovante. Pour un usage intensif : Compensation de hauteur en continu et stationnement sans danger pour les pneus ! Par sa forme, la cale ronde Froli est parfaitement adapt\u00e9e \u00e0 la rondeur du pneu du v\u00e9hicule. D\u00e9part homog\u00e8ne. Parking s\u00e9curis\u00e9. D\u00e9part facile en continu (jusqu\u2019\u00e0 10 cm) et protection optimale des pneus R\u00e9partition [&hellip;]","og_url":"https:\/\/shop.bantam.ch\/fr\/produit\/cale-ronde-pro-2-pieces\/","og_site_name":"Bantam Wankm\u00fcller SA","article_modified_time":"2026-04-18T19:22:34+00:00","og_image":[{"width":1000,"height":755,"url":"https:\/\/shop.bantam.ch\/wp-content\/uploads\/2023\/02\/9942619.jpg","type":"image\/jpeg"}],"twitter_card":"summary_large_image","twitter_misc":{"Dur\u00e9e de lecture estim\u00e9e":"1 minute"},"schema":{"@context":"https:\/\/schema.org","@graph":[{"@type":"WebPage","@id":"https:\/\/shop.bantam.ch\/fr\/produit\/cale-ronde-pro-2-pieces\/","url":"https:\/\/shop.bantam.ch\/fr\/produit\/cale-ronde-pro-2-pieces\/","name":"Cale ronde Froli Pro Lot de 2 pi\u00e8ces - Bantam Wankm\u00fcller SA","isPartOf":{"@id":"https:\/\/shop.bantam.ch\/fr\/#website"},"primaryImageOfPage":{"@id":"https:\/\/shop.bantam.ch\/fr\/produit\/cale-ronde-pro-2-pieces\/#primaryimage"},"image":{"@id":"https:\/\/shop.bantam.ch\/fr\/produit\/cale-ronde-pro-2-pieces\/#primaryimage"},"thumbnailUrl":"https:\/\/shop.bantam.ch\/wp-content\/uploads\/2023\/02\/9942619.jpg","datePublished":"2023-02-28T00:11:23+00:00","dateModified":"2026-04-18T19:22:34+00:00","breadcrumb":{"@id":"https:\/\/shop.bantam.ch\/fr\/produit\/cale-ronde-pro-2-pieces\/#breadcrumb"},"inLanguage":"fr-FR","potentialAction":[{"@type":"ReadAction","target":["https:\/\/shop.bantam.ch\/fr\/produit\/cale-ronde-pro-2-pieces\/"]}]},{"@type":"ImageObject","inLanguage":"fr-FR","@id":"https:\/\/shop.bantam.ch\/fr\/produit\/cale-ronde-pro-2-pieces\/#primaryimage","url":"https:\/\/shop.bantam.ch\/wp-content\/uploads\/2023\/02\/9942619.jpg","contentUrl":"https:\/\/shop.bantam.ch\/wp-content\/uploads\/2023\/02\/9942619.jpg","width":1000,"height":755},{"@type":"BreadcrumbList","@id":"https:\/\/shop.bantam.ch\/fr\/produit\/cale-ronde-pro-2-pieces\/#breadcrumb","itemListElement":[{"@type":"ListItem","position":1,"name":"Accueil","item":"https:\/\/shop.bantam.ch\/fr\/"},{"@type":"ListItem","position":2,"name":"Boutique","item":"https:\/\/shop.bantam.ch\/fr\/boutique\/"},{"@type":"ListItem","position":3,"name":"Cale ronde Froli Pro Lot de 2 pi\u00e8ces"}]},{"@type":"WebSite","@id":"https:\/\/shop.bantam.ch\/fr\/#website","url":"https:\/\/shop.bantam.ch\/fr\/","name":"Bantam Wankm\u00fcller SA","description":"","publisher":{"@id":"https:\/\/shop.bantam.ch\/fr\/#organization"},"inLanguage":"fr-FR"},{"@type":"Organization","@id":"https:\/\/shop.bantam.ch\/fr\/#organization","name":"Bantam Wankm\u00fcller SA","url":"https:\/\/shop.bantam.ch\/fr\/","logo":{"@type":"ImageObject","inLanguage":"fr-FR","@id":"https:\/\/shop.bantam.ch\/fr\/#\/schema\/logo\/image\/","url":"https:\/\/shop.bantam.ch\/wp-content\/uploads\/2022\/12\/bantam-logo.png","contentUrl":"https:\/\/shop.bantam.ch\/wp-content\/uploads\/2022\/12\/bantam-logo.png","width":320,"height":71,"caption":"Bantam Wankm\u00fcller SA"},"image":{"@id":"https:\/\/shop.bantam.ch\/fr\/#\/schema\/logo\/image\/"}}]}},"_links":{"self":[{"href":"https:\/\/shop.bantam.ch\/fr\/wp-json\/wp\/v2\/product\/78576","targetHints":{"allow":["GET"]}}],"collection":[{"href":"https:\/\/shop.bantam.ch\/fr\/wp-json\/wp\/v2\/product"}],"about":[{"href":"https:\/\/shop.bantam.ch\/fr\/wp-json\/wp\/v2\/types\/product"}],"wp:featuredmedia":[{"embeddable":true,"href":"https:\/\/shop.bantam.ch\/fr\/wp-json\/wp\/v2\/media\/78572"}],"wp:attachment":[{"href":"https:\/\/shop.bantam.ch\/fr\/wp-json\/wp\/v2\/media?parent=78576"}],"wp:term":[{"taxonomy":"product_featured_cat","embeddable":true,"href":"https:\/\/shop.bantam.ch\/fr\/wp-json\/wp\/v2\/product_featured_cat?post=78576"},{"taxonomy":"product_brand","embeddable":true,"href":"https:\/\/shop.bantam.ch\/fr\/wp-json\/wp\/v2\/product_brand?post=78576"},{"taxonomy":"product_cat","embeddable":true,"href":"https:\/\/shop.bantam.ch\/fr\/wp-json\/wp\/v2\/product_cat?post=78576"},{"taxonomy":"product_tag","embeddable":true,"href":"https:\/\/shop.bantam.ch\/fr\/wp-json\/wp\/v2\/product_tag?post=78576"}],"curies":[{"name":"wp","href":"https:\/\/api.w.org\/{rel}","templated":true}]}}