{"id":78564,"date":"2023-02-28T01:11:11","date_gmt":"2023-02-28T00:11:11","guid":{"rendered":"http:\/\/shop.bantam.ch\/produit\/element-filtrant-en-pp-_taille-s_\/"},"modified":"2026-04-19T21:23:23","modified_gmt":"2026-04-19T19:23:23","slug":"element-filtrant-en-pp-_taille-s_","status":"publish","type":"product","link":"https:\/\/shop.bantam.ch\/fr\/produit\/element-filtrant-en-pp-_taille-s_\/","title":{"rendered":"El\u00e9ment filtrant en PP _taille S_ WM aquatec Blanc"},"content":{"rendered":"<ul>\n<li>Emp\u00eache la salet\u00e9 de p\u00e9n\u00e9trer dans le r\u00e9servoir d&rsquo;eau douce<\/li>\n<li>Prot\u00e8ge la pompe, la chaudi\u00e8re et la robinetterie<\/li>\n<li>\u00c9limine les parasites, le sable, la rouille, le pollen, les particules en suspension, etc.<\/li>\n<li>Unit\u00e9 de filtration de 1\u00b5m<\/li>\n<li>Pour des applications dans le domaine de l&rsquo;eau potable<\/li>\n<\/ul>\n","protected":false},"excerpt":{"rendered":"<p>Emp\u00eache la salet\u00e9 de p\u00e9n\u00e9trer dans le r\u00e9servoir d&rsquo;eau douce Prot\u00e8ge la pompe, la chaudi\u00e8re et la robinetterie \u00c9limine les parasites, le sable, la rouille, le pollen, les particules en suspension, etc. Unit\u00e9 de filtration de 1\u00b5m Pour des applications dans le domaine de l&rsquo;eau potable<\/p>\n","protected":false},"featured_media":78562,"template":"","meta":{"_acf_changed":false},"product_featured_cat":[],"product_brand":[3274],"product_cat":[4613],"product_tag":[],"class_list":{"0":"post-78564","1":"product","2":"type-product","3":"status-publish","4":"has-post-thumbnail","6":"product_brand-wm-aquatec","7":"product_cat-desinfection-de-leau","9":"first","10":"instock","11":"taxable","12":"shipping-taxable","13":"purchasable","14":"product-type-simple"},"acf":[],"yoast_head":"<!-- This site is optimized with the Yoast SEO plugin v27.4 - https:\/\/yoast.com\/product\/yoast-seo-wordpress\/ -->\n<title>El\u00e9ment filtrant en PP _taille S_ WM aquatec Blanc - Bantam Wankm\u00fcller SA<\/title>\n<meta name=\"robots\" content=\"index, follow, max-snippet:-1, max-image-preview:large, max-video-preview:-1\" \/>\n<link rel=\"canonical\" href=\"https:\/\/shop.bantam.ch\/fr\/produit\/element-filtrant-en-pp-_taille-s_\/\" \/>\n<meta property=\"og:locale\" content=\"fr_FR\" \/>\n<meta property=\"og:type\" content=\"article\" \/>\n<meta property=\"og:title\" content=\"El\u00e9ment filtrant en PP _taille S_ WM aquatec Blanc - Bantam Wankm\u00fcller SA\" \/>\n<meta property=\"og:description\" content=\"Emp\u00eache la salet\u00e9 de p\u00e9n\u00e9trer dans le r\u00e9servoir d&rsquo;eau douce Prot\u00e8ge la pompe, la chaudi\u00e8re et la robinetterie \u00c9limine les parasites, le sable, la rouille, le pollen, les particules en suspension, etc. Unit\u00e9 de filtration de 1\u00b5m Pour des applications dans le domaine de l&rsquo;eau potable\" \/>\n<meta property=\"og:url\" content=\"https:\/\/shop.bantam.ch\/fr\/produit\/element-filtrant-en-pp-_taille-s_\/\" \/>\n<meta property=\"og:site_name\" content=\"Bantam Wankm\u00fcller SA\" \/>\n<meta property=\"article:modified_time\" content=\"2026-04-19T19:23:23+00:00\" \/>\n<meta property=\"og:image\" content=\"https:\/\/shop.bantam.ch\/wp-content\/uploads\/2023\/02\/993193311kuXlYrm1xGbsI.jpg\" \/>\n\t<meta property=\"og:image:width\" content=\"418\" \/>\n\t<meta property=\"og:image:height\" content=\"500\" \/>\n\t<meta property=\"og:image:type\" content=\"image\/jpeg\" \/>\n<meta name=\"twitter:card\" content=\"summary_large_image\" \/>\n<script type=\"application\/ld+json\" class=\"yoast-schema-graph\">{\"@context\":\"https:\\\/\\\/schema.org\",\"@graph\":[{\"@type\":\"WebPage\",\"@id\":\"https:\\\/\\\/shop.bantam.ch\\\/fr\\\/produit\\\/element-filtrant-en-pp-_taille-s_\\\/\",\"url\":\"https:\\\/\\\/shop.bantam.ch\\\/fr\\\/produit\\\/element-filtrant-en-pp-_taille-s_\\\/\",\"name\":\"El\u00e9ment filtrant en PP _taille S_ WM aquatec Blanc - Bantam Wankm\u00fcller SA\",\"isPartOf\":{\"@id\":\"https:\\\/\\\/shop.bantam.ch\\\/fr\\\/#website\"},\"primaryImageOfPage\":{\"@id\":\"https:\\\/\\\/shop.bantam.ch\\\/fr\\\/produit\\\/element-filtrant-en-pp-_taille-s_\\\/#primaryimage\"},\"image\":{\"@id\":\"https:\\\/\\\/shop.bantam.ch\\\/fr\\\/produit\\\/element-filtrant-en-pp-_taille-s_\\\/#primaryimage\"},\"thumbnailUrl\":\"https:\\\/\\\/shop.bantam.ch\\\/wp-content\\\/uploads\\\/2023\\\/02\\\/993193311kuXlYrm1xGbsI.jpg\",\"datePublished\":\"2023-02-28T00:11:11+00:00\",\"dateModified\":\"2026-04-19T19:23:23+00:00\",\"breadcrumb\":{\"@id\":\"https:\\\/\\\/shop.bantam.ch\\\/fr\\\/produit\\\/element-filtrant-en-pp-_taille-s_\\\/#breadcrumb\"},\"inLanguage\":\"fr-FR\",\"potentialAction\":[{\"@type\":\"ReadAction\",\"target\":[\"https:\\\/\\\/shop.bantam.ch\\\/fr\\\/produit\\\/element-filtrant-en-pp-_taille-s_\\\/\"]}]},{\"@type\":\"ImageObject\",\"inLanguage\":\"fr-FR\",\"@id\":\"https:\\\/\\\/shop.bantam.ch\\\/fr\\\/produit\\\/element-filtrant-en-pp-_taille-s_\\\/#primaryimage\",\"url\":\"https:\\\/\\\/shop.bantam.ch\\\/wp-content\\\/uploads\\\/2023\\\/02\\\/993193311kuXlYrm1xGbsI.jpg\",\"contentUrl\":\"https:\\\/\\\/shop.bantam.ch\\\/wp-content\\\/uploads\\\/2023\\\/02\\\/993193311kuXlYrm1xGbsI.jpg\",\"width\":418,\"height\":500},{\"@type\":\"BreadcrumbList\",\"@id\":\"https:\\\/\\\/shop.bantam.ch\\\/fr\\\/produit\\\/element-filtrant-en-pp-_taille-s_\\\/#breadcrumb\",\"itemListElement\":[{\"@type\":\"ListItem\",\"position\":1,\"name\":\"Accueil\",\"item\":\"https:\\\/\\\/shop.bantam.ch\\\/fr\\\/\"},{\"@type\":\"ListItem\",\"position\":2,\"name\":\"Boutique\",\"item\":\"https:\\\/\\\/shop.bantam.ch\\\/fr\\\/boutique\\\/\"},{\"@type\":\"ListItem\",\"position\":3,\"name\":\"El\u00e9ment filtrant en PP _taille S_ WM aquatec Blanc\"}]},{\"@type\":\"WebSite\",\"@id\":\"https:\\\/\\\/shop.bantam.ch\\\/fr\\\/#website\",\"url\":\"https:\\\/\\\/shop.bantam.ch\\\/fr\\\/\",\"name\":\"Bantam Wankm\u00fcller SA\",\"description\":\"\",\"publisher\":{\"@id\":\"https:\\\/\\\/shop.bantam.ch\\\/fr\\\/#organization\"},\"inLanguage\":\"fr-FR\"},{\"@type\":\"Organization\",\"@id\":\"https:\\\/\\\/shop.bantam.ch\\\/fr\\\/#organization\",\"name\":\"Bantam Wankm\u00fcller SA\",\"url\":\"https:\\\/\\\/shop.bantam.ch\\\/fr\\\/\",\"logo\":{\"@type\":\"ImageObject\",\"inLanguage\":\"fr-FR\",\"@id\":\"https:\\\/\\\/shop.bantam.ch\\\/fr\\\/#\\\/schema\\\/logo\\\/image\\\/\",\"url\":\"https:\\\/\\\/shop.bantam.ch\\\/wp-content\\\/uploads\\\/2022\\\/12\\\/bantam-logo.png\",\"contentUrl\":\"https:\\\/\\\/shop.bantam.ch\\\/wp-content\\\/uploads\\\/2022\\\/12\\\/bantam-logo.png\",\"width\":320,\"height\":71,\"caption\":\"Bantam Wankm\u00fcller SA\"},\"image\":{\"@id\":\"https:\\\/\\\/shop.bantam.ch\\\/fr\\\/#\\\/schema\\\/logo\\\/image\\\/\"}}]}<\/script>\n<!-- \/ Yoast SEO plugin. -->","yoast_head_json":{"title":"El\u00e9ment filtrant en PP _taille S_ WM aquatec Blanc - Bantam Wankm\u00fcller SA","robots":{"index":"index","follow":"follow","max-snippet":"max-snippet:-1","max-image-preview":"max-image-preview:large","max-video-preview":"max-video-preview:-1"},"canonical":"https:\/\/shop.bantam.ch\/fr\/produit\/element-filtrant-en-pp-_taille-s_\/","og_locale":"fr_FR","og_type":"article","og_title":"El\u00e9ment filtrant en PP _taille S_ WM aquatec Blanc - Bantam Wankm\u00fcller SA","og_description":"Emp\u00eache la salet\u00e9 de p\u00e9n\u00e9trer dans le r\u00e9servoir d&rsquo;eau douce Prot\u00e8ge la pompe, la chaudi\u00e8re et la robinetterie \u00c9limine les parasites, le sable, la rouille, le pollen, les particules en suspension, etc. Unit\u00e9 de filtration de 1\u00b5m Pour des applications dans le domaine de l&rsquo;eau potable","og_url":"https:\/\/shop.bantam.ch\/fr\/produit\/element-filtrant-en-pp-_taille-s_\/","og_site_name":"Bantam Wankm\u00fcller SA","article_modified_time":"2026-04-19T19:23:23+00:00","og_image":[{"width":418,"height":500,"url":"https:\/\/shop.bantam.ch\/wp-content\/uploads\/2023\/02\/993193311kuXlYrm1xGbsI.jpg","type":"image\/jpeg"}],"twitter_card":"summary_large_image","schema":{"@context":"https:\/\/schema.org","@graph":[{"@type":"WebPage","@id":"https:\/\/shop.bantam.ch\/fr\/produit\/element-filtrant-en-pp-_taille-s_\/","url":"https:\/\/shop.bantam.ch\/fr\/produit\/element-filtrant-en-pp-_taille-s_\/","name":"El\u00e9ment filtrant en PP _taille S_ WM aquatec Blanc - Bantam Wankm\u00fcller SA","isPartOf":{"@id":"https:\/\/shop.bantam.ch\/fr\/#website"},"primaryImageOfPage":{"@id":"https:\/\/shop.bantam.ch\/fr\/produit\/element-filtrant-en-pp-_taille-s_\/#primaryimage"},"image":{"@id":"https:\/\/shop.bantam.ch\/fr\/produit\/element-filtrant-en-pp-_taille-s_\/#primaryimage"},"thumbnailUrl":"https:\/\/shop.bantam.ch\/wp-content\/uploads\/2023\/02\/993193311kuXlYrm1xGbsI.jpg","datePublished":"2023-02-28T00:11:11+00:00","dateModified":"2026-04-19T19:23:23+00:00","breadcrumb":{"@id":"https:\/\/shop.bantam.ch\/fr\/produit\/element-filtrant-en-pp-_taille-s_\/#breadcrumb"},"inLanguage":"fr-FR","potentialAction":[{"@type":"ReadAction","target":["https:\/\/shop.bantam.ch\/fr\/produit\/element-filtrant-en-pp-_taille-s_\/"]}]},{"@type":"ImageObject","inLanguage":"fr-FR","@id":"https:\/\/shop.bantam.ch\/fr\/produit\/element-filtrant-en-pp-_taille-s_\/#primaryimage","url":"https:\/\/shop.bantam.ch\/wp-content\/uploads\/2023\/02\/993193311kuXlYrm1xGbsI.jpg","contentUrl":"https:\/\/shop.bantam.ch\/wp-content\/uploads\/2023\/02\/993193311kuXlYrm1xGbsI.jpg","width":418,"height":500},{"@type":"BreadcrumbList","@id":"https:\/\/shop.bantam.ch\/fr\/produit\/element-filtrant-en-pp-_taille-s_\/#breadcrumb","itemListElement":[{"@type":"ListItem","position":1,"name":"Accueil","item":"https:\/\/shop.bantam.ch\/fr\/"},{"@type":"ListItem","position":2,"name":"Boutique","item":"https:\/\/shop.bantam.ch\/fr\/boutique\/"},{"@type":"ListItem","position":3,"name":"El\u00e9ment filtrant en PP _taille S_ WM aquatec Blanc"}]},{"@type":"WebSite","@id":"https:\/\/shop.bantam.ch\/fr\/#website","url":"https:\/\/shop.bantam.ch\/fr\/","name":"Bantam Wankm\u00fcller SA","description":"","publisher":{"@id":"https:\/\/shop.bantam.ch\/fr\/#organization"},"inLanguage":"fr-FR"},{"@type":"Organization","@id":"https:\/\/shop.bantam.ch\/fr\/#organization","name":"Bantam Wankm\u00fcller SA","url":"https:\/\/shop.bantam.ch\/fr\/","logo":{"@type":"ImageObject","inLanguage":"fr-FR","@id":"https:\/\/shop.bantam.ch\/fr\/#\/schema\/logo\/image\/","url":"https:\/\/shop.bantam.ch\/wp-content\/uploads\/2022\/12\/bantam-logo.png","contentUrl":"https:\/\/shop.bantam.ch\/wp-content\/uploads\/2022\/12\/bantam-logo.png","width":320,"height":71,"caption":"Bantam Wankm\u00fcller SA"},"image":{"@id":"https:\/\/shop.bantam.ch\/fr\/#\/schema\/logo\/image\/"}}]}},"_links":{"self":[{"href":"https:\/\/shop.bantam.ch\/fr\/wp-json\/wp\/v2\/product\/78564","targetHints":{"allow":["GET"]}}],"collection":[{"href":"https:\/\/shop.bantam.ch\/fr\/wp-json\/wp\/v2\/product"}],"about":[{"href":"https:\/\/shop.bantam.ch\/fr\/wp-json\/wp\/v2\/types\/product"}],"wp:featuredmedia":[{"embeddable":true,"href":"https:\/\/shop.bantam.ch\/fr\/wp-json\/wp\/v2\/media\/78562"}],"wp:attachment":[{"href":"https:\/\/shop.bantam.ch\/fr\/wp-json\/wp\/v2\/media?parent=78564"}],"wp:term":[{"taxonomy":"product_featured_cat","embeddable":true,"href":"https:\/\/shop.bantam.ch\/fr\/wp-json\/wp\/v2\/product_featured_cat?post=78564"},{"taxonomy":"product_brand","embeddable":true,"href":"https:\/\/shop.bantam.ch\/fr\/wp-json\/wp\/v2\/product_brand?post=78564"},{"taxonomy":"product_cat","embeddable":true,"href":"https:\/\/shop.bantam.ch\/fr\/wp-json\/wp\/v2\/product_cat?post=78564"},{"taxonomy":"product_tag","embeddable":true,"href":"https:\/\/shop.bantam.ch\/fr\/wp-json\/wp\/v2\/product_tag?post=78564"}],"curies":[{"name":"wp","href":"https:\/\/api.w.org\/{rel}","templated":true}]}}