{"id":78544,"date":"2023-02-28T01:10:44","date_gmt":"2023-02-28T00:10:44","guid":{"rendered":"http:\/\/shop.bantam.ch\/produit\/camera-de-sol-safety-cs105ula\/"},"modified":"2026-04-17T21:21:50","modified_gmt":"2026-04-17T19:21:50","slug":"camera-de-sol-safety-cs105ula","status":"publish","type":"product","link":"https:\/\/shop.bantam.ch\/fr\/produit\/camera-de-sol-safety-cs105ula\/","title":{"rendered":"Cam\u00e9ra de recul Caratec Safety CS105ULA Cam\u00e9ra de sol avec c\u00e2ble de 10\u00a0m"},"content":{"rendered":"<p>Le CS105ULA est mont\u00e9 sous le plancher du v\u00e9hicule afin de faciliter la recherche de la bonne position pour la mise au rebut. Le bo\u00eetier robuste en acier prot\u00e8ge la cam\u00e9ra et l&rsquo;\u00e9clairage IR int\u00e9gr\u00e9 assure une bonne visibilit\u00e9 m\u00eame dans l&rsquo;obscurit\u00e9. Cette cam\u00e9ra peut \u00eatre connect\u00e9e \u00e0 un c\u00e2ble d&rsquo;entr\u00e9e A\/V Moni-\/Naviceiver ou \u00e0 un moniteur miroir CSM4300SD. Livr\u00e9 avec 10 m de c\u00e2ble<\/p>\n","protected":false},"excerpt":{"rendered":"<p>Le CS105ULA est mont\u00e9 sous le plancher du v\u00e9hicule afin de faciliter la recherche de la bonne position pour la mise au rebut. Le bo\u00eetier robuste en acier prot\u00e8ge la cam\u00e9ra et l&rsquo;\u00e9clairage IR int\u00e9gr\u00e9 assure une bonne visibilit\u00e9 m\u00eame dans l&rsquo;obscurit\u00e9. Cette cam\u00e9ra peut \u00eatre connect\u00e9e \u00e0 un c\u00e2ble d&rsquo;entr\u00e9e A\/V Moni-\/Naviceiver ou \u00e0 [&hellip;]<\/p>\n","protected":false},"featured_media":78540,"template":"","meta":{"_acf_changed":false},"product_featured_cat":[],"product_brand":[3070],"product_cat":[5001],"product_tag":[],"class_list":{"0":"post-78544","1":"product","2":"type-product","3":"status-publish","4":"has-post-thumbnail","6":"product_brand-caratec","7":"product_cat-cameras","9":"first","10":"instock","11":"taxable","12":"shipping-taxable","13":"purchasable","14":"product-type-simple"},"acf":[],"yoast_head":"<!-- This site is optimized with the Yoast SEO plugin v27.4 - https:\/\/yoast.com\/product\/yoast-seo-wordpress\/ -->\n<title>Cam\u00e9ra de recul Caratec Safety CS105ULA Cam\u00e9ra de sol avec c\u00e2ble de 10\u00a0m - Bantam Wankm\u00fcller SA<\/title>\n<meta name=\"robots\" content=\"index, follow, max-snippet:-1, max-image-preview:large, max-video-preview:-1\" \/>\n<link rel=\"canonical\" href=\"https:\/\/shop.bantam.ch\/fr\/produit\/camera-de-sol-safety-cs105ula\/\" \/>\n<meta property=\"og:locale\" content=\"fr_FR\" \/>\n<meta property=\"og:type\" content=\"article\" \/>\n<meta property=\"og:title\" content=\"Cam\u00e9ra de recul Caratec Safety CS105ULA Cam\u00e9ra de sol avec c\u00e2ble de 10\u00a0m - Bantam Wankm\u00fcller SA\" \/>\n<meta property=\"og:description\" content=\"Le CS105ULA est mont\u00e9 sous le plancher du v\u00e9hicule afin de faciliter la recherche de la bonne position pour la mise au rebut. Le bo\u00eetier robuste en acier prot\u00e8ge la cam\u00e9ra et l&rsquo;\u00e9clairage IR int\u00e9gr\u00e9 assure une bonne visibilit\u00e9 m\u00eame dans l&rsquo;obscurit\u00e9. Cette cam\u00e9ra peut \u00eatre connect\u00e9e \u00e0 un c\u00e2ble d&rsquo;entr\u00e9e A\/V Moni-\/Naviceiver ou \u00e0 [&hellip;]\" \/>\n<meta property=\"og:url\" content=\"https:\/\/shop.bantam.ch\/fr\/produit\/camera-de-sol-safety-cs105ula\/\" \/>\n<meta property=\"og:site_name\" content=\"Bantam Wankm\u00fcller SA\" \/>\n<meta property=\"article:modified_time\" content=\"2026-04-17T19:21:50+00:00\" \/>\n<meta property=\"og:image\" content=\"https:\/\/shop.bantam.ch\/wp-content\/uploads\/2023\/02\/995448911.jpg\" \/>\n\t<meta property=\"og:image:width\" content=\"1000\" \/>\n\t<meta property=\"og:image:height\" content=\"931\" \/>\n\t<meta property=\"og:image:type\" content=\"image\/jpeg\" \/>\n<meta name=\"twitter:card\" content=\"summary_large_image\" \/>\n<script type=\"application\/ld+json\" class=\"yoast-schema-graph\">{\"@context\":\"https:\\\/\\\/schema.org\",\"@graph\":[{\"@type\":\"WebPage\",\"@id\":\"https:\\\/\\\/shop.bantam.ch\\\/fr\\\/produit\\\/camera-de-sol-safety-cs105ula\\\/\",\"url\":\"https:\\\/\\\/shop.bantam.ch\\\/fr\\\/produit\\\/camera-de-sol-safety-cs105ula\\\/\",\"name\":\"Cam\u00e9ra de recul Caratec Safety CS105ULA Cam\u00e9ra de sol avec c\u00e2ble de 10\u00a0m - Bantam Wankm\u00fcller SA\",\"isPartOf\":{\"@id\":\"https:\\\/\\\/shop.bantam.ch\\\/fr\\\/#website\"},\"primaryImageOfPage\":{\"@id\":\"https:\\\/\\\/shop.bantam.ch\\\/fr\\\/produit\\\/camera-de-sol-safety-cs105ula\\\/#primaryimage\"},\"image\":{\"@id\":\"https:\\\/\\\/shop.bantam.ch\\\/fr\\\/produit\\\/camera-de-sol-safety-cs105ula\\\/#primaryimage\"},\"thumbnailUrl\":\"https:\\\/\\\/shop.bantam.ch\\\/wp-content\\\/uploads\\\/2023\\\/02\\\/995448911.jpg\",\"datePublished\":\"2023-02-28T00:10:44+00:00\",\"dateModified\":\"2026-04-17T19:21:50+00:00\",\"breadcrumb\":{\"@id\":\"https:\\\/\\\/shop.bantam.ch\\\/fr\\\/produit\\\/camera-de-sol-safety-cs105ula\\\/#breadcrumb\"},\"inLanguage\":\"fr-FR\",\"potentialAction\":[{\"@type\":\"ReadAction\",\"target\":[\"https:\\\/\\\/shop.bantam.ch\\\/fr\\\/produit\\\/camera-de-sol-safety-cs105ula\\\/\"]}]},{\"@type\":\"ImageObject\",\"inLanguage\":\"fr-FR\",\"@id\":\"https:\\\/\\\/shop.bantam.ch\\\/fr\\\/produit\\\/camera-de-sol-safety-cs105ula\\\/#primaryimage\",\"url\":\"https:\\\/\\\/shop.bantam.ch\\\/wp-content\\\/uploads\\\/2023\\\/02\\\/995448911.jpg\",\"contentUrl\":\"https:\\\/\\\/shop.bantam.ch\\\/wp-content\\\/uploads\\\/2023\\\/02\\\/995448911.jpg\",\"width\":1000,\"height\":931},{\"@type\":\"BreadcrumbList\",\"@id\":\"https:\\\/\\\/shop.bantam.ch\\\/fr\\\/produit\\\/camera-de-sol-safety-cs105ula\\\/#breadcrumb\",\"itemListElement\":[{\"@type\":\"ListItem\",\"position\":1,\"name\":\"Accueil\",\"item\":\"https:\\\/\\\/shop.bantam.ch\\\/fr\\\/\"},{\"@type\":\"ListItem\",\"position\":2,\"name\":\"Boutique\",\"item\":\"https:\\\/\\\/shop.bantam.ch\\\/fr\\\/boutique\\\/\"},{\"@type\":\"ListItem\",\"position\":3,\"name\":\"Cam\u00e9ra de recul Caratec Safety CS105ULA Cam\u00e9ra de sol avec c\u00e2ble de 10\u00a0m\"}]},{\"@type\":\"WebSite\",\"@id\":\"https:\\\/\\\/shop.bantam.ch\\\/fr\\\/#website\",\"url\":\"https:\\\/\\\/shop.bantam.ch\\\/fr\\\/\",\"name\":\"Bantam Wankm\u00fcller SA\",\"description\":\"\",\"publisher\":{\"@id\":\"https:\\\/\\\/shop.bantam.ch\\\/fr\\\/#organization\"},\"inLanguage\":\"fr-FR\"},{\"@type\":\"Organization\",\"@id\":\"https:\\\/\\\/shop.bantam.ch\\\/fr\\\/#organization\",\"name\":\"Bantam Wankm\u00fcller SA\",\"url\":\"https:\\\/\\\/shop.bantam.ch\\\/fr\\\/\",\"logo\":{\"@type\":\"ImageObject\",\"inLanguage\":\"fr-FR\",\"@id\":\"https:\\\/\\\/shop.bantam.ch\\\/fr\\\/#\\\/schema\\\/logo\\\/image\\\/\",\"url\":\"https:\\\/\\\/shop.bantam.ch\\\/wp-content\\\/uploads\\\/2022\\\/12\\\/bantam-logo.png\",\"contentUrl\":\"https:\\\/\\\/shop.bantam.ch\\\/wp-content\\\/uploads\\\/2022\\\/12\\\/bantam-logo.png\",\"width\":320,\"height\":71,\"caption\":\"Bantam Wankm\u00fcller SA\"},\"image\":{\"@id\":\"https:\\\/\\\/shop.bantam.ch\\\/fr\\\/#\\\/schema\\\/logo\\\/image\\\/\"}}]}<\/script>\n<!-- \/ Yoast SEO plugin. -->","yoast_head_json":{"title":"Cam\u00e9ra de recul Caratec Safety CS105ULA Cam\u00e9ra de sol avec c\u00e2ble de 10\u00a0m - Bantam Wankm\u00fcller SA","robots":{"index":"index","follow":"follow","max-snippet":"max-snippet:-1","max-image-preview":"max-image-preview:large","max-video-preview":"max-video-preview:-1"},"canonical":"https:\/\/shop.bantam.ch\/fr\/produit\/camera-de-sol-safety-cs105ula\/","og_locale":"fr_FR","og_type":"article","og_title":"Cam\u00e9ra de recul Caratec Safety CS105ULA Cam\u00e9ra de sol avec c\u00e2ble de 10\u00a0m - Bantam Wankm\u00fcller SA","og_description":"Le CS105ULA est mont\u00e9 sous le plancher du v\u00e9hicule afin de faciliter la recherche de la bonne position pour la mise au rebut. Le bo\u00eetier robuste en acier prot\u00e8ge la cam\u00e9ra et l&rsquo;\u00e9clairage IR int\u00e9gr\u00e9 assure une bonne visibilit\u00e9 m\u00eame dans l&rsquo;obscurit\u00e9. Cette cam\u00e9ra peut \u00eatre connect\u00e9e \u00e0 un c\u00e2ble d&rsquo;entr\u00e9e A\/V Moni-\/Naviceiver ou \u00e0 [&hellip;]","og_url":"https:\/\/shop.bantam.ch\/fr\/produit\/camera-de-sol-safety-cs105ula\/","og_site_name":"Bantam Wankm\u00fcller SA","article_modified_time":"2026-04-17T19:21:50+00:00","og_image":[{"width":1000,"height":931,"url":"https:\/\/shop.bantam.ch\/wp-content\/uploads\/2023\/02\/995448911.jpg","type":"image\/jpeg"}],"twitter_card":"summary_large_image","schema":{"@context":"https:\/\/schema.org","@graph":[{"@type":"WebPage","@id":"https:\/\/shop.bantam.ch\/fr\/produit\/camera-de-sol-safety-cs105ula\/","url":"https:\/\/shop.bantam.ch\/fr\/produit\/camera-de-sol-safety-cs105ula\/","name":"Cam\u00e9ra de recul Caratec Safety CS105ULA Cam\u00e9ra de sol avec c\u00e2ble de 10\u00a0m - Bantam Wankm\u00fcller SA","isPartOf":{"@id":"https:\/\/shop.bantam.ch\/fr\/#website"},"primaryImageOfPage":{"@id":"https:\/\/shop.bantam.ch\/fr\/produit\/camera-de-sol-safety-cs105ula\/#primaryimage"},"image":{"@id":"https:\/\/shop.bantam.ch\/fr\/produit\/camera-de-sol-safety-cs105ula\/#primaryimage"},"thumbnailUrl":"https:\/\/shop.bantam.ch\/wp-content\/uploads\/2023\/02\/995448911.jpg","datePublished":"2023-02-28T00:10:44+00:00","dateModified":"2026-04-17T19:21:50+00:00","breadcrumb":{"@id":"https:\/\/shop.bantam.ch\/fr\/produit\/camera-de-sol-safety-cs105ula\/#breadcrumb"},"inLanguage":"fr-FR","potentialAction":[{"@type":"ReadAction","target":["https:\/\/shop.bantam.ch\/fr\/produit\/camera-de-sol-safety-cs105ula\/"]}]},{"@type":"ImageObject","inLanguage":"fr-FR","@id":"https:\/\/shop.bantam.ch\/fr\/produit\/camera-de-sol-safety-cs105ula\/#primaryimage","url":"https:\/\/shop.bantam.ch\/wp-content\/uploads\/2023\/02\/995448911.jpg","contentUrl":"https:\/\/shop.bantam.ch\/wp-content\/uploads\/2023\/02\/995448911.jpg","width":1000,"height":931},{"@type":"BreadcrumbList","@id":"https:\/\/shop.bantam.ch\/fr\/produit\/camera-de-sol-safety-cs105ula\/#breadcrumb","itemListElement":[{"@type":"ListItem","position":1,"name":"Accueil","item":"https:\/\/shop.bantam.ch\/fr\/"},{"@type":"ListItem","position":2,"name":"Boutique","item":"https:\/\/shop.bantam.ch\/fr\/boutique\/"},{"@type":"ListItem","position":3,"name":"Cam\u00e9ra de recul Caratec Safety CS105ULA Cam\u00e9ra de sol avec c\u00e2ble de 10\u00a0m"}]},{"@type":"WebSite","@id":"https:\/\/shop.bantam.ch\/fr\/#website","url":"https:\/\/shop.bantam.ch\/fr\/","name":"Bantam Wankm\u00fcller SA","description":"","publisher":{"@id":"https:\/\/shop.bantam.ch\/fr\/#organization"},"inLanguage":"fr-FR"},{"@type":"Organization","@id":"https:\/\/shop.bantam.ch\/fr\/#organization","name":"Bantam Wankm\u00fcller SA","url":"https:\/\/shop.bantam.ch\/fr\/","logo":{"@type":"ImageObject","inLanguage":"fr-FR","@id":"https:\/\/shop.bantam.ch\/fr\/#\/schema\/logo\/image\/","url":"https:\/\/shop.bantam.ch\/wp-content\/uploads\/2022\/12\/bantam-logo.png","contentUrl":"https:\/\/shop.bantam.ch\/wp-content\/uploads\/2022\/12\/bantam-logo.png","width":320,"height":71,"caption":"Bantam Wankm\u00fcller SA"},"image":{"@id":"https:\/\/shop.bantam.ch\/fr\/#\/schema\/logo\/image\/"}}]}},"_links":{"self":[{"href":"https:\/\/shop.bantam.ch\/fr\/wp-json\/wp\/v2\/product\/78544","targetHints":{"allow":["GET"]}}],"collection":[{"href":"https:\/\/shop.bantam.ch\/fr\/wp-json\/wp\/v2\/product"}],"about":[{"href":"https:\/\/shop.bantam.ch\/fr\/wp-json\/wp\/v2\/types\/product"}],"wp:featuredmedia":[{"embeddable":true,"href":"https:\/\/shop.bantam.ch\/fr\/wp-json\/wp\/v2\/media\/78540"}],"wp:attachment":[{"href":"https:\/\/shop.bantam.ch\/fr\/wp-json\/wp\/v2\/media?parent=78544"}],"wp:term":[{"taxonomy":"product_featured_cat","embeddable":true,"href":"https:\/\/shop.bantam.ch\/fr\/wp-json\/wp\/v2\/product_featured_cat?post=78544"},{"taxonomy":"product_brand","embeddable":true,"href":"https:\/\/shop.bantam.ch\/fr\/wp-json\/wp\/v2\/product_brand?post=78544"},{"taxonomy":"product_cat","embeddable":true,"href":"https:\/\/shop.bantam.ch\/fr\/wp-json\/wp\/v2\/product_cat?post=78544"},{"taxonomy":"product_tag","embeddable":true,"href":"https:\/\/shop.bantam.ch\/fr\/wp-json\/wp\/v2\/product_tag?post=78544"}],"curies":[{"name":"wp","href":"https:\/\/api.w.org\/{rel}","templated":true}]}}