{"id":78328,"date":"2023-02-28T01:07:50","date_gmt":"2023-02-28T00:07:50","guid":{"rendered":"http:\/\/shop.bantam.ch\/produit\/table-titanium-axia-6-alu-gris-clair\/"},"modified":"2026-04-19T21:22:59","modified_gmt":"2026-04-19T19:22:59","slug":"table-titanium-axia-6-alu-gris-clair","status":"publish","type":"product","link":"https:\/\/shop.bantam.ch\/fr\/produit\/table-titanium-axia-6-alu-gris-clair\/","title":{"rendered":"Table Brunner Titanium Axia 6 alu coul. gris clair"},"content":{"rendered":"<p>Table en aluminium brevet\u00e9e avec plateau \u00e0 roulettes et cadre pliable sp\u00e9cial, facile \u00e0 monter.<\/p>\n<ul>\n<li>Plateau de table \u00e0 roulettes avec lattes anodis\u00e9es argent (syst\u00e8me Gapless)<\/li>\n<li>Avec niveau \u00e0 bulle int\u00e9gr\u00e9<\/li>\n<li>Cadre tr\u00e8s robuste en tubes d&rsquo;aluminium carr\u00e9s et barre stabilisatrice centrale<\/li>\n<li>Pied de table r\u00e9glable en hauteur<\/li>\n<li>Avec support \u00e0 filet<\/li>\n<\/ul>\n<p>Contenu de la livraison :<br \/>Avec sac de transport \u00e0 2 compartiments s\u00e9par\u00e9s<\/p>\n<p>Mat\u00e9riau\u00a0:<br \/>100 % aluminium<\/p>\n","protected":false},"excerpt":{"rendered":"<p>Table en aluminium brevet\u00e9e avec plateau \u00e0 roulettes et cadre pliable sp\u00e9cial, facile \u00e0 monter. Plateau de table \u00e0 roulettes avec lattes anodis\u00e9es argent (syst\u00e8me Gapless) Avec niveau \u00e0 bulle int\u00e9gr\u00e9 Cadre tr\u00e8s robuste en tubes d&rsquo;aluminium carr\u00e9s et barre stabilisatrice centrale Pied de table r\u00e9glable en hauteur Avec support \u00e0 filet Contenu de la [&hellip;]<\/p>\n","protected":false},"featured_media":78320,"template":"","meta":{"_acf_changed":false},"product_featured_cat":[],"product_brand":[3080],"product_cat":[4053],"product_tag":[],"class_list":{"0":"post-78328","1":"product","2":"type-product","3":"status-publish","4":"has-post-thumbnail","6":"product_brand-brunner","7":"product_cat-tables-de-camping","9":"first","10":"instock","11":"taxable","12":"shipping-taxable","13":"purchasable","14":"product-type-simple"},"acf":[],"yoast_head":"<!-- This site is optimized with the Yoast SEO plugin v27.4 - https:\/\/yoast.com\/product\/yoast-seo-wordpress\/ -->\n<title>Table Brunner Titanium Axia 6 alu coul. gris clair - Bantam Wankm\u00fcller SA<\/title>\n<meta name=\"robots\" content=\"index, follow, max-snippet:-1, max-image-preview:large, max-video-preview:-1\" \/>\n<link rel=\"canonical\" href=\"https:\/\/shop.bantam.ch\/fr\/produit\/table-titanium-axia-6-alu-gris-clair\/\" \/>\n<meta property=\"og:locale\" content=\"fr_FR\" \/>\n<meta property=\"og:type\" content=\"article\" \/>\n<meta property=\"og:title\" content=\"Table Brunner Titanium Axia 6 alu coul. gris clair - Bantam Wankm\u00fcller SA\" \/>\n<meta property=\"og:description\" content=\"Table en aluminium brevet\u00e9e avec plateau \u00e0 roulettes et cadre pliable sp\u00e9cial, facile \u00e0 monter. Plateau de table \u00e0 roulettes avec lattes anodis\u00e9es argent (syst\u00e8me Gapless) Avec niveau \u00e0 bulle int\u00e9gr\u00e9 Cadre tr\u00e8s robuste en tubes d&rsquo;aluminium carr\u00e9s et barre stabilisatrice centrale Pied de table r\u00e9glable en hauteur Avec support \u00e0 filet Contenu de la [&hellip;]\" \/>\n<meta property=\"og:url\" content=\"https:\/\/shop.bantam.ch\/fr\/produit\/table-titanium-axia-6-alu-gris-clair\/\" \/>\n<meta property=\"og:site_name\" content=\"Bantam Wankm\u00fcller SA\" \/>\n<meta property=\"article:modified_time\" content=\"2026-04-19T19:22:59+00:00\" \/>\n<meta property=\"og:image\" content=\"https:\/\/shop.bantam.ch\/wp-content\/uploads\/2023\/02\/993193811tz2jivfWUVDB5.jpg\" \/>\n\t<meta property=\"og:image:width\" content=\"1000\" \/>\n\t<meta property=\"og:image:height\" content=\"607\" \/>\n\t<meta property=\"og:image:type\" content=\"image\/jpeg\" \/>\n<meta name=\"twitter:card\" content=\"summary_large_image\" \/>\n<script type=\"application\/ld+json\" class=\"yoast-schema-graph\">{\"@context\":\"https:\\\/\\\/schema.org\",\"@graph\":[{\"@type\":\"WebPage\",\"@id\":\"https:\\\/\\\/shop.bantam.ch\\\/fr\\\/produit\\\/table-titanium-axia-6-alu-gris-clair\\\/\",\"url\":\"https:\\\/\\\/shop.bantam.ch\\\/fr\\\/produit\\\/table-titanium-axia-6-alu-gris-clair\\\/\",\"name\":\"Table Brunner Titanium Axia 6 alu coul. gris clair - Bantam Wankm\u00fcller SA\",\"isPartOf\":{\"@id\":\"https:\\\/\\\/shop.bantam.ch\\\/fr\\\/#website\"},\"primaryImageOfPage\":{\"@id\":\"https:\\\/\\\/shop.bantam.ch\\\/fr\\\/produit\\\/table-titanium-axia-6-alu-gris-clair\\\/#primaryimage\"},\"image\":{\"@id\":\"https:\\\/\\\/shop.bantam.ch\\\/fr\\\/produit\\\/table-titanium-axia-6-alu-gris-clair\\\/#primaryimage\"},\"thumbnailUrl\":\"https:\\\/\\\/shop.bantam.ch\\\/wp-content\\\/uploads\\\/2023\\\/02\\\/993193811tz2jivfWUVDB5.jpg\",\"datePublished\":\"2023-02-28T00:07:50+00:00\",\"dateModified\":\"2026-04-19T19:22:59+00:00\",\"breadcrumb\":{\"@id\":\"https:\\\/\\\/shop.bantam.ch\\\/fr\\\/produit\\\/table-titanium-axia-6-alu-gris-clair\\\/#breadcrumb\"},\"inLanguage\":\"fr-FR\",\"potentialAction\":[{\"@type\":\"ReadAction\",\"target\":[\"https:\\\/\\\/shop.bantam.ch\\\/fr\\\/produit\\\/table-titanium-axia-6-alu-gris-clair\\\/\"]}]},{\"@type\":\"ImageObject\",\"inLanguage\":\"fr-FR\",\"@id\":\"https:\\\/\\\/shop.bantam.ch\\\/fr\\\/produit\\\/table-titanium-axia-6-alu-gris-clair\\\/#primaryimage\",\"url\":\"https:\\\/\\\/shop.bantam.ch\\\/wp-content\\\/uploads\\\/2023\\\/02\\\/993193811tz2jivfWUVDB5.jpg\",\"contentUrl\":\"https:\\\/\\\/shop.bantam.ch\\\/wp-content\\\/uploads\\\/2023\\\/02\\\/993193811tz2jivfWUVDB5.jpg\",\"width\":1000,\"height\":607},{\"@type\":\"BreadcrumbList\",\"@id\":\"https:\\\/\\\/shop.bantam.ch\\\/fr\\\/produit\\\/table-titanium-axia-6-alu-gris-clair\\\/#breadcrumb\",\"itemListElement\":[{\"@type\":\"ListItem\",\"position\":1,\"name\":\"Accueil\",\"item\":\"https:\\\/\\\/shop.bantam.ch\\\/fr\\\/\"},{\"@type\":\"ListItem\",\"position\":2,\"name\":\"Boutique\",\"item\":\"https:\\\/\\\/shop.bantam.ch\\\/fr\\\/boutique\\\/\"},{\"@type\":\"ListItem\",\"position\":3,\"name\":\"Table Brunner Titanium Axia 6 alu coul. gris clair\"}]},{\"@type\":\"WebSite\",\"@id\":\"https:\\\/\\\/shop.bantam.ch\\\/fr\\\/#website\",\"url\":\"https:\\\/\\\/shop.bantam.ch\\\/fr\\\/\",\"name\":\"Bantam Wankm\u00fcller SA\",\"description\":\"\",\"publisher\":{\"@id\":\"https:\\\/\\\/shop.bantam.ch\\\/fr\\\/#organization\"},\"inLanguage\":\"fr-FR\"},{\"@type\":\"Organization\",\"@id\":\"https:\\\/\\\/shop.bantam.ch\\\/fr\\\/#organization\",\"name\":\"Bantam Wankm\u00fcller SA\",\"url\":\"https:\\\/\\\/shop.bantam.ch\\\/fr\\\/\",\"logo\":{\"@type\":\"ImageObject\",\"inLanguage\":\"fr-FR\",\"@id\":\"https:\\\/\\\/shop.bantam.ch\\\/fr\\\/#\\\/schema\\\/logo\\\/image\\\/\",\"url\":\"https:\\\/\\\/shop.bantam.ch\\\/wp-content\\\/uploads\\\/2022\\\/12\\\/bantam-logo.png\",\"contentUrl\":\"https:\\\/\\\/shop.bantam.ch\\\/wp-content\\\/uploads\\\/2022\\\/12\\\/bantam-logo.png\",\"width\":320,\"height\":71,\"caption\":\"Bantam Wankm\u00fcller SA\"},\"image\":{\"@id\":\"https:\\\/\\\/shop.bantam.ch\\\/fr\\\/#\\\/schema\\\/logo\\\/image\\\/\"}}]}<\/script>\n<!-- \/ Yoast SEO plugin. -->","yoast_head_json":{"title":"Table Brunner Titanium Axia 6 alu coul. gris clair - Bantam Wankm\u00fcller SA","robots":{"index":"index","follow":"follow","max-snippet":"max-snippet:-1","max-image-preview":"max-image-preview:large","max-video-preview":"max-video-preview:-1"},"canonical":"https:\/\/shop.bantam.ch\/fr\/produit\/table-titanium-axia-6-alu-gris-clair\/","og_locale":"fr_FR","og_type":"article","og_title":"Table Brunner Titanium Axia 6 alu coul. gris clair - Bantam Wankm\u00fcller SA","og_description":"Table en aluminium brevet\u00e9e avec plateau \u00e0 roulettes et cadre pliable sp\u00e9cial, facile \u00e0 monter. Plateau de table \u00e0 roulettes avec lattes anodis\u00e9es argent (syst\u00e8me Gapless) Avec niveau \u00e0 bulle int\u00e9gr\u00e9 Cadre tr\u00e8s robuste en tubes d&rsquo;aluminium carr\u00e9s et barre stabilisatrice centrale Pied de table r\u00e9glable en hauteur Avec support \u00e0 filet Contenu de la [&hellip;]","og_url":"https:\/\/shop.bantam.ch\/fr\/produit\/table-titanium-axia-6-alu-gris-clair\/","og_site_name":"Bantam Wankm\u00fcller SA","article_modified_time":"2026-04-19T19:22:59+00:00","og_image":[{"width":1000,"height":607,"url":"https:\/\/shop.bantam.ch\/wp-content\/uploads\/2023\/02\/993193811tz2jivfWUVDB5.jpg","type":"image\/jpeg"}],"twitter_card":"summary_large_image","schema":{"@context":"https:\/\/schema.org","@graph":[{"@type":"WebPage","@id":"https:\/\/shop.bantam.ch\/fr\/produit\/table-titanium-axia-6-alu-gris-clair\/","url":"https:\/\/shop.bantam.ch\/fr\/produit\/table-titanium-axia-6-alu-gris-clair\/","name":"Table Brunner Titanium Axia 6 alu coul. gris clair - Bantam Wankm\u00fcller SA","isPartOf":{"@id":"https:\/\/shop.bantam.ch\/fr\/#website"},"primaryImageOfPage":{"@id":"https:\/\/shop.bantam.ch\/fr\/produit\/table-titanium-axia-6-alu-gris-clair\/#primaryimage"},"image":{"@id":"https:\/\/shop.bantam.ch\/fr\/produit\/table-titanium-axia-6-alu-gris-clair\/#primaryimage"},"thumbnailUrl":"https:\/\/shop.bantam.ch\/wp-content\/uploads\/2023\/02\/993193811tz2jivfWUVDB5.jpg","datePublished":"2023-02-28T00:07:50+00:00","dateModified":"2026-04-19T19:22:59+00:00","breadcrumb":{"@id":"https:\/\/shop.bantam.ch\/fr\/produit\/table-titanium-axia-6-alu-gris-clair\/#breadcrumb"},"inLanguage":"fr-FR","potentialAction":[{"@type":"ReadAction","target":["https:\/\/shop.bantam.ch\/fr\/produit\/table-titanium-axia-6-alu-gris-clair\/"]}]},{"@type":"ImageObject","inLanguage":"fr-FR","@id":"https:\/\/shop.bantam.ch\/fr\/produit\/table-titanium-axia-6-alu-gris-clair\/#primaryimage","url":"https:\/\/shop.bantam.ch\/wp-content\/uploads\/2023\/02\/993193811tz2jivfWUVDB5.jpg","contentUrl":"https:\/\/shop.bantam.ch\/wp-content\/uploads\/2023\/02\/993193811tz2jivfWUVDB5.jpg","width":1000,"height":607},{"@type":"BreadcrumbList","@id":"https:\/\/shop.bantam.ch\/fr\/produit\/table-titanium-axia-6-alu-gris-clair\/#breadcrumb","itemListElement":[{"@type":"ListItem","position":1,"name":"Accueil","item":"https:\/\/shop.bantam.ch\/fr\/"},{"@type":"ListItem","position":2,"name":"Boutique","item":"https:\/\/shop.bantam.ch\/fr\/boutique\/"},{"@type":"ListItem","position":3,"name":"Table Brunner Titanium Axia 6 alu coul. gris clair"}]},{"@type":"WebSite","@id":"https:\/\/shop.bantam.ch\/fr\/#website","url":"https:\/\/shop.bantam.ch\/fr\/","name":"Bantam Wankm\u00fcller SA","description":"","publisher":{"@id":"https:\/\/shop.bantam.ch\/fr\/#organization"},"inLanguage":"fr-FR"},{"@type":"Organization","@id":"https:\/\/shop.bantam.ch\/fr\/#organization","name":"Bantam Wankm\u00fcller SA","url":"https:\/\/shop.bantam.ch\/fr\/","logo":{"@type":"ImageObject","inLanguage":"fr-FR","@id":"https:\/\/shop.bantam.ch\/fr\/#\/schema\/logo\/image\/","url":"https:\/\/shop.bantam.ch\/wp-content\/uploads\/2022\/12\/bantam-logo.png","contentUrl":"https:\/\/shop.bantam.ch\/wp-content\/uploads\/2022\/12\/bantam-logo.png","width":320,"height":71,"caption":"Bantam Wankm\u00fcller SA"},"image":{"@id":"https:\/\/shop.bantam.ch\/fr\/#\/schema\/logo\/image\/"}}]}},"_links":{"self":[{"href":"https:\/\/shop.bantam.ch\/fr\/wp-json\/wp\/v2\/product\/78328","targetHints":{"allow":["GET"]}}],"collection":[{"href":"https:\/\/shop.bantam.ch\/fr\/wp-json\/wp\/v2\/product"}],"about":[{"href":"https:\/\/shop.bantam.ch\/fr\/wp-json\/wp\/v2\/types\/product"}],"wp:featuredmedia":[{"embeddable":true,"href":"https:\/\/shop.bantam.ch\/fr\/wp-json\/wp\/v2\/media\/78320"}],"wp:attachment":[{"href":"https:\/\/shop.bantam.ch\/fr\/wp-json\/wp\/v2\/media?parent=78328"}],"wp:term":[{"taxonomy":"product_featured_cat","embeddable":true,"href":"https:\/\/shop.bantam.ch\/fr\/wp-json\/wp\/v2\/product_featured_cat?post=78328"},{"taxonomy":"product_brand","embeddable":true,"href":"https:\/\/shop.bantam.ch\/fr\/wp-json\/wp\/v2\/product_brand?post=78328"},{"taxonomy":"product_cat","embeddable":true,"href":"https:\/\/shop.bantam.ch\/fr\/wp-json\/wp\/v2\/product_cat?post=78328"},{"taxonomy":"product_tag","embeddable":true,"href":"https:\/\/shop.bantam.ch\/fr\/wp-json\/wp\/v2\/product_tag?post=78328"}],"curies":[{"name":"wp","href":"https:\/\/api.w.org\/{rel}","templated":true}]}}