{"id":78254,"date":"2023-02-28T01:07:00","date_gmt":"2023-02-28T00:07:00","guid":{"rendered":"http:\/\/shop.bantam.ch\/produit\/barre-sonore-klangwunder-v\/"},"modified":"2026-04-19T21:22:51","modified_gmt":"2026-04-19T19:22:51","slug":"barre-sonore-klangwunder-v","status":"publish","type":"product","link":"https:\/\/shop.bantam.ch\/fr\/produit\/barre-sonore-klangwunder-v\/","title":{"rendered":"Barre de son Megasat Klangwunder V"},"content":{"rendered":"<p>puissance de 30 watts (RMS) sur deux haut-parleurs \u00e0 large bande. Connexion audio pour la prise casque du t\u00e9l\u00e9viseur. Bluetooth 4.0 pour la connexion sans fil \u00e0 la TV. Sac de transport support pour un montage facile sur le t\u00e9l\u00e9viseur. Port USB pour la lecture directe de fichiers musicaux MP3. T\u00e9l\u00e9commande avec toutes les fonctions habituelles (r\u00e9glage du volume, touches de navigation pour le fonctionnement MP3, connexion Bluetooth&#8230;). Design simple et compact : convient \u00e0 tous les t\u00e9l\u00e9viseurs de camping Megasat.<\/p>\n<ul>\n<li>2 haut-parleurs \u00e0 large bande<\/li>\n<li>Dimensions des haut-parleurs : 2 pouces (5 cm)<\/li>\n<li>R\u00e9ponse en fr\u00e9quence : 50 Hz &#8211; 18 Khz<\/li>\n<li>Entr\u00e9e audio : 3,5 jack<\/li>\n<li>Port USB pour la lecture directe de fichiers musicaux MP3.<\/li>\n<li>Bluetooth 4.0 pour connexion sans fil \u00e0 la t\u00e9l\u00e9vision<\/li>\n<\/ul>\n","protected":false},"excerpt":{"rendered":"<p>puissance de 30 watts (RMS) sur deux haut-parleurs \u00e0 large bande. Connexion audio pour la prise casque du t\u00e9l\u00e9viseur. Bluetooth 4.0 pour la connexion sans fil \u00e0 la TV. Sac de transport support pour un montage facile sur le t\u00e9l\u00e9viseur. Port USB pour la lecture directe de fichiers musicaux MP3. T\u00e9l\u00e9commande avec toutes les fonctions [&hellip;]<\/p>\n","protected":false},"featured_media":78246,"template":"","meta":{"_acf_changed":false},"product_featured_cat":[],"product_brand":[3200],"product_cat":[4497],"product_tag":[],"class_list":{"0":"post-78254","1":"product","2":"type-product","3":"status-publish","4":"has-post-thumbnail","6":"product_brand-megasat","7":"product_cat-barres-de-son","9":"first","10":"instock","11":"taxable","12":"shipping-taxable","13":"purchasable","14":"product-type-simple"},"acf":[],"yoast_head":"<!-- This site is optimized with the Yoast SEO plugin v27.4 - https:\/\/yoast.com\/product\/yoast-seo-wordpress\/ -->\n<title>Barre de son Megasat Klangwunder V - Bantam Wankm\u00fcller SA<\/title>\n<meta name=\"robots\" content=\"index, follow, max-snippet:-1, max-image-preview:large, max-video-preview:-1\" \/>\n<link rel=\"canonical\" href=\"https:\/\/shop.bantam.ch\/fr\/produit\/barre-sonore-klangwunder-v\/\" \/>\n<meta property=\"og:locale\" content=\"fr_FR\" \/>\n<meta property=\"og:type\" content=\"article\" \/>\n<meta property=\"og:title\" content=\"Barre de son Megasat Klangwunder V - Bantam Wankm\u00fcller SA\" \/>\n<meta property=\"og:description\" content=\"puissance de 30 watts (RMS) sur deux haut-parleurs \u00e0 large bande. Connexion audio pour la prise casque du t\u00e9l\u00e9viseur. Bluetooth 4.0 pour la connexion sans fil \u00e0 la TV. Sac de transport support pour un montage facile sur le t\u00e9l\u00e9viseur. Port USB pour la lecture directe de fichiers musicaux MP3. T\u00e9l\u00e9commande avec toutes les fonctions [&hellip;]\" \/>\n<meta property=\"og:url\" content=\"https:\/\/shop.bantam.ch\/fr\/produit\/barre-sonore-klangwunder-v\/\" \/>\n<meta property=\"og:site_name\" content=\"Bantam Wankm\u00fcller SA\" \/>\n<meta property=\"article:modified_time\" content=\"2026-04-19T19:22:51+00:00\" \/>\n<meta property=\"og:image\" content=\"https:\/\/shop.bantam.ch\/wp-content\/uploads\/2023\/02\/995443912.jpg\" \/>\n\t<meta property=\"og:image:width\" content=\"1000\" \/>\n\t<meta property=\"og:image:height\" content=\"161\" \/>\n\t<meta property=\"og:image:type\" content=\"image\/jpeg\" \/>\n<meta name=\"twitter:card\" content=\"summary_large_image\" \/>\n<meta name=\"twitter:label1\" content=\"Dur\u00e9e de lecture estim\u00e9e\" \/>\n\t<meta name=\"twitter:data1\" content=\"1 minute\" \/>\n<script type=\"application\/ld+json\" class=\"yoast-schema-graph\">{\"@context\":\"https:\\\/\\\/schema.org\",\"@graph\":[{\"@type\":\"WebPage\",\"@id\":\"https:\\\/\\\/shop.bantam.ch\\\/fr\\\/produit\\\/barre-sonore-klangwunder-v\\\/\",\"url\":\"https:\\\/\\\/shop.bantam.ch\\\/fr\\\/produit\\\/barre-sonore-klangwunder-v\\\/\",\"name\":\"Barre de son Megasat Klangwunder V - Bantam Wankm\u00fcller SA\",\"isPartOf\":{\"@id\":\"https:\\\/\\\/shop.bantam.ch\\\/fr\\\/#website\"},\"primaryImageOfPage\":{\"@id\":\"https:\\\/\\\/shop.bantam.ch\\\/fr\\\/produit\\\/barre-sonore-klangwunder-v\\\/#primaryimage\"},\"image\":{\"@id\":\"https:\\\/\\\/shop.bantam.ch\\\/fr\\\/produit\\\/barre-sonore-klangwunder-v\\\/#primaryimage\"},\"thumbnailUrl\":\"https:\\\/\\\/shop.bantam.ch\\\/wp-content\\\/uploads\\\/2023\\\/02\\\/995443912.jpg\",\"datePublished\":\"2023-02-28T00:07:00+00:00\",\"dateModified\":\"2026-04-19T19:22:51+00:00\",\"breadcrumb\":{\"@id\":\"https:\\\/\\\/shop.bantam.ch\\\/fr\\\/produit\\\/barre-sonore-klangwunder-v\\\/#breadcrumb\"},\"inLanguage\":\"fr-FR\",\"potentialAction\":[{\"@type\":\"ReadAction\",\"target\":[\"https:\\\/\\\/shop.bantam.ch\\\/fr\\\/produit\\\/barre-sonore-klangwunder-v\\\/\"]}]},{\"@type\":\"ImageObject\",\"inLanguage\":\"fr-FR\",\"@id\":\"https:\\\/\\\/shop.bantam.ch\\\/fr\\\/produit\\\/barre-sonore-klangwunder-v\\\/#primaryimage\",\"url\":\"https:\\\/\\\/shop.bantam.ch\\\/wp-content\\\/uploads\\\/2023\\\/02\\\/995443912.jpg\",\"contentUrl\":\"https:\\\/\\\/shop.bantam.ch\\\/wp-content\\\/uploads\\\/2023\\\/02\\\/995443912.jpg\",\"width\":1000,\"height\":161},{\"@type\":\"BreadcrumbList\",\"@id\":\"https:\\\/\\\/shop.bantam.ch\\\/fr\\\/produit\\\/barre-sonore-klangwunder-v\\\/#breadcrumb\",\"itemListElement\":[{\"@type\":\"ListItem\",\"position\":1,\"name\":\"Accueil\",\"item\":\"https:\\\/\\\/shop.bantam.ch\\\/fr\\\/\"},{\"@type\":\"ListItem\",\"position\":2,\"name\":\"Boutique\",\"item\":\"https:\\\/\\\/shop.bantam.ch\\\/fr\\\/boutique\\\/\"},{\"@type\":\"ListItem\",\"position\":3,\"name\":\"Barre de son Megasat Klangwunder V\"}]},{\"@type\":\"WebSite\",\"@id\":\"https:\\\/\\\/shop.bantam.ch\\\/fr\\\/#website\",\"url\":\"https:\\\/\\\/shop.bantam.ch\\\/fr\\\/\",\"name\":\"Bantam Wankm\u00fcller SA\",\"description\":\"\",\"publisher\":{\"@id\":\"https:\\\/\\\/shop.bantam.ch\\\/fr\\\/#organization\"},\"inLanguage\":\"fr-FR\"},{\"@type\":\"Organization\",\"@id\":\"https:\\\/\\\/shop.bantam.ch\\\/fr\\\/#organization\",\"name\":\"Bantam Wankm\u00fcller SA\",\"url\":\"https:\\\/\\\/shop.bantam.ch\\\/fr\\\/\",\"logo\":{\"@type\":\"ImageObject\",\"inLanguage\":\"fr-FR\",\"@id\":\"https:\\\/\\\/shop.bantam.ch\\\/fr\\\/#\\\/schema\\\/logo\\\/image\\\/\",\"url\":\"https:\\\/\\\/shop.bantam.ch\\\/wp-content\\\/uploads\\\/2022\\\/12\\\/bantam-logo.png\",\"contentUrl\":\"https:\\\/\\\/shop.bantam.ch\\\/wp-content\\\/uploads\\\/2022\\\/12\\\/bantam-logo.png\",\"width\":320,\"height\":71,\"caption\":\"Bantam Wankm\u00fcller SA\"},\"image\":{\"@id\":\"https:\\\/\\\/shop.bantam.ch\\\/fr\\\/#\\\/schema\\\/logo\\\/image\\\/\"}}]}<\/script>\n<!-- \/ Yoast SEO plugin. -->","yoast_head_json":{"title":"Barre de son Megasat Klangwunder V - Bantam Wankm\u00fcller SA","robots":{"index":"index","follow":"follow","max-snippet":"max-snippet:-1","max-image-preview":"max-image-preview:large","max-video-preview":"max-video-preview:-1"},"canonical":"https:\/\/shop.bantam.ch\/fr\/produit\/barre-sonore-klangwunder-v\/","og_locale":"fr_FR","og_type":"article","og_title":"Barre de son Megasat Klangwunder V - Bantam Wankm\u00fcller SA","og_description":"puissance de 30 watts (RMS) sur deux haut-parleurs \u00e0 large bande. Connexion audio pour la prise casque du t\u00e9l\u00e9viseur. Bluetooth 4.0 pour la connexion sans fil \u00e0 la TV. Sac de transport support pour un montage facile sur le t\u00e9l\u00e9viseur. Port USB pour la lecture directe de fichiers musicaux MP3. T\u00e9l\u00e9commande avec toutes les fonctions [&hellip;]","og_url":"https:\/\/shop.bantam.ch\/fr\/produit\/barre-sonore-klangwunder-v\/","og_site_name":"Bantam Wankm\u00fcller SA","article_modified_time":"2026-04-19T19:22:51+00:00","og_image":[{"width":1000,"height":161,"url":"https:\/\/shop.bantam.ch\/wp-content\/uploads\/2023\/02\/995443912.jpg","type":"image\/jpeg"}],"twitter_card":"summary_large_image","twitter_misc":{"Dur\u00e9e de lecture estim\u00e9e":"1 minute"},"schema":{"@context":"https:\/\/schema.org","@graph":[{"@type":"WebPage","@id":"https:\/\/shop.bantam.ch\/fr\/produit\/barre-sonore-klangwunder-v\/","url":"https:\/\/shop.bantam.ch\/fr\/produit\/barre-sonore-klangwunder-v\/","name":"Barre de son Megasat Klangwunder V - Bantam Wankm\u00fcller SA","isPartOf":{"@id":"https:\/\/shop.bantam.ch\/fr\/#website"},"primaryImageOfPage":{"@id":"https:\/\/shop.bantam.ch\/fr\/produit\/barre-sonore-klangwunder-v\/#primaryimage"},"image":{"@id":"https:\/\/shop.bantam.ch\/fr\/produit\/barre-sonore-klangwunder-v\/#primaryimage"},"thumbnailUrl":"https:\/\/shop.bantam.ch\/wp-content\/uploads\/2023\/02\/995443912.jpg","datePublished":"2023-02-28T00:07:00+00:00","dateModified":"2026-04-19T19:22:51+00:00","breadcrumb":{"@id":"https:\/\/shop.bantam.ch\/fr\/produit\/barre-sonore-klangwunder-v\/#breadcrumb"},"inLanguage":"fr-FR","potentialAction":[{"@type":"ReadAction","target":["https:\/\/shop.bantam.ch\/fr\/produit\/barre-sonore-klangwunder-v\/"]}]},{"@type":"ImageObject","inLanguage":"fr-FR","@id":"https:\/\/shop.bantam.ch\/fr\/produit\/barre-sonore-klangwunder-v\/#primaryimage","url":"https:\/\/shop.bantam.ch\/wp-content\/uploads\/2023\/02\/995443912.jpg","contentUrl":"https:\/\/shop.bantam.ch\/wp-content\/uploads\/2023\/02\/995443912.jpg","width":1000,"height":161},{"@type":"BreadcrumbList","@id":"https:\/\/shop.bantam.ch\/fr\/produit\/barre-sonore-klangwunder-v\/#breadcrumb","itemListElement":[{"@type":"ListItem","position":1,"name":"Accueil","item":"https:\/\/shop.bantam.ch\/fr\/"},{"@type":"ListItem","position":2,"name":"Boutique","item":"https:\/\/shop.bantam.ch\/fr\/boutique\/"},{"@type":"ListItem","position":3,"name":"Barre de son Megasat Klangwunder V"}]},{"@type":"WebSite","@id":"https:\/\/shop.bantam.ch\/fr\/#website","url":"https:\/\/shop.bantam.ch\/fr\/","name":"Bantam Wankm\u00fcller SA","description":"","publisher":{"@id":"https:\/\/shop.bantam.ch\/fr\/#organization"},"inLanguage":"fr-FR"},{"@type":"Organization","@id":"https:\/\/shop.bantam.ch\/fr\/#organization","name":"Bantam Wankm\u00fcller SA","url":"https:\/\/shop.bantam.ch\/fr\/","logo":{"@type":"ImageObject","inLanguage":"fr-FR","@id":"https:\/\/shop.bantam.ch\/fr\/#\/schema\/logo\/image\/","url":"https:\/\/shop.bantam.ch\/wp-content\/uploads\/2022\/12\/bantam-logo.png","contentUrl":"https:\/\/shop.bantam.ch\/wp-content\/uploads\/2022\/12\/bantam-logo.png","width":320,"height":71,"caption":"Bantam Wankm\u00fcller SA"},"image":{"@id":"https:\/\/shop.bantam.ch\/fr\/#\/schema\/logo\/image\/"}}]}},"_links":{"self":[{"href":"https:\/\/shop.bantam.ch\/fr\/wp-json\/wp\/v2\/product\/78254","targetHints":{"allow":["GET"]}}],"collection":[{"href":"https:\/\/shop.bantam.ch\/fr\/wp-json\/wp\/v2\/product"}],"about":[{"href":"https:\/\/shop.bantam.ch\/fr\/wp-json\/wp\/v2\/types\/product"}],"wp:featuredmedia":[{"embeddable":true,"href":"https:\/\/shop.bantam.ch\/fr\/wp-json\/wp\/v2\/media\/78246"}],"wp:attachment":[{"href":"https:\/\/shop.bantam.ch\/fr\/wp-json\/wp\/v2\/media?parent=78254"}],"wp:term":[{"taxonomy":"product_featured_cat","embeddable":true,"href":"https:\/\/shop.bantam.ch\/fr\/wp-json\/wp\/v2\/product_featured_cat?post=78254"},{"taxonomy":"product_brand","embeddable":true,"href":"https:\/\/shop.bantam.ch\/fr\/wp-json\/wp\/v2\/product_brand?post=78254"},{"taxonomy":"product_cat","embeddable":true,"href":"https:\/\/shop.bantam.ch\/fr\/wp-json\/wp\/v2\/product_cat?post=78254"},{"taxonomy":"product_tag","embeddable":true,"href":"https:\/\/shop.bantam.ch\/fr\/wp-json\/wp\/v2\/product_tag?post=78254"}],"curies":[{"name":"wp","href":"https:\/\/api.w.org\/{rel}","templated":true}]}}