{"id":78116,"date":"2023-02-28T01:04:53","date_gmt":"2023-02-28T00:04:53","guid":{"rendered":"http:\/\/shop.bantam.ch\/produit\/porte-velo-garage-slide-pro-bike\/"},"modified":"2026-04-17T21:21:21","modified_gmt":"2026-04-17T19:21:21","slug":"porte-velo-garage-slide-pro-bike","status":"publish","type":"product","link":"https:\/\/shop.bantam.ch\/fr\/produit\/porte-velo-garage-slide-pro-bike\/","title":{"rendered":"Porte-v\u00e9los Fiamma Garage Slide Pro Bike 2 v\u00e9los, charge admise 50 kg"},"content":{"rendered":"<p>Porte-v\u00e9los pour soute avec rail escamotable et syst\u00e8me coulissant.  Structure en aluminium anodis\u00e9.  La partie inf\u00e9rieure est viss\u00e9e au plancher, la partie sup\u00e9rieure roule entre les rails sur des roulements en acier \u00e0 rev\u00eatement nylon (roulement \u00e0 billes). Sac de transport Fixations de s\u00e9curit\u00e9, aussi bien \u00e0 l&rsquo;\u00e9tat rentr\u00e9 qu&rsquo;\u00e0 l&rsquo;\u00e9tat d\u00e9ploy\u00e9.<\/p>\n<p>Contenu de la livraison :<br \/>2 sangle de s\u00e9curit\u00e9 compris<br \/>Supports de fixation<\/p>\n<p>Pour maximum 2 v\u00e9los<\/p>\n","protected":false},"excerpt":{"rendered":"<p>Porte-v\u00e9los pour soute avec rail escamotable et syst\u00e8me coulissant. Structure en aluminium anodis\u00e9. La partie inf\u00e9rieure est viss\u00e9e au plancher, la partie sup\u00e9rieure roule entre les rails sur des roulements en acier \u00e0 rev\u00eatement nylon (roulement \u00e0 billes). Sac de transport Fixations de s\u00e9curit\u00e9, aussi bien \u00e0 l&rsquo;\u00e9tat rentr\u00e9 qu&rsquo;\u00e0 l&rsquo;\u00e9tat d\u00e9ploy\u00e9. Contenu de la [&hellip;]<\/p>\n","protected":false},"featured_media":78114,"template":"","meta":{"_acf_changed":false},"product_featured_cat":[],"product_brand":[3034],"product_cat":[5137],"product_tag":[],"class_list":{"0":"post-78116","1":"product","2":"type-product","3":"status-publish","4":"has-post-thumbnail","6":"product_brand-fiamma","7":"product_cat-porte-velos-arriere","9":"first","10":"instock","11":"taxable","12":"shipping-taxable","13":"purchasable","14":"product-type-simple"},"acf":[],"yoast_head":"<!-- This site is optimized with the Yoast SEO plugin v27.4 - https:\/\/yoast.com\/product\/yoast-seo-wordpress\/ -->\n<title>Porte-v\u00e9los Fiamma Garage Slide Pro Bike 2 v\u00e9los, charge admise 50 kg - Bantam Wankm\u00fcller SA<\/title>\n<meta name=\"robots\" content=\"index, follow, max-snippet:-1, max-image-preview:large, max-video-preview:-1\" \/>\n<link rel=\"canonical\" href=\"https:\/\/shop.bantam.ch\/fr\/produit\/porte-velo-garage-slide-pro-bike\/\" \/>\n<meta property=\"og:locale\" content=\"fr_FR\" \/>\n<meta property=\"og:type\" content=\"article\" \/>\n<meta property=\"og:title\" content=\"Porte-v\u00e9los Fiamma Garage Slide Pro Bike 2 v\u00e9los, charge admise 50 kg - Bantam Wankm\u00fcller SA\" \/>\n<meta property=\"og:description\" content=\"Porte-v\u00e9los pour soute avec rail escamotable et syst\u00e8me coulissant. Structure en aluminium anodis\u00e9. La partie inf\u00e9rieure est viss\u00e9e au plancher, la partie sup\u00e9rieure roule entre les rails sur des roulements en acier \u00e0 rev\u00eatement nylon (roulement \u00e0 billes). Sac de transport Fixations de s\u00e9curit\u00e9, aussi bien \u00e0 l&rsquo;\u00e9tat rentr\u00e9 qu&rsquo;\u00e0 l&rsquo;\u00e9tat d\u00e9ploy\u00e9. Contenu de la [&hellip;]\" \/>\n<meta property=\"og:url\" content=\"https:\/\/shop.bantam.ch\/fr\/produit\/porte-velo-garage-slide-pro-bike\/\" \/>\n<meta property=\"og:site_name\" content=\"Bantam Wankm\u00fcller SA\" \/>\n<meta property=\"article:modified_time\" content=\"2026-04-17T19:21:21+00:00\" \/>\n<meta property=\"og:image\" content=\"https:\/\/shop.bantam.ch\/wp-content\/uploads\/2023\/02\/994260411.jpg\" \/>\n\t<meta property=\"og:image:width\" content=\"1000\" \/>\n\t<meta property=\"og:image:height\" content=\"625\" \/>\n\t<meta property=\"og:image:type\" content=\"image\/jpeg\" \/>\n<meta name=\"twitter:card\" content=\"summary_large_image\" \/>\n<script type=\"application\/ld+json\" class=\"yoast-schema-graph\">{\"@context\":\"https:\\\/\\\/schema.org\",\"@graph\":[{\"@type\":\"WebPage\",\"@id\":\"https:\\\/\\\/shop.bantam.ch\\\/fr\\\/produit\\\/porte-velo-garage-slide-pro-bike\\\/\",\"url\":\"https:\\\/\\\/shop.bantam.ch\\\/fr\\\/produit\\\/porte-velo-garage-slide-pro-bike\\\/\",\"name\":\"Porte-v\u00e9los Fiamma Garage Slide Pro Bike 2 v\u00e9los, charge admise 50 kg - Bantam Wankm\u00fcller SA\",\"isPartOf\":{\"@id\":\"https:\\\/\\\/shop.bantam.ch\\\/fr\\\/#website\"},\"primaryImageOfPage\":{\"@id\":\"https:\\\/\\\/shop.bantam.ch\\\/fr\\\/produit\\\/porte-velo-garage-slide-pro-bike\\\/#primaryimage\"},\"image\":{\"@id\":\"https:\\\/\\\/shop.bantam.ch\\\/fr\\\/produit\\\/porte-velo-garage-slide-pro-bike\\\/#primaryimage\"},\"thumbnailUrl\":\"https:\\\/\\\/shop.bantam.ch\\\/wp-content\\\/uploads\\\/2023\\\/02\\\/994260411.jpg\",\"datePublished\":\"2023-02-28T00:04:53+00:00\",\"dateModified\":\"2026-04-17T19:21:21+00:00\",\"breadcrumb\":{\"@id\":\"https:\\\/\\\/shop.bantam.ch\\\/fr\\\/produit\\\/porte-velo-garage-slide-pro-bike\\\/#breadcrumb\"},\"inLanguage\":\"fr-FR\",\"potentialAction\":[{\"@type\":\"ReadAction\",\"target\":[\"https:\\\/\\\/shop.bantam.ch\\\/fr\\\/produit\\\/porte-velo-garage-slide-pro-bike\\\/\"]}]},{\"@type\":\"ImageObject\",\"inLanguage\":\"fr-FR\",\"@id\":\"https:\\\/\\\/shop.bantam.ch\\\/fr\\\/produit\\\/porte-velo-garage-slide-pro-bike\\\/#primaryimage\",\"url\":\"https:\\\/\\\/shop.bantam.ch\\\/wp-content\\\/uploads\\\/2023\\\/02\\\/994260411.jpg\",\"contentUrl\":\"https:\\\/\\\/shop.bantam.ch\\\/wp-content\\\/uploads\\\/2023\\\/02\\\/994260411.jpg\",\"width\":1000,\"height\":625},{\"@type\":\"BreadcrumbList\",\"@id\":\"https:\\\/\\\/shop.bantam.ch\\\/fr\\\/produit\\\/porte-velo-garage-slide-pro-bike\\\/#breadcrumb\",\"itemListElement\":[{\"@type\":\"ListItem\",\"position\":1,\"name\":\"Accueil\",\"item\":\"https:\\\/\\\/shop.bantam.ch\\\/fr\\\/\"},{\"@type\":\"ListItem\",\"position\":2,\"name\":\"Boutique\",\"item\":\"https:\\\/\\\/shop.bantam.ch\\\/fr\\\/boutique\\\/\"},{\"@type\":\"ListItem\",\"position\":3,\"name\":\"Porte-v\u00e9los Fiamma Garage Slide Pro Bike 2 v\u00e9los, charge admise 50 kg\"}]},{\"@type\":\"WebSite\",\"@id\":\"https:\\\/\\\/shop.bantam.ch\\\/fr\\\/#website\",\"url\":\"https:\\\/\\\/shop.bantam.ch\\\/fr\\\/\",\"name\":\"Bantam Wankm\u00fcller SA\",\"description\":\"\",\"publisher\":{\"@id\":\"https:\\\/\\\/shop.bantam.ch\\\/fr\\\/#organization\"},\"inLanguage\":\"fr-FR\"},{\"@type\":\"Organization\",\"@id\":\"https:\\\/\\\/shop.bantam.ch\\\/fr\\\/#organization\",\"name\":\"Bantam Wankm\u00fcller SA\",\"url\":\"https:\\\/\\\/shop.bantam.ch\\\/fr\\\/\",\"logo\":{\"@type\":\"ImageObject\",\"inLanguage\":\"fr-FR\",\"@id\":\"https:\\\/\\\/shop.bantam.ch\\\/fr\\\/#\\\/schema\\\/logo\\\/image\\\/\",\"url\":\"https:\\\/\\\/shop.bantam.ch\\\/wp-content\\\/uploads\\\/2022\\\/12\\\/bantam-logo.png\",\"contentUrl\":\"https:\\\/\\\/shop.bantam.ch\\\/wp-content\\\/uploads\\\/2022\\\/12\\\/bantam-logo.png\",\"width\":320,\"height\":71,\"caption\":\"Bantam Wankm\u00fcller SA\"},\"image\":{\"@id\":\"https:\\\/\\\/shop.bantam.ch\\\/fr\\\/#\\\/schema\\\/logo\\\/image\\\/\"}}]}<\/script>\n<!-- \/ Yoast SEO plugin. -->","yoast_head_json":{"title":"Porte-v\u00e9los Fiamma Garage Slide Pro Bike 2 v\u00e9los, charge admise 50 kg - Bantam Wankm\u00fcller SA","robots":{"index":"index","follow":"follow","max-snippet":"max-snippet:-1","max-image-preview":"max-image-preview:large","max-video-preview":"max-video-preview:-1"},"canonical":"https:\/\/shop.bantam.ch\/fr\/produit\/porte-velo-garage-slide-pro-bike\/","og_locale":"fr_FR","og_type":"article","og_title":"Porte-v\u00e9los Fiamma Garage Slide Pro Bike 2 v\u00e9los, charge admise 50 kg - Bantam Wankm\u00fcller SA","og_description":"Porte-v\u00e9los pour soute avec rail escamotable et syst\u00e8me coulissant. Structure en aluminium anodis\u00e9. La partie inf\u00e9rieure est viss\u00e9e au plancher, la partie sup\u00e9rieure roule entre les rails sur des roulements en acier \u00e0 rev\u00eatement nylon (roulement \u00e0 billes). Sac de transport Fixations de s\u00e9curit\u00e9, aussi bien \u00e0 l&rsquo;\u00e9tat rentr\u00e9 qu&rsquo;\u00e0 l&rsquo;\u00e9tat d\u00e9ploy\u00e9. Contenu de la [&hellip;]","og_url":"https:\/\/shop.bantam.ch\/fr\/produit\/porte-velo-garage-slide-pro-bike\/","og_site_name":"Bantam Wankm\u00fcller SA","article_modified_time":"2026-04-17T19:21:21+00:00","og_image":[{"width":1000,"height":625,"url":"https:\/\/shop.bantam.ch\/wp-content\/uploads\/2023\/02\/994260411.jpg","type":"image\/jpeg"}],"twitter_card":"summary_large_image","schema":{"@context":"https:\/\/schema.org","@graph":[{"@type":"WebPage","@id":"https:\/\/shop.bantam.ch\/fr\/produit\/porte-velo-garage-slide-pro-bike\/","url":"https:\/\/shop.bantam.ch\/fr\/produit\/porte-velo-garage-slide-pro-bike\/","name":"Porte-v\u00e9los Fiamma Garage Slide Pro Bike 2 v\u00e9los, charge admise 50 kg - Bantam Wankm\u00fcller SA","isPartOf":{"@id":"https:\/\/shop.bantam.ch\/fr\/#website"},"primaryImageOfPage":{"@id":"https:\/\/shop.bantam.ch\/fr\/produit\/porte-velo-garage-slide-pro-bike\/#primaryimage"},"image":{"@id":"https:\/\/shop.bantam.ch\/fr\/produit\/porte-velo-garage-slide-pro-bike\/#primaryimage"},"thumbnailUrl":"https:\/\/shop.bantam.ch\/wp-content\/uploads\/2023\/02\/994260411.jpg","datePublished":"2023-02-28T00:04:53+00:00","dateModified":"2026-04-17T19:21:21+00:00","breadcrumb":{"@id":"https:\/\/shop.bantam.ch\/fr\/produit\/porte-velo-garage-slide-pro-bike\/#breadcrumb"},"inLanguage":"fr-FR","potentialAction":[{"@type":"ReadAction","target":["https:\/\/shop.bantam.ch\/fr\/produit\/porte-velo-garage-slide-pro-bike\/"]}]},{"@type":"ImageObject","inLanguage":"fr-FR","@id":"https:\/\/shop.bantam.ch\/fr\/produit\/porte-velo-garage-slide-pro-bike\/#primaryimage","url":"https:\/\/shop.bantam.ch\/wp-content\/uploads\/2023\/02\/994260411.jpg","contentUrl":"https:\/\/shop.bantam.ch\/wp-content\/uploads\/2023\/02\/994260411.jpg","width":1000,"height":625},{"@type":"BreadcrumbList","@id":"https:\/\/shop.bantam.ch\/fr\/produit\/porte-velo-garage-slide-pro-bike\/#breadcrumb","itemListElement":[{"@type":"ListItem","position":1,"name":"Accueil","item":"https:\/\/shop.bantam.ch\/fr\/"},{"@type":"ListItem","position":2,"name":"Boutique","item":"https:\/\/shop.bantam.ch\/fr\/boutique\/"},{"@type":"ListItem","position":3,"name":"Porte-v\u00e9los Fiamma Garage Slide Pro Bike 2 v\u00e9los, charge admise 50 kg"}]},{"@type":"WebSite","@id":"https:\/\/shop.bantam.ch\/fr\/#website","url":"https:\/\/shop.bantam.ch\/fr\/","name":"Bantam Wankm\u00fcller SA","description":"","publisher":{"@id":"https:\/\/shop.bantam.ch\/fr\/#organization"},"inLanguage":"fr-FR"},{"@type":"Organization","@id":"https:\/\/shop.bantam.ch\/fr\/#organization","name":"Bantam Wankm\u00fcller SA","url":"https:\/\/shop.bantam.ch\/fr\/","logo":{"@type":"ImageObject","inLanguage":"fr-FR","@id":"https:\/\/shop.bantam.ch\/fr\/#\/schema\/logo\/image\/","url":"https:\/\/shop.bantam.ch\/wp-content\/uploads\/2022\/12\/bantam-logo.png","contentUrl":"https:\/\/shop.bantam.ch\/wp-content\/uploads\/2022\/12\/bantam-logo.png","width":320,"height":71,"caption":"Bantam Wankm\u00fcller SA"},"image":{"@id":"https:\/\/shop.bantam.ch\/fr\/#\/schema\/logo\/image\/"}}]}},"_links":{"self":[{"href":"https:\/\/shop.bantam.ch\/fr\/wp-json\/wp\/v2\/product\/78116","targetHints":{"allow":["GET"]}}],"collection":[{"href":"https:\/\/shop.bantam.ch\/fr\/wp-json\/wp\/v2\/product"}],"about":[{"href":"https:\/\/shop.bantam.ch\/fr\/wp-json\/wp\/v2\/types\/product"}],"wp:featuredmedia":[{"embeddable":true,"href":"https:\/\/shop.bantam.ch\/fr\/wp-json\/wp\/v2\/media\/78114"}],"wp:attachment":[{"href":"https:\/\/shop.bantam.ch\/fr\/wp-json\/wp\/v2\/media?parent=78116"}],"wp:term":[{"taxonomy":"product_featured_cat","embeddable":true,"href":"https:\/\/shop.bantam.ch\/fr\/wp-json\/wp\/v2\/product_featured_cat?post=78116"},{"taxonomy":"product_brand","embeddable":true,"href":"https:\/\/shop.bantam.ch\/fr\/wp-json\/wp\/v2\/product_brand?post=78116"},{"taxonomy":"product_cat","embeddable":true,"href":"https:\/\/shop.bantam.ch\/fr\/wp-json\/wp\/v2\/product_cat?post=78116"},{"taxonomy":"product_tag","embeddable":true,"href":"https:\/\/shop.bantam.ch\/fr\/wp-json\/wp\/v2\/product_tag?post=78116"}],"curies":[{"name":"wp","href":"https:\/\/api.w.org\/{rel}","templated":true}]}}