{"id":77910,"date":"2023-02-28T01:01:59","date_gmt":"2023-02-28T00:01:59","guid":{"rendered":"http:\/\/shop.bantam.ch\/produit\/cale-level-up-premium-gris\/"},"modified":"2026-04-18T21:21:43","modified_gmt":"2026-04-18T19:21:43","slug":"cale-level-up-premium-gris","status":"publish","type":"product","link":"https:\/\/shop.bantam.ch\/fr\/produit\/cale-level-up-premium-gris\/","title":{"rendered":"Cale niveau Fiamma Level Up Premium Charge admise chaque 2.500 kg gris contenu 2 pi\u00e8ces"},"content":{"rendered":"<p>Le nouveau syst\u00e8me de cale de marche haute performance pour tous les types de camping-cars<br \/>La nouvelle cale de marche \u00e0 3 niveaux de 7, 13 et 17 cm de hauteur. Le rapport entre la surface de contact avec le sol et celle avec le pneu garantit des performances optimales sur les terrains instables. La grande surface d&rsquo;appui et les marches de forme sp\u00e9ciale prot\u00e8gent le pneu contre les d\u00e9formations. La nouvelle structure r\u00e9vis\u00e9e est con\u00e7ue pour une charge admise et une adaptation du produit aux terrains accident\u00e9s. Malgr\u00e9 ses dimensions plus importantes, la cale de marche peut \u00eatre facilement d\u00e9plac\u00e9e avec la poign\u00e9e pratique situ\u00e9e \u00e0 l&rsquo;arri\u00e8re. \u00c0 la diff\u00e9rence de produits similaires, ce syst\u00e8me de cales de marche est particuli\u00e8rement l\u00e9ger et se distingue par ses performances exceptionnelles sur toutes les surfaces. Le sac de transport pratique Level Bag Premium de s\u00e9rie permet de bien organiser votre rangement et de stocker votre article.<\/p>\n<ul>\n<li>Points forts du produit :<\/li>\n<li>protection des pneus<\/li>\n<li>ne s\u2019enfonce pas dans le sol<\/li>\n<li>En technopolym\u00e8re. Avec des marches \u00e0 trois niveaux.<\/li>\n<li>Capacit\u00e9 de charge par \u00e9l\u00e9ment 2 500 kg<\/li>\n<li>Test de rupture jusqu&rsquo;\u00e0 8 000 kg<\/li>\n<\/ul>\n<p>Contenu\u00a0: <br \/>2\u00a0pi\u00e8ces<\/p>\n<p>Contenu de la livraison :<br \/>Sac de transport Level Bag Premium inclus<\/p>\n","protected":false},"excerpt":{"rendered":"<p>Le nouveau syst\u00e8me de cale de marche haute performance pour tous les types de camping-carsLa nouvelle cale de marche \u00e0 3 niveaux de 7, 13 et 17 cm de hauteur. Le rapport entre la surface de contact avec le sol et celle avec le pneu garantit des performances optimales sur les terrains instables. La grande [&hellip;]<\/p>\n","protected":false},"featured_media":77902,"template":"","meta":{"_acf_changed":false},"product_featured_cat":[],"product_brand":[3034],"product_cat":[4769],"product_tag":[],"class_list":{"0":"post-77910","1":"product","2":"type-product","3":"status-publish","4":"has-post-thumbnail","6":"product_brand-fiamma","7":"product_cat-cales-dacces","9":"first","10":"instock","11":"taxable","12":"shipping-taxable","13":"purchasable","14":"product-type-simple"},"acf":[],"yoast_head":"<!-- This site is optimized with the Yoast SEO plugin v27.4 - https:\/\/yoast.com\/product\/yoast-seo-wordpress\/ -->\n<title>Cale niveau Fiamma Level Up Premium Charge admise chaque 2.500 kg gris contenu 2 pi\u00e8ces - Bantam Wankm\u00fcller SA<\/title>\n<meta name=\"robots\" content=\"index, follow, max-snippet:-1, max-image-preview:large, max-video-preview:-1\" \/>\n<link rel=\"canonical\" href=\"https:\/\/shop.bantam.ch\/fr\/produit\/cale-level-up-premium-gris\/\" \/>\n<meta property=\"og:locale\" content=\"fr_FR\" \/>\n<meta property=\"og:type\" content=\"article\" \/>\n<meta property=\"og:title\" content=\"Cale niveau Fiamma Level Up Premium Charge admise chaque 2.500 kg gris contenu 2 pi\u00e8ces - Bantam Wankm\u00fcller SA\" \/>\n<meta property=\"og:description\" content=\"Le nouveau syst\u00e8me de cale de marche haute performance pour tous les types de camping-carsLa nouvelle cale de marche \u00e0 3 niveaux de 7, 13 et 17 cm de hauteur. Le rapport entre la surface de contact avec le sol et celle avec le pneu garantit des performances optimales sur les terrains instables. La grande [&hellip;]\" \/>\n<meta property=\"og:url\" content=\"https:\/\/shop.bantam.ch\/fr\/produit\/cale-level-up-premium-gris\/\" \/>\n<meta property=\"og:site_name\" content=\"Bantam Wankm\u00fcller SA\" \/>\n<meta property=\"article:modified_time\" content=\"2026-04-18T19:21:43+00:00\" \/>\n<meta property=\"og:image\" content=\"https:\/\/shop.bantam.ch\/wp-content\/uploads\/2023\/02\/9942568-100-1-3.jpg\" \/>\n\t<meta property=\"og:image:width\" content=\"1000\" \/>\n\t<meta property=\"og:image:height\" content=\"773\" \/>\n\t<meta property=\"og:image:type\" content=\"image\/jpeg\" \/>\n<meta name=\"twitter:card\" content=\"summary_large_image\" \/>\n<meta name=\"twitter:label1\" content=\"Dur\u00e9e de lecture estim\u00e9e\" \/>\n\t<meta name=\"twitter:data1\" content=\"1 minute\" \/>\n<script type=\"application\/ld+json\" class=\"yoast-schema-graph\">{\"@context\":\"https:\\\/\\\/schema.org\",\"@graph\":[{\"@type\":\"WebPage\",\"@id\":\"https:\\\/\\\/shop.bantam.ch\\\/fr\\\/produit\\\/cale-level-up-premium-gris\\\/\",\"url\":\"https:\\\/\\\/shop.bantam.ch\\\/fr\\\/produit\\\/cale-level-up-premium-gris\\\/\",\"name\":\"Cale niveau Fiamma Level Up Premium Charge admise chaque 2.500 kg gris contenu 2 pi\u00e8ces - Bantam Wankm\u00fcller SA\",\"isPartOf\":{\"@id\":\"https:\\\/\\\/shop.bantam.ch\\\/fr\\\/#website\"},\"primaryImageOfPage\":{\"@id\":\"https:\\\/\\\/shop.bantam.ch\\\/fr\\\/produit\\\/cale-level-up-premium-gris\\\/#primaryimage\"},\"image\":{\"@id\":\"https:\\\/\\\/shop.bantam.ch\\\/fr\\\/produit\\\/cale-level-up-premium-gris\\\/#primaryimage\"},\"thumbnailUrl\":\"https:\\\/\\\/shop.bantam.ch\\\/wp-content\\\/uploads\\\/2023\\\/02\\\/9942568-100-1-3.jpg\",\"datePublished\":\"2023-02-28T00:01:59+00:00\",\"dateModified\":\"2026-04-18T19:21:43+00:00\",\"breadcrumb\":{\"@id\":\"https:\\\/\\\/shop.bantam.ch\\\/fr\\\/produit\\\/cale-level-up-premium-gris\\\/#breadcrumb\"},\"inLanguage\":\"fr-FR\",\"potentialAction\":[{\"@type\":\"ReadAction\",\"target\":[\"https:\\\/\\\/shop.bantam.ch\\\/fr\\\/produit\\\/cale-level-up-premium-gris\\\/\"]}]},{\"@type\":\"ImageObject\",\"inLanguage\":\"fr-FR\",\"@id\":\"https:\\\/\\\/shop.bantam.ch\\\/fr\\\/produit\\\/cale-level-up-premium-gris\\\/#primaryimage\",\"url\":\"https:\\\/\\\/shop.bantam.ch\\\/wp-content\\\/uploads\\\/2023\\\/02\\\/9942568-100-1-3.jpg\",\"contentUrl\":\"https:\\\/\\\/shop.bantam.ch\\\/wp-content\\\/uploads\\\/2023\\\/02\\\/9942568-100-1-3.jpg\",\"width\":1000,\"height\":773},{\"@type\":\"BreadcrumbList\",\"@id\":\"https:\\\/\\\/shop.bantam.ch\\\/fr\\\/produit\\\/cale-level-up-premium-gris\\\/#breadcrumb\",\"itemListElement\":[{\"@type\":\"ListItem\",\"position\":1,\"name\":\"Accueil\",\"item\":\"https:\\\/\\\/shop.bantam.ch\\\/fr\\\/\"},{\"@type\":\"ListItem\",\"position\":2,\"name\":\"Boutique\",\"item\":\"https:\\\/\\\/shop.bantam.ch\\\/fr\\\/boutique\\\/\"},{\"@type\":\"ListItem\",\"position\":3,\"name\":\"Cale niveau Fiamma Level Up Premium Charge admise chaque 2.500 kg gris contenu 2 pi\u00e8ces\"}]},{\"@type\":\"WebSite\",\"@id\":\"https:\\\/\\\/shop.bantam.ch\\\/fr\\\/#website\",\"url\":\"https:\\\/\\\/shop.bantam.ch\\\/fr\\\/\",\"name\":\"Bantam Wankm\u00fcller SA\",\"description\":\"\",\"publisher\":{\"@id\":\"https:\\\/\\\/shop.bantam.ch\\\/fr\\\/#organization\"},\"inLanguage\":\"fr-FR\"},{\"@type\":\"Organization\",\"@id\":\"https:\\\/\\\/shop.bantam.ch\\\/fr\\\/#organization\",\"name\":\"Bantam Wankm\u00fcller SA\",\"url\":\"https:\\\/\\\/shop.bantam.ch\\\/fr\\\/\",\"logo\":{\"@type\":\"ImageObject\",\"inLanguage\":\"fr-FR\",\"@id\":\"https:\\\/\\\/shop.bantam.ch\\\/fr\\\/#\\\/schema\\\/logo\\\/image\\\/\",\"url\":\"https:\\\/\\\/shop.bantam.ch\\\/wp-content\\\/uploads\\\/2022\\\/12\\\/bantam-logo.png\",\"contentUrl\":\"https:\\\/\\\/shop.bantam.ch\\\/wp-content\\\/uploads\\\/2022\\\/12\\\/bantam-logo.png\",\"width\":320,\"height\":71,\"caption\":\"Bantam Wankm\u00fcller SA\"},\"image\":{\"@id\":\"https:\\\/\\\/shop.bantam.ch\\\/fr\\\/#\\\/schema\\\/logo\\\/image\\\/\"}}]}<\/script>\n<!-- \/ Yoast SEO plugin. -->","yoast_head_json":{"title":"Cale niveau Fiamma Level Up Premium Charge admise chaque 2.500 kg gris contenu 2 pi\u00e8ces - Bantam Wankm\u00fcller SA","robots":{"index":"index","follow":"follow","max-snippet":"max-snippet:-1","max-image-preview":"max-image-preview:large","max-video-preview":"max-video-preview:-1"},"canonical":"https:\/\/shop.bantam.ch\/fr\/produit\/cale-level-up-premium-gris\/","og_locale":"fr_FR","og_type":"article","og_title":"Cale niveau Fiamma Level Up Premium Charge admise chaque 2.500 kg gris contenu 2 pi\u00e8ces - Bantam Wankm\u00fcller SA","og_description":"Le nouveau syst\u00e8me de cale de marche haute performance pour tous les types de camping-carsLa nouvelle cale de marche \u00e0 3 niveaux de 7, 13 et 17 cm de hauteur. Le rapport entre la surface de contact avec le sol et celle avec le pneu garantit des performances optimales sur les terrains instables. La grande [&hellip;]","og_url":"https:\/\/shop.bantam.ch\/fr\/produit\/cale-level-up-premium-gris\/","og_site_name":"Bantam Wankm\u00fcller SA","article_modified_time":"2026-04-18T19:21:43+00:00","og_image":[{"width":1000,"height":773,"url":"https:\/\/shop.bantam.ch\/wp-content\/uploads\/2023\/02\/9942568-100-1-3.jpg","type":"image\/jpeg"}],"twitter_card":"summary_large_image","twitter_misc":{"Dur\u00e9e de lecture estim\u00e9e":"1 minute"},"schema":{"@context":"https:\/\/schema.org","@graph":[{"@type":"WebPage","@id":"https:\/\/shop.bantam.ch\/fr\/produit\/cale-level-up-premium-gris\/","url":"https:\/\/shop.bantam.ch\/fr\/produit\/cale-level-up-premium-gris\/","name":"Cale niveau Fiamma Level Up Premium Charge admise chaque 2.500 kg gris contenu 2 pi\u00e8ces - Bantam Wankm\u00fcller SA","isPartOf":{"@id":"https:\/\/shop.bantam.ch\/fr\/#website"},"primaryImageOfPage":{"@id":"https:\/\/shop.bantam.ch\/fr\/produit\/cale-level-up-premium-gris\/#primaryimage"},"image":{"@id":"https:\/\/shop.bantam.ch\/fr\/produit\/cale-level-up-premium-gris\/#primaryimage"},"thumbnailUrl":"https:\/\/shop.bantam.ch\/wp-content\/uploads\/2023\/02\/9942568-100-1-3.jpg","datePublished":"2023-02-28T00:01:59+00:00","dateModified":"2026-04-18T19:21:43+00:00","breadcrumb":{"@id":"https:\/\/shop.bantam.ch\/fr\/produit\/cale-level-up-premium-gris\/#breadcrumb"},"inLanguage":"fr-FR","potentialAction":[{"@type":"ReadAction","target":["https:\/\/shop.bantam.ch\/fr\/produit\/cale-level-up-premium-gris\/"]}]},{"@type":"ImageObject","inLanguage":"fr-FR","@id":"https:\/\/shop.bantam.ch\/fr\/produit\/cale-level-up-premium-gris\/#primaryimage","url":"https:\/\/shop.bantam.ch\/wp-content\/uploads\/2023\/02\/9942568-100-1-3.jpg","contentUrl":"https:\/\/shop.bantam.ch\/wp-content\/uploads\/2023\/02\/9942568-100-1-3.jpg","width":1000,"height":773},{"@type":"BreadcrumbList","@id":"https:\/\/shop.bantam.ch\/fr\/produit\/cale-level-up-premium-gris\/#breadcrumb","itemListElement":[{"@type":"ListItem","position":1,"name":"Accueil","item":"https:\/\/shop.bantam.ch\/fr\/"},{"@type":"ListItem","position":2,"name":"Boutique","item":"https:\/\/shop.bantam.ch\/fr\/boutique\/"},{"@type":"ListItem","position":3,"name":"Cale niveau Fiamma Level Up Premium Charge admise chaque 2.500 kg gris contenu 2 pi\u00e8ces"}]},{"@type":"WebSite","@id":"https:\/\/shop.bantam.ch\/fr\/#website","url":"https:\/\/shop.bantam.ch\/fr\/","name":"Bantam Wankm\u00fcller SA","description":"","publisher":{"@id":"https:\/\/shop.bantam.ch\/fr\/#organization"},"inLanguage":"fr-FR"},{"@type":"Organization","@id":"https:\/\/shop.bantam.ch\/fr\/#organization","name":"Bantam Wankm\u00fcller SA","url":"https:\/\/shop.bantam.ch\/fr\/","logo":{"@type":"ImageObject","inLanguage":"fr-FR","@id":"https:\/\/shop.bantam.ch\/fr\/#\/schema\/logo\/image\/","url":"https:\/\/shop.bantam.ch\/wp-content\/uploads\/2022\/12\/bantam-logo.png","contentUrl":"https:\/\/shop.bantam.ch\/wp-content\/uploads\/2022\/12\/bantam-logo.png","width":320,"height":71,"caption":"Bantam Wankm\u00fcller SA"},"image":{"@id":"https:\/\/shop.bantam.ch\/fr\/#\/schema\/logo\/image\/"}}]}},"_links":{"self":[{"href":"https:\/\/shop.bantam.ch\/fr\/wp-json\/wp\/v2\/product\/77910","targetHints":{"allow":["GET"]}}],"collection":[{"href":"https:\/\/shop.bantam.ch\/fr\/wp-json\/wp\/v2\/product"}],"about":[{"href":"https:\/\/shop.bantam.ch\/fr\/wp-json\/wp\/v2\/types\/product"}],"wp:featuredmedia":[{"embeddable":true,"href":"https:\/\/shop.bantam.ch\/fr\/wp-json\/wp\/v2\/media\/77902"}],"wp:attachment":[{"href":"https:\/\/shop.bantam.ch\/fr\/wp-json\/wp\/v2\/media?parent=77910"}],"wp:term":[{"taxonomy":"product_featured_cat","embeddable":true,"href":"https:\/\/shop.bantam.ch\/fr\/wp-json\/wp\/v2\/product_featured_cat?post=77910"},{"taxonomy":"product_brand","embeddable":true,"href":"https:\/\/shop.bantam.ch\/fr\/wp-json\/wp\/v2\/product_brand?post=77910"},{"taxonomy":"product_cat","embeddable":true,"href":"https:\/\/shop.bantam.ch\/fr\/wp-json\/wp\/v2\/product_cat?post=77910"},{"taxonomy":"product_tag","embeddable":true,"href":"https:\/\/shop.bantam.ch\/fr\/wp-json\/wp\/v2\/product_tag?post=77910"}],"curies":[{"name":"wp","href":"https:\/\/api.w.org\/{rel}","templated":true}]}}