{"id":77884,"date":"2023-02-28T01:01:41","date_gmt":"2023-02-28T00:01:41","guid":{"rendered":"http:\/\/shop.bantam.ch\/produit\/chariot-a-roulettes-beach-car-sunny-gris\/"},"modified":"2026-05-11T21:20:40","modified_gmt":"2026-05-11T19:20:40","slug":"chariot-a-roulettes-beach-car-sunny-gris","status":"publish","type":"product","link":"https:\/\/shop.bantam.ch\/fr\/produit\/chariot-a-roulettes-beach-car-sunny-gris\/","title":{"rendered":"Chariot \u00e0 roulettes Eurotrail Beach Car Sunny gris"},"content":{"rendered":"<p>Chariot \u00e0 bagages pliable, sp\u00e9cialement con\u00e7u pour une utilisation sur la plage. Les grandes roues en caoutchouc facilitent le transport et emp\u00eachent le chariot de s&rsquo;enliser dans le sable. Facile \u00e0 plier et peu encombrant. Pr\u00eat en quelques secondes gr\u00e2ce \u00e0 un nouveau syst\u00e8me de pliage. Repli\u00e9, il se transporte comme un chariot de courses.<\/p>\n<p>Mat\u00e9riau\u00a0:<br \/>Rev\u00eatement : 100 % polyester<br \/>Cadre\u00a0: acier<\/p>\n","protected":false},"excerpt":{"rendered":"<p>Chariot \u00e0 bagages pliable, sp\u00e9cialement con\u00e7u pour une utilisation sur la plage. Les grandes roues en caoutchouc facilitent le transport et emp\u00eachent le chariot de s&rsquo;enliser dans le sable. Facile \u00e0 plier et peu encombrant. Pr\u00eat en quelques secondes gr\u00e2ce \u00e0 un nouveau syst\u00e8me de pliage. Repli\u00e9, il se transporte comme un chariot de courses. [&hellip;]<\/p>\n","protected":false},"featured_media":77870,"template":"","meta":{"_acf_changed":false},"product_featured_cat":[1857],"product_brand":[3074],"product_cat":[4473],"product_tag":[],"class_list":{"0":"post-77884","1":"product","2":"type-product","3":"status-publish","4":"has-post-thumbnail","6":"product_featured_cat-equipement-du-camping-cariste","7":"product_brand-eurotrail","8":"product_cat-transport-et-chariots-a-roulettes","10":"first","11":"instock","12":"taxable","13":"shipping-taxable","14":"purchasable","15":"product-type-simple"},"acf":[],"yoast_head":"<!-- This site is optimized with the Yoast SEO plugin v27.5 - https:\/\/yoast.com\/product\/yoast-seo-wordpress\/ -->\n<title>Chariot \u00e0 roulettes Eurotrail Beach Car Sunny gris - Bantam<\/title>\n<meta name=\"robots\" content=\"index, follow, max-snippet:-1, max-image-preview:large, max-video-preview:-1\" \/>\n<link rel=\"canonical\" href=\"https:\/\/shop.bantam.ch\/fr\/produit\/chariot-a-roulettes-beach-car-sunny-gris\/\" \/>\n<meta property=\"og:locale\" content=\"fr_FR\" \/>\n<meta property=\"og:type\" content=\"article\" \/>\n<meta property=\"og:title\" content=\"Chariot \u00e0 roulettes Eurotrail Beach Car Sunny gris - Bantam\" \/>\n<meta property=\"og:description\" content=\"Chariot \u00e0 bagages pliable, sp\u00e9cialement con\u00e7u pour une utilisation sur la plage. Les grandes roues en caoutchouc facilitent le transport et emp\u00eachent le chariot de s&rsquo;enliser dans le sable. Facile \u00e0 plier et peu encombrant. Pr\u00eat en quelques secondes gr\u00e2ce \u00e0 un nouveau syst\u00e8me de pliage. Repli\u00e9, il se transporte comme un chariot de courses. [&hellip;]\" \/>\n<meta property=\"og:url\" content=\"https:\/\/shop.bantam.ch\/fr\/produit\/chariot-a-roulettes-beach-car-sunny-gris\/\" \/>\n<meta property=\"og:site_name\" content=\"Bantam\" \/>\n<meta property=\"article:modified_time\" content=\"2026-05-11T19:20:40+00:00\" \/>\n<meta property=\"og:image\" content=\"https:\/\/shop.bantam.ch\/wp-content\/uploads\/2023\/02\/9931917-2.jpg\" \/>\n\t<meta property=\"og:image:width\" content=\"755\" \/>\n\t<meta property=\"og:image:height\" content=\"1000\" \/>\n\t<meta property=\"og:image:type\" content=\"image\/jpeg\" \/>\n<meta name=\"twitter:card\" content=\"summary_large_image\" \/>\n<script type=\"application\/ld+json\" class=\"yoast-schema-graph\">{\"@context\":\"https:\\\/\\\/schema.org\",\"@graph\":[{\"@type\":\"WebPage\",\"@id\":\"https:\\\/\\\/shop.bantam.ch\\\/fr\\\/produit\\\/chariot-a-roulettes-beach-car-sunny-gris\\\/\",\"url\":\"https:\\\/\\\/shop.bantam.ch\\\/fr\\\/produit\\\/chariot-a-roulettes-beach-car-sunny-gris\\\/\",\"name\":\"Chariot \u00e0 roulettes Eurotrail Beach Car Sunny gris - Bantam\",\"isPartOf\":{\"@id\":\"https:\\\/\\\/shop.bantam.ch\\\/fr\\\/#website\"},\"primaryImageOfPage\":{\"@id\":\"https:\\\/\\\/shop.bantam.ch\\\/fr\\\/produit\\\/chariot-a-roulettes-beach-car-sunny-gris\\\/#primaryimage\"},\"image\":{\"@id\":\"https:\\\/\\\/shop.bantam.ch\\\/fr\\\/produit\\\/chariot-a-roulettes-beach-car-sunny-gris\\\/#primaryimage\"},\"thumbnailUrl\":\"https:\\\/\\\/shop.bantam.ch\\\/wp-content\\\/uploads\\\/2023\\\/02\\\/9931917-2.jpg\",\"datePublished\":\"2023-02-28T00:01:41+00:00\",\"dateModified\":\"2026-05-11T19:20:40+00:00\",\"breadcrumb\":{\"@id\":\"https:\\\/\\\/shop.bantam.ch\\\/fr\\\/produit\\\/chariot-a-roulettes-beach-car-sunny-gris\\\/#breadcrumb\"},\"inLanguage\":\"fr-FR\",\"potentialAction\":[{\"@type\":\"ReadAction\",\"target\":[\"https:\\\/\\\/shop.bantam.ch\\\/fr\\\/produit\\\/chariot-a-roulettes-beach-car-sunny-gris\\\/\"]}]},{\"@type\":\"ImageObject\",\"inLanguage\":\"fr-FR\",\"@id\":\"https:\\\/\\\/shop.bantam.ch\\\/fr\\\/produit\\\/chariot-a-roulettes-beach-car-sunny-gris\\\/#primaryimage\",\"url\":\"https:\\\/\\\/shop.bantam.ch\\\/wp-content\\\/uploads\\\/2023\\\/02\\\/9931917-2.jpg\",\"contentUrl\":\"https:\\\/\\\/shop.bantam.ch\\\/wp-content\\\/uploads\\\/2023\\\/02\\\/9931917-2.jpg\",\"width\":755,\"height\":1000},{\"@type\":\"BreadcrumbList\",\"@id\":\"https:\\\/\\\/shop.bantam.ch\\\/fr\\\/produit\\\/chariot-a-roulettes-beach-car-sunny-gris\\\/#breadcrumb\",\"itemListElement\":[{\"@type\":\"ListItem\",\"position\":1,\"name\":\"Accueil\",\"item\":\"https:\\\/\\\/shop.bantam.ch\\\/fr\\\/\"},{\"@type\":\"ListItem\",\"position\":2,\"name\":\"Boutique\",\"item\":\"https:\\\/\\\/shop.bantam.ch\\\/fr\\\/boutique\\\/\"},{\"@type\":\"ListItem\",\"position\":3,\"name\":\"Chariot \u00e0 roulettes Eurotrail Beach Car Sunny gris\"}]},{\"@type\":\"WebSite\",\"@id\":\"https:\\\/\\\/shop.bantam.ch\\\/fr\\\/#website\",\"url\":\"https:\\\/\\\/shop.bantam.ch\\\/fr\\\/\",\"name\":\"Bantam\",\"description\":\"\",\"publisher\":{\"@id\":\"https:\\\/\\\/shop.bantam.ch\\\/fr\\\/#organization\"},\"inLanguage\":\"fr-FR\"},{\"@type\":\"Organization\",\"@id\":\"https:\\\/\\\/shop.bantam.ch\\\/fr\\\/#organization\",\"name\":\"Bantam\",\"url\":\"https:\\\/\\\/shop.bantam.ch\\\/fr\\\/\",\"logo\":{\"@type\":\"ImageObject\",\"inLanguage\":\"fr-FR\",\"@id\":\"https:\\\/\\\/shop.bantam.ch\\\/fr\\\/#\\\/schema\\\/logo\\\/image\\\/\",\"url\":\"https:\\\/\\\/shop.bantam.ch\\\/wp-content\\\/uploads\\\/2022\\\/12\\\/bantam-logo.png\",\"contentUrl\":\"https:\\\/\\\/shop.bantam.ch\\\/wp-content\\\/uploads\\\/2022\\\/12\\\/bantam-logo.png\",\"width\":320,\"height\":71,\"caption\":\"Bantam\"},\"image\":{\"@id\":\"https:\\\/\\\/shop.bantam.ch\\\/fr\\\/#\\\/schema\\\/logo\\\/image\\\/\"}}]}<\/script>\n<!-- \/ Yoast SEO plugin. -->","yoast_head_json":{"title":"Chariot \u00e0 roulettes Eurotrail Beach Car Sunny gris - Bantam","robots":{"index":"index","follow":"follow","max-snippet":"max-snippet:-1","max-image-preview":"max-image-preview:large","max-video-preview":"max-video-preview:-1"},"canonical":"https:\/\/shop.bantam.ch\/fr\/produit\/chariot-a-roulettes-beach-car-sunny-gris\/","og_locale":"fr_FR","og_type":"article","og_title":"Chariot \u00e0 roulettes Eurotrail Beach Car Sunny gris - Bantam","og_description":"Chariot \u00e0 bagages pliable, sp\u00e9cialement con\u00e7u pour une utilisation sur la plage. Les grandes roues en caoutchouc facilitent le transport et emp\u00eachent le chariot de s&rsquo;enliser dans le sable. Facile \u00e0 plier et peu encombrant. Pr\u00eat en quelques secondes gr\u00e2ce \u00e0 un nouveau syst\u00e8me de pliage. Repli\u00e9, il se transporte comme un chariot de courses. [&hellip;]","og_url":"https:\/\/shop.bantam.ch\/fr\/produit\/chariot-a-roulettes-beach-car-sunny-gris\/","og_site_name":"Bantam","article_modified_time":"2026-05-11T19:20:40+00:00","og_image":[{"width":755,"height":1000,"url":"https:\/\/shop.bantam.ch\/wp-content\/uploads\/2023\/02\/9931917-2.jpg","type":"image\/jpeg"}],"twitter_card":"summary_large_image","schema":{"@context":"https:\/\/schema.org","@graph":[{"@type":"WebPage","@id":"https:\/\/shop.bantam.ch\/fr\/produit\/chariot-a-roulettes-beach-car-sunny-gris\/","url":"https:\/\/shop.bantam.ch\/fr\/produit\/chariot-a-roulettes-beach-car-sunny-gris\/","name":"Chariot \u00e0 roulettes Eurotrail Beach Car Sunny gris - Bantam","isPartOf":{"@id":"https:\/\/shop.bantam.ch\/fr\/#website"},"primaryImageOfPage":{"@id":"https:\/\/shop.bantam.ch\/fr\/produit\/chariot-a-roulettes-beach-car-sunny-gris\/#primaryimage"},"image":{"@id":"https:\/\/shop.bantam.ch\/fr\/produit\/chariot-a-roulettes-beach-car-sunny-gris\/#primaryimage"},"thumbnailUrl":"https:\/\/shop.bantam.ch\/wp-content\/uploads\/2023\/02\/9931917-2.jpg","datePublished":"2023-02-28T00:01:41+00:00","dateModified":"2026-05-11T19:20:40+00:00","breadcrumb":{"@id":"https:\/\/shop.bantam.ch\/fr\/produit\/chariot-a-roulettes-beach-car-sunny-gris\/#breadcrumb"},"inLanguage":"fr-FR","potentialAction":[{"@type":"ReadAction","target":["https:\/\/shop.bantam.ch\/fr\/produit\/chariot-a-roulettes-beach-car-sunny-gris\/"]}]},{"@type":"ImageObject","inLanguage":"fr-FR","@id":"https:\/\/shop.bantam.ch\/fr\/produit\/chariot-a-roulettes-beach-car-sunny-gris\/#primaryimage","url":"https:\/\/shop.bantam.ch\/wp-content\/uploads\/2023\/02\/9931917-2.jpg","contentUrl":"https:\/\/shop.bantam.ch\/wp-content\/uploads\/2023\/02\/9931917-2.jpg","width":755,"height":1000},{"@type":"BreadcrumbList","@id":"https:\/\/shop.bantam.ch\/fr\/produit\/chariot-a-roulettes-beach-car-sunny-gris\/#breadcrumb","itemListElement":[{"@type":"ListItem","position":1,"name":"Accueil","item":"https:\/\/shop.bantam.ch\/fr\/"},{"@type":"ListItem","position":2,"name":"Boutique","item":"https:\/\/shop.bantam.ch\/fr\/boutique\/"},{"@type":"ListItem","position":3,"name":"Chariot \u00e0 roulettes Eurotrail Beach Car Sunny gris"}]},{"@type":"WebSite","@id":"https:\/\/shop.bantam.ch\/fr\/#website","url":"https:\/\/shop.bantam.ch\/fr\/","name":"Bantam","description":"","publisher":{"@id":"https:\/\/shop.bantam.ch\/fr\/#organization"},"inLanguage":"fr-FR"},{"@type":"Organization","@id":"https:\/\/shop.bantam.ch\/fr\/#organization","name":"Bantam","url":"https:\/\/shop.bantam.ch\/fr\/","logo":{"@type":"ImageObject","inLanguage":"fr-FR","@id":"https:\/\/shop.bantam.ch\/fr\/#\/schema\/logo\/image\/","url":"https:\/\/shop.bantam.ch\/wp-content\/uploads\/2022\/12\/bantam-logo.png","contentUrl":"https:\/\/shop.bantam.ch\/wp-content\/uploads\/2022\/12\/bantam-logo.png","width":320,"height":71,"caption":"Bantam"},"image":{"@id":"https:\/\/shop.bantam.ch\/fr\/#\/schema\/logo\/image\/"}}]}},"_links":{"self":[{"href":"https:\/\/shop.bantam.ch\/fr\/wp-json\/wp\/v2\/product\/77884","targetHints":{"allow":["GET"]}}],"collection":[{"href":"https:\/\/shop.bantam.ch\/fr\/wp-json\/wp\/v2\/product"}],"about":[{"href":"https:\/\/shop.bantam.ch\/fr\/wp-json\/wp\/v2\/types\/product"}],"wp:featuredmedia":[{"embeddable":true,"href":"https:\/\/shop.bantam.ch\/fr\/wp-json\/wp\/v2\/media\/77870"}],"wp:attachment":[{"href":"https:\/\/shop.bantam.ch\/fr\/wp-json\/wp\/v2\/media?parent=77884"}],"wp:term":[{"taxonomy":"product_featured_cat","embeddable":true,"href":"https:\/\/shop.bantam.ch\/fr\/wp-json\/wp\/v2\/product_featured_cat?post=77884"},{"taxonomy":"product_brand","embeddable":true,"href":"https:\/\/shop.bantam.ch\/fr\/wp-json\/wp\/v2\/product_brand?post=77884"},{"taxonomy":"product_cat","embeddable":true,"href":"https:\/\/shop.bantam.ch\/fr\/wp-json\/wp\/v2\/product_cat?post=77884"},{"taxonomy":"product_tag","embeddable":true,"href":"https:\/\/shop.bantam.ch\/fr\/wp-json\/wp\/v2\/product_tag?post=77884"}],"curies":[{"name":"wp","href":"https:\/\/api.w.org\/{rel}","templated":true}]}}