{"id":77868,"date":"2023-02-28T01:01:34","date_gmt":"2023-02-28T00:01:34","guid":{"rendered":"http:\/\/shop.bantam.ch\/produit\/chaise-pliante-vintage-emma\/"},"modified":"2026-04-18T21:21:36","modified_gmt":"2026-04-18T19:21:36","slug":"chaise-pliante-vintage-emma","status":"publish","type":"product","link":"https:\/\/shop.bantam.ch\/fr\/produit\/chaise-pliante-vintage-emma\/","title":{"rendered":"Chaise pliante Westfield Vintage Emma gris"},"content":{"rendered":"<p>Une nouvelle collection pour se relaxer pleinement. Le raffinement du pass\u00e9 se marie au confort de l&rsquo;avenir. Cette s\u00e9rie s&rsquo;adresse \u00e0 ceux qui veulent allier le camping pratique \u00e0 une sensation de confort. Tous les mat\u00e9riaux utilis\u00e9s sont r\u00e9sistants aux intemp\u00e9ries, avec un rendu naturel et de bonnes performances en ext\u00e9rieur. Donc, si le plein air, le camping et les voyages repr\u00e9sentent pour vous plus qu&rsquo;une simple commodit\u00e9, profitez de la d\u00e9tente et du bien-\u00eatre des nouveaux produits vintage. La qualit\u00e9 de la s\u00e9rie Vintage est assur\u00e9e par des mat\u00e9riaux rigoureusement sp\u00e9cifi\u00e9s et une production de qualit\u00e9 contr\u00f4l\u00e9e.<\/p>\n<p>La chaise pliante Vintage Emma est une chaise longue \u00e0 quatre positions pour se relaxer en camping. Profitez d&rsquo;un confort \u00e9prouv\u00e9 de longue date et d&rsquo;une sensation de d\u00e9tente unique. Rev\u00eatement tr\u00e8s doux qui ressemble au toucher \u00e0 du coton de haute qualit\u00e9. Appui-t\u00eate en similicuir qui d\u00e9gage une impression de noblesse. Gr\u00e2ce \u00e0 l&rsquo;appui-t\u00eate amovible, la dimension de pliage est tr\u00e8s compacte.<\/p>\n<p>Mat\u00e9riau\u00a0:<br \/>Rev\u00eatement : 100 % polypropyl\u00e8ne<br \/>Cadre\u00a0: aluminium<\/p>\n","protected":false},"excerpt":{"rendered":"<p>Une nouvelle collection pour se relaxer pleinement. Le raffinement du pass\u00e9 se marie au confort de l&rsquo;avenir. Cette s\u00e9rie s&rsquo;adresse \u00e0 ceux qui veulent allier le camping pratique \u00e0 une sensation de confort. Tous les mat\u00e9riaux utilis\u00e9s sont r\u00e9sistants aux intemp\u00e9ries, avec un rendu naturel et de bonnes performances en ext\u00e9rieur. Donc, si le plein [&hellip;]<\/p>\n","protected":false},"featured_media":77866,"template":"","meta":{"_acf_changed":false},"product_featured_cat":[],"product_brand":[3092],"product_cat":[4971],"product_tag":[],"class_list":{"0":"post-77868","1":"product","2":"type-product","3":"status-publish","4":"has-post-thumbnail","6":"product_brand-westfield-outdoors","7":"product_cat-chaises-de-camping","9":"first","10":"instock","11":"taxable","12":"shipping-taxable","13":"purchasable","14":"product-type-simple"},"acf":[],"yoast_head":"<!-- This site is optimized with the Yoast SEO plugin v27.4 - https:\/\/yoast.com\/product\/yoast-seo-wordpress\/ -->\n<title>Chaise pliante Westfield Vintage Emma gris - Bantam Wankm\u00fcller SA<\/title>\n<meta name=\"robots\" content=\"index, follow, max-snippet:-1, max-image-preview:large, max-video-preview:-1\" \/>\n<link rel=\"canonical\" href=\"https:\/\/shop.bantam.ch\/fr\/produit\/chaise-pliante-vintage-emma\/\" \/>\n<meta property=\"og:locale\" content=\"fr_FR\" \/>\n<meta property=\"og:type\" content=\"article\" \/>\n<meta property=\"og:title\" content=\"Chaise pliante Westfield Vintage Emma gris - Bantam Wankm\u00fcller SA\" \/>\n<meta property=\"og:description\" content=\"Une nouvelle collection pour se relaxer pleinement. Le raffinement du pass\u00e9 se marie au confort de l&rsquo;avenir. Cette s\u00e9rie s&rsquo;adresse \u00e0 ceux qui veulent allier le camping pratique \u00e0 une sensation de confort. Tous les mat\u00e9riaux utilis\u00e9s sont r\u00e9sistants aux intemp\u00e9ries, avec un rendu naturel et de bonnes performances en ext\u00e9rieur. Donc, si le plein [&hellip;]\" \/>\n<meta property=\"og:url\" content=\"https:\/\/shop.bantam.ch\/fr\/produit\/chaise-pliante-vintage-emma\/\" \/>\n<meta property=\"og:site_name\" content=\"Bantam Wankm\u00fcller SA\" \/>\n<meta property=\"article:modified_time\" content=\"2026-04-18T19:21:36+00:00\" \/>\n<meta property=\"og:image\" content=\"https:\/\/shop.bantam.ch\/wp-content\/uploads\/2023\/02\/993193211.jpg\" \/>\n\t<meta property=\"og:image:width\" content=\"1000\" \/>\n\t<meta property=\"og:image:height\" content=\"791\" \/>\n\t<meta property=\"og:image:type\" content=\"image\/jpeg\" \/>\n<meta name=\"twitter:card\" content=\"summary_large_image\" \/>\n<meta name=\"twitter:label1\" content=\"Dur\u00e9e de lecture estim\u00e9e\" \/>\n\t<meta name=\"twitter:data1\" content=\"1 minute\" \/>\n<script type=\"application\/ld+json\" class=\"yoast-schema-graph\">{\"@context\":\"https:\\\/\\\/schema.org\",\"@graph\":[{\"@type\":\"WebPage\",\"@id\":\"https:\\\/\\\/shop.bantam.ch\\\/fr\\\/produit\\\/chaise-pliante-vintage-emma\\\/\",\"url\":\"https:\\\/\\\/shop.bantam.ch\\\/fr\\\/produit\\\/chaise-pliante-vintage-emma\\\/\",\"name\":\"Chaise pliante Westfield Vintage Emma gris - Bantam Wankm\u00fcller SA\",\"isPartOf\":{\"@id\":\"https:\\\/\\\/shop.bantam.ch\\\/fr\\\/#website\"},\"primaryImageOfPage\":{\"@id\":\"https:\\\/\\\/shop.bantam.ch\\\/fr\\\/produit\\\/chaise-pliante-vintage-emma\\\/#primaryimage\"},\"image\":{\"@id\":\"https:\\\/\\\/shop.bantam.ch\\\/fr\\\/produit\\\/chaise-pliante-vintage-emma\\\/#primaryimage\"},\"thumbnailUrl\":\"https:\\\/\\\/shop.bantam.ch\\\/wp-content\\\/uploads\\\/2023\\\/02\\\/993193211.jpg\",\"datePublished\":\"2023-02-28T00:01:34+00:00\",\"dateModified\":\"2026-04-18T19:21:36+00:00\",\"breadcrumb\":{\"@id\":\"https:\\\/\\\/shop.bantam.ch\\\/fr\\\/produit\\\/chaise-pliante-vintage-emma\\\/#breadcrumb\"},\"inLanguage\":\"fr-FR\",\"potentialAction\":[{\"@type\":\"ReadAction\",\"target\":[\"https:\\\/\\\/shop.bantam.ch\\\/fr\\\/produit\\\/chaise-pliante-vintage-emma\\\/\"]}]},{\"@type\":\"ImageObject\",\"inLanguage\":\"fr-FR\",\"@id\":\"https:\\\/\\\/shop.bantam.ch\\\/fr\\\/produit\\\/chaise-pliante-vintage-emma\\\/#primaryimage\",\"url\":\"https:\\\/\\\/shop.bantam.ch\\\/wp-content\\\/uploads\\\/2023\\\/02\\\/993193211.jpg\",\"contentUrl\":\"https:\\\/\\\/shop.bantam.ch\\\/wp-content\\\/uploads\\\/2023\\\/02\\\/993193211.jpg\",\"width\":1000,\"height\":791},{\"@type\":\"BreadcrumbList\",\"@id\":\"https:\\\/\\\/shop.bantam.ch\\\/fr\\\/produit\\\/chaise-pliante-vintage-emma\\\/#breadcrumb\",\"itemListElement\":[{\"@type\":\"ListItem\",\"position\":1,\"name\":\"Accueil\",\"item\":\"https:\\\/\\\/shop.bantam.ch\\\/fr\\\/\"},{\"@type\":\"ListItem\",\"position\":2,\"name\":\"Boutique\",\"item\":\"https:\\\/\\\/shop.bantam.ch\\\/fr\\\/boutique\\\/\"},{\"@type\":\"ListItem\",\"position\":3,\"name\":\"Chaise pliante Westfield Vintage Emma gris\"}]},{\"@type\":\"WebSite\",\"@id\":\"https:\\\/\\\/shop.bantam.ch\\\/fr\\\/#website\",\"url\":\"https:\\\/\\\/shop.bantam.ch\\\/fr\\\/\",\"name\":\"Bantam Wankm\u00fcller SA\",\"description\":\"\",\"publisher\":{\"@id\":\"https:\\\/\\\/shop.bantam.ch\\\/fr\\\/#organization\"},\"inLanguage\":\"fr-FR\"},{\"@type\":\"Organization\",\"@id\":\"https:\\\/\\\/shop.bantam.ch\\\/fr\\\/#organization\",\"name\":\"Bantam Wankm\u00fcller SA\",\"url\":\"https:\\\/\\\/shop.bantam.ch\\\/fr\\\/\",\"logo\":{\"@type\":\"ImageObject\",\"inLanguage\":\"fr-FR\",\"@id\":\"https:\\\/\\\/shop.bantam.ch\\\/fr\\\/#\\\/schema\\\/logo\\\/image\\\/\",\"url\":\"https:\\\/\\\/shop.bantam.ch\\\/wp-content\\\/uploads\\\/2022\\\/12\\\/bantam-logo.png\",\"contentUrl\":\"https:\\\/\\\/shop.bantam.ch\\\/wp-content\\\/uploads\\\/2022\\\/12\\\/bantam-logo.png\",\"width\":320,\"height\":71,\"caption\":\"Bantam Wankm\u00fcller SA\"},\"image\":{\"@id\":\"https:\\\/\\\/shop.bantam.ch\\\/fr\\\/#\\\/schema\\\/logo\\\/image\\\/\"}}]}<\/script>\n<!-- \/ Yoast SEO plugin. -->","yoast_head_json":{"title":"Chaise pliante Westfield Vintage Emma gris - Bantam Wankm\u00fcller SA","robots":{"index":"index","follow":"follow","max-snippet":"max-snippet:-1","max-image-preview":"max-image-preview:large","max-video-preview":"max-video-preview:-1"},"canonical":"https:\/\/shop.bantam.ch\/fr\/produit\/chaise-pliante-vintage-emma\/","og_locale":"fr_FR","og_type":"article","og_title":"Chaise pliante Westfield Vintage Emma gris - Bantam Wankm\u00fcller SA","og_description":"Une nouvelle collection pour se relaxer pleinement. Le raffinement du pass\u00e9 se marie au confort de l&rsquo;avenir. Cette s\u00e9rie s&rsquo;adresse \u00e0 ceux qui veulent allier le camping pratique \u00e0 une sensation de confort. Tous les mat\u00e9riaux utilis\u00e9s sont r\u00e9sistants aux intemp\u00e9ries, avec un rendu naturel et de bonnes performances en ext\u00e9rieur. Donc, si le plein [&hellip;]","og_url":"https:\/\/shop.bantam.ch\/fr\/produit\/chaise-pliante-vintage-emma\/","og_site_name":"Bantam Wankm\u00fcller SA","article_modified_time":"2026-04-18T19:21:36+00:00","og_image":[{"width":1000,"height":791,"url":"https:\/\/shop.bantam.ch\/wp-content\/uploads\/2023\/02\/993193211.jpg","type":"image\/jpeg"}],"twitter_card":"summary_large_image","twitter_misc":{"Dur\u00e9e de lecture estim\u00e9e":"1 minute"},"schema":{"@context":"https:\/\/schema.org","@graph":[{"@type":"WebPage","@id":"https:\/\/shop.bantam.ch\/fr\/produit\/chaise-pliante-vintage-emma\/","url":"https:\/\/shop.bantam.ch\/fr\/produit\/chaise-pliante-vintage-emma\/","name":"Chaise pliante Westfield Vintage Emma gris - Bantam Wankm\u00fcller SA","isPartOf":{"@id":"https:\/\/shop.bantam.ch\/fr\/#website"},"primaryImageOfPage":{"@id":"https:\/\/shop.bantam.ch\/fr\/produit\/chaise-pliante-vintage-emma\/#primaryimage"},"image":{"@id":"https:\/\/shop.bantam.ch\/fr\/produit\/chaise-pliante-vintage-emma\/#primaryimage"},"thumbnailUrl":"https:\/\/shop.bantam.ch\/wp-content\/uploads\/2023\/02\/993193211.jpg","datePublished":"2023-02-28T00:01:34+00:00","dateModified":"2026-04-18T19:21:36+00:00","breadcrumb":{"@id":"https:\/\/shop.bantam.ch\/fr\/produit\/chaise-pliante-vintage-emma\/#breadcrumb"},"inLanguage":"fr-FR","potentialAction":[{"@type":"ReadAction","target":["https:\/\/shop.bantam.ch\/fr\/produit\/chaise-pliante-vintage-emma\/"]}]},{"@type":"ImageObject","inLanguage":"fr-FR","@id":"https:\/\/shop.bantam.ch\/fr\/produit\/chaise-pliante-vintage-emma\/#primaryimage","url":"https:\/\/shop.bantam.ch\/wp-content\/uploads\/2023\/02\/993193211.jpg","contentUrl":"https:\/\/shop.bantam.ch\/wp-content\/uploads\/2023\/02\/993193211.jpg","width":1000,"height":791},{"@type":"BreadcrumbList","@id":"https:\/\/shop.bantam.ch\/fr\/produit\/chaise-pliante-vintage-emma\/#breadcrumb","itemListElement":[{"@type":"ListItem","position":1,"name":"Accueil","item":"https:\/\/shop.bantam.ch\/fr\/"},{"@type":"ListItem","position":2,"name":"Boutique","item":"https:\/\/shop.bantam.ch\/fr\/boutique\/"},{"@type":"ListItem","position":3,"name":"Chaise pliante Westfield Vintage Emma gris"}]},{"@type":"WebSite","@id":"https:\/\/shop.bantam.ch\/fr\/#website","url":"https:\/\/shop.bantam.ch\/fr\/","name":"Bantam Wankm\u00fcller SA","description":"","publisher":{"@id":"https:\/\/shop.bantam.ch\/fr\/#organization"},"inLanguage":"fr-FR"},{"@type":"Organization","@id":"https:\/\/shop.bantam.ch\/fr\/#organization","name":"Bantam Wankm\u00fcller SA","url":"https:\/\/shop.bantam.ch\/fr\/","logo":{"@type":"ImageObject","inLanguage":"fr-FR","@id":"https:\/\/shop.bantam.ch\/fr\/#\/schema\/logo\/image\/","url":"https:\/\/shop.bantam.ch\/wp-content\/uploads\/2022\/12\/bantam-logo.png","contentUrl":"https:\/\/shop.bantam.ch\/wp-content\/uploads\/2022\/12\/bantam-logo.png","width":320,"height":71,"caption":"Bantam Wankm\u00fcller SA"},"image":{"@id":"https:\/\/shop.bantam.ch\/fr\/#\/schema\/logo\/image\/"}}]}},"_links":{"self":[{"href":"https:\/\/shop.bantam.ch\/fr\/wp-json\/wp\/v2\/product\/77868","targetHints":{"allow":["GET"]}}],"collection":[{"href":"https:\/\/shop.bantam.ch\/fr\/wp-json\/wp\/v2\/product"}],"about":[{"href":"https:\/\/shop.bantam.ch\/fr\/wp-json\/wp\/v2\/types\/product"}],"wp:featuredmedia":[{"embeddable":true,"href":"https:\/\/shop.bantam.ch\/fr\/wp-json\/wp\/v2\/media\/77866"}],"wp:attachment":[{"href":"https:\/\/shop.bantam.ch\/fr\/wp-json\/wp\/v2\/media?parent=77868"}],"wp:term":[{"taxonomy":"product_featured_cat","embeddable":true,"href":"https:\/\/shop.bantam.ch\/fr\/wp-json\/wp\/v2\/product_featured_cat?post=77868"},{"taxonomy":"product_brand","embeddable":true,"href":"https:\/\/shop.bantam.ch\/fr\/wp-json\/wp\/v2\/product_brand?post=77868"},{"taxonomy":"product_cat","embeddable":true,"href":"https:\/\/shop.bantam.ch\/fr\/wp-json\/wp\/v2\/product_cat?post=77868"},{"taxonomy":"product_tag","embeddable":true,"href":"https:\/\/shop.bantam.ch\/fr\/wp-json\/wp\/v2\/product_tag?post=77868"}],"curies":[{"name":"wp","href":"https:\/\/api.w.org\/{rel}","templated":true}]}}