{"id":77788,"date":"2023-02-28T01:00:21","date_gmt":"2023-02-28T00:00:21","guid":{"rendered":"http:\/\/shop.bantam.ch\/produit\/chaise-avantgarde-noblesse-black-edition\/"},"modified":"2026-04-18T21:21:28","modified_gmt":"2026-04-18T19:21:28","slug":"chaise-avantgarde-noblesse-black-edition","status":"publish","type":"product","link":"https:\/\/shop.bantam.ch\/fr\/produit\/chaise-avantgarde-noblesse-black-edition\/","title":{"rendered":"Chaise Avantgarde Noblesse Black Edition"},"content":{"rendered":"<p>La chaise \u00e0 dossier haut la plus confortable et la plus l\u00e9g\u00e8re actuellement sur le march\u00e9.  L&rsquo;association de nouveaux mat\u00e9riaux et d&rsquo;une technologie de production \u00e9prouv\u00e9e et de pointe fait de cette chaise le mod\u00e8le de la prochaine g\u00e9n\u00e9ration de mobilier de camping et de caravane. Un must pour tous ceux qui recherchent le meilleur. Le nouveau design du dossier LSS r\u00e9glable sur 7 niveaux avec un meilleur rembourrage de la t\u00eate assure un confort d&rsquo;assise et de couchage relaxant.\u00a0L\u2019armature est en DuraLite, une structure en m\u00e9tal l\u00e9ger compos\u00e9 d\u2019aluminium et de magn\u00e9sium.\u00a0La nouvelle structure en forme de L offre la meilleure fonction possible pour un cadre compact pliable. Il est ultra-l\u00e9ger et extr\u00eamement r\u00e9sistant. Le rev\u00eatement de si\u00e8ge en DuraDore (structure en fibres 3D) est doux et le mat\u00e9riau respirant. Il assure un confort d&rsquo;assise excellent quelles que soient les conditions climatiques. La \u00ab\u00a0technologie Aquarinse\u00a0\u00bb de cette nouvelle fibre laisse l\u2019eau de pluie s\u2019\u00e9couler \u00e0 travers la structure. Le tissu s\u00e8che tr\u00e8s rapidement. Le nouvel accoudoir ergonomique en fibres \u00ab Dura Protect \u00bb est pratiquement incassable et offre une protection optimale contre l\u2019usure. La position assise est tr\u00e8s facile \u00e0 r\u00e9gler.<\/p>\n<p>Mat\u00e9riau :<br \/>Rev\u00eatement : 100 % polyester<br \/>Cadre\u00a0: 100 % aluminium<\/p>\n","protected":false},"excerpt":{"rendered":"<p>La chaise \u00e0 dossier haut la plus confortable et la plus l\u00e9g\u00e8re actuellement sur le march\u00e9. L&rsquo;association de nouveaux mat\u00e9riaux et d&rsquo;une technologie de production \u00e9prouv\u00e9e et de pointe fait de cette chaise le mod\u00e8le de la prochaine g\u00e9n\u00e9ration de mobilier de camping et de caravane. Un must pour tous ceux qui recherchent le meilleur. [&hellip;]<\/p>\n","protected":false},"featured_media":77786,"template":"","meta":{"_acf_changed":false},"product_featured_cat":[],"product_brand":[3092],"product_cat":[4971],"product_tag":[],"class_list":{"0":"post-77788","1":"product","2":"type-product","3":"status-publish","4":"has-post-thumbnail","6":"product_brand-westfield-outdoors","7":"product_cat-chaises-de-camping","9":"first","10":"instock","11":"taxable","12":"shipping-taxable","13":"purchasable","14":"product-type-simple"},"acf":[],"yoast_head":"<!-- This site is optimized with the Yoast SEO plugin v27.4 - https:\/\/yoast.com\/product\/yoast-seo-wordpress\/ -->\n<title>Chaise Avantgarde Noblesse Black Edition - Bantam Wankm\u00fcller SA<\/title>\n<meta name=\"robots\" content=\"index, follow, max-snippet:-1, max-image-preview:large, max-video-preview:-1\" \/>\n<link rel=\"canonical\" href=\"https:\/\/shop.bantam.ch\/fr\/produit\/chaise-avantgarde-noblesse-black-edition\/\" \/>\n<meta property=\"og:locale\" content=\"fr_FR\" \/>\n<meta property=\"og:type\" content=\"article\" \/>\n<meta property=\"og:title\" content=\"Chaise Avantgarde Noblesse Black Edition - Bantam Wankm\u00fcller SA\" \/>\n<meta property=\"og:description\" content=\"La chaise \u00e0 dossier haut la plus confortable et la plus l\u00e9g\u00e8re actuellement sur le march\u00e9. L&rsquo;association de nouveaux mat\u00e9riaux et d&rsquo;une technologie de production \u00e9prouv\u00e9e et de pointe fait de cette chaise le mod\u00e8le de la prochaine g\u00e9n\u00e9ration de mobilier de camping et de caravane. Un must pour tous ceux qui recherchent le meilleur. [&hellip;]\" \/>\n<meta property=\"og:url\" content=\"https:\/\/shop.bantam.ch\/fr\/produit\/chaise-avantgarde-noblesse-black-edition\/\" \/>\n<meta property=\"og:site_name\" content=\"Bantam Wankm\u00fcller SA\" \/>\n<meta property=\"article:modified_time\" content=\"2026-04-18T19:21:28+00:00\" \/>\n<meta property=\"og:image\" content=\"https:\/\/shop.bantam.ch\/wp-content\/uploads\/2023\/02\/993191511.jpg\" \/>\n\t<meta property=\"og:image:width\" content=\"1000\" \/>\n\t<meta property=\"og:image:height\" content=\"628\" \/>\n\t<meta property=\"og:image:type\" content=\"image\/jpeg\" \/>\n<meta name=\"twitter:card\" content=\"summary_large_image\" \/>\n<meta name=\"twitter:label1\" content=\"Dur\u00e9e de lecture estim\u00e9e\" \/>\n\t<meta name=\"twitter:data1\" content=\"1 minute\" \/>\n<script type=\"application\/ld+json\" class=\"yoast-schema-graph\">{\"@context\":\"https:\\\/\\\/schema.org\",\"@graph\":[{\"@type\":\"WebPage\",\"@id\":\"https:\\\/\\\/shop.bantam.ch\\\/fr\\\/produit\\\/chaise-avantgarde-noblesse-black-edition\\\/\",\"url\":\"https:\\\/\\\/shop.bantam.ch\\\/fr\\\/produit\\\/chaise-avantgarde-noblesse-black-edition\\\/\",\"name\":\"Chaise Avantgarde Noblesse Black Edition - Bantam Wankm\u00fcller SA\",\"isPartOf\":{\"@id\":\"https:\\\/\\\/shop.bantam.ch\\\/fr\\\/#website\"},\"primaryImageOfPage\":{\"@id\":\"https:\\\/\\\/shop.bantam.ch\\\/fr\\\/produit\\\/chaise-avantgarde-noblesse-black-edition\\\/#primaryimage\"},\"image\":{\"@id\":\"https:\\\/\\\/shop.bantam.ch\\\/fr\\\/produit\\\/chaise-avantgarde-noblesse-black-edition\\\/#primaryimage\"},\"thumbnailUrl\":\"https:\\\/\\\/shop.bantam.ch\\\/wp-content\\\/uploads\\\/2023\\\/02\\\/993191511.jpg\",\"datePublished\":\"2023-02-28T00:00:21+00:00\",\"dateModified\":\"2026-04-18T19:21:28+00:00\",\"breadcrumb\":{\"@id\":\"https:\\\/\\\/shop.bantam.ch\\\/fr\\\/produit\\\/chaise-avantgarde-noblesse-black-edition\\\/#breadcrumb\"},\"inLanguage\":\"fr-FR\",\"potentialAction\":[{\"@type\":\"ReadAction\",\"target\":[\"https:\\\/\\\/shop.bantam.ch\\\/fr\\\/produit\\\/chaise-avantgarde-noblesse-black-edition\\\/\"]}]},{\"@type\":\"ImageObject\",\"inLanguage\":\"fr-FR\",\"@id\":\"https:\\\/\\\/shop.bantam.ch\\\/fr\\\/produit\\\/chaise-avantgarde-noblesse-black-edition\\\/#primaryimage\",\"url\":\"https:\\\/\\\/shop.bantam.ch\\\/wp-content\\\/uploads\\\/2023\\\/02\\\/993191511.jpg\",\"contentUrl\":\"https:\\\/\\\/shop.bantam.ch\\\/wp-content\\\/uploads\\\/2023\\\/02\\\/993191511.jpg\",\"width\":1000,\"height\":628},{\"@type\":\"BreadcrumbList\",\"@id\":\"https:\\\/\\\/shop.bantam.ch\\\/fr\\\/produit\\\/chaise-avantgarde-noblesse-black-edition\\\/#breadcrumb\",\"itemListElement\":[{\"@type\":\"ListItem\",\"position\":1,\"name\":\"Accueil\",\"item\":\"https:\\\/\\\/shop.bantam.ch\\\/fr\\\/\"},{\"@type\":\"ListItem\",\"position\":2,\"name\":\"Boutique\",\"item\":\"https:\\\/\\\/shop.bantam.ch\\\/fr\\\/boutique\\\/\"},{\"@type\":\"ListItem\",\"position\":3,\"name\":\"Chaise Avantgarde Noblesse Black Edition\"}]},{\"@type\":\"WebSite\",\"@id\":\"https:\\\/\\\/shop.bantam.ch\\\/fr\\\/#website\",\"url\":\"https:\\\/\\\/shop.bantam.ch\\\/fr\\\/\",\"name\":\"Bantam Wankm\u00fcller SA\",\"description\":\"\",\"publisher\":{\"@id\":\"https:\\\/\\\/shop.bantam.ch\\\/fr\\\/#organization\"},\"inLanguage\":\"fr-FR\"},{\"@type\":\"Organization\",\"@id\":\"https:\\\/\\\/shop.bantam.ch\\\/fr\\\/#organization\",\"name\":\"Bantam Wankm\u00fcller SA\",\"url\":\"https:\\\/\\\/shop.bantam.ch\\\/fr\\\/\",\"logo\":{\"@type\":\"ImageObject\",\"inLanguage\":\"fr-FR\",\"@id\":\"https:\\\/\\\/shop.bantam.ch\\\/fr\\\/#\\\/schema\\\/logo\\\/image\\\/\",\"url\":\"https:\\\/\\\/shop.bantam.ch\\\/wp-content\\\/uploads\\\/2022\\\/12\\\/bantam-logo.png\",\"contentUrl\":\"https:\\\/\\\/shop.bantam.ch\\\/wp-content\\\/uploads\\\/2022\\\/12\\\/bantam-logo.png\",\"width\":320,\"height\":71,\"caption\":\"Bantam Wankm\u00fcller SA\"},\"image\":{\"@id\":\"https:\\\/\\\/shop.bantam.ch\\\/fr\\\/#\\\/schema\\\/logo\\\/image\\\/\"}}]}<\/script>\n<!-- \/ Yoast SEO plugin. -->","yoast_head_json":{"title":"Chaise Avantgarde Noblesse Black Edition - Bantam Wankm\u00fcller SA","robots":{"index":"index","follow":"follow","max-snippet":"max-snippet:-1","max-image-preview":"max-image-preview:large","max-video-preview":"max-video-preview:-1"},"canonical":"https:\/\/shop.bantam.ch\/fr\/produit\/chaise-avantgarde-noblesse-black-edition\/","og_locale":"fr_FR","og_type":"article","og_title":"Chaise Avantgarde Noblesse Black Edition - Bantam Wankm\u00fcller SA","og_description":"La chaise \u00e0 dossier haut la plus confortable et la plus l\u00e9g\u00e8re actuellement sur le march\u00e9. L&rsquo;association de nouveaux mat\u00e9riaux et d&rsquo;une technologie de production \u00e9prouv\u00e9e et de pointe fait de cette chaise le mod\u00e8le de la prochaine g\u00e9n\u00e9ration de mobilier de camping et de caravane. Un must pour tous ceux qui recherchent le meilleur. [&hellip;]","og_url":"https:\/\/shop.bantam.ch\/fr\/produit\/chaise-avantgarde-noblesse-black-edition\/","og_site_name":"Bantam Wankm\u00fcller SA","article_modified_time":"2026-04-18T19:21:28+00:00","og_image":[{"width":1000,"height":628,"url":"https:\/\/shop.bantam.ch\/wp-content\/uploads\/2023\/02\/993191511.jpg","type":"image\/jpeg"}],"twitter_card":"summary_large_image","twitter_misc":{"Dur\u00e9e de lecture estim\u00e9e":"1 minute"},"schema":{"@context":"https:\/\/schema.org","@graph":[{"@type":"WebPage","@id":"https:\/\/shop.bantam.ch\/fr\/produit\/chaise-avantgarde-noblesse-black-edition\/","url":"https:\/\/shop.bantam.ch\/fr\/produit\/chaise-avantgarde-noblesse-black-edition\/","name":"Chaise Avantgarde Noblesse Black Edition - Bantam Wankm\u00fcller SA","isPartOf":{"@id":"https:\/\/shop.bantam.ch\/fr\/#website"},"primaryImageOfPage":{"@id":"https:\/\/shop.bantam.ch\/fr\/produit\/chaise-avantgarde-noblesse-black-edition\/#primaryimage"},"image":{"@id":"https:\/\/shop.bantam.ch\/fr\/produit\/chaise-avantgarde-noblesse-black-edition\/#primaryimage"},"thumbnailUrl":"https:\/\/shop.bantam.ch\/wp-content\/uploads\/2023\/02\/993191511.jpg","datePublished":"2023-02-28T00:00:21+00:00","dateModified":"2026-04-18T19:21:28+00:00","breadcrumb":{"@id":"https:\/\/shop.bantam.ch\/fr\/produit\/chaise-avantgarde-noblesse-black-edition\/#breadcrumb"},"inLanguage":"fr-FR","potentialAction":[{"@type":"ReadAction","target":["https:\/\/shop.bantam.ch\/fr\/produit\/chaise-avantgarde-noblesse-black-edition\/"]}]},{"@type":"ImageObject","inLanguage":"fr-FR","@id":"https:\/\/shop.bantam.ch\/fr\/produit\/chaise-avantgarde-noblesse-black-edition\/#primaryimage","url":"https:\/\/shop.bantam.ch\/wp-content\/uploads\/2023\/02\/993191511.jpg","contentUrl":"https:\/\/shop.bantam.ch\/wp-content\/uploads\/2023\/02\/993191511.jpg","width":1000,"height":628},{"@type":"BreadcrumbList","@id":"https:\/\/shop.bantam.ch\/fr\/produit\/chaise-avantgarde-noblesse-black-edition\/#breadcrumb","itemListElement":[{"@type":"ListItem","position":1,"name":"Accueil","item":"https:\/\/shop.bantam.ch\/fr\/"},{"@type":"ListItem","position":2,"name":"Boutique","item":"https:\/\/shop.bantam.ch\/fr\/boutique\/"},{"@type":"ListItem","position":3,"name":"Chaise Avantgarde Noblesse Black Edition"}]},{"@type":"WebSite","@id":"https:\/\/shop.bantam.ch\/fr\/#website","url":"https:\/\/shop.bantam.ch\/fr\/","name":"Bantam Wankm\u00fcller SA","description":"","publisher":{"@id":"https:\/\/shop.bantam.ch\/fr\/#organization"},"inLanguage":"fr-FR"},{"@type":"Organization","@id":"https:\/\/shop.bantam.ch\/fr\/#organization","name":"Bantam Wankm\u00fcller SA","url":"https:\/\/shop.bantam.ch\/fr\/","logo":{"@type":"ImageObject","inLanguage":"fr-FR","@id":"https:\/\/shop.bantam.ch\/fr\/#\/schema\/logo\/image\/","url":"https:\/\/shop.bantam.ch\/wp-content\/uploads\/2022\/12\/bantam-logo.png","contentUrl":"https:\/\/shop.bantam.ch\/wp-content\/uploads\/2022\/12\/bantam-logo.png","width":320,"height":71,"caption":"Bantam Wankm\u00fcller SA"},"image":{"@id":"https:\/\/shop.bantam.ch\/fr\/#\/schema\/logo\/image\/"}}]}},"_links":{"self":[{"href":"https:\/\/shop.bantam.ch\/fr\/wp-json\/wp\/v2\/product\/77788","targetHints":{"allow":["GET"]}}],"collection":[{"href":"https:\/\/shop.bantam.ch\/fr\/wp-json\/wp\/v2\/product"}],"about":[{"href":"https:\/\/shop.bantam.ch\/fr\/wp-json\/wp\/v2\/types\/product"}],"wp:featuredmedia":[{"embeddable":true,"href":"https:\/\/shop.bantam.ch\/fr\/wp-json\/wp\/v2\/media\/77786"}],"wp:attachment":[{"href":"https:\/\/shop.bantam.ch\/fr\/wp-json\/wp\/v2\/media?parent=77788"}],"wp:term":[{"taxonomy":"product_featured_cat","embeddable":true,"href":"https:\/\/shop.bantam.ch\/fr\/wp-json\/wp\/v2\/product_featured_cat?post=77788"},{"taxonomy":"product_brand","embeddable":true,"href":"https:\/\/shop.bantam.ch\/fr\/wp-json\/wp\/v2\/product_brand?post=77788"},{"taxonomy":"product_cat","embeddable":true,"href":"https:\/\/shop.bantam.ch\/fr\/wp-json\/wp\/v2\/product_cat?post=77788"},{"taxonomy":"product_tag","embeddable":true,"href":"https:\/\/shop.bantam.ch\/fr\/wp-json\/wp\/v2\/product_tag?post=77788"}],"curies":[{"name":"wp","href":"https:\/\/api.w.org\/{rel}","templated":true}]}}