{"id":77555,"date":"2023-02-28T00:55:30","date_gmt":"2023-02-27T23:55:30","guid":{"rendered":"http:\/\/shop.bantam.ch\/produit\/service-de-vaisselle-khadi-16-pces-blanc-brun\/"},"modified":"2026-04-17T21:20:30","modified_gmt":"2026-04-17T19:20:30","slug":"service-de-vaisselle-khadi-16-pces-blanc-brun","status":"publish","type":"product","link":"https:\/\/shop.bantam.ch\/fr\/produit\/service-de-vaisselle-khadi-16-pces-blanc-brun\/","title":{"rendered":"Service vaisselle en m\u00e9lamine Brunner Khadi 16 pcs, blanc \/ marron"},"content":{"rendered":"<p>L&rsquo;utilisation d&rsquo;un joint antid\u00e9rapant int\u00e9gr\u00e9 dans le fond rend le glissement et la chute \u00e9ventuelle des pi\u00e8ces de vaisselle beaucoup plus difficiles. En outre, les nuisances sonores sont sensiblement r\u00e9duites pendant le trajet.<\/p>\n<ul>\n<li>R\u00e9sistant \u00e0 la chaleur et \u00e0 l\u2019humidit\u00e9<\/li>\n<li>Inodore et sans go\u00fbt<\/li>\n<li>Convient \u00e0 un usage alimentaire.<\/li>\n<li>Surface tr\u00e8s dure<\/li>\n<li>Incassable, r\u00e9sistant aux chocs<\/li>\n<li>Facile \u00e0 nettoyer<\/li>\n<li>Lavable au lave-vaisselle<\/li>\n<li>\u00c9cologique de par sa longue dur\u00e9e de vie<\/li>\n<\/ul>\n<p>Kit comprenant :<br \/>4 x assiettes plates 26 x 26 cm<br \/>4 assiettes \u00e0 dessert 20 x 20 cm<br \/>4 assiettes creuses 22 x 22 cm<br \/>4 tasses \u00e0 anse, 300 ml<\/p>\n<p>\u00a0<\/p>\n","protected":false},"excerpt":{"rendered":"<p>L&rsquo;utilisation d&rsquo;un joint antid\u00e9rapant int\u00e9gr\u00e9 dans le fond rend le glissement et la chute \u00e9ventuelle des pi\u00e8ces de vaisselle beaucoup plus difficiles. En outre, les nuisances sonores sont sensiblement r\u00e9duites pendant le trajet. R\u00e9sistant \u00e0 la chaleur et \u00e0 l\u2019humidit\u00e9 Inodore et sans go\u00fbt Convient \u00e0 un usage alimentaire. Surface tr\u00e8s dure Incassable, r\u00e9sistant aux [&hellip;]<\/p>\n","protected":false},"featured_media":77553,"template":"","meta":{"_acf_changed":false},"product_featured_cat":[],"product_brand":[3080],"product_cat":[4273],"product_tag":[],"class_list":{"0":"post-77555","1":"product","2":"type-product","3":"status-publish","4":"has-post-thumbnail","6":"product_brand-brunner","7":"product_cat-services-de-table","9":"first","10":"instock","11":"taxable","12":"shipping-taxable","13":"purchasable","14":"product-type-simple"},"acf":[],"yoast_head":"<!-- This site is optimized with the Yoast SEO plugin v27.4 - https:\/\/yoast.com\/product\/yoast-seo-wordpress\/ -->\n<title>Service vaisselle en m\u00e9lamine Brunner Khadi 16 pcs, blanc \/ marron - Bantam Wankm\u00fcller SA<\/title>\n<meta name=\"robots\" content=\"index, follow, max-snippet:-1, max-image-preview:large, max-video-preview:-1\" \/>\n<link rel=\"canonical\" href=\"https:\/\/shop.bantam.ch\/fr\/produit\/service-de-vaisselle-khadi-16-pces-blanc-brun\/\" \/>\n<meta property=\"og:locale\" content=\"fr_FR\" \/>\n<meta property=\"og:type\" content=\"article\" \/>\n<meta property=\"og:title\" content=\"Service vaisselle en m\u00e9lamine Brunner Khadi 16 pcs, blanc \/ marron - Bantam Wankm\u00fcller SA\" \/>\n<meta property=\"og:description\" content=\"L&rsquo;utilisation d&rsquo;un joint antid\u00e9rapant int\u00e9gr\u00e9 dans le fond rend le glissement et la chute \u00e9ventuelle des pi\u00e8ces de vaisselle beaucoup plus difficiles. En outre, les nuisances sonores sont sensiblement r\u00e9duites pendant le trajet. R\u00e9sistant \u00e0 la chaleur et \u00e0 l\u2019humidit\u00e9 Inodore et sans go\u00fbt Convient \u00e0 un usage alimentaire. Surface tr\u00e8s dure Incassable, r\u00e9sistant aux [&hellip;]\" \/>\n<meta property=\"og:url\" content=\"https:\/\/shop.bantam.ch\/fr\/produit\/service-de-vaisselle-khadi-16-pces-blanc-brun\/\" \/>\n<meta property=\"og:site_name\" content=\"Bantam Wankm\u00fcller SA\" \/>\n<meta property=\"article:modified_time\" content=\"2026-04-17T19:20:30+00:00\" \/>\n<meta property=\"og:image\" content=\"https:\/\/shop.bantam.ch\/wp-content\/uploads\/2023\/02\/995426511.jpg\" \/>\n\t<meta property=\"og:image:width\" content=\"1000\" \/>\n\t<meta property=\"og:image:height\" content=\"738\" \/>\n\t<meta property=\"og:image:type\" content=\"image\/jpeg\" \/>\n<meta name=\"twitter:card\" content=\"summary_large_image\" \/>\n<script type=\"application\/ld+json\" class=\"yoast-schema-graph\">{\"@context\":\"https:\\\/\\\/schema.org\",\"@graph\":[{\"@type\":\"WebPage\",\"@id\":\"https:\\\/\\\/shop.bantam.ch\\\/fr\\\/produit\\\/service-de-vaisselle-khadi-16-pces-blanc-brun\\\/\",\"url\":\"https:\\\/\\\/shop.bantam.ch\\\/fr\\\/produit\\\/service-de-vaisselle-khadi-16-pces-blanc-brun\\\/\",\"name\":\"Service vaisselle en m\u00e9lamine Brunner Khadi 16 pcs, blanc \\\/ marron - Bantam Wankm\u00fcller SA\",\"isPartOf\":{\"@id\":\"https:\\\/\\\/shop.bantam.ch\\\/fr\\\/#website\"},\"primaryImageOfPage\":{\"@id\":\"https:\\\/\\\/shop.bantam.ch\\\/fr\\\/produit\\\/service-de-vaisselle-khadi-16-pces-blanc-brun\\\/#primaryimage\"},\"image\":{\"@id\":\"https:\\\/\\\/shop.bantam.ch\\\/fr\\\/produit\\\/service-de-vaisselle-khadi-16-pces-blanc-brun\\\/#primaryimage\"},\"thumbnailUrl\":\"https:\\\/\\\/shop.bantam.ch\\\/wp-content\\\/uploads\\\/2023\\\/02\\\/995426511.jpg\",\"datePublished\":\"2023-02-27T23:55:30+00:00\",\"dateModified\":\"2026-04-17T19:20:30+00:00\",\"breadcrumb\":{\"@id\":\"https:\\\/\\\/shop.bantam.ch\\\/fr\\\/produit\\\/service-de-vaisselle-khadi-16-pces-blanc-brun\\\/#breadcrumb\"},\"inLanguage\":\"fr-FR\",\"potentialAction\":[{\"@type\":\"ReadAction\",\"target\":[\"https:\\\/\\\/shop.bantam.ch\\\/fr\\\/produit\\\/service-de-vaisselle-khadi-16-pces-blanc-brun\\\/\"]}]},{\"@type\":\"ImageObject\",\"inLanguage\":\"fr-FR\",\"@id\":\"https:\\\/\\\/shop.bantam.ch\\\/fr\\\/produit\\\/service-de-vaisselle-khadi-16-pces-blanc-brun\\\/#primaryimage\",\"url\":\"https:\\\/\\\/shop.bantam.ch\\\/wp-content\\\/uploads\\\/2023\\\/02\\\/995426511.jpg\",\"contentUrl\":\"https:\\\/\\\/shop.bantam.ch\\\/wp-content\\\/uploads\\\/2023\\\/02\\\/995426511.jpg\",\"width\":1000,\"height\":738},{\"@type\":\"BreadcrumbList\",\"@id\":\"https:\\\/\\\/shop.bantam.ch\\\/fr\\\/produit\\\/service-de-vaisselle-khadi-16-pces-blanc-brun\\\/#breadcrumb\",\"itemListElement\":[{\"@type\":\"ListItem\",\"position\":1,\"name\":\"Accueil\",\"item\":\"https:\\\/\\\/shop.bantam.ch\\\/fr\\\/\"},{\"@type\":\"ListItem\",\"position\":2,\"name\":\"Boutique\",\"item\":\"https:\\\/\\\/shop.bantam.ch\\\/fr\\\/boutique\\\/\"},{\"@type\":\"ListItem\",\"position\":3,\"name\":\"Service vaisselle en m\u00e9lamine Brunner Khadi 16 pcs, blanc \\\/ marron\"}]},{\"@type\":\"WebSite\",\"@id\":\"https:\\\/\\\/shop.bantam.ch\\\/fr\\\/#website\",\"url\":\"https:\\\/\\\/shop.bantam.ch\\\/fr\\\/\",\"name\":\"Bantam Wankm\u00fcller SA\",\"description\":\"\",\"publisher\":{\"@id\":\"https:\\\/\\\/shop.bantam.ch\\\/fr\\\/#organization\"},\"inLanguage\":\"fr-FR\"},{\"@type\":\"Organization\",\"@id\":\"https:\\\/\\\/shop.bantam.ch\\\/fr\\\/#organization\",\"name\":\"Bantam Wankm\u00fcller SA\",\"url\":\"https:\\\/\\\/shop.bantam.ch\\\/fr\\\/\",\"logo\":{\"@type\":\"ImageObject\",\"inLanguage\":\"fr-FR\",\"@id\":\"https:\\\/\\\/shop.bantam.ch\\\/fr\\\/#\\\/schema\\\/logo\\\/image\\\/\",\"url\":\"https:\\\/\\\/shop.bantam.ch\\\/wp-content\\\/uploads\\\/2022\\\/12\\\/bantam-logo.png\",\"contentUrl\":\"https:\\\/\\\/shop.bantam.ch\\\/wp-content\\\/uploads\\\/2022\\\/12\\\/bantam-logo.png\",\"width\":320,\"height\":71,\"caption\":\"Bantam Wankm\u00fcller SA\"},\"image\":{\"@id\":\"https:\\\/\\\/shop.bantam.ch\\\/fr\\\/#\\\/schema\\\/logo\\\/image\\\/\"}}]}<\/script>\n<!-- \/ Yoast SEO plugin. -->","yoast_head_json":{"title":"Service vaisselle en m\u00e9lamine Brunner Khadi 16 pcs, blanc \/ marron - Bantam Wankm\u00fcller SA","robots":{"index":"index","follow":"follow","max-snippet":"max-snippet:-1","max-image-preview":"max-image-preview:large","max-video-preview":"max-video-preview:-1"},"canonical":"https:\/\/shop.bantam.ch\/fr\/produit\/service-de-vaisselle-khadi-16-pces-blanc-brun\/","og_locale":"fr_FR","og_type":"article","og_title":"Service vaisselle en m\u00e9lamine Brunner Khadi 16 pcs, blanc \/ marron - Bantam Wankm\u00fcller SA","og_description":"L&rsquo;utilisation d&rsquo;un joint antid\u00e9rapant int\u00e9gr\u00e9 dans le fond rend le glissement et la chute \u00e9ventuelle des pi\u00e8ces de vaisselle beaucoup plus difficiles. En outre, les nuisances sonores sont sensiblement r\u00e9duites pendant le trajet. R\u00e9sistant \u00e0 la chaleur et \u00e0 l\u2019humidit\u00e9 Inodore et sans go\u00fbt Convient \u00e0 un usage alimentaire. Surface tr\u00e8s dure Incassable, r\u00e9sistant aux [&hellip;]","og_url":"https:\/\/shop.bantam.ch\/fr\/produit\/service-de-vaisselle-khadi-16-pces-blanc-brun\/","og_site_name":"Bantam Wankm\u00fcller SA","article_modified_time":"2026-04-17T19:20:30+00:00","og_image":[{"width":1000,"height":738,"url":"https:\/\/shop.bantam.ch\/wp-content\/uploads\/2023\/02\/995426511.jpg","type":"image\/jpeg"}],"twitter_card":"summary_large_image","schema":{"@context":"https:\/\/schema.org","@graph":[{"@type":"WebPage","@id":"https:\/\/shop.bantam.ch\/fr\/produit\/service-de-vaisselle-khadi-16-pces-blanc-brun\/","url":"https:\/\/shop.bantam.ch\/fr\/produit\/service-de-vaisselle-khadi-16-pces-blanc-brun\/","name":"Service vaisselle en m\u00e9lamine Brunner Khadi 16 pcs, blanc \/ marron - Bantam Wankm\u00fcller SA","isPartOf":{"@id":"https:\/\/shop.bantam.ch\/fr\/#website"},"primaryImageOfPage":{"@id":"https:\/\/shop.bantam.ch\/fr\/produit\/service-de-vaisselle-khadi-16-pces-blanc-brun\/#primaryimage"},"image":{"@id":"https:\/\/shop.bantam.ch\/fr\/produit\/service-de-vaisselle-khadi-16-pces-blanc-brun\/#primaryimage"},"thumbnailUrl":"https:\/\/shop.bantam.ch\/wp-content\/uploads\/2023\/02\/995426511.jpg","datePublished":"2023-02-27T23:55:30+00:00","dateModified":"2026-04-17T19:20:30+00:00","breadcrumb":{"@id":"https:\/\/shop.bantam.ch\/fr\/produit\/service-de-vaisselle-khadi-16-pces-blanc-brun\/#breadcrumb"},"inLanguage":"fr-FR","potentialAction":[{"@type":"ReadAction","target":["https:\/\/shop.bantam.ch\/fr\/produit\/service-de-vaisselle-khadi-16-pces-blanc-brun\/"]}]},{"@type":"ImageObject","inLanguage":"fr-FR","@id":"https:\/\/shop.bantam.ch\/fr\/produit\/service-de-vaisselle-khadi-16-pces-blanc-brun\/#primaryimage","url":"https:\/\/shop.bantam.ch\/wp-content\/uploads\/2023\/02\/995426511.jpg","contentUrl":"https:\/\/shop.bantam.ch\/wp-content\/uploads\/2023\/02\/995426511.jpg","width":1000,"height":738},{"@type":"BreadcrumbList","@id":"https:\/\/shop.bantam.ch\/fr\/produit\/service-de-vaisselle-khadi-16-pces-blanc-brun\/#breadcrumb","itemListElement":[{"@type":"ListItem","position":1,"name":"Accueil","item":"https:\/\/shop.bantam.ch\/fr\/"},{"@type":"ListItem","position":2,"name":"Boutique","item":"https:\/\/shop.bantam.ch\/fr\/boutique\/"},{"@type":"ListItem","position":3,"name":"Service vaisselle en m\u00e9lamine Brunner Khadi 16 pcs, blanc \/ marron"}]},{"@type":"WebSite","@id":"https:\/\/shop.bantam.ch\/fr\/#website","url":"https:\/\/shop.bantam.ch\/fr\/","name":"Bantam Wankm\u00fcller SA","description":"","publisher":{"@id":"https:\/\/shop.bantam.ch\/fr\/#organization"},"inLanguage":"fr-FR"},{"@type":"Organization","@id":"https:\/\/shop.bantam.ch\/fr\/#organization","name":"Bantam Wankm\u00fcller SA","url":"https:\/\/shop.bantam.ch\/fr\/","logo":{"@type":"ImageObject","inLanguage":"fr-FR","@id":"https:\/\/shop.bantam.ch\/fr\/#\/schema\/logo\/image\/","url":"https:\/\/shop.bantam.ch\/wp-content\/uploads\/2022\/12\/bantam-logo.png","contentUrl":"https:\/\/shop.bantam.ch\/wp-content\/uploads\/2022\/12\/bantam-logo.png","width":320,"height":71,"caption":"Bantam Wankm\u00fcller SA"},"image":{"@id":"https:\/\/shop.bantam.ch\/fr\/#\/schema\/logo\/image\/"}}]}},"_links":{"self":[{"href":"https:\/\/shop.bantam.ch\/fr\/wp-json\/wp\/v2\/product\/77555","targetHints":{"allow":["GET"]}}],"collection":[{"href":"https:\/\/shop.bantam.ch\/fr\/wp-json\/wp\/v2\/product"}],"about":[{"href":"https:\/\/shop.bantam.ch\/fr\/wp-json\/wp\/v2\/types\/product"}],"wp:featuredmedia":[{"embeddable":true,"href":"https:\/\/shop.bantam.ch\/fr\/wp-json\/wp\/v2\/media\/77553"}],"wp:attachment":[{"href":"https:\/\/shop.bantam.ch\/fr\/wp-json\/wp\/v2\/media?parent=77555"}],"wp:term":[{"taxonomy":"product_featured_cat","embeddable":true,"href":"https:\/\/shop.bantam.ch\/fr\/wp-json\/wp\/v2\/product_featured_cat?post=77555"},{"taxonomy":"product_brand","embeddable":true,"href":"https:\/\/shop.bantam.ch\/fr\/wp-json\/wp\/v2\/product_brand?post=77555"},{"taxonomy":"product_cat","embeddable":true,"href":"https:\/\/shop.bantam.ch\/fr\/wp-json\/wp\/v2\/product_cat?post=77555"},{"taxonomy":"product_tag","embeddable":true,"href":"https:\/\/shop.bantam.ch\/fr\/wp-json\/wp\/v2\/product_tag?post=77555"}],"curies":[{"name":"wp","href":"https:\/\/api.w.org\/{rel}","templated":true}]}}