{"id":77519,"date":"2023-02-28T00:54:50","date_gmt":"2023-02-27T23:54:50","guid":{"rendered":"http:\/\/shop.bantam.ch\/produit\/adaptateur-europe-australie-et-chine\/"},"modified":"2026-04-18T21:20:59","modified_gmt":"2026-04-18T19:20:59","slug":"adaptateur-europe-australie-et-chine","status":"publish","type":"product","link":"https:\/\/shop.bantam.ch\/fr\/produit\/adaptateur-europe-australie-et-chine\/","title":{"rendered":"Adaptateur et prise Skross Europe\/Australie et Chine"},"content":{"rendered":"<p>La prise pays Europe vers l\u2019Australie et la Chine est parfaite si vous voyagez dans des pays avec une prise standard am\u00e9ricaine. Vous pouvez ainsi connecter tous vos appareils \u00e0 2 et 3 p\u00f4les avec prises Schuko ou Euro. La norme australienne est repr\u00e9sent\u00e9e dans une vingtaine de pays dans le monde.<\/p>\n<ul>\n<li>Convient \u00e0 tous les appareils reli\u00e9s ou non \u00e0 la terre (2 et 3 p\u00f4les)<\/li>\n<li>Entr\u00e9e femelle pour 3 p\u00f4les Europe (Schuko) et 2 p\u00f4les Euro<\/li>\n<li>Connecteur de sortie : Australie et Chine<\/li>\n<li>Tension d\u2018entr\u00e9e : 100 &#8211; 250 V<\/li>\n<li>Nombre max. Charge 10 A<\/li>\n<li>Puissance par ex. \u00e0 100 V &#8211; 1 000 W\/250 V &#8211; 2 500 W<\/li>\n<\/ul>\n<p>Pas de convertisseur<\/p>\n<p>\u00a0<\/p>\n","protected":false},"excerpt":{"rendered":"<p>La prise pays Europe vers l\u2019Australie et la Chine est parfaite si vous voyagez dans des pays avec une prise standard am\u00e9ricaine. Vous pouvez ainsi connecter tous vos appareils \u00e0 2 et 3 p\u00f4les avec prises Schuko ou Euro. La norme australienne est repr\u00e9sent\u00e9e dans une vingtaine de pays dans le monde. Convient \u00e0 tous [&hellip;]<\/p>\n","protected":false},"featured_media":77513,"template":"","meta":{"_acf_changed":false},"product_featured_cat":[],"product_brand":[3484],"product_cat":[4945],"product_tag":[],"class_list":{"0":"post-77519","1":"product","2":"type-product","3":"status-publish","4":"has-post-thumbnail","6":"product_brand-skross","7":"product_cat-adaptateurs-de-voyage","9":"first","10":"instock","11":"taxable","12":"shipping-taxable","13":"purchasable","14":"product-type-simple"},"acf":[],"yoast_head":"<!-- This site is optimized with the Yoast SEO plugin v27.4 - https:\/\/yoast.com\/product\/yoast-seo-wordpress\/ -->\n<title>Adaptateur et prise Skross Europe\/Australie et Chine - Bantam Wankm\u00fcller SA<\/title>\n<meta name=\"robots\" content=\"index, follow, max-snippet:-1, max-image-preview:large, max-video-preview:-1\" \/>\n<link rel=\"canonical\" href=\"https:\/\/shop.bantam.ch\/fr\/produit\/adaptateur-europe-australie-et-chine\/\" \/>\n<meta property=\"og:locale\" content=\"fr_FR\" \/>\n<meta property=\"og:type\" content=\"article\" \/>\n<meta property=\"og:title\" content=\"Adaptateur et prise Skross Europe\/Australie et Chine - Bantam Wankm\u00fcller SA\" \/>\n<meta property=\"og:description\" content=\"La prise pays Europe vers l\u2019Australie et la Chine est parfaite si vous voyagez dans des pays avec une prise standard am\u00e9ricaine. Vous pouvez ainsi connecter tous vos appareils \u00e0 2 et 3 p\u00f4les avec prises Schuko ou Euro. La norme australienne est repr\u00e9sent\u00e9e dans une vingtaine de pays dans le monde. Convient \u00e0 tous [&hellip;]\" \/>\n<meta property=\"og:url\" content=\"https:\/\/shop.bantam.ch\/fr\/produit\/adaptateur-europe-australie-et-chine\/\" \/>\n<meta property=\"og:site_name\" content=\"Bantam Wankm\u00fcller SA\" \/>\n<meta property=\"article:modified_time\" content=\"2026-04-18T19:20:59+00:00\" \/>\n<meta property=\"og:image\" content=\"https:\/\/shop.bantam.ch\/wp-content\/uploads\/2023\/02\/995425711.jpg\" \/>\n\t<meta property=\"og:image:width\" content=\"1000\" \/>\n\t<meta property=\"og:image:height\" content=\"959\" \/>\n\t<meta property=\"og:image:type\" content=\"image\/jpeg\" \/>\n<meta name=\"twitter:card\" content=\"summary_large_image\" \/>\n<meta name=\"twitter:label1\" content=\"Dur\u00e9e de lecture estim\u00e9e\" \/>\n\t<meta name=\"twitter:data1\" content=\"1 minute\" \/>\n<script type=\"application\/ld+json\" class=\"yoast-schema-graph\">{\"@context\":\"https:\\\/\\\/schema.org\",\"@graph\":[{\"@type\":\"WebPage\",\"@id\":\"https:\\\/\\\/shop.bantam.ch\\\/fr\\\/produit\\\/adaptateur-europe-australie-et-chine\\\/\",\"url\":\"https:\\\/\\\/shop.bantam.ch\\\/fr\\\/produit\\\/adaptateur-europe-australie-et-chine\\\/\",\"name\":\"Adaptateur et prise Skross Europe\\\/Australie et Chine - Bantam Wankm\u00fcller SA\",\"isPartOf\":{\"@id\":\"https:\\\/\\\/shop.bantam.ch\\\/fr\\\/#website\"},\"primaryImageOfPage\":{\"@id\":\"https:\\\/\\\/shop.bantam.ch\\\/fr\\\/produit\\\/adaptateur-europe-australie-et-chine\\\/#primaryimage\"},\"image\":{\"@id\":\"https:\\\/\\\/shop.bantam.ch\\\/fr\\\/produit\\\/adaptateur-europe-australie-et-chine\\\/#primaryimage\"},\"thumbnailUrl\":\"https:\\\/\\\/shop.bantam.ch\\\/wp-content\\\/uploads\\\/2023\\\/02\\\/995425711.jpg\",\"datePublished\":\"2023-02-27T23:54:50+00:00\",\"dateModified\":\"2026-04-18T19:20:59+00:00\",\"breadcrumb\":{\"@id\":\"https:\\\/\\\/shop.bantam.ch\\\/fr\\\/produit\\\/adaptateur-europe-australie-et-chine\\\/#breadcrumb\"},\"inLanguage\":\"fr-FR\",\"potentialAction\":[{\"@type\":\"ReadAction\",\"target\":[\"https:\\\/\\\/shop.bantam.ch\\\/fr\\\/produit\\\/adaptateur-europe-australie-et-chine\\\/\"]}]},{\"@type\":\"ImageObject\",\"inLanguage\":\"fr-FR\",\"@id\":\"https:\\\/\\\/shop.bantam.ch\\\/fr\\\/produit\\\/adaptateur-europe-australie-et-chine\\\/#primaryimage\",\"url\":\"https:\\\/\\\/shop.bantam.ch\\\/wp-content\\\/uploads\\\/2023\\\/02\\\/995425711.jpg\",\"contentUrl\":\"https:\\\/\\\/shop.bantam.ch\\\/wp-content\\\/uploads\\\/2023\\\/02\\\/995425711.jpg\",\"width\":1000,\"height\":959},{\"@type\":\"BreadcrumbList\",\"@id\":\"https:\\\/\\\/shop.bantam.ch\\\/fr\\\/produit\\\/adaptateur-europe-australie-et-chine\\\/#breadcrumb\",\"itemListElement\":[{\"@type\":\"ListItem\",\"position\":1,\"name\":\"Accueil\",\"item\":\"https:\\\/\\\/shop.bantam.ch\\\/fr\\\/\"},{\"@type\":\"ListItem\",\"position\":2,\"name\":\"Boutique\",\"item\":\"https:\\\/\\\/shop.bantam.ch\\\/fr\\\/boutique\\\/\"},{\"@type\":\"ListItem\",\"position\":3,\"name\":\"Adaptateur et prise Skross Europe\\\/Australie et Chine\"}]},{\"@type\":\"WebSite\",\"@id\":\"https:\\\/\\\/shop.bantam.ch\\\/fr\\\/#website\",\"url\":\"https:\\\/\\\/shop.bantam.ch\\\/fr\\\/\",\"name\":\"Bantam Wankm\u00fcller SA\",\"description\":\"\",\"publisher\":{\"@id\":\"https:\\\/\\\/shop.bantam.ch\\\/fr\\\/#organization\"},\"inLanguage\":\"fr-FR\"},{\"@type\":\"Organization\",\"@id\":\"https:\\\/\\\/shop.bantam.ch\\\/fr\\\/#organization\",\"name\":\"Bantam Wankm\u00fcller SA\",\"url\":\"https:\\\/\\\/shop.bantam.ch\\\/fr\\\/\",\"logo\":{\"@type\":\"ImageObject\",\"inLanguage\":\"fr-FR\",\"@id\":\"https:\\\/\\\/shop.bantam.ch\\\/fr\\\/#\\\/schema\\\/logo\\\/image\\\/\",\"url\":\"https:\\\/\\\/shop.bantam.ch\\\/wp-content\\\/uploads\\\/2022\\\/12\\\/bantam-logo.png\",\"contentUrl\":\"https:\\\/\\\/shop.bantam.ch\\\/wp-content\\\/uploads\\\/2022\\\/12\\\/bantam-logo.png\",\"width\":320,\"height\":71,\"caption\":\"Bantam Wankm\u00fcller SA\"},\"image\":{\"@id\":\"https:\\\/\\\/shop.bantam.ch\\\/fr\\\/#\\\/schema\\\/logo\\\/image\\\/\"}}]}<\/script>\n<!-- \/ Yoast SEO plugin. -->","yoast_head_json":{"title":"Adaptateur et prise Skross Europe\/Australie et Chine - Bantam Wankm\u00fcller SA","robots":{"index":"index","follow":"follow","max-snippet":"max-snippet:-1","max-image-preview":"max-image-preview:large","max-video-preview":"max-video-preview:-1"},"canonical":"https:\/\/shop.bantam.ch\/fr\/produit\/adaptateur-europe-australie-et-chine\/","og_locale":"fr_FR","og_type":"article","og_title":"Adaptateur et prise Skross Europe\/Australie et Chine - Bantam Wankm\u00fcller SA","og_description":"La prise pays Europe vers l\u2019Australie et la Chine est parfaite si vous voyagez dans des pays avec une prise standard am\u00e9ricaine. Vous pouvez ainsi connecter tous vos appareils \u00e0 2 et 3 p\u00f4les avec prises Schuko ou Euro. La norme australienne est repr\u00e9sent\u00e9e dans une vingtaine de pays dans le monde. Convient \u00e0 tous [&hellip;]","og_url":"https:\/\/shop.bantam.ch\/fr\/produit\/adaptateur-europe-australie-et-chine\/","og_site_name":"Bantam Wankm\u00fcller SA","article_modified_time":"2026-04-18T19:20:59+00:00","og_image":[{"width":1000,"height":959,"url":"https:\/\/shop.bantam.ch\/wp-content\/uploads\/2023\/02\/995425711.jpg","type":"image\/jpeg"}],"twitter_card":"summary_large_image","twitter_misc":{"Dur\u00e9e de lecture estim\u00e9e":"1 minute"},"schema":{"@context":"https:\/\/schema.org","@graph":[{"@type":"WebPage","@id":"https:\/\/shop.bantam.ch\/fr\/produit\/adaptateur-europe-australie-et-chine\/","url":"https:\/\/shop.bantam.ch\/fr\/produit\/adaptateur-europe-australie-et-chine\/","name":"Adaptateur et prise Skross Europe\/Australie et Chine - Bantam Wankm\u00fcller SA","isPartOf":{"@id":"https:\/\/shop.bantam.ch\/fr\/#website"},"primaryImageOfPage":{"@id":"https:\/\/shop.bantam.ch\/fr\/produit\/adaptateur-europe-australie-et-chine\/#primaryimage"},"image":{"@id":"https:\/\/shop.bantam.ch\/fr\/produit\/adaptateur-europe-australie-et-chine\/#primaryimage"},"thumbnailUrl":"https:\/\/shop.bantam.ch\/wp-content\/uploads\/2023\/02\/995425711.jpg","datePublished":"2023-02-27T23:54:50+00:00","dateModified":"2026-04-18T19:20:59+00:00","breadcrumb":{"@id":"https:\/\/shop.bantam.ch\/fr\/produit\/adaptateur-europe-australie-et-chine\/#breadcrumb"},"inLanguage":"fr-FR","potentialAction":[{"@type":"ReadAction","target":["https:\/\/shop.bantam.ch\/fr\/produit\/adaptateur-europe-australie-et-chine\/"]}]},{"@type":"ImageObject","inLanguage":"fr-FR","@id":"https:\/\/shop.bantam.ch\/fr\/produit\/adaptateur-europe-australie-et-chine\/#primaryimage","url":"https:\/\/shop.bantam.ch\/wp-content\/uploads\/2023\/02\/995425711.jpg","contentUrl":"https:\/\/shop.bantam.ch\/wp-content\/uploads\/2023\/02\/995425711.jpg","width":1000,"height":959},{"@type":"BreadcrumbList","@id":"https:\/\/shop.bantam.ch\/fr\/produit\/adaptateur-europe-australie-et-chine\/#breadcrumb","itemListElement":[{"@type":"ListItem","position":1,"name":"Accueil","item":"https:\/\/shop.bantam.ch\/fr\/"},{"@type":"ListItem","position":2,"name":"Boutique","item":"https:\/\/shop.bantam.ch\/fr\/boutique\/"},{"@type":"ListItem","position":3,"name":"Adaptateur et prise Skross Europe\/Australie et Chine"}]},{"@type":"WebSite","@id":"https:\/\/shop.bantam.ch\/fr\/#website","url":"https:\/\/shop.bantam.ch\/fr\/","name":"Bantam Wankm\u00fcller SA","description":"","publisher":{"@id":"https:\/\/shop.bantam.ch\/fr\/#organization"},"inLanguage":"fr-FR"},{"@type":"Organization","@id":"https:\/\/shop.bantam.ch\/fr\/#organization","name":"Bantam Wankm\u00fcller SA","url":"https:\/\/shop.bantam.ch\/fr\/","logo":{"@type":"ImageObject","inLanguage":"fr-FR","@id":"https:\/\/shop.bantam.ch\/fr\/#\/schema\/logo\/image\/","url":"https:\/\/shop.bantam.ch\/wp-content\/uploads\/2022\/12\/bantam-logo.png","contentUrl":"https:\/\/shop.bantam.ch\/wp-content\/uploads\/2022\/12\/bantam-logo.png","width":320,"height":71,"caption":"Bantam Wankm\u00fcller SA"},"image":{"@id":"https:\/\/shop.bantam.ch\/fr\/#\/schema\/logo\/image\/"}}]}},"_links":{"self":[{"href":"https:\/\/shop.bantam.ch\/fr\/wp-json\/wp\/v2\/product\/77519","targetHints":{"allow":["GET"]}}],"collection":[{"href":"https:\/\/shop.bantam.ch\/fr\/wp-json\/wp\/v2\/product"}],"about":[{"href":"https:\/\/shop.bantam.ch\/fr\/wp-json\/wp\/v2\/types\/product"}],"wp:featuredmedia":[{"embeddable":true,"href":"https:\/\/shop.bantam.ch\/fr\/wp-json\/wp\/v2\/media\/77513"}],"wp:attachment":[{"href":"https:\/\/shop.bantam.ch\/fr\/wp-json\/wp\/v2\/media?parent=77519"}],"wp:term":[{"taxonomy":"product_featured_cat","embeddable":true,"href":"https:\/\/shop.bantam.ch\/fr\/wp-json\/wp\/v2\/product_featured_cat?post=77519"},{"taxonomy":"product_brand","embeddable":true,"href":"https:\/\/shop.bantam.ch\/fr\/wp-json\/wp\/v2\/product_brand?post=77519"},{"taxonomy":"product_cat","embeddable":true,"href":"https:\/\/shop.bantam.ch\/fr\/wp-json\/wp\/v2\/product_cat?post=77519"},{"taxonomy":"product_tag","embeddable":true,"href":"https:\/\/shop.bantam.ch\/fr\/wp-json\/wp\/v2\/product_tag?post=77519"}],"curies":[{"name":"wp","href":"https:\/\/api.w.org\/{rel}","templated":true}]}}