{"id":77467,"date":"2023-02-28T00:54:07","date_gmt":"2023-02-27T23:54:07","guid":{"rendered":"http:\/\/shop.bantam.ch\/produit\/rechaud-multicombustible-polaris-avec-bouteille-de-combustible-vide-de-04-l\/"},"modified":"2026-04-17T21:20:23","modified_gmt":"2026-04-17T19:20:23","slug":"rechaud-multicombustible-polaris-avec-bouteille-de-combustible-vide-de-04-l","status":"publish","type":"product","link":"https:\/\/shop.bantam.ch\/fr\/produit\/rechaud-multicombustible-polaris-avec-bouteille-de-combustible-vide-de-04-l\/","title":{"rendered":"R\u00e9chaud Optimus Polaris avec bouteille de combustible de 0,4\u00a0L _vide_"},"content":{"rendered":"<p>Avec l&rsquo;Optimus Polaris Optifuel, vous disposez d\u2019un appareil multi-talent qui fonctionne avec presque tous les carburants &#8211; gaz, gaz liquide, gaz blanc, gaz sans plomb, k\u00e9ros\u00e8ne, diesel, p\u00e9trole&#8230; C&rsquo;est pourquoi il vous offre un repas chaud n&rsquo;importe quand, n&rsquo;importe o\u00f9 et par n&rsquo;importe quel temps. Le br\u00fbleur \u00e0 une seule buse, fiable et exceptionnel, qui ne n\u00e9cessite ni buse suppl\u00e9mentaire ni accessoires \u00e0 changer en assure le bon fonctionnement. En cas d&rsquo;utilisation de cartouches GPL, il suffit de choisir entre le mode 4 saisons par temps froid ou le mode \u00e9conomie de carburant. Votre r\u00e9chaud a besoin d&rsquo;\u00eatre nettoy\u00e9 ? L&rsquo;aiguille de nettoyage magn\u00e9tique int\u00e9gr\u00e9e permet de le faire m\u00eame pendant la cuisson.<\/p>\n<ul>\n<li>Temps d&rsquo;\u00e9bullition : Temps d&rsquo;\u00e9bullition d&rsquo;env. 3 \u00e0 4 min\/l, selon le temps de chauffe jusqu&rsquo;\u00e0 105 min \u00e0 pleine puissance (cartouche de gaz de 230 g), jusqu&rsquo;\u00e0 100 min \u00e0 pleine puissance (carburant de 400 ml)<\/li>\n<li>Puissance : 3 300 W (fonctionnement au gaz)\/4 200 W (fonctionnement \u00e0 l\u2019essence)<\/li>\n<\/ul>\n<p>Contenu de la livraison :<br \/>r\u00e9chaud SMEV<br \/>Bouteille de combustible de 0,4 l (vide)<br \/>Notice d\u2019utilisation<\/p>\n<p>\u00a0<\/p>\n","protected":false},"excerpt":{"rendered":"<p>Avec l&rsquo;Optimus Polaris Optifuel, vous disposez d\u2019un appareil multi-talent qui fonctionne avec presque tous les carburants &#8211; gaz, gaz liquide, gaz blanc, gaz sans plomb, k\u00e9ros\u00e8ne, diesel, p\u00e9trole&#8230; C&rsquo;est pourquoi il vous offre un repas chaud n&rsquo;importe quand, n&rsquo;importe o\u00f9 et par n&rsquo;importe quel temps. Le br\u00fbleur \u00e0 une seule buse, fiable et exceptionnel, qui [&hellip;]<\/p>\n","protected":false},"featured_media":77463,"template":"","meta":{"_acf_changed":false},"product_featured_cat":[],"product_brand":[3442],"product_cat":[4305],"product_tag":[],"class_list":{"0":"post-77467","1":"product","2":"type-product","3":"status-publish","4":"has-post-thumbnail","6":"product_brand-optimus","7":"product_cat-rechauds","9":"first","10":"instock","11":"taxable","12":"shipping-taxable","13":"purchasable","14":"product-type-simple"},"acf":[],"yoast_head":"<!-- This site is optimized with the Yoast SEO plugin v27.4 - https:\/\/yoast.com\/product\/yoast-seo-wordpress\/ -->\n<title>R\u00e9chaud Optimus Polaris avec bouteille de combustible de 0,4\u00a0L _vide_ - Bantam Wankm\u00fcller SA<\/title>\n<meta name=\"robots\" content=\"index, follow, max-snippet:-1, max-image-preview:large, max-video-preview:-1\" \/>\n<link rel=\"canonical\" href=\"https:\/\/shop.bantam.ch\/fr\/produit\/rechaud-multicombustible-polaris-avec-bouteille-de-combustible-vide-de-04-l\/\" \/>\n<meta property=\"og:locale\" content=\"fr_FR\" \/>\n<meta property=\"og:type\" content=\"article\" \/>\n<meta property=\"og:title\" content=\"R\u00e9chaud Optimus Polaris avec bouteille de combustible de 0,4\u00a0L _vide_ - Bantam Wankm\u00fcller SA\" \/>\n<meta property=\"og:description\" content=\"Avec l&rsquo;Optimus Polaris Optifuel, vous disposez d\u2019un appareil multi-talent qui fonctionne avec presque tous les carburants &#8211; gaz, gaz liquide, gaz blanc, gaz sans plomb, k\u00e9ros\u00e8ne, diesel, p\u00e9trole&#8230; C&rsquo;est pourquoi il vous offre un repas chaud n&rsquo;importe quand, n&rsquo;importe o\u00f9 et par n&rsquo;importe quel temps. Le br\u00fbleur \u00e0 une seule buse, fiable et exceptionnel, qui [&hellip;]\" \/>\n<meta property=\"og:url\" content=\"https:\/\/shop.bantam.ch\/fr\/produit\/rechaud-multicombustible-polaris-avec-bouteille-de-combustible-vide-de-04-l\/\" \/>\n<meta property=\"og:site_name\" content=\"Bantam Wankm\u00fcller SA\" \/>\n<meta property=\"article:modified_time\" content=\"2026-04-17T19:20:23+00:00\" \/>\n<meta property=\"og:image\" content=\"https:\/\/shop.bantam.ch\/wp-content\/uploads\/2023\/02\/995423611.jpg\" \/>\n\t<meta property=\"og:image:width\" content=\"1000\" \/>\n\t<meta property=\"og:image:height\" content=\"554\" \/>\n\t<meta property=\"og:image:type\" content=\"image\/jpeg\" \/>\n<meta name=\"twitter:card\" content=\"summary_large_image\" \/>\n<meta name=\"twitter:label1\" content=\"Dur\u00e9e de lecture estim\u00e9e\" \/>\n\t<meta name=\"twitter:data1\" content=\"1 minute\" \/>\n<script type=\"application\/ld+json\" class=\"yoast-schema-graph\">{\"@context\":\"https:\\\/\\\/schema.org\",\"@graph\":[{\"@type\":\"WebPage\",\"@id\":\"https:\\\/\\\/shop.bantam.ch\\\/fr\\\/produit\\\/rechaud-multicombustible-polaris-avec-bouteille-de-combustible-vide-de-04-l\\\/\",\"url\":\"https:\\\/\\\/shop.bantam.ch\\\/fr\\\/produit\\\/rechaud-multicombustible-polaris-avec-bouteille-de-combustible-vide-de-04-l\\\/\",\"name\":\"R\u00e9chaud Optimus Polaris avec bouteille de combustible de 0,4\u00a0L _vide_ - Bantam Wankm\u00fcller SA\",\"isPartOf\":{\"@id\":\"https:\\\/\\\/shop.bantam.ch\\\/fr\\\/#website\"},\"primaryImageOfPage\":{\"@id\":\"https:\\\/\\\/shop.bantam.ch\\\/fr\\\/produit\\\/rechaud-multicombustible-polaris-avec-bouteille-de-combustible-vide-de-04-l\\\/#primaryimage\"},\"image\":{\"@id\":\"https:\\\/\\\/shop.bantam.ch\\\/fr\\\/produit\\\/rechaud-multicombustible-polaris-avec-bouteille-de-combustible-vide-de-04-l\\\/#primaryimage\"},\"thumbnailUrl\":\"https:\\\/\\\/shop.bantam.ch\\\/wp-content\\\/uploads\\\/2023\\\/02\\\/995423611.jpg\",\"datePublished\":\"2023-02-27T23:54:07+00:00\",\"dateModified\":\"2026-04-17T19:20:23+00:00\",\"breadcrumb\":{\"@id\":\"https:\\\/\\\/shop.bantam.ch\\\/fr\\\/produit\\\/rechaud-multicombustible-polaris-avec-bouteille-de-combustible-vide-de-04-l\\\/#breadcrumb\"},\"inLanguage\":\"fr-FR\",\"potentialAction\":[{\"@type\":\"ReadAction\",\"target\":[\"https:\\\/\\\/shop.bantam.ch\\\/fr\\\/produit\\\/rechaud-multicombustible-polaris-avec-bouteille-de-combustible-vide-de-04-l\\\/\"]}]},{\"@type\":\"ImageObject\",\"inLanguage\":\"fr-FR\",\"@id\":\"https:\\\/\\\/shop.bantam.ch\\\/fr\\\/produit\\\/rechaud-multicombustible-polaris-avec-bouteille-de-combustible-vide-de-04-l\\\/#primaryimage\",\"url\":\"https:\\\/\\\/shop.bantam.ch\\\/wp-content\\\/uploads\\\/2023\\\/02\\\/995423611.jpg\",\"contentUrl\":\"https:\\\/\\\/shop.bantam.ch\\\/wp-content\\\/uploads\\\/2023\\\/02\\\/995423611.jpg\",\"width\":1000,\"height\":554},{\"@type\":\"BreadcrumbList\",\"@id\":\"https:\\\/\\\/shop.bantam.ch\\\/fr\\\/produit\\\/rechaud-multicombustible-polaris-avec-bouteille-de-combustible-vide-de-04-l\\\/#breadcrumb\",\"itemListElement\":[{\"@type\":\"ListItem\",\"position\":1,\"name\":\"Accueil\",\"item\":\"https:\\\/\\\/shop.bantam.ch\\\/fr\\\/\"},{\"@type\":\"ListItem\",\"position\":2,\"name\":\"Boutique\",\"item\":\"https:\\\/\\\/shop.bantam.ch\\\/fr\\\/boutique\\\/\"},{\"@type\":\"ListItem\",\"position\":3,\"name\":\"R\u00e9chaud Optimus Polaris avec bouteille de combustible de 0,4\u00a0L _vide_\"}]},{\"@type\":\"WebSite\",\"@id\":\"https:\\\/\\\/shop.bantam.ch\\\/fr\\\/#website\",\"url\":\"https:\\\/\\\/shop.bantam.ch\\\/fr\\\/\",\"name\":\"Bantam Wankm\u00fcller SA\",\"description\":\"\",\"publisher\":{\"@id\":\"https:\\\/\\\/shop.bantam.ch\\\/fr\\\/#organization\"},\"inLanguage\":\"fr-FR\"},{\"@type\":\"Organization\",\"@id\":\"https:\\\/\\\/shop.bantam.ch\\\/fr\\\/#organization\",\"name\":\"Bantam Wankm\u00fcller SA\",\"url\":\"https:\\\/\\\/shop.bantam.ch\\\/fr\\\/\",\"logo\":{\"@type\":\"ImageObject\",\"inLanguage\":\"fr-FR\",\"@id\":\"https:\\\/\\\/shop.bantam.ch\\\/fr\\\/#\\\/schema\\\/logo\\\/image\\\/\",\"url\":\"https:\\\/\\\/shop.bantam.ch\\\/wp-content\\\/uploads\\\/2022\\\/12\\\/bantam-logo.png\",\"contentUrl\":\"https:\\\/\\\/shop.bantam.ch\\\/wp-content\\\/uploads\\\/2022\\\/12\\\/bantam-logo.png\",\"width\":320,\"height\":71,\"caption\":\"Bantam Wankm\u00fcller SA\"},\"image\":{\"@id\":\"https:\\\/\\\/shop.bantam.ch\\\/fr\\\/#\\\/schema\\\/logo\\\/image\\\/\"}}]}<\/script>\n<!-- \/ Yoast SEO plugin. -->","yoast_head_json":{"title":"R\u00e9chaud Optimus Polaris avec bouteille de combustible de 0,4\u00a0L _vide_ - Bantam Wankm\u00fcller SA","robots":{"index":"index","follow":"follow","max-snippet":"max-snippet:-1","max-image-preview":"max-image-preview:large","max-video-preview":"max-video-preview:-1"},"canonical":"https:\/\/shop.bantam.ch\/fr\/produit\/rechaud-multicombustible-polaris-avec-bouteille-de-combustible-vide-de-04-l\/","og_locale":"fr_FR","og_type":"article","og_title":"R\u00e9chaud Optimus Polaris avec bouteille de combustible de 0,4\u00a0L _vide_ - Bantam Wankm\u00fcller SA","og_description":"Avec l&rsquo;Optimus Polaris Optifuel, vous disposez d\u2019un appareil multi-talent qui fonctionne avec presque tous les carburants &#8211; gaz, gaz liquide, gaz blanc, gaz sans plomb, k\u00e9ros\u00e8ne, diesel, p\u00e9trole&#8230; C&rsquo;est pourquoi il vous offre un repas chaud n&rsquo;importe quand, n&rsquo;importe o\u00f9 et par n&rsquo;importe quel temps. Le br\u00fbleur \u00e0 une seule buse, fiable et exceptionnel, qui [&hellip;]","og_url":"https:\/\/shop.bantam.ch\/fr\/produit\/rechaud-multicombustible-polaris-avec-bouteille-de-combustible-vide-de-04-l\/","og_site_name":"Bantam Wankm\u00fcller SA","article_modified_time":"2026-04-17T19:20:23+00:00","og_image":[{"width":1000,"height":554,"url":"https:\/\/shop.bantam.ch\/wp-content\/uploads\/2023\/02\/995423611.jpg","type":"image\/jpeg"}],"twitter_card":"summary_large_image","twitter_misc":{"Dur\u00e9e de lecture estim\u00e9e":"1 minute"},"schema":{"@context":"https:\/\/schema.org","@graph":[{"@type":"WebPage","@id":"https:\/\/shop.bantam.ch\/fr\/produit\/rechaud-multicombustible-polaris-avec-bouteille-de-combustible-vide-de-04-l\/","url":"https:\/\/shop.bantam.ch\/fr\/produit\/rechaud-multicombustible-polaris-avec-bouteille-de-combustible-vide-de-04-l\/","name":"R\u00e9chaud Optimus Polaris avec bouteille de combustible de 0,4\u00a0L _vide_ - Bantam Wankm\u00fcller SA","isPartOf":{"@id":"https:\/\/shop.bantam.ch\/fr\/#website"},"primaryImageOfPage":{"@id":"https:\/\/shop.bantam.ch\/fr\/produit\/rechaud-multicombustible-polaris-avec-bouteille-de-combustible-vide-de-04-l\/#primaryimage"},"image":{"@id":"https:\/\/shop.bantam.ch\/fr\/produit\/rechaud-multicombustible-polaris-avec-bouteille-de-combustible-vide-de-04-l\/#primaryimage"},"thumbnailUrl":"https:\/\/shop.bantam.ch\/wp-content\/uploads\/2023\/02\/995423611.jpg","datePublished":"2023-02-27T23:54:07+00:00","dateModified":"2026-04-17T19:20:23+00:00","breadcrumb":{"@id":"https:\/\/shop.bantam.ch\/fr\/produit\/rechaud-multicombustible-polaris-avec-bouteille-de-combustible-vide-de-04-l\/#breadcrumb"},"inLanguage":"fr-FR","potentialAction":[{"@type":"ReadAction","target":["https:\/\/shop.bantam.ch\/fr\/produit\/rechaud-multicombustible-polaris-avec-bouteille-de-combustible-vide-de-04-l\/"]}]},{"@type":"ImageObject","inLanguage":"fr-FR","@id":"https:\/\/shop.bantam.ch\/fr\/produit\/rechaud-multicombustible-polaris-avec-bouteille-de-combustible-vide-de-04-l\/#primaryimage","url":"https:\/\/shop.bantam.ch\/wp-content\/uploads\/2023\/02\/995423611.jpg","contentUrl":"https:\/\/shop.bantam.ch\/wp-content\/uploads\/2023\/02\/995423611.jpg","width":1000,"height":554},{"@type":"BreadcrumbList","@id":"https:\/\/shop.bantam.ch\/fr\/produit\/rechaud-multicombustible-polaris-avec-bouteille-de-combustible-vide-de-04-l\/#breadcrumb","itemListElement":[{"@type":"ListItem","position":1,"name":"Accueil","item":"https:\/\/shop.bantam.ch\/fr\/"},{"@type":"ListItem","position":2,"name":"Boutique","item":"https:\/\/shop.bantam.ch\/fr\/boutique\/"},{"@type":"ListItem","position":3,"name":"R\u00e9chaud Optimus Polaris avec bouteille de combustible de 0,4\u00a0L _vide_"}]},{"@type":"WebSite","@id":"https:\/\/shop.bantam.ch\/fr\/#website","url":"https:\/\/shop.bantam.ch\/fr\/","name":"Bantam Wankm\u00fcller SA","description":"","publisher":{"@id":"https:\/\/shop.bantam.ch\/fr\/#organization"},"inLanguage":"fr-FR"},{"@type":"Organization","@id":"https:\/\/shop.bantam.ch\/fr\/#organization","name":"Bantam Wankm\u00fcller SA","url":"https:\/\/shop.bantam.ch\/fr\/","logo":{"@type":"ImageObject","inLanguage":"fr-FR","@id":"https:\/\/shop.bantam.ch\/fr\/#\/schema\/logo\/image\/","url":"https:\/\/shop.bantam.ch\/wp-content\/uploads\/2022\/12\/bantam-logo.png","contentUrl":"https:\/\/shop.bantam.ch\/wp-content\/uploads\/2022\/12\/bantam-logo.png","width":320,"height":71,"caption":"Bantam Wankm\u00fcller SA"},"image":{"@id":"https:\/\/shop.bantam.ch\/fr\/#\/schema\/logo\/image\/"}}]}},"_links":{"self":[{"href":"https:\/\/shop.bantam.ch\/fr\/wp-json\/wp\/v2\/product\/77467","targetHints":{"allow":["GET"]}}],"collection":[{"href":"https:\/\/shop.bantam.ch\/fr\/wp-json\/wp\/v2\/product"}],"about":[{"href":"https:\/\/shop.bantam.ch\/fr\/wp-json\/wp\/v2\/types\/product"}],"wp:featuredmedia":[{"embeddable":true,"href":"https:\/\/shop.bantam.ch\/fr\/wp-json\/wp\/v2\/media\/77463"}],"wp:attachment":[{"href":"https:\/\/shop.bantam.ch\/fr\/wp-json\/wp\/v2\/media?parent=77467"}],"wp:term":[{"taxonomy":"product_featured_cat","embeddable":true,"href":"https:\/\/shop.bantam.ch\/fr\/wp-json\/wp\/v2\/product_featured_cat?post=77467"},{"taxonomy":"product_brand","embeddable":true,"href":"https:\/\/shop.bantam.ch\/fr\/wp-json\/wp\/v2\/product_brand?post=77467"},{"taxonomy":"product_cat","embeddable":true,"href":"https:\/\/shop.bantam.ch\/fr\/wp-json\/wp\/v2\/product_cat?post=77467"},{"taxonomy":"product_tag","embeddable":true,"href":"https:\/\/shop.bantam.ch\/fr\/wp-json\/wp\/v2\/product_tag?post=77467"}],"curies":[{"name":"wp","href":"https:\/\/api.w.org\/{rel}","templated":true}]}}