{"id":77377,"date":"2023-02-28T00:52:17","date_gmt":"2023-02-27T23:52:17","guid":{"rendered":"http:\/\/shop.bantam.ch\/produit\/assiette-creuse-inox\/"},"modified":"2026-04-17T21:20:17","modified_gmt":"2026-04-17T19:20:17","slug":"assiette-creuse-inox","status":"publish","type":"product","link":"https:\/\/shop.bantam.ch\/fr\/produit\/assiette-creuse-inox\/","title":{"rendered":"Assiette creuse inox Tatonka Diam. 24 cm"},"content":{"rendered":"<p>Pour les soupes, bouillons, rago\u00fbts, potages, bouillons, ratatouilles et, bien s\u00fbr, les raviolis en conserve. La plaque en acier inoxydable est id\u00e9ale pour les trekkings, les festivals ou les s\u00e9jours en camping.<br \/>L&rsquo;assiette creuse est fabriqu\u00e9e en acier inoxydable 18\/8 et est facile \u00e0 nettoyer, extr\u00eamement robuste, durable et, \u00e9videmment, sans danger pour les aliments.<\/p>\n<p>Mat\u00e9riau :<br \/>inox<\/p>\n","protected":false},"excerpt":{"rendered":"<p>Pour les soupes, bouillons, rago\u00fbts, potages, bouillons, ratatouilles et, bien s\u00fbr, les raviolis en conserve. La plaque en acier inoxydable est id\u00e9ale pour les trekkings, les festivals ou les s\u00e9jours en camping.L&rsquo;assiette creuse est fabriqu\u00e9e en acier inoxydable 18\/8 et est facile \u00e0 nettoyer, extr\u00eamement robuste, durable et, \u00e9videmment, sans danger pour les aliments. Mat\u00e9riau [&hellip;]<\/p>\n","protected":false},"featured_media":77375,"template":"","meta":{"_acf_changed":false},"product_featured_cat":[],"product_brand":[3434],"product_cat":[4271],"product_tag":[],"class_list":{"0":"post-77377","1":"product","2":"type-product","3":"status-publish","4":"has-post-thumbnail","6":"product_brand-tatonka","7":"product_cat-assiettes-et-coquetiers","9":"first","10":"instock","11":"taxable","12":"shipping-taxable","13":"purchasable","14":"product-type-simple"},"acf":[],"yoast_head":"<!-- This site is optimized with the Yoast SEO plugin v27.4 - https:\/\/yoast.com\/product\/yoast-seo-wordpress\/ -->\n<title>Assiette creuse inox Tatonka Diam. 24 cm - Bantam Wankm\u00fcller SA<\/title>\n<meta name=\"robots\" content=\"index, follow, max-snippet:-1, max-image-preview:large, max-video-preview:-1\" \/>\n<link rel=\"canonical\" href=\"https:\/\/shop.bantam.ch\/fr\/produit\/assiette-creuse-inox\/\" \/>\n<meta property=\"og:locale\" content=\"fr_FR\" \/>\n<meta property=\"og:type\" content=\"article\" \/>\n<meta property=\"og:title\" content=\"Assiette creuse inox Tatonka Diam. 24 cm - Bantam Wankm\u00fcller SA\" \/>\n<meta property=\"og:description\" content=\"Pour les soupes, bouillons, rago\u00fbts, potages, bouillons, ratatouilles et, bien s\u00fbr, les raviolis en conserve. La plaque en acier inoxydable est id\u00e9ale pour les trekkings, les festivals ou les s\u00e9jours en camping.L&rsquo;assiette creuse est fabriqu\u00e9e en acier inoxydable 18\/8 et est facile \u00e0 nettoyer, extr\u00eamement robuste, durable et, \u00e9videmment, sans danger pour les aliments. Mat\u00e9riau [&hellip;]\" \/>\n<meta property=\"og:url\" content=\"https:\/\/shop.bantam.ch\/fr\/produit\/assiette-creuse-inox\/\" \/>\n<meta property=\"og:site_name\" content=\"Bantam Wankm\u00fcller SA\" \/>\n<meta property=\"article:modified_time\" content=\"2026-04-17T19:20:17+00:00\" \/>\n<meta property=\"og:image\" content=\"https:\/\/shop.bantam.ch\/wp-content\/uploads\/2023\/02\/995422711.jpg\" \/>\n\t<meta property=\"og:image:width\" content=\"1000\" \/>\n\t<meta property=\"og:image:height\" content=\"1000\" \/>\n\t<meta property=\"og:image:type\" content=\"image\/jpeg\" \/>\n<meta name=\"twitter:card\" content=\"summary_large_image\" \/>\n<script type=\"application\/ld+json\" class=\"yoast-schema-graph\">{\"@context\":\"https:\\\/\\\/schema.org\",\"@graph\":[{\"@type\":\"WebPage\",\"@id\":\"https:\\\/\\\/shop.bantam.ch\\\/fr\\\/produit\\\/assiette-creuse-inox\\\/\",\"url\":\"https:\\\/\\\/shop.bantam.ch\\\/fr\\\/produit\\\/assiette-creuse-inox\\\/\",\"name\":\"Assiette creuse inox Tatonka Diam. 24 cm - Bantam Wankm\u00fcller SA\",\"isPartOf\":{\"@id\":\"https:\\\/\\\/shop.bantam.ch\\\/fr\\\/#website\"},\"primaryImageOfPage\":{\"@id\":\"https:\\\/\\\/shop.bantam.ch\\\/fr\\\/produit\\\/assiette-creuse-inox\\\/#primaryimage\"},\"image\":{\"@id\":\"https:\\\/\\\/shop.bantam.ch\\\/fr\\\/produit\\\/assiette-creuse-inox\\\/#primaryimage\"},\"thumbnailUrl\":\"https:\\\/\\\/shop.bantam.ch\\\/wp-content\\\/uploads\\\/2023\\\/02\\\/995422711.jpg\",\"datePublished\":\"2023-02-27T23:52:17+00:00\",\"dateModified\":\"2026-04-17T19:20:17+00:00\",\"breadcrumb\":{\"@id\":\"https:\\\/\\\/shop.bantam.ch\\\/fr\\\/produit\\\/assiette-creuse-inox\\\/#breadcrumb\"},\"inLanguage\":\"fr-FR\",\"potentialAction\":[{\"@type\":\"ReadAction\",\"target\":[\"https:\\\/\\\/shop.bantam.ch\\\/fr\\\/produit\\\/assiette-creuse-inox\\\/\"]}]},{\"@type\":\"ImageObject\",\"inLanguage\":\"fr-FR\",\"@id\":\"https:\\\/\\\/shop.bantam.ch\\\/fr\\\/produit\\\/assiette-creuse-inox\\\/#primaryimage\",\"url\":\"https:\\\/\\\/shop.bantam.ch\\\/wp-content\\\/uploads\\\/2023\\\/02\\\/995422711.jpg\",\"contentUrl\":\"https:\\\/\\\/shop.bantam.ch\\\/wp-content\\\/uploads\\\/2023\\\/02\\\/995422711.jpg\",\"width\":1000,\"height\":1000},{\"@type\":\"BreadcrumbList\",\"@id\":\"https:\\\/\\\/shop.bantam.ch\\\/fr\\\/produit\\\/assiette-creuse-inox\\\/#breadcrumb\",\"itemListElement\":[{\"@type\":\"ListItem\",\"position\":1,\"name\":\"Accueil\",\"item\":\"https:\\\/\\\/shop.bantam.ch\\\/fr\\\/\"},{\"@type\":\"ListItem\",\"position\":2,\"name\":\"Boutique\",\"item\":\"https:\\\/\\\/shop.bantam.ch\\\/fr\\\/boutique\\\/\"},{\"@type\":\"ListItem\",\"position\":3,\"name\":\"Assiette creuse inox Tatonka Diam. 24 cm\"}]},{\"@type\":\"WebSite\",\"@id\":\"https:\\\/\\\/shop.bantam.ch\\\/fr\\\/#website\",\"url\":\"https:\\\/\\\/shop.bantam.ch\\\/fr\\\/\",\"name\":\"Bantam Wankm\u00fcller SA\",\"description\":\"\",\"publisher\":{\"@id\":\"https:\\\/\\\/shop.bantam.ch\\\/fr\\\/#organization\"},\"inLanguage\":\"fr-FR\"},{\"@type\":\"Organization\",\"@id\":\"https:\\\/\\\/shop.bantam.ch\\\/fr\\\/#organization\",\"name\":\"Bantam Wankm\u00fcller SA\",\"url\":\"https:\\\/\\\/shop.bantam.ch\\\/fr\\\/\",\"logo\":{\"@type\":\"ImageObject\",\"inLanguage\":\"fr-FR\",\"@id\":\"https:\\\/\\\/shop.bantam.ch\\\/fr\\\/#\\\/schema\\\/logo\\\/image\\\/\",\"url\":\"https:\\\/\\\/shop.bantam.ch\\\/wp-content\\\/uploads\\\/2022\\\/12\\\/bantam-logo.png\",\"contentUrl\":\"https:\\\/\\\/shop.bantam.ch\\\/wp-content\\\/uploads\\\/2022\\\/12\\\/bantam-logo.png\",\"width\":320,\"height\":71,\"caption\":\"Bantam Wankm\u00fcller SA\"},\"image\":{\"@id\":\"https:\\\/\\\/shop.bantam.ch\\\/fr\\\/#\\\/schema\\\/logo\\\/image\\\/\"}}]}<\/script>\n<!-- \/ Yoast SEO plugin. -->","yoast_head_json":{"title":"Assiette creuse inox Tatonka Diam. 24 cm - Bantam Wankm\u00fcller SA","robots":{"index":"index","follow":"follow","max-snippet":"max-snippet:-1","max-image-preview":"max-image-preview:large","max-video-preview":"max-video-preview:-1"},"canonical":"https:\/\/shop.bantam.ch\/fr\/produit\/assiette-creuse-inox\/","og_locale":"fr_FR","og_type":"article","og_title":"Assiette creuse inox Tatonka Diam. 24 cm - Bantam Wankm\u00fcller SA","og_description":"Pour les soupes, bouillons, rago\u00fbts, potages, bouillons, ratatouilles et, bien s\u00fbr, les raviolis en conserve. La plaque en acier inoxydable est id\u00e9ale pour les trekkings, les festivals ou les s\u00e9jours en camping.L&rsquo;assiette creuse est fabriqu\u00e9e en acier inoxydable 18\/8 et est facile \u00e0 nettoyer, extr\u00eamement robuste, durable et, \u00e9videmment, sans danger pour les aliments. Mat\u00e9riau [&hellip;]","og_url":"https:\/\/shop.bantam.ch\/fr\/produit\/assiette-creuse-inox\/","og_site_name":"Bantam Wankm\u00fcller SA","article_modified_time":"2026-04-17T19:20:17+00:00","og_image":[{"width":1000,"height":1000,"url":"https:\/\/shop.bantam.ch\/wp-content\/uploads\/2023\/02\/995422711.jpg","type":"image\/jpeg"}],"twitter_card":"summary_large_image","schema":{"@context":"https:\/\/schema.org","@graph":[{"@type":"WebPage","@id":"https:\/\/shop.bantam.ch\/fr\/produit\/assiette-creuse-inox\/","url":"https:\/\/shop.bantam.ch\/fr\/produit\/assiette-creuse-inox\/","name":"Assiette creuse inox Tatonka Diam. 24 cm - Bantam Wankm\u00fcller SA","isPartOf":{"@id":"https:\/\/shop.bantam.ch\/fr\/#website"},"primaryImageOfPage":{"@id":"https:\/\/shop.bantam.ch\/fr\/produit\/assiette-creuse-inox\/#primaryimage"},"image":{"@id":"https:\/\/shop.bantam.ch\/fr\/produit\/assiette-creuse-inox\/#primaryimage"},"thumbnailUrl":"https:\/\/shop.bantam.ch\/wp-content\/uploads\/2023\/02\/995422711.jpg","datePublished":"2023-02-27T23:52:17+00:00","dateModified":"2026-04-17T19:20:17+00:00","breadcrumb":{"@id":"https:\/\/shop.bantam.ch\/fr\/produit\/assiette-creuse-inox\/#breadcrumb"},"inLanguage":"fr-FR","potentialAction":[{"@type":"ReadAction","target":["https:\/\/shop.bantam.ch\/fr\/produit\/assiette-creuse-inox\/"]}]},{"@type":"ImageObject","inLanguage":"fr-FR","@id":"https:\/\/shop.bantam.ch\/fr\/produit\/assiette-creuse-inox\/#primaryimage","url":"https:\/\/shop.bantam.ch\/wp-content\/uploads\/2023\/02\/995422711.jpg","contentUrl":"https:\/\/shop.bantam.ch\/wp-content\/uploads\/2023\/02\/995422711.jpg","width":1000,"height":1000},{"@type":"BreadcrumbList","@id":"https:\/\/shop.bantam.ch\/fr\/produit\/assiette-creuse-inox\/#breadcrumb","itemListElement":[{"@type":"ListItem","position":1,"name":"Accueil","item":"https:\/\/shop.bantam.ch\/fr\/"},{"@type":"ListItem","position":2,"name":"Boutique","item":"https:\/\/shop.bantam.ch\/fr\/boutique\/"},{"@type":"ListItem","position":3,"name":"Assiette creuse inox Tatonka Diam. 24 cm"}]},{"@type":"WebSite","@id":"https:\/\/shop.bantam.ch\/fr\/#website","url":"https:\/\/shop.bantam.ch\/fr\/","name":"Bantam Wankm\u00fcller SA","description":"","publisher":{"@id":"https:\/\/shop.bantam.ch\/fr\/#organization"},"inLanguage":"fr-FR"},{"@type":"Organization","@id":"https:\/\/shop.bantam.ch\/fr\/#organization","name":"Bantam Wankm\u00fcller SA","url":"https:\/\/shop.bantam.ch\/fr\/","logo":{"@type":"ImageObject","inLanguage":"fr-FR","@id":"https:\/\/shop.bantam.ch\/fr\/#\/schema\/logo\/image\/","url":"https:\/\/shop.bantam.ch\/wp-content\/uploads\/2022\/12\/bantam-logo.png","contentUrl":"https:\/\/shop.bantam.ch\/wp-content\/uploads\/2022\/12\/bantam-logo.png","width":320,"height":71,"caption":"Bantam Wankm\u00fcller SA"},"image":{"@id":"https:\/\/shop.bantam.ch\/fr\/#\/schema\/logo\/image\/"}}]}},"_links":{"self":[{"href":"https:\/\/shop.bantam.ch\/fr\/wp-json\/wp\/v2\/product\/77377","targetHints":{"allow":["GET"]}}],"collection":[{"href":"https:\/\/shop.bantam.ch\/fr\/wp-json\/wp\/v2\/product"}],"about":[{"href":"https:\/\/shop.bantam.ch\/fr\/wp-json\/wp\/v2\/types\/product"}],"wp:featuredmedia":[{"embeddable":true,"href":"https:\/\/shop.bantam.ch\/fr\/wp-json\/wp\/v2\/media\/77375"}],"wp:attachment":[{"href":"https:\/\/shop.bantam.ch\/fr\/wp-json\/wp\/v2\/media?parent=77377"}],"wp:term":[{"taxonomy":"product_featured_cat","embeddable":true,"href":"https:\/\/shop.bantam.ch\/fr\/wp-json\/wp\/v2\/product_featured_cat?post=77377"},{"taxonomy":"product_brand","embeddable":true,"href":"https:\/\/shop.bantam.ch\/fr\/wp-json\/wp\/v2\/product_brand?post=77377"},{"taxonomy":"product_cat","embeddable":true,"href":"https:\/\/shop.bantam.ch\/fr\/wp-json\/wp\/v2\/product_cat?post=77377"},{"taxonomy":"product_tag","embeddable":true,"href":"https:\/\/shop.bantam.ch\/fr\/wp-json\/wp\/v2\/product_tag?post=77377"}],"curies":[{"name":"wp","href":"https:\/\/api.w.org\/{rel}","templated":true}]}}