{"id":77209,"date":"2023-02-28T00:49:27","date_gmt":"2023-02-27T23:49:27","guid":{"rendered":"http:\/\/shop.bantam.ch\/produit\/prise-de-courant-externe-activsat-modele-westacc\/"},"modified":"2026-04-28T21:20:06","modified_gmt":"2026-04-28T19:20:06","slug":"prise-de-courant-externe-activsat-modele-westacc","status":"publish","type":"product","link":"https:\/\/shop.bantam.ch\/fr\/produit\/prise-de-courant-externe-activsat-modele-westacc\/","title":{"rendered":"Prise ext\u00e9rieure pour ActivSat Westacc Modell"},"content":{"rendered":"<p>Prise de courant externe pour ActivSat mod\u00e8le Westacc<\/p>\n<ul>\n<li>Connecteur enfichable pour c\u00e2ble moteur ActivSat 10 p\u00f4les<\/li>\n<li>Connecteur enfichable F pour c\u00e2ble coaxial ActiveSat<\/li>\n<li>Connecteur enfichable F pour deuxi\u00e8me c\u00e2ble coaxial (ActiveSat Twin)<\/li>\n<li>Connecteur enfichable F pour c\u00e2ble coaxial pour t\u00e9l\u00e9viseur externe<\/li>\n<li>Prise de courant universelle 12 V DC (max. 10 A) avec couvercle en caoutchouc et fixation pour l&rsquo;alimentation du t\u00e9l\u00e9viseur externe<\/li>\n<\/ul>\n","protected":false},"excerpt":{"rendered":"<p>Prise de courant externe pour ActivSat mod\u00e8le Westacc Connecteur enfichable pour c\u00e2ble moteur ActivSat 10 p\u00f4les Connecteur enfichable F pour c\u00e2ble coaxial ActiveSat Connecteur enfichable F pour deuxi\u00e8me c\u00e2ble coaxial (ActiveSat Twin) Connecteur enfichable F pour c\u00e2ble coaxial pour t\u00e9l\u00e9viseur externe Prise de courant universelle 12 V DC (max. 10 A) avec couvercle en caoutchouc [&hellip;]<\/p>\n","protected":false},"featured_media":77207,"template":"","meta":{"_acf_changed":false},"product_featured_cat":[],"product_brand":[3230],"product_cat":[5013],"product_tag":[],"class_list":{"0":"post-77209","1":"product","2":"type-product","3":"status-publish","4":"has-post-thumbnail","6":"product_brand-teleco","7":"product_cat-prises-fiches-et-cables","9":"first","10":"instock","11":"taxable","12":"shipping-taxable","13":"purchasable","14":"product-type-simple"},"acf":[],"yoast_head":"<!-- This site is optimized with the Yoast SEO plugin v27.5 - https:\/\/yoast.com\/product\/yoast-seo-wordpress\/ -->\n<title>Prise ext\u00e9rieure pour ActivSat Westacc Modell - Bantam<\/title>\n<meta name=\"robots\" content=\"index, follow, max-snippet:-1, max-image-preview:large, max-video-preview:-1\" \/>\n<link rel=\"canonical\" href=\"https:\/\/shop.bantam.ch\/fr\/produit\/prise-de-courant-externe-activsat-modele-westacc\/\" \/>\n<meta property=\"og:locale\" content=\"fr_FR\" \/>\n<meta property=\"og:type\" content=\"article\" \/>\n<meta property=\"og:title\" content=\"Prise ext\u00e9rieure pour ActivSat Westacc Modell - Bantam\" \/>\n<meta property=\"og:description\" content=\"Prise de courant externe pour ActivSat mod\u00e8le Westacc Connecteur enfichable pour c\u00e2ble moteur ActivSat 10 p\u00f4les Connecteur enfichable F pour c\u00e2ble coaxial ActiveSat Connecteur enfichable F pour deuxi\u00e8me c\u00e2ble coaxial (ActiveSat Twin) Connecteur enfichable F pour c\u00e2ble coaxial pour t\u00e9l\u00e9viseur externe Prise de courant universelle 12 V DC (max. 10 A) avec couvercle en caoutchouc [&hellip;]\" \/>\n<meta property=\"og:url\" content=\"https:\/\/shop.bantam.ch\/fr\/produit\/prise-de-courant-externe-activsat-modele-westacc\/\" \/>\n<meta property=\"og:site_name\" content=\"Bantam\" \/>\n<meta property=\"article:modified_time\" content=\"2026-04-28T19:20:06+00:00\" \/>\n<meta property=\"og:image\" content=\"https:\/\/shop.bantam.ch\/wp-content\/uploads\/2023\/02\/992836811.jpg\" \/>\n\t<meta property=\"og:image:width\" content=\"1000\" \/>\n\t<meta property=\"og:image:height\" content=\"643\" \/>\n\t<meta property=\"og:image:type\" content=\"image\/jpeg\" \/>\n<meta name=\"twitter:card\" content=\"summary_large_image\" \/>\n<script type=\"application\/ld+json\" class=\"yoast-schema-graph\">{\"@context\":\"https:\\\/\\\/schema.org\",\"@graph\":[{\"@type\":\"WebPage\",\"@id\":\"https:\\\/\\\/shop.bantam.ch\\\/fr\\\/produit\\\/prise-de-courant-externe-activsat-modele-westacc\\\/\",\"url\":\"https:\\\/\\\/shop.bantam.ch\\\/fr\\\/produit\\\/prise-de-courant-externe-activsat-modele-westacc\\\/\",\"name\":\"Prise ext\u00e9rieure pour ActivSat Westacc Modell - Bantam\",\"isPartOf\":{\"@id\":\"https:\\\/\\\/shop.bantam.ch\\\/fr\\\/#website\"},\"primaryImageOfPage\":{\"@id\":\"https:\\\/\\\/shop.bantam.ch\\\/fr\\\/produit\\\/prise-de-courant-externe-activsat-modele-westacc\\\/#primaryimage\"},\"image\":{\"@id\":\"https:\\\/\\\/shop.bantam.ch\\\/fr\\\/produit\\\/prise-de-courant-externe-activsat-modele-westacc\\\/#primaryimage\"},\"thumbnailUrl\":\"https:\\\/\\\/shop.bantam.ch\\\/wp-content\\\/uploads\\\/2023\\\/02\\\/992836811.jpg\",\"datePublished\":\"2023-02-27T23:49:27+00:00\",\"dateModified\":\"2026-04-28T19:20:06+00:00\",\"breadcrumb\":{\"@id\":\"https:\\\/\\\/shop.bantam.ch\\\/fr\\\/produit\\\/prise-de-courant-externe-activsat-modele-westacc\\\/#breadcrumb\"},\"inLanguage\":\"fr-FR\",\"potentialAction\":[{\"@type\":\"ReadAction\",\"target\":[\"https:\\\/\\\/shop.bantam.ch\\\/fr\\\/produit\\\/prise-de-courant-externe-activsat-modele-westacc\\\/\"]}]},{\"@type\":\"ImageObject\",\"inLanguage\":\"fr-FR\",\"@id\":\"https:\\\/\\\/shop.bantam.ch\\\/fr\\\/produit\\\/prise-de-courant-externe-activsat-modele-westacc\\\/#primaryimage\",\"url\":\"https:\\\/\\\/shop.bantam.ch\\\/wp-content\\\/uploads\\\/2023\\\/02\\\/992836811.jpg\",\"contentUrl\":\"https:\\\/\\\/shop.bantam.ch\\\/wp-content\\\/uploads\\\/2023\\\/02\\\/992836811.jpg\",\"width\":1000,\"height\":643},{\"@type\":\"BreadcrumbList\",\"@id\":\"https:\\\/\\\/shop.bantam.ch\\\/fr\\\/produit\\\/prise-de-courant-externe-activsat-modele-westacc\\\/#breadcrumb\",\"itemListElement\":[{\"@type\":\"ListItem\",\"position\":1,\"name\":\"Accueil\",\"item\":\"https:\\\/\\\/shop.bantam.ch\\\/fr\\\/\"},{\"@type\":\"ListItem\",\"position\":2,\"name\":\"Boutique\",\"item\":\"https:\\\/\\\/shop.bantam.ch\\\/fr\\\/boutique\\\/\"},{\"@type\":\"ListItem\",\"position\":3,\"name\":\"Prise ext\u00e9rieure pour ActivSat Westacc Modell\"}]},{\"@type\":\"WebSite\",\"@id\":\"https:\\\/\\\/shop.bantam.ch\\\/fr\\\/#website\",\"url\":\"https:\\\/\\\/shop.bantam.ch\\\/fr\\\/\",\"name\":\"Bantam\",\"description\":\"\",\"publisher\":{\"@id\":\"https:\\\/\\\/shop.bantam.ch\\\/fr\\\/#organization\"},\"inLanguage\":\"fr-FR\"},{\"@type\":\"Organization\",\"@id\":\"https:\\\/\\\/shop.bantam.ch\\\/fr\\\/#organization\",\"name\":\"Bantam\",\"url\":\"https:\\\/\\\/shop.bantam.ch\\\/fr\\\/\",\"logo\":{\"@type\":\"ImageObject\",\"inLanguage\":\"fr-FR\",\"@id\":\"https:\\\/\\\/shop.bantam.ch\\\/fr\\\/#\\\/schema\\\/logo\\\/image\\\/\",\"url\":\"https:\\\/\\\/shop.bantam.ch\\\/wp-content\\\/uploads\\\/2022\\\/12\\\/bantam-logo.png\",\"contentUrl\":\"https:\\\/\\\/shop.bantam.ch\\\/wp-content\\\/uploads\\\/2022\\\/12\\\/bantam-logo.png\",\"width\":320,\"height\":71,\"caption\":\"Bantam\"},\"image\":{\"@id\":\"https:\\\/\\\/shop.bantam.ch\\\/fr\\\/#\\\/schema\\\/logo\\\/image\\\/\"}}]}<\/script>\n<!-- \/ Yoast SEO plugin. -->","yoast_head_json":{"title":"Prise ext\u00e9rieure pour ActivSat Westacc Modell - Bantam","robots":{"index":"index","follow":"follow","max-snippet":"max-snippet:-1","max-image-preview":"max-image-preview:large","max-video-preview":"max-video-preview:-1"},"canonical":"https:\/\/shop.bantam.ch\/fr\/produit\/prise-de-courant-externe-activsat-modele-westacc\/","og_locale":"fr_FR","og_type":"article","og_title":"Prise ext\u00e9rieure pour ActivSat Westacc Modell - Bantam","og_description":"Prise de courant externe pour ActivSat mod\u00e8le Westacc Connecteur enfichable pour c\u00e2ble moteur ActivSat 10 p\u00f4les Connecteur enfichable F pour c\u00e2ble coaxial ActiveSat Connecteur enfichable F pour deuxi\u00e8me c\u00e2ble coaxial (ActiveSat Twin) Connecteur enfichable F pour c\u00e2ble coaxial pour t\u00e9l\u00e9viseur externe Prise de courant universelle 12 V DC (max. 10 A) avec couvercle en caoutchouc [&hellip;]","og_url":"https:\/\/shop.bantam.ch\/fr\/produit\/prise-de-courant-externe-activsat-modele-westacc\/","og_site_name":"Bantam","article_modified_time":"2026-04-28T19:20:06+00:00","og_image":[{"width":1000,"height":643,"url":"https:\/\/shop.bantam.ch\/wp-content\/uploads\/2023\/02\/992836811.jpg","type":"image\/jpeg"}],"twitter_card":"summary_large_image","schema":{"@context":"https:\/\/schema.org","@graph":[{"@type":"WebPage","@id":"https:\/\/shop.bantam.ch\/fr\/produit\/prise-de-courant-externe-activsat-modele-westacc\/","url":"https:\/\/shop.bantam.ch\/fr\/produit\/prise-de-courant-externe-activsat-modele-westacc\/","name":"Prise ext\u00e9rieure pour ActivSat Westacc Modell - Bantam","isPartOf":{"@id":"https:\/\/shop.bantam.ch\/fr\/#website"},"primaryImageOfPage":{"@id":"https:\/\/shop.bantam.ch\/fr\/produit\/prise-de-courant-externe-activsat-modele-westacc\/#primaryimage"},"image":{"@id":"https:\/\/shop.bantam.ch\/fr\/produit\/prise-de-courant-externe-activsat-modele-westacc\/#primaryimage"},"thumbnailUrl":"https:\/\/shop.bantam.ch\/wp-content\/uploads\/2023\/02\/992836811.jpg","datePublished":"2023-02-27T23:49:27+00:00","dateModified":"2026-04-28T19:20:06+00:00","breadcrumb":{"@id":"https:\/\/shop.bantam.ch\/fr\/produit\/prise-de-courant-externe-activsat-modele-westacc\/#breadcrumb"},"inLanguage":"fr-FR","potentialAction":[{"@type":"ReadAction","target":["https:\/\/shop.bantam.ch\/fr\/produit\/prise-de-courant-externe-activsat-modele-westacc\/"]}]},{"@type":"ImageObject","inLanguage":"fr-FR","@id":"https:\/\/shop.bantam.ch\/fr\/produit\/prise-de-courant-externe-activsat-modele-westacc\/#primaryimage","url":"https:\/\/shop.bantam.ch\/wp-content\/uploads\/2023\/02\/992836811.jpg","contentUrl":"https:\/\/shop.bantam.ch\/wp-content\/uploads\/2023\/02\/992836811.jpg","width":1000,"height":643},{"@type":"BreadcrumbList","@id":"https:\/\/shop.bantam.ch\/fr\/produit\/prise-de-courant-externe-activsat-modele-westacc\/#breadcrumb","itemListElement":[{"@type":"ListItem","position":1,"name":"Accueil","item":"https:\/\/shop.bantam.ch\/fr\/"},{"@type":"ListItem","position":2,"name":"Boutique","item":"https:\/\/shop.bantam.ch\/fr\/boutique\/"},{"@type":"ListItem","position":3,"name":"Prise ext\u00e9rieure pour ActivSat Westacc Modell"}]},{"@type":"WebSite","@id":"https:\/\/shop.bantam.ch\/fr\/#website","url":"https:\/\/shop.bantam.ch\/fr\/","name":"Bantam","description":"","publisher":{"@id":"https:\/\/shop.bantam.ch\/fr\/#organization"},"inLanguage":"fr-FR"},{"@type":"Organization","@id":"https:\/\/shop.bantam.ch\/fr\/#organization","name":"Bantam","url":"https:\/\/shop.bantam.ch\/fr\/","logo":{"@type":"ImageObject","inLanguage":"fr-FR","@id":"https:\/\/shop.bantam.ch\/fr\/#\/schema\/logo\/image\/","url":"https:\/\/shop.bantam.ch\/wp-content\/uploads\/2022\/12\/bantam-logo.png","contentUrl":"https:\/\/shop.bantam.ch\/wp-content\/uploads\/2022\/12\/bantam-logo.png","width":320,"height":71,"caption":"Bantam"},"image":{"@id":"https:\/\/shop.bantam.ch\/fr\/#\/schema\/logo\/image\/"}}]}},"_links":{"self":[{"href":"https:\/\/shop.bantam.ch\/fr\/wp-json\/wp\/v2\/product\/77209","targetHints":{"allow":["GET"]}}],"collection":[{"href":"https:\/\/shop.bantam.ch\/fr\/wp-json\/wp\/v2\/product"}],"about":[{"href":"https:\/\/shop.bantam.ch\/fr\/wp-json\/wp\/v2\/types\/product"}],"wp:featuredmedia":[{"embeddable":true,"href":"https:\/\/shop.bantam.ch\/fr\/wp-json\/wp\/v2\/media\/77207"}],"wp:attachment":[{"href":"https:\/\/shop.bantam.ch\/fr\/wp-json\/wp\/v2\/media?parent=77209"}],"wp:term":[{"taxonomy":"product_featured_cat","embeddable":true,"href":"https:\/\/shop.bantam.ch\/fr\/wp-json\/wp\/v2\/product_featured_cat?post=77209"},{"taxonomy":"product_brand","embeddable":true,"href":"https:\/\/shop.bantam.ch\/fr\/wp-json\/wp\/v2\/product_brand?post=77209"},{"taxonomy":"product_cat","embeddable":true,"href":"https:\/\/shop.bantam.ch\/fr\/wp-json\/wp\/v2\/product_cat?post=77209"},{"taxonomy":"product_tag","embeddable":true,"href":"https:\/\/shop.bantam.ch\/fr\/wp-json\/wp\/v2\/product_tag?post=77209"}],"curies":[{"name":"wp","href":"https:\/\/api.w.org\/{rel}","templated":true}]}}