{"id":77117,"date":"2023-02-28T00:47:56","date_gmt":"2023-02-27T23:47:56","guid":{"rendered":"http:\/\/shop.bantam.ch\/produit\/cable-de-rallonge-8-a-12-24-v-4-m\/"},"modified":"2026-05-01T21:19:59","modified_gmt":"2026-05-01T19:19:59","slug":"cable-de-rallonge-8-a-12-24-v-4-m","status":"publish","type":"product","link":"https:\/\/shop.bantam.ch\/fr\/produit\/cable-de-rallonge-8-a-12-24-v-4-m\/","title":{"rendered":"C\u00e2ble de rallonge Pro Car 8 A \/ 12 &#8211; 24 V Longueur de c\u00e2ble 4 m"},"content":{"rendered":"<p>C\u00e2ble de rallonge avec fiche de s\u00e9curit\u00e9 universelle adapt\u00e9e aux prises standard et allume-cigare pour raccorder par ex. des lampes et des appareils suppl\u00e9mentaires avec des prises standard et universelles.<\/p>\n<ul>\n<li>C\u00e2ble : 2 x 0,75 mm\u00b2<\/li>\n<li>4 m de long avec accouplement anti-rupture<\/li>\n<li>Fusible int\u00e9gr\u00e9<\/li>\n<li>Charge 8 A<\/li>\n<\/ul>\n","protected":false},"excerpt":{"rendered":"<p>C\u00e2ble de rallonge avec fiche de s\u00e9curit\u00e9 universelle adapt\u00e9e aux prises standard et allume-cigare pour raccorder par ex. des lampes et des appareils suppl\u00e9mentaires avec des prises standard et universelles. C\u00e2ble : 2 x 0,75 mm\u00b2 4 m de long avec accouplement anti-rupture Fusible int\u00e9gr\u00e9 Charge 8 A<\/p>\n","protected":false},"featured_media":77115,"template":"","meta":{"_acf_changed":false},"product_featured_cat":[],"product_brand":[3104],"product_cat":[4193],"product_tag":[],"class_list":{"0":"post-77117","1":"product","2":"type-product","3":"status-publish","4":"has-post-thumbnail","6":"product_brand-pro-car","7":"product_cat-fiche-12-24-v","9":"first","10":"instock","11":"taxable","12":"shipping-taxable","13":"purchasable","14":"product-type-simple"},"acf":[],"yoast_head":"<!-- This site is optimized with the Yoast SEO plugin v27.5 - https:\/\/yoast.com\/product\/yoast-seo-wordpress\/ -->\n<title>C\u00e2ble de rallonge Pro Car 8 A \/ 12 - 24 V Longueur de c\u00e2ble 4 m - Bantam<\/title>\n<meta name=\"robots\" content=\"index, follow, max-snippet:-1, max-image-preview:large, max-video-preview:-1\" \/>\n<link rel=\"canonical\" href=\"https:\/\/shop.bantam.ch\/fr\/produit\/cable-de-rallonge-8-a-12-24-v-4-m\/\" \/>\n<meta property=\"og:locale\" content=\"fr_FR\" \/>\n<meta property=\"og:type\" content=\"article\" \/>\n<meta property=\"og:title\" content=\"C\u00e2ble de rallonge Pro Car 8 A \/ 12 - 24 V Longueur de c\u00e2ble 4 m - Bantam\" \/>\n<meta property=\"og:description\" content=\"C\u00e2ble de rallonge avec fiche de s\u00e9curit\u00e9 universelle adapt\u00e9e aux prises standard et allume-cigare pour raccorder par ex. des lampes et des appareils suppl\u00e9mentaires avec des prises standard et universelles. C\u00e2ble : 2 x 0,75 mm\u00b2 4 m de long avec accouplement anti-rupture Fusible int\u00e9gr\u00e9 Charge 8 A\" \/>\n<meta property=\"og:url\" content=\"https:\/\/shop.bantam.ch\/fr\/produit\/cable-de-rallonge-8-a-12-24-v-4-m\/\" \/>\n<meta property=\"og:site_name\" content=\"Bantam\" \/>\n<meta property=\"article:modified_time\" content=\"2026-05-01T19:19:59+00:00\" \/>\n<meta property=\"og:image\" content=\"https:\/\/shop.bantam.ch\/wp-content\/uploads\/2023\/02\/993169611.jpg\" \/>\n\t<meta property=\"og:image:width\" content=\"1000\" \/>\n\t<meta property=\"og:image:height\" content=\"736\" \/>\n\t<meta property=\"og:image:type\" content=\"image\/jpeg\" \/>\n<meta name=\"twitter:card\" content=\"summary_large_image\" \/>\n<script type=\"application\/ld+json\" class=\"yoast-schema-graph\">{\"@context\":\"https:\\\/\\\/schema.org\",\"@graph\":[{\"@type\":\"WebPage\",\"@id\":\"https:\\\/\\\/shop.bantam.ch\\\/fr\\\/produit\\\/cable-de-rallonge-8-a-12-24-v-4-m\\\/\",\"url\":\"https:\\\/\\\/shop.bantam.ch\\\/fr\\\/produit\\\/cable-de-rallonge-8-a-12-24-v-4-m\\\/\",\"name\":\"C\u00e2ble de rallonge Pro Car 8 A \\\/ 12 - 24 V Longueur de c\u00e2ble 4 m - Bantam\",\"isPartOf\":{\"@id\":\"https:\\\/\\\/shop.bantam.ch\\\/fr\\\/#website\"},\"primaryImageOfPage\":{\"@id\":\"https:\\\/\\\/shop.bantam.ch\\\/fr\\\/produit\\\/cable-de-rallonge-8-a-12-24-v-4-m\\\/#primaryimage\"},\"image\":{\"@id\":\"https:\\\/\\\/shop.bantam.ch\\\/fr\\\/produit\\\/cable-de-rallonge-8-a-12-24-v-4-m\\\/#primaryimage\"},\"thumbnailUrl\":\"https:\\\/\\\/shop.bantam.ch\\\/wp-content\\\/uploads\\\/2023\\\/02\\\/993169611.jpg\",\"datePublished\":\"2023-02-27T23:47:56+00:00\",\"dateModified\":\"2026-05-01T19:19:59+00:00\",\"breadcrumb\":{\"@id\":\"https:\\\/\\\/shop.bantam.ch\\\/fr\\\/produit\\\/cable-de-rallonge-8-a-12-24-v-4-m\\\/#breadcrumb\"},\"inLanguage\":\"fr-FR\",\"potentialAction\":[{\"@type\":\"ReadAction\",\"target\":[\"https:\\\/\\\/shop.bantam.ch\\\/fr\\\/produit\\\/cable-de-rallonge-8-a-12-24-v-4-m\\\/\"]}]},{\"@type\":\"ImageObject\",\"inLanguage\":\"fr-FR\",\"@id\":\"https:\\\/\\\/shop.bantam.ch\\\/fr\\\/produit\\\/cable-de-rallonge-8-a-12-24-v-4-m\\\/#primaryimage\",\"url\":\"https:\\\/\\\/shop.bantam.ch\\\/wp-content\\\/uploads\\\/2023\\\/02\\\/993169611.jpg\",\"contentUrl\":\"https:\\\/\\\/shop.bantam.ch\\\/wp-content\\\/uploads\\\/2023\\\/02\\\/993169611.jpg\",\"width\":1000,\"height\":736},{\"@type\":\"BreadcrumbList\",\"@id\":\"https:\\\/\\\/shop.bantam.ch\\\/fr\\\/produit\\\/cable-de-rallonge-8-a-12-24-v-4-m\\\/#breadcrumb\",\"itemListElement\":[{\"@type\":\"ListItem\",\"position\":1,\"name\":\"Accueil\",\"item\":\"https:\\\/\\\/shop.bantam.ch\\\/fr\\\/\"},{\"@type\":\"ListItem\",\"position\":2,\"name\":\"Boutique\",\"item\":\"https:\\\/\\\/shop.bantam.ch\\\/fr\\\/boutique\\\/\"},{\"@type\":\"ListItem\",\"position\":3,\"name\":\"C\u00e2ble de rallonge Pro Car 8 A \\\/ 12 &#8211; 24 V Longueur de c\u00e2ble 4 m\"}]},{\"@type\":\"WebSite\",\"@id\":\"https:\\\/\\\/shop.bantam.ch\\\/fr\\\/#website\",\"url\":\"https:\\\/\\\/shop.bantam.ch\\\/fr\\\/\",\"name\":\"Bantam\",\"description\":\"\",\"publisher\":{\"@id\":\"https:\\\/\\\/shop.bantam.ch\\\/fr\\\/#organization\"},\"inLanguage\":\"fr-FR\"},{\"@type\":\"Organization\",\"@id\":\"https:\\\/\\\/shop.bantam.ch\\\/fr\\\/#organization\",\"name\":\"Bantam\",\"url\":\"https:\\\/\\\/shop.bantam.ch\\\/fr\\\/\",\"logo\":{\"@type\":\"ImageObject\",\"inLanguage\":\"fr-FR\",\"@id\":\"https:\\\/\\\/shop.bantam.ch\\\/fr\\\/#\\\/schema\\\/logo\\\/image\\\/\",\"url\":\"https:\\\/\\\/shop.bantam.ch\\\/wp-content\\\/uploads\\\/2022\\\/12\\\/bantam-logo.png\",\"contentUrl\":\"https:\\\/\\\/shop.bantam.ch\\\/wp-content\\\/uploads\\\/2022\\\/12\\\/bantam-logo.png\",\"width\":320,\"height\":71,\"caption\":\"Bantam\"},\"image\":{\"@id\":\"https:\\\/\\\/shop.bantam.ch\\\/fr\\\/#\\\/schema\\\/logo\\\/image\\\/\"}}]}<\/script>\n<!-- \/ Yoast SEO plugin. -->","yoast_head_json":{"title":"C\u00e2ble de rallonge Pro Car 8 A \/ 12 - 24 V Longueur de c\u00e2ble 4 m - Bantam","robots":{"index":"index","follow":"follow","max-snippet":"max-snippet:-1","max-image-preview":"max-image-preview:large","max-video-preview":"max-video-preview:-1"},"canonical":"https:\/\/shop.bantam.ch\/fr\/produit\/cable-de-rallonge-8-a-12-24-v-4-m\/","og_locale":"fr_FR","og_type":"article","og_title":"C\u00e2ble de rallonge Pro Car 8 A \/ 12 - 24 V Longueur de c\u00e2ble 4 m - Bantam","og_description":"C\u00e2ble de rallonge avec fiche de s\u00e9curit\u00e9 universelle adapt\u00e9e aux prises standard et allume-cigare pour raccorder par ex. des lampes et des appareils suppl\u00e9mentaires avec des prises standard et universelles. C\u00e2ble : 2 x 0,75 mm\u00b2 4 m de long avec accouplement anti-rupture Fusible int\u00e9gr\u00e9 Charge 8 A","og_url":"https:\/\/shop.bantam.ch\/fr\/produit\/cable-de-rallonge-8-a-12-24-v-4-m\/","og_site_name":"Bantam","article_modified_time":"2026-05-01T19:19:59+00:00","og_image":[{"width":1000,"height":736,"url":"https:\/\/shop.bantam.ch\/wp-content\/uploads\/2023\/02\/993169611.jpg","type":"image\/jpeg"}],"twitter_card":"summary_large_image","schema":{"@context":"https:\/\/schema.org","@graph":[{"@type":"WebPage","@id":"https:\/\/shop.bantam.ch\/fr\/produit\/cable-de-rallonge-8-a-12-24-v-4-m\/","url":"https:\/\/shop.bantam.ch\/fr\/produit\/cable-de-rallonge-8-a-12-24-v-4-m\/","name":"C\u00e2ble de rallonge Pro Car 8 A \/ 12 - 24 V Longueur de c\u00e2ble 4 m - Bantam","isPartOf":{"@id":"https:\/\/shop.bantam.ch\/fr\/#website"},"primaryImageOfPage":{"@id":"https:\/\/shop.bantam.ch\/fr\/produit\/cable-de-rallonge-8-a-12-24-v-4-m\/#primaryimage"},"image":{"@id":"https:\/\/shop.bantam.ch\/fr\/produit\/cable-de-rallonge-8-a-12-24-v-4-m\/#primaryimage"},"thumbnailUrl":"https:\/\/shop.bantam.ch\/wp-content\/uploads\/2023\/02\/993169611.jpg","datePublished":"2023-02-27T23:47:56+00:00","dateModified":"2026-05-01T19:19:59+00:00","breadcrumb":{"@id":"https:\/\/shop.bantam.ch\/fr\/produit\/cable-de-rallonge-8-a-12-24-v-4-m\/#breadcrumb"},"inLanguage":"fr-FR","potentialAction":[{"@type":"ReadAction","target":["https:\/\/shop.bantam.ch\/fr\/produit\/cable-de-rallonge-8-a-12-24-v-4-m\/"]}]},{"@type":"ImageObject","inLanguage":"fr-FR","@id":"https:\/\/shop.bantam.ch\/fr\/produit\/cable-de-rallonge-8-a-12-24-v-4-m\/#primaryimage","url":"https:\/\/shop.bantam.ch\/wp-content\/uploads\/2023\/02\/993169611.jpg","contentUrl":"https:\/\/shop.bantam.ch\/wp-content\/uploads\/2023\/02\/993169611.jpg","width":1000,"height":736},{"@type":"BreadcrumbList","@id":"https:\/\/shop.bantam.ch\/fr\/produit\/cable-de-rallonge-8-a-12-24-v-4-m\/#breadcrumb","itemListElement":[{"@type":"ListItem","position":1,"name":"Accueil","item":"https:\/\/shop.bantam.ch\/fr\/"},{"@type":"ListItem","position":2,"name":"Boutique","item":"https:\/\/shop.bantam.ch\/fr\/boutique\/"},{"@type":"ListItem","position":3,"name":"C\u00e2ble de rallonge Pro Car 8 A \/ 12 &#8211; 24 V Longueur de c\u00e2ble 4 m"}]},{"@type":"WebSite","@id":"https:\/\/shop.bantam.ch\/fr\/#website","url":"https:\/\/shop.bantam.ch\/fr\/","name":"Bantam","description":"","publisher":{"@id":"https:\/\/shop.bantam.ch\/fr\/#organization"},"inLanguage":"fr-FR"},{"@type":"Organization","@id":"https:\/\/shop.bantam.ch\/fr\/#organization","name":"Bantam","url":"https:\/\/shop.bantam.ch\/fr\/","logo":{"@type":"ImageObject","inLanguage":"fr-FR","@id":"https:\/\/shop.bantam.ch\/fr\/#\/schema\/logo\/image\/","url":"https:\/\/shop.bantam.ch\/wp-content\/uploads\/2022\/12\/bantam-logo.png","contentUrl":"https:\/\/shop.bantam.ch\/wp-content\/uploads\/2022\/12\/bantam-logo.png","width":320,"height":71,"caption":"Bantam"},"image":{"@id":"https:\/\/shop.bantam.ch\/fr\/#\/schema\/logo\/image\/"}}]}},"_links":{"self":[{"href":"https:\/\/shop.bantam.ch\/fr\/wp-json\/wp\/v2\/product\/77117","targetHints":{"allow":["GET"]}}],"collection":[{"href":"https:\/\/shop.bantam.ch\/fr\/wp-json\/wp\/v2\/product"}],"about":[{"href":"https:\/\/shop.bantam.ch\/fr\/wp-json\/wp\/v2\/types\/product"}],"wp:featuredmedia":[{"embeddable":true,"href":"https:\/\/shop.bantam.ch\/fr\/wp-json\/wp\/v2\/media\/77115"}],"wp:attachment":[{"href":"https:\/\/shop.bantam.ch\/fr\/wp-json\/wp\/v2\/media?parent=77117"}],"wp:term":[{"taxonomy":"product_featured_cat","embeddable":true,"href":"https:\/\/shop.bantam.ch\/fr\/wp-json\/wp\/v2\/product_featured_cat?post=77117"},{"taxonomy":"product_brand","embeddable":true,"href":"https:\/\/shop.bantam.ch\/fr\/wp-json\/wp\/v2\/product_brand?post=77117"},{"taxonomy":"product_cat","embeddable":true,"href":"https:\/\/shop.bantam.ch\/fr\/wp-json\/wp\/v2\/product_cat?post=77117"},{"taxonomy":"product_tag","embeddable":true,"href":"https:\/\/shop.bantam.ch\/fr\/wp-json\/wp\/v2\/product_tag?post=77117"}],"curies":[{"name":"wp","href":"https:\/\/api.w.org\/{rel}","templated":true}]}}