{"id":76881,"date":"2023-02-28T00:44:09","date_gmt":"2023-02-27T23:44:09","guid":{"rendered":"http:\/\/shop.bantam.ch\/produit\/desinfectant-pour-eau-certec-3-en-1-sans-argent\/"},"modified":"2026-05-01T22:20:20","modified_gmt":"2026-05-01T20:20:20","slug":"desinfectant-pour-eau-certec-3-en-1-sans-argent","status":"publish","type":"product","link":"https:\/\/shop.bantam.ch\/fr\/produit\/desinfectant-pour-eau-certec-3-en-1-sans-argent\/","title":{"rendered":"D\u00e9sinfectant pour eau Certec 3 en 1 sans argent"},"content":{"rendered":"<p>Certec 3 en1 prot\u00e8ge l&rsquo;eau douce de votre r\u00e9servoir toute l&rsquo;ann\u00e9e. Le triple effet sp\u00e9cial de la capsule emp\u00eache la germination et la formation de biofilms (stries). Elle alimente \u00e9galement l&rsquo;eau en min\u00e9raux. Certec 3 en 1 flotte \u00e0 la surface de l&rsquo;eau et peut \u00eatre facilement retir\u00e9 du r\u00e9servoir \u00e0 tout moment gr\u00e2ce \u00e0 son fil en nylon.<\/p>\n<ul>\n<li>Permet la conservation de l&rsquo;eau potable<\/li>\n<li>L&rsquo;eau peut rester dans le r\u00e9cipient, il suffit juste de le r\u00e9approvisionner.<\/li>\n<li>Remin\u00e9ralise et revitalise l\u2019eau<\/li>\n<li>Sans argent<\/li>\n<\/ul>\n<p>\u00a0<\/p>\n","protected":false},"excerpt":{"rendered":"<p>Certec 3 en1 prot\u00e8ge l&rsquo;eau douce de votre r\u00e9servoir toute l&rsquo;ann\u00e9e. Le triple effet sp\u00e9cial de la capsule emp\u00eache la germination et la formation de biofilms (stries). Elle alimente \u00e9galement l&rsquo;eau en min\u00e9raux. Certec 3 en 1 flotte \u00e0 la surface de l&rsquo;eau et peut \u00eatre facilement retir\u00e9 du r\u00e9servoir \u00e0 tout moment gr\u00e2ce \u00e0 [&hellip;]<\/p>\n","protected":false},"featured_media":76869,"template":"","meta":{"_acf_changed":false},"product_featured_cat":[],"product_brand":[3108],"product_cat":[4613],"product_tag":[],"class_list":{"0":"post-76881","1":"product","2":"type-product","3":"status-publish","4":"has-post-thumbnail","6":"product_brand-lilie","7":"product_cat-desinfection-de-leau","9":"first","10":"instock","11":"taxable","12":"shipping-taxable","13":"purchasable","14":"product-type-variable"},"acf":[],"yoast_head":"<!-- This site is optimized with the Yoast SEO plugin v27.5 - https:\/\/yoast.com\/product\/yoast-seo-wordpress\/ -->\n<title>D\u00e9sinfectant pour eau Certec 3 en 1 sans argent - Bantam<\/title>\n<meta name=\"robots\" content=\"index, follow, max-snippet:-1, max-image-preview:large, max-video-preview:-1\" \/>\n<link rel=\"canonical\" href=\"https:\/\/shop.bantam.ch\/fr\/produit\/desinfectant-pour-eau-certec-3-en-1-sans-argent\/\" \/>\n<meta property=\"og:locale\" content=\"fr_FR\" \/>\n<meta property=\"og:type\" content=\"article\" \/>\n<meta property=\"og:title\" content=\"D\u00e9sinfectant pour eau Certec 3 en 1 sans argent - Bantam\" \/>\n<meta property=\"og:description\" content=\"Certec 3 en1 prot\u00e8ge l&rsquo;eau douce de votre r\u00e9servoir toute l&rsquo;ann\u00e9e. Le triple effet sp\u00e9cial de la capsule emp\u00eache la germination et la formation de biofilms (stries). Elle alimente \u00e9galement l&rsquo;eau en min\u00e9raux. Certec 3 en 1 flotte \u00e0 la surface de l&rsquo;eau et peut \u00eatre facilement retir\u00e9 du r\u00e9servoir \u00e0 tout moment gr\u00e2ce \u00e0 [&hellip;]\" \/>\n<meta property=\"og:url\" content=\"https:\/\/shop.bantam.ch\/fr\/produit\/desinfectant-pour-eau-certec-3-en-1-sans-argent\/\" \/>\n<meta property=\"og:site_name\" content=\"Bantam\" \/>\n<meta property=\"article:modified_time\" content=\"2026-05-01T20:20:20+00:00\" \/>\n<meta property=\"og:image\" content=\"https:\/\/shop.bantam.ch\/wp-content\/uploads\/2023\/02\/993185712.jpg\" \/>\n\t<meta property=\"og:image:width\" content=\"722\" \/>\n\t<meta property=\"og:image:height\" content=\"1000\" \/>\n\t<meta property=\"og:image:type\" content=\"image\/jpeg\" \/>\n<meta name=\"twitter:card\" content=\"summary_large_image\" \/>\n<script type=\"application\/ld+json\" class=\"yoast-schema-graph\">{\"@context\":\"https:\\\/\\\/schema.org\",\"@graph\":[{\"@type\":\"WebPage\",\"@id\":\"https:\\\/\\\/shop.bantam.ch\\\/fr\\\/produit\\\/desinfectant-pour-eau-certec-3-en-1-sans-argent\\\/\",\"url\":\"https:\\\/\\\/shop.bantam.ch\\\/fr\\\/produit\\\/desinfectant-pour-eau-certec-3-en-1-sans-argent\\\/\",\"name\":\"D\u00e9sinfectant pour eau Certec 3 en 1 sans argent - Bantam\",\"isPartOf\":{\"@id\":\"https:\\\/\\\/shop.bantam.ch\\\/fr\\\/#website\"},\"primaryImageOfPage\":{\"@id\":\"https:\\\/\\\/shop.bantam.ch\\\/fr\\\/produit\\\/desinfectant-pour-eau-certec-3-en-1-sans-argent\\\/#primaryimage\"},\"image\":{\"@id\":\"https:\\\/\\\/shop.bantam.ch\\\/fr\\\/produit\\\/desinfectant-pour-eau-certec-3-en-1-sans-argent\\\/#primaryimage\"},\"thumbnailUrl\":\"https:\\\/\\\/shop.bantam.ch\\\/wp-content\\\/uploads\\\/2023\\\/02\\\/993185712.jpg\",\"datePublished\":\"2023-02-27T23:44:09+00:00\",\"dateModified\":\"2026-05-01T20:20:20+00:00\",\"breadcrumb\":{\"@id\":\"https:\\\/\\\/shop.bantam.ch\\\/fr\\\/produit\\\/desinfectant-pour-eau-certec-3-en-1-sans-argent\\\/#breadcrumb\"},\"inLanguage\":\"fr-FR\",\"potentialAction\":[{\"@type\":\"ReadAction\",\"target\":[\"https:\\\/\\\/shop.bantam.ch\\\/fr\\\/produit\\\/desinfectant-pour-eau-certec-3-en-1-sans-argent\\\/\"]}]},{\"@type\":\"ImageObject\",\"inLanguage\":\"fr-FR\",\"@id\":\"https:\\\/\\\/shop.bantam.ch\\\/fr\\\/produit\\\/desinfectant-pour-eau-certec-3-en-1-sans-argent\\\/#primaryimage\",\"url\":\"https:\\\/\\\/shop.bantam.ch\\\/wp-content\\\/uploads\\\/2023\\\/02\\\/993185712.jpg\",\"contentUrl\":\"https:\\\/\\\/shop.bantam.ch\\\/wp-content\\\/uploads\\\/2023\\\/02\\\/993185712.jpg\",\"width\":722,\"height\":1000},{\"@type\":\"BreadcrumbList\",\"@id\":\"https:\\\/\\\/shop.bantam.ch\\\/fr\\\/produit\\\/desinfectant-pour-eau-certec-3-en-1-sans-argent\\\/#breadcrumb\",\"itemListElement\":[{\"@type\":\"ListItem\",\"position\":1,\"name\":\"Accueil\",\"item\":\"https:\\\/\\\/shop.bantam.ch\\\/fr\\\/\"},{\"@type\":\"ListItem\",\"position\":2,\"name\":\"Boutique\",\"item\":\"https:\\\/\\\/shop.bantam.ch\\\/fr\\\/boutique\\\/\"},{\"@type\":\"ListItem\",\"position\":3,\"name\":\"D\u00e9sinfectant pour eau Certec 3 en 1 sans argent\"}]},{\"@type\":\"WebSite\",\"@id\":\"https:\\\/\\\/shop.bantam.ch\\\/fr\\\/#website\",\"url\":\"https:\\\/\\\/shop.bantam.ch\\\/fr\\\/\",\"name\":\"Bantam\",\"description\":\"\",\"publisher\":{\"@id\":\"https:\\\/\\\/shop.bantam.ch\\\/fr\\\/#organization\"},\"inLanguage\":\"fr-FR\"},{\"@type\":\"Organization\",\"@id\":\"https:\\\/\\\/shop.bantam.ch\\\/fr\\\/#organization\",\"name\":\"Bantam\",\"url\":\"https:\\\/\\\/shop.bantam.ch\\\/fr\\\/\",\"logo\":{\"@type\":\"ImageObject\",\"inLanguage\":\"fr-FR\",\"@id\":\"https:\\\/\\\/shop.bantam.ch\\\/fr\\\/#\\\/schema\\\/logo\\\/image\\\/\",\"url\":\"https:\\\/\\\/shop.bantam.ch\\\/wp-content\\\/uploads\\\/2022\\\/12\\\/bantam-logo.png\",\"contentUrl\":\"https:\\\/\\\/shop.bantam.ch\\\/wp-content\\\/uploads\\\/2022\\\/12\\\/bantam-logo.png\",\"width\":320,\"height\":71,\"caption\":\"Bantam\"},\"image\":{\"@id\":\"https:\\\/\\\/shop.bantam.ch\\\/fr\\\/#\\\/schema\\\/logo\\\/image\\\/\"}}]}<\/script>\n<!-- \/ Yoast SEO plugin. -->","yoast_head_json":{"title":"D\u00e9sinfectant pour eau Certec 3 en 1 sans argent - Bantam","robots":{"index":"index","follow":"follow","max-snippet":"max-snippet:-1","max-image-preview":"max-image-preview:large","max-video-preview":"max-video-preview:-1"},"canonical":"https:\/\/shop.bantam.ch\/fr\/produit\/desinfectant-pour-eau-certec-3-en-1-sans-argent\/","og_locale":"fr_FR","og_type":"article","og_title":"D\u00e9sinfectant pour eau Certec 3 en 1 sans argent - Bantam","og_description":"Certec 3 en1 prot\u00e8ge l&rsquo;eau douce de votre r\u00e9servoir toute l&rsquo;ann\u00e9e. Le triple effet sp\u00e9cial de la capsule emp\u00eache la germination et la formation de biofilms (stries). Elle alimente \u00e9galement l&rsquo;eau en min\u00e9raux. Certec 3 en 1 flotte \u00e0 la surface de l&rsquo;eau et peut \u00eatre facilement retir\u00e9 du r\u00e9servoir \u00e0 tout moment gr\u00e2ce \u00e0 [&hellip;]","og_url":"https:\/\/shop.bantam.ch\/fr\/produit\/desinfectant-pour-eau-certec-3-en-1-sans-argent\/","og_site_name":"Bantam","article_modified_time":"2026-05-01T20:20:20+00:00","og_image":[{"width":722,"height":1000,"url":"https:\/\/shop.bantam.ch\/wp-content\/uploads\/2023\/02\/993185712.jpg","type":"image\/jpeg"}],"twitter_card":"summary_large_image","schema":{"@context":"https:\/\/schema.org","@graph":[{"@type":"WebPage","@id":"https:\/\/shop.bantam.ch\/fr\/produit\/desinfectant-pour-eau-certec-3-en-1-sans-argent\/","url":"https:\/\/shop.bantam.ch\/fr\/produit\/desinfectant-pour-eau-certec-3-en-1-sans-argent\/","name":"D\u00e9sinfectant pour eau Certec 3 en 1 sans argent - Bantam","isPartOf":{"@id":"https:\/\/shop.bantam.ch\/fr\/#website"},"primaryImageOfPage":{"@id":"https:\/\/shop.bantam.ch\/fr\/produit\/desinfectant-pour-eau-certec-3-en-1-sans-argent\/#primaryimage"},"image":{"@id":"https:\/\/shop.bantam.ch\/fr\/produit\/desinfectant-pour-eau-certec-3-en-1-sans-argent\/#primaryimage"},"thumbnailUrl":"https:\/\/shop.bantam.ch\/wp-content\/uploads\/2023\/02\/993185712.jpg","datePublished":"2023-02-27T23:44:09+00:00","dateModified":"2026-05-01T20:20:20+00:00","breadcrumb":{"@id":"https:\/\/shop.bantam.ch\/fr\/produit\/desinfectant-pour-eau-certec-3-en-1-sans-argent\/#breadcrumb"},"inLanguage":"fr-FR","potentialAction":[{"@type":"ReadAction","target":["https:\/\/shop.bantam.ch\/fr\/produit\/desinfectant-pour-eau-certec-3-en-1-sans-argent\/"]}]},{"@type":"ImageObject","inLanguage":"fr-FR","@id":"https:\/\/shop.bantam.ch\/fr\/produit\/desinfectant-pour-eau-certec-3-en-1-sans-argent\/#primaryimage","url":"https:\/\/shop.bantam.ch\/wp-content\/uploads\/2023\/02\/993185712.jpg","contentUrl":"https:\/\/shop.bantam.ch\/wp-content\/uploads\/2023\/02\/993185712.jpg","width":722,"height":1000},{"@type":"BreadcrumbList","@id":"https:\/\/shop.bantam.ch\/fr\/produit\/desinfectant-pour-eau-certec-3-en-1-sans-argent\/#breadcrumb","itemListElement":[{"@type":"ListItem","position":1,"name":"Accueil","item":"https:\/\/shop.bantam.ch\/fr\/"},{"@type":"ListItem","position":2,"name":"Boutique","item":"https:\/\/shop.bantam.ch\/fr\/boutique\/"},{"@type":"ListItem","position":3,"name":"D\u00e9sinfectant pour eau Certec 3 en 1 sans argent"}]},{"@type":"WebSite","@id":"https:\/\/shop.bantam.ch\/fr\/#website","url":"https:\/\/shop.bantam.ch\/fr\/","name":"Bantam","description":"","publisher":{"@id":"https:\/\/shop.bantam.ch\/fr\/#organization"},"inLanguage":"fr-FR"},{"@type":"Organization","@id":"https:\/\/shop.bantam.ch\/fr\/#organization","name":"Bantam","url":"https:\/\/shop.bantam.ch\/fr\/","logo":{"@type":"ImageObject","inLanguage":"fr-FR","@id":"https:\/\/shop.bantam.ch\/fr\/#\/schema\/logo\/image\/","url":"https:\/\/shop.bantam.ch\/wp-content\/uploads\/2022\/12\/bantam-logo.png","contentUrl":"https:\/\/shop.bantam.ch\/wp-content\/uploads\/2022\/12\/bantam-logo.png","width":320,"height":71,"caption":"Bantam"},"image":{"@id":"https:\/\/shop.bantam.ch\/fr\/#\/schema\/logo\/image\/"}}]}},"_links":{"self":[{"href":"https:\/\/shop.bantam.ch\/fr\/wp-json\/wp\/v2\/product\/76881","targetHints":{"allow":["GET"]}}],"collection":[{"href":"https:\/\/shop.bantam.ch\/fr\/wp-json\/wp\/v2\/product"}],"about":[{"href":"https:\/\/shop.bantam.ch\/fr\/wp-json\/wp\/v2\/types\/product"}],"wp:featuredmedia":[{"embeddable":true,"href":"https:\/\/shop.bantam.ch\/fr\/wp-json\/wp\/v2\/media\/76869"}],"wp:attachment":[{"href":"https:\/\/shop.bantam.ch\/fr\/wp-json\/wp\/v2\/media?parent=76881"}],"wp:term":[{"taxonomy":"product_featured_cat","embeddable":true,"href":"https:\/\/shop.bantam.ch\/fr\/wp-json\/wp\/v2\/product_featured_cat?post=76881"},{"taxonomy":"product_brand","embeddable":true,"href":"https:\/\/shop.bantam.ch\/fr\/wp-json\/wp\/v2\/product_brand?post=76881"},{"taxonomy":"product_cat","embeddable":true,"href":"https:\/\/shop.bantam.ch\/fr\/wp-json\/wp\/v2\/product_cat?post=76881"},{"taxonomy":"product_tag","embeddable":true,"href":"https:\/\/shop.bantam.ch\/fr\/wp-json\/wp\/v2\/product_tag?post=76881"}],"curies":[{"name":"wp","href":"https:\/\/api.w.org\/{rel}","templated":true}]}}