{"id":76821,"date":"2023-02-28T00:43:10","date_gmt":"2023-02-27T23:43:10","guid":{"rendered":"http:\/\/shop.bantam.ch\/produit\/chariot-a-roulettes-en-bois\/"},"modified":"2026-05-10T21:20:29","modified_gmt":"2026-05-10T19:20:29","slug":"chariot-a-roulettes-en-bois","status":"publish","type":"product","link":"https:\/\/shop.bantam.ch\/fr\/produit\/chariot-a-roulettes-en-bois\/","title":{"rendered":"Chariot \u00e0 roulettes EuroTrail bois"},"content":{"rendered":"<p>Aide au transport compacte avec une capacit\u00e9 de charge maximale de 100 kg ! Id\u00e9al pour le jardin, les sports, les loisirs et le camping. La structure en bois enfichable robuste peut \u00eatre d\u00e9mont\u00e9e sans effort et se range dans peu de place apr\u00e8s usage. Les roues gonfl\u00e9es assurent un transport facile m\u00eame dans le sable !<\/p>\n<p>Mat\u00e9riau\u00a0:<br \/>Contre-plaqu\u00e9<br \/>Cadre\u00a0: acier<\/p>\n","protected":false},"excerpt":{"rendered":"<p>Aide au transport compacte avec une capacit\u00e9 de charge maximale de 100 kg ! Id\u00e9al pour le jardin, les sports, les loisirs et le camping. La structure en bois enfichable robuste peut \u00eatre d\u00e9mont\u00e9e sans effort et se range dans peu de place apr\u00e8s usage. Les roues gonfl\u00e9es assurent un transport facile m\u00eame dans le [&hellip;]<\/p>\n","protected":false},"featured_media":76817,"template":"","meta":{"_acf_changed":false},"product_featured_cat":[],"product_brand":[3074],"product_cat":[4473],"product_tag":[],"class_list":{"0":"post-76821","1":"product","2":"type-product","3":"status-publish","4":"has-post-thumbnail","6":"product_brand-eurotrail","7":"product_cat-transport-et-chariots-a-roulettes","9":"first","10":"instock","11":"taxable","12":"shipping-taxable","13":"purchasable","14":"product-type-simple"},"acf":[],"yoast_head":"<!-- This site is optimized with the Yoast SEO plugin v27.5 - https:\/\/yoast.com\/product\/yoast-seo-wordpress\/ -->\n<title>Chariot \u00e0 roulettes EuroTrail bois - Bantam<\/title>\n<meta name=\"robots\" content=\"index, follow, max-snippet:-1, max-image-preview:large, max-video-preview:-1\" \/>\n<link rel=\"canonical\" href=\"https:\/\/shop.bantam.ch\/fr\/produit\/chariot-a-roulettes-en-bois\/\" \/>\n<meta property=\"og:locale\" content=\"fr_FR\" \/>\n<meta property=\"og:type\" content=\"article\" \/>\n<meta property=\"og:title\" content=\"Chariot \u00e0 roulettes EuroTrail bois - Bantam\" \/>\n<meta property=\"og:description\" content=\"Aide au transport compacte avec une capacit\u00e9 de charge maximale de 100 kg ! Id\u00e9al pour le jardin, les sports, les loisirs et le camping. La structure en bois enfichable robuste peut \u00eatre d\u00e9mont\u00e9e sans effort et se range dans peu de place apr\u00e8s usage. Les roues gonfl\u00e9es assurent un transport facile m\u00eame dans le [&hellip;]\" \/>\n<meta property=\"og:url\" content=\"https:\/\/shop.bantam.ch\/fr\/produit\/chariot-a-roulettes-en-bois\/\" \/>\n<meta property=\"og:site_name\" content=\"Bantam\" \/>\n<meta property=\"article:modified_time\" content=\"2026-05-10T19:20:29+00:00\" \/>\n<meta property=\"og:image\" content=\"https:\/\/shop.bantam.ch\/wp-content\/uploads\/2023\/02\/9931828-100-1-3.jpg\" \/>\n\t<meta property=\"og:image:width\" content=\"463\" \/>\n\t<meta property=\"og:image:height\" content=\"500\" \/>\n\t<meta property=\"og:image:type\" content=\"image\/jpeg\" \/>\n<meta name=\"twitter:card\" content=\"summary_large_image\" \/>\n<script type=\"application\/ld+json\" class=\"yoast-schema-graph\">{\"@context\":\"https:\\\/\\\/schema.org\",\"@graph\":[{\"@type\":\"WebPage\",\"@id\":\"https:\\\/\\\/shop.bantam.ch\\\/fr\\\/produit\\\/chariot-a-roulettes-en-bois\\\/\",\"url\":\"https:\\\/\\\/shop.bantam.ch\\\/fr\\\/produit\\\/chariot-a-roulettes-en-bois\\\/\",\"name\":\"Chariot \u00e0 roulettes EuroTrail bois - Bantam\",\"isPartOf\":{\"@id\":\"https:\\\/\\\/shop.bantam.ch\\\/fr\\\/#website\"},\"primaryImageOfPage\":{\"@id\":\"https:\\\/\\\/shop.bantam.ch\\\/fr\\\/produit\\\/chariot-a-roulettes-en-bois\\\/#primaryimage\"},\"image\":{\"@id\":\"https:\\\/\\\/shop.bantam.ch\\\/fr\\\/produit\\\/chariot-a-roulettes-en-bois\\\/#primaryimage\"},\"thumbnailUrl\":\"https:\\\/\\\/shop.bantam.ch\\\/wp-content\\\/uploads\\\/2023\\\/02\\\/9931828-100-1-3.jpg\",\"datePublished\":\"2023-02-27T23:43:10+00:00\",\"dateModified\":\"2026-05-10T19:20:29+00:00\",\"breadcrumb\":{\"@id\":\"https:\\\/\\\/shop.bantam.ch\\\/fr\\\/produit\\\/chariot-a-roulettes-en-bois\\\/#breadcrumb\"},\"inLanguage\":\"fr-FR\",\"potentialAction\":[{\"@type\":\"ReadAction\",\"target\":[\"https:\\\/\\\/shop.bantam.ch\\\/fr\\\/produit\\\/chariot-a-roulettes-en-bois\\\/\"]}]},{\"@type\":\"ImageObject\",\"inLanguage\":\"fr-FR\",\"@id\":\"https:\\\/\\\/shop.bantam.ch\\\/fr\\\/produit\\\/chariot-a-roulettes-en-bois\\\/#primaryimage\",\"url\":\"https:\\\/\\\/shop.bantam.ch\\\/wp-content\\\/uploads\\\/2023\\\/02\\\/9931828-100-1-3.jpg\",\"contentUrl\":\"https:\\\/\\\/shop.bantam.ch\\\/wp-content\\\/uploads\\\/2023\\\/02\\\/9931828-100-1-3.jpg\",\"width\":463,\"height\":500},{\"@type\":\"BreadcrumbList\",\"@id\":\"https:\\\/\\\/shop.bantam.ch\\\/fr\\\/produit\\\/chariot-a-roulettes-en-bois\\\/#breadcrumb\",\"itemListElement\":[{\"@type\":\"ListItem\",\"position\":1,\"name\":\"Accueil\",\"item\":\"https:\\\/\\\/shop.bantam.ch\\\/fr\\\/\"},{\"@type\":\"ListItem\",\"position\":2,\"name\":\"Boutique\",\"item\":\"https:\\\/\\\/shop.bantam.ch\\\/fr\\\/boutique\\\/\"},{\"@type\":\"ListItem\",\"position\":3,\"name\":\"Chariot \u00e0 roulettes EuroTrail bois\"}]},{\"@type\":\"WebSite\",\"@id\":\"https:\\\/\\\/shop.bantam.ch\\\/fr\\\/#website\",\"url\":\"https:\\\/\\\/shop.bantam.ch\\\/fr\\\/\",\"name\":\"Bantam\",\"description\":\"\",\"publisher\":{\"@id\":\"https:\\\/\\\/shop.bantam.ch\\\/fr\\\/#organization\"},\"inLanguage\":\"fr-FR\"},{\"@type\":\"Organization\",\"@id\":\"https:\\\/\\\/shop.bantam.ch\\\/fr\\\/#organization\",\"name\":\"Bantam\",\"url\":\"https:\\\/\\\/shop.bantam.ch\\\/fr\\\/\",\"logo\":{\"@type\":\"ImageObject\",\"inLanguage\":\"fr-FR\",\"@id\":\"https:\\\/\\\/shop.bantam.ch\\\/fr\\\/#\\\/schema\\\/logo\\\/image\\\/\",\"url\":\"https:\\\/\\\/shop.bantam.ch\\\/wp-content\\\/uploads\\\/2022\\\/12\\\/bantam-logo.png\",\"contentUrl\":\"https:\\\/\\\/shop.bantam.ch\\\/wp-content\\\/uploads\\\/2022\\\/12\\\/bantam-logo.png\",\"width\":320,\"height\":71,\"caption\":\"Bantam\"},\"image\":{\"@id\":\"https:\\\/\\\/shop.bantam.ch\\\/fr\\\/#\\\/schema\\\/logo\\\/image\\\/\"}}]}<\/script>\n<!-- \/ Yoast SEO plugin. -->","yoast_head_json":{"title":"Chariot \u00e0 roulettes EuroTrail bois - Bantam","robots":{"index":"index","follow":"follow","max-snippet":"max-snippet:-1","max-image-preview":"max-image-preview:large","max-video-preview":"max-video-preview:-1"},"canonical":"https:\/\/shop.bantam.ch\/fr\/produit\/chariot-a-roulettes-en-bois\/","og_locale":"fr_FR","og_type":"article","og_title":"Chariot \u00e0 roulettes EuroTrail bois - Bantam","og_description":"Aide au transport compacte avec une capacit\u00e9 de charge maximale de 100 kg ! Id\u00e9al pour le jardin, les sports, les loisirs et le camping. La structure en bois enfichable robuste peut \u00eatre d\u00e9mont\u00e9e sans effort et se range dans peu de place apr\u00e8s usage. Les roues gonfl\u00e9es assurent un transport facile m\u00eame dans le [&hellip;]","og_url":"https:\/\/shop.bantam.ch\/fr\/produit\/chariot-a-roulettes-en-bois\/","og_site_name":"Bantam","article_modified_time":"2026-05-10T19:20:29+00:00","og_image":[{"width":463,"height":500,"url":"https:\/\/shop.bantam.ch\/wp-content\/uploads\/2023\/02\/9931828-100-1-3.jpg","type":"image\/jpeg"}],"twitter_card":"summary_large_image","schema":{"@context":"https:\/\/schema.org","@graph":[{"@type":"WebPage","@id":"https:\/\/shop.bantam.ch\/fr\/produit\/chariot-a-roulettes-en-bois\/","url":"https:\/\/shop.bantam.ch\/fr\/produit\/chariot-a-roulettes-en-bois\/","name":"Chariot \u00e0 roulettes EuroTrail bois - Bantam","isPartOf":{"@id":"https:\/\/shop.bantam.ch\/fr\/#website"},"primaryImageOfPage":{"@id":"https:\/\/shop.bantam.ch\/fr\/produit\/chariot-a-roulettes-en-bois\/#primaryimage"},"image":{"@id":"https:\/\/shop.bantam.ch\/fr\/produit\/chariot-a-roulettes-en-bois\/#primaryimage"},"thumbnailUrl":"https:\/\/shop.bantam.ch\/wp-content\/uploads\/2023\/02\/9931828-100-1-3.jpg","datePublished":"2023-02-27T23:43:10+00:00","dateModified":"2026-05-10T19:20:29+00:00","breadcrumb":{"@id":"https:\/\/shop.bantam.ch\/fr\/produit\/chariot-a-roulettes-en-bois\/#breadcrumb"},"inLanguage":"fr-FR","potentialAction":[{"@type":"ReadAction","target":["https:\/\/shop.bantam.ch\/fr\/produit\/chariot-a-roulettes-en-bois\/"]}]},{"@type":"ImageObject","inLanguage":"fr-FR","@id":"https:\/\/shop.bantam.ch\/fr\/produit\/chariot-a-roulettes-en-bois\/#primaryimage","url":"https:\/\/shop.bantam.ch\/wp-content\/uploads\/2023\/02\/9931828-100-1-3.jpg","contentUrl":"https:\/\/shop.bantam.ch\/wp-content\/uploads\/2023\/02\/9931828-100-1-3.jpg","width":463,"height":500},{"@type":"BreadcrumbList","@id":"https:\/\/shop.bantam.ch\/fr\/produit\/chariot-a-roulettes-en-bois\/#breadcrumb","itemListElement":[{"@type":"ListItem","position":1,"name":"Accueil","item":"https:\/\/shop.bantam.ch\/fr\/"},{"@type":"ListItem","position":2,"name":"Boutique","item":"https:\/\/shop.bantam.ch\/fr\/boutique\/"},{"@type":"ListItem","position":3,"name":"Chariot \u00e0 roulettes EuroTrail bois"}]},{"@type":"WebSite","@id":"https:\/\/shop.bantam.ch\/fr\/#website","url":"https:\/\/shop.bantam.ch\/fr\/","name":"Bantam","description":"","publisher":{"@id":"https:\/\/shop.bantam.ch\/fr\/#organization"},"inLanguage":"fr-FR"},{"@type":"Organization","@id":"https:\/\/shop.bantam.ch\/fr\/#organization","name":"Bantam","url":"https:\/\/shop.bantam.ch\/fr\/","logo":{"@type":"ImageObject","inLanguage":"fr-FR","@id":"https:\/\/shop.bantam.ch\/fr\/#\/schema\/logo\/image\/","url":"https:\/\/shop.bantam.ch\/wp-content\/uploads\/2022\/12\/bantam-logo.png","contentUrl":"https:\/\/shop.bantam.ch\/wp-content\/uploads\/2022\/12\/bantam-logo.png","width":320,"height":71,"caption":"Bantam"},"image":{"@id":"https:\/\/shop.bantam.ch\/fr\/#\/schema\/logo\/image\/"}}]}},"_links":{"self":[{"href":"https:\/\/shop.bantam.ch\/fr\/wp-json\/wp\/v2\/product\/76821","targetHints":{"allow":["GET"]}}],"collection":[{"href":"https:\/\/shop.bantam.ch\/fr\/wp-json\/wp\/v2\/product"}],"about":[{"href":"https:\/\/shop.bantam.ch\/fr\/wp-json\/wp\/v2\/types\/product"}],"wp:featuredmedia":[{"embeddable":true,"href":"https:\/\/shop.bantam.ch\/fr\/wp-json\/wp\/v2\/media\/76817"}],"wp:attachment":[{"href":"https:\/\/shop.bantam.ch\/fr\/wp-json\/wp\/v2\/media?parent=76821"}],"wp:term":[{"taxonomy":"product_featured_cat","embeddable":true,"href":"https:\/\/shop.bantam.ch\/fr\/wp-json\/wp\/v2\/product_featured_cat?post=76821"},{"taxonomy":"product_brand","embeddable":true,"href":"https:\/\/shop.bantam.ch\/fr\/wp-json\/wp\/v2\/product_brand?post=76821"},{"taxonomy":"product_cat","embeddable":true,"href":"https:\/\/shop.bantam.ch\/fr\/wp-json\/wp\/v2\/product_cat?post=76821"},{"taxonomy":"product_tag","embeddable":true,"href":"https:\/\/shop.bantam.ch\/fr\/wp-json\/wp\/v2\/product_tag?post=76821"}],"curies":[{"name":"wp","href":"https:\/\/api.w.org\/{rel}","templated":true}]}}