{"id":76805,"date":"2023-02-28T00:42:58","date_gmt":"2023-02-27T23:42:58","guid":{"rendered":"http:\/\/shop.bantam.ch\/produit\/organizer-bristol-s-gris-vert\/"},"modified":"2026-04-17T21:19:40","modified_gmt":"2026-04-17T19:19:40","slug":"organizer-bristol-s-gris-vert","status":"publish","type":"product","link":"https:\/\/shop.bantam.ch\/fr\/produit\/organizer-bristol-s-gris-vert\/","title":{"rendered":"Organizer Eurotrail Bristol S Couleur gris \/ vert"},"content":{"rendered":"<p>Les compartiments spacieux offrent suffisamment d&rsquo;espace pour ranger le petit mat\u00e9riel de camping. Les grands compartiments ont une doublure rigide qui maintient l&rsquo;organizer en forme. Le Bristol S poss\u00e8de non seulement la taille parfaite pour le store, mais peut \u00e9galement \u00eatre accroch\u00e9 dans la caravane, par exemple \u00e0 la porte de la douche, gr\u00e2ce \u00e0 ses dimensions de 24 cm.<\/p>\n<ul>\n<li>2 grandes poches de rangement et 2 pochettes<\/li>\n<\/ul>\n<p>Mat\u00e9riau :<br \/>100 % polyester<\/p>\n<p>\u00a0<\/p>\n","protected":false},"excerpt":{"rendered":"<p>Les compartiments spacieux offrent suffisamment d&rsquo;espace pour ranger le petit mat\u00e9riel de camping. Les grands compartiments ont une doublure rigide qui maintient l&rsquo;organizer en forme. Le Bristol S poss\u00e8de non seulement la taille parfaite pour le store, mais peut \u00e9galement \u00eatre accroch\u00e9 dans la caravane, par exemple \u00e0 la porte de la douche, gr\u00e2ce \u00e0 [&hellip;]<\/p>\n","protected":false},"featured_media":76801,"template":"","meta":{"_acf_changed":false},"product_featured_cat":[],"product_brand":[3074],"product_cat":[4323],"product_tag":[],"class_list":{"0":"post-76805","1":"product","2":"type-product","3":"status-publish","4":"has-post-thumbnail","6":"product_brand-eurotrail","7":"product_cat-sacs-a-ustensiles","9":"first","10":"instock","11":"taxable","12":"shipping-taxable","13":"purchasable","14":"product-type-simple"},"acf":[],"yoast_head":"<!-- This site is optimized with the Yoast SEO plugin v27.4 - https:\/\/yoast.com\/product\/yoast-seo-wordpress\/ -->\n<title>Organizer Eurotrail Bristol S Couleur gris \/ vert - Bantam Wankm\u00fcller SA<\/title>\n<meta name=\"robots\" content=\"index, follow, max-snippet:-1, max-image-preview:large, max-video-preview:-1\" \/>\n<link rel=\"canonical\" href=\"https:\/\/shop.bantam.ch\/fr\/produit\/organizer-bristol-s-gris-vert\/\" \/>\n<meta property=\"og:locale\" content=\"fr_FR\" \/>\n<meta property=\"og:type\" content=\"article\" \/>\n<meta property=\"og:title\" content=\"Organizer Eurotrail Bristol S Couleur gris \/ vert - Bantam Wankm\u00fcller SA\" \/>\n<meta property=\"og:description\" content=\"Les compartiments spacieux offrent suffisamment d&rsquo;espace pour ranger le petit mat\u00e9riel de camping. Les grands compartiments ont une doublure rigide qui maintient l&rsquo;organizer en forme. Le Bristol S poss\u00e8de non seulement la taille parfaite pour le store, mais peut \u00e9galement \u00eatre accroch\u00e9 dans la caravane, par exemple \u00e0 la porte de la douche, gr\u00e2ce \u00e0 [&hellip;]\" \/>\n<meta property=\"og:url\" content=\"https:\/\/shop.bantam.ch\/fr\/produit\/organizer-bristol-s-gris-vert\/\" \/>\n<meta property=\"og:site_name\" content=\"Bantam Wankm\u00fcller SA\" \/>\n<meta property=\"article:modified_time\" content=\"2026-04-17T19:19:40+00:00\" \/>\n<meta property=\"og:image\" content=\"https:\/\/shop.bantam.ch\/wp-content\/uploads\/2023\/02\/9926659-100-2-3.jpg\" \/>\n\t<meta property=\"og:image:width\" content=\"156\" \/>\n\t<meta property=\"og:image:height\" content=\"500\" \/>\n\t<meta property=\"og:image:type\" content=\"image\/jpeg\" \/>\n<meta name=\"twitter:card\" content=\"summary_large_image\" \/>\n<script type=\"application\/ld+json\" class=\"yoast-schema-graph\">{\"@context\":\"https:\\\/\\\/schema.org\",\"@graph\":[{\"@type\":\"WebPage\",\"@id\":\"https:\\\/\\\/shop.bantam.ch\\\/fr\\\/produit\\\/organizer-bristol-s-gris-vert\\\/\",\"url\":\"https:\\\/\\\/shop.bantam.ch\\\/fr\\\/produit\\\/organizer-bristol-s-gris-vert\\\/\",\"name\":\"Organizer Eurotrail Bristol S Couleur gris \\\/ vert - Bantam Wankm\u00fcller SA\",\"isPartOf\":{\"@id\":\"https:\\\/\\\/shop.bantam.ch\\\/fr\\\/#website\"},\"primaryImageOfPage\":{\"@id\":\"https:\\\/\\\/shop.bantam.ch\\\/fr\\\/produit\\\/organizer-bristol-s-gris-vert\\\/#primaryimage\"},\"image\":{\"@id\":\"https:\\\/\\\/shop.bantam.ch\\\/fr\\\/produit\\\/organizer-bristol-s-gris-vert\\\/#primaryimage\"},\"thumbnailUrl\":\"https:\\\/\\\/shop.bantam.ch\\\/wp-content\\\/uploads\\\/2023\\\/02\\\/9926659-100-2-3.jpg\",\"datePublished\":\"2023-02-27T23:42:58+00:00\",\"dateModified\":\"2026-04-17T19:19:40+00:00\",\"breadcrumb\":{\"@id\":\"https:\\\/\\\/shop.bantam.ch\\\/fr\\\/produit\\\/organizer-bristol-s-gris-vert\\\/#breadcrumb\"},\"inLanguage\":\"fr-FR\",\"potentialAction\":[{\"@type\":\"ReadAction\",\"target\":[\"https:\\\/\\\/shop.bantam.ch\\\/fr\\\/produit\\\/organizer-bristol-s-gris-vert\\\/\"]}]},{\"@type\":\"ImageObject\",\"inLanguage\":\"fr-FR\",\"@id\":\"https:\\\/\\\/shop.bantam.ch\\\/fr\\\/produit\\\/organizer-bristol-s-gris-vert\\\/#primaryimage\",\"url\":\"https:\\\/\\\/shop.bantam.ch\\\/wp-content\\\/uploads\\\/2023\\\/02\\\/9926659-100-2-3.jpg\",\"contentUrl\":\"https:\\\/\\\/shop.bantam.ch\\\/wp-content\\\/uploads\\\/2023\\\/02\\\/9926659-100-2-3.jpg\",\"width\":156,\"height\":500},{\"@type\":\"BreadcrumbList\",\"@id\":\"https:\\\/\\\/shop.bantam.ch\\\/fr\\\/produit\\\/organizer-bristol-s-gris-vert\\\/#breadcrumb\",\"itemListElement\":[{\"@type\":\"ListItem\",\"position\":1,\"name\":\"Accueil\",\"item\":\"https:\\\/\\\/shop.bantam.ch\\\/fr\\\/\"},{\"@type\":\"ListItem\",\"position\":2,\"name\":\"Boutique\",\"item\":\"https:\\\/\\\/shop.bantam.ch\\\/fr\\\/boutique\\\/\"},{\"@type\":\"ListItem\",\"position\":3,\"name\":\"Organizer Eurotrail Bristol S Couleur gris \\\/ vert\"}]},{\"@type\":\"WebSite\",\"@id\":\"https:\\\/\\\/shop.bantam.ch\\\/fr\\\/#website\",\"url\":\"https:\\\/\\\/shop.bantam.ch\\\/fr\\\/\",\"name\":\"Bantam Wankm\u00fcller SA\",\"description\":\"\",\"publisher\":{\"@id\":\"https:\\\/\\\/shop.bantam.ch\\\/fr\\\/#organization\"},\"inLanguage\":\"fr-FR\"},{\"@type\":\"Organization\",\"@id\":\"https:\\\/\\\/shop.bantam.ch\\\/fr\\\/#organization\",\"name\":\"Bantam Wankm\u00fcller SA\",\"url\":\"https:\\\/\\\/shop.bantam.ch\\\/fr\\\/\",\"logo\":{\"@type\":\"ImageObject\",\"inLanguage\":\"fr-FR\",\"@id\":\"https:\\\/\\\/shop.bantam.ch\\\/fr\\\/#\\\/schema\\\/logo\\\/image\\\/\",\"url\":\"https:\\\/\\\/shop.bantam.ch\\\/wp-content\\\/uploads\\\/2022\\\/12\\\/bantam-logo.png\",\"contentUrl\":\"https:\\\/\\\/shop.bantam.ch\\\/wp-content\\\/uploads\\\/2022\\\/12\\\/bantam-logo.png\",\"width\":320,\"height\":71,\"caption\":\"Bantam Wankm\u00fcller SA\"},\"image\":{\"@id\":\"https:\\\/\\\/shop.bantam.ch\\\/fr\\\/#\\\/schema\\\/logo\\\/image\\\/\"}}]}<\/script>\n<!-- \/ Yoast SEO plugin. -->","yoast_head_json":{"title":"Organizer Eurotrail Bristol S Couleur gris \/ vert - Bantam Wankm\u00fcller SA","robots":{"index":"index","follow":"follow","max-snippet":"max-snippet:-1","max-image-preview":"max-image-preview:large","max-video-preview":"max-video-preview:-1"},"canonical":"https:\/\/shop.bantam.ch\/fr\/produit\/organizer-bristol-s-gris-vert\/","og_locale":"fr_FR","og_type":"article","og_title":"Organizer Eurotrail Bristol S Couleur gris \/ vert - Bantam Wankm\u00fcller SA","og_description":"Les compartiments spacieux offrent suffisamment d&rsquo;espace pour ranger le petit mat\u00e9riel de camping. Les grands compartiments ont une doublure rigide qui maintient l&rsquo;organizer en forme. Le Bristol S poss\u00e8de non seulement la taille parfaite pour le store, mais peut \u00e9galement \u00eatre accroch\u00e9 dans la caravane, par exemple \u00e0 la porte de la douche, gr\u00e2ce \u00e0 [&hellip;]","og_url":"https:\/\/shop.bantam.ch\/fr\/produit\/organizer-bristol-s-gris-vert\/","og_site_name":"Bantam Wankm\u00fcller SA","article_modified_time":"2026-04-17T19:19:40+00:00","og_image":[{"width":156,"height":500,"url":"https:\/\/shop.bantam.ch\/wp-content\/uploads\/2023\/02\/9926659-100-2-3.jpg","type":"image\/jpeg"}],"twitter_card":"summary_large_image","schema":{"@context":"https:\/\/schema.org","@graph":[{"@type":"WebPage","@id":"https:\/\/shop.bantam.ch\/fr\/produit\/organizer-bristol-s-gris-vert\/","url":"https:\/\/shop.bantam.ch\/fr\/produit\/organizer-bristol-s-gris-vert\/","name":"Organizer Eurotrail Bristol S Couleur gris \/ vert - Bantam Wankm\u00fcller SA","isPartOf":{"@id":"https:\/\/shop.bantam.ch\/fr\/#website"},"primaryImageOfPage":{"@id":"https:\/\/shop.bantam.ch\/fr\/produit\/organizer-bristol-s-gris-vert\/#primaryimage"},"image":{"@id":"https:\/\/shop.bantam.ch\/fr\/produit\/organizer-bristol-s-gris-vert\/#primaryimage"},"thumbnailUrl":"https:\/\/shop.bantam.ch\/wp-content\/uploads\/2023\/02\/9926659-100-2-3.jpg","datePublished":"2023-02-27T23:42:58+00:00","dateModified":"2026-04-17T19:19:40+00:00","breadcrumb":{"@id":"https:\/\/shop.bantam.ch\/fr\/produit\/organizer-bristol-s-gris-vert\/#breadcrumb"},"inLanguage":"fr-FR","potentialAction":[{"@type":"ReadAction","target":["https:\/\/shop.bantam.ch\/fr\/produit\/organizer-bristol-s-gris-vert\/"]}]},{"@type":"ImageObject","inLanguage":"fr-FR","@id":"https:\/\/shop.bantam.ch\/fr\/produit\/organizer-bristol-s-gris-vert\/#primaryimage","url":"https:\/\/shop.bantam.ch\/wp-content\/uploads\/2023\/02\/9926659-100-2-3.jpg","contentUrl":"https:\/\/shop.bantam.ch\/wp-content\/uploads\/2023\/02\/9926659-100-2-3.jpg","width":156,"height":500},{"@type":"BreadcrumbList","@id":"https:\/\/shop.bantam.ch\/fr\/produit\/organizer-bristol-s-gris-vert\/#breadcrumb","itemListElement":[{"@type":"ListItem","position":1,"name":"Accueil","item":"https:\/\/shop.bantam.ch\/fr\/"},{"@type":"ListItem","position":2,"name":"Boutique","item":"https:\/\/shop.bantam.ch\/fr\/boutique\/"},{"@type":"ListItem","position":3,"name":"Organizer Eurotrail Bristol S Couleur gris \/ vert"}]},{"@type":"WebSite","@id":"https:\/\/shop.bantam.ch\/fr\/#website","url":"https:\/\/shop.bantam.ch\/fr\/","name":"Bantam Wankm\u00fcller SA","description":"","publisher":{"@id":"https:\/\/shop.bantam.ch\/fr\/#organization"},"inLanguage":"fr-FR"},{"@type":"Organization","@id":"https:\/\/shop.bantam.ch\/fr\/#organization","name":"Bantam Wankm\u00fcller SA","url":"https:\/\/shop.bantam.ch\/fr\/","logo":{"@type":"ImageObject","inLanguage":"fr-FR","@id":"https:\/\/shop.bantam.ch\/fr\/#\/schema\/logo\/image\/","url":"https:\/\/shop.bantam.ch\/wp-content\/uploads\/2022\/12\/bantam-logo.png","contentUrl":"https:\/\/shop.bantam.ch\/wp-content\/uploads\/2022\/12\/bantam-logo.png","width":320,"height":71,"caption":"Bantam Wankm\u00fcller SA"},"image":{"@id":"https:\/\/shop.bantam.ch\/fr\/#\/schema\/logo\/image\/"}}]}},"_links":{"self":[{"href":"https:\/\/shop.bantam.ch\/fr\/wp-json\/wp\/v2\/product\/76805","targetHints":{"allow":["GET"]}}],"collection":[{"href":"https:\/\/shop.bantam.ch\/fr\/wp-json\/wp\/v2\/product"}],"about":[{"href":"https:\/\/shop.bantam.ch\/fr\/wp-json\/wp\/v2\/types\/product"}],"wp:featuredmedia":[{"embeddable":true,"href":"https:\/\/shop.bantam.ch\/fr\/wp-json\/wp\/v2\/media\/76801"}],"wp:attachment":[{"href":"https:\/\/shop.bantam.ch\/fr\/wp-json\/wp\/v2\/media?parent=76805"}],"wp:term":[{"taxonomy":"product_featured_cat","embeddable":true,"href":"https:\/\/shop.bantam.ch\/fr\/wp-json\/wp\/v2\/product_featured_cat?post=76805"},{"taxonomy":"product_brand","embeddable":true,"href":"https:\/\/shop.bantam.ch\/fr\/wp-json\/wp\/v2\/product_brand?post=76805"},{"taxonomy":"product_cat","embeddable":true,"href":"https:\/\/shop.bantam.ch\/fr\/wp-json\/wp\/v2\/product_cat?post=76805"},{"taxonomy":"product_tag","embeddable":true,"href":"https:\/\/shop.bantam.ch\/fr\/wp-json\/wp\/v2\/product_tag?post=76805"}],"curies":[{"name":"wp","href":"https:\/\/api.w.org\/{rel}","templated":true}]}}