{"id":76347,"date":"2023-02-28T00:34:16","date_gmt":"2023-02-27T23:34:16","guid":{"rendered":"http:\/\/shop.bantam.ch\/produit\/saladier-tuscany-30-cm-creme-bleu\/"},"modified":"2026-04-20T21:19:35","modified_gmt":"2026-04-20T19:19:35","slug":"saladier-tuscany-30-cm-creme-bleu","status":"publish","type":"product","link":"https:\/\/shop.bantam.ch\/fr\/produit\/saladier-tuscany-30-cm-creme-bleu\/","title":{"rendered":"Saladier Brunner Tuscany 30 cm, coul. bleu"},"content":{"rendered":"<p>L&rsquo;utilisation d&rsquo;un joint antid\u00e9rapant int\u00e9gr\u00e9 dans le fond rend le glissement et la chute \u00e9ventuelle des pi\u00e8ces de vaisselle beaucoup plus difficiles. En outre, les nuisances sonores sont sensiblement r\u00e9duites pendant le trajet.<\/p>\n","protected":false},"excerpt":{"rendered":"<p>L&rsquo;utilisation d&rsquo;un joint antid\u00e9rapant int\u00e9gr\u00e9 dans le fond rend le glissement et la chute \u00e9ventuelle des pi\u00e8ces de vaisselle beaucoup plus difficiles. En outre, les nuisances sonores sont sensiblement r\u00e9duites pendant le trajet.<\/p>\n","protected":false},"featured_media":76345,"template":"","meta":{"_acf_changed":false},"product_featured_cat":[],"product_brand":[3080],"product_cat":[4275],"product_tag":[],"class_list":{"0":"post-76347","1":"product","2":"type-product","3":"status-publish","4":"has-post-thumbnail","6":"product_brand-brunner","7":"product_cat-saladiers-et-bols","9":"first","10":"instock","11":"taxable","12":"shipping-taxable","13":"purchasable","14":"product-type-simple"},"acf":[],"yoast_head":"<!-- This site is optimized with the Yoast SEO plugin v27.4 - https:\/\/yoast.com\/product\/yoast-seo-wordpress\/ -->\n<title>Saladier Brunner Tuscany 30 cm, coul. bleu - Bantam Wankm\u00fcller SA<\/title>\n<meta name=\"robots\" content=\"index, follow, max-snippet:-1, max-image-preview:large, max-video-preview:-1\" \/>\n<link rel=\"canonical\" href=\"https:\/\/shop.bantam.ch\/fr\/produit\/saladier-tuscany-30-cm-creme-bleu\/\" \/>\n<meta property=\"og:locale\" content=\"fr_FR\" \/>\n<meta property=\"og:type\" content=\"article\" \/>\n<meta property=\"og:title\" content=\"Saladier Brunner Tuscany 30 cm, coul. bleu - Bantam Wankm\u00fcller SA\" \/>\n<meta property=\"og:description\" content=\"L&rsquo;utilisation d&rsquo;un joint antid\u00e9rapant int\u00e9gr\u00e9 dans le fond rend le glissement et la chute \u00e9ventuelle des pi\u00e8ces de vaisselle beaucoup plus difficiles. En outre, les nuisances sonores sont sensiblement r\u00e9duites pendant le trajet.\" \/>\n<meta property=\"og:url\" content=\"https:\/\/shop.bantam.ch\/fr\/produit\/saladier-tuscany-30-cm-creme-bleu\/\" \/>\n<meta property=\"og:site_name\" content=\"Bantam Wankm\u00fcller SA\" \/>\n<meta property=\"article:modified_time\" content=\"2026-04-20T19:19:35+00:00\" \/>\n<meta property=\"og:image\" content=\"https:\/\/shop.bantam.ch\/wp-content\/uploads\/2023\/02\/992795911.jpg\" \/>\n\t<meta property=\"og:image:width\" content=\"1000\" \/>\n\t<meta property=\"og:image:height\" content=\"361\" \/>\n\t<meta property=\"og:image:type\" content=\"image\/jpeg\" \/>\n<meta name=\"twitter:card\" content=\"summary_large_image\" \/>\n<script type=\"application\/ld+json\" class=\"yoast-schema-graph\">{\"@context\":\"https:\\\/\\\/schema.org\",\"@graph\":[{\"@type\":\"WebPage\",\"@id\":\"https:\\\/\\\/shop.bantam.ch\\\/fr\\\/produit\\\/saladier-tuscany-30-cm-creme-bleu\\\/\",\"url\":\"https:\\\/\\\/shop.bantam.ch\\\/fr\\\/produit\\\/saladier-tuscany-30-cm-creme-bleu\\\/\",\"name\":\"Saladier Brunner Tuscany 30 cm, coul. bleu - Bantam Wankm\u00fcller SA\",\"isPartOf\":{\"@id\":\"https:\\\/\\\/shop.bantam.ch\\\/fr\\\/#website\"},\"primaryImageOfPage\":{\"@id\":\"https:\\\/\\\/shop.bantam.ch\\\/fr\\\/produit\\\/saladier-tuscany-30-cm-creme-bleu\\\/#primaryimage\"},\"image\":{\"@id\":\"https:\\\/\\\/shop.bantam.ch\\\/fr\\\/produit\\\/saladier-tuscany-30-cm-creme-bleu\\\/#primaryimage\"},\"thumbnailUrl\":\"https:\\\/\\\/shop.bantam.ch\\\/wp-content\\\/uploads\\\/2023\\\/02\\\/992795911.jpg\",\"datePublished\":\"2023-02-27T23:34:16+00:00\",\"dateModified\":\"2026-04-20T19:19:35+00:00\",\"breadcrumb\":{\"@id\":\"https:\\\/\\\/shop.bantam.ch\\\/fr\\\/produit\\\/saladier-tuscany-30-cm-creme-bleu\\\/#breadcrumb\"},\"inLanguage\":\"fr-FR\",\"potentialAction\":[{\"@type\":\"ReadAction\",\"target\":[\"https:\\\/\\\/shop.bantam.ch\\\/fr\\\/produit\\\/saladier-tuscany-30-cm-creme-bleu\\\/\"]}]},{\"@type\":\"ImageObject\",\"inLanguage\":\"fr-FR\",\"@id\":\"https:\\\/\\\/shop.bantam.ch\\\/fr\\\/produit\\\/saladier-tuscany-30-cm-creme-bleu\\\/#primaryimage\",\"url\":\"https:\\\/\\\/shop.bantam.ch\\\/wp-content\\\/uploads\\\/2023\\\/02\\\/992795911.jpg\",\"contentUrl\":\"https:\\\/\\\/shop.bantam.ch\\\/wp-content\\\/uploads\\\/2023\\\/02\\\/992795911.jpg\",\"width\":1000,\"height\":361},{\"@type\":\"BreadcrumbList\",\"@id\":\"https:\\\/\\\/shop.bantam.ch\\\/fr\\\/produit\\\/saladier-tuscany-30-cm-creme-bleu\\\/#breadcrumb\",\"itemListElement\":[{\"@type\":\"ListItem\",\"position\":1,\"name\":\"Accueil\",\"item\":\"https:\\\/\\\/shop.bantam.ch\\\/fr\\\/\"},{\"@type\":\"ListItem\",\"position\":2,\"name\":\"Boutique\",\"item\":\"https:\\\/\\\/shop.bantam.ch\\\/fr\\\/boutique\\\/\"},{\"@type\":\"ListItem\",\"position\":3,\"name\":\"Saladier Brunner Tuscany 30 cm, coul. bleu\"}]},{\"@type\":\"WebSite\",\"@id\":\"https:\\\/\\\/shop.bantam.ch\\\/fr\\\/#website\",\"url\":\"https:\\\/\\\/shop.bantam.ch\\\/fr\\\/\",\"name\":\"Bantam Wankm\u00fcller SA\",\"description\":\"\",\"publisher\":{\"@id\":\"https:\\\/\\\/shop.bantam.ch\\\/fr\\\/#organization\"},\"inLanguage\":\"fr-FR\"},{\"@type\":\"Organization\",\"@id\":\"https:\\\/\\\/shop.bantam.ch\\\/fr\\\/#organization\",\"name\":\"Bantam Wankm\u00fcller SA\",\"url\":\"https:\\\/\\\/shop.bantam.ch\\\/fr\\\/\",\"logo\":{\"@type\":\"ImageObject\",\"inLanguage\":\"fr-FR\",\"@id\":\"https:\\\/\\\/shop.bantam.ch\\\/fr\\\/#\\\/schema\\\/logo\\\/image\\\/\",\"url\":\"https:\\\/\\\/shop.bantam.ch\\\/wp-content\\\/uploads\\\/2022\\\/12\\\/bantam-logo.png\",\"contentUrl\":\"https:\\\/\\\/shop.bantam.ch\\\/wp-content\\\/uploads\\\/2022\\\/12\\\/bantam-logo.png\",\"width\":320,\"height\":71,\"caption\":\"Bantam Wankm\u00fcller SA\"},\"image\":{\"@id\":\"https:\\\/\\\/shop.bantam.ch\\\/fr\\\/#\\\/schema\\\/logo\\\/image\\\/\"}}]}<\/script>\n<!-- \/ Yoast SEO plugin. -->","yoast_head_json":{"title":"Saladier Brunner Tuscany 30 cm, coul. bleu - Bantam Wankm\u00fcller SA","robots":{"index":"index","follow":"follow","max-snippet":"max-snippet:-1","max-image-preview":"max-image-preview:large","max-video-preview":"max-video-preview:-1"},"canonical":"https:\/\/shop.bantam.ch\/fr\/produit\/saladier-tuscany-30-cm-creme-bleu\/","og_locale":"fr_FR","og_type":"article","og_title":"Saladier Brunner Tuscany 30 cm, coul. bleu - Bantam Wankm\u00fcller SA","og_description":"L&rsquo;utilisation d&rsquo;un joint antid\u00e9rapant int\u00e9gr\u00e9 dans le fond rend le glissement et la chute \u00e9ventuelle des pi\u00e8ces de vaisselle beaucoup plus difficiles. En outre, les nuisances sonores sont sensiblement r\u00e9duites pendant le trajet.","og_url":"https:\/\/shop.bantam.ch\/fr\/produit\/saladier-tuscany-30-cm-creme-bleu\/","og_site_name":"Bantam Wankm\u00fcller SA","article_modified_time":"2026-04-20T19:19:35+00:00","og_image":[{"width":1000,"height":361,"url":"https:\/\/shop.bantam.ch\/wp-content\/uploads\/2023\/02\/992795911.jpg","type":"image\/jpeg"}],"twitter_card":"summary_large_image","schema":{"@context":"https:\/\/schema.org","@graph":[{"@type":"WebPage","@id":"https:\/\/shop.bantam.ch\/fr\/produit\/saladier-tuscany-30-cm-creme-bleu\/","url":"https:\/\/shop.bantam.ch\/fr\/produit\/saladier-tuscany-30-cm-creme-bleu\/","name":"Saladier Brunner Tuscany 30 cm, coul. bleu - Bantam Wankm\u00fcller SA","isPartOf":{"@id":"https:\/\/shop.bantam.ch\/fr\/#website"},"primaryImageOfPage":{"@id":"https:\/\/shop.bantam.ch\/fr\/produit\/saladier-tuscany-30-cm-creme-bleu\/#primaryimage"},"image":{"@id":"https:\/\/shop.bantam.ch\/fr\/produit\/saladier-tuscany-30-cm-creme-bleu\/#primaryimage"},"thumbnailUrl":"https:\/\/shop.bantam.ch\/wp-content\/uploads\/2023\/02\/992795911.jpg","datePublished":"2023-02-27T23:34:16+00:00","dateModified":"2026-04-20T19:19:35+00:00","breadcrumb":{"@id":"https:\/\/shop.bantam.ch\/fr\/produit\/saladier-tuscany-30-cm-creme-bleu\/#breadcrumb"},"inLanguage":"fr-FR","potentialAction":[{"@type":"ReadAction","target":["https:\/\/shop.bantam.ch\/fr\/produit\/saladier-tuscany-30-cm-creme-bleu\/"]}]},{"@type":"ImageObject","inLanguage":"fr-FR","@id":"https:\/\/shop.bantam.ch\/fr\/produit\/saladier-tuscany-30-cm-creme-bleu\/#primaryimage","url":"https:\/\/shop.bantam.ch\/wp-content\/uploads\/2023\/02\/992795911.jpg","contentUrl":"https:\/\/shop.bantam.ch\/wp-content\/uploads\/2023\/02\/992795911.jpg","width":1000,"height":361},{"@type":"BreadcrumbList","@id":"https:\/\/shop.bantam.ch\/fr\/produit\/saladier-tuscany-30-cm-creme-bleu\/#breadcrumb","itemListElement":[{"@type":"ListItem","position":1,"name":"Accueil","item":"https:\/\/shop.bantam.ch\/fr\/"},{"@type":"ListItem","position":2,"name":"Boutique","item":"https:\/\/shop.bantam.ch\/fr\/boutique\/"},{"@type":"ListItem","position":3,"name":"Saladier Brunner Tuscany 30 cm, coul. bleu"}]},{"@type":"WebSite","@id":"https:\/\/shop.bantam.ch\/fr\/#website","url":"https:\/\/shop.bantam.ch\/fr\/","name":"Bantam Wankm\u00fcller SA","description":"","publisher":{"@id":"https:\/\/shop.bantam.ch\/fr\/#organization"},"inLanguage":"fr-FR"},{"@type":"Organization","@id":"https:\/\/shop.bantam.ch\/fr\/#organization","name":"Bantam Wankm\u00fcller SA","url":"https:\/\/shop.bantam.ch\/fr\/","logo":{"@type":"ImageObject","inLanguage":"fr-FR","@id":"https:\/\/shop.bantam.ch\/fr\/#\/schema\/logo\/image\/","url":"https:\/\/shop.bantam.ch\/wp-content\/uploads\/2022\/12\/bantam-logo.png","contentUrl":"https:\/\/shop.bantam.ch\/wp-content\/uploads\/2022\/12\/bantam-logo.png","width":320,"height":71,"caption":"Bantam Wankm\u00fcller SA"},"image":{"@id":"https:\/\/shop.bantam.ch\/fr\/#\/schema\/logo\/image\/"}}]}},"_links":{"self":[{"href":"https:\/\/shop.bantam.ch\/fr\/wp-json\/wp\/v2\/product\/76347","targetHints":{"allow":["GET"]}}],"collection":[{"href":"https:\/\/shop.bantam.ch\/fr\/wp-json\/wp\/v2\/product"}],"about":[{"href":"https:\/\/shop.bantam.ch\/fr\/wp-json\/wp\/v2\/types\/product"}],"wp:featuredmedia":[{"embeddable":true,"href":"https:\/\/shop.bantam.ch\/fr\/wp-json\/wp\/v2\/media\/76345"}],"wp:attachment":[{"href":"https:\/\/shop.bantam.ch\/fr\/wp-json\/wp\/v2\/media?parent=76347"}],"wp:term":[{"taxonomy":"product_featured_cat","embeddable":true,"href":"https:\/\/shop.bantam.ch\/fr\/wp-json\/wp\/v2\/product_featured_cat?post=76347"},{"taxonomy":"product_brand","embeddable":true,"href":"https:\/\/shop.bantam.ch\/fr\/wp-json\/wp\/v2\/product_brand?post=76347"},{"taxonomy":"product_cat","embeddable":true,"href":"https:\/\/shop.bantam.ch\/fr\/wp-json\/wp\/v2\/product_cat?post=76347"},{"taxonomy":"product_tag","embeddable":true,"href":"https:\/\/shop.bantam.ch\/fr\/wp-json\/wp\/v2\/product_tag?post=76347"}],"curies":[{"name":"wp","href":"https:\/\/api.w.org\/{rel}","templated":true}]}}