{"id":76337,"date":"2023-02-28T00:34:03","date_gmt":"2023-02-27T23:34:03","guid":{"rendered":"http:\/\/shop.bantam.ch\/produit\/safety-kit-ak-270-y-compris-soft-dock-entretoises-o-35-40-45-serrure-a-pression\/"},"modified":"2026-04-18T21:19:52","modified_gmt":"2026-04-18T19:19:52","slug":"safety-kit-ak-270-y-compris-soft-dock-entretoises-o-35-40-45-serrure-a-pression","status":"publish","type":"product","link":"https:\/\/shop.bantam.ch\/fr\/produit\/safety-kit-ak-270-y-compris-soft-dock-entretoises-o-35-40-45-serrure-a-pression\/","title":{"rendered":"Safety Kit AL-KO AK\u00a0270 avec Soft-Dock, Entretoises\u00a035\/40\/45, Serrure \u00e0 pression"},"content":{"rendered":"<p><strong>Compl\u00e9ment de s\u00e9curit\u00e9 1<\/strong><br \/>Position ouverte<br \/>La poign\u00e9e pointe obliquement vers le haut et signale \u00e0 l&rsquo;op\u00e9rateur qu&rsquo;elle est ouverte.<\/p>\n<p>Poign\u00e9e souple<br \/>Dans la zone rouge de la poign\u00e9e, une mati\u00e8re plastique souple et donc adh\u00e9sive est utilis\u00e9e. De plus, le nez \u00e0 l&rsquo;extr\u00e9mit\u00e9 de la poign\u00e9e sert de protection antid\u00e9rapante.<\/p>\n<p><strong>Compl\u00e9ment de s\u00e9curit\u00e9 2<\/strong><br \/>Position ferm\u00e9e<br \/>La boule du v\u00e9hicule est immerg\u00e9e et a d\u00e9verrouill\u00e9 le levier de s\u00e9curit\u00e9. Ce n&rsquo;est que dans ces conditions que la poign\u00e9e prend la position horizontale et signale \u00e0 l&rsquo;op\u00e9rateur qu&rsquo;une connexion s\u00fbre a \u00e9t\u00e9 \u00e9tablie.<\/p>\n<p>Affichage d\u2019usure<br \/>Tant que le marquage se trouve dans la plage positive, l\u2019attelage de remorque est en ordre.<\/p>\n<p><strong>Compl\u00e9ment de s\u00e9curit\u00e9 3<\/strong><br \/>Affichage d&rsquo;un attelage correct<br \/>En position ferm\u00e9e, l&rsquo;affichage de s\u00e9curit\u00e9 vert est en outre repouss\u00e9 par la boule d&rsquo;attelage du v\u00e9hicule et est donc visible. Il signale de nouveau \u00e0 l&rsquo;op\u00e9rateur que la remorque est connect\u00e9e en toute s\u00e9curit\u00e9 \u00e0 la voiture. Un mauvais verrouillage est ainsi \u00e9vit\u00e9. Le voyage peut commencer.<\/p>\n<ul>\n<li>Charge d\u2019appui : 120 kg<\/li>\n<li>Valeur D\/Dc : 21,6 kN<\/li>\n<li>Couple de serrage : 75 Nm<\/li>\n<li>Perforations : horizontales + crois\u00e9es\n<p>Contenu de la livraison :<br \/>Safety Kit AK 270 avec Soft-Dock<br \/>Entretoises \u00f8 35\/40\/45 cm<br \/>Serrure \u00e0 pression avec cylindre de fermeture et Safety Ball<\/p>\n","protected":false},"excerpt":{"rendered":"<p>Compl\u00e9ment de s\u00e9curit\u00e9 1Position ouverteLa poign\u00e9e pointe obliquement vers le haut et signale \u00e0 l&rsquo;op\u00e9rateur qu&rsquo;elle est ouverte. Poign\u00e9e soupleDans la zone rouge de la poign\u00e9e, une mati\u00e8re plastique souple et donc adh\u00e9sive est utilis\u00e9e. De plus, le nez \u00e0 l&rsquo;extr\u00e9mit\u00e9 de la poign\u00e9e sert de protection antid\u00e9rapante. Compl\u00e9ment de s\u00e9curit\u00e9 2Position ferm\u00e9eLa boule du [&hellip;]<\/p>\n","protected":false},"featured_media":76329,"template":"","meta":{"_acf_changed":false},"product_featured_cat":[],"product_brand":[3134],"product_cat":[4819],"product_tag":[],"class_list":{"0":"post-76337","1":"product","2":"type-product","3":"status-publish","4":"has-post-thumbnail","6":"product_brand-al-ko","7":"product_cat-accouplements-a-bille-et-anti-vibrations","9":"first","10":"instock","11":"taxable","12":"shipping-taxable","13":"purchasable","14":"product-type-simple"},"acf":[],"yoast_head":"<!-- This site is optimized with the Yoast SEO plugin v27.4 - https:\/\/yoast.com\/product\/yoast-seo-wordpress\/ -->\n<title>Safety Kit AL-KO AK\u00a0270 avec Soft-Dock, Entretoises\u00a035\/40\/45, Serrure \u00e0 pression - Bantam Wankm\u00fcller SA<\/title>\n<meta name=\"robots\" content=\"index, follow, max-snippet:-1, max-image-preview:large, max-video-preview:-1\" \/>\n<link rel=\"canonical\" href=\"https:\/\/shop.bantam.ch\/fr\/produit\/safety-kit-ak-270-y-compris-soft-dock-entretoises-o-35-40-45-serrure-a-pression\/\" \/>\n<meta property=\"og:locale\" content=\"fr_FR\" \/>\n<meta property=\"og:type\" content=\"article\" \/>\n<meta property=\"og:title\" content=\"Safety Kit AL-KO AK\u00a0270 avec Soft-Dock, Entretoises\u00a035\/40\/45, Serrure \u00e0 pression - Bantam Wankm\u00fcller SA\" \/>\n<meta property=\"og:description\" content=\"Compl\u00e9ment de s\u00e9curit\u00e9 1Position ouverteLa poign\u00e9e pointe obliquement vers le haut et signale \u00e0 l&rsquo;op\u00e9rateur qu&rsquo;elle est ouverte. Poign\u00e9e soupleDans la zone rouge de la poign\u00e9e, une mati\u00e8re plastique souple et donc adh\u00e9sive est utilis\u00e9e. De plus, le nez \u00e0 l&rsquo;extr\u00e9mit\u00e9 de la poign\u00e9e sert de protection antid\u00e9rapante. Compl\u00e9ment de s\u00e9curit\u00e9 2Position ferm\u00e9eLa boule du [&hellip;]\" \/>\n<meta property=\"og:url\" content=\"https:\/\/shop.bantam.ch\/fr\/produit\/safety-kit-ak-270-y-compris-soft-dock-entretoises-o-35-40-45-serrure-a-pression\/\" \/>\n<meta property=\"og:site_name\" content=\"Bantam Wankm\u00fcller SA\" \/>\n<meta property=\"article:modified_time\" content=\"2026-04-18T19:19:52+00:00\" \/>\n<meta property=\"og:image\" content=\"https:\/\/shop.bantam.ch\/wp-content\/uploads\/2023\/02\/9942373-100-1-3.jpg\" \/>\n\t<meta property=\"og:image:width\" content=\"436\" \/>\n\t<meta property=\"og:image:height\" content=\"351\" \/>\n\t<meta property=\"og:image:type\" content=\"image\/jpeg\" \/>\n<meta name=\"twitter:card\" content=\"summary_large_image\" \/>\n<meta name=\"twitter:label1\" content=\"Dur\u00e9e de lecture estim\u00e9e\" \/>\n\t<meta name=\"twitter:data1\" content=\"1 minute\" \/>\n<script type=\"application\/ld+json\" class=\"yoast-schema-graph\">{\"@context\":\"https:\\\/\\\/schema.org\",\"@graph\":[{\"@type\":\"WebPage\",\"@id\":\"https:\\\/\\\/shop.bantam.ch\\\/fr\\\/produit\\\/safety-kit-ak-270-y-compris-soft-dock-entretoises-o-35-40-45-serrure-a-pression\\\/\",\"url\":\"https:\\\/\\\/shop.bantam.ch\\\/fr\\\/produit\\\/safety-kit-ak-270-y-compris-soft-dock-entretoises-o-35-40-45-serrure-a-pression\\\/\",\"name\":\"Safety Kit AL-KO AK\u00a0270 avec Soft-Dock, Entretoises\u00a035\\\/40\\\/45, Serrure \u00e0 pression - Bantam Wankm\u00fcller SA\",\"isPartOf\":{\"@id\":\"https:\\\/\\\/shop.bantam.ch\\\/fr\\\/#website\"},\"primaryImageOfPage\":{\"@id\":\"https:\\\/\\\/shop.bantam.ch\\\/fr\\\/produit\\\/safety-kit-ak-270-y-compris-soft-dock-entretoises-o-35-40-45-serrure-a-pression\\\/#primaryimage\"},\"image\":{\"@id\":\"https:\\\/\\\/shop.bantam.ch\\\/fr\\\/produit\\\/safety-kit-ak-270-y-compris-soft-dock-entretoises-o-35-40-45-serrure-a-pression\\\/#primaryimage\"},\"thumbnailUrl\":\"https:\\\/\\\/shop.bantam.ch\\\/wp-content\\\/uploads\\\/2023\\\/02\\\/9942373-100-1-3.jpg\",\"datePublished\":\"2023-02-27T23:34:03+00:00\",\"dateModified\":\"2026-04-18T19:19:52+00:00\",\"breadcrumb\":{\"@id\":\"https:\\\/\\\/shop.bantam.ch\\\/fr\\\/produit\\\/safety-kit-ak-270-y-compris-soft-dock-entretoises-o-35-40-45-serrure-a-pression\\\/#breadcrumb\"},\"inLanguage\":\"fr-FR\",\"potentialAction\":[{\"@type\":\"ReadAction\",\"target\":[\"https:\\\/\\\/shop.bantam.ch\\\/fr\\\/produit\\\/safety-kit-ak-270-y-compris-soft-dock-entretoises-o-35-40-45-serrure-a-pression\\\/\"]}]},{\"@type\":\"ImageObject\",\"inLanguage\":\"fr-FR\",\"@id\":\"https:\\\/\\\/shop.bantam.ch\\\/fr\\\/produit\\\/safety-kit-ak-270-y-compris-soft-dock-entretoises-o-35-40-45-serrure-a-pression\\\/#primaryimage\",\"url\":\"https:\\\/\\\/shop.bantam.ch\\\/wp-content\\\/uploads\\\/2023\\\/02\\\/9942373-100-1-3.jpg\",\"contentUrl\":\"https:\\\/\\\/shop.bantam.ch\\\/wp-content\\\/uploads\\\/2023\\\/02\\\/9942373-100-1-3.jpg\",\"width\":436,\"height\":351},{\"@type\":\"BreadcrumbList\",\"@id\":\"https:\\\/\\\/shop.bantam.ch\\\/fr\\\/produit\\\/safety-kit-ak-270-y-compris-soft-dock-entretoises-o-35-40-45-serrure-a-pression\\\/#breadcrumb\",\"itemListElement\":[{\"@type\":\"ListItem\",\"position\":1,\"name\":\"Accueil\",\"item\":\"https:\\\/\\\/shop.bantam.ch\\\/fr\\\/\"},{\"@type\":\"ListItem\",\"position\":2,\"name\":\"Boutique\",\"item\":\"https:\\\/\\\/shop.bantam.ch\\\/fr\\\/boutique\\\/\"},{\"@type\":\"ListItem\",\"position\":3,\"name\":\"Safety Kit AL-KO AK\u00a0270 avec Soft-Dock, Entretoises\u00a035\\\/40\\\/45, Serrure \u00e0 pression\"}]},{\"@type\":\"WebSite\",\"@id\":\"https:\\\/\\\/shop.bantam.ch\\\/fr\\\/#website\",\"url\":\"https:\\\/\\\/shop.bantam.ch\\\/fr\\\/\",\"name\":\"Bantam Wankm\u00fcller SA\",\"description\":\"\",\"publisher\":{\"@id\":\"https:\\\/\\\/shop.bantam.ch\\\/fr\\\/#organization\"},\"inLanguage\":\"fr-FR\"},{\"@type\":\"Organization\",\"@id\":\"https:\\\/\\\/shop.bantam.ch\\\/fr\\\/#organization\",\"name\":\"Bantam Wankm\u00fcller SA\",\"url\":\"https:\\\/\\\/shop.bantam.ch\\\/fr\\\/\",\"logo\":{\"@type\":\"ImageObject\",\"inLanguage\":\"fr-FR\",\"@id\":\"https:\\\/\\\/shop.bantam.ch\\\/fr\\\/#\\\/schema\\\/logo\\\/image\\\/\",\"url\":\"https:\\\/\\\/shop.bantam.ch\\\/wp-content\\\/uploads\\\/2022\\\/12\\\/bantam-logo.png\",\"contentUrl\":\"https:\\\/\\\/shop.bantam.ch\\\/wp-content\\\/uploads\\\/2022\\\/12\\\/bantam-logo.png\",\"width\":320,\"height\":71,\"caption\":\"Bantam Wankm\u00fcller SA\"},\"image\":{\"@id\":\"https:\\\/\\\/shop.bantam.ch\\\/fr\\\/#\\\/schema\\\/logo\\\/image\\\/\"}}]}<\/script>\n<!-- \/ Yoast SEO plugin. -->","yoast_head_json":{"title":"Safety Kit AL-KO AK\u00a0270 avec Soft-Dock, Entretoises\u00a035\/40\/45, Serrure \u00e0 pression - Bantam Wankm\u00fcller SA","robots":{"index":"index","follow":"follow","max-snippet":"max-snippet:-1","max-image-preview":"max-image-preview:large","max-video-preview":"max-video-preview:-1"},"canonical":"https:\/\/shop.bantam.ch\/fr\/produit\/safety-kit-ak-270-y-compris-soft-dock-entretoises-o-35-40-45-serrure-a-pression\/","og_locale":"fr_FR","og_type":"article","og_title":"Safety Kit AL-KO AK\u00a0270 avec Soft-Dock, Entretoises\u00a035\/40\/45, Serrure \u00e0 pression - Bantam Wankm\u00fcller SA","og_description":"Compl\u00e9ment de s\u00e9curit\u00e9 1Position ouverteLa poign\u00e9e pointe obliquement vers le haut et signale \u00e0 l&rsquo;op\u00e9rateur qu&rsquo;elle est ouverte. Poign\u00e9e soupleDans la zone rouge de la poign\u00e9e, une mati\u00e8re plastique souple et donc adh\u00e9sive est utilis\u00e9e. De plus, le nez \u00e0 l&rsquo;extr\u00e9mit\u00e9 de la poign\u00e9e sert de protection antid\u00e9rapante. Compl\u00e9ment de s\u00e9curit\u00e9 2Position ferm\u00e9eLa boule du [&hellip;]","og_url":"https:\/\/shop.bantam.ch\/fr\/produit\/safety-kit-ak-270-y-compris-soft-dock-entretoises-o-35-40-45-serrure-a-pression\/","og_site_name":"Bantam Wankm\u00fcller SA","article_modified_time":"2026-04-18T19:19:52+00:00","og_image":[{"width":436,"height":351,"url":"https:\/\/shop.bantam.ch\/wp-content\/uploads\/2023\/02\/9942373-100-1-3.jpg","type":"image\/jpeg"}],"twitter_card":"summary_large_image","twitter_misc":{"Dur\u00e9e de lecture estim\u00e9e":"1 minute"},"schema":{"@context":"https:\/\/schema.org","@graph":[{"@type":"WebPage","@id":"https:\/\/shop.bantam.ch\/fr\/produit\/safety-kit-ak-270-y-compris-soft-dock-entretoises-o-35-40-45-serrure-a-pression\/","url":"https:\/\/shop.bantam.ch\/fr\/produit\/safety-kit-ak-270-y-compris-soft-dock-entretoises-o-35-40-45-serrure-a-pression\/","name":"Safety Kit AL-KO AK\u00a0270 avec Soft-Dock, Entretoises\u00a035\/40\/45, Serrure \u00e0 pression - Bantam Wankm\u00fcller SA","isPartOf":{"@id":"https:\/\/shop.bantam.ch\/fr\/#website"},"primaryImageOfPage":{"@id":"https:\/\/shop.bantam.ch\/fr\/produit\/safety-kit-ak-270-y-compris-soft-dock-entretoises-o-35-40-45-serrure-a-pression\/#primaryimage"},"image":{"@id":"https:\/\/shop.bantam.ch\/fr\/produit\/safety-kit-ak-270-y-compris-soft-dock-entretoises-o-35-40-45-serrure-a-pression\/#primaryimage"},"thumbnailUrl":"https:\/\/shop.bantam.ch\/wp-content\/uploads\/2023\/02\/9942373-100-1-3.jpg","datePublished":"2023-02-27T23:34:03+00:00","dateModified":"2026-04-18T19:19:52+00:00","breadcrumb":{"@id":"https:\/\/shop.bantam.ch\/fr\/produit\/safety-kit-ak-270-y-compris-soft-dock-entretoises-o-35-40-45-serrure-a-pression\/#breadcrumb"},"inLanguage":"fr-FR","potentialAction":[{"@type":"ReadAction","target":["https:\/\/shop.bantam.ch\/fr\/produit\/safety-kit-ak-270-y-compris-soft-dock-entretoises-o-35-40-45-serrure-a-pression\/"]}]},{"@type":"ImageObject","inLanguage":"fr-FR","@id":"https:\/\/shop.bantam.ch\/fr\/produit\/safety-kit-ak-270-y-compris-soft-dock-entretoises-o-35-40-45-serrure-a-pression\/#primaryimage","url":"https:\/\/shop.bantam.ch\/wp-content\/uploads\/2023\/02\/9942373-100-1-3.jpg","contentUrl":"https:\/\/shop.bantam.ch\/wp-content\/uploads\/2023\/02\/9942373-100-1-3.jpg","width":436,"height":351},{"@type":"BreadcrumbList","@id":"https:\/\/shop.bantam.ch\/fr\/produit\/safety-kit-ak-270-y-compris-soft-dock-entretoises-o-35-40-45-serrure-a-pression\/#breadcrumb","itemListElement":[{"@type":"ListItem","position":1,"name":"Accueil","item":"https:\/\/shop.bantam.ch\/fr\/"},{"@type":"ListItem","position":2,"name":"Boutique","item":"https:\/\/shop.bantam.ch\/fr\/boutique\/"},{"@type":"ListItem","position":3,"name":"Safety Kit AL-KO AK\u00a0270 avec Soft-Dock, Entretoises\u00a035\/40\/45, Serrure \u00e0 pression"}]},{"@type":"WebSite","@id":"https:\/\/shop.bantam.ch\/fr\/#website","url":"https:\/\/shop.bantam.ch\/fr\/","name":"Bantam Wankm\u00fcller SA","description":"","publisher":{"@id":"https:\/\/shop.bantam.ch\/fr\/#organization"},"inLanguage":"fr-FR"},{"@type":"Organization","@id":"https:\/\/shop.bantam.ch\/fr\/#organization","name":"Bantam Wankm\u00fcller SA","url":"https:\/\/shop.bantam.ch\/fr\/","logo":{"@type":"ImageObject","inLanguage":"fr-FR","@id":"https:\/\/shop.bantam.ch\/fr\/#\/schema\/logo\/image\/","url":"https:\/\/shop.bantam.ch\/wp-content\/uploads\/2022\/12\/bantam-logo.png","contentUrl":"https:\/\/shop.bantam.ch\/wp-content\/uploads\/2022\/12\/bantam-logo.png","width":320,"height":71,"caption":"Bantam Wankm\u00fcller SA"},"image":{"@id":"https:\/\/shop.bantam.ch\/fr\/#\/schema\/logo\/image\/"}}]}},"_links":{"self":[{"href":"https:\/\/shop.bantam.ch\/fr\/wp-json\/wp\/v2\/product\/76337","targetHints":{"allow":["GET"]}}],"collection":[{"href":"https:\/\/shop.bantam.ch\/fr\/wp-json\/wp\/v2\/product"}],"about":[{"href":"https:\/\/shop.bantam.ch\/fr\/wp-json\/wp\/v2\/types\/product"}],"wp:featuredmedia":[{"embeddable":true,"href":"https:\/\/shop.bantam.ch\/fr\/wp-json\/wp\/v2\/media\/76329"}],"wp:attachment":[{"href":"https:\/\/shop.bantam.ch\/fr\/wp-json\/wp\/v2\/media?parent=76337"}],"wp:term":[{"taxonomy":"product_featured_cat","embeddable":true,"href":"https:\/\/shop.bantam.ch\/fr\/wp-json\/wp\/v2\/product_featured_cat?post=76337"},{"taxonomy":"product_brand","embeddable":true,"href":"https:\/\/shop.bantam.ch\/fr\/wp-json\/wp\/v2\/product_brand?post=76337"},{"taxonomy":"product_cat","embeddable":true,"href":"https:\/\/shop.bantam.ch\/fr\/wp-json\/wp\/v2\/product_cat?post=76337"},{"taxonomy":"product_tag","embeddable":true,"href":"https:\/\/shop.bantam.ch\/fr\/wp-json\/wp\/v2\/product_tag?post=76337"}],"curies":[{"name":"wp","href":"https:\/\/api.w.org\/{rel}","templated":true}]}}