{"id":76293,"date":"2023-02-28T00:33:16","date_gmt":"2023-02-27T23:33:16","guid":{"rendered":"http:\/\/shop.bantam.ch\/produit\/systeme-de-chauffe-varioheat-eco-cp-plus\/"},"modified":"2026-04-19T21:20:37","modified_gmt":"2026-04-19T19:20:37","slug":"systeme-de-chauffe-varioheat-eco-cp-plus","status":"publish","type":"product","link":"https:\/\/shop.bantam.ch\/fr\/produit\/systeme-de-chauffe-varioheat-eco-cp-plus\/","title":{"rendered":"Truma VarioHeat eco CP plus"},"content":{"rendered":"<p>Les mod\u00e8les de chauffage aux performances incontest\u00e9es Trumatic E 2400 et E 4000 sont remplac\u00e9s par une nouvelle g\u00e9n\u00e9ration de chauffage : le Truma le Truma VarioHeat est son successeur performant aux dimensions extr\u00eamement compactes. Il est disponible dans les versions Eco et Confort. Les deux variantes diff\u00e8rent de par leurs performances seulement &#8211; les dimensions sont identiques.<br \/>La sonde de temp\u00e9rature est install\u00e9e dans le v\u00e9hicule, ind\u00e9pendamment du module de commande. La puissance de chauffage s\u2019ajuste automatiquement et le niveau de puissance s&rsquo;adapte \u00e0 la temp\u00e9rature que vous avez s\u00e9lectionn\u00e9e. Gr\u00e2ce \u00e0 la fonction Boost, votre v\u00e9hicule de loisirs chauffe rapidement.<br \/>Le module de commande num\u00e9rique CP plus VarioHeat vous permet de r\u00e9gler pr\u00e9cis\u00e9ment la temp\u00e9rature ambiante. Si vous avez install\u00e9 un climatiseur Truma, vous pouvez \u00e9galement l\u2019utiliser via ce module de commande.<\/p>\n<ul>\n<li>Hautement performant : le v\u00e9hicule dispose de chauffage rapidement<\/li>\n<li>Confortable : la puissance de chauffage s\u2019ajuste automatiquement<\/li>\n<li>Agr\u00e9able : l&rsquo;air est r\u00e9parti de fa\u00e7on variable et uniforme dans le v\u00e9hicule par l&rsquo;interm\u00e9diaire des prises d&rsquo;air.<\/li>\n<li>L\u00e9ger : son faible poids vous permet d&rsquo;avoir toute latitude avec la charge utile<\/li>\n<li>Peu encombrant : l\u2019\u00e9lectronique est int\u00e9gr\u00e9e dans l\u2019appareil<\/li>\n<\/ul>\n<p>\u00a0<\/p>\n<p>Contenu de la livraison :<br \/>Truma VarioHeat avec module de commande CP plus VarioHeat, longueur de c\u00e2ble 6 m, sonde de temp\u00e9rature ambiante, support de montage et accessoires pour raccordement \u00e9lectrique.<\/p>\n<ul>\n<li>D\u00e9bit calorifique nominal : Niveau 1 = 1300 W, Niveau 2 = 2800 W<\/li>\n<li>Consommation de gaz : Niveau 1 = 100 g\/h, Niveau 2 = 220 g\/h<\/li>\n<li>Ventilation\u00a0: Niveau\u00a01 = 75\u00a0m\u00b2\/h, niveau\u00a02 = 155\u00a0m\u00b2\/h<\/li>\n<li>Consommation de courant (12 V) :  Niveau 1 = 0,65 A, Niveau 2 = 2,75 A<\/li>\n<li>Courant de veille avec Truma CP plus VarioHeat\u00a0: 0,004<br data-mce-bogus=\"1\"><\/li>\n<li>Poids : 5,1 kg<\/li>\n<\/ul>\n","protected":false},"excerpt":{"rendered":"<p>Les mod\u00e8les de chauffage aux performances incontest\u00e9es Trumatic E 2400 et E 4000 sont remplac\u00e9s par une nouvelle g\u00e9n\u00e9ration de chauffage : le Truma le Truma VarioHeat est son successeur performant aux dimensions extr\u00eamement compactes. Il est disponible dans les versions Eco et Confort. Les deux variantes diff\u00e8rent de par leurs performances seulement &#8211; les [&hellip;]<\/p>\n","protected":false},"featured_media":76291,"template":"","meta":{"_acf_changed":false},"product_featured_cat":[],"product_brand":[3026],"product_cat":[4537],"product_tag":[],"class_list":{"0":"post-76293","1":"product","2":"type-product","3":"status-publish","4":"has-post-thumbnail","6":"product_brand-truma","7":"product_cat-chauffages-au-gaz","9":"first","10":"instock","11":"taxable","12":"shipping-taxable","13":"purchasable","14":"product-type-simple"},"acf":[],"yoast_head":"<!-- This site is optimized with the Yoast SEO plugin v27.4 - https:\/\/yoast.com\/product\/yoast-seo-wordpress\/ -->\n<title>Truma VarioHeat eco CP plus - Bantam Wankm\u00fcller SA<\/title>\n<meta name=\"robots\" content=\"index, follow, max-snippet:-1, max-image-preview:large, max-video-preview:-1\" \/>\n<link rel=\"canonical\" href=\"https:\/\/shop.bantam.ch\/fr\/produit\/systeme-de-chauffe-varioheat-eco-cp-plus\/\" \/>\n<meta property=\"og:locale\" content=\"fr_FR\" \/>\n<meta property=\"og:type\" content=\"article\" \/>\n<meta property=\"og:title\" content=\"Truma VarioHeat eco CP plus - Bantam Wankm\u00fcller SA\" \/>\n<meta property=\"og:description\" content=\"Les mod\u00e8les de chauffage aux performances incontest\u00e9es Trumatic E 2400 et E 4000 sont remplac\u00e9s par une nouvelle g\u00e9n\u00e9ration de chauffage : le Truma le Truma VarioHeat est son successeur performant aux dimensions extr\u00eamement compactes. Il est disponible dans les versions Eco et Confort. Les deux variantes diff\u00e8rent de par leurs performances seulement &#8211; les [&hellip;]\" \/>\n<meta property=\"og:url\" content=\"https:\/\/shop.bantam.ch\/fr\/produit\/systeme-de-chauffe-varioheat-eco-cp-plus\/\" \/>\n<meta property=\"og:site_name\" content=\"Bantam Wankm\u00fcller SA\" \/>\n<meta property=\"article:modified_time\" content=\"2026-04-19T19:20:37+00:00\" \/>\n<meta property=\"og:image\" content=\"https:\/\/shop.bantam.ch\/wp-content\/uploads\/2023\/02\/9954030.jpg\" \/>\n\t<meta property=\"og:image:width\" content=\"1000\" \/>\n\t<meta property=\"og:image:height\" content=\"797\" \/>\n\t<meta property=\"og:image:type\" content=\"image\/jpeg\" \/>\n<meta name=\"twitter:card\" content=\"summary_large_image\" \/>\n<meta name=\"twitter:label1\" content=\"Dur\u00e9e de lecture estim\u00e9e\" \/>\n\t<meta name=\"twitter:data1\" content=\"1 minute\" \/>\n<script type=\"application\/ld+json\" class=\"yoast-schema-graph\">{\"@context\":\"https:\\\/\\\/schema.org\",\"@graph\":[{\"@type\":\"WebPage\",\"@id\":\"https:\\\/\\\/shop.bantam.ch\\\/fr\\\/produit\\\/systeme-de-chauffe-varioheat-eco-cp-plus\\\/\",\"url\":\"https:\\\/\\\/shop.bantam.ch\\\/fr\\\/produit\\\/systeme-de-chauffe-varioheat-eco-cp-plus\\\/\",\"name\":\"Truma VarioHeat eco CP plus - Bantam Wankm\u00fcller SA\",\"isPartOf\":{\"@id\":\"https:\\\/\\\/shop.bantam.ch\\\/fr\\\/#website\"},\"primaryImageOfPage\":{\"@id\":\"https:\\\/\\\/shop.bantam.ch\\\/fr\\\/produit\\\/systeme-de-chauffe-varioheat-eco-cp-plus\\\/#primaryimage\"},\"image\":{\"@id\":\"https:\\\/\\\/shop.bantam.ch\\\/fr\\\/produit\\\/systeme-de-chauffe-varioheat-eco-cp-plus\\\/#primaryimage\"},\"thumbnailUrl\":\"https:\\\/\\\/shop.bantam.ch\\\/wp-content\\\/uploads\\\/2023\\\/02\\\/9954030.jpg\",\"datePublished\":\"2023-02-27T23:33:16+00:00\",\"dateModified\":\"2026-04-19T19:20:37+00:00\",\"breadcrumb\":{\"@id\":\"https:\\\/\\\/shop.bantam.ch\\\/fr\\\/produit\\\/systeme-de-chauffe-varioheat-eco-cp-plus\\\/#breadcrumb\"},\"inLanguage\":\"fr-FR\",\"potentialAction\":[{\"@type\":\"ReadAction\",\"target\":[\"https:\\\/\\\/shop.bantam.ch\\\/fr\\\/produit\\\/systeme-de-chauffe-varioheat-eco-cp-plus\\\/\"]}]},{\"@type\":\"ImageObject\",\"inLanguage\":\"fr-FR\",\"@id\":\"https:\\\/\\\/shop.bantam.ch\\\/fr\\\/produit\\\/systeme-de-chauffe-varioheat-eco-cp-plus\\\/#primaryimage\",\"url\":\"https:\\\/\\\/shop.bantam.ch\\\/wp-content\\\/uploads\\\/2023\\\/02\\\/9954030.jpg\",\"contentUrl\":\"https:\\\/\\\/shop.bantam.ch\\\/wp-content\\\/uploads\\\/2023\\\/02\\\/9954030.jpg\",\"width\":1000,\"height\":797},{\"@type\":\"BreadcrumbList\",\"@id\":\"https:\\\/\\\/shop.bantam.ch\\\/fr\\\/produit\\\/systeme-de-chauffe-varioheat-eco-cp-plus\\\/#breadcrumb\",\"itemListElement\":[{\"@type\":\"ListItem\",\"position\":1,\"name\":\"Accueil\",\"item\":\"https:\\\/\\\/shop.bantam.ch\\\/fr\\\/\"},{\"@type\":\"ListItem\",\"position\":2,\"name\":\"Boutique\",\"item\":\"https:\\\/\\\/shop.bantam.ch\\\/fr\\\/boutique\\\/\"},{\"@type\":\"ListItem\",\"position\":3,\"name\":\"Truma VarioHeat eco CP plus\"}]},{\"@type\":\"WebSite\",\"@id\":\"https:\\\/\\\/shop.bantam.ch\\\/fr\\\/#website\",\"url\":\"https:\\\/\\\/shop.bantam.ch\\\/fr\\\/\",\"name\":\"Bantam Wankm\u00fcller SA\",\"description\":\"\",\"publisher\":{\"@id\":\"https:\\\/\\\/shop.bantam.ch\\\/fr\\\/#organization\"},\"inLanguage\":\"fr-FR\"},{\"@type\":\"Organization\",\"@id\":\"https:\\\/\\\/shop.bantam.ch\\\/fr\\\/#organization\",\"name\":\"Bantam Wankm\u00fcller SA\",\"url\":\"https:\\\/\\\/shop.bantam.ch\\\/fr\\\/\",\"logo\":{\"@type\":\"ImageObject\",\"inLanguage\":\"fr-FR\",\"@id\":\"https:\\\/\\\/shop.bantam.ch\\\/fr\\\/#\\\/schema\\\/logo\\\/image\\\/\",\"url\":\"https:\\\/\\\/shop.bantam.ch\\\/wp-content\\\/uploads\\\/2022\\\/12\\\/bantam-logo.png\",\"contentUrl\":\"https:\\\/\\\/shop.bantam.ch\\\/wp-content\\\/uploads\\\/2022\\\/12\\\/bantam-logo.png\",\"width\":320,\"height\":71,\"caption\":\"Bantam Wankm\u00fcller SA\"},\"image\":{\"@id\":\"https:\\\/\\\/shop.bantam.ch\\\/fr\\\/#\\\/schema\\\/logo\\\/image\\\/\"}}]}<\/script>\n<!-- \/ Yoast SEO plugin. -->","yoast_head_json":{"title":"Truma VarioHeat eco CP plus - Bantam Wankm\u00fcller SA","robots":{"index":"index","follow":"follow","max-snippet":"max-snippet:-1","max-image-preview":"max-image-preview:large","max-video-preview":"max-video-preview:-1"},"canonical":"https:\/\/shop.bantam.ch\/fr\/produit\/systeme-de-chauffe-varioheat-eco-cp-plus\/","og_locale":"fr_FR","og_type":"article","og_title":"Truma VarioHeat eco CP plus - Bantam Wankm\u00fcller SA","og_description":"Les mod\u00e8les de chauffage aux performances incontest\u00e9es Trumatic E 2400 et E 4000 sont remplac\u00e9s par une nouvelle g\u00e9n\u00e9ration de chauffage : le Truma le Truma VarioHeat est son successeur performant aux dimensions extr\u00eamement compactes. Il est disponible dans les versions Eco et Confort. Les deux variantes diff\u00e8rent de par leurs performances seulement &#8211; les [&hellip;]","og_url":"https:\/\/shop.bantam.ch\/fr\/produit\/systeme-de-chauffe-varioheat-eco-cp-plus\/","og_site_name":"Bantam Wankm\u00fcller SA","article_modified_time":"2026-04-19T19:20:37+00:00","og_image":[{"width":1000,"height":797,"url":"https:\/\/shop.bantam.ch\/wp-content\/uploads\/2023\/02\/9954030.jpg","type":"image\/jpeg"}],"twitter_card":"summary_large_image","twitter_misc":{"Dur\u00e9e de lecture estim\u00e9e":"1 minute"},"schema":{"@context":"https:\/\/schema.org","@graph":[{"@type":"WebPage","@id":"https:\/\/shop.bantam.ch\/fr\/produit\/systeme-de-chauffe-varioheat-eco-cp-plus\/","url":"https:\/\/shop.bantam.ch\/fr\/produit\/systeme-de-chauffe-varioheat-eco-cp-plus\/","name":"Truma VarioHeat eco CP plus - Bantam Wankm\u00fcller SA","isPartOf":{"@id":"https:\/\/shop.bantam.ch\/fr\/#website"},"primaryImageOfPage":{"@id":"https:\/\/shop.bantam.ch\/fr\/produit\/systeme-de-chauffe-varioheat-eco-cp-plus\/#primaryimage"},"image":{"@id":"https:\/\/shop.bantam.ch\/fr\/produit\/systeme-de-chauffe-varioheat-eco-cp-plus\/#primaryimage"},"thumbnailUrl":"https:\/\/shop.bantam.ch\/wp-content\/uploads\/2023\/02\/9954030.jpg","datePublished":"2023-02-27T23:33:16+00:00","dateModified":"2026-04-19T19:20:37+00:00","breadcrumb":{"@id":"https:\/\/shop.bantam.ch\/fr\/produit\/systeme-de-chauffe-varioheat-eco-cp-plus\/#breadcrumb"},"inLanguage":"fr-FR","potentialAction":[{"@type":"ReadAction","target":["https:\/\/shop.bantam.ch\/fr\/produit\/systeme-de-chauffe-varioheat-eco-cp-plus\/"]}]},{"@type":"ImageObject","inLanguage":"fr-FR","@id":"https:\/\/shop.bantam.ch\/fr\/produit\/systeme-de-chauffe-varioheat-eco-cp-plus\/#primaryimage","url":"https:\/\/shop.bantam.ch\/wp-content\/uploads\/2023\/02\/9954030.jpg","contentUrl":"https:\/\/shop.bantam.ch\/wp-content\/uploads\/2023\/02\/9954030.jpg","width":1000,"height":797},{"@type":"BreadcrumbList","@id":"https:\/\/shop.bantam.ch\/fr\/produit\/systeme-de-chauffe-varioheat-eco-cp-plus\/#breadcrumb","itemListElement":[{"@type":"ListItem","position":1,"name":"Accueil","item":"https:\/\/shop.bantam.ch\/fr\/"},{"@type":"ListItem","position":2,"name":"Boutique","item":"https:\/\/shop.bantam.ch\/fr\/boutique\/"},{"@type":"ListItem","position":3,"name":"Truma VarioHeat eco CP plus"}]},{"@type":"WebSite","@id":"https:\/\/shop.bantam.ch\/fr\/#website","url":"https:\/\/shop.bantam.ch\/fr\/","name":"Bantam Wankm\u00fcller SA","description":"","publisher":{"@id":"https:\/\/shop.bantam.ch\/fr\/#organization"},"inLanguage":"fr-FR"},{"@type":"Organization","@id":"https:\/\/shop.bantam.ch\/fr\/#organization","name":"Bantam Wankm\u00fcller SA","url":"https:\/\/shop.bantam.ch\/fr\/","logo":{"@type":"ImageObject","inLanguage":"fr-FR","@id":"https:\/\/shop.bantam.ch\/fr\/#\/schema\/logo\/image\/","url":"https:\/\/shop.bantam.ch\/wp-content\/uploads\/2022\/12\/bantam-logo.png","contentUrl":"https:\/\/shop.bantam.ch\/wp-content\/uploads\/2022\/12\/bantam-logo.png","width":320,"height":71,"caption":"Bantam Wankm\u00fcller SA"},"image":{"@id":"https:\/\/shop.bantam.ch\/fr\/#\/schema\/logo\/image\/"}}]}},"_links":{"self":[{"href":"https:\/\/shop.bantam.ch\/fr\/wp-json\/wp\/v2\/product\/76293","targetHints":{"allow":["GET"]}}],"collection":[{"href":"https:\/\/shop.bantam.ch\/fr\/wp-json\/wp\/v2\/product"}],"about":[{"href":"https:\/\/shop.bantam.ch\/fr\/wp-json\/wp\/v2\/types\/product"}],"wp:featuredmedia":[{"embeddable":true,"href":"https:\/\/shop.bantam.ch\/fr\/wp-json\/wp\/v2\/media\/76291"}],"wp:attachment":[{"href":"https:\/\/shop.bantam.ch\/fr\/wp-json\/wp\/v2\/media?parent=76293"}],"wp:term":[{"taxonomy":"product_featured_cat","embeddable":true,"href":"https:\/\/shop.bantam.ch\/fr\/wp-json\/wp\/v2\/product_featured_cat?post=76293"},{"taxonomy":"product_brand","embeddable":true,"href":"https:\/\/shop.bantam.ch\/fr\/wp-json\/wp\/v2\/product_brand?post=76293"},{"taxonomy":"product_cat","embeddable":true,"href":"https:\/\/shop.bantam.ch\/fr\/wp-json\/wp\/v2\/product_cat?post=76293"},{"taxonomy":"product_tag","embeddable":true,"href":"https:\/\/shop.bantam.ch\/fr\/wp-json\/wp\/v2\/product_tag?post=76293"}],"curies":[{"name":"wp","href":"https:\/\/api.w.org\/{rel}","templated":true}]}}