{"id":76255,"date":"2023-02-28T00:32:16","date_gmt":"2023-02-27T23:32:16","guid":{"rendered":"http:\/\/shop.bantam.ch\/produit\/tete-dattelage-securisee-ws-3000\/"},"modified":"2026-05-08T22:21:50","modified_gmt":"2026-05-08T20:21:50","slug":"tete-dattelage-securisee-ws-3000","status":"publish","type":"product","link":"https:\/\/shop.bantam.ch\/fr\/produit\/tete-dattelage-securisee-ws-3000\/","title":{"rendered":"T\u00eate d\u2019attelage s\u00e9curis\u00e9e WS 3000"},"content":{"rendered":"<p>Avec t\u00e9moin d\u2018affichage pour contr\u00f4ler la boule d\u2018attelage du WS 3000.  Des \u00e9l\u00e9ments de frottement sp\u00e9cialement con\u00e7us sont press\u00e9s fortement sur la boule du v\u00e9hicule et g\u00e9n\u00e8rent en permanence<br \/>une tr\u00e8s haute stabilit\u00e9 de tension. Ainsi la vitesse critique avec laquelle un serrage devient instable et vacille, est augment\u00e9e en permanence, et ce, jusqu\u2018\u00e0 30 %.<br \/>Un affichage encore plus pr\u00e9cis du taux d\u2018usure pour contr\u00f4ler l\u2018\u00e9tat des \u00e9l\u00e9ments de frottement augmente votre s\u00e9curit\u00e9 et votre confort !<\/p>\n<ul>\n<li>Charge de remorquage max. 3 000 kg<\/li>\n<li>Charge d\u2019appui max. 150 kg<\/li>\n<li>Aucune inscription n\u00e9cessaire<\/li>\n<li>Peut \u00e9quiper toutes les remorques avec timon d\u2018attelage de \u00d8 35 \u2013 50 mm vissage crois\u00e9 ou parall\u00e8le.<\/li>\n<\/ul>\n<p>\u00a0<\/p>\n","protected":false},"excerpt":{"rendered":"<p>Avec t\u00e9moin d\u2018affichage pour contr\u00f4ler la boule d\u2018attelage du WS 3000. Des \u00e9l\u00e9ments de frottement sp\u00e9cialement con\u00e7us sont press\u00e9s fortement sur la boule du v\u00e9hicule et g\u00e9n\u00e8rent en permanenceune tr\u00e8s haute stabilit\u00e9 de tension. Ainsi la vitesse critique avec laquelle un serrage devient instable et vacille, est augment\u00e9e en permanence, et ce, jusqu\u2018\u00e0 30 %.Un [&hellip;]<\/p>\n","protected":false},"featured_media":76225,"template":"","meta":{"_acf_changed":false},"product_featured_cat":[],"product_brand":[3214],"product_cat":[4819],"product_tag":[],"class_list":{"0":"post-76255","1":"product","2":"type-product","3":"status-publish","4":"has-post-thumbnail","6":"product_brand-winterhoff","7":"product_cat-accouplements-a-bille-et-anti-vibrations","9":"first","10":"instock","11":"taxable","12":"shipping-taxable","13":"purchasable","14":"product-type-variable"},"acf":[],"yoast_head":"<!-- This site is optimized with the Yoast SEO plugin v27.5 - https:\/\/yoast.com\/product\/yoast-seo-wordpress\/ -->\n<title>T\u00eate d\u2019attelage s\u00e9curis\u00e9e WS 3000 - Bantam<\/title>\n<meta name=\"robots\" content=\"index, follow, max-snippet:-1, max-image-preview:large, max-video-preview:-1\" \/>\n<link rel=\"canonical\" href=\"https:\/\/shop.bantam.ch\/fr\/produit\/tete-dattelage-securisee-ws-3000\/\" \/>\n<meta property=\"og:locale\" content=\"fr_FR\" \/>\n<meta property=\"og:type\" content=\"article\" \/>\n<meta property=\"og:title\" content=\"T\u00eate d\u2019attelage s\u00e9curis\u00e9e WS 3000 - Bantam\" \/>\n<meta property=\"og:description\" content=\"Avec t\u00e9moin d\u2018affichage pour contr\u00f4ler la boule d\u2018attelage du WS 3000. Des \u00e9l\u00e9ments de frottement sp\u00e9cialement con\u00e7us sont press\u00e9s fortement sur la boule du v\u00e9hicule et g\u00e9n\u00e8rent en permanenceune tr\u00e8s haute stabilit\u00e9 de tension. Ainsi la vitesse critique avec laquelle un serrage devient instable et vacille, est augment\u00e9e en permanence, et ce, jusqu\u2018\u00e0 30 %.Un [&hellip;]\" \/>\n<meta property=\"og:url\" content=\"https:\/\/shop.bantam.ch\/fr\/produit\/tete-dattelage-securisee-ws-3000\/\" \/>\n<meta property=\"og:site_name\" content=\"Bantam\" \/>\n<meta property=\"article:modified_time\" content=\"2026-05-08T20:21:50+00:00\" \/>\n<meta property=\"og:image\" content=\"https:\/\/shop.bantam.ch\/wp-content\/uploads\/2023\/02\/9981001-Sicherheitskupplung_WS_3000_m_D_Z_SafetyBall-Standard-01.jpg\" \/>\n\t<meta property=\"og:image:width\" content=\"1000\" \/>\n\t<meta property=\"og:image:height\" content=\"713\" \/>\n\t<meta property=\"og:image:type\" content=\"image\/jpeg\" \/>\n<meta name=\"twitter:card\" content=\"summary_large_image\" \/>\n<meta name=\"twitter:label1\" content=\"Dur\u00e9e de lecture estim\u00e9e\" \/>\n\t<meta name=\"twitter:data1\" content=\"1 minute\" \/>\n<script type=\"application\/ld+json\" class=\"yoast-schema-graph\">{\"@context\":\"https:\\\/\\\/schema.org\",\"@graph\":[{\"@type\":\"WebPage\",\"@id\":\"https:\\\/\\\/shop.bantam.ch\\\/fr\\\/produit\\\/tete-dattelage-securisee-ws-3000\\\/\",\"url\":\"https:\\\/\\\/shop.bantam.ch\\\/fr\\\/produit\\\/tete-dattelage-securisee-ws-3000\\\/\",\"name\":\"T\u00eate d\u2019attelage s\u00e9curis\u00e9e WS 3000 - Bantam\",\"isPartOf\":{\"@id\":\"https:\\\/\\\/shop.bantam.ch\\\/fr\\\/#website\"},\"primaryImageOfPage\":{\"@id\":\"https:\\\/\\\/shop.bantam.ch\\\/fr\\\/produit\\\/tete-dattelage-securisee-ws-3000\\\/#primaryimage\"},\"image\":{\"@id\":\"https:\\\/\\\/shop.bantam.ch\\\/fr\\\/produit\\\/tete-dattelage-securisee-ws-3000\\\/#primaryimage\"},\"thumbnailUrl\":\"https:\\\/\\\/shop.bantam.ch\\\/wp-content\\\/uploads\\\/2023\\\/02\\\/9981001-Sicherheitskupplung_WS_3000_m_D_Z_SafetyBall-Standard-01.jpg\",\"datePublished\":\"2023-02-27T23:32:16+00:00\",\"dateModified\":\"2026-05-08T20:21:50+00:00\",\"breadcrumb\":{\"@id\":\"https:\\\/\\\/shop.bantam.ch\\\/fr\\\/produit\\\/tete-dattelage-securisee-ws-3000\\\/#breadcrumb\"},\"inLanguage\":\"fr-FR\",\"potentialAction\":[{\"@type\":\"ReadAction\",\"target\":[\"https:\\\/\\\/shop.bantam.ch\\\/fr\\\/produit\\\/tete-dattelage-securisee-ws-3000\\\/\"]}]},{\"@type\":\"ImageObject\",\"inLanguage\":\"fr-FR\",\"@id\":\"https:\\\/\\\/shop.bantam.ch\\\/fr\\\/produit\\\/tete-dattelage-securisee-ws-3000\\\/#primaryimage\",\"url\":\"https:\\\/\\\/shop.bantam.ch\\\/wp-content\\\/uploads\\\/2023\\\/02\\\/9981001-Sicherheitskupplung_WS_3000_m_D_Z_SafetyBall-Standard-01.jpg\",\"contentUrl\":\"https:\\\/\\\/shop.bantam.ch\\\/wp-content\\\/uploads\\\/2023\\\/02\\\/9981001-Sicherheitskupplung_WS_3000_m_D_Z_SafetyBall-Standard-01.jpg\",\"width\":1000,\"height\":713},{\"@type\":\"BreadcrumbList\",\"@id\":\"https:\\\/\\\/shop.bantam.ch\\\/fr\\\/produit\\\/tete-dattelage-securisee-ws-3000\\\/#breadcrumb\",\"itemListElement\":[{\"@type\":\"ListItem\",\"position\":1,\"name\":\"Accueil\",\"item\":\"https:\\\/\\\/shop.bantam.ch\\\/fr\\\/\"},{\"@type\":\"ListItem\",\"position\":2,\"name\":\"Boutique\",\"item\":\"https:\\\/\\\/shop.bantam.ch\\\/fr\\\/boutique\\\/\"},{\"@type\":\"ListItem\",\"position\":3,\"name\":\"T\u00eate d\u2019attelage s\u00e9curis\u00e9e WS 3000\"}]},{\"@type\":\"WebSite\",\"@id\":\"https:\\\/\\\/shop.bantam.ch\\\/fr\\\/#website\",\"url\":\"https:\\\/\\\/shop.bantam.ch\\\/fr\\\/\",\"name\":\"Bantam\",\"description\":\"\",\"publisher\":{\"@id\":\"https:\\\/\\\/shop.bantam.ch\\\/fr\\\/#organization\"},\"inLanguage\":\"fr-FR\"},{\"@type\":\"Organization\",\"@id\":\"https:\\\/\\\/shop.bantam.ch\\\/fr\\\/#organization\",\"name\":\"Bantam\",\"url\":\"https:\\\/\\\/shop.bantam.ch\\\/fr\\\/\",\"logo\":{\"@type\":\"ImageObject\",\"inLanguage\":\"fr-FR\",\"@id\":\"https:\\\/\\\/shop.bantam.ch\\\/fr\\\/#\\\/schema\\\/logo\\\/image\\\/\",\"url\":\"https:\\\/\\\/shop.bantam.ch\\\/wp-content\\\/uploads\\\/2022\\\/12\\\/bantam-logo.png\",\"contentUrl\":\"https:\\\/\\\/shop.bantam.ch\\\/wp-content\\\/uploads\\\/2022\\\/12\\\/bantam-logo.png\",\"width\":320,\"height\":71,\"caption\":\"Bantam\"},\"image\":{\"@id\":\"https:\\\/\\\/shop.bantam.ch\\\/fr\\\/#\\\/schema\\\/logo\\\/image\\\/\"}}]}<\/script>\n<!-- \/ Yoast SEO plugin. -->","yoast_head_json":{"title":"T\u00eate d\u2019attelage s\u00e9curis\u00e9e WS 3000 - Bantam","robots":{"index":"index","follow":"follow","max-snippet":"max-snippet:-1","max-image-preview":"max-image-preview:large","max-video-preview":"max-video-preview:-1"},"canonical":"https:\/\/shop.bantam.ch\/fr\/produit\/tete-dattelage-securisee-ws-3000\/","og_locale":"fr_FR","og_type":"article","og_title":"T\u00eate d\u2019attelage s\u00e9curis\u00e9e WS 3000 - Bantam","og_description":"Avec t\u00e9moin d\u2018affichage pour contr\u00f4ler la boule d\u2018attelage du WS 3000. Des \u00e9l\u00e9ments de frottement sp\u00e9cialement con\u00e7us sont press\u00e9s fortement sur la boule du v\u00e9hicule et g\u00e9n\u00e8rent en permanenceune tr\u00e8s haute stabilit\u00e9 de tension. Ainsi la vitesse critique avec laquelle un serrage devient instable et vacille, est augment\u00e9e en permanence, et ce, jusqu\u2018\u00e0 30 %.Un [&hellip;]","og_url":"https:\/\/shop.bantam.ch\/fr\/produit\/tete-dattelage-securisee-ws-3000\/","og_site_name":"Bantam","article_modified_time":"2026-05-08T20:21:50+00:00","og_image":[{"width":1000,"height":713,"url":"https:\/\/shop.bantam.ch\/wp-content\/uploads\/2023\/02\/9981001-Sicherheitskupplung_WS_3000_m_D_Z_SafetyBall-Standard-01.jpg","type":"image\/jpeg"}],"twitter_card":"summary_large_image","twitter_misc":{"Dur\u00e9e de lecture estim\u00e9e":"1 minute"},"schema":{"@context":"https:\/\/schema.org","@graph":[{"@type":"WebPage","@id":"https:\/\/shop.bantam.ch\/fr\/produit\/tete-dattelage-securisee-ws-3000\/","url":"https:\/\/shop.bantam.ch\/fr\/produit\/tete-dattelage-securisee-ws-3000\/","name":"T\u00eate d\u2019attelage s\u00e9curis\u00e9e WS 3000 - Bantam","isPartOf":{"@id":"https:\/\/shop.bantam.ch\/fr\/#website"},"primaryImageOfPage":{"@id":"https:\/\/shop.bantam.ch\/fr\/produit\/tete-dattelage-securisee-ws-3000\/#primaryimage"},"image":{"@id":"https:\/\/shop.bantam.ch\/fr\/produit\/tete-dattelage-securisee-ws-3000\/#primaryimage"},"thumbnailUrl":"https:\/\/shop.bantam.ch\/wp-content\/uploads\/2023\/02\/9981001-Sicherheitskupplung_WS_3000_m_D_Z_SafetyBall-Standard-01.jpg","datePublished":"2023-02-27T23:32:16+00:00","dateModified":"2026-05-08T20:21:50+00:00","breadcrumb":{"@id":"https:\/\/shop.bantam.ch\/fr\/produit\/tete-dattelage-securisee-ws-3000\/#breadcrumb"},"inLanguage":"fr-FR","potentialAction":[{"@type":"ReadAction","target":["https:\/\/shop.bantam.ch\/fr\/produit\/tete-dattelage-securisee-ws-3000\/"]}]},{"@type":"ImageObject","inLanguage":"fr-FR","@id":"https:\/\/shop.bantam.ch\/fr\/produit\/tete-dattelage-securisee-ws-3000\/#primaryimage","url":"https:\/\/shop.bantam.ch\/wp-content\/uploads\/2023\/02\/9981001-Sicherheitskupplung_WS_3000_m_D_Z_SafetyBall-Standard-01.jpg","contentUrl":"https:\/\/shop.bantam.ch\/wp-content\/uploads\/2023\/02\/9981001-Sicherheitskupplung_WS_3000_m_D_Z_SafetyBall-Standard-01.jpg","width":1000,"height":713},{"@type":"BreadcrumbList","@id":"https:\/\/shop.bantam.ch\/fr\/produit\/tete-dattelage-securisee-ws-3000\/#breadcrumb","itemListElement":[{"@type":"ListItem","position":1,"name":"Accueil","item":"https:\/\/shop.bantam.ch\/fr\/"},{"@type":"ListItem","position":2,"name":"Boutique","item":"https:\/\/shop.bantam.ch\/fr\/boutique\/"},{"@type":"ListItem","position":3,"name":"T\u00eate d\u2019attelage s\u00e9curis\u00e9e WS 3000"}]},{"@type":"WebSite","@id":"https:\/\/shop.bantam.ch\/fr\/#website","url":"https:\/\/shop.bantam.ch\/fr\/","name":"Bantam","description":"","publisher":{"@id":"https:\/\/shop.bantam.ch\/fr\/#organization"},"inLanguage":"fr-FR"},{"@type":"Organization","@id":"https:\/\/shop.bantam.ch\/fr\/#organization","name":"Bantam","url":"https:\/\/shop.bantam.ch\/fr\/","logo":{"@type":"ImageObject","inLanguage":"fr-FR","@id":"https:\/\/shop.bantam.ch\/fr\/#\/schema\/logo\/image\/","url":"https:\/\/shop.bantam.ch\/wp-content\/uploads\/2022\/12\/bantam-logo.png","contentUrl":"https:\/\/shop.bantam.ch\/wp-content\/uploads\/2022\/12\/bantam-logo.png","width":320,"height":71,"caption":"Bantam"},"image":{"@id":"https:\/\/shop.bantam.ch\/fr\/#\/schema\/logo\/image\/"}}]}},"_links":{"self":[{"href":"https:\/\/shop.bantam.ch\/fr\/wp-json\/wp\/v2\/product\/76255","targetHints":{"allow":["GET"]}}],"collection":[{"href":"https:\/\/shop.bantam.ch\/fr\/wp-json\/wp\/v2\/product"}],"about":[{"href":"https:\/\/shop.bantam.ch\/fr\/wp-json\/wp\/v2\/types\/product"}],"wp:featuredmedia":[{"embeddable":true,"href":"https:\/\/shop.bantam.ch\/fr\/wp-json\/wp\/v2\/media\/76225"}],"wp:attachment":[{"href":"https:\/\/shop.bantam.ch\/fr\/wp-json\/wp\/v2\/media?parent=76255"}],"wp:term":[{"taxonomy":"product_featured_cat","embeddable":true,"href":"https:\/\/shop.bantam.ch\/fr\/wp-json\/wp\/v2\/product_featured_cat?post=76255"},{"taxonomy":"product_brand","embeddable":true,"href":"https:\/\/shop.bantam.ch\/fr\/wp-json\/wp\/v2\/product_brand?post=76255"},{"taxonomy":"product_cat","embeddable":true,"href":"https:\/\/shop.bantam.ch\/fr\/wp-json\/wp\/v2\/product_cat?post=76255"},{"taxonomy":"product_tag","embeddable":true,"href":"https:\/\/shop.bantam.ch\/fr\/wp-json\/wp\/v2\/product_tag?post=76255"}],"curies":[{"name":"wp","href":"https:\/\/api.w.org\/{rel}","templated":true}]}}