{"id":76067,"date":"2023-02-28T00:29:19","date_gmt":"2023-02-27T23:29:19","guid":{"rendered":"http:\/\/shop.bantam.ch\/produit\/systeme-de-chauffe-s-5004-pour-2-ventilateurs\/"},"modified":"2026-05-02T21:18:33","modified_gmt":"2026-05-02T19:18:33","slug":"systeme-de-chauffe-s-5004-pour-2-ventilateurs","status":"publish","type":"product","link":"https:\/\/shop.bantam.ch\/fr\/produit\/systeme-de-chauffe-s-5004-pour-2-ventilateurs\/","title":{"rendered":"Truma S 5004 pour 2 ventilateurs"},"content":{"rendered":"<p>Truma S 5004 pour gaz liquide LPG. Pour une utilisation en caravane et mobilhome.<\/p>\n<p>Contenu\u00a0:<br \/>Allumeur automatique<br \/>Thermostat<br \/>Coffret de montage <\/p>\n<p>Contenu de la livraison :<br \/>sans fa\u00e7ade, ventilateur \u00e0 commander s\u00e9par\u00e9ment<\/p>\n<ul>\n<li>R\u00e9glage en continu et pr\u00e9cis de la temp\u00e9rature et de la puissance de ventilation<\/li>\n<li>Boutons de commande ergonomiques<\/li>\n<li>Ventilation puissante et silencieuse<\/li>\n<li>Fonction Booster pour une r\u00e9partition encore plus rapide de la chaleur et une d\u00e9shumidification<\/li>\n<li>Pr\u00e9chauffage possible pendant la conduite<\/li>\n<li>Pour 1 ventilateur<\/li>\n<\/ul>\n","protected":false},"excerpt":{"rendered":"<p>Truma S 5004 pour gaz liquide LPG. Pour une utilisation en caravane et mobilhome. Contenu\u00a0:Allumeur automatiqueThermostatCoffret de montage Contenu de la livraison :sans fa\u00e7ade, ventilateur \u00e0 commander s\u00e9par\u00e9ment R\u00e9glage en continu et pr\u00e9cis de la temp\u00e9rature et de la puissance de ventilation Boutons de commande ergonomiques Ventilation puissante et silencieuse Fonction Booster pour une r\u00e9partition [&hellip;]<\/p>\n","protected":false},"featured_media":76065,"template":"","meta":{"_acf_changed":false},"product_featured_cat":[],"product_brand":[3026],"product_cat":[4537],"product_tag":[],"class_list":{"0":"post-76067","1":"product","2":"type-product","3":"status-publish","4":"has-post-thumbnail","6":"product_brand-truma","7":"product_cat-chauffages-au-gaz","9":"first","10":"instock","11":"taxable","12":"shipping-taxable","13":"purchasable","14":"product-type-simple"},"acf":[],"yoast_head":"<!-- This site is optimized with the Yoast SEO plugin v27.5 - https:\/\/yoast.com\/product\/yoast-seo-wordpress\/ -->\n<title>Truma S 5004 pour 2 ventilateurs - Bantam<\/title>\n<meta name=\"robots\" content=\"index, follow, max-snippet:-1, max-image-preview:large, max-video-preview:-1\" \/>\n<link rel=\"canonical\" href=\"https:\/\/shop.bantam.ch\/fr\/produit\/systeme-de-chauffe-s-5004-pour-2-ventilateurs\/\" \/>\n<meta property=\"og:locale\" content=\"fr_FR\" \/>\n<meta property=\"og:type\" content=\"article\" \/>\n<meta property=\"og:title\" content=\"Truma S 5004 pour 2 ventilateurs - Bantam\" \/>\n<meta property=\"og:description\" content=\"Truma S 5004 pour gaz liquide LPG. Pour une utilisation en caravane et mobilhome. Contenu\u00a0:Allumeur automatiqueThermostatCoffret de montage Contenu de la livraison :sans fa\u00e7ade, ventilateur \u00e0 commander s\u00e9par\u00e9ment R\u00e9glage en continu et pr\u00e9cis de la temp\u00e9rature et de la puissance de ventilation Boutons de commande ergonomiques Ventilation puissante et silencieuse Fonction Booster pour une r\u00e9partition [&hellip;]\" \/>\n<meta property=\"og:url\" content=\"https:\/\/shop.bantam.ch\/fr\/produit\/systeme-de-chauffe-s-5004-pour-2-ventilateurs\/\" \/>\n<meta property=\"og:site_name\" content=\"Bantam\" \/>\n<meta property=\"article:modified_time\" content=\"2026-05-02T19:18:33+00:00\" \/>\n<meta property=\"og:image\" content=\"https:\/\/shop.bantam.ch\/wp-content\/uploads\/2023\/02\/9954326-Heizung_Truma_S_5004_30_mbar_mit_Spezialeinbaukasten_fuer_2_Geblaese-Standard-01.jpg\" \/>\n\t<meta property=\"og:image:width\" content=\"947\" \/>\n\t<meta property=\"og:image:height\" content=\"1000\" \/>\n\t<meta property=\"og:image:type\" content=\"image\/jpeg\" \/>\n<meta name=\"twitter:card\" content=\"summary_large_image\" \/>\n<script type=\"application\/ld+json\" class=\"yoast-schema-graph\">{\"@context\":\"https:\\\/\\\/schema.org\",\"@graph\":[{\"@type\":\"WebPage\",\"@id\":\"https:\\\/\\\/shop.bantam.ch\\\/fr\\\/produit\\\/systeme-de-chauffe-s-5004-pour-2-ventilateurs\\\/\",\"url\":\"https:\\\/\\\/shop.bantam.ch\\\/fr\\\/produit\\\/systeme-de-chauffe-s-5004-pour-2-ventilateurs\\\/\",\"name\":\"Truma S 5004 pour 2 ventilateurs - Bantam\",\"isPartOf\":{\"@id\":\"https:\\\/\\\/shop.bantam.ch\\\/fr\\\/#website\"},\"primaryImageOfPage\":{\"@id\":\"https:\\\/\\\/shop.bantam.ch\\\/fr\\\/produit\\\/systeme-de-chauffe-s-5004-pour-2-ventilateurs\\\/#primaryimage\"},\"image\":{\"@id\":\"https:\\\/\\\/shop.bantam.ch\\\/fr\\\/produit\\\/systeme-de-chauffe-s-5004-pour-2-ventilateurs\\\/#primaryimage\"},\"thumbnailUrl\":\"https:\\\/\\\/shop.bantam.ch\\\/wp-content\\\/uploads\\\/2023\\\/02\\\/9954326-Heizung_Truma_S_5004_30_mbar_mit_Spezialeinbaukasten_fuer_2_Geblaese-Standard-01.jpg\",\"datePublished\":\"2023-02-27T23:29:19+00:00\",\"dateModified\":\"2026-05-02T19:18:33+00:00\",\"breadcrumb\":{\"@id\":\"https:\\\/\\\/shop.bantam.ch\\\/fr\\\/produit\\\/systeme-de-chauffe-s-5004-pour-2-ventilateurs\\\/#breadcrumb\"},\"inLanguage\":\"fr-FR\",\"potentialAction\":[{\"@type\":\"ReadAction\",\"target\":[\"https:\\\/\\\/shop.bantam.ch\\\/fr\\\/produit\\\/systeme-de-chauffe-s-5004-pour-2-ventilateurs\\\/\"]}]},{\"@type\":\"ImageObject\",\"inLanguage\":\"fr-FR\",\"@id\":\"https:\\\/\\\/shop.bantam.ch\\\/fr\\\/produit\\\/systeme-de-chauffe-s-5004-pour-2-ventilateurs\\\/#primaryimage\",\"url\":\"https:\\\/\\\/shop.bantam.ch\\\/wp-content\\\/uploads\\\/2023\\\/02\\\/9954326-Heizung_Truma_S_5004_30_mbar_mit_Spezialeinbaukasten_fuer_2_Geblaese-Standard-01.jpg\",\"contentUrl\":\"https:\\\/\\\/shop.bantam.ch\\\/wp-content\\\/uploads\\\/2023\\\/02\\\/9954326-Heizung_Truma_S_5004_30_mbar_mit_Spezialeinbaukasten_fuer_2_Geblaese-Standard-01.jpg\",\"width\":947,\"height\":1000},{\"@type\":\"BreadcrumbList\",\"@id\":\"https:\\\/\\\/shop.bantam.ch\\\/fr\\\/produit\\\/systeme-de-chauffe-s-5004-pour-2-ventilateurs\\\/#breadcrumb\",\"itemListElement\":[{\"@type\":\"ListItem\",\"position\":1,\"name\":\"Accueil\",\"item\":\"https:\\\/\\\/shop.bantam.ch\\\/fr\\\/\"},{\"@type\":\"ListItem\",\"position\":2,\"name\":\"Boutique\",\"item\":\"https:\\\/\\\/shop.bantam.ch\\\/fr\\\/boutique\\\/\"},{\"@type\":\"ListItem\",\"position\":3,\"name\":\"Truma S 5004 pour 2 ventilateurs\"}]},{\"@type\":\"WebSite\",\"@id\":\"https:\\\/\\\/shop.bantam.ch\\\/fr\\\/#website\",\"url\":\"https:\\\/\\\/shop.bantam.ch\\\/fr\\\/\",\"name\":\"Bantam\",\"description\":\"\",\"publisher\":{\"@id\":\"https:\\\/\\\/shop.bantam.ch\\\/fr\\\/#organization\"},\"inLanguage\":\"fr-FR\"},{\"@type\":\"Organization\",\"@id\":\"https:\\\/\\\/shop.bantam.ch\\\/fr\\\/#organization\",\"name\":\"Bantam\",\"url\":\"https:\\\/\\\/shop.bantam.ch\\\/fr\\\/\",\"logo\":{\"@type\":\"ImageObject\",\"inLanguage\":\"fr-FR\",\"@id\":\"https:\\\/\\\/shop.bantam.ch\\\/fr\\\/#\\\/schema\\\/logo\\\/image\\\/\",\"url\":\"https:\\\/\\\/shop.bantam.ch\\\/wp-content\\\/uploads\\\/2022\\\/12\\\/bantam-logo.png\",\"contentUrl\":\"https:\\\/\\\/shop.bantam.ch\\\/wp-content\\\/uploads\\\/2022\\\/12\\\/bantam-logo.png\",\"width\":320,\"height\":71,\"caption\":\"Bantam\"},\"image\":{\"@id\":\"https:\\\/\\\/shop.bantam.ch\\\/fr\\\/#\\\/schema\\\/logo\\\/image\\\/\"}}]}<\/script>\n<!-- \/ Yoast SEO plugin. -->","yoast_head_json":{"title":"Truma S 5004 pour 2 ventilateurs - Bantam","robots":{"index":"index","follow":"follow","max-snippet":"max-snippet:-1","max-image-preview":"max-image-preview:large","max-video-preview":"max-video-preview:-1"},"canonical":"https:\/\/shop.bantam.ch\/fr\/produit\/systeme-de-chauffe-s-5004-pour-2-ventilateurs\/","og_locale":"fr_FR","og_type":"article","og_title":"Truma S 5004 pour 2 ventilateurs - Bantam","og_description":"Truma S 5004 pour gaz liquide LPG. Pour une utilisation en caravane et mobilhome. Contenu\u00a0:Allumeur automatiqueThermostatCoffret de montage Contenu de la livraison :sans fa\u00e7ade, ventilateur \u00e0 commander s\u00e9par\u00e9ment R\u00e9glage en continu et pr\u00e9cis de la temp\u00e9rature et de la puissance de ventilation Boutons de commande ergonomiques Ventilation puissante et silencieuse Fonction Booster pour une r\u00e9partition [&hellip;]","og_url":"https:\/\/shop.bantam.ch\/fr\/produit\/systeme-de-chauffe-s-5004-pour-2-ventilateurs\/","og_site_name":"Bantam","article_modified_time":"2026-05-02T19:18:33+00:00","og_image":[{"width":947,"height":1000,"url":"https:\/\/shop.bantam.ch\/wp-content\/uploads\/2023\/02\/9954326-Heizung_Truma_S_5004_30_mbar_mit_Spezialeinbaukasten_fuer_2_Geblaese-Standard-01.jpg","type":"image\/jpeg"}],"twitter_card":"summary_large_image","schema":{"@context":"https:\/\/schema.org","@graph":[{"@type":"WebPage","@id":"https:\/\/shop.bantam.ch\/fr\/produit\/systeme-de-chauffe-s-5004-pour-2-ventilateurs\/","url":"https:\/\/shop.bantam.ch\/fr\/produit\/systeme-de-chauffe-s-5004-pour-2-ventilateurs\/","name":"Truma S 5004 pour 2 ventilateurs - Bantam","isPartOf":{"@id":"https:\/\/shop.bantam.ch\/fr\/#website"},"primaryImageOfPage":{"@id":"https:\/\/shop.bantam.ch\/fr\/produit\/systeme-de-chauffe-s-5004-pour-2-ventilateurs\/#primaryimage"},"image":{"@id":"https:\/\/shop.bantam.ch\/fr\/produit\/systeme-de-chauffe-s-5004-pour-2-ventilateurs\/#primaryimage"},"thumbnailUrl":"https:\/\/shop.bantam.ch\/wp-content\/uploads\/2023\/02\/9954326-Heizung_Truma_S_5004_30_mbar_mit_Spezialeinbaukasten_fuer_2_Geblaese-Standard-01.jpg","datePublished":"2023-02-27T23:29:19+00:00","dateModified":"2026-05-02T19:18:33+00:00","breadcrumb":{"@id":"https:\/\/shop.bantam.ch\/fr\/produit\/systeme-de-chauffe-s-5004-pour-2-ventilateurs\/#breadcrumb"},"inLanguage":"fr-FR","potentialAction":[{"@type":"ReadAction","target":["https:\/\/shop.bantam.ch\/fr\/produit\/systeme-de-chauffe-s-5004-pour-2-ventilateurs\/"]}]},{"@type":"ImageObject","inLanguage":"fr-FR","@id":"https:\/\/shop.bantam.ch\/fr\/produit\/systeme-de-chauffe-s-5004-pour-2-ventilateurs\/#primaryimage","url":"https:\/\/shop.bantam.ch\/wp-content\/uploads\/2023\/02\/9954326-Heizung_Truma_S_5004_30_mbar_mit_Spezialeinbaukasten_fuer_2_Geblaese-Standard-01.jpg","contentUrl":"https:\/\/shop.bantam.ch\/wp-content\/uploads\/2023\/02\/9954326-Heizung_Truma_S_5004_30_mbar_mit_Spezialeinbaukasten_fuer_2_Geblaese-Standard-01.jpg","width":947,"height":1000},{"@type":"BreadcrumbList","@id":"https:\/\/shop.bantam.ch\/fr\/produit\/systeme-de-chauffe-s-5004-pour-2-ventilateurs\/#breadcrumb","itemListElement":[{"@type":"ListItem","position":1,"name":"Accueil","item":"https:\/\/shop.bantam.ch\/fr\/"},{"@type":"ListItem","position":2,"name":"Boutique","item":"https:\/\/shop.bantam.ch\/fr\/boutique\/"},{"@type":"ListItem","position":3,"name":"Truma S 5004 pour 2 ventilateurs"}]},{"@type":"WebSite","@id":"https:\/\/shop.bantam.ch\/fr\/#website","url":"https:\/\/shop.bantam.ch\/fr\/","name":"Bantam","description":"","publisher":{"@id":"https:\/\/shop.bantam.ch\/fr\/#organization"},"inLanguage":"fr-FR"},{"@type":"Organization","@id":"https:\/\/shop.bantam.ch\/fr\/#organization","name":"Bantam","url":"https:\/\/shop.bantam.ch\/fr\/","logo":{"@type":"ImageObject","inLanguage":"fr-FR","@id":"https:\/\/shop.bantam.ch\/fr\/#\/schema\/logo\/image\/","url":"https:\/\/shop.bantam.ch\/wp-content\/uploads\/2022\/12\/bantam-logo.png","contentUrl":"https:\/\/shop.bantam.ch\/wp-content\/uploads\/2022\/12\/bantam-logo.png","width":320,"height":71,"caption":"Bantam"},"image":{"@id":"https:\/\/shop.bantam.ch\/fr\/#\/schema\/logo\/image\/"}}]}},"_links":{"self":[{"href":"https:\/\/shop.bantam.ch\/fr\/wp-json\/wp\/v2\/product\/76067","targetHints":{"allow":["GET"]}}],"collection":[{"href":"https:\/\/shop.bantam.ch\/fr\/wp-json\/wp\/v2\/product"}],"about":[{"href":"https:\/\/shop.bantam.ch\/fr\/wp-json\/wp\/v2\/types\/product"}],"wp:featuredmedia":[{"embeddable":true,"href":"https:\/\/shop.bantam.ch\/fr\/wp-json\/wp\/v2\/media\/76065"}],"wp:attachment":[{"href":"https:\/\/shop.bantam.ch\/fr\/wp-json\/wp\/v2\/media?parent=76067"}],"wp:term":[{"taxonomy":"product_featured_cat","embeddable":true,"href":"https:\/\/shop.bantam.ch\/fr\/wp-json\/wp\/v2\/product_featured_cat?post=76067"},{"taxonomy":"product_brand","embeddable":true,"href":"https:\/\/shop.bantam.ch\/fr\/wp-json\/wp\/v2\/product_brand?post=76067"},{"taxonomy":"product_cat","embeddable":true,"href":"https:\/\/shop.bantam.ch\/fr\/wp-json\/wp\/v2\/product_cat?post=76067"},{"taxonomy":"product_tag","embeddable":true,"href":"https:\/\/shop.bantam.ch\/fr\/wp-json\/wp\/v2\/product_tag?post=76067"}],"curies":[{"name":"wp","href":"https:\/\/api.w.org\/{rel}","templated":true}]}}