{"id":76041,"date":"2023-02-28T00:28:47","date_gmt":"2023-02-27T23:28:47","guid":{"rendered":"http:\/\/shop.bantam.ch\/produit\/dispositif-de-commande-cp-plus-inet-ready\/"},"modified":"2026-04-17T21:18:56","modified_gmt":"2026-04-17T19:18:56","slug":"dispositif-de-commande-cp-plus-inet-ready","status":"publish","type":"product","link":"https:\/\/shop.bantam.ch\/fr\/produit\/dispositif-de-commande-cp-plus-inet-ready\/","title":{"rendered":"Truma CP plus"},"content":{"rendered":"<p>Cr\u00e9ez un climat de bien \u00eatre id\u00e9al chez vous &#8211; avec l&rsquo;\u00e9l\u00e9ment de commande central Truma CP plus pour Truma Combi et syst\u00e8me de climatisation et Truma iNet Box comme unit\u00e9 de contr\u00f4le central.  Contr\u00f4le facile Truma via l&rsquo;application lors de vos d\u00e9placements.<br \/>La commande num\u00e9rique pilote \u00e9galement le climatiseur automatiquement. <br \/>Via la fonction climatiseur automatique, le panneau de commande CP plus \u2013 iNet ready contr\u00f4le non seulement le Truma Combi mais aussi la climatisation Truma jusqu&rsquo;\u00e0 ce que la temp\u00e9rature s\u00e9lectionn\u00e9e soit atteinte \u00e0 l&rsquo;int\u00e9rieur du v\u00e9hicule.<\/p>\n<ul>\n<li>Climatisation automatique ACC r\u00e9glable pour temp\u00e9rature int\u00e9rieure de 18 \u00b0C \u00e0 25 \u00b0C par paliers de 1 \u00b0C<\/li>\n<li>Sous r\u00e9glage, \u00ab\u00a0AUTO\u00a0\u00bb peut \u00eatre s\u00e9lectionn\u00e9 en plus de \u00ab\u00a0Chauffage\u00a0\u00bb ou \u00ab\u00a0Clim.\u00a0\u00bb afin d&rsquo;activer la climatisation automatique.<\/li>\n<li>L&rsquo;appareil requis pour atteindre la temp\u00e9rature (syst\u00e8me de chauffage ou de climatisation) est contr\u00f4l\u00e9 automatiquement. La sonde de temp\u00e9rature ambiante du<br \/>chauffage est la sonde principale de la climatisation automatique et doit donc se trouver \u00e0 un endroit appropri\u00e9.<\/li>\n<li>Climatiseur \u00e0 correction de consigne (AC SET) &#8211; La temp\u00e9rature ambiante ressentie peut \u00eatre ressentie diff\u00e9remment lors des phases de chauffage et de refroidissement. La temp\u00e9rature de bien-\u00eatre individuelle peut ainsi \u00eatre r\u00e9gl\u00e9e.<\/li>\n<li>Correction de la valeur de consigne Combi (OFFSET) &#8211; La fonction OFFSET actuelle du chauffage (= modification de la valeur de consigne pour Combi) est retenue pour tous les modes de fonctionnement<\/li>\n<li>La logique logicielle optimale de la climatisation automatique emp\u00eache les appareils de passer d&rsquo;un mode \u00e0 l&rsquo;autre.<\/li>\n<\/ul>\n<p>Temp\u00e9rature de service de -25 \u00b0C \u00e0 +60 \u00b0C<br \/>Tension d&rsquo;alimentation\u00a0: 8 V &#8211; 16,5 V<br \/>Consommation \u00e9lectrique au repos : 3\u00a0mA<br \/>Consommation \u00e9lectrique : max. 65 mA (100 % r\u00e9tro-\u00e9clairage)<br \/>\u00a0\u00a0\u00a0\u00a0\u00a0\u00a0\u00a0\u00a0\u00a0\u00a0\u00a0\u00a0 \u00a0 \u00a0 \u00a0 \u00a0 \u00a0\u00a0\u00a0 6,5\u00a0mA \u2013 10\u00a0mA (veille)<\/p>\n<p>\u00a0<\/p>\n","protected":false},"excerpt":{"rendered":"<p>Cr\u00e9ez un climat de bien \u00eatre id\u00e9al chez vous &#8211; avec l&rsquo;\u00e9l\u00e9ment de commande central Truma CP plus pour Truma Combi et syst\u00e8me de climatisation et Truma iNet Box comme unit\u00e9 de contr\u00f4le central. Contr\u00f4le facile Truma via l&rsquo;application lors de vos d\u00e9placements.La commande num\u00e9rique pilote \u00e9galement le climatiseur automatiquement. Via la fonction climatiseur automatique, [&hellip;]<\/p>\n","protected":false},"featured_media":76039,"template":"","meta":{"_acf_changed":false},"product_featured_cat":[],"product_brand":[3026],"product_cat":[5165],"product_tag":[],"class_list":{"0":"post-76041","1":"product","2":"type-product","3":"status-publish","4":"has-post-thumbnail","6":"product_brand-truma","7":"product_cat-accessoires-radiateurs","9":"first","10":"instock","11":"taxable","12":"shipping-taxable","13":"purchasable","14":"product-type-simple"},"acf":[],"yoast_head":"<!-- This site is optimized with the Yoast SEO plugin v27.4 - https:\/\/yoast.com\/product\/yoast-seo-wordpress\/ -->\n<title>Truma CP plus - Bantam Wankm\u00fcller SA<\/title>\n<meta name=\"robots\" content=\"index, follow, max-snippet:-1, max-image-preview:large, max-video-preview:-1\" \/>\n<link rel=\"canonical\" href=\"https:\/\/shop.bantam.ch\/fr\/produit\/dispositif-de-commande-cp-plus-inet-ready\/\" \/>\n<meta property=\"og:locale\" content=\"fr_FR\" \/>\n<meta property=\"og:type\" content=\"article\" \/>\n<meta property=\"og:title\" content=\"Truma CP plus - Bantam Wankm\u00fcller SA\" \/>\n<meta property=\"og:description\" content=\"Cr\u00e9ez un climat de bien \u00eatre id\u00e9al chez vous &#8211; avec l&rsquo;\u00e9l\u00e9ment de commande central Truma CP plus pour Truma Combi et syst\u00e8me de climatisation et Truma iNet Box comme unit\u00e9 de contr\u00f4le central. Contr\u00f4le facile Truma via l&rsquo;application lors de vos d\u00e9placements.La commande num\u00e9rique pilote \u00e9galement le climatiseur automatiquement. Via la fonction climatiseur automatique, [&hellip;]\" \/>\n<meta property=\"og:url\" content=\"https:\/\/shop.bantam.ch\/fr\/produit\/dispositif-de-commande-cp-plus-inet-ready\/\" \/>\n<meta property=\"og:site_name\" content=\"Bantam Wankm\u00fcller SA\" \/>\n<meta property=\"article:modified_time\" content=\"2026-04-17T19:18:56+00:00\" \/>\n<meta property=\"og:image\" content=\"https:\/\/shop.bantam.ch\/wp-content\/uploads\/2023\/02\/9954025100.jpg\" \/>\n\t<meta property=\"og:image:width\" content=\"919\" \/>\n\t<meta property=\"og:image:height\" content=\"1000\" \/>\n\t<meta property=\"og:image:type\" content=\"image\/jpeg\" \/>\n<meta name=\"twitter:card\" content=\"summary_large_image\" \/>\n<meta name=\"twitter:label1\" content=\"Dur\u00e9e de lecture estim\u00e9e\" \/>\n\t<meta name=\"twitter:data1\" content=\"1 minute\" \/>\n<script type=\"application\/ld+json\" class=\"yoast-schema-graph\">{\"@context\":\"https:\\\/\\\/schema.org\",\"@graph\":[{\"@type\":\"WebPage\",\"@id\":\"https:\\\/\\\/shop.bantam.ch\\\/fr\\\/produit\\\/dispositif-de-commande-cp-plus-inet-ready\\\/\",\"url\":\"https:\\\/\\\/shop.bantam.ch\\\/fr\\\/produit\\\/dispositif-de-commande-cp-plus-inet-ready\\\/\",\"name\":\"Truma CP plus - Bantam Wankm\u00fcller SA\",\"isPartOf\":{\"@id\":\"https:\\\/\\\/shop.bantam.ch\\\/fr\\\/#website\"},\"primaryImageOfPage\":{\"@id\":\"https:\\\/\\\/shop.bantam.ch\\\/fr\\\/produit\\\/dispositif-de-commande-cp-plus-inet-ready\\\/#primaryimage\"},\"image\":{\"@id\":\"https:\\\/\\\/shop.bantam.ch\\\/fr\\\/produit\\\/dispositif-de-commande-cp-plus-inet-ready\\\/#primaryimage\"},\"thumbnailUrl\":\"https:\\\/\\\/shop.bantam.ch\\\/wp-content\\\/uploads\\\/2023\\\/02\\\/9954025100.jpg\",\"datePublished\":\"2023-02-27T23:28:47+00:00\",\"dateModified\":\"2026-04-17T19:18:56+00:00\",\"breadcrumb\":{\"@id\":\"https:\\\/\\\/shop.bantam.ch\\\/fr\\\/produit\\\/dispositif-de-commande-cp-plus-inet-ready\\\/#breadcrumb\"},\"inLanguage\":\"fr-FR\",\"potentialAction\":[{\"@type\":\"ReadAction\",\"target\":[\"https:\\\/\\\/shop.bantam.ch\\\/fr\\\/produit\\\/dispositif-de-commande-cp-plus-inet-ready\\\/\"]}]},{\"@type\":\"ImageObject\",\"inLanguage\":\"fr-FR\",\"@id\":\"https:\\\/\\\/shop.bantam.ch\\\/fr\\\/produit\\\/dispositif-de-commande-cp-plus-inet-ready\\\/#primaryimage\",\"url\":\"https:\\\/\\\/shop.bantam.ch\\\/wp-content\\\/uploads\\\/2023\\\/02\\\/9954025100.jpg\",\"contentUrl\":\"https:\\\/\\\/shop.bantam.ch\\\/wp-content\\\/uploads\\\/2023\\\/02\\\/9954025100.jpg\",\"width\":919,\"height\":1000},{\"@type\":\"BreadcrumbList\",\"@id\":\"https:\\\/\\\/shop.bantam.ch\\\/fr\\\/produit\\\/dispositif-de-commande-cp-plus-inet-ready\\\/#breadcrumb\",\"itemListElement\":[{\"@type\":\"ListItem\",\"position\":1,\"name\":\"Accueil\",\"item\":\"https:\\\/\\\/shop.bantam.ch\\\/fr\\\/\"},{\"@type\":\"ListItem\",\"position\":2,\"name\":\"Boutique\",\"item\":\"https:\\\/\\\/shop.bantam.ch\\\/fr\\\/boutique\\\/\"},{\"@type\":\"ListItem\",\"position\":3,\"name\":\"Truma CP plus\"}]},{\"@type\":\"WebSite\",\"@id\":\"https:\\\/\\\/shop.bantam.ch\\\/fr\\\/#website\",\"url\":\"https:\\\/\\\/shop.bantam.ch\\\/fr\\\/\",\"name\":\"Bantam Wankm\u00fcller SA\",\"description\":\"\",\"publisher\":{\"@id\":\"https:\\\/\\\/shop.bantam.ch\\\/fr\\\/#organization\"},\"inLanguage\":\"fr-FR\"},{\"@type\":\"Organization\",\"@id\":\"https:\\\/\\\/shop.bantam.ch\\\/fr\\\/#organization\",\"name\":\"Bantam Wankm\u00fcller SA\",\"url\":\"https:\\\/\\\/shop.bantam.ch\\\/fr\\\/\",\"logo\":{\"@type\":\"ImageObject\",\"inLanguage\":\"fr-FR\",\"@id\":\"https:\\\/\\\/shop.bantam.ch\\\/fr\\\/#\\\/schema\\\/logo\\\/image\\\/\",\"url\":\"https:\\\/\\\/shop.bantam.ch\\\/wp-content\\\/uploads\\\/2022\\\/12\\\/bantam-logo.png\",\"contentUrl\":\"https:\\\/\\\/shop.bantam.ch\\\/wp-content\\\/uploads\\\/2022\\\/12\\\/bantam-logo.png\",\"width\":320,\"height\":71,\"caption\":\"Bantam Wankm\u00fcller SA\"},\"image\":{\"@id\":\"https:\\\/\\\/shop.bantam.ch\\\/fr\\\/#\\\/schema\\\/logo\\\/image\\\/\"}}]}<\/script>\n<!-- \/ Yoast SEO plugin. -->","yoast_head_json":{"title":"Truma CP plus - Bantam Wankm\u00fcller SA","robots":{"index":"index","follow":"follow","max-snippet":"max-snippet:-1","max-image-preview":"max-image-preview:large","max-video-preview":"max-video-preview:-1"},"canonical":"https:\/\/shop.bantam.ch\/fr\/produit\/dispositif-de-commande-cp-plus-inet-ready\/","og_locale":"fr_FR","og_type":"article","og_title":"Truma CP plus - Bantam Wankm\u00fcller SA","og_description":"Cr\u00e9ez un climat de bien \u00eatre id\u00e9al chez vous &#8211; avec l&rsquo;\u00e9l\u00e9ment de commande central Truma CP plus pour Truma Combi et syst\u00e8me de climatisation et Truma iNet Box comme unit\u00e9 de contr\u00f4le central. Contr\u00f4le facile Truma via l&rsquo;application lors de vos d\u00e9placements.La commande num\u00e9rique pilote \u00e9galement le climatiseur automatiquement. Via la fonction climatiseur automatique, [&hellip;]","og_url":"https:\/\/shop.bantam.ch\/fr\/produit\/dispositif-de-commande-cp-plus-inet-ready\/","og_site_name":"Bantam Wankm\u00fcller SA","article_modified_time":"2026-04-17T19:18:56+00:00","og_image":[{"width":919,"height":1000,"url":"https:\/\/shop.bantam.ch\/wp-content\/uploads\/2023\/02\/9954025100.jpg","type":"image\/jpeg"}],"twitter_card":"summary_large_image","twitter_misc":{"Dur\u00e9e de lecture estim\u00e9e":"1 minute"},"schema":{"@context":"https:\/\/schema.org","@graph":[{"@type":"WebPage","@id":"https:\/\/shop.bantam.ch\/fr\/produit\/dispositif-de-commande-cp-plus-inet-ready\/","url":"https:\/\/shop.bantam.ch\/fr\/produit\/dispositif-de-commande-cp-plus-inet-ready\/","name":"Truma CP plus - Bantam Wankm\u00fcller SA","isPartOf":{"@id":"https:\/\/shop.bantam.ch\/fr\/#website"},"primaryImageOfPage":{"@id":"https:\/\/shop.bantam.ch\/fr\/produit\/dispositif-de-commande-cp-plus-inet-ready\/#primaryimage"},"image":{"@id":"https:\/\/shop.bantam.ch\/fr\/produit\/dispositif-de-commande-cp-plus-inet-ready\/#primaryimage"},"thumbnailUrl":"https:\/\/shop.bantam.ch\/wp-content\/uploads\/2023\/02\/9954025100.jpg","datePublished":"2023-02-27T23:28:47+00:00","dateModified":"2026-04-17T19:18:56+00:00","breadcrumb":{"@id":"https:\/\/shop.bantam.ch\/fr\/produit\/dispositif-de-commande-cp-plus-inet-ready\/#breadcrumb"},"inLanguage":"fr-FR","potentialAction":[{"@type":"ReadAction","target":["https:\/\/shop.bantam.ch\/fr\/produit\/dispositif-de-commande-cp-plus-inet-ready\/"]}]},{"@type":"ImageObject","inLanguage":"fr-FR","@id":"https:\/\/shop.bantam.ch\/fr\/produit\/dispositif-de-commande-cp-plus-inet-ready\/#primaryimage","url":"https:\/\/shop.bantam.ch\/wp-content\/uploads\/2023\/02\/9954025100.jpg","contentUrl":"https:\/\/shop.bantam.ch\/wp-content\/uploads\/2023\/02\/9954025100.jpg","width":919,"height":1000},{"@type":"BreadcrumbList","@id":"https:\/\/shop.bantam.ch\/fr\/produit\/dispositif-de-commande-cp-plus-inet-ready\/#breadcrumb","itemListElement":[{"@type":"ListItem","position":1,"name":"Accueil","item":"https:\/\/shop.bantam.ch\/fr\/"},{"@type":"ListItem","position":2,"name":"Boutique","item":"https:\/\/shop.bantam.ch\/fr\/boutique\/"},{"@type":"ListItem","position":3,"name":"Truma CP plus"}]},{"@type":"WebSite","@id":"https:\/\/shop.bantam.ch\/fr\/#website","url":"https:\/\/shop.bantam.ch\/fr\/","name":"Bantam Wankm\u00fcller SA","description":"","publisher":{"@id":"https:\/\/shop.bantam.ch\/fr\/#organization"},"inLanguage":"fr-FR"},{"@type":"Organization","@id":"https:\/\/shop.bantam.ch\/fr\/#organization","name":"Bantam Wankm\u00fcller SA","url":"https:\/\/shop.bantam.ch\/fr\/","logo":{"@type":"ImageObject","inLanguage":"fr-FR","@id":"https:\/\/shop.bantam.ch\/fr\/#\/schema\/logo\/image\/","url":"https:\/\/shop.bantam.ch\/wp-content\/uploads\/2022\/12\/bantam-logo.png","contentUrl":"https:\/\/shop.bantam.ch\/wp-content\/uploads\/2022\/12\/bantam-logo.png","width":320,"height":71,"caption":"Bantam Wankm\u00fcller SA"},"image":{"@id":"https:\/\/shop.bantam.ch\/fr\/#\/schema\/logo\/image\/"}}]}},"_links":{"self":[{"href":"https:\/\/shop.bantam.ch\/fr\/wp-json\/wp\/v2\/product\/76041","targetHints":{"allow":["GET"]}}],"collection":[{"href":"https:\/\/shop.bantam.ch\/fr\/wp-json\/wp\/v2\/product"}],"about":[{"href":"https:\/\/shop.bantam.ch\/fr\/wp-json\/wp\/v2\/types\/product"}],"wp:featuredmedia":[{"embeddable":true,"href":"https:\/\/shop.bantam.ch\/fr\/wp-json\/wp\/v2\/media\/76039"}],"wp:attachment":[{"href":"https:\/\/shop.bantam.ch\/fr\/wp-json\/wp\/v2\/media?parent=76041"}],"wp:term":[{"taxonomy":"product_featured_cat","embeddable":true,"href":"https:\/\/shop.bantam.ch\/fr\/wp-json\/wp\/v2\/product_featured_cat?post=76041"},{"taxonomy":"product_brand","embeddable":true,"href":"https:\/\/shop.bantam.ch\/fr\/wp-json\/wp\/v2\/product_brand?post=76041"},{"taxonomy":"product_cat","embeddable":true,"href":"https:\/\/shop.bantam.ch\/fr\/wp-json\/wp\/v2\/product_cat?post=76041"},{"taxonomy":"product_tag","embeddable":true,"href":"https:\/\/shop.bantam.ch\/fr\/wp-json\/wp\/v2\/product_tag?post=76041"}],"curies":[{"name":"wp","href":"https:\/\/api.w.org\/{rel}","templated":true}]}}