{"id":75959,"date":"2023-02-28T00:27:21","date_gmt":"2023-02-27T23:27:21","guid":{"rendered":"http:\/\/shop.bantam.ch\/produit\/coussin-dair-air-lift-pour-roues-jumelees\/"},"modified":"2026-04-18T21:19:23","modified_gmt":"2026-04-18T19:19:23","slug":"coussin-dair-air-lift-pour-roues-jumelees","status":"publish","type":"product","link":"https:\/\/shop.bantam.ch\/fr\/produit\/coussin-dair-air-lift-pour-roues-jumelees\/","title":{"rendered":"Coussin levage \u00e0 air comprim\u00e9 Air-Lift Emuk, 70 x 40 cm Roues jumel\u00e9es"},"content":{"rendered":"<p>Pour camping-cars et caravanes. L\u2019Air-Lift d\u2019EMUK est un coussin rehausseur \u00e0 air sous pression extr\u00eamement robuste, r\u00e9sistant \u00e0 l&rsquo;usure, \u00e0 l&rsquo;essence, \u00e0 l&rsquo;huile et aux acides. Il a \u00e9t\u00e9 d\u00e9velopp\u00e9 sp\u00e9cialement pour les caravanes et les camping-cars. Toutes les in\u00e9galit\u00e9s du terrain peuvent \u00eatre compens\u00e9es sans palier pour une hauteur comprise entre 1,5 et 20\u00a0cm. La capacit\u00e9 de charge de l\u2019EMUK Air-Lift est de 11\u00a0tonnes, ce qui d\u00e9passe toutes les meilleures valeurs actuelles des cales de compensation traditionnelles. En outre, la manipulation est extr\u00eamement facile et confortable. Il suffit de placer le coussin sous la roue \u00e0 sur\u00e9lever. Avec une pompe \u00e0 main ou \u00e0 pied, ou encore avec un mini-compresseur 12\u00a0V, le v\u00e9hicule peut \u00eatre mis \u00e0 niveau en environ 4\u00a0min dans un espace de man\u0153uvre tr\u00e8s r\u00e9duit. L\u2019EMUK Air-Lift est \u00ab\u00a0Made in Germany\u00a0\u00bb avec des mat\u00e9riaux de qualit\u00e9 et gr\u00e2ce \u00e0 un excellent travail artisanal. Des liteaux en aluminium l\u00e9ger avec rev\u00eatement par poudrage viennent stabiliser le coussin en caoutchouc renforc\u00e9 par des fibres aramides tr\u00e8s r\u00e9sistantes. Un rev\u00eatement en caoutchouc particuli\u00e8rement \u00e9pais (construction double paroi) conf\u00e8re au coussin d\u2019air sous pression une protection suffisante contre les d\u00e9g\u00e2ts \u00e9ventuels pouvant \u00eatre caus\u00e9s par des pierres, des graviers ou des tessons. Le profil \u00e0 stries offre une bonne tenue aux roues \u00e0 sur\u00e9lever.<\/p>\n<ul>\n<li>Hauteur Hauteur non gonfl\u00e9\u00a0: 1,5 cm<\/li>\n<li>Volume non gonfl\u00e9\u00a0: 3,6 l<\/li>\n<li>Gonfler et d\u00e9gonfler\u00a0: 1 valve de voiture<\/li>\n<li>Contr\u00f4l\u00e9 \u00e0 l\u2018\u00e9preuve de la pression :  48 h pour 5 bar<\/li>\n<li>Temp\u00e9rature d\u2018utilisation\u00a0: -20\u00a0\u00b0\u00a0C \u00e0 + 60\u00a0\u00b0\u00a0C<\/li>\n<li>Avec valve, \u00e9paisseur de caoutchouc 6-7\u00a0mm profil inclus<\/li>\n<\/ul>\n","protected":false},"excerpt":{"rendered":"<p>Pour camping-cars et caravanes. L\u2019Air-Lift d\u2019EMUK est un coussin rehausseur \u00e0 air sous pression extr\u00eamement robuste, r\u00e9sistant \u00e0 l&rsquo;usure, \u00e0 l&rsquo;essence, \u00e0 l&rsquo;huile et aux acides. Il a \u00e9t\u00e9 d\u00e9velopp\u00e9 sp\u00e9cialement pour les caravanes et les camping-cars. Toutes les in\u00e9galit\u00e9s du terrain peuvent \u00eatre compens\u00e9es sans palier pour une hauteur comprise entre 1,5 et 20\u00a0cm. [&hellip;]<\/p>\n","protected":false},"featured_media":75953,"template":"","meta":{"_acf_changed":false},"product_featured_cat":[],"product_brand":[3144],"product_cat":[4769],"product_tag":[],"class_list":{"0":"post-75959","1":"product","2":"type-product","3":"status-publish","4":"has-post-thumbnail","6":"product_brand-emuk","7":"product_cat-cales-dacces","9":"first","10":"instock","11":"taxable","12":"shipping-taxable","13":"purchasable","14":"product-type-simple"},"acf":[],"yoast_head":"<!-- This site is optimized with the Yoast SEO plugin v27.4 - https:\/\/yoast.com\/product\/yoast-seo-wordpress\/ -->\n<title>Coussin levage \u00e0 air comprim\u00e9 Air-Lift Emuk, 70 x 40 cm Roues jumel\u00e9es - Bantam Wankm\u00fcller SA<\/title>\n<meta name=\"robots\" content=\"index, follow, max-snippet:-1, max-image-preview:large, max-video-preview:-1\" \/>\n<link rel=\"canonical\" href=\"https:\/\/shop.bantam.ch\/fr\/produit\/coussin-dair-air-lift-pour-roues-jumelees\/\" \/>\n<meta property=\"og:locale\" content=\"fr_FR\" \/>\n<meta property=\"og:type\" content=\"article\" \/>\n<meta property=\"og:title\" content=\"Coussin levage \u00e0 air comprim\u00e9 Air-Lift Emuk, 70 x 40 cm Roues jumel\u00e9es - Bantam Wankm\u00fcller SA\" \/>\n<meta property=\"og:description\" content=\"Pour camping-cars et caravanes. L\u2019Air-Lift d\u2019EMUK est un coussin rehausseur \u00e0 air sous pression extr\u00eamement robuste, r\u00e9sistant \u00e0 l&rsquo;usure, \u00e0 l&rsquo;essence, \u00e0 l&rsquo;huile et aux acides. Il a \u00e9t\u00e9 d\u00e9velopp\u00e9 sp\u00e9cialement pour les caravanes et les camping-cars. Toutes les in\u00e9galit\u00e9s du terrain peuvent \u00eatre compens\u00e9es sans palier pour une hauteur comprise entre 1,5 et 20\u00a0cm. [&hellip;]\" \/>\n<meta property=\"og:url\" content=\"https:\/\/shop.bantam.ch\/fr\/produit\/coussin-dair-air-lift-pour-roues-jumelees\/\" \/>\n<meta property=\"og:site_name\" content=\"Bantam Wankm\u00fcller SA\" \/>\n<meta property=\"article:modified_time\" content=\"2026-04-18T19:19:23+00:00\" \/>\n<meta property=\"og:image\" content=\"https:\/\/shop.bantam.ch\/wp-content\/uploads\/2023\/02\/992974611.jpg\" \/>\n\t<meta property=\"og:image:width\" content=\"1000\" \/>\n\t<meta property=\"og:image:height\" content=\"669\" \/>\n\t<meta property=\"og:image:type\" content=\"image\/jpeg\" \/>\n<meta name=\"twitter:card\" content=\"summary_large_image\" \/>\n<meta name=\"twitter:label1\" content=\"Dur\u00e9e de lecture estim\u00e9e\" \/>\n\t<meta name=\"twitter:data1\" content=\"1 minute\" \/>\n<script type=\"application\/ld+json\" class=\"yoast-schema-graph\">{\"@context\":\"https:\\\/\\\/schema.org\",\"@graph\":[{\"@type\":\"WebPage\",\"@id\":\"https:\\\/\\\/shop.bantam.ch\\\/fr\\\/produit\\\/coussin-dair-air-lift-pour-roues-jumelees\\\/\",\"url\":\"https:\\\/\\\/shop.bantam.ch\\\/fr\\\/produit\\\/coussin-dair-air-lift-pour-roues-jumelees\\\/\",\"name\":\"Coussin levage \u00e0 air comprim\u00e9 Air-Lift Emuk, 70 x 40 cm Roues jumel\u00e9es - Bantam Wankm\u00fcller SA\",\"isPartOf\":{\"@id\":\"https:\\\/\\\/shop.bantam.ch\\\/fr\\\/#website\"},\"primaryImageOfPage\":{\"@id\":\"https:\\\/\\\/shop.bantam.ch\\\/fr\\\/produit\\\/coussin-dair-air-lift-pour-roues-jumelees\\\/#primaryimage\"},\"image\":{\"@id\":\"https:\\\/\\\/shop.bantam.ch\\\/fr\\\/produit\\\/coussin-dair-air-lift-pour-roues-jumelees\\\/#primaryimage\"},\"thumbnailUrl\":\"https:\\\/\\\/shop.bantam.ch\\\/wp-content\\\/uploads\\\/2023\\\/02\\\/992974611.jpg\",\"datePublished\":\"2023-02-27T23:27:21+00:00\",\"dateModified\":\"2026-04-18T19:19:23+00:00\",\"breadcrumb\":{\"@id\":\"https:\\\/\\\/shop.bantam.ch\\\/fr\\\/produit\\\/coussin-dair-air-lift-pour-roues-jumelees\\\/#breadcrumb\"},\"inLanguage\":\"fr-FR\",\"potentialAction\":[{\"@type\":\"ReadAction\",\"target\":[\"https:\\\/\\\/shop.bantam.ch\\\/fr\\\/produit\\\/coussin-dair-air-lift-pour-roues-jumelees\\\/\"]}]},{\"@type\":\"ImageObject\",\"inLanguage\":\"fr-FR\",\"@id\":\"https:\\\/\\\/shop.bantam.ch\\\/fr\\\/produit\\\/coussin-dair-air-lift-pour-roues-jumelees\\\/#primaryimage\",\"url\":\"https:\\\/\\\/shop.bantam.ch\\\/wp-content\\\/uploads\\\/2023\\\/02\\\/992974611.jpg\",\"contentUrl\":\"https:\\\/\\\/shop.bantam.ch\\\/wp-content\\\/uploads\\\/2023\\\/02\\\/992974611.jpg\",\"width\":1000,\"height\":669},{\"@type\":\"BreadcrumbList\",\"@id\":\"https:\\\/\\\/shop.bantam.ch\\\/fr\\\/produit\\\/coussin-dair-air-lift-pour-roues-jumelees\\\/#breadcrumb\",\"itemListElement\":[{\"@type\":\"ListItem\",\"position\":1,\"name\":\"Accueil\",\"item\":\"https:\\\/\\\/shop.bantam.ch\\\/fr\\\/\"},{\"@type\":\"ListItem\",\"position\":2,\"name\":\"Boutique\",\"item\":\"https:\\\/\\\/shop.bantam.ch\\\/fr\\\/boutique\\\/\"},{\"@type\":\"ListItem\",\"position\":3,\"name\":\"Coussin levage \u00e0 air comprim\u00e9 Air-Lift Emuk, 70 x 40 cm Roues jumel\u00e9es\"}]},{\"@type\":\"WebSite\",\"@id\":\"https:\\\/\\\/shop.bantam.ch\\\/fr\\\/#website\",\"url\":\"https:\\\/\\\/shop.bantam.ch\\\/fr\\\/\",\"name\":\"Bantam Wankm\u00fcller SA\",\"description\":\"\",\"publisher\":{\"@id\":\"https:\\\/\\\/shop.bantam.ch\\\/fr\\\/#organization\"},\"inLanguage\":\"fr-FR\"},{\"@type\":\"Organization\",\"@id\":\"https:\\\/\\\/shop.bantam.ch\\\/fr\\\/#organization\",\"name\":\"Bantam Wankm\u00fcller SA\",\"url\":\"https:\\\/\\\/shop.bantam.ch\\\/fr\\\/\",\"logo\":{\"@type\":\"ImageObject\",\"inLanguage\":\"fr-FR\",\"@id\":\"https:\\\/\\\/shop.bantam.ch\\\/fr\\\/#\\\/schema\\\/logo\\\/image\\\/\",\"url\":\"https:\\\/\\\/shop.bantam.ch\\\/wp-content\\\/uploads\\\/2022\\\/12\\\/bantam-logo.png\",\"contentUrl\":\"https:\\\/\\\/shop.bantam.ch\\\/wp-content\\\/uploads\\\/2022\\\/12\\\/bantam-logo.png\",\"width\":320,\"height\":71,\"caption\":\"Bantam Wankm\u00fcller SA\"},\"image\":{\"@id\":\"https:\\\/\\\/shop.bantam.ch\\\/fr\\\/#\\\/schema\\\/logo\\\/image\\\/\"}}]}<\/script>\n<!-- \/ Yoast SEO plugin. -->","yoast_head_json":{"title":"Coussin levage \u00e0 air comprim\u00e9 Air-Lift Emuk, 70 x 40 cm Roues jumel\u00e9es - Bantam Wankm\u00fcller SA","robots":{"index":"index","follow":"follow","max-snippet":"max-snippet:-1","max-image-preview":"max-image-preview:large","max-video-preview":"max-video-preview:-1"},"canonical":"https:\/\/shop.bantam.ch\/fr\/produit\/coussin-dair-air-lift-pour-roues-jumelees\/","og_locale":"fr_FR","og_type":"article","og_title":"Coussin levage \u00e0 air comprim\u00e9 Air-Lift Emuk, 70 x 40 cm Roues jumel\u00e9es - Bantam Wankm\u00fcller SA","og_description":"Pour camping-cars et caravanes. L\u2019Air-Lift d\u2019EMUK est un coussin rehausseur \u00e0 air sous pression extr\u00eamement robuste, r\u00e9sistant \u00e0 l&rsquo;usure, \u00e0 l&rsquo;essence, \u00e0 l&rsquo;huile et aux acides. Il a \u00e9t\u00e9 d\u00e9velopp\u00e9 sp\u00e9cialement pour les caravanes et les camping-cars. Toutes les in\u00e9galit\u00e9s du terrain peuvent \u00eatre compens\u00e9es sans palier pour une hauteur comprise entre 1,5 et 20\u00a0cm. [&hellip;]","og_url":"https:\/\/shop.bantam.ch\/fr\/produit\/coussin-dair-air-lift-pour-roues-jumelees\/","og_site_name":"Bantam Wankm\u00fcller SA","article_modified_time":"2026-04-18T19:19:23+00:00","og_image":[{"width":1000,"height":669,"url":"https:\/\/shop.bantam.ch\/wp-content\/uploads\/2023\/02\/992974611.jpg","type":"image\/jpeg"}],"twitter_card":"summary_large_image","twitter_misc":{"Dur\u00e9e de lecture estim\u00e9e":"1 minute"},"schema":{"@context":"https:\/\/schema.org","@graph":[{"@type":"WebPage","@id":"https:\/\/shop.bantam.ch\/fr\/produit\/coussin-dair-air-lift-pour-roues-jumelees\/","url":"https:\/\/shop.bantam.ch\/fr\/produit\/coussin-dair-air-lift-pour-roues-jumelees\/","name":"Coussin levage \u00e0 air comprim\u00e9 Air-Lift Emuk, 70 x 40 cm Roues jumel\u00e9es - Bantam Wankm\u00fcller SA","isPartOf":{"@id":"https:\/\/shop.bantam.ch\/fr\/#website"},"primaryImageOfPage":{"@id":"https:\/\/shop.bantam.ch\/fr\/produit\/coussin-dair-air-lift-pour-roues-jumelees\/#primaryimage"},"image":{"@id":"https:\/\/shop.bantam.ch\/fr\/produit\/coussin-dair-air-lift-pour-roues-jumelees\/#primaryimage"},"thumbnailUrl":"https:\/\/shop.bantam.ch\/wp-content\/uploads\/2023\/02\/992974611.jpg","datePublished":"2023-02-27T23:27:21+00:00","dateModified":"2026-04-18T19:19:23+00:00","breadcrumb":{"@id":"https:\/\/shop.bantam.ch\/fr\/produit\/coussin-dair-air-lift-pour-roues-jumelees\/#breadcrumb"},"inLanguage":"fr-FR","potentialAction":[{"@type":"ReadAction","target":["https:\/\/shop.bantam.ch\/fr\/produit\/coussin-dair-air-lift-pour-roues-jumelees\/"]}]},{"@type":"ImageObject","inLanguage":"fr-FR","@id":"https:\/\/shop.bantam.ch\/fr\/produit\/coussin-dair-air-lift-pour-roues-jumelees\/#primaryimage","url":"https:\/\/shop.bantam.ch\/wp-content\/uploads\/2023\/02\/992974611.jpg","contentUrl":"https:\/\/shop.bantam.ch\/wp-content\/uploads\/2023\/02\/992974611.jpg","width":1000,"height":669},{"@type":"BreadcrumbList","@id":"https:\/\/shop.bantam.ch\/fr\/produit\/coussin-dair-air-lift-pour-roues-jumelees\/#breadcrumb","itemListElement":[{"@type":"ListItem","position":1,"name":"Accueil","item":"https:\/\/shop.bantam.ch\/fr\/"},{"@type":"ListItem","position":2,"name":"Boutique","item":"https:\/\/shop.bantam.ch\/fr\/boutique\/"},{"@type":"ListItem","position":3,"name":"Coussin levage \u00e0 air comprim\u00e9 Air-Lift Emuk, 70 x 40 cm Roues jumel\u00e9es"}]},{"@type":"WebSite","@id":"https:\/\/shop.bantam.ch\/fr\/#website","url":"https:\/\/shop.bantam.ch\/fr\/","name":"Bantam Wankm\u00fcller SA","description":"","publisher":{"@id":"https:\/\/shop.bantam.ch\/fr\/#organization"},"inLanguage":"fr-FR"},{"@type":"Organization","@id":"https:\/\/shop.bantam.ch\/fr\/#organization","name":"Bantam Wankm\u00fcller SA","url":"https:\/\/shop.bantam.ch\/fr\/","logo":{"@type":"ImageObject","inLanguage":"fr-FR","@id":"https:\/\/shop.bantam.ch\/fr\/#\/schema\/logo\/image\/","url":"https:\/\/shop.bantam.ch\/wp-content\/uploads\/2022\/12\/bantam-logo.png","contentUrl":"https:\/\/shop.bantam.ch\/wp-content\/uploads\/2022\/12\/bantam-logo.png","width":320,"height":71,"caption":"Bantam Wankm\u00fcller SA"},"image":{"@id":"https:\/\/shop.bantam.ch\/fr\/#\/schema\/logo\/image\/"}}]}},"_links":{"self":[{"href":"https:\/\/shop.bantam.ch\/fr\/wp-json\/wp\/v2\/product\/75959","targetHints":{"allow":["GET"]}}],"collection":[{"href":"https:\/\/shop.bantam.ch\/fr\/wp-json\/wp\/v2\/product"}],"about":[{"href":"https:\/\/shop.bantam.ch\/fr\/wp-json\/wp\/v2\/types\/product"}],"wp:featuredmedia":[{"embeddable":true,"href":"https:\/\/shop.bantam.ch\/fr\/wp-json\/wp\/v2\/media\/75953"}],"wp:attachment":[{"href":"https:\/\/shop.bantam.ch\/fr\/wp-json\/wp\/v2\/media?parent=75959"}],"wp:term":[{"taxonomy":"product_featured_cat","embeddable":true,"href":"https:\/\/shop.bantam.ch\/fr\/wp-json\/wp\/v2\/product_featured_cat?post=75959"},{"taxonomy":"product_brand","embeddable":true,"href":"https:\/\/shop.bantam.ch\/fr\/wp-json\/wp\/v2\/product_brand?post=75959"},{"taxonomy":"product_cat","embeddable":true,"href":"https:\/\/shop.bantam.ch\/fr\/wp-json\/wp\/v2\/product_cat?post=75959"},{"taxonomy":"product_tag","embeddable":true,"href":"https:\/\/shop.bantam.ch\/fr\/wp-json\/wp\/v2\/product_tag?post=75959"}],"curies":[{"name":"wp","href":"https:\/\/api.w.org\/{rel}","templated":true}]}}