{"id":75769,"date":"2023-02-28T00:25:04","date_gmt":"2023-02-27T23:25:04","guid":{"rendered":"http:\/\/shop.bantam.ch\/produit\/generateur-eu-22i\/"},"modified":"2026-04-18T21:19:23","modified_gmt":"2026-04-18T19:19:23","slug":"generateur-eu-22i","status":"publish","type":"product","link":"https:\/\/shop.bantam.ch\/fr\/produit\/generateur-eu-22i\/","title":{"rendered":"G\u00e9n\u00e9rateur Honda EU 22 i"},"content":{"rendered":"<p>Le EU22i est facile \u00e0 transporter \u00e0 la main et dispose de nombreuses fonctionnalit\u00e9s qui plaisent \u00e0 un grand nombre d&rsquo;utilisateurs. Comme il est l\u00e9ger et d\u00e9marre facilement m\u00eame apr\u00e8s des mois de stockage, il est vite pr\u00eat \u00e0 l\u2019emploi, par exemple en camping, ou pour ne pas \u00eatre priv\u00e9 du confort habituel, s\u00e8che-cheveux, t\u00e9l\u00e9vision et ordinateur&#8230; quand vous \u00eates loin de la maison. Gr\u00e2ce \u00e0 son niveau de bruit extr\u00eamement bas, il est d\u2019une discr\u00e9tion absolue. En utilisation industriel, il fournit une \u00e9lectricit\u00e9 fiable et stable quand et o\u00f9 vous en avez besoin. Le nouveau EU22i est id\u00e9al pour les chargeurs sur les chantiers de construction, la production t\u00e9l\u00e9visuelle et cin\u00e9matographique, les v\u00e9hicules de restauration et les installations m\u00e9dicales mobiles, et la technologie \u00e0 inverseur garantit que le courant g\u00e9n\u00e9r\u00e9 convient aux appareils m\u00e9dicaux les plus sensibles.<br \/>Gr\u00e2ce \u00e0 son moteur plus gros et plus puissant, le nouvel EU22i d\u00e9livre d\u00e9sormais une puissance maximale de 2,2 kW, soit 10% de plus de puissance, avec des dimensions et un poids pratiquement inchang\u00e9s.<br \/>Le nouveau moteur de 120\u00a0cm<sup>3<\/sup> tourne \u00e0 des r\u00e9gimes plus bas que son plus petit pr\u00e9d\u00e9cesseur. Avec un commutateur sur le panneau de commande, vous pouvez choisir entre la commutation \u00e9cologique et la puissance maximale. La nouvelle version du robinet de carburant facilite la pr\u00e9paration de l\u2019appareil pour son transport et son stockage \u00e9ventuel. Une mauvaise manipulation est pratiquement exclue car tous les mod\u00e8les sont \u00e9quip\u00e9s d\u2019une protection contre la surcharge et d\u2019un dispositif d\u2019arr\u00eat en cas de niveau d\u2019huile insuffisant. Avantages suppl\u00e9mentaires : deux appareils identiques de la gamme UE peuvent \u00eatre branch\u00e9s en parall\u00e8le par le biais d\u2019un c\u00e2ble de raccordement. La puissance est ainsi doubl\u00e9e. De plus, tous les mod\u00e8les sont \u00e9quip\u00e9s d\u2019une sortie de courant continu pour charger les batteries.<\/p>\n<ul>\n<li>Type\u00a0: EU 22i<\/li>\n<li>Charge de cr\u00eate Puissance : 2,2 kVA<\/li>\n<li>Puissance continue : 1,8 kVA<\/li>\n<li>Tension \/ fr\u00e9quence : 230 V \/ 50 Hz<\/li>\n<li>R\u00e9gulation de tension : Inverseur<\/li>\n<li>Moteur : GX100 \u00e0 4 temps<\/li>\n<li>D\u00e9marreur : D\u00e9marreur manuel<\/li>\n<li>Sortie CC 12 V \/ 8,3 A<\/li>\n<li>Courant de charge :<\/li>\n<li>Capacit\u00e9 du r\u00e9servoir : 3,6 l<\/li>\n<li>Temps d&rsquo;ex\u00e9cution \/ remplissage : 3,5\u00a0h \u00e0 9\u00a0h<\/li>\n<li>Puissance sonore : 90 dB (A)<\/li>\n<li>Dimensions (mm)\u00a0: 290 x 425 x 512\n<ul>\n<li>\n","protected":false},"excerpt":{"rendered":"<p>Le EU22i est facile \u00e0 transporter \u00e0 la main et dispose de nombreuses fonctionnalit\u00e9s qui plaisent \u00e0 un grand nombre d&rsquo;utilisateurs. Comme il est l\u00e9ger et d\u00e9marre facilement m\u00eame apr\u00e8s des mois de stockage, il est vite pr\u00eat \u00e0 l\u2019emploi, par exemple en camping, ou pour ne pas \u00eatre priv\u00e9 du confort habituel, s\u00e8che-cheveux, t\u00e9l\u00e9vision [&hellip;]<\/p>\n","protected":false},"featured_media":75767,"template":"","meta":{"_acf_changed":false},"product_featured_cat":[],"product_brand":[3340],"product_cat":[4855],"product_tag":[],"class_list":{"0":"post-75769","1":"product","2":"type-product","3":"status-publish","4":"has-post-thumbnail","6":"product_brand-honda","7":"product_cat-generateurs-essence","9":"first","10":"instock","11":"taxable","12":"shipping-taxable","13":"purchasable","14":"product-type-simple"},"acf":[],"yoast_head":"<!-- This site is optimized with the Yoast SEO plugin v27.4 - https:\/\/yoast.com\/product\/yoast-seo-wordpress\/ -->\n<title>G\u00e9n\u00e9rateur Honda EU 22 i - Bantam Wankm\u00fcller SA<\/title>\n<meta name=\"robots\" content=\"index, follow, max-snippet:-1, max-image-preview:large, max-video-preview:-1\" \/>\n<link rel=\"canonical\" href=\"https:\/\/shop.bantam.ch\/fr\/produit\/generateur-eu-22i\/\" \/>\n<meta property=\"og:locale\" content=\"fr_FR\" \/>\n<meta property=\"og:type\" content=\"article\" \/>\n<meta property=\"og:title\" content=\"G\u00e9n\u00e9rateur Honda EU 22 i - Bantam Wankm\u00fcller SA\" \/>\n<meta property=\"og:description\" content=\"Le EU22i est facile \u00e0 transporter \u00e0 la main et dispose de nombreuses fonctionnalit\u00e9s qui plaisent \u00e0 un grand nombre d&rsquo;utilisateurs. Comme il est l\u00e9ger et d\u00e9marre facilement m\u00eame apr\u00e8s des mois de stockage, il est vite pr\u00eat \u00e0 l\u2019emploi, par exemple en camping, ou pour ne pas \u00eatre priv\u00e9 du confort habituel, s\u00e8che-cheveux, t\u00e9l\u00e9vision [&hellip;]\" \/>\n<meta property=\"og:url\" content=\"https:\/\/shop.bantam.ch\/fr\/produit\/generateur-eu-22i\/\" \/>\n<meta property=\"og:site_name\" content=\"Bantam Wankm\u00fcller SA\" \/>\n<meta property=\"article:modified_time\" content=\"2026-04-18T19:19:23+00:00\" \/>\n<meta property=\"og:image\" content=\"https:\/\/shop.bantam.ch\/wp-content\/uploads\/2023\/02\/9931659.jpg\" \/>\n\t<meta property=\"og:image:width\" content=\"500\" \/>\n\t<meta property=\"og:image:height\" content=\"480\" \/>\n\t<meta property=\"og:image:type\" content=\"image\/jpeg\" \/>\n<meta name=\"twitter:card\" content=\"summary_large_image\" \/>\n<meta name=\"twitter:label1\" content=\"Dur\u00e9e de lecture estim\u00e9e\" \/>\n\t<meta name=\"twitter:data1\" content=\"2 minutes\" \/>\n<script type=\"application\/ld+json\" class=\"yoast-schema-graph\">{\"@context\":\"https:\\\/\\\/schema.org\",\"@graph\":[{\"@type\":\"WebPage\",\"@id\":\"https:\\\/\\\/shop.bantam.ch\\\/fr\\\/produit\\\/generateur-eu-22i\\\/\",\"url\":\"https:\\\/\\\/shop.bantam.ch\\\/fr\\\/produit\\\/generateur-eu-22i\\\/\",\"name\":\"G\u00e9n\u00e9rateur Honda EU 22 i - Bantam Wankm\u00fcller SA\",\"isPartOf\":{\"@id\":\"https:\\\/\\\/shop.bantam.ch\\\/fr\\\/#website\"},\"primaryImageOfPage\":{\"@id\":\"https:\\\/\\\/shop.bantam.ch\\\/fr\\\/produit\\\/generateur-eu-22i\\\/#primaryimage\"},\"image\":{\"@id\":\"https:\\\/\\\/shop.bantam.ch\\\/fr\\\/produit\\\/generateur-eu-22i\\\/#primaryimage\"},\"thumbnailUrl\":\"https:\\\/\\\/shop.bantam.ch\\\/wp-content\\\/uploads\\\/2023\\\/02\\\/9931659.jpg\",\"datePublished\":\"2023-02-27T23:25:04+00:00\",\"dateModified\":\"2026-04-18T19:19:23+00:00\",\"breadcrumb\":{\"@id\":\"https:\\\/\\\/shop.bantam.ch\\\/fr\\\/produit\\\/generateur-eu-22i\\\/#breadcrumb\"},\"inLanguage\":\"fr-FR\",\"potentialAction\":[{\"@type\":\"ReadAction\",\"target\":[\"https:\\\/\\\/shop.bantam.ch\\\/fr\\\/produit\\\/generateur-eu-22i\\\/\"]}]},{\"@type\":\"ImageObject\",\"inLanguage\":\"fr-FR\",\"@id\":\"https:\\\/\\\/shop.bantam.ch\\\/fr\\\/produit\\\/generateur-eu-22i\\\/#primaryimage\",\"url\":\"https:\\\/\\\/shop.bantam.ch\\\/wp-content\\\/uploads\\\/2023\\\/02\\\/9931659.jpg\",\"contentUrl\":\"https:\\\/\\\/shop.bantam.ch\\\/wp-content\\\/uploads\\\/2023\\\/02\\\/9931659.jpg\",\"width\":500,\"height\":480},{\"@type\":\"BreadcrumbList\",\"@id\":\"https:\\\/\\\/shop.bantam.ch\\\/fr\\\/produit\\\/generateur-eu-22i\\\/#breadcrumb\",\"itemListElement\":[{\"@type\":\"ListItem\",\"position\":1,\"name\":\"Accueil\",\"item\":\"https:\\\/\\\/shop.bantam.ch\\\/fr\\\/\"},{\"@type\":\"ListItem\",\"position\":2,\"name\":\"Boutique\",\"item\":\"https:\\\/\\\/shop.bantam.ch\\\/fr\\\/boutique\\\/\"},{\"@type\":\"ListItem\",\"position\":3,\"name\":\"G\u00e9n\u00e9rateur Honda EU 22 i\"}]},{\"@type\":\"WebSite\",\"@id\":\"https:\\\/\\\/shop.bantam.ch\\\/fr\\\/#website\",\"url\":\"https:\\\/\\\/shop.bantam.ch\\\/fr\\\/\",\"name\":\"Bantam Wankm\u00fcller SA\",\"description\":\"\",\"publisher\":{\"@id\":\"https:\\\/\\\/shop.bantam.ch\\\/fr\\\/#organization\"},\"inLanguage\":\"fr-FR\"},{\"@type\":\"Organization\",\"@id\":\"https:\\\/\\\/shop.bantam.ch\\\/fr\\\/#organization\",\"name\":\"Bantam Wankm\u00fcller SA\",\"url\":\"https:\\\/\\\/shop.bantam.ch\\\/fr\\\/\",\"logo\":{\"@type\":\"ImageObject\",\"inLanguage\":\"fr-FR\",\"@id\":\"https:\\\/\\\/shop.bantam.ch\\\/fr\\\/#\\\/schema\\\/logo\\\/image\\\/\",\"url\":\"https:\\\/\\\/shop.bantam.ch\\\/wp-content\\\/uploads\\\/2022\\\/12\\\/bantam-logo.png\",\"contentUrl\":\"https:\\\/\\\/shop.bantam.ch\\\/wp-content\\\/uploads\\\/2022\\\/12\\\/bantam-logo.png\",\"width\":320,\"height\":71,\"caption\":\"Bantam Wankm\u00fcller SA\"},\"image\":{\"@id\":\"https:\\\/\\\/shop.bantam.ch\\\/fr\\\/#\\\/schema\\\/logo\\\/image\\\/\"}}]}<\/script>\n<!-- \/ Yoast SEO plugin. -->","yoast_head_json":{"title":"G\u00e9n\u00e9rateur Honda EU 22 i - Bantam Wankm\u00fcller SA","robots":{"index":"index","follow":"follow","max-snippet":"max-snippet:-1","max-image-preview":"max-image-preview:large","max-video-preview":"max-video-preview:-1"},"canonical":"https:\/\/shop.bantam.ch\/fr\/produit\/generateur-eu-22i\/","og_locale":"fr_FR","og_type":"article","og_title":"G\u00e9n\u00e9rateur Honda EU 22 i - Bantam Wankm\u00fcller SA","og_description":"Le EU22i est facile \u00e0 transporter \u00e0 la main et dispose de nombreuses fonctionnalit\u00e9s qui plaisent \u00e0 un grand nombre d&rsquo;utilisateurs. Comme il est l\u00e9ger et d\u00e9marre facilement m\u00eame apr\u00e8s des mois de stockage, il est vite pr\u00eat \u00e0 l\u2019emploi, par exemple en camping, ou pour ne pas \u00eatre priv\u00e9 du confort habituel, s\u00e8che-cheveux, t\u00e9l\u00e9vision [&hellip;]","og_url":"https:\/\/shop.bantam.ch\/fr\/produit\/generateur-eu-22i\/","og_site_name":"Bantam Wankm\u00fcller SA","article_modified_time":"2026-04-18T19:19:23+00:00","og_image":[{"width":500,"height":480,"url":"https:\/\/shop.bantam.ch\/wp-content\/uploads\/2023\/02\/9931659.jpg","type":"image\/jpeg"}],"twitter_card":"summary_large_image","twitter_misc":{"Dur\u00e9e de lecture estim\u00e9e":"2 minutes"},"schema":{"@context":"https:\/\/schema.org","@graph":[{"@type":"WebPage","@id":"https:\/\/shop.bantam.ch\/fr\/produit\/generateur-eu-22i\/","url":"https:\/\/shop.bantam.ch\/fr\/produit\/generateur-eu-22i\/","name":"G\u00e9n\u00e9rateur Honda EU 22 i - Bantam Wankm\u00fcller SA","isPartOf":{"@id":"https:\/\/shop.bantam.ch\/fr\/#website"},"primaryImageOfPage":{"@id":"https:\/\/shop.bantam.ch\/fr\/produit\/generateur-eu-22i\/#primaryimage"},"image":{"@id":"https:\/\/shop.bantam.ch\/fr\/produit\/generateur-eu-22i\/#primaryimage"},"thumbnailUrl":"https:\/\/shop.bantam.ch\/wp-content\/uploads\/2023\/02\/9931659.jpg","datePublished":"2023-02-27T23:25:04+00:00","dateModified":"2026-04-18T19:19:23+00:00","breadcrumb":{"@id":"https:\/\/shop.bantam.ch\/fr\/produit\/generateur-eu-22i\/#breadcrumb"},"inLanguage":"fr-FR","potentialAction":[{"@type":"ReadAction","target":["https:\/\/shop.bantam.ch\/fr\/produit\/generateur-eu-22i\/"]}]},{"@type":"ImageObject","inLanguage":"fr-FR","@id":"https:\/\/shop.bantam.ch\/fr\/produit\/generateur-eu-22i\/#primaryimage","url":"https:\/\/shop.bantam.ch\/wp-content\/uploads\/2023\/02\/9931659.jpg","contentUrl":"https:\/\/shop.bantam.ch\/wp-content\/uploads\/2023\/02\/9931659.jpg","width":500,"height":480},{"@type":"BreadcrumbList","@id":"https:\/\/shop.bantam.ch\/fr\/produit\/generateur-eu-22i\/#breadcrumb","itemListElement":[{"@type":"ListItem","position":1,"name":"Accueil","item":"https:\/\/shop.bantam.ch\/fr\/"},{"@type":"ListItem","position":2,"name":"Boutique","item":"https:\/\/shop.bantam.ch\/fr\/boutique\/"},{"@type":"ListItem","position":3,"name":"G\u00e9n\u00e9rateur Honda EU 22 i"}]},{"@type":"WebSite","@id":"https:\/\/shop.bantam.ch\/fr\/#website","url":"https:\/\/shop.bantam.ch\/fr\/","name":"Bantam Wankm\u00fcller SA","description":"","publisher":{"@id":"https:\/\/shop.bantam.ch\/fr\/#organization"},"inLanguage":"fr-FR"},{"@type":"Organization","@id":"https:\/\/shop.bantam.ch\/fr\/#organization","name":"Bantam Wankm\u00fcller SA","url":"https:\/\/shop.bantam.ch\/fr\/","logo":{"@type":"ImageObject","inLanguage":"fr-FR","@id":"https:\/\/shop.bantam.ch\/fr\/#\/schema\/logo\/image\/","url":"https:\/\/shop.bantam.ch\/wp-content\/uploads\/2022\/12\/bantam-logo.png","contentUrl":"https:\/\/shop.bantam.ch\/wp-content\/uploads\/2022\/12\/bantam-logo.png","width":320,"height":71,"caption":"Bantam Wankm\u00fcller SA"},"image":{"@id":"https:\/\/shop.bantam.ch\/fr\/#\/schema\/logo\/image\/"}}]}},"_links":{"self":[{"href":"https:\/\/shop.bantam.ch\/fr\/wp-json\/wp\/v2\/product\/75769","targetHints":{"allow":["GET"]}}],"collection":[{"href":"https:\/\/shop.bantam.ch\/fr\/wp-json\/wp\/v2\/product"}],"about":[{"href":"https:\/\/shop.bantam.ch\/fr\/wp-json\/wp\/v2\/types\/product"}],"wp:featuredmedia":[{"embeddable":true,"href":"https:\/\/shop.bantam.ch\/fr\/wp-json\/wp\/v2\/media\/75767"}],"wp:attachment":[{"href":"https:\/\/shop.bantam.ch\/fr\/wp-json\/wp\/v2\/media?parent=75769"}],"wp:term":[{"taxonomy":"product_featured_cat","embeddable":true,"href":"https:\/\/shop.bantam.ch\/fr\/wp-json\/wp\/v2\/product_featured_cat?post=75769"},{"taxonomy":"product_brand","embeddable":true,"href":"https:\/\/shop.bantam.ch\/fr\/wp-json\/wp\/v2\/product_brand?post=75769"},{"taxonomy":"product_cat","embeddable":true,"href":"https:\/\/shop.bantam.ch\/fr\/wp-json\/wp\/v2\/product_cat?post=75769"},{"taxonomy":"product_tag","embeddable":true,"href":"https:\/\/shop.bantam.ch\/fr\/wp-json\/wp\/v2\/product_tag?post=75769"}],"curies":[{"name":"wp","href":"https:\/\/api.w.org\/{rel}","templated":true}]}}