{"id":75755,"date":"2023-02-28T00:24:38","date_gmt":"2023-02-27T23:24:38","guid":{"rendered":"http:\/\/shop.bantam.ch\/produit\/mitigeur-monolevier-charisma-avec-interrupteur-et-raccord-uni-quick-chrome\/"},"modified":"2026-04-18T21:19:22","modified_gmt":"2026-04-18T19:19:22","slug":"mitigeur-monolevier-charisma-avec-interrupteur-et-raccord-uni-quick-chrome","status":"publish","type":"product","link":"https:\/\/shop.bantam.ch\/fr\/produit\/mitigeur-monolevier-charisma-avec-interrupteur-et-raccord-uni-quick-chrome\/","title":{"rendered":"Mitigeur mono-levier Reich Charisma avec interrupteur. UniQuick chrom\u00e9"},"content":{"rendered":"<p>Le mitigeur mono-levier en laiton Charisma est construit comme un robinet domestique. La cartouche en c\u00e9ramique \u00e9prouv\u00e9e &#8211; enti\u00e8rement sertie de laiton &#8211; garantit une qualit\u00e9 constante. Tr\u00e8s \u00e9conome en consommation d\u2019eau gr\u00e2ce \u00e0 l\u2019ajustement pr\u00e9cis de la temp\u00e9rature et du d\u00e9bit\u00a0! Le bec verseur pivote \u00e0 360\u00b0. La cartouche c\u00e9ramique et le microrupteur \u00e9tanche peuvent \u00eatre remplac\u00e9s par le haut sans d\u00e9monter la robinetterie.<\/p>\n<ul>\n<li>Raccords m\u00e9talliques<\/li>\n<li>Indicateur de vidange<\/li>\n<li>Longueur du filetage 45 mm<\/li>\n<li>Raccord Uni Quick : peut r\u00e9sister \u00e0 une pression de 5 bars.<\/li>\n<li>Raccords en cuivre pour tuyaux de 10-12 mm<\/li>\n<\/ul>\n","protected":false},"excerpt":{"rendered":"<p>Le mitigeur mono-levier en laiton Charisma est construit comme un robinet domestique. La cartouche en c\u00e9ramique \u00e9prouv\u00e9e &#8211; enti\u00e8rement sertie de laiton &#8211; garantit une qualit\u00e9 constante. Tr\u00e8s \u00e9conome en consommation d\u2019eau gr\u00e2ce \u00e0 l\u2019ajustement pr\u00e9cis de la temp\u00e9rature et du d\u00e9bit\u00a0! Le bec verseur pivote \u00e0 360\u00b0. La cartouche c\u00e9ramique et le microrupteur \u00e9tanche [&hellip;]<\/p>\n","protected":false},"featured_media":75753,"template":"","meta":{"_acf_changed":false},"product_featured_cat":[],"product_brand":[3112],"product_cat":[4573],"product_tag":[],"class_list":{"0":"post-75755","1":"product","2":"type-product","3":"status-publish","4":"has-post-thumbnail","6":"product_brand-reich","7":"product_cat-mitigeurs-et-robinets-deau-froide","9":"first","10":"instock","11":"taxable","12":"shipping-taxable","13":"purchasable","14":"product-type-simple"},"acf":[],"yoast_head":"<!-- This site is optimized with the Yoast SEO plugin v27.4 - https:\/\/yoast.com\/product\/yoast-seo-wordpress\/ -->\n<title>Mitigeur mono-levier Reich Charisma avec interrupteur. UniQuick chrom\u00e9 - Bantam Wankm\u00fcller SA<\/title>\n<meta name=\"robots\" content=\"index, follow, max-snippet:-1, max-image-preview:large, max-video-preview:-1\" \/>\n<link rel=\"canonical\" href=\"https:\/\/shop.bantam.ch\/fr\/produit\/mitigeur-monolevier-charisma-avec-interrupteur-et-raccord-uni-quick-chrome\/\" \/>\n<meta property=\"og:locale\" content=\"fr_FR\" \/>\n<meta property=\"og:type\" content=\"article\" \/>\n<meta property=\"og:title\" content=\"Mitigeur mono-levier Reich Charisma avec interrupteur. UniQuick chrom\u00e9 - Bantam Wankm\u00fcller SA\" \/>\n<meta property=\"og:description\" content=\"Le mitigeur mono-levier en laiton Charisma est construit comme un robinet domestique. La cartouche en c\u00e9ramique \u00e9prouv\u00e9e &#8211; enti\u00e8rement sertie de laiton &#8211; garantit une qualit\u00e9 constante. Tr\u00e8s \u00e9conome en consommation d\u2019eau gr\u00e2ce \u00e0 l\u2019ajustement pr\u00e9cis de la temp\u00e9rature et du d\u00e9bit\u00a0! Le bec verseur pivote \u00e0 360\u00b0. La cartouche c\u00e9ramique et le microrupteur \u00e9tanche [&hellip;]\" \/>\n<meta property=\"og:url\" content=\"https:\/\/shop.bantam.ch\/fr\/produit\/mitigeur-monolevier-charisma-avec-interrupteur-et-raccord-uni-quick-chrome\/\" \/>\n<meta property=\"og:site_name\" content=\"Bantam Wankm\u00fcller SA\" \/>\n<meta property=\"article:modified_time\" content=\"2026-04-18T19:19:22+00:00\" \/>\n<meta property=\"og:image\" content=\"https:\/\/shop.bantam.ch\/wp-content\/uploads\/2023\/02\/992743211.jpg\" \/>\n\t<meta property=\"og:image:width\" content=\"1000\" \/>\n\t<meta property=\"og:image:height\" content=\"637\" \/>\n\t<meta property=\"og:image:type\" content=\"image\/jpeg\" \/>\n<meta name=\"twitter:card\" content=\"summary_large_image\" \/>\n<meta name=\"twitter:label1\" content=\"Dur\u00e9e de lecture estim\u00e9e\" \/>\n\t<meta name=\"twitter:data1\" content=\"1 minute\" \/>\n<script type=\"application\/ld+json\" class=\"yoast-schema-graph\">{\"@context\":\"https:\\\/\\\/schema.org\",\"@graph\":[{\"@type\":\"WebPage\",\"@id\":\"https:\\\/\\\/shop.bantam.ch\\\/fr\\\/produit\\\/mitigeur-monolevier-charisma-avec-interrupteur-et-raccord-uni-quick-chrome\\\/\",\"url\":\"https:\\\/\\\/shop.bantam.ch\\\/fr\\\/produit\\\/mitigeur-monolevier-charisma-avec-interrupteur-et-raccord-uni-quick-chrome\\\/\",\"name\":\"Mitigeur mono-levier Reich Charisma avec interrupteur. UniQuick chrom\u00e9 - Bantam Wankm\u00fcller SA\",\"isPartOf\":{\"@id\":\"https:\\\/\\\/shop.bantam.ch\\\/fr\\\/#website\"},\"primaryImageOfPage\":{\"@id\":\"https:\\\/\\\/shop.bantam.ch\\\/fr\\\/produit\\\/mitigeur-monolevier-charisma-avec-interrupteur-et-raccord-uni-quick-chrome\\\/#primaryimage\"},\"image\":{\"@id\":\"https:\\\/\\\/shop.bantam.ch\\\/fr\\\/produit\\\/mitigeur-monolevier-charisma-avec-interrupteur-et-raccord-uni-quick-chrome\\\/#primaryimage\"},\"thumbnailUrl\":\"https:\\\/\\\/shop.bantam.ch\\\/wp-content\\\/uploads\\\/2023\\\/02\\\/992743211.jpg\",\"datePublished\":\"2023-02-27T23:24:38+00:00\",\"dateModified\":\"2026-04-18T19:19:22+00:00\",\"breadcrumb\":{\"@id\":\"https:\\\/\\\/shop.bantam.ch\\\/fr\\\/produit\\\/mitigeur-monolevier-charisma-avec-interrupteur-et-raccord-uni-quick-chrome\\\/#breadcrumb\"},\"inLanguage\":\"fr-FR\",\"potentialAction\":[{\"@type\":\"ReadAction\",\"target\":[\"https:\\\/\\\/shop.bantam.ch\\\/fr\\\/produit\\\/mitigeur-monolevier-charisma-avec-interrupteur-et-raccord-uni-quick-chrome\\\/\"]}]},{\"@type\":\"ImageObject\",\"inLanguage\":\"fr-FR\",\"@id\":\"https:\\\/\\\/shop.bantam.ch\\\/fr\\\/produit\\\/mitigeur-monolevier-charisma-avec-interrupteur-et-raccord-uni-quick-chrome\\\/#primaryimage\",\"url\":\"https:\\\/\\\/shop.bantam.ch\\\/wp-content\\\/uploads\\\/2023\\\/02\\\/992743211.jpg\",\"contentUrl\":\"https:\\\/\\\/shop.bantam.ch\\\/wp-content\\\/uploads\\\/2023\\\/02\\\/992743211.jpg\",\"width\":1000,\"height\":637},{\"@type\":\"BreadcrumbList\",\"@id\":\"https:\\\/\\\/shop.bantam.ch\\\/fr\\\/produit\\\/mitigeur-monolevier-charisma-avec-interrupteur-et-raccord-uni-quick-chrome\\\/#breadcrumb\",\"itemListElement\":[{\"@type\":\"ListItem\",\"position\":1,\"name\":\"Accueil\",\"item\":\"https:\\\/\\\/shop.bantam.ch\\\/fr\\\/\"},{\"@type\":\"ListItem\",\"position\":2,\"name\":\"Boutique\",\"item\":\"https:\\\/\\\/shop.bantam.ch\\\/fr\\\/boutique\\\/\"},{\"@type\":\"ListItem\",\"position\":3,\"name\":\"Mitigeur mono-levier Reich Charisma avec interrupteur. UniQuick chrom\u00e9\"}]},{\"@type\":\"WebSite\",\"@id\":\"https:\\\/\\\/shop.bantam.ch\\\/fr\\\/#website\",\"url\":\"https:\\\/\\\/shop.bantam.ch\\\/fr\\\/\",\"name\":\"Bantam Wankm\u00fcller SA\",\"description\":\"\",\"publisher\":{\"@id\":\"https:\\\/\\\/shop.bantam.ch\\\/fr\\\/#organization\"},\"inLanguage\":\"fr-FR\"},{\"@type\":\"Organization\",\"@id\":\"https:\\\/\\\/shop.bantam.ch\\\/fr\\\/#organization\",\"name\":\"Bantam Wankm\u00fcller SA\",\"url\":\"https:\\\/\\\/shop.bantam.ch\\\/fr\\\/\",\"logo\":{\"@type\":\"ImageObject\",\"inLanguage\":\"fr-FR\",\"@id\":\"https:\\\/\\\/shop.bantam.ch\\\/fr\\\/#\\\/schema\\\/logo\\\/image\\\/\",\"url\":\"https:\\\/\\\/shop.bantam.ch\\\/wp-content\\\/uploads\\\/2022\\\/12\\\/bantam-logo.png\",\"contentUrl\":\"https:\\\/\\\/shop.bantam.ch\\\/wp-content\\\/uploads\\\/2022\\\/12\\\/bantam-logo.png\",\"width\":320,\"height\":71,\"caption\":\"Bantam Wankm\u00fcller SA\"},\"image\":{\"@id\":\"https:\\\/\\\/shop.bantam.ch\\\/fr\\\/#\\\/schema\\\/logo\\\/image\\\/\"}}]}<\/script>\n<!-- \/ Yoast SEO plugin. -->","yoast_head_json":{"title":"Mitigeur mono-levier Reich Charisma avec interrupteur. UniQuick chrom\u00e9 - Bantam Wankm\u00fcller SA","robots":{"index":"index","follow":"follow","max-snippet":"max-snippet:-1","max-image-preview":"max-image-preview:large","max-video-preview":"max-video-preview:-1"},"canonical":"https:\/\/shop.bantam.ch\/fr\/produit\/mitigeur-monolevier-charisma-avec-interrupteur-et-raccord-uni-quick-chrome\/","og_locale":"fr_FR","og_type":"article","og_title":"Mitigeur mono-levier Reich Charisma avec interrupteur. UniQuick chrom\u00e9 - Bantam Wankm\u00fcller SA","og_description":"Le mitigeur mono-levier en laiton Charisma est construit comme un robinet domestique. La cartouche en c\u00e9ramique \u00e9prouv\u00e9e &#8211; enti\u00e8rement sertie de laiton &#8211; garantit une qualit\u00e9 constante. Tr\u00e8s \u00e9conome en consommation d\u2019eau gr\u00e2ce \u00e0 l\u2019ajustement pr\u00e9cis de la temp\u00e9rature et du d\u00e9bit\u00a0! Le bec verseur pivote \u00e0 360\u00b0. La cartouche c\u00e9ramique et le microrupteur \u00e9tanche [&hellip;]","og_url":"https:\/\/shop.bantam.ch\/fr\/produit\/mitigeur-monolevier-charisma-avec-interrupteur-et-raccord-uni-quick-chrome\/","og_site_name":"Bantam Wankm\u00fcller SA","article_modified_time":"2026-04-18T19:19:22+00:00","og_image":[{"width":1000,"height":637,"url":"https:\/\/shop.bantam.ch\/wp-content\/uploads\/2023\/02\/992743211.jpg","type":"image\/jpeg"}],"twitter_card":"summary_large_image","twitter_misc":{"Dur\u00e9e de lecture estim\u00e9e":"1 minute"},"schema":{"@context":"https:\/\/schema.org","@graph":[{"@type":"WebPage","@id":"https:\/\/shop.bantam.ch\/fr\/produit\/mitigeur-monolevier-charisma-avec-interrupteur-et-raccord-uni-quick-chrome\/","url":"https:\/\/shop.bantam.ch\/fr\/produit\/mitigeur-monolevier-charisma-avec-interrupteur-et-raccord-uni-quick-chrome\/","name":"Mitigeur mono-levier Reich Charisma avec interrupteur. UniQuick chrom\u00e9 - Bantam Wankm\u00fcller SA","isPartOf":{"@id":"https:\/\/shop.bantam.ch\/fr\/#website"},"primaryImageOfPage":{"@id":"https:\/\/shop.bantam.ch\/fr\/produit\/mitigeur-monolevier-charisma-avec-interrupteur-et-raccord-uni-quick-chrome\/#primaryimage"},"image":{"@id":"https:\/\/shop.bantam.ch\/fr\/produit\/mitigeur-monolevier-charisma-avec-interrupteur-et-raccord-uni-quick-chrome\/#primaryimage"},"thumbnailUrl":"https:\/\/shop.bantam.ch\/wp-content\/uploads\/2023\/02\/992743211.jpg","datePublished":"2023-02-27T23:24:38+00:00","dateModified":"2026-04-18T19:19:22+00:00","breadcrumb":{"@id":"https:\/\/shop.bantam.ch\/fr\/produit\/mitigeur-monolevier-charisma-avec-interrupteur-et-raccord-uni-quick-chrome\/#breadcrumb"},"inLanguage":"fr-FR","potentialAction":[{"@type":"ReadAction","target":["https:\/\/shop.bantam.ch\/fr\/produit\/mitigeur-monolevier-charisma-avec-interrupteur-et-raccord-uni-quick-chrome\/"]}]},{"@type":"ImageObject","inLanguage":"fr-FR","@id":"https:\/\/shop.bantam.ch\/fr\/produit\/mitigeur-monolevier-charisma-avec-interrupteur-et-raccord-uni-quick-chrome\/#primaryimage","url":"https:\/\/shop.bantam.ch\/wp-content\/uploads\/2023\/02\/992743211.jpg","contentUrl":"https:\/\/shop.bantam.ch\/wp-content\/uploads\/2023\/02\/992743211.jpg","width":1000,"height":637},{"@type":"BreadcrumbList","@id":"https:\/\/shop.bantam.ch\/fr\/produit\/mitigeur-monolevier-charisma-avec-interrupteur-et-raccord-uni-quick-chrome\/#breadcrumb","itemListElement":[{"@type":"ListItem","position":1,"name":"Accueil","item":"https:\/\/shop.bantam.ch\/fr\/"},{"@type":"ListItem","position":2,"name":"Boutique","item":"https:\/\/shop.bantam.ch\/fr\/boutique\/"},{"@type":"ListItem","position":3,"name":"Mitigeur mono-levier Reich Charisma avec interrupteur. UniQuick chrom\u00e9"}]},{"@type":"WebSite","@id":"https:\/\/shop.bantam.ch\/fr\/#website","url":"https:\/\/shop.bantam.ch\/fr\/","name":"Bantam Wankm\u00fcller SA","description":"","publisher":{"@id":"https:\/\/shop.bantam.ch\/fr\/#organization"},"inLanguage":"fr-FR"},{"@type":"Organization","@id":"https:\/\/shop.bantam.ch\/fr\/#organization","name":"Bantam Wankm\u00fcller SA","url":"https:\/\/shop.bantam.ch\/fr\/","logo":{"@type":"ImageObject","inLanguage":"fr-FR","@id":"https:\/\/shop.bantam.ch\/fr\/#\/schema\/logo\/image\/","url":"https:\/\/shop.bantam.ch\/wp-content\/uploads\/2022\/12\/bantam-logo.png","contentUrl":"https:\/\/shop.bantam.ch\/wp-content\/uploads\/2022\/12\/bantam-logo.png","width":320,"height":71,"caption":"Bantam Wankm\u00fcller SA"},"image":{"@id":"https:\/\/shop.bantam.ch\/fr\/#\/schema\/logo\/image\/"}}]}},"_links":{"self":[{"href":"https:\/\/shop.bantam.ch\/fr\/wp-json\/wp\/v2\/product\/75755","targetHints":{"allow":["GET"]}}],"collection":[{"href":"https:\/\/shop.bantam.ch\/fr\/wp-json\/wp\/v2\/product"}],"about":[{"href":"https:\/\/shop.bantam.ch\/fr\/wp-json\/wp\/v2\/types\/product"}],"wp:featuredmedia":[{"embeddable":true,"href":"https:\/\/shop.bantam.ch\/fr\/wp-json\/wp\/v2\/media\/75753"}],"wp:attachment":[{"href":"https:\/\/shop.bantam.ch\/fr\/wp-json\/wp\/v2\/media?parent=75755"}],"wp:term":[{"taxonomy":"product_featured_cat","embeddable":true,"href":"https:\/\/shop.bantam.ch\/fr\/wp-json\/wp\/v2\/product_featured_cat?post=75755"},{"taxonomy":"product_brand","embeddable":true,"href":"https:\/\/shop.bantam.ch\/fr\/wp-json\/wp\/v2\/product_brand?post=75755"},{"taxonomy":"product_cat","embeddable":true,"href":"https:\/\/shop.bantam.ch\/fr\/wp-json\/wp\/v2\/product_cat?post=75755"},{"taxonomy":"product_tag","embeddable":true,"href":"https:\/\/shop.bantam.ch\/fr\/wp-json\/wp\/v2\/product_tag?post=75755"}],"curies":[{"name":"wp","href":"https:\/\/api.w.org\/{rel}","templated":true}]}}