{"id":75711,"date":"2024-02-24T00:24:01","date_gmt":"2024-02-23T23:24:01","guid":{"rendered":"http:\/\/shop.bantam.ch\/produit\/minuteur-piepei\/"},"modified":"2026-04-18T21:19:15","modified_gmt":"2026-04-18T19:19:15","slug":"minuteur-piepei","status":"publish","type":"product","link":"https:\/\/shop.bantam.ch\/fr\/produit\/minuteur-piepei\/","title":{"rendered":"Minuteur PiepEi"},"content":{"rendered":"<p>Nous aimons tous voyager. Certaines personnes vont \u00e0 la montagne, d&rsquo;autres pr\u00e9f\u00e8rent plonger dans la mer et m\u00eame les balcons ont un certain attrait quand on n&rsquo;a pas besoin d&rsquo;aller au travail le matin. Mais o\u00f9 que vous soyez en vacances, le petit-d\u00e9jeuner doit toujours rester un moment de plaisir et de d\u00e9tente au quotidien.<\/p>\n<p>Et bien s\u00fbr, rien n&rsquo;est plus d\u00e9sagr\u00e9able que de se priver en vacances des habitudes acquises \u00e0 la maison. Comme le sublime \u0153uf \u00e0 la coque \u00e0 la table du petit-d\u00e9jeuner. Pour que cela ne se reproduise plus jamais, que ce soit en montagne ou au niveau de la mer (PiepEi fonctionne aussi bien \u00e0 toutes les altitudes), il existe le minuteur PiepEi.<\/p>\n<p>Avec tenue touristique et m\u00e9lodies qui \u00e9veillent ou soulignent le d\u00e9sir de voyager. Qu&rsquo;il s&rsquo;agisse d&rsquo;un alpiniste extr\u00eame au camp de base ou d\u2019un campeur permanent en tenue finement c\u00f4tel\u00e9e. Chacun peut d\u00e9sormais cuire son \u0153uf \u00e0 la perfection. Stocker le PiepEi avec les v\u00e9ritables \u0153ufs, faire cuire ensemble, attendre que la casserole chante, laisser refroidir et manger uniquement les vrais \u0153ufs.<\/p>\n<p>\u00a0<\/p>\n<ul>\n<li>\u00ab Ambiance matinale \u00bb pour des \u0153ufs \u00e0 la coque parfaits<\/li>\n<li>\u00ab\u00a0Hit the road Jack\u00a0\u00bb pour de sublimes \u0153ufs mollets<\/li>\n<li>\u00ab\u00a0Don&rsquo;t worry be happy\u00a0\u00bb pour des \u0153ufs durs cuits \u00e0 la perfection<\/li>\n<\/ul>\n<p>\u00a0<\/p>\n<p>Le PiepEi r\u00e9ussit toujours des \u0153ufs parfaitement cuits gr\u00e2ce \u00e0 son syst\u00e8me thermique. Peu importe \u00e0 quelle hauteur vous \u00eates, que vous soyez un non-initi\u00e9 et que vous ne vouliez qu&rsquo;un seul \u0153uf pour vous ou que vous cuisiniez pour toute votre famille. Que vous commenciez avec de l&rsquo;eau froide ou bouillante. Profitez encore plus de vos vacances, de vos projets ou tout simplement du petit-d\u00e9jeuner le dimanche matin \u00e0 la maison. Vous \u00eates s\u00fbr d\u2019avoir un \u0153uf parfaitement cuit.<\/p>\n","protected":false},"excerpt":{"rendered":"<p>Nous aimons tous voyager. Certaines personnes vont \u00e0 la montagne, d&rsquo;autres pr\u00e9f\u00e8rent plonger dans la mer et m\u00eame les balcons ont un certain attrait quand on n&rsquo;a pas besoin d&rsquo;aller au travail le matin. Mais o\u00f9 que vous soyez en vacances, le petit-d\u00e9jeuner doit toujours rester un moment de plaisir et de d\u00e9tente au quotidien. [&hellip;]<\/p>\n","protected":false},"featured_media":75709,"template":"","meta":{"_acf_changed":false},"product_featured_cat":[],"product_brand":[3032],"product_cat":[4285],"product_tag":[],"class_list":{"0":"post-75711","1":"product","2":"type-product","3":"status-publish","4":"has-post-thumbnail","6":"product_brand-standard","7":"product_cat-ustensiles-de-cuisine","9":"first","10":"instock","11":"taxable","12":"shipping-taxable","13":"purchasable","14":"product-type-simple"},"acf":[],"yoast_head":"<!-- This site is optimized with the Yoast SEO plugin v27.4 - https:\/\/yoast.com\/product\/yoast-seo-wordpress\/ -->\n<title>Minuteur PiepEi - Bantam Wankm\u00fcller SA<\/title>\n<meta name=\"robots\" content=\"index, follow, max-snippet:-1, max-image-preview:large, max-video-preview:-1\" \/>\n<link rel=\"canonical\" href=\"https:\/\/shop.bantam.ch\/fr\/produit\/minuteur-piepei\/\" \/>\n<meta property=\"og:locale\" content=\"fr_FR\" \/>\n<meta property=\"og:type\" content=\"article\" \/>\n<meta property=\"og:title\" content=\"Minuteur PiepEi - Bantam Wankm\u00fcller SA\" \/>\n<meta property=\"og:description\" content=\"Nous aimons tous voyager. Certaines personnes vont \u00e0 la montagne, d&rsquo;autres pr\u00e9f\u00e8rent plonger dans la mer et m\u00eame les balcons ont un certain attrait quand on n&rsquo;a pas besoin d&rsquo;aller au travail le matin. Mais o\u00f9 que vous soyez en vacances, le petit-d\u00e9jeuner doit toujours rester un moment de plaisir et de d\u00e9tente au quotidien. [&hellip;]\" \/>\n<meta property=\"og:url\" content=\"https:\/\/shop.bantam.ch\/fr\/produit\/minuteur-piepei\/\" \/>\n<meta property=\"og:site_name\" content=\"Bantam Wankm\u00fcller SA\" \/>\n<meta property=\"article:modified_time\" content=\"2026-04-18T19:19:15+00:00\" \/>\n<meta property=\"og:image\" content=\"https:\/\/shop.bantam.ch\/wp-content\/uploads\/2023\/02\/9942361-100-1-3.jpg\" \/>\n\t<meta property=\"og:image:width\" content=\"1000\" \/>\n\t<meta property=\"og:image:height\" content=\"750\" \/>\n\t<meta property=\"og:image:type\" content=\"image\/jpeg\" \/>\n<meta name=\"twitter:card\" content=\"summary_large_image\" \/>\n<meta name=\"twitter:label1\" content=\"Dur\u00e9e de lecture estim\u00e9e\" \/>\n\t<meta name=\"twitter:data1\" content=\"2 minutes\" \/>\n<script type=\"application\/ld+json\" class=\"yoast-schema-graph\">{\"@context\":\"https:\\\/\\\/schema.org\",\"@graph\":[{\"@type\":\"WebPage\",\"@id\":\"https:\\\/\\\/shop.bantam.ch\\\/fr\\\/produit\\\/minuteur-piepei\\\/\",\"url\":\"https:\\\/\\\/shop.bantam.ch\\\/fr\\\/produit\\\/minuteur-piepei\\\/\",\"name\":\"Minuteur PiepEi - Bantam Wankm\u00fcller SA\",\"isPartOf\":{\"@id\":\"https:\\\/\\\/shop.bantam.ch\\\/fr\\\/#website\"},\"primaryImageOfPage\":{\"@id\":\"https:\\\/\\\/shop.bantam.ch\\\/fr\\\/produit\\\/minuteur-piepei\\\/#primaryimage\"},\"image\":{\"@id\":\"https:\\\/\\\/shop.bantam.ch\\\/fr\\\/produit\\\/minuteur-piepei\\\/#primaryimage\"},\"thumbnailUrl\":\"https:\\\/\\\/shop.bantam.ch\\\/wp-content\\\/uploads\\\/2023\\\/02\\\/9942361-100-1-3.jpg\",\"datePublished\":\"2024-02-23T23:24:01+00:00\",\"dateModified\":\"2026-04-18T19:19:15+00:00\",\"breadcrumb\":{\"@id\":\"https:\\\/\\\/shop.bantam.ch\\\/fr\\\/produit\\\/minuteur-piepei\\\/#breadcrumb\"},\"inLanguage\":\"fr-FR\",\"potentialAction\":[{\"@type\":\"ReadAction\",\"target\":[\"https:\\\/\\\/shop.bantam.ch\\\/fr\\\/produit\\\/minuteur-piepei\\\/\"]}]},{\"@type\":\"ImageObject\",\"inLanguage\":\"fr-FR\",\"@id\":\"https:\\\/\\\/shop.bantam.ch\\\/fr\\\/produit\\\/minuteur-piepei\\\/#primaryimage\",\"url\":\"https:\\\/\\\/shop.bantam.ch\\\/wp-content\\\/uploads\\\/2023\\\/02\\\/9942361-100-1-3.jpg\",\"contentUrl\":\"https:\\\/\\\/shop.bantam.ch\\\/wp-content\\\/uploads\\\/2023\\\/02\\\/9942361-100-1-3.jpg\",\"width\":1000,\"height\":750},{\"@type\":\"BreadcrumbList\",\"@id\":\"https:\\\/\\\/shop.bantam.ch\\\/fr\\\/produit\\\/minuteur-piepei\\\/#breadcrumb\",\"itemListElement\":[{\"@type\":\"ListItem\",\"position\":1,\"name\":\"Accueil\",\"item\":\"https:\\\/\\\/shop.bantam.ch\\\/fr\\\/\"},{\"@type\":\"ListItem\",\"position\":2,\"name\":\"Boutique\",\"item\":\"https:\\\/\\\/shop.bantam.ch\\\/fr\\\/boutique\\\/\"},{\"@type\":\"ListItem\",\"position\":3,\"name\":\"Minuteur PiepEi\"}]},{\"@type\":\"WebSite\",\"@id\":\"https:\\\/\\\/shop.bantam.ch\\\/fr\\\/#website\",\"url\":\"https:\\\/\\\/shop.bantam.ch\\\/fr\\\/\",\"name\":\"Bantam Wankm\u00fcller SA\",\"description\":\"\",\"publisher\":{\"@id\":\"https:\\\/\\\/shop.bantam.ch\\\/fr\\\/#organization\"},\"inLanguage\":\"fr-FR\"},{\"@type\":\"Organization\",\"@id\":\"https:\\\/\\\/shop.bantam.ch\\\/fr\\\/#organization\",\"name\":\"Bantam Wankm\u00fcller SA\",\"url\":\"https:\\\/\\\/shop.bantam.ch\\\/fr\\\/\",\"logo\":{\"@type\":\"ImageObject\",\"inLanguage\":\"fr-FR\",\"@id\":\"https:\\\/\\\/shop.bantam.ch\\\/fr\\\/#\\\/schema\\\/logo\\\/image\\\/\",\"url\":\"https:\\\/\\\/shop.bantam.ch\\\/wp-content\\\/uploads\\\/2022\\\/12\\\/bantam-logo.png\",\"contentUrl\":\"https:\\\/\\\/shop.bantam.ch\\\/wp-content\\\/uploads\\\/2022\\\/12\\\/bantam-logo.png\",\"width\":320,\"height\":71,\"caption\":\"Bantam Wankm\u00fcller SA\"},\"image\":{\"@id\":\"https:\\\/\\\/shop.bantam.ch\\\/fr\\\/#\\\/schema\\\/logo\\\/image\\\/\"}}]}<\/script>\n<!-- \/ Yoast SEO plugin. -->","yoast_head_json":{"title":"Minuteur PiepEi - Bantam Wankm\u00fcller SA","robots":{"index":"index","follow":"follow","max-snippet":"max-snippet:-1","max-image-preview":"max-image-preview:large","max-video-preview":"max-video-preview:-1"},"canonical":"https:\/\/shop.bantam.ch\/fr\/produit\/minuteur-piepei\/","og_locale":"fr_FR","og_type":"article","og_title":"Minuteur PiepEi - Bantam Wankm\u00fcller SA","og_description":"Nous aimons tous voyager. Certaines personnes vont \u00e0 la montagne, d&rsquo;autres pr\u00e9f\u00e8rent plonger dans la mer et m\u00eame les balcons ont un certain attrait quand on n&rsquo;a pas besoin d&rsquo;aller au travail le matin. Mais o\u00f9 que vous soyez en vacances, le petit-d\u00e9jeuner doit toujours rester un moment de plaisir et de d\u00e9tente au quotidien. [&hellip;]","og_url":"https:\/\/shop.bantam.ch\/fr\/produit\/minuteur-piepei\/","og_site_name":"Bantam Wankm\u00fcller SA","article_modified_time":"2026-04-18T19:19:15+00:00","og_image":[{"width":1000,"height":750,"url":"https:\/\/shop.bantam.ch\/wp-content\/uploads\/2023\/02\/9942361-100-1-3.jpg","type":"image\/jpeg"}],"twitter_card":"summary_large_image","twitter_misc":{"Dur\u00e9e de lecture estim\u00e9e":"2 minutes"},"schema":{"@context":"https:\/\/schema.org","@graph":[{"@type":"WebPage","@id":"https:\/\/shop.bantam.ch\/fr\/produit\/minuteur-piepei\/","url":"https:\/\/shop.bantam.ch\/fr\/produit\/minuteur-piepei\/","name":"Minuteur PiepEi - Bantam Wankm\u00fcller SA","isPartOf":{"@id":"https:\/\/shop.bantam.ch\/fr\/#website"},"primaryImageOfPage":{"@id":"https:\/\/shop.bantam.ch\/fr\/produit\/minuteur-piepei\/#primaryimage"},"image":{"@id":"https:\/\/shop.bantam.ch\/fr\/produit\/minuteur-piepei\/#primaryimage"},"thumbnailUrl":"https:\/\/shop.bantam.ch\/wp-content\/uploads\/2023\/02\/9942361-100-1-3.jpg","datePublished":"2024-02-23T23:24:01+00:00","dateModified":"2026-04-18T19:19:15+00:00","breadcrumb":{"@id":"https:\/\/shop.bantam.ch\/fr\/produit\/minuteur-piepei\/#breadcrumb"},"inLanguage":"fr-FR","potentialAction":[{"@type":"ReadAction","target":["https:\/\/shop.bantam.ch\/fr\/produit\/minuteur-piepei\/"]}]},{"@type":"ImageObject","inLanguage":"fr-FR","@id":"https:\/\/shop.bantam.ch\/fr\/produit\/minuteur-piepei\/#primaryimage","url":"https:\/\/shop.bantam.ch\/wp-content\/uploads\/2023\/02\/9942361-100-1-3.jpg","contentUrl":"https:\/\/shop.bantam.ch\/wp-content\/uploads\/2023\/02\/9942361-100-1-3.jpg","width":1000,"height":750},{"@type":"BreadcrumbList","@id":"https:\/\/shop.bantam.ch\/fr\/produit\/minuteur-piepei\/#breadcrumb","itemListElement":[{"@type":"ListItem","position":1,"name":"Accueil","item":"https:\/\/shop.bantam.ch\/fr\/"},{"@type":"ListItem","position":2,"name":"Boutique","item":"https:\/\/shop.bantam.ch\/fr\/boutique\/"},{"@type":"ListItem","position":3,"name":"Minuteur PiepEi"}]},{"@type":"WebSite","@id":"https:\/\/shop.bantam.ch\/fr\/#website","url":"https:\/\/shop.bantam.ch\/fr\/","name":"Bantam Wankm\u00fcller SA","description":"","publisher":{"@id":"https:\/\/shop.bantam.ch\/fr\/#organization"},"inLanguage":"fr-FR"},{"@type":"Organization","@id":"https:\/\/shop.bantam.ch\/fr\/#organization","name":"Bantam Wankm\u00fcller SA","url":"https:\/\/shop.bantam.ch\/fr\/","logo":{"@type":"ImageObject","inLanguage":"fr-FR","@id":"https:\/\/shop.bantam.ch\/fr\/#\/schema\/logo\/image\/","url":"https:\/\/shop.bantam.ch\/wp-content\/uploads\/2022\/12\/bantam-logo.png","contentUrl":"https:\/\/shop.bantam.ch\/wp-content\/uploads\/2022\/12\/bantam-logo.png","width":320,"height":71,"caption":"Bantam Wankm\u00fcller SA"},"image":{"@id":"https:\/\/shop.bantam.ch\/fr\/#\/schema\/logo\/image\/"}}]}},"_links":{"self":[{"href":"https:\/\/shop.bantam.ch\/fr\/wp-json\/wp\/v2\/product\/75711","targetHints":{"allow":["GET"]}}],"collection":[{"href":"https:\/\/shop.bantam.ch\/fr\/wp-json\/wp\/v2\/product"}],"about":[{"href":"https:\/\/shop.bantam.ch\/fr\/wp-json\/wp\/v2\/types\/product"}],"wp:featuredmedia":[{"embeddable":true,"href":"https:\/\/shop.bantam.ch\/fr\/wp-json\/wp\/v2\/media\/75709"}],"wp:attachment":[{"href":"https:\/\/shop.bantam.ch\/fr\/wp-json\/wp\/v2\/media?parent=75711"}],"wp:term":[{"taxonomy":"product_featured_cat","embeddable":true,"href":"https:\/\/shop.bantam.ch\/fr\/wp-json\/wp\/v2\/product_featured_cat?post=75711"},{"taxonomy":"product_brand","embeddable":true,"href":"https:\/\/shop.bantam.ch\/fr\/wp-json\/wp\/v2\/product_brand?post=75711"},{"taxonomy":"product_cat","embeddable":true,"href":"https:\/\/shop.bantam.ch\/fr\/wp-json\/wp\/v2\/product_cat?post=75711"},{"taxonomy":"product_tag","embeddable":true,"href":"https:\/\/shop.bantam.ch\/fr\/wp-json\/wp\/v2\/product_tag?post=75711"}],"curies":[{"name":"wp","href":"https:\/\/api.w.org\/{rel}","templated":true}]}}