{"id":75421,"date":"2023-02-28T00:17:27","date_gmt":"2023-02-27T23:17:27","guid":{"rendered":"http:\/\/shop.bantam.ch\/produit\/retroviseur-exterieur-grand-aero-4-extra-large-a-miroir-convexe\/"},"modified":"2026-04-19T21:19:41","modified_gmt":"2026-04-19T19:19:41","slug":"retroviseur-exterieur-grand-aero-4-extra-large-a-miroir-convexe","status":"publish","type":"product","link":"https:\/\/shop.bantam.ch\/fr\/produit\/retroviseur-exterieur-grand-aero-4-extra-large-a-miroir-convexe\/","title":{"rendered":"R\u00e9troviseur ext\u00e9rieur Milenco R\u00e9tro. convexe Grand Aero 3 extra large, par paire"},"content":{"rendered":"<p>Le bras de r\u00e9troviseur rallong\u00e9 est destin\u00e9 aux caravanes et remorques plus larges. Les r\u00e9troviseurs extra larges sont disponibles avec un miroir convexe.<br \/>Le bras extra long du r\u00e9troviseur mesure environ 41 cm de long, alors que la longueur standard de l&rsquo;Aero est de 31 cm.<br \/>Cette longueur vous donne un champ de vision plus large, surtout lorsque le v\u00e9hicule tracteur est \u00e9troit et que la remorque est large.<\/p>\n","protected":false},"excerpt":{"rendered":"<p>Le bras de r\u00e9troviseur rallong\u00e9 est destin\u00e9 aux caravanes et remorques plus larges. Les r\u00e9troviseurs extra larges sont disponibles avec un miroir convexe.Le bras extra long du r\u00e9troviseur mesure environ 41 cm de long, alors que la longueur standard de l&rsquo;Aero est de 31 cm.Cette longueur vous donne un champ de vision plus large, surtout [&hellip;]<\/p>\n","protected":false},"featured_media":75413,"template":"","meta":{"_acf_changed":false},"product_featured_cat":[],"product_brand":[3142],"product_cat":[4831],"product_tag":[],"class_list":{"0":"post-75421","1":"product","2":"type-product","3":"status-publish","4":"has-post-thumbnail","6":"product_brand-milenco","7":"product_cat-retroviseurs-de-caravane","9":"first","10":"instock","11":"taxable","12":"shipping-taxable","13":"purchasable","14":"product-type-simple"},"acf":[],"yoast_head":"<!-- This site is optimized with the Yoast SEO plugin v27.4 - https:\/\/yoast.com\/product\/yoast-seo-wordpress\/ -->\n<title>R\u00e9troviseur ext\u00e9rieur Milenco R\u00e9tro. convexe Grand Aero 3 extra large, par paire - Bantam Wankm\u00fcller SA<\/title>\n<meta name=\"robots\" content=\"index, follow, max-snippet:-1, max-image-preview:large, max-video-preview:-1\" \/>\n<link rel=\"canonical\" href=\"https:\/\/shop.bantam.ch\/fr\/produit\/retroviseur-exterieur-grand-aero-4-extra-large-a-miroir-convexe\/\" \/>\n<meta property=\"og:locale\" content=\"fr_FR\" \/>\n<meta property=\"og:type\" content=\"article\" \/>\n<meta property=\"og:title\" content=\"R\u00e9troviseur ext\u00e9rieur Milenco R\u00e9tro. convexe Grand Aero 3 extra large, par paire - Bantam Wankm\u00fcller SA\" \/>\n<meta property=\"og:description\" content=\"Le bras de r\u00e9troviseur rallong\u00e9 est destin\u00e9 aux caravanes et remorques plus larges. Les r\u00e9troviseurs extra larges sont disponibles avec un miroir convexe.Le bras extra long du r\u00e9troviseur mesure environ 41 cm de long, alors que la longueur standard de l&rsquo;Aero est de 31 cm.Cette longueur vous donne un champ de vision plus large, surtout [&hellip;]\" \/>\n<meta property=\"og:url\" content=\"https:\/\/shop.bantam.ch\/fr\/produit\/retroviseur-exterieur-grand-aero-4-extra-large-a-miroir-convexe\/\" \/>\n<meta property=\"og:site_name\" content=\"Bantam Wankm\u00fcller SA\" \/>\n<meta property=\"article:modified_time\" content=\"2026-04-19T19:19:41+00:00\" \/>\n<meta property=\"og:image\" content=\"https:\/\/shop.bantam.ch\/wp-content\/uploads\/2023\/02\/992661512.jpg\" \/>\n\t<meta property=\"og:image:width\" content=\"1000\" \/>\n\t<meta property=\"og:image:height\" content=\"662\" \/>\n\t<meta property=\"og:image:type\" content=\"image\/jpeg\" \/>\n<meta name=\"twitter:card\" content=\"summary_large_image\" \/>\n<script type=\"application\/ld+json\" class=\"yoast-schema-graph\">{\"@context\":\"https:\\\/\\\/schema.org\",\"@graph\":[{\"@type\":\"WebPage\",\"@id\":\"https:\\\/\\\/shop.bantam.ch\\\/fr\\\/produit\\\/retroviseur-exterieur-grand-aero-4-extra-large-a-miroir-convexe\\\/\",\"url\":\"https:\\\/\\\/shop.bantam.ch\\\/fr\\\/produit\\\/retroviseur-exterieur-grand-aero-4-extra-large-a-miroir-convexe\\\/\",\"name\":\"R\u00e9troviseur ext\u00e9rieur Milenco R\u00e9tro. convexe Grand Aero 3 extra large, par paire - Bantam Wankm\u00fcller SA\",\"isPartOf\":{\"@id\":\"https:\\\/\\\/shop.bantam.ch\\\/fr\\\/#website\"},\"primaryImageOfPage\":{\"@id\":\"https:\\\/\\\/shop.bantam.ch\\\/fr\\\/produit\\\/retroviseur-exterieur-grand-aero-4-extra-large-a-miroir-convexe\\\/#primaryimage\"},\"image\":{\"@id\":\"https:\\\/\\\/shop.bantam.ch\\\/fr\\\/produit\\\/retroviseur-exterieur-grand-aero-4-extra-large-a-miroir-convexe\\\/#primaryimage\"},\"thumbnailUrl\":\"https:\\\/\\\/shop.bantam.ch\\\/wp-content\\\/uploads\\\/2023\\\/02\\\/992661512.jpg\",\"datePublished\":\"2023-02-27T23:17:27+00:00\",\"dateModified\":\"2026-04-19T19:19:41+00:00\",\"breadcrumb\":{\"@id\":\"https:\\\/\\\/shop.bantam.ch\\\/fr\\\/produit\\\/retroviseur-exterieur-grand-aero-4-extra-large-a-miroir-convexe\\\/#breadcrumb\"},\"inLanguage\":\"fr-FR\",\"potentialAction\":[{\"@type\":\"ReadAction\",\"target\":[\"https:\\\/\\\/shop.bantam.ch\\\/fr\\\/produit\\\/retroviseur-exterieur-grand-aero-4-extra-large-a-miroir-convexe\\\/\"]}]},{\"@type\":\"ImageObject\",\"inLanguage\":\"fr-FR\",\"@id\":\"https:\\\/\\\/shop.bantam.ch\\\/fr\\\/produit\\\/retroviseur-exterieur-grand-aero-4-extra-large-a-miroir-convexe\\\/#primaryimage\",\"url\":\"https:\\\/\\\/shop.bantam.ch\\\/wp-content\\\/uploads\\\/2023\\\/02\\\/992661512.jpg\",\"contentUrl\":\"https:\\\/\\\/shop.bantam.ch\\\/wp-content\\\/uploads\\\/2023\\\/02\\\/992661512.jpg\",\"width\":1000,\"height\":662},{\"@type\":\"BreadcrumbList\",\"@id\":\"https:\\\/\\\/shop.bantam.ch\\\/fr\\\/produit\\\/retroviseur-exterieur-grand-aero-4-extra-large-a-miroir-convexe\\\/#breadcrumb\",\"itemListElement\":[{\"@type\":\"ListItem\",\"position\":1,\"name\":\"Accueil\",\"item\":\"https:\\\/\\\/shop.bantam.ch\\\/fr\\\/\"},{\"@type\":\"ListItem\",\"position\":2,\"name\":\"Boutique\",\"item\":\"https:\\\/\\\/shop.bantam.ch\\\/fr\\\/boutique\\\/\"},{\"@type\":\"ListItem\",\"position\":3,\"name\":\"R\u00e9troviseur ext\u00e9rieur Milenco R\u00e9tro. convexe Grand Aero 3 extra large, par paire\"}]},{\"@type\":\"WebSite\",\"@id\":\"https:\\\/\\\/shop.bantam.ch\\\/fr\\\/#website\",\"url\":\"https:\\\/\\\/shop.bantam.ch\\\/fr\\\/\",\"name\":\"Bantam Wankm\u00fcller SA\",\"description\":\"\",\"publisher\":{\"@id\":\"https:\\\/\\\/shop.bantam.ch\\\/fr\\\/#organization\"},\"inLanguage\":\"fr-FR\"},{\"@type\":\"Organization\",\"@id\":\"https:\\\/\\\/shop.bantam.ch\\\/fr\\\/#organization\",\"name\":\"Bantam Wankm\u00fcller SA\",\"url\":\"https:\\\/\\\/shop.bantam.ch\\\/fr\\\/\",\"logo\":{\"@type\":\"ImageObject\",\"inLanguage\":\"fr-FR\",\"@id\":\"https:\\\/\\\/shop.bantam.ch\\\/fr\\\/#\\\/schema\\\/logo\\\/image\\\/\",\"url\":\"https:\\\/\\\/shop.bantam.ch\\\/wp-content\\\/uploads\\\/2022\\\/12\\\/bantam-logo.png\",\"contentUrl\":\"https:\\\/\\\/shop.bantam.ch\\\/wp-content\\\/uploads\\\/2022\\\/12\\\/bantam-logo.png\",\"width\":320,\"height\":71,\"caption\":\"Bantam Wankm\u00fcller SA\"},\"image\":{\"@id\":\"https:\\\/\\\/shop.bantam.ch\\\/fr\\\/#\\\/schema\\\/logo\\\/image\\\/\"}}]}<\/script>\n<!-- \/ Yoast SEO plugin. -->","yoast_head_json":{"title":"R\u00e9troviseur ext\u00e9rieur Milenco R\u00e9tro. convexe Grand Aero 3 extra large, par paire - Bantam Wankm\u00fcller SA","robots":{"index":"index","follow":"follow","max-snippet":"max-snippet:-1","max-image-preview":"max-image-preview:large","max-video-preview":"max-video-preview:-1"},"canonical":"https:\/\/shop.bantam.ch\/fr\/produit\/retroviseur-exterieur-grand-aero-4-extra-large-a-miroir-convexe\/","og_locale":"fr_FR","og_type":"article","og_title":"R\u00e9troviseur ext\u00e9rieur Milenco R\u00e9tro. convexe Grand Aero 3 extra large, par paire - Bantam Wankm\u00fcller SA","og_description":"Le bras de r\u00e9troviseur rallong\u00e9 est destin\u00e9 aux caravanes et remorques plus larges. Les r\u00e9troviseurs extra larges sont disponibles avec un miroir convexe.Le bras extra long du r\u00e9troviseur mesure environ 41 cm de long, alors que la longueur standard de l&rsquo;Aero est de 31 cm.Cette longueur vous donne un champ de vision plus large, surtout [&hellip;]","og_url":"https:\/\/shop.bantam.ch\/fr\/produit\/retroviseur-exterieur-grand-aero-4-extra-large-a-miroir-convexe\/","og_site_name":"Bantam Wankm\u00fcller SA","article_modified_time":"2026-04-19T19:19:41+00:00","og_image":[{"width":1000,"height":662,"url":"https:\/\/shop.bantam.ch\/wp-content\/uploads\/2023\/02\/992661512.jpg","type":"image\/jpeg"}],"twitter_card":"summary_large_image","schema":{"@context":"https:\/\/schema.org","@graph":[{"@type":"WebPage","@id":"https:\/\/shop.bantam.ch\/fr\/produit\/retroviseur-exterieur-grand-aero-4-extra-large-a-miroir-convexe\/","url":"https:\/\/shop.bantam.ch\/fr\/produit\/retroviseur-exterieur-grand-aero-4-extra-large-a-miroir-convexe\/","name":"R\u00e9troviseur ext\u00e9rieur Milenco R\u00e9tro. convexe Grand Aero 3 extra large, par paire - Bantam Wankm\u00fcller SA","isPartOf":{"@id":"https:\/\/shop.bantam.ch\/fr\/#website"},"primaryImageOfPage":{"@id":"https:\/\/shop.bantam.ch\/fr\/produit\/retroviseur-exterieur-grand-aero-4-extra-large-a-miroir-convexe\/#primaryimage"},"image":{"@id":"https:\/\/shop.bantam.ch\/fr\/produit\/retroviseur-exterieur-grand-aero-4-extra-large-a-miroir-convexe\/#primaryimage"},"thumbnailUrl":"https:\/\/shop.bantam.ch\/wp-content\/uploads\/2023\/02\/992661512.jpg","datePublished":"2023-02-27T23:17:27+00:00","dateModified":"2026-04-19T19:19:41+00:00","breadcrumb":{"@id":"https:\/\/shop.bantam.ch\/fr\/produit\/retroviseur-exterieur-grand-aero-4-extra-large-a-miroir-convexe\/#breadcrumb"},"inLanguage":"fr-FR","potentialAction":[{"@type":"ReadAction","target":["https:\/\/shop.bantam.ch\/fr\/produit\/retroviseur-exterieur-grand-aero-4-extra-large-a-miroir-convexe\/"]}]},{"@type":"ImageObject","inLanguage":"fr-FR","@id":"https:\/\/shop.bantam.ch\/fr\/produit\/retroviseur-exterieur-grand-aero-4-extra-large-a-miroir-convexe\/#primaryimage","url":"https:\/\/shop.bantam.ch\/wp-content\/uploads\/2023\/02\/992661512.jpg","contentUrl":"https:\/\/shop.bantam.ch\/wp-content\/uploads\/2023\/02\/992661512.jpg","width":1000,"height":662},{"@type":"BreadcrumbList","@id":"https:\/\/shop.bantam.ch\/fr\/produit\/retroviseur-exterieur-grand-aero-4-extra-large-a-miroir-convexe\/#breadcrumb","itemListElement":[{"@type":"ListItem","position":1,"name":"Accueil","item":"https:\/\/shop.bantam.ch\/fr\/"},{"@type":"ListItem","position":2,"name":"Boutique","item":"https:\/\/shop.bantam.ch\/fr\/boutique\/"},{"@type":"ListItem","position":3,"name":"R\u00e9troviseur ext\u00e9rieur Milenco R\u00e9tro. convexe Grand Aero 3 extra large, par paire"}]},{"@type":"WebSite","@id":"https:\/\/shop.bantam.ch\/fr\/#website","url":"https:\/\/shop.bantam.ch\/fr\/","name":"Bantam Wankm\u00fcller SA","description":"","publisher":{"@id":"https:\/\/shop.bantam.ch\/fr\/#organization"},"inLanguage":"fr-FR"},{"@type":"Organization","@id":"https:\/\/shop.bantam.ch\/fr\/#organization","name":"Bantam Wankm\u00fcller SA","url":"https:\/\/shop.bantam.ch\/fr\/","logo":{"@type":"ImageObject","inLanguage":"fr-FR","@id":"https:\/\/shop.bantam.ch\/fr\/#\/schema\/logo\/image\/","url":"https:\/\/shop.bantam.ch\/wp-content\/uploads\/2022\/12\/bantam-logo.png","contentUrl":"https:\/\/shop.bantam.ch\/wp-content\/uploads\/2022\/12\/bantam-logo.png","width":320,"height":71,"caption":"Bantam Wankm\u00fcller SA"},"image":{"@id":"https:\/\/shop.bantam.ch\/fr\/#\/schema\/logo\/image\/"}}]}},"_links":{"self":[{"href":"https:\/\/shop.bantam.ch\/fr\/wp-json\/wp\/v2\/product\/75421","targetHints":{"allow":["GET"]}}],"collection":[{"href":"https:\/\/shop.bantam.ch\/fr\/wp-json\/wp\/v2\/product"}],"about":[{"href":"https:\/\/shop.bantam.ch\/fr\/wp-json\/wp\/v2\/types\/product"}],"wp:featuredmedia":[{"embeddable":true,"href":"https:\/\/shop.bantam.ch\/fr\/wp-json\/wp\/v2\/media\/75413"}],"wp:attachment":[{"href":"https:\/\/shop.bantam.ch\/fr\/wp-json\/wp\/v2\/media?parent=75421"}],"wp:term":[{"taxonomy":"product_featured_cat","embeddable":true,"href":"https:\/\/shop.bantam.ch\/fr\/wp-json\/wp\/v2\/product_featured_cat?post=75421"},{"taxonomy":"product_brand","embeddable":true,"href":"https:\/\/shop.bantam.ch\/fr\/wp-json\/wp\/v2\/product_brand?post=75421"},{"taxonomy":"product_cat","embeddable":true,"href":"https:\/\/shop.bantam.ch\/fr\/wp-json\/wp\/v2\/product_cat?post=75421"},{"taxonomy":"product_tag","embeddable":true,"href":"https:\/\/shop.bantam.ch\/fr\/wp-json\/wp\/v2\/product_tag?post=75421"}],"curies":[{"name":"wp","href":"https:\/\/api.w.org\/{rel}","templated":true}]}}