{"id":75299,"date":"2023-02-28T00:14:52","date_gmt":"2023-02-27T23:14:52","guid":{"rendered":"http:\/\/shop.bantam.ch\/produit\/tente-de-toit-airpass-variant\/"},"modified":"2026-04-17T22:18:39","modified_gmt":"2026-04-17T20:18:39","slug":"tente-de-toit-airpass-variant","status":"publish","type":"product","link":"https:\/\/shop.bantam.ch\/fr\/produit\/tente-de-toit-airpass-variant\/","title":{"rendered":"Tente de toit AirPass Variant"},"content":{"rendered":"<p>Nouvelle Airpass Variant &#8211; La tente de toit avec vue panoramique de s\u00e9rie<\/p>\n<p>Le concept de cale et l\u2019application de deux ressorts \u00e0 gaz permettent de monter le mod\u00e8le AirPass<br \/>\nen un temps record.  Une fois ouvert, il offre une vue panoramique unique par la grande ouverture \u00e0 l\u2019arri\u00e8re.<\/p>\n<p>Les caract\u00e9ristiques techniques sont \u00e9galement bien visibles.  Lorsque sa coque est referm\u00e9e, sa hauteur est de seulement 25 cm. Cette gamme de tentes Made in Italy est r\u00e9alis\u00e9e en GFK, un mat\u00e9riau tr\u00e8s isolant thermiquement et facile \u00e0 r\u00e9parer. La finition haut de gamme et le design l\u00e9ger et \u00e9l\u00e9gant de la tente sont adapt\u00e9s pour les petits v\u00e9hicules ainsi que pour les mod\u00e8les SUV, les v\u00e9hicules de livraison et tout-terrain.<\/p>\n<p>\u00c0 l\u2019int\u00e9rieur, il dispose d\u2019un espace suffisant pour y installer des coussins et un sac de couchage sur le matelas en mousse.  Deux entr\u00e9es lat\u00e9rales avec des moustiquaires enroulables \u00e0 l\u2019int\u00e9rieur. L\u2019entr\u00e9e arri\u00e8re peut \u00eatre utilis\u00e9e \u00e0 volont\u00e9: enti\u00e8rement ouverte, ferm\u00e9e en haut ou en bas.  Selon vos envies, votre humeur et le temps bien s\u00fbr.<\/p>\n<p>Les entr\u00e9es se transforment en grandes fen\u00eatres ou en ouvertures d\u2019a\u00e9ration avec des fermetures \u00e0<br \/>\nglissi\u00e8re.  La toile respirante et l\u2019habillage de plafond anti-condensation favorisent une excellente atmosph\u00e8re \u00e0 l\u2019int\u00e9rieur.<\/p>\n<p>Pour des vacances relaxantes en famille, un week-end spontan\u00e9 ou une exp\u00e9dition, le mod\u00e8le AirPass vous accompagne partout.<\/p>\n<p><strong>M\u00e9canisme d\u2019ouverture automatique <\/strong><br \/>L\u2019ouverture de la coque s\u2019effectue automatiquement avec 2 ressorts \u00e0 gaz dont la position et les dimensions sont parfaitement adapt\u00e9es \u00e0 la tente de toit.   Ils sont adapt\u00e9s pour les temp\u00e9ratures ambiantes les plus vari\u00e9es et extr\u00eames envisageables pendant les voyages. Il suffit d\u2019ouvrir les deux fermetures et la tente se d\u00e9plie imm\u00e9diatement.<\/p>\n<p><strong>Coques de toit<\/strong><br \/>R\u00e9alis\u00e9es enti\u00e8rement \u00e0 la main, en fibre de verre (GFK). En comparaison avec les mati\u00e8res plastiques traditionnelles, le GFK est un mat\u00e9riau tr\u00e8s isolant thermiquement, r\u00e9sistant aux intemp\u00e9ries et facile \u00e0 r\u00e9parer. Les coques de toit sont \u00e9galement thermo-r\u00e9fl\u00e9chissantes, durables et ind\u00e9formables. <\/p>\n<p><strong>X-LONG<\/strong><br \/>En cas de multiples demandes, nous pouvons fournir une version plus longue des mod\u00e8les AirPass Small et Medium : Longueur = 230 cm au lieu de 210 cm.  Les adultes plus grands ont ainsi suffisamment de place sur le toit de la voiture.<\/p>\n<p><strong>Tissu<\/strong><br \/>La toile de tente est en 100\u00a0% Airtex. un excellent tissu fabriqu\u00e9 en Allemagne. Le mat\u00e9riau s\u00e9duit par une grande imperm\u00e9abilit\u00e9 (colonne d\u2019eau 440\u00a0mm) et une perm\u00e9abilit\u00e9 \u00e0 la vapeur d\u2019eau de 24\u00a0g\/m\u00b2 en 24\u00a0heures. Il est en outre extr\u00eamement solide, l\u00e9ger, compact et ne forme aucun pli.<\/p>\n<p><strong>\u00c9quipement standard<\/strong><br \/>4 fixations pour fixation au porte-bagages de toit, 3 entr\u00e9es avec moustiquaires, bandes \u00e9lastiques en caoutchouc pour faciliter le pliage du mod\u00e8le, \u00e9clairage d\u2019int\u00e9rieur \u00e0 LED Osram \u00e0 batterie install\u00e9 au plafond, deux \u00e0 quatre coussins selon le mod\u00e8le, \u00e9chelle en aluminium \u00e0 hauteur r\u00e9glable (longueur 130- 230 cm) avec sac \u00e0 \u00e9chelle, Air Cap en forme de capuche pour une a\u00e9ration encore meilleure.<\/p>\n<p>Mat\u00e9riau :<br \/>Coffre de toit : GFK<br \/>Toile de tente : 100 % polyester avec rev\u00eatement acrylique<\/p>\n","protected":false},"excerpt":{"rendered":"<p>Nouvelle Airpass Variant &#8211; La tente de toit avec vue panoramique de s\u00e9rie Le concept de cale et l\u2019application de deux ressorts \u00e0 gaz permettent de monter le mod\u00e8le AirPass en un temps record. Une fois ouvert, il offre une vue panoramique unique par la grande ouverture \u00e0 l\u2019arri\u00e8re. Les caract\u00e9ristiques techniques sont \u00e9galement bien [&hellip;]<\/p>\n","protected":false},"featured_media":75189,"template":"","meta":{"_acf_changed":false},"product_featured_cat":[],"product_brand":[3404],"product_cat":[4243],"product_tag":[],"class_list":{"0":"post-75299","1":"product","2":"type-product","3":"status-publish","4":"has-post-thumbnail","6":"product_brand-airpass-by-autohome","7":"product_cat-tentes-de-toit","9":"first","10":"instock","11":"taxable","12":"shipping-taxable","13":"purchasable","14":"product-type-variable"},"acf":[],"yoast_head":"<!-- This site is optimized with the Yoast SEO plugin v27.4 - https:\/\/yoast.com\/product\/yoast-seo-wordpress\/ -->\n<title>Tente de toit AirPass Variant - Bantam Wankm\u00fcller SA<\/title>\n<meta name=\"robots\" content=\"index, follow, max-snippet:-1, max-image-preview:large, max-video-preview:-1\" \/>\n<link rel=\"canonical\" href=\"https:\/\/shop.bantam.ch\/fr\/produit\/tente-de-toit-airpass-variant\/\" \/>\n<meta property=\"og:locale\" content=\"fr_FR\" \/>\n<meta property=\"og:type\" content=\"article\" \/>\n<meta property=\"og:title\" content=\"Tente de toit AirPass Variant - Bantam Wankm\u00fcller SA\" \/>\n<meta property=\"og:description\" content=\"Nouvelle Airpass Variant &#8211; La tente de toit avec vue panoramique de s\u00e9rie Le concept de cale et l\u2019application de deux ressorts \u00e0 gaz permettent de monter le mod\u00e8le AirPass en un temps record. Une fois ouvert, il offre une vue panoramique unique par la grande ouverture \u00e0 l\u2019arri\u00e8re. Les caract\u00e9ristiques techniques sont \u00e9galement bien [&hellip;]\" \/>\n<meta property=\"og:url\" content=\"https:\/\/shop.bantam.ch\/fr\/produit\/tente-de-toit-airpass-variant\/\" \/>\n<meta property=\"og:site_name\" content=\"Bantam Wankm\u00fcller SA\" \/>\n<meta property=\"article:modified_time\" content=\"2026-04-17T20:18:39+00:00\" \/>\n<meta property=\"og:image\" content=\"https:\/\/shop.bantam.ch\/wp-content\/uploads\/2023\/02\/995389315.png\" \/>\n\t<meta property=\"og:image:width\" content=\"1417\" \/>\n\t<meta property=\"og:image:height\" content=\"945\" \/>\n\t<meta property=\"og:image:type\" content=\"image\/png\" \/>\n<meta name=\"twitter:card\" content=\"summary_large_image\" \/>\n<meta name=\"twitter:label1\" content=\"Dur\u00e9e de lecture estim\u00e9e\" \/>\n\t<meta name=\"twitter:data1\" content=\"3 minutes\" \/>\n<script type=\"application\/ld+json\" class=\"yoast-schema-graph\">{\"@context\":\"https:\\\/\\\/schema.org\",\"@graph\":[{\"@type\":\"WebPage\",\"@id\":\"https:\\\/\\\/shop.bantam.ch\\\/fr\\\/produit\\\/tente-de-toit-airpass-variant\\\/\",\"url\":\"https:\\\/\\\/shop.bantam.ch\\\/fr\\\/produit\\\/tente-de-toit-airpass-variant\\\/\",\"name\":\"Tente de toit AirPass Variant - Bantam Wankm\u00fcller SA\",\"isPartOf\":{\"@id\":\"https:\\\/\\\/shop.bantam.ch\\\/fr\\\/#website\"},\"primaryImageOfPage\":{\"@id\":\"https:\\\/\\\/shop.bantam.ch\\\/fr\\\/produit\\\/tente-de-toit-airpass-variant\\\/#primaryimage\"},\"image\":{\"@id\":\"https:\\\/\\\/shop.bantam.ch\\\/fr\\\/produit\\\/tente-de-toit-airpass-variant\\\/#primaryimage\"},\"thumbnailUrl\":\"https:\\\/\\\/shop.bantam.ch\\\/wp-content\\\/uploads\\\/2023\\\/02\\\/995389315.png\",\"datePublished\":\"2023-02-27T23:14:52+00:00\",\"dateModified\":\"2026-04-17T20:18:39+00:00\",\"breadcrumb\":{\"@id\":\"https:\\\/\\\/shop.bantam.ch\\\/fr\\\/produit\\\/tente-de-toit-airpass-variant\\\/#breadcrumb\"},\"inLanguage\":\"fr-FR\",\"potentialAction\":[{\"@type\":\"ReadAction\",\"target\":[\"https:\\\/\\\/shop.bantam.ch\\\/fr\\\/produit\\\/tente-de-toit-airpass-variant\\\/\"]}]},{\"@type\":\"ImageObject\",\"inLanguage\":\"fr-FR\",\"@id\":\"https:\\\/\\\/shop.bantam.ch\\\/fr\\\/produit\\\/tente-de-toit-airpass-variant\\\/#primaryimage\",\"url\":\"https:\\\/\\\/shop.bantam.ch\\\/wp-content\\\/uploads\\\/2023\\\/02\\\/995389315.png\",\"contentUrl\":\"https:\\\/\\\/shop.bantam.ch\\\/wp-content\\\/uploads\\\/2023\\\/02\\\/995389315.png\",\"width\":1417,\"height\":945},{\"@type\":\"BreadcrumbList\",\"@id\":\"https:\\\/\\\/shop.bantam.ch\\\/fr\\\/produit\\\/tente-de-toit-airpass-variant\\\/#breadcrumb\",\"itemListElement\":[{\"@type\":\"ListItem\",\"position\":1,\"name\":\"Accueil\",\"item\":\"https:\\\/\\\/shop.bantam.ch\\\/fr\\\/\"},{\"@type\":\"ListItem\",\"position\":2,\"name\":\"Boutique\",\"item\":\"https:\\\/\\\/shop.bantam.ch\\\/fr\\\/boutique\\\/\"},{\"@type\":\"ListItem\",\"position\":3,\"name\":\"Tente de toit AirPass Variant\"}]},{\"@type\":\"WebSite\",\"@id\":\"https:\\\/\\\/shop.bantam.ch\\\/fr\\\/#website\",\"url\":\"https:\\\/\\\/shop.bantam.ch\\\/fr\\\/\",\"name\":\"Bantam Wankm\u00fcller SA\",\"description\":\"\",\"publisher\":{\"@id\":\"https:\\\/\\\/shop.bantam.ch\\\/fr\\\/#organization\"},\"inLanguage\":\"fr-FR\"},{\"@type\":\"Organization\",\"@id\":\"https:\\\/\\\/shop.bantam.ch\\\/fr\\\/#organization\",\"name\":\"Bantam Wankm\u00fcller SA\",\"url\":\"https:\\\/\\\/shop.bantam.ch\\\/fr\\\/\",\"logo\":{\"@type\":\"ImageObject\",\"inLanguage\":\"fr-FR\",\"@id\":\"https:\\\/\\\/shop.bantam.ch\\\/fr\\\/#\\\/schema\\\/logo\\\/image\\\/\",\"url\":\"https:\\\/\\\/shop.bantam.ch\\\/wp-content\\\/uploads\\\/2022\\\/12\\\/bantam-logo.png\",\"contentUrl\":\"https:\\\/\\\/shop.bantam.ch\\\/wp-content\\\/uploads\\\/2022\\\/12\\\/bantam-logo.png\",\"width\":320,\"height\":71,\"caption\":\"Bantam Wankm\u00fcller SA\"},\"image\":{\"@id\":\"https:\\\/\\\/shop.bantam.ch\\\/fr\\\/#\\\/schema\\\/logo\\\/image\\\/\"}}]}<\/script>\n<!-- \/ Yoast SEO plugin. -->","yoast_head_json":{"title":"Tente de toit AirPass Variant - Bantam Wankm\u00fcller SA","robots":{"index":"index","follow":"follow","max-snippet":"max-snippet:-1","max-image-preview":"max-image-preview:large","max-video-preview":"max-video-preview:-1"},"canonical":"https:\/\/shop.bantam.ch\/fr\/produit\/tente-de-toit-airpass-variant\/","og_locale":"fr_FR","og_type":"article","og_title":"Tente de toit AirPass Variant - Bantam Wankm\u00fcller SA","og_description":"Nouvelle Airpass Variant &#8211; La tente de toit avec vue panoramique de s\u00e9rie Le concept de cale et l\u2019application de deux ressorts \u00e0 gaz permettent de monter le mod\u00e8le AirPass en un temps record. Une fois ouvert, il offre une vue panoramique unique par la grande ouverture \u00e0 l\u2019arri\u00e8re. Les caract\u00e9ristiques techniques sont \u00e9galement bien [&hellip;]","og_url":"https:\/\/shop.bantam.ch\/fr\/produit\/tente-de-toit-airpass-variant\/","og_site_name":"Bantam Wankm\u00fcller SA","article_modified_time":"2026-04-17T20:18:39+00:00","og_image":[{"width":1417,"height":945,"url":"https:\/\/shop.bantam.ch\/wp-content\/uploads\/2023\/02\/995389315.png","type":"image\/png"}],"twitter_card":"summary_large_image","twitter_misc":{"Dur\u00e9e de lecture estim\u00e9e":"3 minutes"},"schema":{"@context":"https:\/\/schema.org","@graph":[{"@type":"WebPage","@id":"https:\/\/shop.bantam.ch\/fr\/produit\/tente-de-toit-airpass-variant\/","url":"https:\/\/shop.bantam.ch\/fr\/produit\/tente-de-toit-airpass-variant\/","name":"Tente de toit AirPass Variant - Bantam Wankm\u00fcller SA","isPartOf":{"@id":"https:\/\/shop.bantam.ch\/fr\/#website"},"primaryImageOfPage":{"@id":"https:\/\/shop.bantam.ch\/fr\/produit\/tente-de-toit-airpass-variant\/#primaryimage"},"image":{"@id":"https:\/\/shop.bantam.ch\/fr\/produit\/tente-de-toit-airpass-variant\/#primaryimage"},"thumbnailUrl":"https:\/\/shop.bantam.ch\/wp-content\/uploads\/2023\/02\/995389315.png","datePublished":"2023-02-27T23:14:52+00:00","dateModified":"2026-04-17T20:18:39+00:00","breadcrumb":{"@id":"https:\/\/shop.bantam.ch\/fr\/produit\/tente-de-toit-airpass-variant\/#breadcrumb"},"inLanguage":"fr-FR","potentialAction":[{"@type":"ReadAction","target":["https:\/\/shop.bantam.ch\/fr\/produit\/tente-de-toit-airpass-variant\/"]}]},{"@type":"ImageObject","inLanguage":"fr-FR","@id":"https:\/\/shop.bantam.ch\/fr\/produit\/tente-de-toit-airpass-variant\/#primaryimage","url":"https:\/\/shop.bantam.ch\/wp-content\/uploads\/2023\/02\/995389315.png","contentUrl":"https:\/\/shop.bantam.ch\/wp-content\/uploads\/2023\/02\/995389315.png","width":1417,"height":945},{"@type":"BreadcrumbList","@id":"https:\/\/shop.bantam.ch\/fr\/produit\/tente-de-toit-airpass-variant\/#breadcrumb","itemListElement":[{"@type":"ListItem","position":1,"name":"Accueil","item":"https:\/\/shop.bantam.ch\/fr\/"},{"@type":"ListItem","position":2,"name":"Boutique","item":"https:\/\/shop.bantam.ch\/fr\/boutique\/"},{"@type":"ListItem","position":3,"name":"Tente de toit AirPass Variant"}]},{"@type":"WebSite","@id":"https:\/\/shop.bantam.ch\/fr\/#website","url":"https:\/\/shop.bantam.ch\/fr\/","name":"Bantam Wankm\u00fcller SA","description":"","publisher":{"@id":"https:\/\/shop.bantam.ch\/fr\/#organization"},"inLanguage":"fr-FR"},{"@type":"Organization","@id":"https:\/\/shop.bantam.ch\/fr\/#organization","name":"Bantam Wankm\u00fcller SA","url":"https:\/\/shop.bantam.ch\/fr\/","logo":{"@type":"ImageObject","inLanguage":"fr-FR","@id":"https:\/\/shop.bantam.ch\/fr\/#\/schema\/logo\/image\/","url":"https:\/\/shop.bantam.ch\/wp-content\/uploads\/2022\/12\/bantam-logo.png","contentUrl":"https:\/\/shop.bantam.ch\/wp-content\/uploads\/2022\/12\/bantam-logo.png","width":320,"height":71,"caption":"Bantam Wankm\u00fcller SA"},"image":{"@id":"https:\/\/shop.bantam.ch\/fr\/#\/schema\/logo\/image\/"}}]}},"_links":{"self":[{"href":"https:\/\/shop.bantam.ch\/fr\/wp-json\/wp\/v2\/product\/75299","targetHints":{"allow":["GET"]}}],"collection":[{"href":"https:\/\/shop.bantam.ch\/fr\/wp-json\/wp\/v2\/product"}],"about":[{"href":"https:\/\/shop.bantam.ch\/fr\/wp-json\/wp\/v2\/types\/product"}],"wp:featuredmedia":[{"embeddable":true,"href":"https:\/\/shop.bantam.ch\/fr\/wp-json\/wp\/v2\/media\/75189"}],"wp:attachment":[{"href":"https:\/\/shop.bantam.ch\/fr\/wp-json\/wp\/v2\/media?parent=75299"}],"wp:term":[{"taxonomy":"product_featured_cat","embeddable":true,"href":"https:\/\/shop.bantam.ch\/fr\/wp-json\/wp\/v2\/product_featured_cat?post=75299"},{"taxonomy":"product_brand","embeddable":true,"href":"https:\/\/shop.bantam.ch\/fr\/wp-json\/wp\/v2\/product_brand?post=75299"},{"taxonomy":"product_cat","embeddable":true,"href":"https:\/\/shop.bantam.ch\/fr\/wp-json\/wp\/v2\/product_cat?post=75299"},{"taxonomy":"product_tag","embeddable":true,"href":"https:\/\/shop.bantam.ch\/fr\/wp-json\/wp\/v2\/product_tag?post=75299"}],"curies":[{"name":"wp","href":"https:\/\/api.w.org\/{rel}","templated":true}]}}