{"id":75179,"date":"2023-02-28T00:14:18","date_gmt":"2023-02-27T23:14:18","guid":{"rendered":"http:\/\/shop.bantam.ch\/produit\/rails-de-montage-pour-porte-velos-veloslide-veloslide-short-3-pieces\/"},"modified":"2026-04-20T22:19:53","modified_gmt":"2026-04-20T20:19:53","slug":"rails-de-montage-pour-porte-velos-veloslide-veloslide-short-3-pieces","status":"publish","type":"product","link":"https:\/\/shop.bantam.ch\/fr\/produit\/rails-de-montage-pour-porte-velos-veloslide-veloslide-short-3-pieces\/","title":{"rendered":"Rails de montage pour porte-v\u00e9los VeloSlide\/VeloSlide Short, 3 pi\u00e8ces"},"content":{"rendered":"<p>Le VeloSlide\/VeloSlide Short de Thule se monte \u00e0 l\u2019aide de l\u2019un des deux kits de montage. Le kit de montage sur rail de 140 cm de largeur permet de positionner un VeloSlide\/VelosSlide Short de Thule sur toute la largeur de la soute ou aussi de monter deux VeloSlide\/VelosSlide Short de Thule dans une soute. Les rails peuvent \u00eatre raccourcis ou utilis\u00e9s \u00e0 d\u2019autres fins.  Les rails peuvent \u00eatre coll\u00e9s et \/ ou viss\u00e9s sur le sol.<\/p>\n<p>Contenu\u00a0:<br \/>3 pi\u00e8ces<\/p>\n","protected":false},"excerpt":{"rendered":"<p>Le VeloSlide\/VeloSlide Short de Thule se monte \u00e0 l\u2019aide de l\u2019un des deux kits de montage. Le kit de montage sur rail de 140 cm de largeur permet de positionner un VeloSlide\/VelosSlide Short de Thule sur toute la largeur de la soute ou aussi de monter deux VeloSlide\/VelosSlide Short de Thule dans une soute. Les [&hellip;]<\/p>\n","protected":false},"featured_media":75175,"template":"","meta":{"_acf_changed":false},"product_featured_cat":[],"product_brand":[3046],"product_cat":[4697],"product_tag":[],"class_list":{"0":"post-75179","1":"product","2":"type-product","3":"status-publish","4":"has-post-thumbnail","6":"product_brand-thule","7":"product_cat-accessoires-pour-porte-velos","9":"first","10":"instock","11":"taxable","12":"shipping-taxable","13":"purchasable","14":"product-type-variable"},"acf":[],"yoast_head":"<!-- This site is optimized with the Yoast SEO plugin v27.4 - https:\/\/yoast.com\/product\/yoast-seo-wordpress\/ -->\n<title>Rails de montage pour porte-v\u00e9los VeloSlide\/VeloSlide Short, 3 pi\u00e8ces - Bantam Wankm\u00fcller SA<\/title>\n<meta name=\"robots\" content=\"index, follow, max-snippet:-1, max-image-preview:large, max-video-preview:-1\" \/>\n<link rel=\"canonical\" href=\"https:\/\/shop.bantam.ch\/fr\/produit\/rails-de-montage-pour-porte-velos-veloslide-veloslide-short-3-pieces\/\" \/>\n<meta property=\"og:locale\" content=\"fr_FR\" \/>\n<meta property=\"og:type\" content=\"article\" \/>\n<meta property=\"og:title\" content=\"Rails de montage pour porte-v\u00e9los VeloSlide\/VeloSlide Short, 3 pi\u00e8ces - Bantam Wankm\u00fcller SA\" \/>\n<meta property=\"og:description\" content=\"Le VeloSlide\/VeloSlide Short de Thule se monte \u00e0 l\u2019aide de l\u2019un des deux kits de montage. Le kit de montage sur rail de 140 cm de largeur permet de positionner un VeloSlide\/VelosSlide Short de Thule sur toute la largeur de la soute ou aussi de monter deux VeloSlide\/VelosSlide Short de Thule dans une soute. Les [&hellip;]\" \/>\n<meta property=\"og:url\" content=\"https:\/\/shop.bantam.ch\/fr\/produit\/rails-de-montage-pour-porte-velos-veloslide-veloslide-short-3-pieces\/\" \/>\n<meta property=\"og:site_name\" content=\"Bantam Wankm\u00fcller SA\" \/>\n<meta property=\"article:modified_time\" content=\"2026-04-20T20:19:53+00:00\" \/>\n<meta property=\"og:image\" content=\"https:\/\/shop.bantam.ch\/wp-content\/uploads\/2023\/02\/9953876-100-1-3-scaled.jpg\" \/>\n\t<meta property=\"og:image:width\" content=\"1024\" \/>\n\t<meta property=\"og:image:height\" content=\"767\" \/>\n\t<meta property=\"og:image:type\" content=\"image\/jpeg\" \/>\n<meta name=\"twitter:card\" content=\"summary_large_image\" \/>\n<script type=\"application\/ld+json\" class=\"yoast-schema-graph\">{\"@context\":\"https:\\\/\\\/schema.org\",\"@graph\":[{\"@type\":\"WebPage\",\"@id\":\"https:\\\/\\\/shop.bantam.ch\\\/fr\\\/produit\\\/rails-de-montage-pour-porte-velos-veloslide-veloslide-short-3-pieces\\\/\",\"url\":\"https:\\\/\\\/shop.bantam.ch\\\/fr\\\/produit\\\/rails-de-montage-pour-porte-velos-veloslide-veloslide-short-3-pieces\\\/\",\"name\":\"Rails de montage pour porte-v\u00e9los VeloSlide\\\/VeloSlide Short, 3 pi\u00e8ces - Bantam Wankm\u00fcller SA\",\"isPartOf\":{\"@id\":\"https:\\\/\\\/shop.bantam.ch\\\/fr\\\/#website\"},\"primaryImageOfPage\":{\"@id\":\"https:\\\/\\\/shop.bantam.ch\\\/fr\\\/produit\\\/rails-de-montage-pour-porte-velos-veloslide-veloslide-short-3-pieces\\\/#primaryimage\"},\"image\":{\"@id\":\"https:\\\/\\\/shop.bantam.ch\\\/fr\\\/produit\\\/rails-de-montage-pour-porte-velos-veloslide-veloslide-short-3-pieces\\\/#primaryimage\"},\"thumbnailUrl\":\"https:\\\/\\\/shop.bantam.ch\\\/wp-content\\\/uploads\\\/2023\\\/02\\\/9953876-100-1-3-scaled.jpg\",\"datePublished\":\"2023-02-27T23:14:18+00:00\",\"dateModified\":\"2026-04-20T20:19:53+00:00\",\"breadcrumb\":{\"@id\":\"https:\\\/\\\/shop.bantam.ch\\\/fr\\\/produit\\\/rails-de-montage-pour-porte-velos-veloslide-veloslide-short-3-pieces\\\/#breadcrumb\"},\"inLanguage\":\"fr-FR\",\"potentialAction\":[{\"@type\":\"ReadAction\",\"target\":[\"https:\\\/\\\/shop.bantam.ch\\\/fr\\\/produit\\\/rails-de-montage-pour-porte-velos-veloslide-veloslide-short-3-pieces\\\/\"]}]},{\"@type\":\"ImageObject\",\"inLanguage\":\"fr-FR\",\"@id\":\"https:\\\/\\\/shop.bantam.ch\\\/fr\\\/produit\\\/rails-de-montage-pour-porte-velos-veloslide-veloslide-short-3-pieces\\\/#primaryimage\",\"url\":\"https:\\\/\\\/shop.bantam.ch\\\/wp-content\\\/uploads\\\/2023\\\/02\\\/9953876-100-1-3-scaled.jpg\",\"contentUrl\":\"https:\\\/\\\/shop.bantam.ch\\\/wp-content\\\/uploads\\\/2023\\\/02\\\/9953876-100-1-3-scaled.jpg\",\"width\":2048,\"height\":1534},{\"@type\":\"BreadcrumbList\",\"@id\":\"https:\\\/\\\/shop.bantam.ch\\\/fr\\\/produit\\\/rails-de-montage-pour-porte-velos-veloslide-veloslide-short-3-pieces\\\/#breadcrumb\",\"itemListElement\":[{\"@type\":\"ListItem\",\"position\":1,\"name\":\"Accueil\",\"item\":\"https:\\\/\\\/shop.bantam.ch\\\/fr\\\/\"},{\"@type\":\"ListItem\",\"position\":2,\"name\":\"Boutique\",\"item\":\"https:\\\/\\\/shop.bantam.ch\\\/fr\\\/boutique\\\/\"},{\"@type\":\"ListItem\",\"position\":3,\"name\":\"Rails de montage pour porte-v\u00e9los VeloSlide\\\/VeloSlide Short, 3 pi\u00e8ces\"}]},{\"@type\":\"WebSite\",\"@id\":\"https:\\\/\\\/shop.bantam.ch\\\/fr\\\/#website\",\"url\":\"https:\\\/\\\/shop.bantam.ch\\\/fr\\\/\",\"name\":\"Bantam Wankm\u00fcller SA\",\"description\":\"\",\"publisher\":{\"@id\":\"https:\\\/\\\/shop.bantam.ch\\\/fr\\\/#organization\"},\"inLanguage\":\"fr-FR\"},{\"@type\":\"Organization\",\"@id\":\"https:\\\/\\\/shop.bantam.ch\\\/fr\\\/#organization\",\"name\":\"Bantam Wankm\u00fcller SA\",\"url\":\"https:\\\/\\\/shop.bantam.ch\\\/fr\\\/\",\"logo\":{\"@type\":\"ImageObject\",\"inLanguage\":\"fr-FR\",\"@id\":\"https:\\\/\\\/shop.bantam.ch\\\/fr\\\/#\\\/schema\\\/logo\\\/image\\\/\",\"url\":\"https:\\\/\\\/shop.bantam.ch\\\/wp-content\\\/uploads\\\/2022\\\/12\\\/bantam-logo.png\",\"contentUrl\":\"https:\\\/\\\/shop.bantam.ch\\\/wp-content\\\/uploads\\\/2022\\\/12\\\/bantam-logo.png\",\"width\":320,\"height\":71,\"caption\":\"Bantam Wankm\u00fcller SA\"},\"image\":{\"@id\":\"https:\\\/\\\/shop.bantam.ch\\\/fr\\\/#\\\/schema\\\/logo\\\/image\\\/\"}}]}<\/script>\n<!-- \/ Yoast SEO plugin. -->","yoast_head_json":{"title":"Rails de montage pour porte-v\u00e9los VeloSlide\/VeloSlide Short, 3 pi\u00e8ces - Bantam Wankm\u00fcller SA","robots":{"index":"index","follow":"follow","max-snippet":"max-snippet:-1","max-image-preview":"max-image-preview:large","max-video-preview":"max-video-preview:-1"},"canonical":"https:\/\/shop.bantam.ch\/fr\/produit\/rails-de-montage-pour-porte-velos-veloslide-veloslide-short-3-pieces\/","og_locale":"fr_FR","og_type":"article","og_title":"Rails de montage pour porte-v\u00e9los VeloSlide\/VeloSlide Short, 3 pi\u00e8ces - Bantam Wankm\u00fcller SA","og_description":"Le VeloSlide\/VeloSlide Short de Thule se monte \u00e0 l\u2019aide de l\u2019un des deux kits de montage. Le kit de montage sur rail de 140 cm de largeur permet de positionner un VeloSlide\/VelosSlide Short de Thule sur toute la largeur de la soute ou aussi de monter deux VeloSlide\/VelosSlide Short de Thule dans une soute. Les [&hellip;]","og_url":"https:\/\/shop.bantam.ch\/fr\/produit\/rails-de-montage-pour-porte-velos-veloslide-veloslide-short-3-pieces\/","og_site_name":"Bantam Wankm\u00fcller SA","article_modified_time":"2026-04-20T20:19:53+00:00","og_image":[{"url":"https:\/\/shop.bantam.ch\/wp-content\/uploads\/2023\/02\/9953876-100-1-3-scaled.jpg","width":1024,"height":767,"type":"image\/jpeg"}],"twitter_card":"summary_large_image","schema":{"@context":"https:\/\/schema.org","@graph":[{"@type":"WebPage","@id":"https:\/\/shop.bantam.ch\/fr\/produit\/rails-de-montage-pour-porte-velos-veloslide-veloslide-short-3-pieces\/","url":"https:\/\/shop.bantam.ch\/fr\/produit\/rails-de-montage-pour-porte-velos-veloslide-veloslide-short-3-pieces\/","name":"Rails de montage pour porte-v\u00e9los VeloSlide\/VeloSlide Short, 3 pi\u00e8ces - Bantam Wankm\u00fcller SA","isPartOf":{"@id":"https:\/\/shop.bantam.ch\/fr\/#website"},"primaryImageOfPage":{"@id":"https:\/\/shop.bantam.ch\/fr\/produit\/rails-de-montage-pour-porte-velos-veloslide-veloslide-short-3-pieces\/#primaryimage"},"image":{"@id":"https:\/\/shop.bantam.ch\/fr\/produit\/rails-de-montage-pour-porte-velos-veloslide-veloslide-short-3-pieces\/#primaryimage"},"thumbnailUrl":"https:\/\/shop.bantam.ch\/wp-content\/uploads\/2023\/02\/9953876-100-1-3-scaled.jpg","datePublished":"2023-02-27T23:14:18+00:00","dateModified":"2026-04-20T20:19:53+00:00","breadcrumb":{"@id":"https:\/\/shop.bantam.ch\/fr\/produit\/rails-de-montage-pour-porte-velos-veloslide-veloslide-short-3-pieces\/#breadcrumb"},"inLanguage":"fr-FR","potentialAction":[{"@type":"ReadAction","target":["https:\/\/shop.bantam.ch\/fr\/produit\/rails-de-montage-pour-porte-velos-veloslide-veloslide-short-3-pieces\/"]}]},{"@type":"ImageObject","inLanguage":"fr-FR","@id":"https:\/\/shop.bantam.ch\/fr\/produit\/rails-de-montage-pour-porte-velos-veloslide-veloslide-short-3-pieces\/#primaryimage","url":"https:\/\/shop.bantam.ch\/wp-content\/uploads\/2023\/02\/9953876-100-1-3-scaled.jpg","contentUrl":"https:\/\/shop.bantam.ch\/wp-content\/uploads\/2023\/02\/9953876-100-1-3-scaled.jpg","width":2048,"height":1534},{"@type":"BreadcrumbList","@id":"https:\/\/shop.bantam.ch\/fr\/produit\/rails-de-montage-pour-porte-velos-veloslide-veloslide-short-3-pieces\/#breadcrumb","itemListElement":[{"@type":"ListItem","position":1,"name":"Accueil","item":"https:\/\/shop.bantam.ch\/fr\/"},{"@type":"ListItem","position":2,"name":"Boutique","item":"https:\/\/shop.bantam.ch\/fr\/boutique\/"},{"@type":"ListItem","position":3,"name":"Rails de montage pour porte-v\u00e9los VeloSlide\/VeloSlide Short, 3 pi\u00e8ces"}]},{"@type":"WebSite","@id":"https:\/\/shop.bantam.ch\/fr\/#website","url":"https:\/\/shop.bantam.ch\/fr\/","name":"Bantam Wankm\u00fcller SA","description":"","publisher":{"@id":"https:\/\/shop.bantam.ch\/fr\/#organization"},"inLanguage":"fr-FR"},{"@type":"Organization","@id":"https:\/\/shop.bantam.ch\/fr\/#organization","name":"Bantam Wankm\u00fcller SA","url":"https:\/\/shop.bantam.ch\/fr\/","logo":{"@type":"ImageObject","inLanguage":"fr-FR","@id":"https:\/\/shop.bantam.ch\/fr\/#\/schema\/logo\/image\/","url":"https:\/\/shop.bantam.ch\/wp-content\/uploads\/2022\/12\/bantam-logo.png","contentUrl":"https:\/\/shop.bantam.ch\/wp-content\/uploads\/2022\/12\/bantam-logo.png","width":320,"height":71,"caption":"Bantam Wankm\u00fcller SA"},"image":{"@id":"https:\/\/shop.bantam.ch\/fr\/#\/schema\/logo\/image\/"}}]}},"_links":{"self":[{"href":"https:\/\/shop.bantam.ch\/fr\/wp-json\/wp\/v2\/product\/75179","targetHints":{"allow":["GET"]}}],"collection":[{"href":"https:\/\/shop.bantam.ch\/fr\/wp-json\/wp\/v2\/product"}],"about":[{"href":"https:\/\/shop.bantam.ch\/fr\/wp-json\/wp\/v2\/types\/product"}],"wp:featuredmedia":[{"embeddable":true,"href":"https:\/\/shop.bantam.ch\/fr\/wp-json\/wp\/v2\/media\/75175"}],"wp:attachment":[{"href":"https:\/\/shop.bantam.ch\/fr\/wp-json\/wp\/v2\/media?parent=75179"}],"wp:term":[{"taxonomy":"product_featured_cat","embeddable":true,"href":"https:\/\/shop.bantam.ch\/fr\/wp-json\/wp\/v2\/product_featured_cat?post=75179"},{"taxonomy":"product_brand","embeddable":true,"href":"https:\/\/shop.bantam.ch\/fr\/wp-json\/wp\/v2\/product_brand?post=75179"},{"taxonomy":"product_cat","embeddable":true,"href":"https:\/\/shop.bantam.ch\/fr\/wp-json\/wp\/v2\/product_cat?post=75179"},{"taxonomy":"product_tag","embeddable":true,"href":"https:\/\/shop.bantam.ch\/fr\/wp-json\/wp\/v2\/product_tag?post=75179"}],"curies":[{"name":"wp","href":"https:\/\/api.w.org\/{rel}","templated":true}]}}