{"id":74799,"date":"2023-02-28T00:07:36","date_gmt":"2023-02-27T23:07:36","guid":{"rendered":"http:\/\/shop.bantam.ch\/produit\/housse-de-siege-en-velours-original-pour-ducato-x250-apres-2014-2-pieces\/"},"modified":"2026-04-18T22:17:57","modified_gmt":"2026-04-18T20:17:57","slug":"housse-de-siege-en-velours-original-pour-ducato-x250-apres-2014-2-pieces","status":"publish","type":"product","link":"https:\/\/shop.bantam.ch\/fr\/produit\/housse-de-siege-en-velours-original-pour-ducato-x250-apres-2014-2-pieces\/","title":{"rendered":"Housse de si\u00e8ge en velours Original pour Ducato X250 apr\u00e8s 2014, 2 pi\u00e8ces"},"content":{"rendered":"<p>Les housses prot\u00e8gent vos pr\u00e9cieux coussins d\u2019origine contre les salissures et l\u2019usure. Le choix rigoureux du mat\u00e9riau, 100\u00a0% cuir d\u2019agneau v\u00e9ritable ou 100\u00a0% velours de coton tr\u00e8s solide, assure un meilleur confort de conduite et le bien-\u00eatre sur les longs trajets. Les housses peuvent \u00eatre lav\u00e9es en machine. Ces housses de protection se caract\u00e9risent par un montage rapide, un choix de coloris neutres et un prix juste. Convient aux si\u00e8ges avec appui-t\u00eate, dossier haut et syst\u00e8me de ceinture int\u00e9gr\u00e9.<\/p>\n<p>Caract\u00e9ristiques\u00a0:<\/p>\n<ul>\n<li>Si\u00e8ge avec appui-t\u00eate int\u00e9gr\u00e9<\/li>\n<li>Sans syst\u00e8me de ceinture int\u00e9gr\u00e9<\/li>\n<li>Montage sur la Fiat Ducato X250 \u00e0 partir de 2014<\/li>\n<\/ul>\n<p>Mat\u00e9riau\u00a0: <br \/>100 % coton<\/p>\n<p>Contenu de la livraison : <br \/>sans housse d\u2019accoudoir<\/p>\n","protected":false},"excerpt":{"rendered":"<p>Les housses prot\u00e8gent vos pr\u00e9cieux coussins d\u2019origine contre les salissures et l\u2019usure. Le choix rigoureux du mat\u00e9riau, 100\u00a0% cuir d\u2019agneau v\u00e9ritable ou 100\u00a0% velours de coton tr\u00e8s solide, assure un meilleur confort de conduite et le bien-\u00eatre sur les longs trajets. Les housses peuvent \u00eatre lav\u00e9es en machine. Ces housses de protection se caract\u00e9risent par [&hellip;]<\/p>\n","protected":false},"featured_media":74787,"template":"","meta":{"_acf_changed":false},"product_featured_cat":[],"product_brand":[3316],"product_cat":[4765],"product_tag":[],"class_list":{"0":"post-74799","1":"product","2":"type-product","3":"status-publish","4":"has-post-thumbnail","6":"product_brand-art","7":"product_cat-housses-de-siege","9":"first","10":"instock","11":"taxable","12":"shipping-taxable","13":"purchasable","14":"product-type-variable"},"acf":[],"yoast_head":"<!-- This site is optimized with the Yoast SEO plugin v27.4 - https:\/\/yoast.com\/product\/yoast-seo-wordpress\/ -->\n<title>Housse de si\u00e8ge en velours Original pour Ducato X250 apr\u00e8s 2014, 2 pi\u00e8ces - Bantam Wankm\u00fcller SA<\/title>\n<meta name=\"robots\" content=\"index, follow, max-snippet:-1, max-image-preview:large, max-video-preview:-1\" \/>\n<link rel=\"canonical\" href=\"https:\/\/shop.bantam.ch\/fr\/produit\/housse-de-siege-en-velours-original-pour-ducato-x250-apres-2014-2-pieces\/\" \/>\n<meta property=\"og:locale\" content=\"fr_FR\" \/>\n<meta property=\"og:type\" content=\"article\" \/>\n<meta property=\"og:title\" content=\"Housse de si\u00e8ge en velours Original pour Ducato X250 apr\u00e8s 2014, 2 pi\u00e8ces - Bantam Wankm\u00fcller SA\" \/>\n<meta property=\"og:description\" content=\"Les housses prot\u00e8gent vos pr\u00e9cieux coussins d\u2019origine contre les salissures et l\u2019usure. Le choix rigoureux du mat\u00e9riau, 100\u00a0% cuir d\u2019agneau v\u00e9ritable ou 100\u00a0% velours de coton tr\u00e8s solide, assure un meilleur confort de conduite et le bien-\u00eatre sur les longs trajets. Les housses peuvent \u00eatre lav\u00e9es en machine. Ces housses de protection se caract\u00e9risent par [&hellip;]\" \/>\n<meta property=\"og:url\" content=\"https:\/\/shop.bantam.ch\/fr\/produit\/housse-de-siege-en-velours-original-pour-ducato-x250-apres-2014-2-pieces\/\" \/>\n<meta property=\"og:site_name\" content=\"Bantam Wankm\u00fcller SA\" \/>\n<meta property=\"article:modified_time\" content=\"2026-04-18T20:17:57+00:00\" \/>\n<meta property=\"og:image\" content=\"https:\/\/shop.bantam.ch\/wp-content\/uploads\/2023\/02\/994231111-10.jpg\" \/>\n\t<meta property=\"og:image:width\" content=\"690\" \/>\n\t<meta property=\"og:image:height\" content=\"1000\" \/>\n\t<meta property=\"og:image:type\" content=\"image\/jpeg\" \/>\n<meta name=\"twitter:card\" content=\"summary_large_image\" \/>\n<meta name=\"twitter:label1\" content=\"Dur\u00e9e de lecture estim\u00e9e\" \/>\n\t<meta name=\"twitter:data1\" content=\"1 minute\" \/>\n<script type=\"application\/ld+json\" class=\"yoast-schema-graph\">{\"@context\":\"https:\\\/\\\/schema.org\",\"@graph\":[{\"@type\":\"WebPage\",\"@id\":\"https:\\\/\\\/shop.bantam.ch\\\/fr\\\/produit\\\/housse-de-siege-en-velours-original-pour-ducato-x250-apres-2014-2-pieces\\\/\",\"url\":\"https:\\\/\\\/shop.bantam.ch\\\/fr\\\/produit\\\/housse-de-siege-en-velours-original-pour-ducato-x250-apres-2014-2-pieces\\\/\",\"name\":\"Housse de si\u00e8ge en velours Original pour Ducato X250 apr\u00e8s 2014, 2 pi\u00e8ces - Bantam Wankm\u00fcller SA\",\"isPartOf\":{\"@id\":\"https:\\\/\\\/shop.bantam.ch\\\/fr\\\/#website\"},\"primaryImageOfPage\":{\"@id\":\"https:\\\/\\\/shop.bantam.ch\\\/fr\\\/produit\\\/housse-de-siege-en-velours-original-pour-ducato-x250-apres-2014-2-pieces\\\/#primaryimage\"},\"image\":{\"@id\":\"https:\\\/\\\/shop.bantam.ch\\\/fr\\\/produit\\\/housse-de-siege-en-velours-original-pour-ducato-x250-apres-2014-2-pieces\\\/#primaryimage\"},\"thumbnailUrl\":\"https:\\\/\\\/shop.bantam.ch\\\/wp-content\\\/uploads\\\/2023\\\/02\\\/994231111-10.jpg\",\"datePublished\":\"2023-02-27T23:07:36+00:00\",\"dateModified\":\"2026-04-18T20:17:57+00:00\",\"breadcrumb\":{\"@id\":\"https:\\\/\\\/shop.bantam.ch\\\/fr\\\/produit\\\/housse-de-siege-en-velours-original-pour-ducato-x250-apres-2014-2-pieces\\\/#breadcrumb\"},\"inLanguage\":\"fr-FR\",\"potentialAction\":[{\"@type\":\"ReadAction\",\"target\":[\"https:\\\/\\\/shop.bantam.ch\\\/fr\\\/produit\\\/housse-de-siege-en-velours-original-pour-ducato-x250-apres-2014-2-pieces\\\/\"]}]},{\"@type\":\"ImageObject\",\"inLanguage\":\"fr-FR\",\"@id\":\"https:\\\/\\\/shop.bantam.ch\\\/fr\\\/produit\\\/housse-de-siege-en-velours-original-pour-ducato-x250-apres-2014-2-pieces\\\/#primaryimage\",\"url\":\"https:\\\/\\\/shop.bantam.ch\\\/wp-content\\\/uploads\\\/2023\\\/02\\\/994231111-10.jpg\",\"contentUrl\":\"https:\\\/\\\/shop.bantam.ch\\\/wp-content\\\/uploads\\\/2023\\\/02\\\/994231111-10.jpg\",\"width\":690,\"height\":1000},{\"@type\":\"BreadcrumbList\",\"@id\":\"https:\\\/\\\/shop.bantam.ch\\\/fr\\\/produit\\\/housse-de-siege-en-velours-original-pour-ducato-x250-apres-2014-2-pieces\\\/#breadcrumb\",\"itemListElement\":[{\"@type\":\"ListItem\",\"position\":1,\"name\":\"Accueil\",\"item\":\"https:\\\/\\\/shop.bantam.ch\\\/fr\\\/\"},{\"@type\":\"ListItem\",\"position\":2,\"name\":\"Boutique\",\"item\":\"https:\\\/\\\/shop.bantam.ch\\\/fr\\\/boutique\\\/\"},{\"@type\":\"ListItem\",\"position\":3,\"name\":\"Housse de si\u00e8ge en velours Original pour Ducato X250 apr\u00e8s 2014, 2 pi\u00e8ces\"}]},{\"@type\":\"WebSite\",\"@id\":\"https:\\\/\\\/shop.bantam.ch\\\/fr\\\/#website\",\"url\":\"https:\\\/\\\/shop.bantam.ch\\\/fr\\\/\",\"name\":\"Bantam Wankm\u00fcller SA\",\"description\":\"\",\"publisher\":{\"@id\":\"https:\\\/\\\/shop.bantam.ch\\\/fr\\\/#organization\"},\"inLanguage\":\"fr-FR\"},{\"@type\":\"Organization\",\"@id\":\"https:\\\/\\\/shop.bantam.ch\\\/fr\\\/#organization\",\"name\":\"Bantam Wankm\u00fcller SA\",\"url\":\"https:\\\/\\\/shop.bantam.ch\\\/fr\\\/\",\"logo\":{\"@type\":\"ImageObject\",\"inLanguage\":\"fr-FR\",\"@id\":\"https:\\\/\\\/shop.bantam.ch\\\/fr\\\/#\\\/schema\\\/logo\\\/image\\\/\",\"url\":\"https:\\\/\\\/shop.bantam.ch\\\/wp-content\\\/uploads\\\/2022\\\/12\\\/bantam-logo.png\",\"contentUrl\":\"https:\\\/\\\/shop.bantam.ch\\\/wp-content\\\/uploads\\\/2022\\\/12\\\/bantam-logo.png\",\"width\":320,\"height\":71,\"caption\":\"Bantam Wankm\u00fcller SA\"},\"image\":{\"@id\":\"https:\\\/\\\/shop.bantam.ch\\\/fr\\\/#\\\/schema\\\/logo\\\/image\\\/\"}}]}<\/script>\n<!-- \/ Yoast SEO plugin. -->","yoast_head_json":{"title":"Housse de si\u00e8ge en velours Original pour Ducato X250 apr\u00e8s 2014, 2 pi\u00e8ces - Bantam Wankm\u00fcller SA","robots":{"index":"index","follow":"follow","max-snippet":"max-snippet:-1","max-image-preview":"max-image-preview:large","max-video-preview":"max-video-preview:-1"},"canonical":"https:\/\/shop.bantam.ch\/fr\/produit\/housse-de-siege-en-velours-original-pour-ducato-x250-apres-2014-2-pieces\/","og_locale":"fr_FR","og_type":"article","og_title":"Housse de si\u00e8ge en velours Original pour Ducato X250 apr\u00e8s 2014, 2 pi\u00e8ces - Bantam Wankm\u00fcller SA","og_description":"Les housses prot\u00e8gent vos pr\u00e9cieux coussins d\u2019origine contre les salissures et l\u2019usure. Le choix rigoureux du mat\u00e9riau, 100\u00a0% cuir d\u2019agneau v\u00e9ritable ou 100\u00a0% velours de coton tr\u00e8s solide, assure un meilleur confort de conduite et le bien-\u00eatre sur les longs trajets. Les housses peuvent \u00eatre lav\u00e9es en machine. Ces housses de protection se caract\u00e9risent par [&hellip;]","og_url":"https:\/\/shop.bantam.ch\/fr\/produit\/housse-de-siege-en-velours-original-pour-ducato-x250-apres-2014-2-pieces\/","og_site_name":"Bantam Wankm\u00fcller SA","article_modified_time":"2026-04-18T20:17:57+00:00","og_image":[{"width":690,"height":1000,"url":"https:\/\/shop.bantam.ch\/wp-content\/uploads\/2023\/02\/994231111-10.jpg","type":"image\/jpeg"}],"twitter_card":"summary_large_image","twitter_misc":{"Dur\u00e9e de lecture estim\u00e9e":"1 minute"},"schema":{"@context":"https:\/\/schema.org","@graph":[{"@type":"WebPage","@id":"https:\/\/shop.bantam.ch\/fr\/produit\/housse-de-siege-en-velours-original-pour-ducato-x250-apres-2014-2-pieces\/","url":"https:\/\/shop.bantam.ch\/fr\/produit\/housse-de-siege-en-velours-original-pour-ducato-x250-apres-2014-2-pieces\/","name":"Housse de si\u00e8ge en velours Original pour Ducato X250 apr\u00e8s 2014, 2 pi\u00e8ces - Bantam Wankm\u00fcller SA","isPartOf":{"@id":"https:\/\/shop.bantam.ch\/fr\/#website"},"primaryImageOfPage":{"@id":"https:\/\/shop.bantam.ch\/fr\/produit\/housse-de-siege-en-velours-original-pour-ducato-x250-apres-2014-2-pieces\/#primaryimage"},"image":{"@id":"https:\/\/shop.bantam.ch\/fr\/produit\/housse-de-siege-en-velours-original-pour-ducato-x250-apres-2014-2-pieces\/#primaryimage"},"thumbnailUrl":"https:\/\/shop.bantam.ch\/wp-content\/uploads\/2023\/02\/994231111-10.jpg","datePublished":"2023-02-27T23:07:36+00:00","dateModified":"2026-04-18T20:17:57+00:00","breadcrumb":{"@id":"https:\/\/shop.bantam.ch\/fr\/produit\/housse-de-siege-en-velours-original-pour-ducato-x250-apres-2014-2-pieces\/#breadcrumb"},"inLanguage":"fr-FR","potentialAction":[{"@type":"ReadAction","target":["https:\/\/shop.bantam.ch\/fr\/produit\/housse-de-siege-en-velours-original-pour-ducato-x250-apres-2014-2-pieces\/"]}]},{"@type":"ImageObject","inLanguage":"fr-FR","@id":"https:\/\/shop.bantam.ch\/fr\/produit\/housse-de-siege-en-velours-original-pour-ducato-x250-apres-2014-2-pieces\/#primaryimage","url":"https:\/\/shop.bantam.ch\/wp-content\/uploads\/2023\/02\/994231111-10.jpg","contentUrl":"https:\/\/shop.bantam.ch\/wp-content\/uploads\/2023\/02\/994231111-10.jpg","width":690,"height":1000},{"@type":"BreadcrumbList","@id":"https:\/\/shop.bantam.ch\/fr\/produit\/housse-de-siege-en-velours-original-pour-ducato-x250-apres-2014-2-pieces\/#breadcrumb","itemListElement":[{"@type":"ListItem","position":1,"name":"Accueil","item":"https:\/\/shop.bantam.ch\/fr\/"},{"@type":"ListItem","position":2,"name":"Boutique","item":"https:\/\/shop.bantam.ch\/fr\/boutique\/"},{"@type":"ListItem","position":3,"name":"Housse de si\u00e8ge en velours Original pour Ducato X250 apr\u00e8s 2014, 2 pi\u00e8ces"}]},{"@type":"WebSite","@id":"https:\/\/shop.bantam.ch\/fr\/#website","url":"https:\/\/shop.bantam.ch\/fr\/","name":"Bantam Wankm\u00fcller SA","description":"","publisher":{"@id":"https:\/\/shop.bantam.ch\/fr\/#organization"},"inLanguage":"fr-FR"},{"@type":"Organization","@id":"https:\/\/shop.bantam.ch\/fr\/#organization","name":"Bantam Wankm\u00fcller SA","url":"https:\/\/shop.bantam.ch\/fr\/","logo":{"@type":"ImageObject","inLanguage":"fr-FR","@id":"https:\/\/shop.bantam.ch\/fr\/#\/schema\/logo\/image\/","url":"https:\/\/shop.bantam.ch\/wp-content\/uploads\/2022\/12\/bantam-logo.png","contentUrl":"https:\/\/shop.bantam.ch\/wp-content\/uploads\/2022\/12\/bantam-logo.png","width":320,"height":71,"caption":"Bantam Wankm\u00fcller SA"},"image":{"@id":"https:\/\/shop.bantam.ch\/fr\/#\/schema\/logo\/image\/"}}]}},"_links":{"self":[{"href":"https:\/\/shop.bantam.ch\/fr\/wp-json\/wp\/v2\/product\/74799","targetHints":{"allow":["GET"]}}],"collection":[{"href":"https:\/\/shop.bantam.ch\/fr\/wp-json\/wp\/v2\/product"}],"about":[{"href":"https:\/\/shop.bantam.ch\/fr\/wp-json\/wp\/v2\/types\/product"}],"wp:featuredmedia":[{"embeddable":true,"href":"https:\/\/shop.bantam.ch\/fr\/wp-json\/wp\/v2\/media\/74787"}],"wp:attachment":[{"href":"https:\/\/shop.bantam.ch\/fr\/wp-json\/wp\/v2\/media?parent=74799"}],"wp:term":[{"taxonomy":"product_featured_cat","embeddable":true,"href":"https:\/\/shop.bantam.ch\/fr\/wp-json\/wp\/v2\/product_featured_cat?post=74799"},{"taxonomy":"product_brand","embeddable":true,"href":"https:\/\/shop.bantam.ch\/fr\/wp-json\/wp\/v2\/product_brand?post=74799"},{"taxonomy":"product_cat","embeddable":true,"href":"https:\/\/shop.bantam.ch\/fr\/wp-json\/wp\/v2\/product_cat?post=74799"},{"taxonomy":"product_tag","embeddable":true,"href":"https:\/\/shop.bantam.ch\/fr\/wp-json\/wp\/v2\/product_tag?post=74799"}],"curies":[{"name":"wp","href":"https:\/\/api.w.org\/{rel}","templated":true}]}}