{"id":74575,"date":"2023-02-28T00:03:56","date_gmt":"2023-02-27T23:03:56","guid":{"rendered":"http:\/\/shop.bantam.ch\/produit\/ecran-de-commande-sinepower-dsp-em\/"},"modified":"2026-04-18T21:18:33","modified_gmt":"2026-04-18T19:18:33","slug":"ecran-de-commande-sinepower-dsp-em","status":"publish","type":"product","link":"https:\/\/shop.bantam.ch\/fr\/produit\/ecran-de-commande-sinepower-dsp-em\/","title":{"rendered":"Ecran de commande Dometic SinePower DSP-EM T\u00e9l\u00e9commande confort"},"content":{"rendered":"<p>Cette t\u00e9l\u00e9commande polyvalente est extr\u00eamement pratique. Il contr\u00f4le toutes les fonctions de base (ON, OFF, mode Smart Standby), affiche les param\u00e8tres de performance importants et peut \u00eatre configur\u00e9 et d\u00e9velopp\u00e9 en fonction des besoins. Avec la connexion d&rsquo;un capteur de batterie (option 9930408, page 554), il devient un moniteur d&rsquo;\u00e9nergie intelligent qui vous permet de contr\u00f4ler \u00e0 tout moment le niveau de charge de vos batteries. Votre chargeur MCA peut \u00e9galement \u00eatre programm\u00e9 via la t\u00e9l\u00e9commande pratique et basculer en mode nuit silencieux en appuyant simplement sur un bouton.<\/p>\n","protected":false},"excerpt":{"rendered":"<p>Cette t\u00e9l\u00e9commande polyvalente est extr\u00eamement pratique. Il contr\u00f4le toutes les fonctions de base (ON, OFF, mode Smart Standby), affiche les param\u00e8tres de performance importants et peut \u00eatre configur\u00e9 et d\u00e9velopp\u00e9 en fonction des besoins. Avec la connexion d&rsquo;un capteur de batterie (option 9930408, page 554), il devient un moniteur d&rsquo;\u00e9nergie intelligent qui vous permet de [&hellip;]<\/p>\n","protected":false},"featured_media":74573,"template":"","meta":{"_acf_changed":false},"product_featured_cat":[],"product_brand":[3028],"product_cat":[4169,4191],"product_tag":[],"class_list":{"0":"post-74575","1":"product","2":"type-product","3":"status-publish","4":"has-post-thumbnail","6":"product_brand-dometic","7":"product_cat-onduleurs","8":"product_cat-panneaux-daffichage","10":"first","11":"instock","12":"taxable","13":"shipping-taxable","14":"purchasable","15":"product-type-simple"},"acf":[],"yoast_head":"<!-- This site is optimized with the Yoast SEO plugin v27.4 - https:\/\/yoast.com\/product\/yoast-seo-wordpress\/ -->\n<title>Ecran de commande Dometic SinePower DSP-EM T\u00e9l\u00e9commande confort - Bantam Wankm\u00fcller SA<\/title>\n<meta name=\"robots\" content=\"index, follow, max-snippet:-1, max-image-preview:large, max-video-preview:-1\" \/>\n<link rel=\"canonical\" href=\"https:\/\/shop.bantam.ch\/fr\/produit\/ecran-de-commande-sinepower-dsp-em\/\" \/>\n<meta property=\"og:locale\" content=\"fr_FR\" \/>\n<meta property=\"og:type\" content=\"article\" \/>\n<meta property=\"og:title\" content=\"Ecran de commande Dometic SinePower DSP-EM T\u00e9l\u00e9commande confort - Bantam Wankm\u00fcller SA\" \/>\n<meta property=\"og:description\" content=\"Cette t\u00e9l\u00e9commande polyvalente est extr\u00eamement pratique. Il contr\u00f4le toutes les fonctions de base (ON, OFF, mode Smart Standby), affiche les param\u00e8tres de performance importants et peut \u00eatre configur\u00e9 et d\u00e9velopp\u00e9 en fonction des besoins. Avec la connexion d&rsquo;un capteur de batterie (option 9930408, page 554), il devient un moniteur d&rsquo;\u00e9nergie intelligent qui vous permet de [&hellip;]\" \/>\n<meta property=\"og:url\" content=\"https:\/\/shop.bantam.ch\/fr\/produit\/ecran-de-commande-sinepower-dsp-em\/\" \/>\n<meta property=\"og:site_name\" content=\"Bantam Wankm\u00fcller SA\" \/>\n<meta property=\"article:modified_time\" content=\"2026-04-18T19:18:33+00:00\" \/>\n<meta property=\"og:image\" content=\"https:\/\/shop.bantam.ch\/wp-content\/uploads\/2023\/02\/993178911.jpg\" \/>\n\t<meta property=\"og:image:width\" content=\"1000\" \/>\n\t<meta property=\"og:image:height\" content=\"1000\" \/>\n\t<meta property=\"og:image:type\" content=\"image\/jpeg\" \/>\n<meta name=\"twitter:card\" content=\"summary_large_image\" \/>\n<script type=\"application\/ld+json\" class=\"yoast-schema-graph\">{\"@context\":\"https:\\\/\\\/schema.org\",\"@graph\":[{\"@type\":\"WebPage\",\"@id\":\"https:\\\/\\\/shop.bantam.ch\\\/fr\\\/produit\\\/ecran-de-commande-sinepower-dsp-em\\\/\",\"url\":\"https:\\\/\\\/shop.bantam.ch\\\/fr\\\/produit\\\/ecran-de-commande-sinepower-dsp-em\\\/\",\"name\":\"Ecran de commande Dometic SinePower DSP-EM T\u00e9l\u00e9commande confort - Bantam Wankm\u00fcller SA\",\"isPartOf\":{\"@id\":\"https:\\\/\\\/shop.bantam.ch\\\/fr\\\/#website\"},\"primaryImageOfPage\":{\"@id\":\"https:\\\/\\\/shop.bantam.ch\\\/fr\\\/produit\\\/ecran-de-commande-sinepower-dsp-em\\\/#primaryimage\"},\"image\":{\"@id\":\"https:\\\/\\\/shop.bantam.ch\\\/fr\\\/produit\\\/ecran-de-commande-sinepower-dsp-em\\\/#primaryimage\"},\"thumbnailUrl\":\"https:\\\/\\\/shop.bantam.ch\\\/wp-content\\\/uploads\\\/2023\\\/02\\\/993178911.jpg\",\"datePublished\":\"2023-02-27T23:03:56+00:00\",\"dateModified\":\"2026-04-18T19:18:33+00:00\",\"breadcrumb\":{\"@id\":\"https:\\\/\\\/shop.bantam.ch\\\/fr\\\/produit\\\/ecran-de-commande-sinepower-dsp-em\\\/#breadcrumb\"},\"inLanguage\":\"fr-FR\",\"potentialAction\":[{\"@type\":\"ReadAction\",\"target\":[\"https:\\\/\\\/shop.bantam.ch\\\/fr\\\/produit\\\/ecran-de-commande-sinepower-dsp-em\\\/\"]}]},{\"@type\":\"ImageObject\",\"inLanguage\":\"fr-FR\",\"@id\":\"https:\\\/\\\/shop.bantam.ch\\\/fr\\\/produit\\\/ecran-de-commande-sinepower-dsp-em\\\/#primaryimage\",\"url\":\"https:\\\/\\\/shop.bantam.ch\\\/wp-content\\\/uploads\\\/2023\\\/02\\\/993178911.jpg\",\"contentUrl\":\"https:\\\/\\\/shop.bantam.ch\\\/wp-content\\\/uploads\\\/2023\\\/02\\\/993178911.jpg\",\"width\":1000,\"height\":1000},{\"@type\":\"BreadcrumbList\",\"@id\":\"https:\\\/\\\/shop.bantam.ch\\\/fr\\\/produit\\\/ecran-de-commande-sinepower-dsp-em\\\/#breadcrumb\",\"itemListElement\":[{\"@type\":\"ListItem\",\"position\":1,\"name\":\"Accueil\",\"item\":\"https:\\\/\\\/shop.bantam.ch\\\/fr\\\/\"},{\"@type\":\"ListItem\",\"position\":2,\"name\":\"Boutique\",\"item\":\"https:\\\/\\\/shop.bantam.ch\\\/fr\\\/boutique\\\/\"},{\"@type\":\"ListItem\",\"position\":3,\"name\":\"Ecran de commande Dometic SinePower DSP-EM T\u00e9l\u00e9commande confort\"}]},{\"@type\":\"WebSite\",\"@id\":\"https:\\\/\\\/shop.bantam.ch\\\/fr\\\/#website\",\"url\":\"https:\\\/\\\/shop.bantam.ch\\\/fr\\\/\",\"name\":\"Bantam Wankm\u00fcller SA\",\"description\":\"\",\"publisher\":{\"@id\":\"https:\\\/\\\/shop.bantam.ch\\\/fr\\\/#organization\"},\"inLanguage\":\"fr-FR\"},{\"@type\":\"Organization\",\"@id\":\"https:\\\/\\\/shop.bantam.ch\\\/fr\\\/#organization\",\"name\":\"Bantam Wankm\u00fcller SA\",\"url\":\"https:\\\/\\\/shop.bantam.ch\\\/fr\\\/\",\"logo\":{\"@type\":\"ImageObject\",\"inLanguage\":\"fr-FR\",\"@id\":\"https:\\\/\\\/shop.bantam.ch\\\/fr\\\/#\\\/schema\\\/logo\\\/image\\\/\",\"url\":\"https:\\\/\\\/shop.bantam.ch\\\/wp-content\\\/uploads\\\/2022\\\/12\\\/bantam-logo.png\",\"contentUrl\":\"https:\\\/\\\/shop.bantam.ch\\\/wp-content\\\/uploads\\\/2022\\\/12\\\/bantam-logo.png\",\"width\":320,\"height\":71,\"caption\":\"Bantam Wankm\u00fcller SA\"},\"image\":{\"@id\":\"https:\\\/\\\/shop.bantam.ch\\\/fr\\\/#\\\/schema\\\/logo\\\/image\\\/\"}}]}<\/script>\n<!-- \/ Yoast SEO plugin. -->","yoast_head_json":{"title":"Ecran de commande Dometic SinePower DSP-EM T\u00e9l\u00e9commande confort - Bantam Wankm\u00fcller SA","robots":{"index":"index","follow":"follow","max-snippet":"max-snippet:-1","max-image-preview":"max-image-preview:large","max-video-preview":"max-video-preview:-1"},"canonical":"https:\/\/shop.bantam.ch\/fr\/produit\/ecran-de-commande-sinepower-dsp-em\/","og_locale":"fr_FR","og_type":"article","og_title":"Ecran de commande Dometic SinePower DSP-EM T\u00e9l\u00e9commande confort - Bantam Wankm\u00fcller SA","og_description":"Cette t\u00e9l\u00e9commande polyvalente est extr\u00eamement pratique. Il contr\u00f4le toutes les fonctions de base (ON, OFF, mode Smart Standby), affiche les param\u00e8tres de performance importants et peut \u00eatre configur\u00e9 et d\u00e9velopp\u00e9 en fonction des besoins. Avec la connexion d&rsquo;un capteur de batterie (option 9930408, page 554), il devient un moniteur d&rsquo;\u00e9nergie intelligent qui vous permet de [&hellip;]","og_url":"https:\/\/shop.bantam.ch\/fr\/produit\/ecran-de-commande-sinepower-dsp-em\/","og_site_name":"Bantam Wankm\u00fcller SA","article_modified_time":"2026-04-18T19:18:33+00:00","og_image":[{"width":1000,"height":1000,"url":"https:\/\/shop.bantam.ch\/wp-content\/uploads\/2023\/02\/993178911.jpg","type":"image\/jpeg"}],"twitter_card":"summary_large_image","schema":{"@context":"https:\/\/schema.org","@graph":[{"@type":"WebPage","@id":"https:\/\/shop.bantam.ch\/fr\/produit\/ecran-de-commande-sinepower-dsp-em\/","url":"https:\/\/shop.bantam.ch\/fr\/produit\/ecran-de-commande-sinepower-dsp-em\/","name":"Ecran de commande Dometic SinePower DSP-EM T\u00e9l\u00e9commande confort - Bantam Wankm\u00fcller SA","isPartOf":{"@id":"https:\/\/shop.bantam.ch\/fr\/#website"},"primaryImageOfPage":{"@id":"https:\/\/shop.bantam.ch\/fr\/produit\/ecran-de-commande-sinepower-dsp-em\/#primaryimage"},"image":{"@id":"https:\/\/shop.bantam.ch\/fr\/produit\/ecran-de-commande-sinepower-dsp-em\/#primaryimage"},"thumbnailUrl":"https:\/\/shop.bantam.ch\/wp-content\/uploads\/2023\/02\/993178911.jpg","datePublished":"2023-02-27T23:03:56+00:00","dateModified":"2026-04-18T19:18:33+00:00","breadcrumb":{"@id":"https:\/\/shop.bantam.ch\/fr\/produit\/ecran-de-commande-sinepower-dsp-em\/#breadcrumb"},"inLanguage":"fr-FR","potentialAction":[{"@type":"ReadAction","target":["https:\/\/shop.bantam.ch\/fr\/produit\/ecran-de-commande-sinepower-dsp-em\/"]}]},{"@type":"ImageObject","inLanguage":"fr-FR","@id":"https:\/\/shop.bantam.ch\/fr\/produit\/ecran-de-commande-sinepower-dsp-em\/#primaryimage","url":"https:\/\/shop.bantam.ch\/wp-content\/uploads\/2023\/02\/993178911.jpg","contentUrl":"https:\/\/shop.bantam.ch\/wp-content\/uploads\/2023\/02\/993178911.jpg","width":1000,"height":1000},{"@type":"BreadcrumbList","@id":"https:\/\/shop.bantam.ch\/fr\/produit\/ecran-de-commande-sinepower-dsp-em\/#breadcrumb","itemListElement":[{"@type":"ListItem","position":1,"name":"Accueil","item":"https:\/\/shop.bantam.ch\/fr\/"},{"@type":"ListItem","position":2,"name":"Boutique","item":"https:\/\/shop.bantam.ch\/fr\/boutique\/"},{"@type":"ListItem","position":3,"name":"Ecran de commande Dometic SinePower DSP-EM T\u00e9l\u00e9commande confort"}]},{"@type":"WebSite","@id":"https:\/\/shop.bantam.ch\/fr\/#website","url":"https:\/\/shop.bantam.ch\/fr\/","name":"Bantam Wankm\u00fcller SA","description":"","publisher":{"@id":"https:\/\/shop.bantam.ch\/fr\/#organization"},"inLanguage":"fr-FR"},{"@type":"Organization","@id":"https:\/\/shop.bantam.ch\/fr\/#organization","name":"Bantam Wankm\u00fcller SA","url":"https:\/\/shop.bantam.ch\/fr\/","logo":{"@type":"ImageObject","inLanguage":"fr-FR","@id":"https:\/\/shop.bantam.ch\/fr\/#\/schema\/logo\/image\/","url":"https:\/\/shop.bantam.ch\/wp-content\/uploads\/2022\/12\/bantam-logo.png","contentUrl":"https:\/\/shop.bantam.ch\/wp-content\/uploads\/2022\/12\/bantam-logo.png","width":320,"height":71,"caption":"Bantam Wankm\u00fcller SA"},"image":{"@id":"https:\/\/shop.bantam.ch\/fr\/#\/schema\/logo\/image\/"}}]}},"_links":{"self":[{"href":"https:\/\/shop.bantam.ch\/fr\/wp-json\/wp\/v2\/product\/74575","targetHints":{"allow":["GET"]}}],"collection":[{"href":"https:\/\/shop.bantam.ch\/fr\/wp-json\/wp\/v2\/product"}],"about":[{"href":"https:\/\/shop.bantam.ch\/fr\/wp-json\/wp\/v2\/types\/product"}],"wp:featuredmedia":[{"embeddable":true,"href":"https:\/\/shop.bantam.ch\/fr\/wp-json\/wp\/v2\/media\/74573"}],"wp:attachment":[{"href":"https:\/\/shop.bantam.ch\/fr\/wp-json\/wp\/v2\/media?parent=74575"}],"wp:term":[{"taxonomy":"product_featured_cat","embeddable":true,"href":"https:\/\/shop.bantam.ch\/fr\/wp-json\/wp\/v2\/product_featured_cat?post=74575"},{"taxonomy":"product_brand","embeddable":true,"href":"https:\/\/shop.bantam.ch\/fr\/wp-json\/wp\/v2\/product_brand?post=74575"},{"taxonomy":"product_cat","embeddable":true,"href":"https:\/\/shop.bantam.ch\/fr\/wp-json\/wp\/v2\/product_cat?post=74575"},{"taxonomy":"product_tag","embeddable":true,"href":"https:\/\/shop.bantam.ch\/fr\/wp-json\/wp\/v2\/product_tag?post=74575"}],"curies":[{"name":"wp","href":"https:\/\/api.w.org\/{rel}","templated":true}]}}