{"id":74471,"date":"2023-02-28T00:01:58","date_gmt":"2023-02-27T23:01:58","guid":{"rendered":"http:\/\/shop.bantam.ch\/produit\/dispositif-de-feux-de-detresse-flashlight\/"},"modified":"2026-04-17T21:17:56","modified_gmt":"2026-04-17T19:17:56","slug":"dispositif-de-feux-de-detresse-flashlight","status":"publish","type":"product","link":"https:\/\/shop.bantam.ch\/fr\/produit\/dispositif-de-feux-de-detresse-flashlight\/","title":{"rendered":"Disp. feux d\u00e9tresse Easydriver Flashlight"},"content":{"rendered":"<p>Avec notre nouveau dispositif de feux de d\u00e9tresse easydriver flashlight, votre caravane est plus en s\u00e9curit\u00e9. En effet, en cas de man\u0153uvre dans l\u2019obscurit\u00e9, par ex. sur la rue devant le garage ou l\u2019entr\u00e9e de la maison, il est difficile de reconna\u00eetre une caravane non \u00e9clair\u00e9e. Les feux de d\u00e9tresse tr\u00e8s lumineux et les feux de position lat\u00e9raux rendent votre caravane bien visible pour les autres. Une grande simplicit\u00e9 de man\u0153uvre avec easydriver flashlight. Equipez-vous d\u00e8s maintenant !<\/p>\n<ul>\n<li>Man\u0153uvres plus s\u00fbres gr\u00e2ce \u00e0 une bonne visibilit\u00e9 dans l&rsquo;obscurit\u00e9<\/li>\n<li>Allumer les feux de d\u00e9tresse et les feux de gabarit individuellement ou ensemble<\/li>\n<li>Alimentation \u00e9lectrique via un syst\u00e8me d&rsquo;\u00e9clairage existant ou une source d&rsquo;\u00e9nergie externe (batterie d&rsquo;aide \u00e0 la man\u0153uvre)<\/li>\n<li>Il vous suffit de mettre \u00e0 niveau votre \u00e9quipement !<\/li>\n<li>Peut \u00e9galement \u00eatre utilis\u00e9 pour man\u0153uvrer des entra\u00eenements avec prise de s\u00e9curit\u00e9<\/li>\n<\/ul>\n<p>Le kit se compose de :<br \/>Bo\u00eete \u00e9lectronique easydriver flashlight avec :<br \/>2 interrupteurs<br \/>Faisceau de c\u00e2bles<br \/>Prise de courant \u00e0 13 broches<br \/>Mat\u00e9riel de fixation<br \/>Notice d\u2019utilisation<\/p>\n<p>\u00a0<\/p>\n","protected":false},"excerpt":{"rendered":"<p>Avec notre nouveau dispositif de feux de d\u00e9tresse easydriver flashlight, votre caravane est plus en s\u00e9curit\u00e9. En effet, en cas de man\u0153uvre dans l\u2019obscurit\u00e9, par ex. sur la rue devant le garage ou l\u2019entr\u00e9e de la maison, il est difficile de reconna\u00eetre une caravane non \u00e9clair\u00e9e. Les feux de d\u00e9tresse tr\u00e8s lumineux et les feux [&hellip;]<\/p>\n","protected":false},"featured_media":74467,"template":"","meta":{"_acf_changed":false},"product_featured_cat":[],"product_brand":[3132],"product_cat":[5103],"product_tag":[],"class_list":{"0":"post-74471","1":"product","2":"type-product","3":"status-publish","4":"has-post-thumbnail","6":"product_brand-easydriver","7":"product_cat-systemes-electriques-pour-remorques","9":"first","10":"instock","11":"taxable","12":"shipping-taxable","13":"purchasable","14":"product-type-simple"},"acf":[],"yoast_head":"<!-- This site is optimized with the Yoast SEO plugin v27.4 - https:\/\/yoast.com\/product\/yoast-seo-wordpress\/ -->\n<title>Disp. feux d\u00e9tresse Easydriver Flashlight - Bantam Wankm\u00fcller SA<\/title>\n<meta name=\"robots\" content=\"index, follow, max-snippet:-1, max-image-preview:large, max-video-preview:-1\" \/>\n<link rel=\"canonical\" href=\"https:\/\/shop.bantam.ch\/fr\/produit\/dispositif-de-feux-de-detresse-flashlight\/\" \/>\n<meta property=\"og:locale\" content=\"fr_FR\" \/>\n<meta property=\"og:type\" content=\"article\" \/>\n<meta property=\"og:title\" content=\"Disp. feux d\u00e9tresse Easydriver Flashlight - Bantam Wankm\u00fcller SA\" \/>\n<meta property=\"og:description\" content=\"Avec notre nouveau dispositif de feux de d\u00e9tresse easydriver flashlight, votre caravane est plus en s\u00e9curit\u00e9. En effet, en cas de man\u0153uvre dans l\u2019obscurit\u00e9, par ex. sur la rue devant le garage ou l\u2019entr\u00e9e de la maison, il est difficile de reconna\u00eetre une caravane non \u00e9clair\u00e9e. Les feux de d\u00e9tresse tr\u00e8s lumineux et les feux [&hellip;]\" \/>\n<meta property=\"og:url\" content=\"https:\/\/shop.bantam.ch\/fr\/produit\/dispositif-de-feux-de-detresse-flashlight\/\" \/>\n<meta property=\"og:site_name\" content=\"Bantam Wankm\u00fcller SA\" \/>\n<meta property=\"article:modified_time\" content=\"2026-04-17T19:17:56+00:00\" \/>\n<meta property=\"og:image\" content=\"https:\/\/shop.bantam.ch\/wp-content\/uploads\/2023\/02\/995382611.jpg\" \/>\n\t<meta property=\"og:image:width\" content=\"1000\" \/>\n\t<meta property=\"og:image:height\" content=\"657\" \/>\n\t<meta property=\"og:image:type\" content=\"image\/jpeg\" \/>\n<meta name=\"twitter:card\" content=\"summary_large_image\" \/>\n<meta name=\"twitter:label1\" content=\"Dur\u00e9e de lecture estim\u00e9e\" \/>\n\t<meta name=\"twitter:data1\" content=\"1 minute\" \/>\n<script type=\"application\/ld+json\" class=\"yoast-schema-graph\">{\"@context\":\"https:\\\/\\\/schema.org\",\"@graph\":[{\"@type\":\"WebPage\",\"@id\":\"https:\\\/\\\/shop.bantam.ch\\\/fr\\\/produit\\\/dispositif-de-feux-de-detresse-flashlight\\\/\",\"url\":\"https:\\\/\\\/shop.bantam.ch\\\/fr\\\/produit\\\/dispositif-de-feux-de-detresse-flashlight\\\/\",\"name\":\"Disp. feux d\u00e9tresse Easydriver Flashlight - Bantam Wankm\u00fcller SA\",\"isPartOf\":{\"@id\":\"https:\\\/\\\/shop.bantam.ch\\\/fr\\\/#website\"},\"primaryImageOfPage\":{\"@id\":\"https:\\\/\\\/shop.bantam.ch\\\/fr\\\/produit\\\/dispositif-de-feux-de-detresse-flashlight\\\/#primaryimage\"},\"image\":{\"@id\":\"https:\\\/\\\/shop.bantam.ch\\\/fr\\\/produit\\\/dispositif-de-feux-de-detresse-flashlight\\\/#primaryimage\"},\"thumbnailUrl\":\"https:\\\/\\\/shop.bantam.ch\\\/wp-content\\\/uploads\\\/2023\\\/02\\\/995382611.jpg\",\"datePublished\":\"2023-02-27T23:01:58+00:00\",\"dateModified\":\"2026-04-17T19:17:56+00:00\",\"breadcrumb\":{\"@id\":\"https:\\\/\\\/shop.bantam.ch\\\/fr\\\/produit\\\/dispositif-de-feux-de-detresse-flashlight\\\/#breadcrumb\"},\"inLanguage\":\"fr-FR\",\"potentialAction\":[{\"@type\":\"ReadAction\",\"target\":[\"https:\\\/\\\/shop.bantam.ch\\\/fr\\\/produit\\\/dispositif-de-feux-de-detresse-flashlight\\\/\"]}]},{\"@type\":\"ImageObject\",\"inLanguage\":\"fr-FR\",\"@id\":\"https:\\\/\\\/shop.bantam.ch\\\/fr\\\/produit\\\/dispositif-de-feux-de-detresse-flashlight\\\/#primaryimage\",\"url\":\"https:\\\/\\\/shop.bantam.ch\\\/wp-content\\\/uploads\\\/2023\\\/02\\\/995382611.jpg\",\"contentUrl\":\"https:\\\/\\\/shop.bantam.ch\\\/wp-content\\\/uploads\\\/2023\\\/02\\\/995382611.jpg\",\"width\":1000,\"height\":657},{\"@type\":\"BreadcrumbList\",\"@id\":\"https:\\\/\\\/shop.bantam.ch\\\/fr\\\/produit\\\/dispositif-de-feux-de-detresse-flashlight\\\/#breadcrumb\",\"itemListElement\":[{\"@type\":\"ListItem\",\"position\":1,\"name\":\"Accueil\",\"item\":\"https:\\\/\\\/shop.bantam.ch\\\/fr\\\/\"},{\"@type\":\"ListItem\",\"position\":2,\"name\":\"Boutique\",\"item\":\"https:\\\/\\\/shop.bantam.ch\\\/fr\\\/boutique\\\/\"},{\"@type\":\"ListItem\",\"position\":3,\"name\":\"Disp. feux d\u00e9tresse Easydriver Flashlight\"}]},{\"@type\":\"WebSite\",\"@id\":\"https:\\\/\\\/shop.bantam.ch\\\/fr\\\/#website\",\"url\":\"https:\\\/\\\/shop.bantam.ch\\\/fr\\\/\",\"name\":\"Bantam Wankm\u00fcller SA\",\"description\":\"\",\"publisher\":{\"@id\":\"https:\\\/\\\/shop.bantam.ch\\\/fr\\\/#organization\"},\"inLanguage\":\"fr-FR\"},{\"@type\":\"Organization\",\"@id\":\"https:\\\/\\\/shop.bantam.ch\\\/fr\\\/#organization\",\"name\":\"Bantam Wankm\u00fcller SA\",\"url\":\"https:\\\/\\\/shop.bantam.ch\\\/fr\\\/\",\"logo\":{\"@type\":\"ImageObject\",\"inLanguage\":\"fr-FR\",\"@id\":\"https:\\\/\\\/shop.bantam.ch\\\/fr\\\/#\\\/schema\\\/logo\\\/image\\\/\",\"url\":\"https:\\\/\\\/shop.bantam.ch\\\/wp-content\\\/uploads\\\/2022\\\/12\\\/bantam-logo.png\",\"contentUrl\":\"https:\\\/\\\/shop.bantam.ch\\\/wp-content\\\/uploads\\\/2022\\\/12\\\/bantam-logo.png\",\"width\":320,\"height\":71,\"caption\":\"Bantam Wankm\u00fcller SA\"},\"image\":{\"@id\":\"https:\\\/\\\/shop.bantam.ch\\\/fr\\\/#\\\/schema\\\/logo\\\/image\\\/\"}}]}<\/script>\n<!-- \/ Yoast SEO plugin. -->","yoast_head_json":{"title":"Disp. feux d\u00e9tresse Easydriver Flashlight - Bantam Wankm\u00fcller SA","robots":{"index":"index","follow":"follow","max-snippet":"max-snippet:-1","max-image-preview":"max-image-preview:large","max-video-preview":"max-video-preview:-1"},"canonical":"https:\/\/shop.bantam.ch\/fr\/produit\/dispositif-de-feux-de-detresse-flashlight\/","og_locale":"fr_FR","og_type":"article","og_title":"Disp. feux d\u00e9tresse Easydriver Flashlight - Bantam Wankm\u00fcller SA","og_description":"Avec notre nouveau dispositif de feux de d\u00e9tresse easydriver flashlight, votre caravane est plus en s\u00e9curit\u00e9. En effet, en cas de man\u0153uvre dans l\u2019obscurit\u00e9, par ex. sur la rue devant le garage ou l\u2019entr\u00e9e de la maison, il est difficile de reconna\u00eetre une caravane non \u00e9clair\u00e9e. Les feux de d\u00e9tresse tr\u00e8s lumineux et les feux [&hellip;]","og_url":"https:\/\/shop.bantam.ch\/fr\/produit\/dispositif-de-feux-de-detresse-flashlight\/","og_site_name":"Bantam Wankm\u00fcller SA","article_modified_time":"2026-04-17T19:17:56+00:00","og_image":[{"width":1000,"height":657,"url":"https:\/\/shop.bantam.ch\/wp-content\/uploads\/2023\/02\/995382611.jpg","type":"image\/jpeg"}],"twitter_card":"summary_large_image","twitter_misc":{"Dur\u00e9e de lecture estim\u00e9e":"1 minute"},"schema":{"@context":"https:\/\/schema.org","@graph":[{"@type":"WebPage","@id":"https:\/\/shop.bantam.ch\/fr\/produit\/dispositif-de-feux-de-detresse-flashlight\/","url":"https:\/\/shop.bantam.ch\/fr\/produit\/dispositif-de-feux-de-detresse-flashlight\/","name":"Disp. feux d\u00e9tresse Easydriver Flashlight - Bantam Wankm\u00fcller SA","isPartOf":{"@id":"https:\/\/shop.bantam.ch\/fr\/#website"},"primaryImageOfPage":{"@id":"https:\/\/shop.bantam.ch\/fr\/produit\/dispositif-de-feux-de-detresse-flashlight\/#primaryimage"},"image":{"@id":"https:\/\/shop.bantam.ch\/fr\/produit\/dispositif-de-feux-de-detresse-flashlight\/#primaryimage"},"thumbnailUrl":"https:\/\/shop.bantam.ch\/wp-content\/uploads\/2023\/02\/995382611.jpg","datePublished":"2023-02-27T23:01:58+00:00","dateModified":"2026-04-17T19:17:56+00:00","breadcrumb":{"@id":"https:\/\/shop.bantam.ch\/fr\/produit\/dispositif-de-feux-de-detresse-flashlight\/#breadcrumb"},"inLanguage":"fr-FR","potentialAction":[{"@type":"ReadAction","target":["https:\/\/shop.bantam.ch\/fr\/produit\/dispositif-de-feux-de-detresse-flashlight\/"]}]},{"@type":"ImageObject","inLanguage":"fr-FR","@id":"https:\/\/shop.bantam.ch\/fr\/produit\/dispositif-de-feux-de-detresse-flashlight\/#primaryimage","url":"https:\/\/shop.bantam.ch\/wp-content\/uploads\/2023\/02\/995382611.jpg","contentUrl":"https:\/\/shop.bantam.ch\/wp-content\/uploads\/2023\/02\/995382611.jpg","width":1000,"height":657},{"@type":"BreadcrumbList","@id":"https:\/\/shop.bantam.ch\/fr\/produit\/dispositif-de-feux-de-detresse-flashlight\/#breadcrumb","itemListElement":[{"@type":"ListItem","position":1,"name":"Accueil","item":"https:\/\/shop.bantam.ch\/fr\/"},{"@type":"ListItem","position":2,"name":"Boutique","item":"https:\/\/shop.bantam.ch\/fr\/boutique\/"},{"@type":"ListItem","position":3,"name":"Disp. feux d\u00e9tresse Easydriver Flashlight"}]},{"@type":"WebSite","@id":"https:\/\/shop.bantam.ch\/fr\/#website","url":"https:\/\/shop.bantam.ch\/fr\/","name":"Bantam Wankm\u00fcller SA","description":"","publisher":{"@id":"https:\/\/shop.bantam.ch\/fr\/#organization"},"inLanguage":"fr-FR"},{"@type":"Organization","@id":"https:\/\/shop.bantam.ch\/fr\/#organization","name":"Bantam Wankm\u00fcller SA","url":"https:\/\/shop.bantam.ch\/fr\/","logo":{"@type":"ImageObject","inLanguage":"fr-FR","@id":"https:\/\/shop.bantam.ch\/fr\/#\/schema\/logo\/image\/","url":"https:\/\/shop.bantam.ch\/wp-content\/uploads\/2022\/12\/bantam-logo.png","contentUrl":"https:\/\/shop.bantam.ch\/wp-content\/uploads\/2022\/12\/bantam-logo.png","width":320,"height":71,"caption":"Bantam Wankm\u00fcller SA"},"image":{"@id":"https:\/\/shop.bantam.ch\/fr\/#\/schema\/logo\/image\/"}}]}},"_links":{"self":[{"href":"https:\/\/shop.bantam.ch\/fr\/wp-json\/wp\/v2\/product\/74471","targetHints":{"allow":["GET"]}}],"collection":[{"href":"https:\/\/shop.bantam.ch\/fr\/wp-json\/wp\/v2\/product"}],"about":[{"href":"https:\/\/shop.bantam.ch\/fr\/wp-json\/wp\/v2\/types\/product"}],"wp:featuredmedia":[{"embeddable":true,"href":"https:\/\/shop.bantam.ch\/fr\/wp-json\/wp\/v2\/media\/74467"}],"wp:attachment":[{"href":"https:\/\/shop.bantam.ch\/fr\/wp-json\/wp\/v2\/media?parent=74471"}],"wp:term":[{"taxonomy":"product_featured_cat","embeddable":true,"href":"https:\/\/shop.bantam.ch\/fr\/wp-json\/wp\/v2\/product_featured_cat?post=74471"},{"taxonomy":"product_brand","embeddable":true,"href":"https:\/\/shop.bantam.ch\/fr\/wp-json\/wp\/v2\/product_brand?post=74471"},{"taxonomy":"product_cat","embeddable":true,"href":"https:\/\/shop.bantam.ch\/fr\/wp-json\/wp\/v2\/product_cat?post=74471"},{"taxonomy":"product_tag","embeddable":true,"href":"https:\/\/shop.bantam.ch\/fr\/wp-json\/wp\/v2\/product_tag?post=74471"}],"curies":[{"name":"wp","href":"https:\/\/api.w.org\/{rel}","templated":true}]}}